{"id":18731,"date":"2025-10-09T10:39:53","date_gmt":"2025-10-09T08:39:53","guid":{"rendered":"https:\/\/internationaleducationcenters.de\/vale-de-activacion-y-colocacion-avgs\/"},"modified":"2025-11-03T13:24:42","modified_gmt":"2025-11-03T12:24:42","slug":"vale-de-activacion-y-colocacion-avgs","status":"publish","type":"page","link":"https:\/\/internationaleducationcenters.de\/es\/vale-de-activacion-y-colocacion-avgs\/","title":{"rendered":"Vale de activaci\u00f3n y colocaci\u00f3n (AVGS)"},"content":{"rendered":"\t\t<div data-elementor-type=\"wp-page\" data-elementor-id=\"18731\" class=\"elementor elementor-18731 elementor-15352\" data-elementor-post-type=\"page\">\n\t\t\t\t<div class=\"elementor-element elementor-element-be8be0d e-flex e-con-boxed e-con e-parent\" data-id=\"be8be0d\" data-element_type=\"container\" data-e-type=\"container\" data-settings=\"{&quot;background_background&quot;:&quot;classic&quot;}\">\n\t\t\t\t\t<div class=\"e-con-inner\">\n\t\t\t\t\t<\/div>\n\t\t\t\t<\/div>\n\t\t<div class=\"elementor-element elementor-element-54e39c2 e-flex e-con-boxed e-con e-parent\" data-id=\"54e39c2\" data-element_type=\"container\" data-e-type=\"container\">\n\t\t\t\t\t<div class=\"e-con-inner\">\n\t\t\t\t<div class=\"elementor-element elementor-element-8c614d4 elementor-widget elementor-widget-spacer\" data-id=\"8c614d4\" data-element_type=\"widget\" data-e-type=\"widget\" data-widget_type=\"spacer.default\">\n\t\t\t\t<div class=\"elementor-widget-container\">\n\t\t\t\t\t\t\t<div class=\"elementor-spacer\">\n\t\t\t<div class=\"elementor-spacer-inner\"><\/div>\n\t\t<\/div>\n\t\t\t\t\t\t<\/div>\n\t\t\t\t<\/div>\n\t\t\t\t<div class=\"elementor-element elementor-element-dcee13f elementor-widget elementor-widget-heading\" data-id=\"dcee13f\" data-element_type=\"widget\" data-e-type=\"widget\" data-widget_type=\"heading.default\">\n\t\t\t\t<div class=\"elementor-widget-container\">\n\t\t\t\t\t<h2 class=\"elementor-heading-title elementor-size-default\">Bono de activaci\u00f3n y colocaci\u00f3n (AVGS) <br> Tu camino hacia un nuevo empleo  <\/h2>\t\t\t\t<\/div>\n\t\t\t\t<\/div>\n\t\t\t\t<div class=\"elementor-element elementor-element-8313485 elementor-widget elementor-widget-heading\" data-id=\"8313485\" data-element_type=\"widget\" data-e-type=\"widget\" data-widget_type=\"heading.default\">\n\t\t\t\t<div class=\"elementor-widget-container\">\n\t\t\t\t\t<h3 class=\"elementor-heading-title elementor-size-default\">Formaci\u00f3n continua o coaching gratuitos - con el IEC a tu lado  <\/h3>\t\t\t\t<\/div>\n\t\t\t\t<\/div>\n\t\t\t\t<div class=\"elementor-element elementor-element-01abcbb elementor-widget elementor-widget-text-editor\" data-id=\"01abcbb\" data-element_type=\"widget\" data-e-type=\"widget\" data-widget_type=\"text-editor.default\">\n\t\t\t\t<div class=\"elementor-widget-container\">\n\t\t\t\t\t\t\t\t\t<p><span data-contrast=\"auto\">El Bono de Activaci\u00f3n y Colocaci\u00f3n (AVGS) es una medida de apoyo estatal de acuerdo con \u00a7<\/span><span data-contrast=\"auto\"><\/span><span data-contrast=\"auto\">45 SGB III, que te abre nuevas perspectivas profesionales, sin coste alguno para ti. Si eres demandante de empleo o est\u00e1s en paro, en general tienes derecho a la AVGS. Esto te permite  <\/span><span data-ccp-props=\"{}\"> <\/span><\/p><p> <\/p><ul><li aria-setsize=\"-1\" data-leveltext=\"\uf0b7\" data-font=\"Symbol\" data-listid=\"1\" data-list-defn-props=\"{\"335552541\":1,\"335559685\":720,\"335559991\":360,\"469769226\":\"Symbol\",\"469769242\":[8226],\"469777803\":\"left\",\"469777804\":\"\uf0b7\",\"469777815\":\"multilevel\"}\" data-aria-posinset=\"1\" data-aria-level=\"1\"><span data-contrast=\"auto\">completar un programa de coaching individual (por ejemplo<\/span><span data-contrast=\"auto\"><span data-contrast=\"auto\">por ejemplo, formaci\u00f3n para la solicitud de empleo, planificaci\u00f3n de la carrera profesional)<\/span><\/span><span data-ccp-props=\"{}\"> <\/span><\/li><li aria-setsize=\"-1\" data-leveltext=\"\uf0b7\" data-font=\"Symbol\" data-listid=\"1\" data-list-defn-props=\"{\"335552541\":1,\"335559685\":720,\"335559991\":360,\"469769226\":\"Symbol\",\"469769242\":[8226],\"469777803\":\"left\",\"469777804\":\"\uf0b7\",\"469777815\":\"multilevel\"}\" data-aria-posinset=\"2\" data-aria-level=\"1\"><span data-contrast=\"auto\">Iniciar la formaci\u00f3n continua para adquirir nuevos conocimientos<\/span><span data-ccp-props=\"{}\"> <\/span><\/li><\/ul><p><span data-contrast=\"auto\">\ud83d\udc49<\/span><span data-contrast=\"auto\"> Y lo mejor es que en el CEI no s\u00f3lo recibes el programa, sino tambi\u00e9n asesoramiento personal, apoyo real y un equipo motivado que te acompa\u00f1ar\u00e1 durante todo el camino hasta tu objetivo.<\/span><span data-ccp-props=\"{}\"> <\/span><\/p>\t\t\t\t\t\t\t\t<\/div>\n\t\t\t\t<\/div>\n\t\t\t\t\t<\/div>\n\t\t\t\t<\/div>\n\t\t<div class=\"elementor-element elementor-element-542604a e-flex e-con-boxed e-con e-parent\" data-id=\"542604a\" data-element_type=\"container\" data-e-type=\"container\">\n\t\t\t\t\t<div class=\"e-con-inner\">\n\t\t\t\t<div class=\"elementor-element elementor-element-1933fa6 elementor-widget elementor-widget-heading\" data-id=\"1933fa6\" data-element_type=\"widget\" data-e-type=\"widget\" data-widget_type=\"heading.default\">\n\t\t\t\t<div class=\"elementor-widget-container\">\n\t\t\t\t\t<h4 class=\"elementor-heading-title elementor-size-default\">  \u00bfPor qu\u00e9 IEC? Porque ofrecemos m\u00e1s. <\/h4>\t\t\t\t<\/div>\n\t\t\t\t<\/div>\n\t\t\t\t<div class=\"elementor-element elementor-element-ed71bf6 elementor-icon-list--layout-traditional elementor-list-item-link-full_width elementor-widget elementor-widget-icon-list\" data-id=\"ed71bf6\" data-element_type=\"widget\" data-e-type=\"widget\" data-widget_type=\"icon-list.default\">\n\t\t\t\t<div class=\"elementor-widget-container\">\n\t\t\t\t\t\t\t<ul class=\"elementor-icon-list-items\">\n\t\t\t\t\t\t\t<li class=\"elementor-icon-list-item\">\n\t\t\t\t\t\t\t\t\t\t\t<span class=\"elementor-icon-list-icon\">\n\t\t\t\t\t\t\t<svg aria-hidden=\"true\" class=\"e-font-icon-svg e-fas-check\" viewBox=\"0 0 512 512\" xmlns=\"http:\/\/www.w3.org\/2000\/svg\"><path d=\"M173.898 439.404l-166.4-166.4c-9.997-9.997-9.997-26.206 0-36.204l36.203-36.204c9.997-9.998 26.207-9.998 36.204 0L192 312.69 432.095 72.596c9.997-9.997 26.207-9.997 36.204 0l36.203 36.204c9.997 9.997 9.997 26.206 0 36.204l-294.4 294.401c-9.998 9.997-26.207 9.997-36.204-.001z\"><\/path><\/svg>\t\t\t\t\t\t<\/span>\n\t\t\t\t\t\t\t\t\t\t<span class=\"elementor-icon-list-text\">  Asesoramiento gratuito sobre financiaci\u00f3n - multiling\u00fce e individual<\/span>\n\t\t\t\t\t\t\t\t\t<\/li>\n\t\t\t\t\t\t\t\t<li class=\"elementor-icon-list-item\">\n\t\t\t\t\t\t\t\t\t\t\t<span class=\"elementor-icon-list-icon\">\n\t\t\t\t\t\t\t<svg aria-hidden=\"true\" class=\"e-font-icon-svg e-fas-check\" viewBox=\"0 0 512 512\" xmlns=\"http:\/\/www.w3.org\/2000\/svg\"><path d=\"M173.898 439.404l-166.4-166.4c-9.997-9.997-9.997-26.206 0-36.204l36.203-36.204c9.997-9.998 26.207-9.998 36.204 0L192 312.69 432.095 72.596c9.997-9.997 26.207-9.997 36.204 0l36.203 36.204c9.997 9.997 9.997 26.206 0 36.204l-294.4 294.401c-9.998 9.997-26.207 9.997-36.204-.001z\"><\/path><\/svg>\t\t\t\t\t\t<\/span>\n\t\t\t\t\t\t\t\t\t\t<span class=\"elementor-icon-list-text\">Medidas AVGS certificadas - listas para empezar inmediatamente<\/span>\n\t\t\t\t\t\t\t\t\t<\/li>\n\t\t\t\t\t\t\t\t<li class=\"elementor-icon-list-item\">\n\t\t\t\t\t\t\t\t\t\t\t<span class=\"elementor-icon-list-icon\">\n\t\t\t\t\t\t\t<svg aria-hidden=\"true\" class=\"e-font-icon-svg e-fas-check\" viewBox=\"0 0 512 512\" xmlns=\"http:\/\/www.w3.org\/2000\/svg\"><path d=\"M173.898 439.404l-166.4-166.4c-9.997-9.997-9.997-26.206 0-36.204l36.203-36.204c9.997-9.998 26.207-9.998 36.204 0L192 312.69 432.095 72.596c9.997-9.997 26.207-9.997 36.204 0l36.203 36.204c9.997 9.997 9.997 26.206 0 36.204l-294.4 294.401c-9.998 9.997-26.207 9.997-36.204-.001z\"><\/path><\/svg>\t\t\t\t\t\t<\/span>\n\t\t\t\t\t\t\t\t\t\t<span class=\"elementor-icon-list-text\">Asignaci\u00f3n r\u00e1pida de citas, sin largos tiempos de espera<\/span>\n\t\t\t\t\t\t\t\t\t<\/li>\n\t\t\t\t\t\t\t\t<li class=\"elementor-icon-list-item\">\n\t\t\t\t\t\t\t\t\t\t\t<span class=\"elementor-icon-list-icon\">\n\t\t\t\t\t\t\t<svg aria-hidden=\"true\" class=\"e-font-icon-svg e-fas-check\" viewBox=\"0 0 512 512\" xmlns=\"http:\/\/www.w3.org\/2000\/svg\"><path d=\"M173.898 439.404l-166.4-166.4c-9.997-9.997-9.997-26.206 0-36.204l36.203-36.204c9.997-9.998 26.207-9.998 36.204 0L192 312.69 432.095 72.596c9.997-9.997 26.207-9.997 36.204 0l36.203 36.204c9.997 9.997 9.997 26.206 0 36.204l-294.4 294.401c-9.998 9.997-26.207 9.997-36.204-.001z\"><\/path><\/svg>\t\t\t\t\t\t<\/span>\n\t\t\t\t\t\t\t\t\t\t<span class=\"elementor-icon-list-text\">Online y presencialmente posible - flexible para tu vida diaria<\/span>\n\t\t\t\t\t\t\t\t\t<\/li>\n\t\t\t\t\t\t\t\t<li class=\"elementor-icon-list-item\">\n\t\t\t\t\t\t\t\t\t\t\t<span class=\"elementor-icon-list-icon\">\n\t\t\t\t\t\t\t<svg aria-hidden=\"true\" class=\"e-font-icon-svg e-fas-check\" viewBox=\"0 0 512 512\" xmlns=\"http:\/\/www.w3.org\/2000\/svg\"><path d=\"M173.898 439.404l-166.4-166.4c-9.997-9.997-9.997-26.206 0-36.204l36.203-36.204c9.997-9.998 26.207-9.998 36.204 0L192 312.69 432.095 72.596c9.997-9.997 26.207-9.997 36.204 0l36.203 36.204c9.997 9.997 9.997 26.206 0 36.204l-294.4 294.401c-9.998 9.997-26.207 9.997-36.204-.001z\"><\/path><\/svg>\t\t\t\t\t\t<\/span>\n\t\t\t\t\t\t\t\t\t\t<span class=\"elementor-icon-list-text\">Nos encargamos de todo: solicitud, medidas, asistencia<\/span>\n\t\t\t\t\t\t\t\t\t<\/li>\n\t\t\t\t\t\t<\/ul>\n\t\t\t\t\t\t<\/div>\n\t\t\t\t<\/div>\n\t\t\t\t\t<\/div>\n\t\t\t\t<\/div>\n\t\t<div class=\"elementor-element elementor-element-5904175 e-flex e-con-boxed e-con e-parent\" data-id=\"5904175\" data-element_type=\"container\" data-e-type=\"container\">\n\t\t\t\t\t<div class=\"e-con-inner\">\n\t\t\t\t<div class=\"elementor-element elementor-element-cbf1196 elementor-widget elementor-widget-heading\" data-id=\"cbf1196\" data-element_type=\"widget\" data-e-type=\"widget\" data-widget_type=\"heading.default\">\n\t\t\t\t<div class=\"elementor-widget-container\">\n\t\t\t\t\t<h4 class=\"elementor-heading-title elementor-size-default\">Solicitar y canjear AVGS: c\u00f3mo funciona  <\/h4>\t\t\t\t<\/div>\n\t\t\t\t<\/div>\n\t\t\t\t<div class=\"elementor-element elementor-element-114972e elementor-widget elementor-widget-text-editor\" data-id=\"114972e\" data-element_type=\"widget\" data-e-type=\"widget\" data-widget_type=\"text-editor.default\">\n\t\t\t\t<div class=\"elementor-widget-container\">\n\t\t\t\t\t\t\t\t\t<p><span class=\"TextRun SCXW239263356 BCX8\" lang=\"DE-DE\" data-contrast=\"auto\"><span class=\"NormalTextRun SCXW239263356 BCX8\">Con el <\/span><\/span><span class=\"TextRun SCXW239263356 BCX8\" lang=\"DE-DE\" data-contrast=\"auto\"><span class=\"NormalTextRun SCXW239263356 BCX8\">Vale de Activaci\u00f3n y Colocaci\u00f3n (AVGS)<\/span><\/span><span class=\"TextRun SCXW239263356 BCX8\" lang=\"DE-DE\" xml:lang=\"DE-DE\" data-contrast=\"auto\"><span class=\"NormalTextRun SCXW239263356 BCX8\">  puedes completar el entrenamiento o la formaci\u00f3n continua de forma totalmente gratuita, financiada por la oficina de empleo o la agencia de colocaci\u00f3n. As\u00ed de sencillo: <\/span><\/span><span class=\"EOP SCXW239263356 BCX8\" data-ccp-props=\"{}\"> <\/span><\/p>\t\t\t\t\t\t\t\t<\/div>\n\t\t\t\t<\/div>\n\t\t\t\t<div class=\"elementor-element elementor-element-d463c86 elementor-widget elementor-widget-text-editor\" data-id=\"d463c86\" data-element_type=\"widget\" data-e-type=\"widget\" data-widget_type=\"text-editor.default\">\n\t\t\t\t<div class=\"elementor-widget-container\">\n\t\t\t\t\t\t\t\t\t<ol><li><b><span data-contrast=\"auto\">  Selecciona la medida<\/span><\/b><\/li><\/ol><p> <i><span data-contrast=\"auto\">Imagen estilizada de una lupa<\/span><\/i><span data-ccp-props=\"{}\"> <\/span><\/p><p><span data-contrast=\"auto\">Aqu\u00ed puedes elegir el programa adecuado de coaching AVGS o de formaci\u00f3n continua AVGS. Estaremos encantados de asesorarte personalmente y ayudarte a encontrar el programa adecuado para tu situaci\u00f3n profesional. <\/span> <br><span data-contrast=\"auto\">\ud83d\udc49<\/span><span data-contrast=\"auto\"> Encuentra una medida ahora<\/span><span data-ccp-props=\"{}\"> <\/span><\/p><p><span data-ccp-props=\"{}\"> <\/span><\/p><p><b><span data-contrast=\"auto\">  2. solicitar el AVGS<\/span><\/b><span data-ccp-props=\"{}\"> <\/span><\/p><p> <i><span data-contrast=\"auto\">Imagen estilizada de un papel y un bol\u00edgrafo<\/span><\/i><span data-ccp-props=\"{}\"> <\/span><\/p><p><span data-contrast=\"auto\">Puedes solicitar el bono f\u00e1cilmente por Internet o en persona en la oficina de empleo. S\u00f3lo tienes que presentar tu   <\/span><b><span data-contrast=\"auto\">n\u00famero de cliente<\/span><\/b><span data-contrast=\"auto\"> y la <\/span><b><span data-contrast=\"auto\">fecha de tu paro<\/span><\/b><span data-contrast=\"auto\"> listo.<\/span> <br><span data-contrast=\"auto\">\ud83d\udc49<\/span><span data-contrast=\"auto\"> Solicitar AVGS ahora <\/span> <\/p><p><span data-ccp-props=\"{}\"> <\/span><\/p><p><b><span data-contrast=\"auto\">3. canjear AVGS e iniciar curso<\/span><\/b><span data-ccp-props=\"{}\"> <\/span><\/p><p><span data-contrast=\"auto\">\ud83d\udcf7<\/span> <i><span data-contrast=\"auto\">Imagen estilizada de un profesor delante de una pizarra<\/span><\/i><span data-ccp-props=\"{}\"> <\/span><\/p><p><span data-contrast=\"auto\">En cuanto tengas el vale, podr\u00e1s canjearlo con nosotros. A continuaci\u00f3n, nuestros cursos y sesiones de coaching   <\/span><b><span data-contrast=\"auto\">gratis para ti<\/span><\/b><span data-contrast=\"auto\"> &#8211; los gastos corren a cargo de la oficina de empleo.<\/span> <br><span data-contrast=\"auto\">\ud83d\udc49<\/span><span data-contrast=\"auto\"> Comienza el curso<\/span><span data-ccp-props=\"{}\"> <\/span><\/p><p><span data-ccp-props=\"{}\"> <\/span><\/p><p><b><span data-contrast=\"auto\">  \u00bfTodav\u00eda tienes preguntas? \u00a1Estaremos encantados de asesorarte! <\/span><\/b><span data-ccp-props=\"{}\"> <\/span><\/p><p><span data-contrast=\"auto\">Nuestro equipo te ayudar\u00e1 en cada paso del camino, desde la selecci\u00f3n hasta el canje.<\/span> <br><span data-contrast=\"auto\">\ud83d\udc49<\/span><span data-contrast=\"auto\"> Concertar una cita de consulta<\/span><\/p>\t\t\t\t\t\t\t\t<\/div>\n\t\t\t\t<\/div>\n\t\t\t\t\t<\/div>\n\t\t\t\t<\/div>\n\t\t<div class=\"elementor-element elementor-element-1811af4 e-flex e-con-boxed e-con e-parent\" data-id=\"1811af4\" data-element_type=\"container\" data-e-type=\"container\">\n\t\t\t\t\t<div class=\"e-con-inner\">\n\t\t\t\t<div class=\"elementor-element elementor-element-3426478 elementor-widget elementor-widget-heading\" data-id=\"3426478\" data-element_type=\"widget\" data-e-type=\"widget\" data-widget_type=\"heading.default\">\n\t\t\t\t<div class=\"elementor-widget-container\">\n\t\t\t\t\t<h4 class=\"elementor-heading-title elementor-size-default\">Todos los cursos con bono de activaci\u00f3n y colocaci\u00f3n (AVGS).  <\/h4>\t\t\t\t<\/div>\n\t\t\t\t<\/div>\n\t\t\t\t<div class=\"elementor-element elementor-element-ee93287 elementor-align-center elementor-widget elementor-widget-button\" data-id=\"ee93287\" data-element_type=\"widget\" data-e-type=\"widget\" data-widget_type=\"button.default\">\n\t\t\t\t<div class=\"elementor-widget-container\">\n\t\t\t\t\t\t\t\t\t<div class=\"elementor-button-wrapper\">\n\t\t\t\t\t<a class=\"elementor-button elementor-button-link elementor-size-sm\" href=\"https:\/\/internationaleducationcenters.de\/es\/formacion-continua\/\" target=\"_blank\">\n\t\t\t\t\t\t<span class=\"elementor-button-content-wrapper\">\n\t\t\t\t\t\t\t\t\t<span class=\"elementor-button-text\">\u00a1Encuentra un curso aqu\u00ed!<\/span>\n\t\t\t\t\t<\/span>\n\t\t\t\t\t<\/a>\n\t\t\t\t<\/div>\n\t\t\t\t\t\t\t\t<\/div>\n\t\t\t\t<\/div>\n\t\t\t\t\t<\/div>\n\t\t\t\t<\/div>\n\t\t\t\t<\/div>\n\t\t","protected":false},"excerpt":{"rendered":"<p>Bono de activaci\u00f3n y colocaci\u00f3n (AVGS) Tu camino hacia un nuevo empleo Formaci\u00f3n continua o coaching gratuitos &#8211; con el IEC a tu lado El Bono de Activaci\u00f3n y Colocaci\u00f3n (AVGS) es una medida de apoyo estatal de acuerdo con \u00a745 SGB III, que te abre nuevas perspectivas profesionales, sin coste alguno para ti. Si [&hellip;]<\/p>\n","protected":false},"author":77,"featured_media":0,"parent":0,"menu_order":0,"comment_status":"closed","ping_status":"closed","template":"","meta":{"_acf_changed":false,"footnotes":""},"class_list":["post-18731","page","type-page","status-publish","hentry"],"acf":[],"yoast_head":"<!-- This site is optimized with the Yoast SEO Premium plugin v25.9 (Yoast SEO v26.9) - https:\/\/yoast.com\/product\/yoast-seo-premium-wordpress\/ -->\n<title>Vale de activaci\u00f3n y colocaci\u00f3n (AVGS) - International Education Centers<\/title>\n<meta name=\"description\" content=\"Utiliza tu vale de activaci\u00f3n y colocaci\u00f3n (AVGS) en Wuppertal para recibir asesoramiento individual y formaci\u00f3n sobre solicitudes de empleo en el IEC\" \/>\n<meta name=\"robots\" content=\"index, follow, max-snippet:-1, max-image-preview:large, max-video-preview:-1\" \/>\n<link rel=\"canonical\" href=\"https:\/\/internationaleducationcenters.de\/es\/vale-de-activacion-y-colocacion-avgs\/\" \/>\n<meta property=\"og:locale\" content=\"es_ES\" \/>\n<meta property=\"og:type\" content=\"article\" \/>\n<meta property=\"og:title\" content=\"Vale de activaci\u00f3n y colocaci\u00f3n (AVGS)\" \/>\n<meta property=\"og:description\" content=\"Utiliza tu vale de activaci\u00f3n y colocaci\u00f3n (AVGS) en Wuppertal para recibir asesoramiento individual y formaci\u00f3n sobre solicitudes de empleo en el IEC\" \/>\n<meta property=\"og:url\" content=\"https:\/\/internationaleducationcenters.de\/es\/vale-de-activacion-y-colocacion-avgs\/\" \/>\n<meta property=\"og:site_name\" content=\"International Education Centers\" \/>\n<meta property=\"article:publisher\" content=\"https:\/\/www.facebook.com\/InternationalEducationCenters\/\" \/>\n<meta property=\"article:modified_time\" content=\"2025-11-03T12:24:42+00:00\" \/>\n<meta name=\"twitter:card\" content=\"summary_large_image\" \/>\n<meta name=\"twitter:label1\" content=\"Tiempo de lectura\" \/>\n\t<meta name=\"twitter:data1\" content=\"2 minutos\" \/>\n<script type=\"application\/ld+json\" class=\"yoast-schema-graph\">{\"@context\":\"https:\/\/schema.org\",\"@graph\":[{\"@type\":\"WebPage\",\"@id\":\"https:\/\/internationaleducationcenters.de\/es\/vale-de-activacion-y-colocacion-avgs\/\",\"url\":\"https:\/\/internationaleducationcenters.de\/es\/vale-de-activacion-y-colocacion-avgs\/\",\"name\":\"Vale de activaci\u00f3n y colocaci\u00f3n (AVGS) - International Education Centers\",\"isPartOf\":{\"@id\":\"https:\/\/internationaleducationcenters.de\/es\/#website\"},\"datePublished\":\"2025-10-09T08:39:53+00:00\",\"dateModified\":\"2025-11-03T12:24:42+00:00\",\"description\":\"Utiliza tu vale de activaci\u00f3n y colocaci\u00f3n (AVGS) en Wuppertal para recibir asesoramiento individual y formaci\u00f3n sobre solicitudes de empleo en el IEC\",\"breadcrumb\":{\"@id\":\"https:\/\/internationaleducationcenters.de\/es\/vale-de-activacion-y-colocacion-avgs\/#breadcrumb\"},\"inLanguage\":\"es\",\"potentialAction\":[{\"@type\":\"ReadAction\",\"target\":[\"https:\/\/internationaleducationcenters.de\/es\/vale-de-activacion-y-colocacion-avgs\/\"]}]},{\"@type\":\"BreadcrumbList\",\"@id\":\"https:\/\/internationaleducationcenters.de\/es\/vale-de-activacion-y-colocacion-avgs\/#breadcrumb\",\"itemListElement\":[{\"@type\":\"ListItem\",\"position\":1,\"name\":\"Home\",\"item\":\"https:\/\/internationaleducationcenters.de\/es\/\"},{\"@type\":\"ListItem\",\"position\":2,\"name\":\"Vale de activaci\u00f3n y colocaci\u00f3n (AVGS)\"}]},{\"@type\":\"WebSite\",\"@id\":\"https:\/\/internationaleducationcenters.de\/es\/#website\",\"url\":\"https:\/\/internationaleducationcenters.de\/es\/\",\"name\":\"International Education Centers\",\"description\":\"\",\"publisher\":{\"@id\":\"https:\/\/internationaleducationcenters.de\/es\/#organization\"},\"potentialAction\":[{\"@type\":\"SearchAction\",\"target\":{\"@type\":\"EntryPoint\",\"urlTemplate\":\"https:\/\/internationaleducationcenters.de\/es\/?s={search_term_string}\"},\"query-input\":{\"@type\":\"PropertyValueSpecification\",\"valueRequired\":true,\"valueName\":\"search_term_string\"}}],\"inLanguage\":\"es\"},{\"@type\":\"Organization\",\"@id\":\"https:\/\/internationaleducationcenters.de\/es\/#organization\",\"name\":\"International Education Centers\",\"alternateName\":\"IEC\",\"url\":\"https:\/\/internationaleducationcenters.de\/es\/\",\"logo\":{\"@type\":\"ImageObject\",\"inLanguage\":\"es\",\"@id\":\"https:\/\/internationaleducationcenters.de\/es\/#\/schema\/logo\/image\/\",\"url\":\"https:\/\/internationaleducationcenters.de\/wp-content\/uploads\/2025\/08\/IEC_favicon-1.png\",\"contentUrl\":\"https:\/\/internationaleducationcenters.de\/wp-content\/uploads\/2025\/08\/IEC_favicon-1.png\",\"width\":512,\"height\":512,\"caption\":\"International Education Centers\"},\"image\":{\"@id\":\"https:\/\/internationaleducationcenters.de\/es\/#\/schema\/logo\/image\/\"},\"sameAs\":[\"https:\/\/www.facebook.com\/InternationalEducationCenters\/\"]}]}<\/script>\n<!-- \/ Yoast SEO Premium plugin. -->","yoast_head_json":{"title":"Vale de activaci\u00f3n y colocaci\u00f3n (AVGS) - International Education Centers","description":"Utiliza tu vale de activaci\u00f3n y colocaci\u00f3n (AVGS) en Wuppertal para recibir asesoramiento individual y formaci\u00f3n sobre solicitudes de empleo en el IEC","robots":{"index":"index","follow":"follow","max-snippet":"max-snippet:-1","max-image-preview":"max-image-preview:large","max-video-preview":"max-video-preview:-1"},"canonical":"https:\/\/internationaleducationcenters.de\/es\/vale-de-activacion-y-colocacion-avgs\/","og_locale":"es_ES","og_type":"article","og_title":"Vale de activaci\u00f3n y colocaci\u00f3n (AVGS)","og_description":"Utiliza tu vale de activaci\u00f3n y colocaci\u00f3n (AVGS) en Wuppertal para recibir asesoramiento individual y formaci\u00f3n sobre solicitudes de empleo en el IEC","og_url":"https:\/\/internationaleducationcenters.de\/es\/vale-de-activacion-y-colocacion-avgs\/","og_site_name":"International Education Centers","article_publisher":"https:\/\/www.facebook.com\/InternationalEducationCenters\/","article_modified_time":"2025-11-03T12:24:42+00:00","twitter_card":"summary_large_image","twitter_misc":{"Tiempo de lectura":"2 minutos"},"schema":{"@context":"https:\/\/schema.org","@graph":[{"@type":"WebPage","@id":"https:\/\/internationaleducationcenters.de\/es\/vale-de-activacion-y-colocacion-avgs\/","url":"https:\/\/internationaleducationcenters.de\/es\/vale-de-activacion-y-colocacion-avgs\/","name":"Vale de activaci\u00f3n y colocaci\u00f3n (AVGS) - International Education Centers","isPartOf":{"@id":"https:\/\/internationaleducationcenters.de\/es\/#website"},"datePublished":"2025-10-09T08:39:53+00:00","dateModified":"2025-11-03T12:24:42+00:00","description":"Utiliza tu vale de activaci\u00f3n y colocaci\u00f3n (AVGS) en Wuppertal para recibir asesoramiento individual y formaci\u00f3n sobre solicitudes de empleo en el IEC","breadcrumb":{"@id":"https:\/\/internationaleducationcenters.de\/es\/vale-de-activacion-y-colocacion-avgs\/#breadcrumb"},"inLanguage":"es","potentialAction":[{"@type":"ReadAction","target":["https:\/\/internationaleducationcenters.de\/es\/vale-de-activacion-y-colocacion-avgs\/"]}]},{"@type":"BreadcrumbList","@id":"https:\/\/internationaleducationcenters.de\/es\/vale-de-activacion-y-colocacion-avgs\/#breadcrumb","itemListElement":[{"@type":"ListItem","position":1,"name":"Home","item":"https:\/\/internationaleducationcenters.de\/es\/"},{"@type":"ListItem","position":2,"name":"Vale de activaci\u00f3n y colocaci\u00f3n (AVGS)"}]},{"@type":"WebSite","@id":"https:\/\/internationaleducationcenters.de\/es\/#website","url":"https:\/\/internationaleducationcenters.de\/es\/","name":"International Education Centers","description":"","publisher":{"@id":"https:\/\/internationaleducationcenters.de\/es\/#organization"},"potentialAction":[{"@type":"SearchAction","target":{"@type":"EntryPoint","urlTemplate":"https:\/\/internationaleducationcenters.de\/es\/?s={search_term_string}"},"query-input":{"@type":"PropertyValueSpecification","valueRequired":true,"valueName":"search_term_string"}}],"inLanguage":"es"},{"@type":"Organization","@id":"https:\/\/internationaleducationcenters.de\/es\/#organization","name":"International Education Centers","alternateName":"IEC","url":"https:\/\/internationaleducationcenters.de\/es\/","logo":{"@type":"ImageObject","inLanguage":"es","@id":"https:\/\/internationaleducationcenters.de\/es\/#\/schema\/logo\/image\/","url":"https:\/\/internationaleducationcenters.de\/wp-content\/uploads\/2025\/08\/IEC_favicon-1.png","contentUrl":"https:\/\/internationaleducationcenters.de\/wp-content\/uploads\/2025\/08\/IEC_favicon-1.png","width":512,"height":512,"caption":"International Education Centers"},"image":{"@id":"https:\/\/internationaleducationcenters.de\/es\/#\/schema\/logo\/image\/"},"sameAs":["https:\/\/www.facebook.com\/InternationalEducationCenters\/"]}]}},"_links":{"self":[{"href":"https:\/\/internationaleducationcenters.de\/es\/wp-json\/wp\/v2\/pages\/18731","targetHints":{"allow":["GET"]}}],"collection":[{"href":"https:\/\/internationaleducationcenters.de\/es\/wp-json\/wp\/v2\/pages"}],"about":[{"href":"https:\/\/internationaleducationcenters.de\/es\/wp-json\/wp\/v2\/types\/page"}],"author":[{"embeddable":true,"href":"https:\/\/internationaleducationcenters.de\/es\/wp-json\/wp\/v2\/users\/77"}],"replies":[{"embeddable":true,"href":"https:\/\/internationaleducationcenters.de\/es\/wp-json\/wp\/v2\/comments?post=18731"}],"version-history":[{"count":1,"href":"https:\/\/internationaleducationcenters.de\/es\/wp-json\/wp\/v2\/pages\/18731\/revisions"}],"predecessor-version":[{"id":18733,"href":"https:\/\/internationaleducationcenters.de\/es\/wp-json\/wp\/v2\/pages\/18731\/revisions\/18733"}],"wp:attachment":[{"href":"https:\/\/internationaleducationcenters.de\/es\/wp-json\/wp\/v2\/media?parent=18731"}],"curies":[{"name":"wp","href":"https:\/\/api.w.org\/{rel}","templated":true}]}}