{"id":4701,"date":"2024-04-04T15:09:00","date_gmt":"2024-04-04T13:09:00","guid":{"rendered":"https:\/\/internationaleducationcenters.de\/pie-de-imprenta\/"},"modified":"2025-12-16T15:26:52","modified_gmt":"2025-12-16T14:26:52","slug":"pie-de-imprenta","status":"publish","type":"page","link":"https:\/\/internationaleducationcenters.de\/es\/pie-de-imprenta\/","title":{"rendered":"Pie de imprenta"},"content":{"rendered":"\t\t<div data-elementor-type=\"wp-page\" data-elementor-id=\"4701\" class=\"elementor elementor-4701 elementor-2333\" data-elementor-post-type=\"page\">\n\t\t\t\t<div class=\"elementor-element elementor-element-35332699 e-flex e-con-boxed e-con e-parent\" data-id=\"35332699\" data-element_type=\"container\" data-e-type=\"container\" data-settings=\"{&quot;background_background&quot;:&quot;gradient&quot;}\">\n\t\t\t\t\t<div class=\"e-con-inner\">\n\t\t\t\t\t<\/div>\n\t\t\t\t<\/div>\n\t\t<div class=\"elementor-element elementor-element-4273399a e-con-full e-flex e-con e-parent\" data-id=\"4273399a\" data-element_type=\"container\" data-e-type=\"container\">\n\t\t\t\t<div class=\"elementor-element elementor-element-6caf01ff elementor-widget elementor-widget-heading\" data-id=\"6caf01ff\" data-element_type=\"widget\" data-e-type=\"widget\" data-widget_type=\"heading.default\">\n\t\t\t\t<div class=\"elementor-widget-container\">\n\t\t\t\t\t<h2 class=\"elementor-heading-title elementor-size-default\">Tu huella  <\/h2>\t\t\t\t<\/div>\n\t\t\t\t<\/div>\n\t\t\t\t<div class=\"elementor-element elementor-element-7a535744 elementor-widget elementor-widget-text-editor\" data-id=\"7a535744\" data-element_type=\"widget\" data-e-type=\"widget\" data-widget_type=\"text-editor.default\">\n\t\t\t\t<div class=\"elementor-widget-container\">\n\t\t\t\t\t\t\t\t\t<p><span class=\"TextRun SCXW33094049 BCX8\" lang=\"DE-DE\" xml:lang=\"DE-DE\" data-contrast=\"auto\"><span class=\"NormalTextRun SCXW33094049 BCX8\" data-ccp-parastyle=\"Body Text\">A continuaci\u00f3n encontrar\u00e1s la informaci\u00f3n legalmente requerida sobre el proveedor de este sitio web.<\/span><\/span><span class=\"EOP SCXW33094049 BCX8\" data-ccp-props=\"{\"201341983\":0,\"335559737\":439,\"335559738\":283,\"335559740\":249}\"> <\/span><\/p><p><span data-contrast=\"auto\">IEC &#8211; International Education Centres GmbH Lise-Meitner Str.<\/span><span data-ccp-props=\"{\"201341983\":0,\"335559685\":400,\"335559737\":6066,\"335559738\":284,\"335559740\":249}\"> <\/span><\/p><p><span data-contrast=\"auto\">5-9<\/span><span data-ccp-props=\"{\"201341983\":1,\"335559685\":400,\"335559740\":239}\"> <\/span><\/p><p><span data-contrast=\"auto\">42119 Wuppertal<\/span><span data-ccp-props=\"{\"335559685\":400,\"335559738\":8}\"> <\/span><\/p><p><span data-ccp-props=\"{\"335559738\":17}\"> <\/span><\/p><p><span data-contrast=\"auto\">Registro mercantil: HRB 26351<\/span><span data-ccp-props=\"{\"201341983\":0,\"335559685\":400,\"335559737\":5529,\"335559738\":1,\"335559740\":249}\"> <\/span><\/p><p><span data-contrast=\"auto\">Tribunal de registro: Juzgado de Primera Instancia de Wuppertal<\/span><span data-ccp-props=\"{\"201341983\":0,\"335559685\":400,\"335559737\":5529,\"335559738\":1,\"335559740\":249}\"> <\/span><\/p><p><span data-ccp-props=\"{\"335559738\":6}\"> <\/span><\/p><p><b><span data-contrast=\"auto\">Representado por:<\/span><\/b><span data-ccp-props=\"{\"335559685\":400}\"> <\/span><\/p><p><span data-contrast=\"auto\">Dipl. La matem\u00e1tica empresarial Yasemin Sahin<\/span><span data-ccp-props=\"{\"201341983\":0,\"335559685\":400,\"335559737\":6436,\"335559738\":9,\"335559740\":249}\"> <\/span><\/p><p><span data-ccp-props=\"{\"335559738\":7}\"> <\/span><\/p><p aria-level=\"2\"><b><span data-contrast=\"auto\">Contacta con nosotros<\/span><\/b><span data-ccp-props=\"{\"335559685\":400}\"> <\/span><\/p><p><span data-contrast=\"auto\">Tel\u00e9fono: +49 (202) 261 58 77 0<\/span><span data-ccp-props=\"{\"335559685\":400,\"335559738\":263}\"> <\/span><\/p><p><span data-contrast=\"auto\">correo electr\u00f3nico: <\/span><a href=\"mailto:info@internationaleducationcenters.de\"><span data-contrast=\"auto\">info@internationaleducationcenters.de<\/span><\/a><span data-ccp-props=\"{\"335559685\":400,\"335559738\":8}\"> <\/span><\/p><p><span data-ccp-props=\"{\"335559738\":19}\"> <\/span><\/p><p aria-level=\"2\"><b><span data-contrast=\"auto\">N\u00famero de identificaci\u00f3n de la empresa<\/span><\/b><span data-ccp-props=\"{\"335559685\":400}\"> <\/span><\/p><p><span data-contrast=\"auto\">DE431184793<\/span><span data-ccp-props=\"{\"335559685\":400,\"335559738\":262}\"> <\/span><\/p><p><span data-ccp-props=\"{\"335559738\":19}\"> <\/span><\/p><p aria-level=\"2\"><b><span data-contrast=\"auto\">Resoluci\u00f3n de litigios de consumo\/centro de arbitraje universal<\/span><\/b><span data-ccp-props=\"{\"335559685\":400}\"> <\/span><\/p><p><span data-contrast=\"auto\">Participamos en un procedimiento de resoluci\u00f3n de litigios ante una junta de arbitraje de consumo. La junta de arbitraje universal del Zentrum f\u00fcr Schlichtung e.V., Stra\u00dfburger Stra\u00dfe 8, 77694 Kehl am Rhein ( <\/span><span data-ccp-props=\"{\"201341983\":0,\"335559685\":400,\"335559737\":439,\"335559738\":262,\"335559740\":249}\"> <\/span><\/p><p><a href=\"https:\/\/www.verbraucher-schlichter.de\/\"><span data-contrast=\"none\">https:\/\/www.verbraucher-schlichter.de<\/span><\/a><span data-contrast=\"auto\">).<\/span><span data-ccp-props=\"{\"201341983\":1,\"335559685\":400,\"335559740\":238}\"> <\/span><\/p><p><span data-ccp-props=\"{\"335559738\":19}\"> <\/span><\/p><p aria-level=\"2\"><b><span data-contrast=\"auto\">Punto de contacto central con arreglo a la Ley de Servicios Digitales &#8211; DSA (Reglamento (UE) 2022\/265)<\/span><\/b><span data-ccp-props=\"{\"201341983\":0,\"335559685\":400,\"335559740\":249}\"> <\/span><\/p><p><span data-contrast=\"auto\">Puedes ponerte en contacto con nuestro punto central de contacto para usuarios y autoridades de acuerdo con el Art. 11, 12 DSA de la siguiente manera: Correo electr\u00f3nico <\/span><a href=\"mailto:dataprivacy@internationaleducationcenters.de\"><span data-contrast=\"auto\">dataprivacy@internationaleducationcenters.de<\/span><\/a><span data-ccp-props=\"{\"201341983\":1,\"335559685\":400,\"335559737\":1229,\"335559738\":45,\"335559740\":500}\"> <\/span><\/p><p><span data-contrast=\"auto\">Tel\u00e9fono: +49 (202)261 58 770<\/span><span data-ccp-props=\"{\"201341983\":1,\"335559685\":400,\"335559740\":191}\"> <\/span><\/p><p><span data-contrast=\"auto\">5-9  <\/span><span data-ccp-props=\"{}\"> <\/span><\/p><p><span data-contrast=\"auto\">42119 Wuppertal  <\/span><span data-ccp-props=\"{}\"> <\/span><\/p><p><span data-contrast=\"auto\"> <\/span><span data-ccp-props=\"{}\"> <\/span><\/p><p><span data-contrast=\"auto\">Registro mercantil: HRB 26351  <\/span><span data-ccp-props=\"{}\"> <\/span><\/p><p><span data-contrast=\"auto\">Tribunal de registro: Juzgado de Primera Instancia de Wuppertal  <\/span><span data-ccp-props=\"{}\"> <\/span><\/p><p><span data-contrast=\"auto\"> <\/span><span data-ccp-props=\"{}\"> <\/span><\/p><p><span data-contrast=\"auto\">Representado por:  <\/span><span data-ccp-props=\"{}\"> <\/span><\/p><p><span data-contrast=\"auto\">Dipl. La matem\u00e1tica empresarial Yasemin Sahin  <\/span><span data-ccp-props=\"{}\"> <\/span><\/p><p><span data-contrast=\"auto\"> <\/span><span data-ccp-props=\"{}\"> <\/span><\/p><p><span data-contrast=\"auto\">Contacta con nosotros  <\/span><span data-ccp-props=\"{}\"> <\/span><\/p><p><span data-contrast=\"auto\">Tel\u00e9fono: +49 (202) 261 58 77 0  <\/span><span data-ccp-props=\"{}\"> <\/span><\/p><p><span data-contrast=\"auto\">Correo electr\u00f3nico: info@internationaleducationcenters.de  <\/span><span data-ccp-props=\"{}\"> <\/span><\/p><p><span data-contrast=\"auto\"> <\/span><span data-ccp-props=\"{}\"> <\/span><\/p><p><span data-contrast=\"auto\">N\u00famero de identificaci\u00f3n de la empresa  <\/span><span data-ccp-props=\"{}\"> <\/span><\/p><p><span data-contrast=\"auto\">DE431184793  <\/span><span data-ccp-props=\"{}\"> <\/span><\/p><p><span data-contrast=\"auto\"> <\/span><span data-ccp-props=\"{}\"> <\/span><\/p><p><span data-contrast=\"auto\">Resoluci\u00f3n de litigios en materia de consumo\/centro de arbitraje universal  <\/span><span data-ccp-props=\"{}\"> <\/span><\/p><p><span data-contrast=\"auto\">Participamos en un procedimiento de resoluci\u00f3n de litigios ante una junta de arbitraje de consumo. La junta de arbitraje universal del Zentrum f\u00fcr Schlichtung e.V., Stra\u00dfburger Stra\u00dfe 8, 77694 Kehl am Rhein (   <\/span><span data-ccp-props=\"{}\"> <\/span><\/p><p><span data-contrast=\"auto\">https:\/\/www.verbraucher-schlichter.de).\n <\/span><span data-ccp-props=\"{}\"> <\/span><\/p><p><span data-contrast=\"auto\"> <\/span><span data-ccp-props=\"{}\"> <\/span><\/p><p><span data-contrast=\"auto\">Punto de contacto central con arreglo a la Ley de Servicios Digitales &#8211; DSA (Reglamento (UE) 2022\/265)  <\/span><span data-ccp-props=\"{}\"> <\/span><\/p><p><span data-contrast=\"auto\">Puedes ponerte en contacto con nuestro punto central de contacto para usuarios y autoridades de acuerdo con el Art. 11, 12 DSA de la siguiente manera:<br>EMail:dataprivacy@internationaleducationcenters.de  <\/span><span data-ccp-props=\"{}\"> <\/span><\/p><p><span data-contrast=\"auto\">Tel\u00e9fono: +49 (202)261 58 770  <\/span><span data-ccp-props=\"{}\"> <\/span><\/p><p><span data-contrast=\"auto\"> <\/span><span data-ccp-props=\"{}\"> <\/span><\/p><p><span data-ccp-props=\"{\"201341983\":1,\"335559685\":400,\"335559740\":191}\"> <\/span><\/p>\t\t\t\t\t\t\t\t<\/div>\n\t\t\t\t<\/div>\n\t\t\t\t<\/div>\n\t\t\t\t<\/div>\n\t\t","protected":false},"excerpt":{"rendered":"<p>Tu huella A continuaci\u00f3n encontrar\u00e1s la informaci\u00f3n legalmente requerida sobre el proveedor de este sitio web. IEC &#8211; International Education Centres GmbH Lise-Meitner Str. 5-9 42119 Wuppertal Registro mercantil: HRB 26351 Tribunal de registro: Juzgado de Primera Instancia de Wuppertal Representado por: Dipl. La matem\u00e1tica empresarial Yasemin Sahin Contacta con nosotros Tel\u00e9fono: +49 (202) 261 [&hellip;]<\/p>\n","protected":false},"author":6,"featured_media":0,"parent":0,"menu_order":0,"comment_status":"closed","ping_status":"closed","template":"","meta":{"_acf_changed":false,"footnotes":""},"class_list":["post-4701","page","type-page","status-publish","hentry"],"acf":[],"yoast_head":"<!-- This site is optimized with the Yoast SEO Premium plugin v25.9 (Yoast SEO v26.9) - https:\/\/yoast.com\/product\/yoast-seo-premium-wordpress\/ -->\n<title>Pie de imprenta - International Education Centers<\/title>\n<meta name=\"description\" content=\"Descubre toda la informaci\u00f3n importante sobre el pie de imprenta de IEC-International Education Centres GmbH seg\u00fan el art\u00edculo 5 de la TMG.\" \/>\n<meta name=\"robots\" content=\"index, follow, max-snippet:-1, max-image-preview:large, max-video-preview:-1\" \/>\n<link rel=\"canonical\" href=\"https:\/\/internationaleducationcenters.de\/es\/pie-de-imprenta\/\" \/>\n<meta property=\"og:locale\" content=\"es_ES\" \/>\n<meta property=\"og:type\" content=\"article\" \/>\n<meta property=\"og:title\" content=\"Pie de imprenta\" \/>\n<meta property=\"og:description\" content=\"Descubre toda la informaci\u00f3n importante sobre el pie de imprenta de IEC-International Education Centres GmbH seg\u00fan el art\u00edculo 5 de la TMG.\" \/>\n<meta property=\"og:url\" content=\"https:\/\/internationaleducationcenters.de\/es\/pie-de-imprenta\/\" \/>\n<meta property=\"og:site_name\" content=\"International Education Centers\" \/>\n<meta property=\"article:publisher\" content=\"https:\/\/www.facebook.com\/InternationalEducationCenters\/\" \/>\n<meta property=\"article:modified_time\" content=\"2025-12-16T14:26:52+00:00\" \/>\n<meta name=\"twitter:card\" content=\"summary_large_image\" \/>\n<meta name=\"twitter:label1\" content=\"Tiempo de lectura\" \/>\n\t<meta name=\"twitter:data1\" content=\"2 minutos\" \/>\n<script type=\"application\/ld+json\" class=\"yoast-schema-graph\">{\"@context\":\"https:\/\/schema.org\",\"@graph\":[{\"@type\":\"WebPage\",\"@id\":\"https:\/\/internationaleducationcenters.de\/es\/pie-de-imprenta\/\",\"url\":\"https:\/\/internationaleducationcenters.de\/es\/pie-de-imprenta\/\",\"name\":\"Pie de imprenta - International Education Centers\",\"isPartOf\":{\"@id\":\"https:\/\/internationaleducationcenters.de\/es\/#website\"},\"datePublished\":\"2024-04-04T13:09:00+00:00\",\"dateModified\":\"2025-12-16T14:26:52+00:00\",\"description\":\"Descubre toda la informaci\u00f3n importante sobre el pie de imprenta de IEC-International Education Centres GmbH seg\u00fan el art\u00edculo 5 de la TMG.\",\"breadcrumb\":{\"@id\":\"https:\/\/internationaleducationcenters.de\/es\/pie-de-imprenta\/#breadcrumb\"},\"inLanguage\":\"es\",\"potentialAction\":[{\"@type\":\"ReadAction\",\"target\":[\"https:\/\/internationaleducationcenters.de\/es\/pie-de-imprenta\/\"]}]},{\"@type\":\"BreadcrumbList\",\"@id\":\"https:\/\/internationaleducationcenters.de\/es\/pie-de-imprenta\/#breadcrumb\",\"itemListElement\":[{\"@type\":\"ListItem\",\"position\":1,\"name\":\"Home\",\"item\":\"https:\/\/internationaleducationcenters.de\/es\/\"},{\"@type\":\"ListItem\",\"position\":2,\"name\":\"Pie de imprenta\"}]},{\"@type\":\"WebSite\",\"@id\":\"https:\/\/internationaleducationcenters.de\/es\/#website\",\"url\":\"https:\/\/internationaleducationcenters.de\/es\/\",\"name\":\"International Education Centers\",\"description\":\"\",\"publisher\":{\"@id\":\"https:\/\/internationaleducationcenters.de\/es\/#organization\"},\"potentialAction\":[{\"@type\":\"SearchAction\",\"target\":{\"@type\":\"EntryPoint\",\"urlTemplate\":\"https:\/\/internationaleducationcenters.de\/es\/?s={search_term_string}\"},\"query-input\":{\"@type\":\"PropertyValueSpecification\",\"valueRequired\":true,\"valueName\":\"search_term_string\"}}],\"inLanguage\":\"es\"},{\"@type\":\"Organization\",\"@id\":\"https:\/\/internationaleducationcenters.de\/es\/#organization\",\"name\":\"International Education Centers\",\"alternateName\":\"IEC\",\"url\":\"https:\/\/internationaleducationcenters.de\/es\/\",\"logo\":{\"@type\":\"ImageObject\",\"inLanguage\":\"es\",\"@id\":\"https:\/\/internationaleducationcenters.de\/es\/#\/schema\/logo\/image\/\",\"url\":\"https:\/\/internationaleducationcenters.de\/wp-content\/uploads\/2025\/08\/IEC_favicon-1.png\",\"contentUrl\":\"https:\/\/internationaleducationcenters.de\/wp-content\/uploads\/2025\/08\/IEC_favicon-1.png\",\"width\":512,\"height\":512,\"caption\":\"International Education Centers\"},\"image\":{\"@id\":\"https:\/\/internationaleducationcenters.de\/es\/#\/schema\/logo\/image\/\"},\"sameAs\":[\"https:\/\/www.facebook.com\/InternationalEducationCenters\/\"]}]}<\/script>\n<!-- \/ Yoast SEO Premium plugin. -->","yoast_head_json":{"title":"Pie de imprenta - International Education Centers","description":"Descubre toda la informaci\u00f3n importante sobre el pie de imprenta de IEC-International Education Centres GmbH seg\u00fan el art\u00edculo 5 de la TMG.","robots":{"index":"index","follow":"follow","max-snippet":"max-snippet:-1","max-image-preview":"max-image-preview:large","max-video-preview":"max-video-preview:-1"},"canonical":"https:\/\/internationaleducationcenters.de\/es\/pie-de-imprenta\/","og_locale":"es_ES","og_type":"article","og_title":"Pie de imprenta","og_description":"Descubre toda la informaci\u00f3n importante sobre el pie de imprenta de IEC-International Education Centres GmbH seg\u00fan el art\u00edculo 5 de la TMG.","og_url":"https:\/\/internationaleducationcenters.de\/es\/pie-de-imprenta\/","og_site_name":"International Education Centers","article_publisher":"https:\/\/www.facebook.com\/InternationalEducationCenters\/","article_modified_time":"2025-12-16T14:26:52+00:00","twitter_card":"summary_large_image","twitter_misc":{"Tiempo de lectura":"2 minutos"},"schema":{"@context":"https:\/\/schema.org","@graph":[{"@type":"WebPage","@id":"https:\/\/internationaleducationcenters.de\/es\/pie-de-imprenta\/","url":"https:\/\/internationaleducationcenters.de\/es\/pie-de-imprenta\/","name":"Pie de imprenta - International Education Centers","isPartOf":{"@id":"https:\/\/internationaleducationcenters.de\/es\/#website"},"datePublished":"2024-04-04T13:09:00+00:00","dateModified":"2025-12-16T14:26:52+00:00","description":"Descubre toda la informaci\u00f3n importante sobre el pie de imprenta de IEC-International Education Centres GmbH seg\u00fan el art\u00edculo 5 de la TMG.","breadcrumb":{"@id":"https:\/\/internationaleducationcenters.de\/es\/pie-de-imprenta\/#breadcrumb"},"inLanguage":"es","potentialAction":[{"@type":"ReadAction","target":["https:\/\/internationaleducationcenters.de\/es\/pie-de-imprenta\/"]}]},{"@type":"BreadcrumbList","@id":"https:\/\/internationaleducationcenters.de\/es\/pie-de-imprenta\/#breadcrumb","itemListElement":[{"@type":"ListItem","position":1,"name":"Home","item":"https:\/\/internationaleducationcenters.de\/es\/"},{"@type":"ListItem","position":2,"name":"Pie de imprenta"}]},{"@type":"WebSite","@id":"https:\/\/internationaleducationcenters.de\/es\/#website","url":"https:\/\/internationaleducationcenters.de\/es\/","name":"International Education Centers","description":"","publisher":{"@id":"https:\/\/internationaleducationcenters.de\/es\/#organization"},"potentialAction":[{"@type":"SearchAction","target":{"@type":"EntryPoint","urlTemplate":"https:\/\/internationaleducationcenters.de\/es\/?s={search_term_string}"},"query-input":{"@type":"PropertyValueSpecification","valueRequired":true,"valueName":"search_term_string"}}],"inLanguage":"es"},{"@type":"Organization","@id":"https:\/\/internationaleducationcenters.de\/es\/#organization","name":"International Education Centers","alternateName":"IEC","url":"https:\/\/internationaleducationcenters.de\/es\/","logo":{"@type":"ImageObject","inLanguage":"es","@id":"https:\/\/internationaleducationcenters.de\/es\/#\/schema\/logo\/image\/","url":"https:\/\/internationaleducationcenters.de\/wp-content\/uploads\/2025\/08\/IEC_favicon-1.png","contentUrl":"https:\/\/internationaleducationcenters.de\/wp-content\/uploads\/2025\/08\/IEC_favicon-1.png","width":512,"height":512,"caption":"International Education Centers"},"image":{"@id":"https:\/\/internationaleducationcenters.de\/es\/#\/schema\/logo\/image\/"},"sameAs":["https:\/\/www.facebook.com\/InternationalEducationCenters\/"]}]}},"_links":{"self":[{"href":"https:\/\/internationaleducationcenters.de\/es\/wp-json\/wp\/v2\/pages\/4701","targetHints":{"allow":["GET"]}}],"collection":[{"href":"https:\/\/internationaleducationcenters.de\/es\/wp-json\/wp\/v2\/pages"}],"about":[{"href":"https:\/\/internationaleducationcenters.de\/es\/wp-json\/wp\/v2\/types\/page"}],"author":[{"embeddable":true,"href":"https:\/\/internationaleducationcenters.de\/es\/wp-json\/wp\/v2\/users\/6"}],"replies":[{"embeddable":true,"href":"https:\/\/internationaleducationcenters.de\/es\/wp-json\/wp\/v2\/comments?post=4701"}],"version-history":[{"count":3,"href":"https:\/\/internationaleducationcenters.de\/es\/wp-json\/wp\/v2\/pages\/4701\/revisions"}],"predecessor-version":[{"id":23613,"href":"https:\/\/internationaleducationcenters.de\/es\/wp-json\/wp\/v2\/pages\/4701\/revisions\/23613"}],"wp:attachment":[{"href":"https:\/\/internationaleducationcenters.de\/es\/wp-json\/wp\/v2\/media?parent=4701"}],"curies":[{"name":"wp","href":"https:\/\/api.w.org\/{rel}","templated":true}]}}