{"id":4754,"date":"2024-04-23T10:16:10","date_gmt":"2024-04-23T08:16:10","guid":{"rendered":"https:\/\/internationaleducationcenters.de\/nuestra-mision\/"},"modified":"2025-12-16T15:24:49","modified_gmt":"2025-12-16T14:24:49","slug":"nuestra-mision","status":"publish","type":"page","link":"https:\/\/internationaleducationcenters.de\/es\/nuestra-mision\/","title":{"rendered":"Nuestra misi\u00f3n"},"content":{"rendered":"\t\t<div data-elementor-type=\"wp-page\" data-elementor-id=\"4754\" class=\"elementor elementor-4754 elementor-2385\" data-elementor-post-type=\"page\">\n\t\t\t\t<div class=\"elementor-element elementor-element-d3e27e4 kk__main-container e-flex e-con-boxed e-con e-parent\" data-id=\"d3e27e4\" data-element_type=\"container\" data-e-type=\"container\" data-settings=\"{&quot;background_background&quot;:&quot;classic&quot;}\">\n\t\t\t\t\t<div class=\"e-con-inner\">\n\t\t<div class=\"elementor-element elementor-element-19bcde3 e-flex e-con-boxed e-con e-child\" data-id=\"19bcde3\" data-element_type=\"container\" data-e-type=\"container\" data-settings=\"{&quot;background_background&quot;:&quot;classic&quot;}\">\n\t\t\t\t\t<div class=\"e-con-inner\">\n\t\t<div class=\"elementor-element elementor-element-d5a6d63 elementor-hidden-tablet elementor-hidden-mobile e-flex e-con-boxed e-con e-child\" data-id=\"d5a6d63\" data-element_type=\"container\" data-e-type=\"container\">\n\t\t\t\t\t<div class=\"e-con-inner\">\n\t\t\t\t\t<\/div>\n\t\t\t\t<\/div>\n\t\t<div class=\"elementor-element elementor-element-e7c0f45 e-flex e-con-boxed e-con e-child\" data-id=\"e7c0f45\" data-element_type=\"container\" data-e-type=\"container\">\n\t\t\t\t\t<div class=\"e-con-inner\">\n\t\t\t\t<div class=\"elementor-element elementor-element-1fe269d elementor-widget elementor-widget-heading\" data-id=\"1fe269d\" data-element_type=\"widget\" data-e-type=\"widget\" data-widget_type=\"heading.default\">\n\t\t\t\t<div class=\"elementor-widget-container\">\n\t\t\t\t\t<h1 class=\"elementor-heading-title elementor-size-default\">Nuestra misi\u00f3n<\/h1>\t\t\t\t<\/div>\n\t\t\t\t<\/div>\n\t\t\t\t<div class=\"elementor-element elementor-element-58ef4ea elementor-widget elementor-widget-text-editor\" data-id=\"58ef4ea\" data-element_type=\"widget\" data-e-type=\"widget\" data-widget_type=\"text-editor.default\">\n\t\t\t\t<div class=\"elementor-widget-container\">\n\t\t\t\t\t\t\t\t\t<p>Nuestra misi\u00f3n es allanar el camino hacia un futuro de \u00e9xito mediante una educaci\u00f3n excelente y un apoyo dedicado.<\/p><p> <\/p><p>Descubre qu\u00e9 nos mueve y qu\u00e9 valores caracterizan nuestro trabajo en los Centros de Educaci\u00f3n Internacional.<\/p>\t\t\t\t\t\t\t\t<\/div>\n\t\t\t\t<\/div>\n\t\t\t\t<div class=\"elementor-element elementor-element-772a106 elementor-tablet-align-center elementor-widget elementor-widget-button\" data-id=\"772a106\" data-element_type=\"widget\" data-e-type=\"widget\" data-widget_type=\"button.default\">\n\t\t\t\t<div class=\"elementor-widget-container\">\n\t\t\t\t\t\t\t\t\t<div class=\"elementor-button-wrapper\">\n\t\t\t\t\t<a class=\"elementor-button elementor-button-link elementor-size-sm\" href=\"#mehrerfahren\">\n\t\t\t\t\t\t<span class=\"elementor-button-content-wrapper\">\n\t\t\t\t\t\t\t\t\t<span class=\"elementor-button-text\">Saber m\u00e1s<\/span>\n\t\t\t\t\t<\/span>\n\t\t\t\t\t<\/a>\n\t\t\t\t<\/div>\n\t\t\t\t\t\t\t\t<\/div>\n\t\t\t\t<\/div>\n\t\t\t\t\t<\/div>\n\t\t\t\t<\/div>\n\t\t\t\t\t<\/div>\n\t\t\t\t<\/div>\n\t\t\t\t\t<\/div>\n\t\t\t\t<\/div>\n\t\t<div class=\"elementor-element elementor-element-b2b3d69 kk__main-container e-flex e-con-boxed e-con e-parent\" data-id=\"b2b3d69\" data-element_type=\"container\" data-e-type=\"container\" id=\"mehrerfahren\">\n\t\t\t\t\t<div class=\"e-con-inner\">\n\t\t\t\t<div class=\"elementor-element elementor-element-6a4647e elementor-widget elementor-widget-heading\" data-id=\"6a4647e\" data-element_type=\"widget\" data-e-type=\"widget\" data-widget_type=\"heading.default\">\n\t\t\t\t<div class=\"elementor-widget-container\">\n\t\t\t\t\t<h2 class=\"elementor-heading-title elementor-size-default\">Nuestro perfil<\/h2>\t\t\t\t<\/div>\n\t\t\t\t<\/div>\n\t\t\t\t<div class=\"elementor-element elementor-element-4ce0fdf elementor-widget elementor-widget-text-editor\" data-id=\"4ce0fdf\" data-element_type=\"widget\" data-e-type=\"widget\" data-widget_type=\"text-editor.default\">\n\t\t\t\t<div class=\"elementor-widget-container\">\n\t\t\t\t\t\t\t\t\t<p>Como IEC &#8211; International Education Centers GmbH, somos un centro de formaci\u00f3n profesional.<br>Adem\u00e1s de la formaci\u00f3n tradicional en el puesto de trabajo, los cursos de idiomas, los cursos de integraci\u00f3n, las clases particulares y el cuidado de ni\u00f1os para padres que quieren aprender alem\u00e1n, el equipo del IEC pone en pr\u00e1ctica instrumentos de pol\u00edtica de mercado laboral para una amplia gama de grupos destinatarios.<\/p><p>El contenido y los objetivos educativos, as\u00ed como los requisitos de integraci\u00f3n, est\u00e1n sujetos a las condiciones sociales, econ\u00f3micas y t\u00e9cnicas.<\/p><p>El equipo del CEI siempre considera un reto adaptarse con flexibilidad a las exigencias del mercado educativo en cuanto a reajuste de contenidos y organizaci\u00f3n.<\/p><p>El trabajo educativo se asocia a consecuencias de gran alcance para la calidad de vida futura del participante individual. Por tanto, tenemos una responsabilidad social, que s\u00f3lo podemos cumplir centr\u00e1ndonos sistem\u00e1ticamente en nuestros participantes, en los altos niveles de calidad y en la fiabilidad e integridad de nuestro trabajo. As\u00ed contribuimos a dar forma a una sociedad del conocimiento humana y sostenible.  <\/p>\t\t\t\t\t\t\t\t<\/div>\n\t\t\t\t<\/div>\n\t\t\t\t<div class=\"elementor-element elementor-element-4352a8f elementor-widget elementor-widget-image\" data-id=\"4352a8f\" data-element_type=\"widget\" data-e-type=\"widget\" data-widget_type=\"image.default\">\n\t\t\t\t<div class=\"elementor-widget-container\">\n\t\t\t\t\t\t\t\t\t\t\t\t\t\t\t<img fetchpriority=\"high\" decoding=\"async\" width=\"1536\" height=\"849\" src=\"https:\/\/internationaleducationcenters.de\/wp-content\/uploads\/2023\/12\/start__hero1-1536x849.jpg\" class=\"attachment-1536x1536 size-1536x1536 wp-image-204\" alt=\"Deutsch f\u00fcr \u00c4rzte mit IEC in Wuppertal\" srcset=\"https:\/\/internationaleducationcenters.de\/wp-content\/uploads\/2023\/12\/start__hero1-1536x849.jpg 1536w, https:\/\/internationaleducationcenters.de\/wp-content\/uploads\/2023\/12\/start__hero1-scaled-600x332.jpg 600w, https:\/\/internationaleducationcenters.de\/wp-content\/uploads\/2023\/12\/start__hero1-300x166.jpg 300w, https:\/\/internationaleducationcenters.de\/wp-content\/uploads\/2023\/12\/start__hero1-1024x566.jpg 1024w, https:\/\/internationaleducationcenters.de\/wp-content\/uploads\/2023\/12\/start__hero1-768x425.jpg 768w, https:\/\/internationaleducationcenters.de\/wp-content\/uploads\/2023\/12\/start__hero1-2048x1132.jpg 2048w\" sizes=\"(max-width: 1536px) 100vw, 1536px\" \/>\t\t\t\t\t\t\t\t\t\t\t\t\t\t\t<\/div>\n\t\t\t\t<\/div>\n\t\t\t\t<div class=\"elementor-element elementor-element-3827a5e elementor-widget elementor-widget-heading\" data-id=\"3827a5e\" data-element_type=\"widget\" data-e-type=\"widget\" data-widget_type=\"heading.default\">\n\t\t\t\t<div class=\"elementor-widget-container\">\n\t\t\t\t\t<h2 class=\"elementor-heading-title elementor-size-default\">Nuestros clientes<\/h2>\t\t\t\t<\/div>\n\t\t\t\t<\/div>\n\t\t\t\t<div class=\"elementor-element elementor-element-2c7eadb elementor-widget elementor-widget-text-editor\" data-id=\"2c7eadb\" data-element_type=\"widget\" data-e-type=\"widget\" data-widget_type=\"text-editor.default\">\n\t\t\t\t<div class=\"elementor-widget-container\">\n\t\t\t\t\t\t\t\t\t<p>Nuestros clientes son adultos con una amplia gama de antecedentes educativos y profesionales que desean mejorar, ampliar o asegurar sus oportunidades en el mercado laboral participando en nuestros cursos, seminarios y cursos de formaci\u00f3n continua.<\/p><p> <\/p><p>Entre nuestros clientes figuran tambi\u00e9n organismos e instituciones p\u00fablicas como la Oficina Federal de Migraci\u00f3n y Refugiados, pero tambi\u00e9n la ciudad de Wuppertal, la ciudad de Remscheid y la ciudad de Solingen, as\u00ed como las oficinas de empleo de estas ciudades.<\/p><p> <\/p><p>Entre nuestros clientes tambi\u00e9n hay grandes empresas y particulares.<\/p>\t\t\t\t\t\t\t\t<\/div>\n\t\t\t\t<\/div>\n\t\t\t\t<div class=\"elementor-element elementor-element-a72d2ec elementor-widget elementor-widget-image\" data-id=\"a72d2ec\" data-element_type=\"widget\" data-e-type=\"widget\" data-widget_type=\"image.default\">\n\t\t\t\t<div class=\"elementor-widget-container\">\n\t\t\t\t\t\t\t\t\t\t\t\t\t\t\t<img decoding=\"async\" width=\"1536\" height=\"501\" src=\"https:\/\/internationaleducationcenters.de\/wp-content\/uploads\/2024\/01\/happy-black-man-teacher-working-at-language-school-2022-01-06-01-16-13-utc-1536x501.jpg\" class=\"attachment-1536x1536 size-1536x1536 wp-image-685\" alt=\"Sprachkurse und Sprachschule Wuppertal \u2013 Deutsch lernen\" srcset=\"https:\/\/internationaleducationcenters.de\/wp-content\/uploads\/2024\/01\/happy-black-man-teacher-working-at-language-school-2022-01-06-01-16-13-utc-1536x501.jpg 1536w, https:\/\/internationaleducationcenters.de\/wp-content\/uploads\/2024\/01\/happy-black-man-teacher-working-at-language-school-2022-01-06-01-16-13-utc-scaled-600x196.jpg 600w, https:\/\/internationaleducationcenters.de\/wp-content\/uploads\/2024\/01\/happy-black-man-teacher-working-at-language-school-2022-01-06-01-16-13-utc-300x98.jpg 300w, https:\/\/internationaleducationcenters.de\/wp-content\/uploads\/2024\/01\/happy-black-man-teacher-working-at-language-school-2022-01-06-01-16-13-utc-1024x334.jpg 1024w, https:\/\/internationaleducationcenters.de\/wp-content\/uploads\/2024\/01\/happy-black-man-teacher-working-at-language-school-2022-01-06-01-16-13-utc-768x251.jpg 768w, https:\/\/internationaleducationcenters.de\/wp-content\/uploads\/2024\/01\/happy-black-man-teacher-working-at-language-school-2022-01-06-01-16-13-utc-2048x668.jpg 2048w\" sizes=\"(max-width: 1536px) 100vw, 1536px\" \/>\t\t\t\t\t\t\t\t\t\t\t\t\t\t\t<\/div>\n\t\t\t\t<\/div>\n\t\t\t\t<div class=\"elementor-element elementor-element-2f9616d elementor-widget elementor-widget-heading\" data-id=\"2f9616d\" data-element_type=\"widget\" data-e-type=\"widget\" data-widget_type=\"heading.default\">\n\t\t\t\t<div class=\"elementor-widget-container\">\n\t\t\t\t\t<h2 class=\"elementor-heading-title elementor-size-default\">Nuestros objetivos<\/h2>\t\t\t\t<\/div>\n\t\t\t\t<\/div>\n\t\t\t\t<div class=\"elementor-element elementor-element-bf2c401 elementor-widget elementor-widget-text-editor\" data-id=\"bf2c401\" data-element_type=\"widget\" data-e-type=\"widget\" data-widget_type=\"text-editor.default\">\n\t\t\t\t<div class=\"elementor-widget-container\">\n\t\t\t\t\t\t\t\t\t<p>Bas\u00e1ndose en un concepto integral de la educaci\u00f3n, IEC &#8211; International Education Centres GmbH considera a las personas como aprendices en todos sus contextos sociales, culturales, profesionales y privados. Al desarrollar, planificar, organizar y poner en pr\u00e1ctica nuestras ofertas, nos aseguramos de que est\u00e9n abiertas a todos. <\/p><p> <\/p><p>Proporcionamos asesoramiento profesional a todas las partes interesadas para que las personas adquieran cualificaciones personales y profesionales mediante la formaci\u00f3n continua y mejoren sus oportunidades de participar en la vida social, econ\u00f3mica, pol\u00edtica y cultural. Ofrecemos oportunidades para el aprendizaje creativo y el trabajo en grupo. Creamos una cultura del aprendizaje que contribuye a fortalecer al individuo, sus habilidades sociales y la alegr\u00eda de seguir form\u00e1ndose. Nuestro objetivo es mantener y desarrollar una instituci\u00f3n educativa viva, abierta y cordial.   <\/p><p> <\/p><p>Nuestro objetivo es desarrollar o asegurar las perspectivas profesionales de los participantes en funci\u00f3n de su situaci\u00f3n personal y sus capacidades, y facilitar o promover su integraci\u00f3n en el mercado laboral.<\/p><p> <\/p><p>Nuestros objetivos son seguir ofreciendo una gama constante de servicios educativos actualizados en consonancia con el mercado laboral<br>Reaccionar con rapidez y competencia a los cambios en el contenido y los procesos educativos<br>Garantizar la calidad y asegurar siempre la transparencia en la organizaci\u00f3n y en los procesos educativos<br>Garantizar un desarrollo continuo en el sentido de una organizaci\u00f3n de aprendizaje<br>Mantener y ampliar nuestro estatus como proveedor de servicios educativos reconocido y establecido en Wuppertal.  <\/p>\t\t\t\t\t\t\t\t<\/div>\n\t\t\t\t<\/div>\n\t\t\t\t\t<\/div>\n\t\t\t\t<\/div>\n\t\t\t\t<\/div>\n\t\t","protected":false},"excerpt":{"rendered":"<p>Nuestra misi\u00f3n Nuestra misi\u00f3n es allanar el camino hacia un futuro de \u00e9xito mediante una educaci\u00f3n excelente y un apoyo dedicado. Descubre qu\u00e9 nos mueve y qu\u00e9 valores caracterizan nuestro trabajo en los Centros de Educaci\u00f3n Internacional. Saber m\u00e1s Nuestro perfil Como IEC &#8211; International Education Centers GmbH, somos un centro de formaci\u00f3n profesional. Adem\u00e1s [&hellip;]<\/p>\n","protected":false},"author":6,"featured_media":0,"parent":0,"menu_order":0,"comment_status":"closed","ping_status":"closed","template":"","meta":{"_acf_changed":false,"footnotes":""},"class_list":["post-4754","page","type-page","status-publish","hentry"],"acf":[],"yoast_head":"<!-- This site is optimized with the Yoast SEO Premium plugin v25.9 (Yoast SEO v26.9) - https:\/\/yoast.com\/product\/yoast-seo-premium-wordpress\/ -->\n<title>Nuestra misi\u00f3n - International Education Centers<\/title>\n<meta name=\"description\" content=\"Nuestra misi\u00f3n en IEC es apoyar a personas de diferentes or\u00edgenes mediante educaci\u00f3n de calidad, orientaci\u00f3n individual y formaci\u00f3n profesional en Wuppertal.\" \/>\n<meta name=\"robots\" content=\"index, follow, max-snippet:-1, max-image-preview:large, max-video-preview:-1\" \/>\n<link rel=\"canonical\" href=\"https:\/\/internationaleducationcenters.de\/es\/nuestra-mision\/\" \/>\n<meta property=\"og:locale\" content=\"es_ES\" \/>\n<meta property=\"og:type\" content=\"article\" \/>\n<meta property=\"og:title\" content=\"Nuestra misi\u00f3n\" \/>\n<meta property=\"og:description\" content=\"Nuestra misi\u00f3n en IEC es apoyar a personas de diferentes or\u00edgenes mediante educaci\u00f3n de calidad, orientaci\u00f3n individual y formaci\u00f3n profesional en Wuppertal.\" \/>\n<meta property=\"og:url\" content=\"https:\/\/internationaleducationcenters.de\/es\/nuestra-mision\/\" \/>\n<meta property=\"og:site_name\" content=\"International Education Centers\" \/>\n<meta property=\"article:publisher\" content=\"https:\/\/www.facebook.com\/InternationalEducationCenters\/\" \/>\n<meta property=\"article:modified_time\" content=\"2025-12-16T14:24:49+00:00\" \/>\n<meta property=\"og:image\" content=\"https:\/\/internationaleducationcenters.de\/wp-content\/uploads\/2023\/12\/start__hero1-1536x849.jpg\" \/>\n<meta name=\"twitter:card\" content=\"summary_large_image\" \/>\n<meta name=\"twitter:label1\" content=\"Tiempo de lectura\" \/>\n\t<meta name=\"twitter:data1\" content=\"4 minutos\" \/>\n<script type=\"application\/ld+json\" class=\"yoast-schema-graph\">{\"@context\":\"https:\/\/schema.org\",\"@graph\":[{\"@type\":\"WebPage\",\"@id\":\"https:\/\/internationaleducationcenters.de\/es\/nuestra-mision\/\",\"url\":\"https:\/\/internationaleducationcenters.de\/es\/nuestra-mision\/\",\"name\":\"Nuestra misi\u00f3n - International Education Centers\",\"isPartOf\":{\"@id\":\"https:\/\/internationaleducationcenters.de\/es\/#website\"},\"primaryImageOfPage\":{\"@id\":\"https:\/\/internationaleducationcenters.de\/es\/nuestra-mision\/#primaryimage\"},\"image\":{\"@id\":\"https:\/\/internationaleducationcenters.de\/es\/nuestra-mision\/#primaryimage\"},\"thumbnailUrl\":\"https:\/\/internationaleducationcenters.de\/wp-content\/uploads\/2023\/12\/start__hero1-1536x849.jpg\",\"datePublished\":\"2024-04-23T08:16:10+00:00\",\"dateModified\":\"2025-12-16T14:24:49+00:00\",\"description\":\"Nuestra misi\u00f3n en IEC es apoyar a personas de diferentes or\u00edgenes mediante educaci\u00f3n de calidad, orientaci\u00f3n individual y formaci\u00f3n profesional en Wuppertal.\",\"breadcrumb\":{\"@id\":\"https:\/\/internationaleducationcenters.de\/es\/nuestra-mision\/#breadcrumb\"},\"inLanguage\":\"es\",\"potentialAction\":[{\"@type\":\"ReadAction\",\"target\":[\"https:\/\/internationaleducationcenters.de\/es\/nuestra-mision\/\"]}]},{\"@type\":\"ImageObject\",\"inLanguage\":\"es\",\"@id\":\"https:\/\/internationaleducationcenters.de\/es\/nuestra-mision\/#primaryimage\",\"url\":\"https:\/\/internationaleducationcenters.de\/wp-content\/uploads\/2023\/12\/start__hero1-1536x849.jpg\",\"contentUrl\":\"https:\/\/internationaleducationcenters.de\/wp-content\/uploads\/2023\/12\/start__hero1-1536x849.jpg\"},{\"@type\":\"BreadcrumbList\",\"@id\":\"https:\/\/internationaleducationcenters.de\/es\/nuestra-mision\/#breadcrumb\",\"itemListElement\":[{\"@type\":\"ListItem\",\"position\":1,\"name\":\"Home\",\"item\":\"https:\/\/internationaleducationcenters.de\/es\/\"},{\"@type\":\"ListItem\",\"position\":2,\"name\":\"Nuestra misi\u00f3n\"}]},{\"@type\":\"WebSite\",\"@id\":\"https:\/\/internationaleducationcenters.de\/es\/#website\",\"url\":\"https:\/\/internationaleducationcenters.de\/es\/\",\"name\":\"International Education Centers\",\"description\":\"\",\"publisher\":{\"@id\":\"https:\/\/internationaleducationcenters.de\/es\/#organization\"},\"potentialAction\":[{\"@type\":\"SearchAction\",\"target\":{\"@type\":\"EntryPoint\",\"urlTemplate\":\"https:\/\/internationaleducationcenters.de\/es\/?s={search_term_string}\"},\"query-input\":{\"@type\":\"PropertyValueSpecification\",\"valueRequired\":true,\"valueName\":\"search_term_string\"}}],\"inLanguage\":\"es\"},{\"@type\":\"Organization\",\"@id\":\"https:\/\/internationaleducationcenters.de\/es\/#organization\",\"name\":\"International Education Centers\",\"alternateName\":\"IEC\",\"url\":\"https:\/\/internationaleducationcenters.de\/es\/\",\"logo\":{\"@type\":\"ImageObject\",\"inLanguage\":\"es\",\"@id\":\"https:\/\/internationaleducationcenters.de\/es\/#\/schema\/logo\/image\/\",\"url\":\"https:\/\/internationaleducationcenters.de\/wp-content\/uploads\/2025\/08\/IEC_favicon-1.png\",\"contentUrl\":\"https:\/\/internationaleducationcenters.de\/wp-content\/uploads\/2025\/08\/IEC_favicon-1.png\",\"width\":512,\"height\":512,\"caption\":\"International Education Centers\"},\"image\":{\"@id\":\"https:\/\/internationaleducationcenters.de\/es\/#\/schema\/logo\/image\/\"},\"sameAs\":[\"https:\/\/www.facebook.com\/InternationalEducationCenters\/\"]}]}<\/script>\n<!-- \/ Yoast SEO Premium plugin. -->","yoast_head_json":{"title":"Nuestra misi\u00f3n - International Education Centers","description":"Nuestra misi\u00f3n en IEC es apoyar a personas de diferentes or\u00edgenes mediante educaci\u00f3n de calidad, orientaci\u00f3n individual y formaci\u00f3n profesional en Wuppertal.","robots":{"index":"index","follow":"follow","max-snippet":"max-snippet:-1","max-image-preview":"max-image-preview:large","max-video-preview":"max-video-preview:-1"},"canonical":"https:\/\/internationaleducationcenters.de\/es\/nuestra-mision\/","og_locale":"es_ES","og_type":"article","og_title":"Nuestra misi\u00f3n","og_description":"Nuestra misi\u00f3n en IEC es apoyar a personas de diferentes or\u00edgenes mediante educaci\u00f3n de calidad, orientaci\u00f3n individual y formaci\u00f3n profesional en Wuppertal.","og_url":"https:\/\/internationaleducationcenters.de\/es\/nuestra-mision\/","og_site_name":"International Education Centers","article_publisher":"https:\/\/www.facebook.com\/InternationalEducationCenters\/","article_modified_time":"2025-12-16T14:24:49+00:00","og_image":[{"url":"https:\/\/internationaleducationcenters.de\/wp-content\/uploads\/2023\/12\/start__hero1-1536x849.jpg","type":"","width":"","height":""}],"twitter_card":"summary_large_image","twitter_misc":{"Tiempo de lectura":"4 minutos"},"schema":{"@context":"https:\/\/schema.org","@graph":[{"@type":"WebPage","@id":"https:\/\/internationaleducationcenters.de\/es\/nuestra-mision\/","url":"https:\/\/internationaleducationcenters.de\/es\/nuestra-mision\/","name":"Nuestra misi\u00f3n - International Education Centers","isPartOf":{"@id":"https:\/\/internationaleducationcenters.de\/es\/#website"},"primaryImageOfPage":{"@id":"https:\/\/internationaleducationcenters.de\/es\/nuestra-mision\/#primaryimage"},"image":{"@id":"https:\/\/internationaleducationcenters.de\/es\/nuestra-mision\/#primaryimage"},"thumbnailUrl":"https:\/\/internationaleducationcenters.de\/wp-content\/uploads\/2023\/12\/start__hero1-1536x849.jpg","datePublished":"2024-04-23T08:16:10+00:00","dateModified":"2025-12-16T14:24:49+00:00","description":"Nuestra misi\u00f3n en IEC es apoyar a personas de diferentes or\u00edgenes mediante educaci\u00f3n de calidad, orientaci\u00f3n individual y formaci\u00f3n profesional en Wuppertal.","breadcrumb":{"@id":"https:\/\/internationaleducationcenters.de\/es\/nuestra-mision\/#breadcrumb"},"inLanguage":"es","potentialAction":[{"@type":"ReadAction","target":["https:\/\/internationaleducationcenters.de\/es\/nuestra-mision\/"]}]},{"@type":"ImageObject","inLanguage":"es","@id":"https:\/\/internationaleducationcenters.de\/es\/nuestra-mision\/#primaryimage","url":"https:\/\/internationaleducationcenters.de\/wp-content\/uploads\/2023\/12\/start__hero1-1536x849.jpg","contentUrl":"https:\/\/internationaleducationcenters.de\/wp-content\/uploads\/2023\/12\/start__hero1-1536x849.jpg"},{"@type":"BreadcrumbList","@id":"https:\/\/internationaleducationcenters.de\/es\/nuestra-mision\/#breadcrumb","itemListElement":[{"@type":"ListItem","position":1,"name":"Home","item":"https:\/\/internationaleducationcenters.de\/es\/"},{"@type":"ListItem","position":2,"name":"Nuestra misi\u00f3n"}]},{"@type":"WebSite","@id":"https:\/\/internationaleducationcenters.de\/es\/#website","url":"https:\/\/internationaleducationcenters.de\/es\/","name":"International Education Centers","description":"","publisher":{"@id":"https:\/\/internationaleducationcenters.de\/es\/#organization"},"potentialAction":[{"@type":"SearchAction","target":{"@type":"EntryPoint","urlTemplate":"https:\/\/internationaleducationcenters.de\/es\/?s={search_term_string}"},"query-input":{"@type":"PropertyValueSpecification","valueRequired":true,"valueName":"search_term_string"}}],"inLanguage":"es"},{"@type":"Organization","@id":"https:\/\/internationaleducationcenters.de\/es\/#organization","name":"International Education Centers","alternateName":"IEC","url":"https:\/\/internationaleducationcenters.de\/es\/","logo":{"@type":"ImageObject","inLanguage":"es","@id":"https:\/\/internationaleducationcenters.de\/es\/#\/schema\/logo\/image\/","url":"https:\/\/internationaleducationcenters.de\/wp-content\/uploads\/2025\/08\/IEC_favicon-1.png","contentUrl":"https:\/\/internationaleducationcenters.de\/wp-content\/uploads\/2025\/08\/IEC_favicon-1.png","width":512,"height":512,"caption":"International Education Centers"},"image":{"@id":"https:\/\/internationaleducationcenters.de\/es\/#\/schema\/logo\/image\/"},"sameAs":["https:\/\/www.facebook.com\/InternationalEducationCenters\/"]}]}},"_links":{"self":[{"href":"https:\/\/internationaleducationcenters.de\/es\/wp-json\/wp\/v2\/pages\/4754","targetHints":{"allow":["GET"]}}],"collection":[{"href":"https:\/\/internationaleducationcenters.de\/es\/wp-json\/wp\/v2\/pages"}],"about":[{"href":"https:\/\/internationaleducationcenters.de\/es\/wp-json\/wp\/v2\/types\/page"}],"author":[{"embeddable":true,"href":"https:\/\/internationaleducationcenters.de\/es\/wp-json\/wp\/v2\/users\/6"}],"replies":[{"embeddable":true,"href":"https:\/\/internationaleducationcenters.de\/es\/wp-json\/wp\/v2\/comments?post=4754"}],"version-history":[{"count":3,"href":"https:\/\/internationaleducationcenters.de\/es\/wp-json\/wp\/v2\/pages\/4754\/revisions"}],"predecessor-version":[{"id":23882,"href":"https:\/\/internationaleducationcenters.de\/es\/wp-json\/wp\/v2\/pages\/4754\/revisions\/23882"}],"wp:attachment":[{"href":"https:\/\/internationaleducationcenters.de\/es\/wp-json\/wp\/v2\/media?parent=4754"}],"curies":[{"name":"wp","href":"https:\/\/api.w.org\/{rel}","templated":true}]}}