{"id":17698,"date":"2025-09-26T10:06:35","date_gmt":"2025-09-26T08:06:35","guid":{"rendered":"https:\/\/internationaleducationcenters.de\/kurs\/aleman-profesional-nivel-intermedio-ii-en-el-sector-comercial\/"},"modified":"2025-11-18T14:31:54","modified_gmt":"2025-11-18T13:31:54","slug":"aleman-profesional-nivel-intermedio-ii-en-el-sector-comercial","status":"publish","type":"product","link":"https:\/\/internationaleducationcenters.de\/es\/producto\/aleman-profesional-nivel-intermedio-ii-en-el-sector-comercial\/","title":{"rendered":"Alem\u00e1n Profesional &#8211; Comercial Nivel Intermedio II"},"content":{"rendered":"\t\t<div data-elementor-type=\"product-post\" data-elementor-id=\"17698\" class=\"elementor elementor-17698 elementor-13864\" data-elementor-post-type=\"product\">\n\t\t\t\t<div class=\"elementor-element elementor-element-265528f e-flex e-con-boxed e-con e-parent\" data-id=\"265528f\" data-element_type=\"container\" data-e-type=\"container\">\n\t\t\t\t\t<div class=\"e-con-inner\">\n\t\t\t\t<div class=\"elementor-element elementor-element-030d8ad elementor-widget elementor-widget-text-editor\" data-id=\"030d8ad\" data-element_type=\"widget\" data-e-type=\"widget\" data-widget_type=\"text-editor.default\">\n\t\t\t\t<div class=\"elementor-widget-container\">\n\t\t\t\t\t\t\t\t\t<p><strong>Un breve resumen<br><\/strong><br> En este curso de alem\u00e1n de nivel intermedio avanzado, aprender\u00e1s vocabulario y frases importantes<br>relacionadas con procesos y situaciones laborales como<br>entrevistas de evaluaci\u00f3n, reuniones y accidentes. Comprender\u00e1s<br>las instrucciones de funcionamiento y el c\u00e1lculo de n\u00f3minas. Podr\u00e1s hablar de<br>planes de carrera y formaci\u00f3n continua. La gram\u00e1tica adecuada complementa tus conocimientos de<br>.   <br><br><strong>Contenido del curso<br><\/strong><br> Ense\u00f1anza de conocimientos de nivel intermedio:<\/p><ul><li>Gram\u00e1tica alemana<\/li><li>Formaci\u00f3n de vocabulario<\/li><li>Consolidaci\u00f3n de ejercicios orales y escritos en<br>uso del lenguaje profesional<\/li><li>Aclaraci\u00f3n del debate<\/li><li>Ejercicios de aplicaci\u00f3n<\/li><li>Desarrollo de la capacidad de comprensi\u00f3n auditiva y lectora<\/li><\/ul><p><strong>Tus perspectivas profesionales tras la formaci\u00f3n continua<br><\/strong><br> Despu\u00e9s del franc\u00e9s, el alem\u00e1n es la segunda lengua que m\u00e1s se aprende en<br>la Uni\u00f3n Europea. Esto se debe en parte a que el alem\u00e1n es una de las lenguas m\u00e1s destacadas en los campos de<br>medicina, biolog\u00eda, qu\u00edmica, farmacia, ingenier\u00eda el\u00e9ctrica y electr\u00f3nica,<br>ingenier\u00eda mec\u00e1nica, construcci\u00f3n de veh\u00edculos, diplomacia, finanzas, deporte, turismo y en<br>educaci\u00f3n. <br><br>Requisitos de <strong>participaci\u00f3n<br><\/strong><br> Los requisitos de participaci\u00f3n son un nivel ling\u00fc\u00edstico completo de B1.1<br>de acuerdo con el MCER o, en su defecto, conocimientos b\u00e1sicos demostrados de la lengua alemana e, idealmente, formaci\u00f3n profesional \/ estudios<br>o experiencia laboral en el sector comercial. Las regulaciones detalladas<br>se realizan en consulta con la oficina de empleo \/ agencia de colocaci\u00f3n o el municipio que opte a<br>.<br>Estamos a disposici\u00f3n de todos los interesados para una conversaci\u00f3n personal con el fin de aclarar sus requisitos individuales de participaci\u00f3n en<br>.   <br><br><strong>Grupo destinatario<br><\/strong><br> El m\u00f3dulo tambi\u00e9n es adecuado para inmigrantes y refugiados con conocimientos ling\u00fc\u00edsticos b\u00e1sicos<br>, as\u00ed como para personas interesadas en los negocios. El objetivo de<br>Job-Turbo es utilizar este potencial y conseguir que la gente se incorpore al trabajo<br>r\u00e1pidamente. <br><br><strong>Tu titulaci\u00f3n<br><\/strong><br> Certificado interno o certificado de participaci\u00f3n<br><br><strong>Financiaci\u00f3n con un vale de formaci\u00f3n<br><\/strong><br> Como proveedor autorizado conforme a la AZAV, la mayor\u00eda de nuestros cursos<br>est\u00e1n certificados conforme a estrictos requisitos de calidad. Para ti, como<br>cliente de la agencia de colocaci\u00f3n o de la oficina de empleo, esto significa que tu<br>participaci\u00f3n es 100% subvencionable con un vale de formaci\u00f3n y, por tanto, gratuita para ti<br>. <\/p>\t\t\t\t\t\t\t\t<\/div>\n\t\t\t\t<\/div>\n\t\t\t\t\t<\/div>\n\t\t\t\t<\/div>\n\t\t\t\t<\/div>\n\t\t","protected":false},"excerpt":{"rendered":"<p>Mejora tu alem\u00e1n relacionado con el trabajo en el sector comercial en el nivel intermedio II, con ejercicios pr\u00e1cticos, ejemplos de la vida real y preparaci\u00f3n espec\u00edfica para la vida laboral diaria.<\/p>\n","protected":false},"featured_media":2816,"comment_status":"open","ping_status":"closed","template":"","meta":{"_acf_changed":false},"product_brand":[],"product_cat":[393],"product_tag":[467],"class_list":{"0":"post-17698","1":"product","2":"type-product","3":"status-publish","4":"has-post-thumbnail","6":"product_cat-cursos-de-idiomas-profesionales","7":"product_tag-diseno-profesional","9":"first","10":"instock","11":"taxable","12":"shipping-taxable","13":"product-type-simple"},"acf":[],"yoast_head":"<!-- This site is optimized with the Yoast SEO Premium plugin v25.9 (Yoast SEO v26.9) - https:\/\/yoast.com\/product\/yoast-seo-premium-wordpress\/ -->\n<title>Alem\u00e1n Profesional - Comercial Nivel Intermedio II - International Education Centers<\/title>\n<meta name=\"description\" content=\"Mejora tu alem\u00e1n comercial II de nivel intermedio relacionado con el trabajo. Ideal para profesiones comerciales, con ejercicios de la vida laboral cotidiana.\" \/>\n<meta name=\"robots\" content=\"index, follow, max-snippet:-1, max-image-preview:large, max-video-preview:-1\" \/>\n<link rel=\"canonical\" href=\"https:\/\/internationaleducationcenters.de\/es\/producto\/aleman-profesional-nivel-intermedio-ii-en-el-sector-comercial\/\" \/>\n<meta property=\"og:locale\" content=\"es_ES\" \/>\n<meta property=\"og:type\" content=\"article\" \/>\n<meta property=\"og:title\" content=\"Alem\u00e1n Profesional - Comercial Nivel Intermedio II\" \/>\n<meta property=\"og:description\" content=\"Mejora tu alem\u00e1n comercial II de nivel intermedio relacionado con el trabajo. Ideal para profesiones comerciales, con ejercicios de la vida laboral cotidiana.\" \/>\n<meta property=\"og:url\" content=\"https:\/\/internationaleducationcenters.de\/es\/producto\/aleman-profesional-nivel-intermedio-ii-en-el-sector-comercial\/\" \/>\n<meta property=\"og:site_name\" content=\"International Education Centers\" \/>\n<meta property=\"article:publisher\" content=\"https:\/\/www.facebook.com\/InternationalEducationCenters\/\" \/>\n<meta property=\"article:modified_time\" content=\"2025-11-18T13:31:54+00:00\" \/>\n<meta property=\"og:image\" content=\"https:\/\/internationaleducationcenters.de\/wp-content\/uploads\/2024\/04\/reading-further-information-2023-11-27-05-20-00-utc-scaled.jpg\" \/>\n\t<meta property=\"og:image:width\" content=\"2560\" \/>\n\t<meta property=\"og:image:height\" content=\"1707\" \/>\n\t<meta property=\"og:image:type\" content=\"image\/jpeg\" \/>\n<meta name=\"twitter:card\" content=\"summary_large_image\" \/>\n<meta name=\"twitter:label1\" content=\"Precio\" \/>\n\t<meta name=\"twitter:data1\" content=\"\" \/>\n\t<meta name=\"twitter:label2\" content=\"Disponibilidad\" \/>\n\t<meta name=\"twitter:data2\" content=\"Disponible\" \/>\n<script type=\"application\/ld+json\" class=\"yoast-schema-graph\">{\"@context\":\"https:\/\/schema.org\",\"@graph\":[{\"@type\":\"WebPage\",\"@id\":\"https:\/\/internationaleducationcenters.de\/es\/producto\/aleman-profesional-nivel-intermedio-ii-en-el-sector-comercial\/\",\"url\":\"https:\/\/internationaleducationcenters.de\/es\/producto\/aleman-profesional-nivel-intermedio-ii-en-el-sector-comercial\/\",\"name\":\"Alem\u00e1n Profesional - Comercial Nivel Intermedio II - International Education Centers\",\"isPartOf\":{\"@id\":\"https:\/\/internationaleducationcenters.de\/es\/#website\"},\"primaryImageOfPage\":{\"@id\":\"https:\/\/internationaleducationcenters.de\/es\/producto\/aleman-profesional-nivel-intermedio-ii-en-el-sector-comercial\/#primaryimage\"},\"image\":{\"@id\":\"https:\/\/internationaleducationcenters.de\/es\/producto\/aleman-profesional-nivel-intermedio-ii-en-el-sector-comercial\/#primaryimage\"},\"thumbnailUrl\":\"https:\/\/internationaleducationcenters.de\/wp-content\/uploads\/2024\/04\/reading-further-information-2023-11-27-05-20-00-utc-scaled.jpg\",\"datePublished\":\"2025-09-26T08:06:35+00:00\",\"dateModified\":\"2025-11-18T13:31:54+00:00\",\"description\":\"Mejora tu alem\u00e1n comercial II de nivel intermedio relacionado con el trabajo. Ideal para profesiones comerciales, con ejercicios de la vida laboral cotidiana.\",\"breadcrumb\":{\"@id\":\"https:\/\/internationaleducationcenters.de\/es\/producto\/aleman-profesional-nivel-intermedio-ii-en-el-sector-comercial\/#breadcrumb\"},\"inLanguage\":\"es\",\"potentialAction\":[{\"@type\":\"ReadAction\",\"target\":[\"https:\/\/internationaleducationcenters.de\/es\/producto\/aleman-profesional-nivel-intermedio-ii-en-el-sector-comercial\/\"]}]},{\"@type\":\"ImageObject\",\"inLanguage\":\"es\",\"@id\":\"https:\/\/internationaleducationcenters.de\/es\/producto\/aleman-profesional-nivel-intermedio-ii-en-el-sector-comercial\/#primaryimage\",\"url\":\"https:\/\/internationaleducationcenters.de\/wp-content\/uploads\/2024\/04\/reading-further-information-2023-11-27-05-20-00-utc-scaled.jpg\",\"contentUrl\":\"https:\/\/internationaleducationcenters.de\/wp-content\/uploads\/2024\/04\/reading-further-information-2023-11-27-05-20-00-utc-scaled.jpg\",\"width\":2560,\"height\":1707,\"caption\":\"Concentrated manager reading attentively information in document among his colleagues at conference\"},{\"@type\":\"BreadcrumbList\",\"@id\":\"https:\/\/internationaleducationcenters.de\/es\/producto\/aleman-profesional-nivel-intermedio-ii-en-el-sector-comercial\/#breadcrumb\",\"itemListElement\":[{\"@type\":\"ListItem\",\"position\":1,\"name\":\"Home\",\"item\":\"https:\/\/internationaleducationcenters.de\/es\/\"},{\"@type\":\"ListItem\",\"position\":2,\"name\":\"Tienda\",\"item\":\"https:\/\/internationaleducationcenters.de\/es\/shop\/\"},{\"@type\":\"ListItem\",\"position\":3,\"name\":\"Alem\u00e1n Profesional &#8211; Comercial Nivel Intermedio II\"}]},{\"@type\":\"WebSite\",\"@id\":\"https:\/\/internationaleducationcenters.de\/es\/#website\",\"url\":\"https:\/\/internationaleducationcenters.de\/es\/\",\"name\":\"International Education Centers\",\"description\":\"\",\"publisher\":{\"@id\":\"https:\/\/internationaleducationcenters.de\/es\/#organization\"},\"potentialAction\":[{\"@type\":\"SearchAction\",\"target\":{\"@type\":\"EntryPoint\",\"urlTemplate\":\"https:\/\/internationaleducationcenters.de\/es\/?s={search_term_string}\"},\"query-input\":{\"@type\":\"PropertyValueSpecification\",\"valueRequired\":true,\"valueName\":\"search_term_string\"}}],\"inLanguage\":\"es\"},{\"@type\":\"Organization\",\"@id\":\"https:\/\/internationaleducationcenters.de\/es\/#organization\",\"name\":\"International Education Centers\",\"alternateName\":\"IEC\",\"url\":\"https:\/\/internationaleducationcenters.de\/es\/\",\"logo\":{\"@type\":\"ImageObject\",\"inLanguage\":\"es\",\"@id\":\"https:\/\/internationaleducationcenters.de\/es\/#\/schema\/logo\/image\/\",\"url\":\"https:\/\/internationaleducationcenters.de\/wp-content\/uploads\/2025\/08\/IEC_favicon-1.png\",\"contentUrl\":\"https:\/\/internationaleducationcenters.de\/wp-content\/uploads\/2025\/08\/IEC_favicon-1.png\",\"width\":512,\"height\":512,\"caption\":\"International Education Centers\"},\"image\":{\"@id\":\"https:\/\/internationaleducationcenters.de\/es\/#\/schema\/logo\/image\/\"},\"sameAs\":[\"https:\/\/www.facebook.com\/InternationalEducationCenters\/\"]}]}<\/script>\n<meta property=\"product:price:currency\" content=\"EUR\" \/>\n<meta property=\"og:availability\" content=\"instock\" \/>\n<meta property=\"product:availability\" content=\"instock\" \/>\n<meta property=\"product:condition\" content=\"new\" \/>\n<!-- \/ Yoast SEO Premium plugin. -->","yoast_head_json":{"title":"Alem\u00e1n Profesional - Comercial Nivel Intermedio II - International Education Centers","description":"Mejora tu alem\u00e1n comercial II de nivel intermedio relacionado con el trabajo. Ideal para profesiones comerciales, con ejercicios de la vida laboral cotidiana.","robots":{"index":"index","follow":"follow","max-snippet":"max-snippet:-1","max-image-preview":"max-image-preview:large","max-video-preview":"max-video-preview:-1"},"canonical":"https:\/\/internationaleducationcenters.de\/es\/producto\/aleman-profesional-nivel-intermedio-ii-en-el-sector-comercial\/","og_locale":"es_ES","og_type":"article","og_title":"Alem\u00e1n Profesional - Comercial Nivel Intermedio II","og_description":"Mejora tu alem\u00e1n comercial II de nivel intermedio relacionado con el trabajo. Ideal para profesiones comerciales, con ejercicios de la vida laboral cotidiana.","og_url":"https:\/\/internationaleducationcenters.de\/es\/producto\/aleman-profesional-nivel-intermedio-ii-en-el-sector-comercial\/","og_site_name":"International Education Centers","article_publisher":"https:\/\/www.facebook.com\/InternationalEducationCenters\/","article_modified_time":"2025-11-18T13:31:54+00:00","og_image":[{"width":2560,"height":1707,"url":"https:\/\/internationaleducationcenters.de\/wp-content\/uploads\/2024\/04\/reading-further-information-2023-11-27-05-20-00-utc-scaled.jpg","type":"image\/jpeg"}],"twitter_card":"summary_large_image","twitter_misc":{"Precio":"","Disponibilidad":"Disponible"},"schema":{"@context":"https:\/\/schema.org","@graph":[{"@type":"WebPage","@id":"https:\/\/internationaleducationcenters.de\/es\/producto\/aleman-profesional-nivel-intermedio-ii-en-el-sector-comercial\/","url":"https:\/\/internationaleducationcenters.de\/es\/producto\/aleman-profesional-nivel-intermedio-ii-en-el-sector-comercial\/","name":"Alem\u00e1n Profesional - Comercial Nivel Intermedio II - International Education Centers","isPartOf":{"@id":"https:\/\/internationaleducationcenters.de\/es\/#website"},"primaryImageOfPage":{"@id":"https:\/\/internationaleducationcenters.de\/es\/producto\/aleman-profesional-nivel-intermedio-ii-en-el-sector-comercial\/#primaryimage"},"image":{"@id":"https:\/\/internationaleducationcenters.de\/es\/producto\/aleman-profesional-nivel-intermedio-ii-en-el-sector-comercial\/#primaryimage"},"thumbnailUrl":"https:\/\/internationaleducationcenters.de\/wp-content\/uploads\/2024\/04\/reading-further-information-2023-11-27-05-20-00-utc-scaled.jpg","datePublished":"2025-09-26T08:06:35+00:00","dateModified":"2025-11-18T13:31:54+00:00","description":"Mejora tu alem\u00e1n comercial II de nivel intermedio relacionado con el trabajo. Ideal para profesiones comerciales, con ejercicios de la vida laboral cotidiana.","breadcrumb":{"@id":"https:\/\/internationaleducationcenters.de\/es\/producto\/aleman-profesional-nivel-intermedio-ii-en-el-sector-comercial\/#breadcrumb"},"inLanguage":"es","potentialAction":[{"@type":"ReadAction","target":["https:\/\/internationaleducationcenters.de\/es\/producto\/aleman-profesional-nivel-intermedio-ii-en-el-sector-comercial\/"]}]},{"@type":"ImageObject","inLanguage":"es","@id":"https:\/\/internationaleducationcenters.de\/es\/producto\/aleman-profesional-nivel-intermedio-ii-en-el-sector-comercial\/#primaryimage","url":"https:\/\/internationaleducationcenters.de\/wp-content\/uploads\/2024\/04\/reading-further-information-2023-11-27-05-20-00-utc-scaled.jpg","contentUrl":"https:\/\/internationaleducationcenters.de\/wp-content\/uploads\/2024\/04\/reading-further-information-2023-11-27-05-20-00-utc-scaled.jpg","width":2560,"height":1707,"caption":"Concentrated manager reading attentively information in document among his colleagues at conference"},{"@type":"BreadcrumbList","@id":"https:\/\/internationaleducationcenters.de\/es\/producto\/aleman-profesional-nivel-intermedio-ii-en-el-sector-comercial\/#breadcrumb","itemListElement":[{"@type":"ListItem","position":1,"name":"Home","item":"https:\/\/internationaleducationcenters.de\/es\/"},{"@type":"ListItem","position":2,"name":"Tienda","item":"https:\/\/internationaleducationcenters.de\/es\/shop\/"},{"@type":"ListItem","position":3,"name":"Alem\u00e1n Profesional &#8211; Comercial Nivel Intermedio II"}]},{"@type":"WebSite","@id":"https:\/\/internationaleducationcenters.de\/es\/#website","url":"https:\/\/internationaleducationcenters.de\/es\/","name":"International Education Centers","description":"","publisher":{"@id":"https:\/\/internationaleducationcenters.de\/es\/#organization"},"potentialAction":[{"@type":"SearchAction","target":{"@type":"EntryPoint","urlTemplate":"https:\/\/internationaleducationcenters.de\/es\/?s={search_term_string}"},"query-input":{"@type":"PropertyValueSpecification","valueRequired":true,"valueName":"search_term_string"}}],"inLanguage":"es"},{"@type":"Organization","@id":"https:\/\/internationaleducationcenters.de\/es\/#organization","name":"International Education Centers","alternateName":"IEC","url":"https:\/\/internationaleducationcenters.de\/es\/","logo":{"@type":"ImageObject","inLanguage":"es","@id":"https:\/\/internationaleducationcenters.de\/es\/#\/schema\/logo\/image\/","url":"https:\/\/internationaleducationcenters.de\/wp-content\/uploads\/2025\/08\/IEC_favicon-1.png","contentUrl":"https:\/\/internationaleducationcenters.de\/wp-content\/uploads\/2025\/08\/IEC_favicon-1.png","width":512,"height":512,"caption":"International Education Centers"},"image":{"@id":"https:\/\/internationaleducationcenters.de\/es\/#\/schema\/logo\/image\/"},"sameAs":["https:\/\/www.facebook.com\/InternationalEducationCenters\/"]}]},"product_price_currency":"EUR","og_availability":"instock","product_availability":"instock","product_condition":"new"},"_links":{"self":[{"href":"https:\/\/internationaleducationcenters.de\/es\/wp-json\/wp\/v2\/product\/17698","targetHints":{"allow":["GET"]}}],"collection":[{"href":"https:\/\/internationaleducationcenters.de\/es\/wp-json\/wp\/v2\/product"}],"about":[{"href":"https:\/\/internationaleducationcenters.de\/es\/wp-json\/wp\/v2\/types\/product"}],"replies":[{"embeddable":true,"href":"https:\/\/internationaleducationcenters.de\/es\/wp-json\/wp\/v2\/comments?post=17698"}],"version-history":[{"count":3,"href":"https:\/\/internationaleducationcenters.de\/es\/wp-json\/wp\/v2\/product\/17698\/revisions"}],"predecessor-version":[{"id":20736,"href":"https:\/\/internationaleducationcenters.de\/es\/wp-json\/wp\/v2\/product\/17698\/revisions\/20736"}],"wp:featuredmedia":[{"embeddable":true,"href":"https:\/\/internationaleducationcenters.de\/es\/wp-json\/wp\/v2\/media\/2816"}],"wp:attachment":[{"href":"https:\/\/internationaleducationcenters.de\/es\/wp-json\/wp\/v2\/media?parent=17698"}],"wp:term":[{"taxonomy":"product_brand","embeddable":true,"href":"https:\/\/internationaleducationcenters.de\/es\/wp-json\/wp\/v2\/product_brand?post=17698"},{"taxonomy":"product_cat","embeddable":true,"href":"https:\/\/internationaleducationcenters.de\/es\/wp-json\/wp\/v2\/product_cat?post=17698"},{"taxonomy":"product_tag","embeddable":true,"href":"https:\/\/internationaleducationcenters.de\/es\/wp-json\/wp\/v2\/product_tag?post=17698"}],"curies":[{"name":"wp","href":"https:\/\/api.w.org\/{rel}","templated":true}]}}