{"id":17712,"date":"2025-09-26T10:05:24","date_gmt":"2025-09-26T08:05:24","guid":{"rendered":"https:\/\/internationaleducationcenters.de\/kurs\/aleman-para-el-trabajo-y-la-carrera-profesional-curso-avanzado-i-en-el-sector-comercial\/"},"modified":"2025-11-18T14:41:06","modified_gmt":"2025-11-18T13:41:06","slug":"aleman-para-el-trabajo-y-la-carrera-profesional-curso-avanzado-i-en-el-sector-comercial","status":"publish","type":"product","link":"https:\/\/internationaleducationcenters.de\/es\/producto\/aleman-para-el-trabajo-y-la-carrera-profesional-curso-avanzado-i-en-el-sector-comercial\/","title":{"rendered":"Alem\u00e1n profesional &#8211; Curso avanzado de comercial l"},"content":{"rendered":"\t\t<div data-elementor-type=\"product-post\" data-elementor-id=\"17712\" class=\"elementor elementor-17712 elementor-13876\" data-elementor-post-type=\"product\">\n\t\t\t\t<div class=\"elementor-element elementor-element-d0c792b e-flex e-con-boxed e-con e-parent\" data-id=\"d0c792b\" data-element_type=\"container\" data-e-type=\"container\">\n\t\t\t\t\t<div class=\"e-con-inner\">\n\t\t\t\t<div class=\"elementor-element elementor-element-30c8bf9 elementor-widget elementor-widget-text-editor\" data-id=\"30c8bf9\" data-element_type=\"widget\" data-e-type=\"widget\" data-widget_type=\"text-editor.default\">\n\t\t\t\t<div class=\"elementor-widget-container\">\n\t\t\t\t\t\t\t\t\t<p><strong>Un breve resumen<br><\/strong><br> Este curso ense\u00f1a alem\u00e1n avanzado y profundiza en<br>temas como: Tiempo y ocio, presentarse a uno mismo y a los dem\u00e1s, trabajo y profesi\u00f3n,<br>profesiones, lugar de trabajo, citas, modales, tel\u00e9fono,<br>reuniones, cartas y correos electr\u00f3nicos, escuela y sistema educativo en<br>Alemania, transporte y movilidad, reservas y reservas,<br>pa\u00edses y habitantes, aspectos culturales de Alemania, vivienda y vida,<br>sentimientos y caracter\u00edsticas, comida y bebida, salud,<br>documentos de solicitud y entrevistas, incluida la gram\u00e1tica pertinente. <\/p><p><strong>Contenido del curso<\/strong><\/p><p>Impartir conocimientos avanzados<\/p><ul><li>Gram\u00e1tica alemana<\/li><li>Formaci\u00f3n de vocabulario<\/li><li>Consolidaci\u00f3n de ejercicios orales y escritos en<br>uso del lenguaje profesional<\/li><li>Aclaraci\u00f3n del debate<\/li><li>Ejercicios de aplicaci\u00f3n<\/li><li>Desarrollo de la capacidad de comprensi\u00f3n auditiva y lectora<\/li><\/ul><p><strong>Tus perspectivas profesionales tras la formaci\u00f3n continua<\/strong><\/p><p>Despu\u00e9s del franc\u00e9s, el alem\u00e1n es la segunda lengua que m\u00e1s se aprende en<br>la Uni\u00f3n Europea. Esto se debe en parte a que el alem\u00e1n es una de las lenguas m\u00e1s destacadas en los campos de<br>medicina, biolog\u00eda, qu\u00edmica, farmacia, ingenier\u00eda el\u00e9ctrica y electr\u00f3nica,<br>ingenier\u00eda mec\u00e1nica, construcci\u00f3n de veh\u00edculos, diplomacia, finanzas, deporte, turismo y en<br>educaci\u00f3n. <\/p><p><strong>Requisitos de participaci\u00f3n<br><\/strong><br> Los requisitos de participaci\u00f3n son un nivel ling\u00fc\u00edstico completo de B1<br>de acuerdo con el MCER o, en su defecto, conocimientos b\u00e1sicos demostrados de la lengua alemana<br>e, idealmente, formaci\u00f3n profesional \/ estudios<br>o experiencia laboral en el sector comercial. Las disposiciones detalladas<br>se realizan en consulta con la oficina de empleo \/ agencia de colocaci\u00f3n o el municipio<br>que opta. <\/p><p>Estamos a disposici\u00f3n de todos los interesados para una conversaci\u00f3n personal a fin de aclarar sus requisitos individuales de participaci\u00f3n en<br>.<\/p><p><strong>Grupo destinatario<\/strong><br>El m\u00f3dulo tambi\u00e9n es adecuado para inmigrantes y refugiados con conocimientos ling\u00fc\u00edsticos b\u00e1sicos<br>, as\u00ed como para personas interesadas en los negocios. El<br>Job Turbo pretende utilizar este potencial y conseguir que la gente se incorpore al trabajo<br>r\u00e1pidamente. <\/p><p><strong>Tu titulaci\u00f3n<br><\/strong><br> Certificado interno o certificado de participaci\u00f3n<\/p><p><strong>Financiaci\u00f3n con un vale de formaci\u00f3n<br><\/strong><br> Como proveedor autorizado conforme a la AZAV, la mayor\u00eda de nuestros cursos<br>est\u00e1n certificados conforme a estrictos requisitos de calidad. Para ti, como<br>cliente de la agencia de colocaci\u00f3n o de la oficina de empleo, esto significa que tu<br>participaci\u00f3n es 100% subvencionable con un vale de formaci\u00f3n y, por tanto, gratuita para ti<br>. <\/p>\t\t\t\t\t\t\t\t<\/div>\n\t\t\t\t<\/div>\n\t\t\t\t\t<\/div>\n\t\t\t\t<\/div>\n\t\t\t\t<\/div>\n\t\t","protected":false},"excerpt":{"rendered":"<p>Mejora tu alem\u00e1n profesional para profesiones comerciales, con ejercicios realistas de la vida laboral cotidiana. Ideal para oportunidades de carrera y promoci\u00f3n profesional. <\/p>\n","protected":false},"featured_media":351,"comment_status":"open","ping_status":"closed","template":"","meta":{"_acf_changed":false},"product_brand":[],"product_cat":[393],"product_tag":[467],"class_list":{"0":"post-17712","1":"product","2":"type-product","3":"status-publish","4":"has-post-thumbnail","6":"product_cat-cursos-de-idiomas-profesionales","7":"product_tag-diseno-profesional","9":"first","10":"instock","11":"taxable","12":"shipping-taxable","13":"product-type-simple"},"acf":[],"yoast_head":"<!-- This site is optimized with the Yoast SEO Premium plugin v25.9 (Yoast SEO v26.9) - https:\/\/yoast.com\/product\/yoast-seo-premium-wordpress\/ -->\n<title>Alem\u00e1n profesional - Curso avanzado de comercial l - International Education Centers<\/title>\n<meta name=\"description\" content=\"Aprende alem\u00e1n profesional para tener oportunidades profesionales. Curso avanzado en el sector comercial con ejercicios realistas con IEC en Wuppertal y relevancia pr\u00e1ctica.\" \/>\n<meta name=\"robots\" content=\"index, follow, max-snippet:-1, max-image-preview:large, max-video-preview:-1\" \/>\n<link rel=\"canonical\" href=\"https:\/\/internationaleducationcenters.de\/es\/producto\/aleman-para-el-trabajo-y-la-carrera-profesional-curso-avanzado-i-en-el-sector-comercial\/\" \/>\n<meta property=\"og:locale\" content=\"es_ES\" \/>\n<meta property=\"og:type\" content=\"article\" \/>\n<meta property=\"og:title\" content=\"Alem\u00e1n profesional - Curso avanzado de comercial l\" \/>\n<meta property=\"og:description\" content=\"Aprende alem\u00e1n profesional para tener oportunidades profesionales. Curso avanzado en el sector comercial con ejercicios realistas con IEC en Wuppertal y relevancia pr\u00e1ctica.\" \/>\n<meta property=\"og:url\" content=\"https:\/\/internationaleducationcenters.de\/es\/producto\/aleman-para-el-trabajo-y-la-carrera-profesional-curso-avanzado-i-en-el-sector-comercial\/\" \/>\n<meta property=\"og:site_name\" content=\"International Education Centers\" \/>\n<meta property=\"article:publisher\" content=\"https:\/\/www.facebook.com\/InternationalEducationCenters\/\" \/>\n<meta property=\"article:modified_time\" content=\"2025-11-18T13:41:06+00:00\" \/>\n<meta property=\"og:image\" content=\"https:\/\/internationaleducationcenters.de\/wp-content\/uploads\/2025\/09\/Aufbaukurs-I-im-kaufmaennischen-Bereich.jpg\" \/>\n\t<meta property=\"og:image:width\" content=\"491\" \/>\n\t<meta property=\"og:image:height\" content=\"308\" \/>\n\t<meta property=\"og:image:type\" content=\"image\/jpeg\" \/>\n<meta name=\"twitter:card\" content=\"summary_large_image\" \/>\n<meta name=\"twitter:label1\" content=\"Precio\" \/>\n\t<meta name=\"twitter:data1\" content=\"\" \/>\n\t<meta name=\"twitter:label2\" content=\"Disponibilidad\" \/>\n\t<meta name=\"twitter:data2\" content=\"Disponible\" \/>\n<script type=\"application\/ld+json\" class=\"yoast-schema-graph\">{\"@context\":\"https:\/\/schema.org\",\"@graph\":[{\"@type\":\"WebPage\",\"@id\":\"https:\/\/internationaleducationcenters.de\/es\/producto\/aleman-para-el-trabajo-y-la-carrera-profesional-curso-avanzado-i-en-el-sector-comercial\/\",\"url\":\"https:\/\/internationaleducationcenters.de\/es\/producto\/aleman-para-el-trabajo-y-la-carrera-profesional-curso-avanzado-i-en-el-sector-comercial\/\",\"name\":\"Alem\u00e1n profesional - Curso avanzado de comercial l - International Education Centers\",\"isPartOf\":{\"@id\":\"https:\/\/internationaleducationcenters.de\/es\/#website\"},\"primaryImageOfPage\":{\"@id\":\"https:\/\/internationaleducationcenters.de\/es\/producto\/aleman-para-el-trabajo-y-la-carrera-profesional-curso-avanzado-i-en-el-sector-comercial\/#primaryimage\"},\"image\":{\"@id\":\"https:\/\/internationaleducationcenters.de\/es\/producto\/aleman-para-el-trabajo-y-la-carrera-profesional-curso-avanzado-i-en-el-sector-comercial\/#primaryimage\"},\"thumbnailUrl\":\"https:\/\/internationaleducationcenters.de\/wp-content\/uploads\/2024\/01\/appointment-employees-scaled.jpg\",\"datePublished\":\"2025-09-26T08:05:24+00:00\",\"dateModified\":\"2025-11-18T13:41:06+00:00\",\"description\":\"Aprende alem\u00e1n profesional para tener oportunidades profesionales. Curso avanzado en el sector comercial con ejercicios realistas con IEC en Wuppertal y relevancia pr\u00e1ctica.\",\"breadcrumb\":{\"@id\":\"https:\/\/internationaleducationcenters.de\/es\/producto\/aleman-para-el-trabajo-y-la-carrera-profesional-curso-avanzado-i-en-el-sector-comercial\/#breadcrumb\"},\"inLanguage\":\"es\",\"potentialAction\":[{\"@type\":\"ReadAction\",\"target\":[\"https:\/\/internationaleducationcenters.de\/es\/producto\/aleman-para-el-trabajo-y-la-carrera-profesional-curso-avanzado-i-en-el-sector-comercial\/\"]}]},{\"@type\":\"ImageObject\",\"inLanguage\":\"es\",\"@id\":\"https:\/\/internationaleducationcenters.de\/es\/producto\/aleman-para-el-trabajo-y-la-carrera-profesional-curso-avanzado-i-en-el-sector-comercial\/#primaryimage\",\"url\":\"https:\/\/internationaleducationcenters.de\/wp-content\/uploads\/2024\/01\/appointment-employees-scaled.jpg\",\"contentUrl\":\"https:\/\/internationaleducationcenters.de\/wp-content\/uploads\/2024\/01\/appointment-employees-scaled.jpg\",\"width\":2560,\"height\":1707,\"caption\":\"Young woman explaining her ideas at start-up meeting\"},{\"@type\":\"BreadcrumbList\",\"@id\":\"https:\/\/internationaleducationcenters.de\/es\/producto\/aleman-para-el-trabajo-y-la-carrera-profesional-curso-avanzado-i-en-el-sector-comercial\/#breadcrumb\",\"itemListElement\":[{\"@type\":\"ListItem\",\"position\":1,\"name\":\"Home\",\"item\":\"https:\/\/internationaleducationcenters.de\/es\/\"},{\"@type\":\"ListItem\",\"position\":2,\"name\":\"Tienda\",\"item\":\"https:\/\/internationaleducationcenters.de\/es\/shop\/\"},{\"@type\":\"ListItem\",\"position\":3,\"name\":\"Alem\u00e1n profesional &#8211; Curso avanzado de comercial l\"}]},{\"@type\":\"WebSite\",\"@id\":\"https:\/\/internationaleducationcenters.de\/es\/#website\",\"url\":\"https:\/\/internationaleducationcenters.de\/es\/\",\"name\":\"International Education Centers\",\"description\":\"\",\"publisher\":{\"@id\":\"https:\/\/internationaleducationcenters.de\/es\/#organization\"},\"potentialAction\":[{\"@type\":\"SearchAction\",\"target\":{\"@type\":\"EntryPoint\",\"urlTemplate\":\"https:\/\/internationaleducationcenters.de\/es\/?s={search_term_string}\"},\"query-input\":{\"@type\":\"PropertyValueSpecification\",\"valueRequired\":true,\"valueName\":\"search_term_string\"}}],\"inLanguage\":\"es\"},{\"@type\":\"Organization\",\"@id\":\"https:\/\/internationaleducationcenters.de\/es\/#organization\",\"name\":\"International Education Centers\",\"alternateName\":\"IEC\",\"url\":\"https:\/\/internationaleducationcenters.de\/es\/\",\"logo\":{\"@type\":\"ImageObject\",\"inLanguage\":\"es\",\"@id\":\"https:\/\/internationaleducationcenters.de\/es\/#\/schema\/logo\/image\/\",\"url\":\"https:\/\/internationaleducationcenters.de\/wp-content\/uploads\/2025\/08\/IEC_favicon-1.png\",\"contentUrl\":\"https:\/\/internationaleducationcenters.de\/wp-content\/uploads\/2025\/08\/IEC_favicon-1.png\",\"width\":512,\"height\":512,\"caption\":\"International Education Centers\"},\"image\":{\"@id\":\"https:\/\/internationaleducationcenters.de\/es\/#\/schema\/logo\/image\/\"},\"sameAs\":[\"https:\/\/www.facebook.com\/InternationalEducationCenters\/\"]}]}<\/script>\n<meta property=\"product:price:currency\" content=\"EUR\" \/>\n<meta property=\"og:availability\" content=\"instock\" \/>\n<meta property=\"product:availability\" content=\"instock\" \/>\n<meta property=\"product:condition\" content=\"new\" \/>\n<!-- \/ Yoast SEO Premium plugin. -->","yoast_head_json":{"title":"Alem\u00e1n profesional - Curso avanzado de comercial l - International Education Centers","description":"Aprende alem\u00e1n profesional para tener oportunidades profesionales. Curso avanzado en el sector comercial con ejercicios realistas con IEC en Wuppertal y relevancia pr\u00e1ctica.","robots":{"index":"index","follow":"follow","max-snippet":"max-snippet:-1","max-image-preview":"max-image-preview:large","max-video-preview":"max-video-preview:-1"},"canonical":"https:\/\/internationaleducationcenters.de\/es\/producto\/aleman-para-el-trabajo-y-la-carrera-profesional-curso-avanzado-i-en-el-sector-comercial\/","og_locale":"es_ES","og_type":"article","og_title":"Alem\u00e1n profesional - Curso avanzado de comercial l","og_description":"Aprende alem\u00e1n profesional para tener oportunidades profesionales. Curso avanzado en el sector comercial con ejercicios realistas con IEC en Wuppertal y relevancia pr\u00e1ctica.","og_url":"https:\/\/internationaleducationcenters.de\/es\/producto\/aleman-para-el-trabajo-y-la-carrera-profesional-curso-avanzado-i-en-el-sector-comercial\/","og_site_name":"International Education Centers","article_publisher":"https:\/\/www.facebook.com\/InternationalEducationCenters\/","article_modified_time":"2025-11-18T13:41:06+00:00","og_image":[{"width":491,"height":308,"url":"https:\/\/internationaleducationcenters.de\/wp-content\/uploads\/2025\/09\/Aufbaukurs-I-im-kaufmaennischen-Bereich.jpg","type":"image\/jpeg"}],"twitter_card":"summary_large_image","twitter_misc":{"Precio":"","Disponibilidad":"Disponible"},"schema":{"@context":"https:\/\/schema.org","@graph":[{"@type":"WebPage","@id":"https:\/\/internationaleducationcenters.de\/es\/producto\/aleman-para-el-trabajo-y-la-carrera-profesional-curso-avanzado-i-en-el-sector-comercial\/","url":"https:\/\/internationaleducationcenters.de\/es\/producto\/aleman-para-el-trabajo-y-la-carrera-profesional-curso-avanzado-i-en-el-sector-comercial\/","name":"Alem\u00e1n profesional - Curso avanzado de comercial l - International Education Centers","isPartOf":{"@id":"https:\/\/internationaleducationcenters.de\/es\/#website"},"primaryImageOfPage":{"@id":"https:\/\/internationaleducationcenters.de\/es\/producto\/aleman-para-el-trabajo-y-la-carrera-profesional-curso-avanzado-i-en-el-sector-comercial\/#primaryimage"},"image":{"@id":"https:\/\/internationaleducationcenters.de\/es\/producto\/aleman-para-el-trabajo-y-la-carrera-profesional-curso-avanzado-i-en-el-sector-comercial\/#primaryimage"},"thumbnailUrl":"https:\/\/internationaleducationcenters.de\/wp-content\/uploads\/2024\/01\/appointment-employees-scaled.jpg","datePublished":"2025-09-26T08:05:24+00:00","dateModified":"2025-11-18T13:41:06+00:00","description":"Aprende alem\u00e1n profesional para tener oportunidades profesionales. Curso avanzado en el sector comercial con ejercicios realistas con IEC en Wuppertal y relevancia pr\u00e1ctica.","breadcrumb":{"@id":"https:\/\/internationaleducationcenters.de\/es\/producto\/aleman-para-el-trabajo-y-la-carrera-profesional-curso-avanzado-i-en-el-sector-comercial\/#breadcrumb"},"inLanguage":"es","potentialAction":[{"@type":"ReadAction","target":["https:\/\/internationaleducationcenters.de\/es\/producto\/aleman-para-el-trabajo-y-la-carrera-profesional-curso-avanzado-i-en-el-sector-comercial\/"]}]},{"@type":"ImageObject","inLanguage":"es","@id":"https:\/\/internationaleducationcenters.de\/es\/producto\/aleman-para-el-trabajo-y-la-carrera-profesional-curso-avanzado-i-en-el-sector-comercial\/#primaryimage","url":"https:\/\/internationaleducationcenters.de\/wp-content\/uploads\/2024\/01\/appointment-employees-scaled.jpg","contentUrl":"https:\/\/internationaleducationcenters.de\/wp-content\/uploads\/2024\/01\/appointment-employees-scaled.jpg","width":2560,"height":1707,"caption":"Young woman explaining her ideas at start-up meeting"},{"@type":"BreadcrumbList","@id":"https:\/\/internationaleducationcenters.de\/es\/producto\/aleman-para-el-trabajo-y-la-carrera-profesional-curso-avanzado-i-en-el-sector-comercial\/#breadcrumb","itemListElement":[{"@type":"ListItem","position":1,"name":"Home","item":"https:\/\/internationaleducationcenters.de\/es\/"},{"@type":"ListItem","position":2,"name":"Tienda","item":"https:\/\/internationaleducationcenters.de\/es\/shop\/"},{"@type":"ListItem","position":3,"name":"Alem\u00e1n profesional &#8211; Curso avanzado de comercial l"}]},{"@type":"WebSite","@id":"https:\/\/internationaleducationcenters.de\/es\/#website","url":"https:\/\/internationaleducationcenters.de\/es\/","name":"International Education Centers","description":"","publisher":{"@id":"https:\/\/internationaleducationcenters.de\/es\/#organization"},"potentialAction":[{"@type":"SearchAction","target":{"@type":"EntryPoint","urlTemplate":"https:\/\/internationaleducationcenters.de\/es\/?s={search_term_string}"},"query-input":{"@type":"PropertyValueSpecification","valueRequired":true,"valueName":"search_term_string"}}],"inLanguage":"es"},{"@type":"Organization","@id":"https:\/\/internationaleducationcenters.de\/es\/#organization","name":"International Education Centers","alternateName":"IEC","url":"https:\/\/internationaleducationcenters.de\/es\/","logo":{"@type":"ImageObject","inLanguage":"es","@id":"https:\/\/internationaleducationcenters.de\/es\/#\/schema\/logo\/image\/","url":"https:\/\/internationaleducationcenters.de\/wp-content\/uploads\/2025\/08\/IEC_favicon-1.png","contentUrl":"https:\/\/internationaleducationcenters.de\/wp-content\/uploads\/2025\/08\/IEC_favicon-1.png","width":512,"height":512,"caption":"International Education Centers"},"image":{"@id":"https:\/\/internationaleducationcenters.de\/es\/#\/schema\/logo\/image\/"},"sameAs":["https:\/\/www.facebook.com\/InternationalEducationCenters\/"]}]},"product_price_currency":"EUR","og_availability":"instock","product_availability":"instock","product_condition":"new"},"_links":{"self":[{"href":"https:\/\/internationaleducationcenters.de\/es\/wp-json\/wp\/v2\/product\/17712","targetHints":{"allow":["GET"]}}],"collection":[{"href":"https:\/\/internationaleducationcenters.de\/es\/wp-json\/wp\/v2\/product"}],"about":[{"href":"https:\/\/internationaleducationcenters.de\/es\/wp-json\/wp\/v2\/types\/product"}],"replies":[{"embeddable":true,"href":"https:\/\/internationaleducationcenters.de\/es\/wp-json\/wp\/v2\/comments?post=17712"}],"version-history":[{"count":3,"href":"https:\/\/internationaleducationcenters.de\/es\/wp-json\/wp\/v2\/product\/17712\/revisions"}],"predecessor-version":[{"id":20744,"href":"https:\/\/internationaleducationcenters.de\/es\/wp-json\/wp\/v2\/product\/17712\/revisions\/20744"}],"wp:featuredmedia":[{"embeddable":true,"href":"https:\/\/internationaleducationcenters.de\/es\/wp-json\/wp\/v2\/media\/351"}],"wp:attachment":[{"href":"https:\/\/internationaleducationcenters.de\/es\/wp-json\/wp\/v2\/media?parent=17712"}],"wp:term":[{"taxonomy":"product_brand","embeddable":true,"href":"https:\/\/internationaleducationcenters.de\/es\/wp-json\/wp\/v2\/product_brand?post=17712"},{"taxonomy":"product_cat","embeddable":true,"href":"https:\/\/internationaleducationcenters.de\/es\/wp-json\/wp\/v2\/product_cat?post=17712"},{"taxonomy":"product_tag","embeddable":true,"href":"https:\/\/internationaleducationcenters.de\/es\/wp-json\/wp\/v2\/product_tag?post=17712"}],"curies":[{"name":"wp","href":"https:\/\/api.w.org\/{rel}","templated":true}]}}