{"id":17727,"date":"2025-09-26T10:03:32","date_gmt":"2025-09-26T08:03:32","guid":{"rendered":"https:\/\/internationaleducationcenters.de\/kurs\/aleman-para-la-profesion-enfermera-especificidades-del-sector-nivel-intermedio-i-b1-1\/"},"modified":"2025-11-18T14:55:22","modified_gmt":"2025-11-18T13:55:22","slug":"aleman-para-la-profesion-enfermera-especificidades-del-sector-nivel-intermedio-i-b1-1","status":"publish","type":"product","link":"https:\/\/internationaleducationcenters.de\/es\/producto\/aleman-para-la-profesion-enfermera-especificidades-del-sector-nivel-intermedio-i-b1-1\/","title":{"rendered":"Alem\u00e1n para la profesi\u00f3n enfermera &#8211; especificidades del sector &#8211; nivel intermedio I (B1.1)"},"content":{"rendered":"\t\t<div data-elementor-type=\"product-post\" data-elementor-id=\"17727\" class=\"elementor elementor-17727 elementor-13898\" data-elementor-post-type=\"product\">\n\t\t\t\t<div class=\"elementor-element elementor-element-50fb45d e-flex e-con-boxed e-con e-parent\" data-id=\"50fb45d\" data-element_type=\"container\" data-e-type=\"container\">\n\t\t\t\t\t<div class=\"e-con-inner\">\n\t\t\t\t<div class=\"elementor-element elementor-element-020cc82 elementor-widget elementor-widget-text-editor\" data-id=\"020cc82\" data-element_type=\"widget\" data-e-type=\"widget\" data-widget_type=\"text-editor.default\">\n\t\t\t\t<div class=\"elementor-widget-container\">\n\t\t\t\t\t\t\t\t\t<p><strong>Un breve resumen<br><\/strong><br> Actualmente se buscan cuidadores y asistentes en toda Alemania. Para los<br>solicitantes procedentes del extranjero, a veces lo \u00fanico que falta son los<br>conocimientos ling\u00fc\u00edsticos adecuados. Con la prueba de unos s\u00f3lidos conocimientos de alem\u00e1n de nivel<br>B1.1, las personas de origen inmigrante tambi\u00e9n tienen<br>excelentes posibilidades de encontrar trabajo. El curso ofrece a los participantes<br>contenidos espec\u00edficos de nivel B1.1 adaptados a sus necesidades profesionales<br>en el sector asistencial.<br>El curso se centra en la construcci\u00f3n de un vocabulario<br>b\u00e1sico y en el desarrollo de las habilidades ling\u00fc\u00edsticas que se requieren en el trabajo asistencial cotidiano<br>. Esto incluye interactuar con los pacientes, comprender<br>y formular instrucciones, describir s\u00edntomas y<br>explicar planes de tratamiento.<br>Un aspecto importante es el desarrollo de habilidades<br>comunicativas para interactuar eficazmente con los pacientes. Esto incluye mantener<br>conversaciones sencillas, identificar necesidades y<br>deseos, comprender quejas y construir una<br>relaci\u00f3n de confianza.<br>El curso tambi\u00e9n ense\u00f1a terminolog\u00eda m\u00e9dica b\u00e1sica y<br>terminolog\u00eda relevante para el sector asistencial. Esto incluye<br>la denominaci\u00f3n de partes del cuerpo, enfermedades,<br>medicamentos y dispositivos m\u00e9dicos, por ejemplo.<br>En el sector asistencial, la documentaci\u00f3n precisa de tratamientos y<br>medidas asistenciales es de gran importancia. El curso proporciona conocimientos de<br>documentaci\u00f3n escrita correcta, incluida la redacci\u00f3n de<br>informes, protocolos y planes de cuidados.<br>Como el campo de la enfermer\u00eda suele ser multicultural, las<br>estrategias de comunicaci\u00f3n intercultural pueden ser una parte importante del curso. Esto<br>incluye el tratamiento de las diferencias culturales, la sensibilidad ante<br>las distintas necesidades y el trato respetuoso con la diversidad.<br>Para aplicar lo aprendido en situaciones realistas, se pueden integrar en las clases<br>juegos de rol y ejercicios pr\u00e1cticos.<br>Esto permite a los participantes aplicar sus conocimientos ling\u00fc\u00edsticos de forma pr\u00e1ctica<br>y prepararse para situaciones asistenciales de la vida real.        <\/p><p><strong>Contenido del curso<br><\/strong><\/p><ul><li>El lenguaje cotidiano en los cuidados<\/li><li>Comunicaci\u00f3n con los pacientes<\/li><li>Vocabulario m\u00e9dico<\/li><li>Documentaci\u00f3n e informes<\/li><li>Comunicaci\u00f3n intercultural<\/li><li>Juegos de rol y ejercicios pr\u00e1cticos<\/li><\/ul><p><strong>Tus perspectivas profesionales tras la formaci\u00f3n continua<br><\/strong><br> Un curso de alem\u00e1n para cuidados de enfermer\u00eda de nivel B1.1 te abre un amplio abanico de perspectivas profesionales<br>. Con unos conocimientos b\u00e1sicos de alem\u00e1n<br>podr\u00e1s trabajar en el sector asistencial o en industrias relacionadas. Como<br>auxiliar de enfermer\u00eda o asistente de cuidados, apoyar\u00e1s al personal de enfermer\u00eda en el<br>cuidado de los pacientes. Gracias a tus conocimientos ling\u00fc\u00edsticos adquiridos<br>podr\u00e1s mantener conversaciones b\u00e1sicas y comprender instrucciones.<br>Adem\u00e1s, el curso de alem\u00e1n tambi\u00e9n te abre puertas en otras \u00e1reas<br>del sector sanitario en las que se requieren conocimientos de alem\u00e1n. Esto puede incluir<br>trabajar en hospitales, centros m\u00e9dicos o<br>servicios de atenci\u00f3n ambulatoria. Los conocimientos ling\u00fc\u00edsticos adquiridos<br>permiten una comunicaci\u00f3n eficaz con compa\u00f1eros, superiores y<br>pacientes.     <br><br><strong>Requisitos de participaci\u00f3n<br><\/strong><br> Este curso est\u00e1 dirigido a participantes con un nivel A2.2 seg\u00fan el MCER o<br>que hayan demostrado sus conocimientos b\u00e1sicos de otra forma.<br><br>Otro requisito para participar es la formaci\u00f3n profesional\/estudios<br>o la experiencia laboral en el sector asistencial o en el sector comercial<br>.<br>Estamos a disposici\u00f3n de todos los interesados para una conversaci\u00f3n personal con el fin de aclarar sus requisitos individuales de participaci\u00f3n en<br>.<br><br><strong>Grupo destinatario<br><\/strong><br> El m\u00f3dulo tambi\u00e9n est\u00e1 dirigido a inmigrantes y refugiados con conocimientos ling\u00fc\u00edsticos b\u00e1sicos<br>que trabajen en el sector de la asistencia o quieran trabajar en este<br>sector en el futuro y que necesiten conocimientos de alem\u00e1n de nivel B1.1<br>. El objetivo del Turbo de Empleo es utilizar este potencial y conseguir que<br>las personas consigan trabajo r\u00e1pidamente.<br><br><strong>Tu titulaci\u00f3n<br><\/strong><br> Certificado interno o certificado de participaci\u00f3n<br><br><strong>Financiaci\u00f3n con un vale de formaci\u00f3n<br><\/strong><br> Como proveedor autorizado conforme a la AZAV, la mayor\u00eda de nuestros cursos<br>est\u00e1n certificados conforme a estrictos requisitos de calidad. Para ti, como<br>cliente de la agencia de colocaci\u00f3n o de la oficina de empleo, esto significa que tu<br>participaci\u00f3n es 100% subvencionable con un vale de formaci\u00f3n y, por tanto, gratuita para ti<br>. <\/p>\t\t\t\t\t\t\t\t<\/div>\n\t\t\t\t<\/div>\n\t\t\t\t\t<\/div>\n\t\t\t\t<\/div>\n\t\t\t\t<\/div>\n\t\t","protected":false},"excerpt":{"rendered":"<p>Mejora tu alem\u00e1n para la profesi\u00f3n de enfermero a nivel intermedio (B1.1). El curso ense\u00f1a vocabulario espec\u00edfico del sector y comunicaci\u00f3n pr\u00e1ctica para la vida laboral diaria en el sector sanitario. <\/p>\n","protected":false},"featured_media":7531,"comment_status":"open","ping_status":"closed","template":"","meta":{"_acf_changed":false},"product_brand":[],"product_cat":[17],"product_tag":[467],"class_list":{"0":"post-17727","1":"product","2":"type-product","3":"status-publish","4":"has-post-thumbnail","6":"product_cat-uncategorized","7":"product_tag-diseno-profesional","9":"first","10":"instock","11":"taxable","12":"shipping-taxable","13":"product-type-simple"},"acf":[],"yoast_head":"<!-- This site is optimized with the Yoast SEO Premium plugin v25.9 (Yoast SEO v26.9) - https:\/\/yoast.com\/product\/yoast-seo-premium-wordpress\/ -->\n<title>Alem\u00e1n para la profesi\u00f3n enfermera - especificidades del sector - nivel intermedio I (B1.1) - International Education Centers<\/title>\n<meta name=\"description\" content=\"Alem\u00e1n para la profesi\u00f3n enfermera: Aprende alem\u00e1n espec\u00edfico del sector a nivel intermedio (B1.1) con ejercicios pr\u00e1cticos en el IEC de Wuppertal\" \/>\n<meta name=\"robots\" content=\"index, follow, max-snippet:-1, max-image-preview:large, max-video-preview:-1\" \/>\n<link rel=\"canonical\" href=\"https:\/\/internationaleducationcenters.de\/es\/producto\/aleman-para-la-profesion-enfermera-especificidades-del-sector-nivel-intermedio-i-b1-1\/\" \/>\n<meta property=\"og:locale\" content=\"es_ES\" \/>\n<meta property=\"og:type\" content=\"article\" \/>\n<meta property=\"og:title\" content=\"Alem\u00e1n para la profesi\u00f3n enfermera - especificidades del sector - nivel intermedio I (B1.1)\" \/>\n<meta property=\"og:description\" content=\"Alem\u00e1n para la profesi\u00f3n enfermera: Aprende alem\u00e1n espec\u00edfico del sector a nivel intermedio (B1.1) con ejercicios pr\u00e1cticos en el IEC de Wuppertal\" \/>\n<meta property=\"og:url\" content=\"https:\/\/internationaleducationcenters.de\/es\/producto\/aleman-para-la-profesion-enfermera-especificidades-del-sector-nivel-intermedio-i-b1-1\/\" \/>\n<meta property=\"og:site_name\" content=\"International Education Centers\" \/>\n<meta property=\"article:publisher\" content=\"https:\/\/www.facebook.com\/InternationalEducationCenters\/\" \/>\n<meta property=\"article:modified_time\" content=\"2025-11-18T13:55:22+00:00\" \/>\n<meta property=\"og:image\" content=\"https:\/\/internationaleducationcenters.de\/wp-content\/uploads\/2024\/01\/Deutsch-B2-C1-Medizin.jpg\" \/>\n\t<meta property=\"og:image:width\" content=\"300\" \/>\n\t<meta property=\"og:image:height\" content=\"200\" \/>\n\t<meta property=\"og:image:type\" content=\"image\/jpeg\" \/>\n<meta name=\"twitter:card\" content=\"summary_large_image\" \/>\n<meta name=\"twitter:label1\" content=\"Precio\" \/>\n\t<meta name=\"twitter:data1\" content=\"\" \/>\n\t<meta name=\"twitter:label2\" content=\"Disponibilidad\" \/>\n\t<meta name=\"twitter:data2\" content=\"Disponible\" \/>\n<script type=\"application\/ld+json\" class=\"yoast-schema-graph\">{\"@context\":\"https:\/\/schema.org\",\"@graph\":[{\"@type\":\"WebPage\",\"@id\":\"https:\/\/internationaleducationcenters.de\/es\/producto\/aleman-para-la-profesion-enfermera-especificidades-del-sector-nivel-intermedio-i-b1-1\/\",\"url\":\"https:\/\/internationaleducationcenters.de\/es\/producto\/aleman-para-la-profesion-enfermera-especificidades-del-sector-nivel-intermedio-i-b1-1\/\",\"name\":\"Alem\u00e1n para la profesi\u00f3n enfermera - especificidades del sector - nivel intermedio I (B1.1) - International Education Centers\",\"isPartOf\":{\"@id\":\"https:\/\/internationaleducationcenters.de\/es\/#website\"},\"primaryImageOfPage\":{\"@id\":\"https:\/\/internationaleducationcenters.de\/es\/producto\/aleman-para-la-profesion-enfermera-especificidades-del-sector-nivel-intermedio-i-b1-1\/#primaryimage\"},\"image\":{\"@id\":\"https:\/\/internationaleducationcenters.de\/es\/producto\/aleman-para-la-profesion-enfermera-especificidades-del-sector-nivel-intermedio-i-b1-1\/#primaryimage\"},\"thumbnailUrl\":\"https:\/\/internationaleducationcenters.de\/wp-content\/uploads\/2024\/01\/Deutsch-B2-C1-Medizin.jpg\",\"datePublished\":\"2025-09-26T08:03:32+00:00\",\"dateModified\":\"2025-11-18T13:55:22+00:00\",\"description\":\"Alem\u00e1n para la profesi\u00f3n enfermera: Aprende alem\u00e1n espec\u00edfico del sector a nivel intermedio (B1.1) con ejercicios pr\u00e1cticos en el IEC de Wuppertal\",\"breadcrumb\":{\"@id\":\"https:\/\/internationaleducationcenters.de\/es\/producto\/aleman-para-la-profesion-enfermera-especificidades-del-sector-nivel-intermedio-i-b1-1\/#breadcrumb\"},\"inLanguage\":\"es\",\"potentialAction\":[{\"@type\":\"ReadAction\",\"target\":[\"https:\/\/internationaleducationcenters.de\/es\/producto\/aleman-para-la-profesion-enfermera-especificidades-del-sector-nivel-intermedio-i-b1-1\/\"]}]},{\"@type\":\"ImageObject\",\"inLanguage\":\"es\",\"@id\":\"https:\/\/internationaleducationcenters.de\/es\/producto\/aleman-para-la-profesion-enfermera-especificidades-del-sector-nivel-intermedio-i-b1-1\/#primaryimage\",\"url\":\"https:\/\/internationaleducationcenters.de\/wp-content\/uploads\/2024\/01\/Deutsch-B2-C1-Medizin.jpg\",\"contentUrl\":\"https:\/\/internationaleducationcenters.de\/wp-content\/uploads\/2024\/01\/Deutsch-B2-C1-Medizin.jpg\",\"width\":300,\"height\":200,\"caption\":\"Vorbereitungskurs f\u00fcr medizinisches Deutsch B2-C1 \u2013 telc Pr\u00fcfung mit IEC\"},{\"@type\":\"BreadcrumbList\",\"@id\":\"https:\/\/internationaleducationcenters.de\/es\/producto\/aleman-para-la-profesion-enfermera-especificidades-del-sector-nivel-intermedio-i-b1-1\/#breadcrumb\",\"itemListElement\":[{\"@type\":\"ListItem\",\"position\":1,\"name\":\"Home\",\"item\":\"https:\/\/internationaleducationcenters.de\/es\/\"},{\"@type\":\"ListItem\",\"position\":2,\"name\":\"Tienda\",\"item\":\"https:\/\/internationaleducationcenters.de\/es\/shop\/\"},{\"@type\":\"ListItem\",\"position\":3,\"name\":\"Alem\u00e1n para la profesi\u00f3n enfermera &#8211; especificidades del sector &#8211; nivel intermedio I (B1.1)\"}]},{\"@type\":\"WebSite\",\"@id\":\"https:\/\/internationaleducationcenters.de\/es\/#website\",\"url\":\"https:\/\/internationaleducationcenters.de\/es\/\",\"name\":\"International Education Centers\",\"description\":\"\",\"publisher\":{\"@id\":\"https:\/\/internationaleducationcenters.de\/es\/#organization\"},\"potentialAction\":[{\"@type\":\"SearchAction\",\"target\":{\"@type\":\"EntryPoint\",\"urlTemplate\":\"https:\/\/internationaleducationcenters.de\/es\/?s={search_term_string}\"},\"query-input\":{\"@type\":\"PropertyValueSpecification\",\"valueRequired\":true,\"valueName\":\"search_term_string\"}}],\"inLanguage\":\"es\"},{\"@type\":\"Organization\",\"@id\":\"https:\/\/internationaleducationcenters.de\/es\/#organization\",\"name\":\"International Education Centers\",\"alternateName\":\"IEC\",\"url\":\"https:\/\/internationaleducationcenters.de\/es\/\",\"logo\":{\"@type\":\"ImageObject\",\"inLanguage\":\"es\",\"@id\":\"https:\/\/internationaleducationcenters.de\/es\/#\/schema\/logo\/image\/\",\"url\":\"https:\/\/internationaleducationcenters.de\/wp-content\/uploads\/2025\/08\/IEC_favicon-1.png\",\"contentUrl\":\"https:\/\/internationaleducationcenters.de\/wp-content\/uploads\/2025\/08\/IEC_favicon-1.png\",\"width\":512,\"height\":512,\"caption\":\"International Education Centers\"},\"image\":{\"@id\":\"https:\/\/internationaleducationcenters.de\/es\/#\/schema\/logo\/image\/\"},\"sameAs\":[\"https:\/\/www.facebook.com\/InternationalEducationCenters\/\"]}]}<\/script>\n<meta property=\"product:price:currency\" content=\"EUR\" \/>\n<meta property=\"og:availability\" content=\"instock\" \/>\n<meta property=\"product:availability\" content=\"instock\" \/>\n<meta property=\"product:condition\" content=\"new\" \/>\n<!-- \/ Yoast SEO Premium plugin. -->","yoast_head_json":{"title":"Alem\u00e1n para la profesi\u00f3n enfermera - especificidades del sector - nivel intermedio I (B1.1) - International Education Centers","description":"Alem\u00e1n para la profesi\u00f3n enfermera: Aprende alem\u00e1n espec\u00edfico del sector a nivel intermedio (B1.1) con ejercicios pr\u00e1cticos en el IEC de Wuppertal","robots":{"index":"index","follow":"follow","max-snippet":"max-snippet:-1","max-image-preview":"max-image-preview:large","max-video-preview":"max-video-preview:-1"},"canonical":"https:\/\/internationaleducationcenters.de\/es\/producto\/aleman-para-la-profesion-enfermera-especificidades-del-sector-nivel-intermedio-i-b1-1\/","og_locale":"es_ES","og_type":"article","og_title":"Alem\u00e1n para la profesi\u00f3n enfermera - especificidades del sector - nivel intermedio I (B1.1)","og_description":"Alem\u00e1n para la profesi\u00f3n enfermera: Aprende alem\u00e1n espec\u00edfico del sector a nivel intermedio (B1.1) con ejercicios pr\u00e1cticos en el IEC de Wuppertal","og_url":"https:\/\/internationaleducationcenters.de\/es\/producto\/aleman-para-la-profesion-enfermera-especificidades-del-sector-nivel-intermedio-i-b1-1\/","og_site_name":"International Education Centers","article_publisher":"https:\/\/www.facebook.com\/InternationalEducationCenters\/","article_modified_time":"2025-11-18T13:55:22+00:00","og_image":[{"width":300,"height":200,"url":"https:\/\/internationaleducationcenters.de\/wp-content\/uploads\/2024\/01\/Deutsch-B2-C1-Medizin.jpg","type":"image\/jpeg"}],"twitter_card":"summary_large_image","twitter_misc":{"Precio":"","Disponibilidad":"Disponible"},"schema":{"@context":"https:\/\/schema.org","@graph":[{"@type":"WebPage","@id":"https:\/\/internationaleducationcenters.de\/es\/producto\/aleman-para-la-profesion-enfermera-especificidades-del-sector-nivel-intermedio-i-b1-1\/","url":"https:\/\/internationaleducationcenters.de\/es\/producto\/aleman-para-la-profesion-enfermera-especificidades-del-sector-nivel-intermedio-i-b1-1\/","name":"Alem\u00e1n para la profesi\u00f3n enfermera - especificidades del sector - nivel intermedio I (B1.1) - International Education Centers","isPartOf":{"@id":"https:\/\/internationaleducationcenters.de\/es\/#website"},"primaryImageOfPage":{"@id":"https:\/\/internationaleducationcenters.de\/es\/producto\/aleman-para-la-profesion-enfermera-especificidades-del-sector-nivel-intermedio-i-b1-1\/#primaryimage"},"image":{"@id":"https:\/\/internationaleducationcenters.de\/es\/producto\/aleman-para-la-profesion-enfermera-especificidades-del-sector-nivel-intermedio-i-b1-1\/#primaryimage"},"thumbnailUrl":"https:\/\/internationaleducationcenters.de\/wp-content\/uploads\/2024\/01\/Deutsch-B2-C1-Medizin.jpg","datePublished":"2025-09-26T08:03:32+00:00","dateModified":"2025-11-18T13:55:22+00:00","description":"Alem\u00e1n para la profesi\u00f3n enfermera: Aprende alem\u00e1n espec\u00edfico del sector a nivel intermedio (B1.1) con ejercicios pr\u00e1cticos en el IEC de Wuppertal","breadcrumb":{"@id":"https:\/\/internationaleducationcenters.de\/es\/producto\/aleman-para-la-profesion-enfermera-especificidades-del-sector-nivel-intermedio-i-b1-1\/#breadcrumb"},"inLanguage":"es","potentialAction":[{"@type":"ReadAction","target":["https:\/\/internationaleducationcenters.de\/es\/producto\/aleman-para-la-profesion-enfermera-especificidades-del-sector-nivel-intermedio-i-b1-1\/"]}]},{"@type":"ImageObject","inLanguage":"es","@id":"https:\/\/internationaleducationcenters.de\/es\/producto\/aleman-para-la-profesion-enfermera-especificidades-del-sector-nivel-intermedio-i-b1-1\/#primaryimage","url":"https:\/\/internationaleducationcenters.de\/wp-content\/uploads\/2024\/01\/Deutsch-B2-C1-Medizin.jpg","contentUrl":"https:\/\/internationaleducationcenters.de\/wp-content\/uploads\/2024\/01\/Deutsch-B2-C1-Medizin.jpg","width":300,"height":200,"caption":"Vorbereitungskurs f\u00fcr medizinisches Deutsch B2-C1 \u2013 telc Pr\u00fcfung mit IEC"},{"@type":"BreadcrumbList","@id":"https:\/\/internationaleducationcenters.de\/es\/producto\/aleman-para-la-profesion-enfermera-especificidades-del-sector-nivel-intermedio-i-b1-1\/#breadcrumb","itemListElement":[{"@type":"ListItem","position":1,"name":"Home","item":"https:\/\/internationaleducationcenters.de\/es\/"},{"@type":"ListItem","position":2,"name":"Tienda","item":"https:\/\/internationaleducationcenters.de\/es\/shop\/"},{"@type":"ListItem","position":3,"name":"Alem\u00e1n para la profesi\u00f3n enfermera &#8211; especificidades del sector &#8211; nivel intermedio I (B1.1)"}]},{"@type":"WebSite","@id":"https:\/\/internationaleducationcenters.de\/es\/#website","url":"https:\/\/internationaleducationcenters.de\/es\/","name":"International Education Centers","description":"","publisher":{"@id":"https:\/\/internationaleducationcenters.de\/es\/#organization"},"potentialAction":[{"@type":"SearchAction","target":{"@type":"EntryPoint","urlTemplate":"https:\/\/internationaleducationcenters.de\/es\/?s={search_term_string}"},"query-input":{"@type":"PropertyValueSpecification","valueRequired":true,"valueName":"search_term_string"}}],"inLanguage":"es"},{"@type":"Organization","@id":"https:\/\/internationaleducationcenters.de\/es\/#organization","name":"International Education Centers","alternateName":"IEC","url":"https:\/\/internationaleducationcenters.de\/es\/","logo":{"@type":"ImageObject","inLanguage":"es","@id":"https:\/\/internationaleducationcenters.de\/es\/#\/schema\/logo\/image\/","url":"https:\/\/internationaleducationcenters.de\/wp-content\/uploads\/2025\/08\/IEC_favicon-1.png","contentUrl":"https:\/\/internationaleducationcenters.de\/wp-content\/uploads\/2025\/08\/IEC_favicon-1.png","width":512,"height":512,"caption":"International Education Centers"},"image":{"@id":"https:\/\/internationaleducationcenters.de\/es\/#\/schema\/logo\/image\/"},"sameAs":["https:\/\/www.facebook.com\/InternationalEducationCenters\/"]}]},"product_price_currency":"EUR","og_availability":"instock","product_availability":"instock","product_condition":"new"},"_links":{"self":[{"href":"https:\/\/internationaleducationcenters.de\/es\/wp-json\/wp\/v2\/product\/17727","targetHints":{"allow":["GET"]}}],"collection":[{"href":"https:\/\/internationaleducationcenters.de\/es\/wp-json\/wp\/v2\/product"}],"about":[{"href":"https:\/\/internationaleducationcenters.de\/es\/wp-json\/wp\/v2\/types\/product"}],"replies":[{"embeddable":true,"href":"https:\/\/internationaleducationcenters.de\/es\/wp-json\/wp\/v2\/comments?post=17727"}],"version-history":[{"count":3,"href":"https:\/\/internationaleducationcenters.de\/es\/wp-json\/wp\/v2\/product\/17727\/revisions"}],"predecessor-version":[{"id":20761,"href":"https:\/\/internationaleducationcenters.de\/es\/wp-json\/wp\/v2\/product\/17727\/revisions\/20761"}],"wp:featuredmedia":[{"embeddable":true,"href":"https:\/\/internationaleducationcenters.de\/es\/wp-json\/wp\/v2\/media\/7531"}],"wp:attachment":[{"href":"https:\/\/internationaleducationcenters.de\/es\/wp-json\/wp\/v2\/media?parent=17727"}],"wp:term":[{"taxonomy":"product_brand","embeddable":true,"href":"https:\/\/internationaleducationcenters.de\/es\/wp-json\/wp\/v2\/product_brand?post=17727"},{"taxonomy":"product_cat","embeddable":true,"href":"https:\/\/internationaleducationcenters.de\/es\/wp-json\/wp\/v2\/product_cat?post=17727"},{"taxonomy":"product_tag","embeddable":true,"href":"https:\/\/internationaleducationcenters.de\/es\/wp-json\/wp\/v2\/product_tag?post=17727"}],"curies":[{"name":"wp","href":"https:\/\/api.w.org\/{rel}","templated":true}]}}