{"id":17728,"date":"2025-09-26T10:02:54","date_gmt":"2025-09-26T08:02:54","guid":{"rendered":"https:\/\/internationaleducationcenters.de\/kurs\/aleman-para-la-profesion-enfermera-especificidades-del-sector-nivel-intermedio-ii-b1-2\/"},"modified":"2025-11-18T15:04:54","modified_gmt":"2025-11-18T14:04:54","slug":"aleman-para-la-profesion-enfermera-especificidades-del-sector-nivel-intermedio-ii-b1-2","status":"publish","type":"product","link":"https:\/\/internationaleducationcenters.de\/es\/producto\/aleman-para-la-profesion-enfermera-especificidades-del-sector-nivel-intermedio-ii-b1-2\/","title":{"rendered":"Alem\u00e1n para la profesi\u00f3n enfermera &#8211; especificidades del sector &#8211; nivel intermedio II (B1.2)"},"content":{"rendered":"\t\t<div data-elementor-type=\"product-post\" data-elementor-id=\"17728\" class=\"elementor elementor-17728 elementor-13909\" data-elementor-post-type=\"product\">\n\t\t\t\t<div class=\"elementor-element elementor-element-96562e2 e-flex e-con-boxed e-con e-parent\" data-id=\"96562e2\" data-element_type=\"container\" data-e-type=\"container\">\n\t\t\t\t\t<div class=\"e-con-inner\">\n\t\t\t\t<div class=\"elementor-element elementor-element-03b15cb elementor-widget elementor-widget-text-editor\" data-id=\"03b15cb\" data-element_type=\"widget\" data-e-type=\"widget\" data-widget_type=\"text-editor.default\">\n\t\t\t\t<div class=\"elementor-widget-container\">\n\t\t\t\t\t\t\t\t\t<p><strong>Un breve resumen<br><\/strong><br> Actualmente se buscan cuidadores y asistentes en toda Alemania. En el caso de los<br>solicitantes procedentes del extranjero, lo \u00fanico que a veces falta son los<br>conocimientos ling\u00fc\u00edsticos adecuados. Si demuestran s\u00f3lidos conocimientos de alem\u00e1n de nivel<br>B1.2, las personas de origen inmigrante tambi\u00e9n tienen<br>excelentes oportunidades de colocaci\u00f3n. De acuerdo con las recomendaciones de la<br>Comisi\u00f3n Europea para la adquisici\u00f3n de lenguas extranjeras, la<br>ense\u00f1anza profesional de idiomas en el IBB sigue b\u00e1sicamente el enfoque del<br>aprendizaje integrado de contenidos y lenguas, en el que las destrezas ling\u00fc\u00edsticas<br>se ense\u00f1an y profundizan sobre la base de contenidos profesionales relevantes. En este caso,<br>se centra en el lenguaje profesional de la enfermer\u00eda.    <\/p><p><strong>Contenido del curso<\/strong><\/p><ul><li>Vocabulario m\u00e9dico<\/li><li>Vocabulario espec\u00edfico de enfermer\u00eda (por ejemplo, en los informes de enfermer\u00eda)<\/li><li>Vocabulario cotidiano en contacto con pacientes y familiares<\/li><\/ul><p><br><strong>Tus perspectivas profesionales tras la formaci\u00f3n continua<br><\/strong><br> Un curso de alem\u00e1n para cuidados de enfermer\u00eda de nivel B1.2 te abre un amplio abanico de perspectivas profesionales<br>. Con los conocimientos adecuados de alem\u00e1n<br>puedes trabajar en el sector de los cuidados o en industrias afines. Como<br>auxiliar de enfermer\u00eda o asistente de cuidados, puedes apoyar al personal de enfermer\u00eda en el<br>cuidado de los pacientes. Adem\u00e1s, el curso de alem\u00e1n tambi\u00e9n te abre<br>puertas en otras \u00e1reas del sector sanitario en las que se requieren<br>conocimientos de alem\u00e1n. Esto puede incluir trabajar en hospitales,<br>centros m\u00e9dicos o servicios de atenci\u00f3n ambulatoria. Los<br>conocimientos ling\u00fc\u00edsticos adquiridos permiten una comunicaci\u00f3n eficaz<br>con compa\u00f1eros, superiores y pacientes.     <br><br><strong>Requisitos de participaci\u00f3n<br><\/strong><br> Este curso est\u00e1 dirigido a participantes con un nivel B1 seg\u00fan el MCER o<br>que hayan demostrado sus conocimientos b\u00e1sicos de otra forma.<br>Otro requisito para participar es una formaci\u00f3n profesional \/ un t\u00edtulo<br>o experiencia laboral en el sector de la asistencia o en el sector comercial<br>.<br>Estamos a disposici\u00f3n de todos los interesados para una conversaci\u00f3n personal con el fin de aclarar sus requisitos individuales de participaci\u00f3n en<br>.<br><br><strong>Grupo destinatario<br><\/strong><br> El m\u00f3dulo tambi\u00e9n est\u00e1 dirigido a inmigrantes y refugiados con conocimientos ling\u00fc\u00edsticos b\u00e1sicos<br>que trabajen en el sector de la asistencia o quieran trabajar en este<br>sector en el futuro y necesiten conocimientos de alem\u00e1n de nivel B1.2<br>. El objetivo de Job Turbo es utilizar este potencial y conseguir que<br>las personas consigan trabajo r\u00e1pidamente. <br><br><strong>Tu titulaci\u00f3n<br><\/strong><br> Certificado interno o certificado de participaci\u00f3n<br><br><strong>Financiaci\u00f3n con un vale de formaci\u00f3n<br><\/strong><br> Como proveedor autorizado conforme a la AZAV, la mayor\u00eda de nuestros cursos<br>est\u00e1n certificados conforme a estrictos requisitos de calidad. Para ti, como<br>cliente de la agencia de colocaci\u00f3n o de la oficina de empleo, esto significa que tu<br>participaci\u00f3n es 100% subvencionable con un vale de formaci\u00f3n y, por tanto, gratuita para ti<br>.   <br><br><\/p>\t\t\t\t\t\t\t\t<\/div>\n\t\t\t\t<\/div>\n\t\t\t\t\t<\/div>\n\t\t\t\t<\/div>\n\t\t\t\t<\/div>\n\t\t","protected":false},"excerpt":{"rendered":"<p>Mejora tu alem\u00e1n para la profesi\u00f3n de enfermero a nivel intermedio (B1.2). El curso ense\u00f1a vocabulario espec\u00edfico del sector y comunicaci\u00f3n pr\u00e1ctica para la vida laboral diaria en el sector sanitario. <\/p>\n","protected":false},"featured_media":1727,"comment_status":"open","ping_status":"closed","template":"","meta":{"_acf_changed":false},"product_brand":[],"product_cat":[17],"product_tag":[467],"class_list":{"0":"post-17728","1":"product","2":"type-product","3":"status-publish","4":"has-post-thumbnail","6":"product_cat-uncategorized","7":"product_tag-diseno-profesional","9":"first","10":"instock","11":"taxable","12":"shipping-taxable","13":"product-type-simple"},"acf":[],"yoast_head":"<!-- This site is optimized with the Yoast SEO Premium plugin v25.9 (Yoast SEO v26.9) - https:\/\/yoast.com\/product\/yoast-seo-premium-wordpress\/ -->\n<title>Alem\u00e1n para la profesi\u00f3n enfermera - especificidades del sector - nivel intermedio II (B1.2) - International Education Centers<\/title>\n<meta name=\"description\" content=\"Alem\u00e1n para la profesi\u00f3n enfermera: Aprende alem\u00e1n espec\u00edfico del sector a nivel intermedio (B1.2) con ejercicios pr\u00e1cticos en el IEC de Wuppertal\" \/>\n<meta name=\"robots\" content=\"index, follow, max-snippet:-1, max-image-preview:large, max-video-preview:-1\" \/>\n<link rel=\"canonical\" href=\"https:\/\/internationaleducationcenters.de\/es\/producto\/aleman-para-la-profesion-enfermera-especificidades-del-sector-nivel-intermedio-ii-b1-2\/\" \/>\n<meta property=\"og:locale\" content=\"es_ES\" \/>\n<meta property=\"og:type\" content=\"article\" \/>\n<meta property=\"og:title\" content=\"Alem\u00e1n para la profesi\u00f3n enfermera - especificidades del sector - nivel intermedio II (B1.2)\" \/>\n<meta property=\"og:description\" content=\"Alem\u00e1n para la profesi\u00f3n enfermera: Aprende alem\u00e1n espec\u00edfico del sector a nivel intermedio (B1.2) con ejercicios pr\u00e1cticos en el IEC de Wuppertal\" \/>\n<meta property=\"og:url\" content=\"https:\/\/internationaleducationcenters.de\/es\/producto\/aleman-para-la-profesion-enfermera-especificidades-del-sector-nivel-intermedio-ii-b1-2\/\" \/>\n<meta property=\"og:site_name\" content=\"International Education Centers\" \/>\n<meta property=\"article:publisher\" content=\"https:\/\/www.facebook.com\/InternationalEducationCenters\/\" \/>\n<meta property=\"article:modified_time\" content=\"2025-11-18T14:04:54+00:00\" \/>\n<meta property=\"og:image\" content=\"https:\/\/internationaleducationcenters.de\/wp-content\/uploads\/2024\/01\/muslim-doctor-outside-near-the-hospital-2023-11-27-05-03-21-utc-scaled.jpg\" \/>\n\t<meta property=\"og:image:width\" content=\"2560\" \/>\n\t<meta property=\"og:image:height\" content=\"1707\" \/>\n\t<meta property=\"og:image:type\" content=\"image\/jpeg\" \/>\n<meta name=\"twitter:card\" content=\"summary_large_image\" \/>\n<meta name=\"twitter:label1\" content=\"Precio\" \/>\n\t<meta name=\"twitter:data1\" content=\"\" \/>\n\t<meta name=\"twitter:label2\" content=\"Disponibilidad\" \/>\n\t<meta name=\"twitter:data2\" content=\"Disponible\" \/>\n<script type=\"application\/ld+json\" class=\"yoast-schema-graph\">{\"@context\":\"https:\/\/schema.org\",\"@graph\":[{\"@type\":\"WebPage\",\"@id\":\"https:\/\/internationaleducationcenters.de\/es\/producto\/aleman-para-la-profesion-enfermera-especificidades-del-sector-nivel-intermedio-ii-b1-2\/\",\"url\":\"https:\/\/internationaleducationcenters.de\/es\/producto\/aleman-para-la-profesion-enfermera-especificidades-del-sector-nivel-intermedio-ii-b1-2\/\",\"name\":\"Alem\u00e1n para la profesi\u00f3n enfermera - especificidades del sector - nivel intermedio II (B1.2) - International Education Centers\",\"isPartOf\":{\"@id\":\"https:\/\/internationaleducationcenters.de\/es\/#website\"},\"primaryImageOfPage\":{\"@id\":\"https:\/\/internationaleducationcenters.de\/es\/producto\/aleman-para-la-profesion-enfermera-especificidades-del-sector-nivel-intermedio-ii-b1-2\/#primaryimage\"},\"image\":{\"@id\":\"https:\/\/internationaleducationcenters.de\/es\/producto\/aleman-para-la-profesion-enfermera-especificidades-del-sector-nivel-intermedio-ii-b1-2\/#primaryimage\"},\"thumbnailUrl\":\"https:\/\/internationaleducationcenters.de\/wp-content\/uploads\/2024\/01\/muslim-doctor-outside-near-the-hospital-2023-11-27-05-03-21-utc-scaled.jpg\",\"datePublished\":\"2025-09-26T08:02:54+00:00\",\"dateModified\":\"2025-11-18T14:04:54+00:00\",\"description\":\"Alem\u00e1n para la profesi\u00f3n enfermera: Aprende alem\u00e1n espec\u00edfico del sector a nivel intermedio (B1.2) con ejercicios pr\u00e1cticos en el IEC de Wuppertal\",\"breadcrumb\":{\"@id\":\"https:\/\/internationaleducationcenters.de\/es\/producto\/aleman-para-la-profesion-enfermera-especificidades-del-sector-nivel-intermedio-ii-b1-2\/#breadcrumb\"},\"inLanguage\":\"es\",\"potentialAction\":[{\"@type\":\"ReadAction\",\"target\":[\"https:\/\/internationaleducationcenters.de\/es\/producto\/aleman-para-la-profesion-enfermera-especificidades-del-sector-nivel-intermedio-ii-b1-2\/\"]}]},{\"@type\":\"ImageObject\",\"inLanguage\":\"es\",\"@id\":\"https:\/\/internationaleducationcenters.de\/es\/producto\/aleman-para-la-profesion-enfermera-especificidades-del-sector-nivel-intermedio-ii-b1-2\/#primaryimage\",\"url\":\"https:\/\/internationaleducationcenters.de\/wp-content\/uploads\/2024\/01\/muslim-doctor-outside-near-the-hospital-2023-11-27-05-03-21-utc-scaled.jpg\",\"contentUrl\":\"https:\/\/internationaleducationcenters.de\/wp-content\/uploads\/2024\/01\/muslim-doctor-outside-near-the-hospital-2023-11-27-05-03-21-utc-scaled.jpg\",\"width\":2560,\"height\":1707,\"caption\":\"A young Muslim woman doctor in a hijab and uniform with a stethoscope standing with a tablet on the street near the hospital building. Medicine and health care.\"},{\"@type\":\"BreadcrumbList\",\"@id\":\"https:\/\/internationaleducationcenters.de\/es\/producto\/aleman-para-la-profesion-enfermera-especificidades-del-sector-nivel-intermedio-ii-b1-2\/#breadcrumb\",\"itemListElement\":[{\"@type\":\"ListItem\",\"position\":1,\"name\":\"Home\",\"item\":\"https:\/\/internationaleducationcenters.de\/es\/\"},{\"@type\":\"ListItem\",\"position\":2,\"name\":\"Tienda\",\"item\":\"https:\/\/internationaleducationcenters.de\/es\/shop\/\"},{\"@type\":\"ListItem\",\"position\":3,\"name\":\"Alem\u00e1n para la profesi\u00f3n enfermera &#8211; especificidades del sector &#8211; nivel intermedio II (B1.2)\"}]},{\"@type\":\"WebSite\",\"@id\":\"https:\/\/internationaleducationcenters.de\/es\/#website\",\"url\":\"https:\/\/internationaleducationcenters.de\/es\/\",\"name\":\"International Education Centers\",\"description\":\"\",\"publisher\":{\"@id\":\"https:\/\/internationaleducationcenters.de\/es\/#organization\"},\"potentialAction\":[{\"@type\":\"SearchAction\",\"target\":{\"@type\":\"EntryPoint\",\"urlTemplate\":\"https:\/\/internationaleducationcenters.de\/es\/?s={search_term_string}\"},\"query-input\":{\"@type\":\"PropertyValueSpecification\",\"valueRequired\":true,\"valueName\":\"search_term_string\"}}],\"inLanguage\":\"es\"},{\"@type\":\"Organization\",\"@id\":\"https:\/\/internationaleducationcenters.de\/es\/#organization\",\"name\":\"International Education Centers\",\"alternateName\":\"IEC\",\"url\":\"https:\/\/internationaleducationcenters.de\/es\/\",\"logo\":{\"@type\":\"ImageObject\",\"inLanguage\":\"es\",\"@id\":\"https:\/\/internationaleducationcenters.de\/es\/#\/schema\/logo\/image\/\",\"url\":\"https:\/\/internationaleducationcenters.de\/wp-content\/uploads\/2025\/08\/IEC_favicon-1.png\",\"contentUrl\":\"https:\/\/internationaleducationcenters.de\/wp-content\/uploads\/2025\/08\/IEC_favicon-1.png\",\"width\":512,\"height\":512,\"caption\":\"International Education Centers\"},\"image\":{\"@id\":\"https:\/\/internationaleducationcenters.de\/es\/#\/schema\/logo\/image\/\"},\"sameAs\":[\"https:\/\/www.facebook.com\/InternationalEducationCenters\/\"]}]}<\/script>\n<meta property=\"product:price:currency\" content=\"EUR\" \/>\n<meta property=\"og:availability\" content=\"instock\" \/>\n<meta property=\"product:availability\" content=\"instock\" \/>\n<meta property=\"product:condition\" content=\"new\" \/>\n<!-- \/ Yoast SEO Premium plugin. -->","yoast_head_json":{"title":"Alem\u00e1n para la profesi\u00f3n enfermera - especificidades del sector - nivel intermedio II (B1.2) - International Education Centers","description":"Alem\u00e1n para la profesi\u00f3n enfermera: Aprende alem\u00e1n espec\u00edfico del sector a nivel intermedio (B1.2) con ejercicios pr\u00e1cticos en el IEC de Wuppertal","robots":{"index":"index","follow":"follow","max-snippet":"max-snippet:-1","max-image-preview":"max-image-preview:large","max-video-preview":"max-video-preview:-1"},"canonical":"https:\/\/internationaleducationcenters.de\/es\/producto\/aleman-para-la-profesion-enfermera-especificidades-del-sector-nivel-intermedio-ii-b1-2\/","og_locale":"es_ES","og_type":"article","og_title":"Alem\u00e1n para la profesi\u00f3n enfermera - especificidades del sector - nivel intermedio II (B1.2)","og_description":"Alem\u00e1n para la profesi\u00f3n enfermera: Aprende alem\u00e1n espec\u00edfico del sector a nivel intermedio (B1.2) con ejercicios pr\u00e1cticos en el IEC de Wuppertal","og_url":"https:\/\/internationaleducationcenters.de\/es\/producto\/aleman-para-la-profesion-enfermera-especificidades-del-sector-nivel-intermedio-ii-b1-2\/","og_site_name":"International Education Centers","article_publisher":"https:\/\/www.facebook.com\/InternationalEducationCenters\/","article_modified_time":"2025-11-18T14:04:54+00:00","og_image":[{"width":2560,"height":1707,"url":"https:\/\/internationaleducationcenters.de\/wp-content\/uploads\/2024\/01\/muslim-doctor-outside-near-the-hospital-2023-11-27-05-03-21-utc-scaled.jpg","type":"image\/jpeg"}],"twitter_card":"summary_large_image","twitter_misc":{"Precio":"","Disponibilidad":"Disponible"},"schema":{"@context":"https:\/\/schema.org","@graph":[{"@type":"WebPage","@id":"https:\/\/internationaleducationcenters.de\/es\/producto\/aleman-para-la-profesion-enfermera-especificidades-del-sector-nivel-intermedio-ii-b1-2\/","url":"https:\/\/internationaleducationcenters.de\/es\/producto\/aleman-para-la-profesion-enfermera-especificidades-del-sector-nivel-intermedio-ii-b1-2\/","name":"Alem\u00e1n para la profesi\u00f3n enfermera - especificidades del sector - nivel intermedio II (B1.2) - International Education Centers","isPartOf":{"@id":"https:\/\/internationaleducationcenters.de\/es\/#website"},"primaryImageOfPage":{"@id":"https:\/\/internationaleducationcenters.de\/es\/producto\/aleman-para-la-profesion-enfermera-especificidades-del-sector-nivel-intermedio-ii-b1-2\/#primaryimage"},"image":{"@id":"https:\/\/internationaleducationcenters.de\/es\/producto\/aleman-para-la-profesion-enfermera-especificidades-del-sector-nivel-intermedio-ii-b1-2\/#primaryimage"},"thumbnailUrl":"https:\/\/internationaleducationcenters.de\/wp-content\/uploads\/2024\/01\/muslim-doctor-outside-near-the-hospital-2023-11-27-05-03-21-utc-scaled.jpg","datePublished":"2025-09-26T08:02:54+00:00","dateModified":"2025-11-18T14:04:54+00:00","description":"Alem\u00e1n para la profesi\u00f3n enfermera: Aprende alem\u00e1n espec\u00edfico del sector a nivel intermedio (B1.2) con ejercicios pr\u00e1cticos en el IEC de Wuppertal","breadcrumb":{"@id":"https:\/\/internationaleducationcenters.de\/es\/producto\/aleman-para-la-profesion-enfermera-especificidades-del-sector-nivel-intermedio-ii-b1-2\/#breadcrumb"},"inLanguage":"es","potentialAction":[{"@type":"ReadAction","target":["https:\/\/internationaleducationcenters.de\/es\/producto\/aleman-para-la-profesion-enfermera-especificidades-del-sector-nivel-intermedio-ii-b1-2\/"]}]},{"@type":"ImageObject","inLanguage":"es","@id":"https:\/\/internationaleducationcenters.de\/es\/producto\/aleman-para-la-profesion-enfermera-especificidades-del-sector-nivel-intermedio-ii-b1-2\/#primaryimage","url":"https:\/\/internationaleducationcenters.de\/wp-content\/uploads\/2024\/01\/muslim-doctor-outside-near-the-hospital-2023-11-27-05-03-21-utc-scaled.jpg","contentUrl":"https:\/\/internationaleducationcenters.de\/wp-content\/uploads\/2024\/01\/muslim-doctor-outside-near-the-hospital-2023-11-27-05-03-21-utc-scaled.jpg","width":2560,"height":1707,"caption":"A young Muslim woman doctor in a hijab and uniform with a stethoscope standing with a tablet on the street near the hospital building. Medicine and health care."},{"@type":"BreadcrumbList","@id":"https:\/\/internationaleducationcenters.de\/es\/producto\/aleman-para-la-profesion-enfermera-especificidades-del-sector-nivel-intermedio-ii-b1-2\/#breadcrumb","itemListElement":[{"@type":"ListItem","position":1,"name":"Home","item":"https:\/\/internationaleducationcenters.de\/es\/"},{"@type":"ListItem","position":2,"name":"Tienda","item":"https:\/\/internationaleducationcenters.de\/es\/shop\/"},{"@type":"ListItem","position":3,"name":"Alem\u00e1n para la profesi\u00f3n enfermera &#8211; especificidades del sector &#8211; nivel intermedio II (B1.2)"}]},{"@type":"WebSite","@id":"https:\/\/internationaleducationcenters.de\/es\/#website","url":"https:\/\/internationaleducationcenters.de\/es\/","name":"International Education Centers","description":"","publisher":{"@id":"https:\/\/internationaleducationcenters.de\/es\/#organization"},"potentialAction":[{"@type":"SearchAction","target":{"@type":"EntryPoint","urlTemplate":"https:\/\/internationaleducationcenters.de\/es\/?s={search_term_string}"},"query-input":{"@type":"PropertyValueSpecification","valueRequired":true,"valueName":"search_term_string"}}],"inLanguage":"es"},{"@type":"Organization","@id":"https:\/\/internationaleducationcenters.de\/es\/#organization","name":"International Education Centers","alternateName":"IEC","url":"https:\/\/internationaleducationcenters.de\/es\/","logo":{"@type":"ImageObject","inLanguage":"es","@id":"https:\/\/internationaleducationcenters.de\/es\/#\/schema\/logo\/image\/","url":"https:\/\/internationaleducationcenters.de\/wp-content\/uploads\/2025\/08\/IEC_favicon-1.png","contentUrl":"https:\/\/internationaleducationcenters.de\/wp-content\/uploads\/2025\/08\/IEC_favicon-1.png","width":512,"height":512,"caption":"International Education Centers"},"image":{"@id":"https:\/\/internationaleducationcenters.de\/es\/#\/schema\/logo\/image\/"},"sameAs":["https:\/\/www.facebook.com\/InternationalEducationCenters\/"]}]},"product_price_currency":"EUR","og_availability":"instock","product_availability":"instock","product_condition":"new"},"_links":{"self":[{"href":"https:\/\/internationaleducationcenters.de\/es\/wp-json\/wp\/v2\/product\/17728","targetHints":{"allow":["GET"]}}],"collection":[{"href":"https:\/\/internationaleducationcenters.de\/es\/wp-json\/wp\/v2\/product"}],"about":[{"href":"https:\/\/internationaleducationcenters.de\/es\/wp-json\/wp\/v2\/types\/product"}],"replies":[{"embeddable":true,"href":"https:\/\/internationaleducationcenters.de\/es\/wp-json\/wp\/v2\/comments?post=17728"}],"version-history":[{"count":3,"href":"https:\/\/internationaleducationcenters.de\/es\/wp-json\/wp\/v2\/product\/17728\/revisions"}],"predecessor-version":[{"id":20769,"href":"https:\/\/internationaleducationcenters.de\/es\/wp-json\/wp\/v2\/product\/17728\/revisions\/20769"}],"wp:featuredmedia":[{"embeddable":true,"href":"https:\/\/internationaleducationcenters.de\/es\/wp-json\/wp\/v2\/media\/1727"}],"wp:attachment":[{"href":"https:\/\/internationaleducationcenters.de\/es\/wp-json\/wp\/v2\/media?parent=17728"}],"wp:term":[{"taxonomy":"product_brand","embeddable":true,"href":"https:\/\/internationaleducationcenters.de\/es\/wp-json\/wp\/v2\/product_brand?post=17728"},{"taxonomy":"product_cat","embeddable":true,"href":"https:\/\/internationaleducationcenters.de\/es\/wp-json\/wp\/v2\/product_cat?post=17728"},{"taxonomy":"product_tag","embeddable":true,"href":"https:\/\/internationaleducationcenters.de\/es\/wp-json\/wp\/v2\/product_tag?post=17728"}],"curies":[{"name":"wp","href":"https:\/\/api.w.org\/{rel}","templated":true}]}}