{"id":17742,"date":"2025-09-26T09:00:27","date_gmt":"2025-09-26T07:00:27","guid":{"rendered":"https:\/\/internationaleducationcenters.de\/kurs\/aleman-profesional-avanzado-curso-avanzado-para-el-sector-comercial\/"},"modified":"2025-11-18T15:30:45","modified_gmt":"2025-11-18T14:30:45","slug":"aleman-profesional-avanzado-curso-avanzado-para-el-sector-comercial","status":"publish","type":"product","link":"https:\/\/internationaleducationcenters.de\/es\/producto\/aleman-profesional-avanzado-curso-avanzado-para-el-sector-comercial\/","title":{"rendered":"Alem\u00e1n profesional avanzado &#8211; curso avanzado en el sector comercial"},"content":{"rendered":"\t\t<div data-elementor-type=\"product-post\" data-elementor-id=\"17742\" class=\"elementor elementor-17742 elementor-13931\" data-elementor-post-type=\"product\">\n\t\t\t\t<div class=\"elementor-element elementor-element-c9495ef e-flex e-con-boxed e-con e-parent\" data-id=\"c9495ef\" data-element_type=\"container\" data-e-type=\"container\">\n\t\t\t\t\t<div class=\"e-con-inner\">\n\t\t\t\t<div class=\"elementor-element elementor-element-4212b43 elementor-widget elementor-widget-text-editor\" data-id=\"4212b43\" data-element_type=\"widget\" data-e-type=\"widget\" data-widget_type=\"text-editor.default\">\n\t\t\t\t<div class=\"elementor-widget-container\">\n\t\t\t\t\t\t\t\t\t<p><strong>Un breve resumen<br><\/strong><br> Si quieres trabajar en el sector comercial, necesitas un alto nivel de competencia ling\u00fc\u00edstica<br>. Este curso te ense\u00f1a la gram\u00e1tica y el vocabulario<br>profesional para actividades comerciales<br>a nivel de experto C1. Estudiar\u00e1s en profundidad los siguientes<br>temas: Alem\u00e1n comercial, trabajo y carrera, solicitudes de empleo, lugar de trabajo,<br>citas, etiqueta, tel\u00e9fono, reuniones, cartas y correos electr\u00f3nicos,<br>escuela y sistema educativo en Alemania, transporte y movilidad,<br>reservas y reservas, pa\u00edses y habitantes, aspectos culturales de<br>Alemania, vivienda y vida, sentimientos y caracter\u00edsticas, comer y<br>beber, salud, documentos de solicitud de empleo y entrevistas, incluyendo<br>gram\u00e1tica relevante y vocabulario especializado a un nivel alto.  <\/p><p><strong>Contenido del curso<br><\/strong><br> Ense\u00f1anza de conocimientos avanzados en el \u00e1mbito comercial para<br>uso cotidiano del lenguaje en la oficina:<\/p><ul><li>Gram\u00e1tica alemana<\/li><li>Formaci\u00f3n de vocabulario<\/li><li>Consolidaci\u00f3n de ejercicios orales y escritos en<br>uso del lenguaje profesional<\/li><li>Aclaraci\u00f3n del debate<\/li><li>Ejercicios de aplicaci\u00f3n<\/li><li>Desarrollo de la capacidad de comprensi\u00f3n auditiva y lectora<\/li><\/ul><p><strong>Tus perspectivas profesionales tras continuar tu formaci\u00f3n en<br><\/strong><br> Despu\u00e9s del franc\u00e9s, el alem\u00e1n es la segunda lengua m\u00e1s frecuentemente aprendida en<br>la Uni\u00f3n Europea. Esto se debe en parte a que el alem\u00e1n es una de las lenguas m\u00e1s destacadas en los campos de la medicina, la biolog\u00eda, la qu\u00edmica, la farmacia, la ingenier\u00eda el\u00e9ctrica y electr\u00f3nica,<br>la ingenier\u00eda mec\u00e1nica, la construcci\u00f3n de veh\u00edculos, la diplomacia, las finanzas, el deporte, el turismo y en<br>la educaci\u00f3n.<br>Las personas de otros or\u00edgenes ling\u00fc\u00edsticos tambi\u00e9n mejoran sus posibilidades en el<br>mercado laboral alem\u00e1n y europeo porque Alemania bati\u00f3 nuevos r\u00e9cords en comercio internacional en 2013<br>. Esto hace que<br>el alem\u00e1n sea un idioma que te beneficiar\u00e1 profesionalmente no s\u00f3lo en Alemania, sino tambi\u00e9n<br>en tu pa\u00eds de origen. El sector comercial<br>ofrece una amplia gama de oportunidades de empleo a largo plazo. Por lo tanto, tras completar<br>este programa de perfeccionamiento a nivel de experto, tendr\u00e1s las mejores posibilidades de encontrar trabajo r\u00e1pidamente en<br>Alemania.    <br><br><\/p><p><strong>Requisitos<\/strong> de participaci\u00f3n <strong><br><\/strong><br> Los requisitos de participaci\u00f3n son un nivel ling\u00fc\u00edstico de C1 seg\u00fan el MCER o<br>otros conocimientos b\u00e1sicos demostrados de la lengua alemana<br>e idealmente formaci\u00f3n profesional \/ un t\u00edtulo o<br>experiencia laboral en el sector comercial. Los acuerdos precisos se realizan<br>en consulta con la oficina de empleo \/ agencia de colocaci\u00f3n o el municipio que opte a<br>.<br>Estamos a disposici\u00f3n de todos los interesados para una conversaci\u00f3n personal con el fin de aclarar sus requisitos individuales de participaci\u00f3n en<br>. <br><br><strong>Grupo destinatario<br><\/strong><br> El m\u00f3dulo est\u00e1 dirigido a inmigrantes y refugiados que ya tienen un alto nivel de<br>conocimientos de alem\u00e1n y que trabajan en profesiones comerciales o quieren trabajar<br>. El objetivo de Job Turbo es utilizar este potencial<br>y conseguir que la gente se incorpore r\u00e1pidamente al mundo laboral. <br><br><strong>Tu titulaci\u00f3n<br><\/strong><br> Certificado interno o certificado de participaci\u00f3n<br><br><strong>Financiaci\u00f3n con un vale de formaci\u00f3n<br><\/strong><br> Como proveedor autorizado conforme a la AZAV, la mayor\u00eda de nuestros cursos est\u00e1n certificados conforme a estrictos requisitos de calidad. Para ti, como cliente<br>de la agencia de colocaci\u00f3n o de la oficina de empleo, esto significa que tu participaci\u00f3n<br>es 100% subvencionable con un vale de formaci\u00f3n y, por tanto, gratuita para ti<br>. <\/p>\t\t\t\t\t\t\t\t<\/div>\n\t\t\t\t<\/div>\n\t\t\t\t\t<\/div>\n\t\t\t\t<\/div>\n\t\t\t\t<\/div>\n\t\t","protected":false},"excerpt":{"rendered":"<p>Mejora tu alem\u00e1n profesional para profesiones comerciales: con situaciones reales de oficina, vocabulario de la vida laboral cotidiana y ejercicios interactivos.<\/p>\n","protected":false},"featured_media":16546,"comment_status":"open","ping_status":"closed","template":"","meta":{"_acf_changed":false},"product_brand":[],"product_cat":[393],"product_tag":[467],"class_list":{"0":"post-17742","1":"product","2":"type-product","3":"status-publish","4":"has-post-thumbnail","6":"product_cat-cursos-de-idiomas-profesionales","7":"product_tag-diseno-profesional","9":"first","10":"instock","11":"taxable","12":"shipping-taxable","13":"product-type-simple"},"acf":[],"yoast_head":"<!-- This site is optimized with the Yoast SEO Premium plugin v25.9 (Yoast SEO v26.9) - https:\/\/yoast.com\/product\/yoast-seo-premium-wordpress\/ -->\n<title>Alem\u00e1n profesional avanzado - curso avanzado en el sector comercial - International Education Centers<\/title>\n<meta name=\"description\" content=\"Mejora tu alem\u00e1n profesional para profesiones comerciales. Curso avanzado con ejercicios pr\u00e1cticos de la vida laboral cotidiana. Empieza ahora en el IEC de Wuppertal.\" \/>\n<meta name=\"robots\" content=\"index, follow, max-snippet:-1, max-image-preview:large, max-video-preview:-1\" \/>\n<link rel=\"canonical\" href=\"https:\/\/internationaleducationcenters.de\/es\/producto\/aleman-profesional-avanzado-curso-avanzado-para-el-sector-comercial\/\" \/>\n<meta property=\"og:locale\" content=\"es_ES\" \/>\n<meta property=\"og:type\" content=\"article\" \/>\n<meta property=\"og:title\" content=\"Alem\u00e1n profesional avanzado - curso avanzado en el sector comercial\" \/>\n<meta property=\"og:description\" content=\"Mejora tu alem\u00e1n profesional para profesiones comerciales. Curso avanzado con ejercicios pr\u00e1cticos de la vida laboral cotidiana. Empieza ahora en el IEC de Wuppertal.\" \/>\n<meta property=\"og:url\" content=\"https:\/\/internationaleducationcenters.de\/es\/producto\/aleman-profesional-avanzado-curso-avanzado-para-el-sector-comercial\/\" \/>\n<meta property=\"og:site_name\" content=\"International Education Centers\" \/>\n<meta property=\"article:publisher\" content=\"https:\/\/www.facebook.com\/InternationalEducationCenters\/\" \/>\n<meta property=\"article:modified_time\" content=\"2025-11-18T14:30:45+00:00\" \/>\n<meta property=\"og:image\" content=\"https:\/\/internationaleducationcenters.de\/wp-content\/uploads\/2025\/09\/Deutsch-Aufbaukurs-fuer-den-kaufmaennischen-Bereich.jpg\" \/>\n\t<meta property=\"og:image:width\" content=\"547\" \/>\n\t<meta property=\"og:image:height\" content=\"372\" \/>\n\t<meta property=\"og:image:type\" content=\"image\/jpeg\" \/>\n<meta name=\"twitter:card\" content=\"summary_large_image\" \/>\n<meta name=\"twitter:label1\" content=\"Precio\" \/>\n\t<meta name=\"twitter:data1\" content=\"\" \/>\n\t<meta name=\"twitter:label2\" content=\"Disponibilidad\" \/>\n\t<meta name=\"twitter:data2\" content=\"Disponible\" \/>\n<script type=\"application\/ld+json\" class=\"yoast-schema-graph\">{\"@context\":\"https:\/\/schema.org\",\"@graph\":[{\"@type\":\"WebPage\",\"@id\":\"https:\/\/internationaleducationcenters.de\/es\/producto\/aleman-profesional-avanzado-curso-avanzado-para-el-sector-comercial\/\",\"url\":\"https:\/\/internationaleducationcenters.de\/es\/producto\/aleman-profesional-avanzado-curso-avanzado-para-el-sector-comercial\/\",\"name\":\"Alem\u00e1n profesional avanzado - curso avanzado en el sector comercial - International Education Centers\",\"isPartOf\":{\"@id\":\"https:\/\/internationaleducationcenters.de\/es\/#website\"},\"primaryImageOfPage\":{\"@id\":\"https:\/\/internationaleducationcenters.de\/es\/producto\/aleman-profesional-avanzado-curso-avanzado-para-el-sector-comercial\/#primaryimage\"},\"image\":{\"@id\":\"https:\/\/internationaleducationcenters.de\/es\/producto\/aleman-profesional-avanzado-curso-avanzado-para-el-sector-comercial\/#primaryimage\"},\"thumbnailUrl\":\"https:\/\/internationaleducationcenters.de\/wp-content\/uploads\/2025\/10\/pexels-pavel-danilyuk-8761561-scaled.jpg\",\"datePublished\":\"2025-09-26T07:00:27+00:00\",\"dateModified\":\"2025-11-18T14:30:45+00:00\",\"description\":\"Mejora tu alem\u00e1n profesional para profesiones comerciales. Curso avanzado con ejercicios pr\u00e1cticos de la vida laboral cotidiana. Empieza ahora en el IEC de Wuppertal.\",\"breadcrumb\":{\"@id\":\"https:\/\/internationaleducationcenters.de\/es\/producto\/aleman-profesional-avanzado-curso-avanzado-para-el-sector-comercial\/#breadcrumb\"},\"inLanguage\":\"es\",\"potentialAction\":[{\"@type\":\"ReadAction\",\"target\":[\"https:\/\/internationaleducationcenters.de\/es\/producto\/aleman-profesional-avanzado-curso-avanzado-para-el-sector-comercial\/\"]}]},{\"@type\":\"ImageObject\",\"inLanguage\":\"es\",\"@id\":\"https:\/\/internationaleducationcenters.de\/es\/producto\/aleman-profesional-avanzado-curso-avanzado-para-el-sector-comercial\/#primaryimage\",\"url\":\"https:\/\/internationaleducationcenters.de\/wp-content\/uploads\/2025\/10\/pexels-pavel-danilyuk-8761561-scaled.jpg\",\"contentUrl\":\"https:\/\/internationaleducationcenters.de\/wp-content\/uploads\/2025\/10\/pexels-pavel-danilyuk-8761561-scaled.jpg\",\"width\":2560,\"height\":1709,\"caption\":\"Qualifizierungschancengesetz (QCG) bei IEC in Wuppertal\"},{\"@type\":\"BreadcrumbList\",\"@id\":\"https:\/\/internationaleducationcenters.de\/es\/producto\/aleman-profesional-avanzado-curso-avanzado-para-el-sector-comercial\/#breadcrumb\",\"itemListElement\":[{\"@type\":\"ListItem\",\"position\":1,\"name\":\"Home\",\"item\":\"https:\/\/internationaleducationcenters.de\/es\/\"},{\"@type\":\"ListItem\",\"position\":2,\"name\":\"Tienda\",\"item\":\"https:\/\/internationaleducationcenters.de\/es\/shop\/\"},{\"@type\":\"ListItem\",\"position\":3,\"name\":\"Alem\u00e1n profesional avanzado &#8211; curso avanzado en el sector comercial\"}]},{\"@type\":\"WebSite\",\"@id\":\"https:\/\/internationaleducationcenters.de\/es\/#website\",\"url\":\"https:\/\/internationaleducationcenters.de\/es\/\",\"name\":\"International Education Centers\",\"description\":\"\",\"publisher\":{\"@id\":\"https:\/\/internationaleducationcenters.de\/es\/#organization\"},\"potentialAction\":[{\"@type\":\"SearchAction\",\"target\":{\"@type\":\"EntryPoint\",\"urlTemplate\":\"https:\/\/internationaleducationcenters.de\/es\/?s={search_term_string}\"},\"query-input\":{\"@type\":\"PropertyValueSpecification\",\"valueRequired\":true,\"valueName\":\"search_term_string\"}}],\"inLanguage\":\"es\"},{\"@type\":\"Organization\",\"@id\":\"https:\/\/internationaleducationcenters.de\/es\/#organization\",\"name\":\"International Education Centers\",\"alternateName\":\"IEC\",\"url\":\"https:\/\/internationaleducationcenters.de\/es\/\",\"logo\":{\"@type\":\"ImageObject\",\"inLanguage\":\"es\",\"@id\":\"https:\/\/internationaleducationcenters.de\/es\/#\/schema\/logo\/image\/\",\"url\":\"https:\/\/internationaleducationcenters.de\/wp-content\/uploads\/2025\/08\/IEC_favicon-1.png\",\"contentUrl\":\"https:\/\/internationaleducationcenters.de\/wp-content\/uploads\/2025\/08\/IEC_favicon-1.png\",\"width\":512,\"height\":512,\"caption\":\"International Education Centers\"},\"image\":{\"@id\":\"https:\/\/internationaleducationcenters.de\/es\/#\/schema\/logo\/image\/\"},\"sameAs\":[\"https:\/\/www.facebook.com\/InternationalEducationCenters\/\"]}]}<\/script>\n<meta property=\"product:price:currency\" content=\"EUR\" \/>\n<meta property=\"og:availability\" content=\"instock\" \/>\n<meta property=\"product:availability\" content=\"instock\" \/>\n<meta property=\"product:condition\" content=\"new\" \/>\n<!-- \/ Yoast SEO Premium plugin. -->","yoast_head_json":{"title":"Alem\u00e1n profesional avanzado - curso avanzado en el sector comercial - International Education Centers","description":"Mejora tu alem\u00e1n profesional para profesiones comerciales. Curso avanzado con ejercicios pr\u00e1cticos de la vida laboral cotidiana. Empieza ahora en el IEC de Wuppertal.","robots":{"index":"index","follow":"follow","max-snippet":"max-snippet:-1","max-image-preview":"max-image-preview:large","max-video-preview":"max-video-preview:-1"},"canonical":"https:\/\/internationaleducationcenters.de\/es\/producto\/aleman-profesional-avanzado-curso-avanzado-para-el-sector-comercial\/","og_locale":"es_ES","og_type":"article","og_title":"Alem\u00e1n profesional avanzado - curso avanzado en el sector comercial","og_description":"Mejora tu alem\u00e1n profesional para profesiones comerciales. Curso avanzado con ejercicios pr\u00e1cticos de la vida laboral cotidiana. Empieza ahora en el IEC de Wuppertal.","og_url":"https:\/\/internationaleducationcenters.de\/es\/producto\/aleman-profesional-avanzado-curso-avanzado-para-el-sector-comercial\/","og_site_name":"International Education Centers","article_publisher":"https:\/\/www.facebook.com\/InternationalEducationCenters\/","article_modified_time":"2025-11-18T14:30:45+00:00","og_image":[{"width":547,"height":372,"url":"https:\/\/internationaleducationcenters.de\/wp-content\/uploads\/2025\/09\/Deutsch-Aufbaukurs-fuer-den-kaufmaennischen-Bereich.jpg","type":"image\/jpeg"}],"twitter_card":"summary_large_image","twitter_misc":{"Precio":"","Disponibilidad":"Disponible"},"schema":{"@context":"https:\/\/schema.org","@graph":[{"@type":"WebPage","@id":"https:\/\/internationaleducationcenters.de\/es\/producto\/aleman-profesional-avanzado-curso-avanzado-para-el-sector-comercial\/","url":"https:\/\/internationaleducationcenters.de\/es\/producto\/aleman-profesional-avanzado-curso-avanzado-para-el-sector-comercial\/","name":"Alem\u00e1n profesional avanzado - curso avanzado en el sector comercial - International Education Centers","isPartOf":{"@id":"https:\/\/internationaleducationcenters.de\/es\/#website"},"primaryImageOfPage":{"@id":"https:\/\/internationaleducationcenters.de\/es\/producto\/aleman-profesional-avanzado-curso-avanzado-para-el-sector-comercial\/#primaryimage"},"image":{"@id":"https:\/\/internationaleducationcenters.de\/es\/producto\/aleman-profesional-avanzado-curso-avanzado-para-el-sector-comercial\/#primaryimage"},"thumbnailUrl":"https:\/\/internationaleducationcenters.de\/wp-content\/uploads\/2025\/10\/pexels-pavel-danilyuk-8761561-scaled.jpg","datePublished":"2025-09-26T07:00:27+00:00","dateModified":"2025-11-18T14:30:45+00:00","description":"Mejora tu alem\u00e1n profesional para profesiones comerciales. Curso avanzado con ejercicios pr\u00e1cticos de la vida laboral cotidiana. Empieza ahora en el IEC de Wuppertal.","breadcrumb":{"@id":"https:\/\/internationaleducationcenters.de\/es\/producto\/aleman-profesional-avanzado-curso-avanzado-para-el-sector-comercial\/#breadcrumb"},"inLanguage":"es","potentialAction":[{"@type":"ReadAction","target":["https:\/\/internationaleducationcenters.de\/es\/producto\/aleman-profesional-avanzado-curso-avanzado-para-el-sector-comercial\/"]}]},{"@type":"ImageObject","inLanguage":"es","@id":"https:\/\/internationaleducationcenters.de\/es\/producto\/aleman-profesional-avanzado-curso-avanzado-para-el-sector-comercial\/#primaryimage","url":"https:\/\/internationaleducationcenters.de\/wp-content\/uploads\/2025\/10\/pexels-pavel-danilyuk-8761561-scaled.jpg","contentUrl":"https:\/\/internationaleducationcenters.de\/wp-content\/uploads\/2025\/10\/pexels-pavel-danilyuk-8761561-scaled.jpg","width":2560,"height":1709,"caption":"Qualifizierungschancengesetz (QCG) bei IEC in Wuppertal"},{"@type":"BreadcrumbList","@id":"https:\/\/internationaleducationcenters.de\/es\/producto\/aleman-profesional-avanzado-curso-avanzado-para-el-sector-comercial\/#breadcrumb","itemListElement":[{"@type":"ListItem","position":1,"name":"Home","item":"https:\/\/internationaleducationcenters.de\/es\/"},{"@type":"ListItem","position":2,"name":"Tienda","item":"https:\/\/internationaleducationcenters.de\/es\/shop\/"},{"@type":"ListItem","position":3,"name":"Alem\u00e1n profesional avanzado &#8211; curso avanzado en el sector comercial"}]},{"@type":"WebSite","@id":"https:\/\/internationaleducationcenters.de\/es\/#website","url":"https:\/\/internationaleducationcenters.de\/es\/","name":"International Education Centers","description":"","publisher":{"@id":"https:\/\/internationaleducationcenters.de\/es\/#organization"},"potentialAction":[{"@type":"SearchAction","target":{"@type":"EntryPoint","urlTemplate":"https:\/\/internationaleducationcenters.de\/es\/?s={search_term_string}"},"query-input":{"@type":"PropertyValueSpecification","valueRequired":true,"valueName":"search_term_string"}}],"inLanguage":"es"},{"@type":"Organization","@id":"https:\/\/internationaleducationcenters.de\/es\/#organization","name":"International Education Centers","alternateName":"IEC","url":"https:\/\/internationaleducationcenters.de\/es\/","logo":{"@type":"ImageObject","inLanguage":"es","@id":"https:\/\/internationaleducationcenters.de\/es\/#\/schema\/logo\/image\/","url":"https:\/\/internationaleducationcenters.de\/wp-content\/uploads\/2025\/08\/IEC_favicon-1.png","contentUrl":"https:\/\/internationaleducationcenters.de\/wp-content\/uploads\/2025\/08\/IEC_favicon-1.png","width":512,"height":512,"caption":"International Education Centers"},"image":{"@id":"https:\/\/internationaleducationcenters.de\/es\/#\/schema\/logo\/image\/"},"sameAs":["https:\/\/www.facebook.com\/InternationalEducationCenters\/"]}]},"product_price_currency":"EUR","og_availability":"instock","product_availability":"instock","product_condition":"new"},"_links":{"self":[{"href":"https:\/\/internationaleducationcenters.de\/es\/wp-json\/wp\/v2\/product\/17742","targetHints":{"allow":["GET"]}}],"collection":[{"href":"https:\/\/internationaleducationcenters.de\/es\/wp-json\/wp\/v2\/product"}],"about":[{"href":"https:\/\/internationaleducationcenters.de\/es\/wp-json\/wp\/v2\/types\/product"}],"replies":[{"embeddable":true,"href":"https:\/\/internationaleducationcenters.de\/es\/wp-json\/wp\/v2\/comments?post=17742"}],"version-history":[{"count":3,"href":"https:\/\/internationaleducationcenters.de\/es\/wp-json\/wp\/v2\/product\/17742\/revisions"}],"predecessor-version":[{"id":20793,"href":"https:\/\/internationaleducationcenters.de\/es\/wp-json\/wp\/v2\/product\/17742\/revisions\/20793"}],"wp:featuredmedia":[{"embeddable":true,"href":"https:\/\/internationaleducationcenters.de\/es\/wp-json\/wp\/v2\/media\/16546"}],"wp:attachment":[{"href":"https:\/\/internationaleducationcenters.de\/es\/wp-json\/wp\/v2\/media?parent=17742"}],"wp:term":[{"taxonomy":"product_brand","embeddable":true,"href":"https:\/\/internationaleducationcenters.de\/es\/wp-json\/wp\/v2\/product_brand?post=17742"},{"taxonomy":"product_cat","embeddable":true,"href":"https:\/\/internationaleducationcenters.de\/es\/wp-json\/wp\/v2\/product_cat?post=17742"},{"taxonomy":"product_tag","embeddable":true,"href":"https:\/\/internationaleducationcenters.de\/es\/wp-json\/wp\/v2\/product_tag?post=17742"}],"curies":[{"name":"wp","href":"https:\/\/api.w.org\/{rel}","templated":true}]}}