{"id":3776,"date":"2024-03-07T11:57:38","date_gmt":"2024-03-07T10:57:38","guid":{"rendered":"https:\/\/internationaleducationcenters.de\/kurs\/curso-para-padres\/"},"modified":"2025-12-01T11:25:49","modified_gmt":"2025-12-01T10:25:49","slug":"curso-para-padres","status":"publish","type":"product","link":"https:\/\/internationaleducationcenters.de\/es\/producto\/curso-para-padres\/","title":{"rendered":"Curso para padres"},"content":{"rendered":"\t\t<div data-elementor-type=\"product-post\" data-elementor-id=\"3776\" class=\"elementor elementor-3776 elementor-2233\" data-elementor-post-type=\"product\">\n\t\t\t\t<div class=\"elementor-element elementor-element-cffd366 e-flex e-con-boxed e-con e-parent\" data-id=\"cffd366\" data-element_type=\"container\" data-e-type=\"container\">\n\t\t\t\t\t<div class=\"e-con-inner\">\n\t\t\t\t<div class=\"elementor-element elementor-element-7cf9465 elementor-widget elementor-widget-text-editor\" data-id=\"7cf9465\" data-element_type=\"widget\" data-e-type=\"widget\" data-widget_type=\"text-editor.default\">\n\t\t\t\t<div class=\"elementor-widget-container\">\n\t\t\t\t\t\t\t\t\t<p>Un <strong>curso de paternidad<\/strong> es un programa educativo que ayuda a los padres a mejorar sus habilidades parentales y a apoyar a sus hijos de la mejor manera posible. Estos cursos ofrecen informaci\u00f3n valiosa y consejos pr\u00e1cticos sobre diversos temas relacionados con la crianza y la vida familiar. <\/p><p>He aqu\u00ed algunos contenidos t\u00edpicos de un curso para padres:<\/p><ol><li><strong>Estilos y m\u00e9todos de crianza<\/strong>: diferentes enfoques y sus efectos en el desarrollo infantil.<\/li><li><strong>Comunicaci\u00f3n<\/strong>: T\u00e9cnicas de comunicaci\u00f3n eficaces para establecer una relaci\u00f3n positiva con los ni\u00f1os.<\/li><li><strong>Resoluci\u00f3n de conflictos<\/strong>: Estrategias para afrontar los conflictos en la familia.<\/li><li>Etapas <strong>del desarrollo<\/strong>: Comprender las distintas etapas de desarrollo de los ni\u00f1os y adolescentes.<\/li><li><strong>Salud y nutrici\u00f3n<\/strong>: Informaci\u00f3n sobre alimentaci\u00f3n sana y promoci\u00f3n de la salud f\u00edsica y mental de los ni\u00f1os.<\/li><li><strong>Educaci\u00f3n y apoyo<\/strong>: Apoyo a las actividades escolares y extraescolares de los ni\u00f1os.<\/li><\/ol><p>Los cursos para padres tambi\u00e9n ofrecen la oportunidad de intercambiar ideas con otros padres y aprender unos de otros.  <\/p>\t\t\t\t\t\t\t\t<\/div>\n\t\t\t\t<\/div>\n\t\t\t\t\t<\/div>\n\t\t\t\t<\/div>\n\t\t\t\t<\/div>\n\t\t","protected":false},"excerpt":{"rendered":"<p data-start=\"212\" data-end=\"614\">El <strong data-start=\"216\" data-end=\"230\">curso de crianza<\/strong> est\u00e1 dirigido a todas las madres y padres que quieran apoyar activa y conscientemente a sus hijos en su crianza.<\/p>\n<p data-start=\"2091\" data-end=\"2231\">\n","protected":false},"featured_media":7415,"comment_status":"closed","ping_status":"closed","template":"","meta":{"_acf_changed":false},"product_brand":[],"product_cat":[177],"product_tag":[179,178],"class_list":{"0":"post-3776","1":"product","2":"type-product","3":"status-publish","4":"has-post-thumbnail","6":"product_cat-cursos-de-aleman-subvencionados-por-la-bamf","7":"product_tag-buyoption-external-redirect-es","8":"product_tag-cursos-de-aleman-financiados-por-el-bamf","10":"first","11":"instock","12":"purchasable","13":"product-type-simple"},"acf":[],"yoast_head":"<!-- This site is optimized with the Yoast SEO Premium plugin v25.9 (Yoast SEO v26.9) - https:\/\/yoast.com\/product\/yoast-seo-premium-wordpress\/ -->\n<title>Curso para padres - International Education Centers<\/title>\n<meta name=\"description\" content=\"&quot;El curso de crianza ayuda a las mam\u00e1s y a los pap\u00e1s a apoyar mejor a sus hijos. En este curso aprender\u00e1s estilos de crianza.con IEC en Wuppertal\" \/>\n<meta name=\"robots\" content=\"index, follow, max-snippet:-1, max-image-preview:large, max-video-preview:-1\" \/>\n<link rel=\"canonical\" href=\"https:\/\/internationaleducationcenters.de\/es\/producto\/curso-para-padres\/\" \/>\n<meta property=\"og:locale\" content=\"es_ES\" \/>\n<meta property=\"og:type\" content=\"article\" \/>\n<meta property=\"og:title\" content=\"Curso para padres\" \/>\n<meta property=\"og:description\" content=\"&quot;El curso de crianza ayuda a las mam\u00e1s y a los pap\u00e1s a apoyar mejor a sus hijos. En este curso aprender\u00e1s estilos de crianza.con IEC en Wuppertal\" \/>\n<meta property=\"og:url\" content=\"https:\/\/internationaleducationcenters.de\/es\/producto\/curso-para-padres\/\" \/>\n<meta property=\"og:site_name\" content=\"International Education Centers\" \/>\n<meta property=\"article:publisher\" content=\"https:\/\/www.facebook.com\/InternationalEducationCenters\/\" \/>\n<meta property=\"article:modified_time\" content=\"2025-12-01T10:25:49+00:00\" \/>\n<meta property=\"og:image\" content=\"https:\/\/internationaleducationcenters.de\/wp-content\/uploads\/2024\/03\/Elternkurs.jpg\" \/>\n\t<meta property=\"og:image:width\" content=\"300\" \/>\n\t<meta property=\"og:image:height\" content=\"200\" \/>\n\t<meta property=\"og:image:type\" content=\"image\/jpeg\" \/>\n<meta name=\"twitter:card\" content=\"summary_large_image\" \/>\n<meta name=\"twitter:label1\" content=\"Precio\" \/>\n\t<meta name=\"twitter:data1\" content=\"458,00&nbsp;&euro;\" \/>\n\t<meta name=\"twitter:label2\" content=\"Disponibilidad\" \/>\n\t<meta name=\"twitter:data2\" content=\"Disponible\" \/>\n<script type=\"application\/ld+json\" class=\"yoast-schema-graph\">{\"@context\":\"https:\/\/schema.org\",\"@graph\":[{\"@type\":\"WebPage\",\"@id\":\"https:\/\/internationaleducationcenters.de\/es\/producto\/curso-para-padres\/\",\"url\":\"https:\/\/internationaleducationcenters.de\/es\/producto\/curso-para-padres\/\",\"name\":\"Curso para padres - International Education Centers\",\"isPartOf\":{\"@id\":\"https:\/\/internationaleducationcenters.de\/es\/#website\"},\"primaryImageOfPage\":{\"@id\":\"https:\/\/internationaleducationcenters.de\/es\/producto\/curso-para-padres\/#primaryimage\"},\"image\":{\"@id\":\"https:\/\/internationaleducationcenters.de\/es\/producto\/curso-para-padres\/#primaryimage\"},\"thumbnailUrl\":\"https:\/\/internationaleducationcenters.de\/wp-content\/uploads\/2024\/03\/Elternkurs.jpg\",\"datePublished\":\"2024-03-07T10:57:38+00:00\",\"dateModified\":\"2025-12-01T10:25:49+00:00\",\"description\":\"\\\"El curso de crianza ayuda a las mam\u00e1s y a los pap\u00e1s a apoyar mejor a sus hijos. En este curso aprender\u00e1s estilos de crianza.con IEC en Wuppertal\",\"breadcrumb\":{\"@id\":\"https:\/\/internationaleducationcenters.de\/es\/producto\/curso-para-padres\/#breadcrumb\"},\"inLanguage\":\"es\",\"potentialAction\":[{\"@type\":\"ReadAction\",\"target\":[\"https:\/\/internationaleducationcenters.de\/es\/producto\/curso-para-padres\/\"]}]},{\"@type\":\"ImageObject\",\"inLanguage\":\"es\",\"@id\":\"https:\/\/internationaleducationcenters.de\/es\/producto\/curso-para-padres\/#primaryimage\",\"url\":\"https:\/\/internationaleducationcenters.de\/wp-content\/uploads\/2024\/03\/Elternkurs.jpg\",\"contentUrl\":\"https:\/\/internationaleducationcenters.de\/wp-content\/uploads\/2024\/03\/Elternkurs.jpg\",\"width\":300,\"height\":200,\"caption\":\"Integration f\u00fcr Frauen und Eltern\"},{\"@type\":\"BreadcrumbList\",\"@id\":\"https:\/\/internationaleducationcenters.de\/es\/producto\/curso-para-padres\/#breadcrumb\",\"itemListElement\":[{\"@type\":\"ListItem\",\"position\":1,\"name\":\"Home\",\"item\":\"https:\/\/internationaleducationcenters.de\/es\/\"},{\"@type\":\"ListItem\",\"position\":2,\"name\":\"Tienda\",\"item\":\"https:\/\/internationaleducationcenters.de\/es\/shop\/\"},{\"@type\":\"ListItem\",\"position\":3,\"name\":\"Curso para padres\"}]},{\"@type\":\"WebSite\",\"@id\":\"https:\/\/internationaleducationcenters.de\/es\/#website\",\"url\":\"https:\/\/internationaleducationcenters.de\/es\/\",\"name\":\"International Education Centers\",\"description\":\"\",\"publisher\":{\"@id\":\"https:\/\/internationaleducationcenters.de\/es\/#organization\"},\"potentialAction\":[{\"@type\":\"SearchAction\",\"target\":{\"@type\":\"EntryPoint\",\"urlTemplate\":\"https:\/\/internationaleducationcenters.de\/es\/?s={search_term_string}\"},\"query-input\":{\"@type\":\"PropertyValueSpecification\",\"valueRequired\":true,\"valueName\":\"search_term_string\"}}],\"inLanguage\":\"es\"},{\"@type\":\"Organization\",\"@id\":\"https:\/\/internationaleducationcenters.de\/es\/#organization\",\"name\":\"International Education Centers\",\"alternateName\":\"IEC\",\"url\":\"https:\/\/internationaleducationcenters.de\/es\/\",\"logo\":{\"@type\":\"ImageObject\",\"inLanguage\":\"es\",\"@id\":\"https:\/\/internationaleducationcenters.de\/es\/#\/schema\/logo\/image\/\",\"url\":\"https:\/\/internationaleducationcenters.de\/wp-content\/uploads\/2025\/08\/IEC_favicon-1.png\",\"contentUrl\":\"https:\/\/internationaleducationcenters.de\/wp-content\/uploads\/2025\/08\/IEC_favicon-1.png\",\"width\":512,\"height\":512,\"caption\":\"International Education Centers\"},\"image\":{\"@id\":\"https:\/\/internationaleducationcenters.de\/es\/#\/schema\/logo\/image\/\"},\"sameAs\":[\"https:\/\/www.facebook.com\/InternationalEducationCenters\/\"]}]}<\/script>\n<meta property=\"product:price:amount\" content=\"458.00\" \/>\n<meta property=\"product:price:currency\" content=\"EUR\" \/>\n<meta property=\"og:availability\" content=\"instock\" \/>\n<meta property=\"product:availability\" content=\"instock\" \/>\n<meta property=\"product:condition\" content=\"new\" \/>\n<!-- \/ Yoast SEO Premium plugin. -->","yoast_head_json":{"title":"Curso para padres - International Education Centers","description":"\"El curso de crianza ayuda a las mam\u00e1s y a los pap\u00e1s a apoyar mejor a sus hijos. En este curso aprender\u00e1s estilos de crianza.con IEC en Wuppertal","robots":{"index":"index","follow":"follow","max-snippet":"max-snippet:-1","max-image-preview":"max-image-preview:large","max-video-preview":"max-video-preview:-1"},"canonical":"https:\/\/internationaleducationcenters.de\/es\/producto\/curso-para-padres\/","og_locale":"es_ES","og_type":"article","og_title":"Curso para padres","og_description":"\"El curso de crianza ayuda a las mam\u00e1s y a los pap\u00e1s a apoyar mejor a sus hijos. En este curso aprender\u00e1s estilos de crianza.con IEC en Wuppertal","og_url":"https:\/\/internationaleducationcenters.de\/es\/producto\/curso-para-padres\/","og_site_name":"International Education Centers","article_publisher":"https:\/\/www.facebook.com\/InternationalEducationCenters\/","article_modified_time":"2025-12-01T10:25:49+00:00","og_image":[{"width":300,"height":200,"url":"https:\/\/internationaleducationcenters.de\/wp-content\/uploads\/2024\/03\/Elternkurs.jpg","type":"image\/jpeg"}],"twitter_card":"summary_large_image","twitter_misc":{"Precio":"458,00&nbsp;&euro;","Disponibilidad":"Disponible"},"schema":{"@context":"https:\/\/schema.org","@graph":[{"@type":"WebPage","@id":"https:\/\/internationaleducationcenters.de\/es\/producto\/curso-para-padres\/","url":"https:\/\/internationaleducationcenters.de\/es\/producto\/curso-para-padres\/","name":"Curso para padres - International Education Centers","isPartOf":{"@id":"https:\/\/internationaleducationcenters.de\/es\/#website"},"primaryImageOfPage":{"@id":"https:\/\/internationaleducationcenters.de\/es\/producto\/curso-para-padres\/#primaryimage"},"image":{"@id":"https:\/\/internationaleducationcenters.de\/es\/producto\/curso-para-padres\/#primaryimage"},"thumbnailUrl":"https:\/\/internationaleducationcenters.de\/wp-content\/uploads\/2024\/03\/Elternkurs.jpg","datePublished":"2024-03-07T10:57:38+00:00","dateModified":"2025-12-01T10:25:49+00:00","description":"\"El curso de crianza ayuda a las mam\u00e1s y a los pap\u00e1s a apoyar mejor a sus hijos. En este curso aprender\u00e1s estilos de crianza.con IEC en Wuppertal","breadcrumb":{"@id":"https:\/\/internationaleducationcenters.de\/es\/producto\/curso-para-padres\/#breadcrumb"},"inLanguage":"es","potentialAction":[{"@type":"ReadAction","target":["https:\/\/internationaleducationcenters.de\/es\/producto\/curso-para-padres\/"]}]},{"@type":"ImageObject","inLanguage":"es","@id":"https:\/\/internationaleducationcenters.de\/es\/producto\/curso-para-padres\/#primaryimage","url":"https:\/\/internationaleducationcenters.de\/wp-content\/uploads\/2024\/03\/Elternkurs.jpg","contentUrl":"https:\/\/internationaleducationcenters.de\/wp-content\/uploads\/2024\/03\/Elternkurs.jpg","width":300,"height":200,"caption":"Integration f\u00fcr Frauen und Eltern"},{"@type":"BreadcrumbList","@id":"https:\/\/internationaleducationcenters.de\/es\/producto\/curso-para-padres\/#breadcrumb","itemListElement":[{"@type":"ListItem","position":1,"name":"Home","item":"https:\/\/internationaleducationcenters.de\/es\/"},{"@type":"ListItem","position":2,"name":"Tienda","item":"https:\/\/internationaleducationcenters.de\/es\/shop\/"},{"@type":"ListItem","position":3,"name":"Curso para padres"}]},{"@type":"WebSite","@id":"https:\/\/internationaleducationcenters.de\/es\/#website","url":"https:\/\/internationaleducationcenters.de\/es\/","name":"International Education Centers","description":"","publisher":{"@id":"https:\/\/internationaleducationcenters.de\/es\/#organization"},"potentialAction":[{"@type":"SearchAction","target":{"@type":"EntryPoint","urlTemplate":"https:\/\/internationaleducationcenters.de\/es\/?s={search_term_string}"},"query-input":{"@type":"PropertyValueSpecification","valueRequired":true,"valueName":"search_term_string"}}],"inLanguage":"es"},{"@type":"Organization","@id":"https:\/\/internationaleducationcenters.de\/es\/#organization","name":"International Education Centers","alternateName":"IEC","url":"https:\/\/internationaleducationcenters.de\/es\/","logo":{"@type":"ImageObject","inLanguage":"es","@id":"https:\/\/internationaleducationcenters.de\/es\/#\/schema\/logo\/image\/","url":"https:\/\/internationaleducationcenters.de\/wp-content\/uploads\/2025\/08\/IEC_favicon-1.png","contentUrl":"https:\/\/internationaleducationcenters.de\/wp-content\/uploads\/2025\/08\/IEC_favicon-1.png","width":512,"height":512,"caption":"International Education Centers"},"image":{"@id":"https:\/\/internationaleducationcenters.de\/es\/#\/schema\/logo\/image\/"},"sameAs":["https:\/\/www.facebook.com\/InternationalEducationCenters\/"]}]},"product_price_amount":"458.00","product_price_currency":"EUR","og_availability":"instock","product_availability":"instock","product_condition":"new"},"_links":{"self":[{"href":"https:\/\/internationaleducationcenters.de\/es\/wp-json\/wp\/v2\/product\/3776","targetHints":{"allow":["GET"]}}],"collection":[{"href":"https:\/\/internationaleducationcenters.de\/es\/wp-json\/wp\/v2\/product"}],"about":[{"href":"https:\/\/internationaleducationcenters.de\/es\/wp-json\/wp\/v2\/types\/product"}],"replies":[{"embeddable":true,"href":"https:\/\/internationaleducationcenters.de\/es\/wp-json\/wp\/v2\/comments?post=3776"}],"version-history":[{"count":3,"href":"https:\/\/internationaleducationcenters.de\/es\/wp-json\/wp\/v2\/product\/3776\/revisions"}],"predecessor-version":[{"id":21786,"href":"https:\/\/internationaleducationcenters.de\/es\/wp-json\/wp\/v2\/product\/3776\/revisions\/21786"}],"wp:featuredmedia":[{"embeddable":true,"href":"https:\/\/internationaleducationcenters.de\/es\/wp-json\/wp\/v2\/media\/7415"}],"wp:attachment":[{"href":"https:\/\/internationaleducationcenters.de\/es\/wp-json\/wp\/v2\/media?parent=3776"}],"wp:term":[{"taxonomy":"product_brand","embeddable":true,"href":"https:\/\/internationaleducationcenters.de\/es\/wp-json\/wp\/v2\/product_brand?post=3776"},{"taxonomy":"product_cat","embeddable":true,"href":"https:\/\/internationaleducationcenters.de\/es\/wp-json\/wp\/v2\/product_cat?post=3776"},{"taxonomy":"product_tag","embeddable":true,"href":"https:\/\/internationaleducationcenters.de\/es\/wp-json\/wp\/v2\/product_tag?post=3776"}],"curies":[{"name":"wp","href":"https:\/\/api.w.org\/{rel}","templated":true}]}}