{"id":3795,"date":"2024-06-03T20:46:29","date_gmt":"2024-06-03T18:46:29","guid":{"rendered":"https:\/\/internationaleducationcenters.de\/kurs\/curso-de-integracion-general-en-linea\/"},"modified":"2025-12-01T09:57:39","modified_gmt":"2025-12-01T08:57:39","slug":"curso-de-integracion-general-en-linea","status":"publish","type":"product","link":"https:\/\/internationaleducationcenters.de\/es\/producto\/curso-de-integracion-general-en-linea\/","title":{"rendered":"Curso de integraci\u00f3n general en l\u00ednea"},"content":{"rendered":"<h2>Aprende alem\u00e1n: mejora tus posibilidades<\/h2>\n<p>\u00bfTe gustar\u00eda aprender alem\u00e1n desde la comodidad de tu casa? Aprovecha nuestra oferta: Nuestro curso de integraci\u00f3n tiene lugar en el aula virtual y te ofrece la oportunidad de mejorar tus conocimientos ling\u00fc\u00edsticos y aumentar tus posibilidades en Alemania.<\/p>\n<h2>Contenido del curso<\/h2>\n<p>El contenido de nuestro curso se basa en el concepto especificado por la Oficina Federal de Migraci\u00f3n y Refugiados (BAMF). El curso de alem\u00e1n se imparte \u00edntegramente en l\u00ednea. Antes de empezar, te asesoraremos individualmente y determinaremos tu nivel de idioma. En un evento de incorporaci\u00f3n, recibir\u00e1s una sesi\u00f3n informativa detallada y todos los datos de acceso necesarios para ense\u00f1ar en el aula virtual.<\/p>\n<h2>Nuestros cursos de idiomas:<\/h2>\n<ul>\n<li><strong>600 unidades did\u00e1cticas de 45 minutos cada una<\/strong>, ampliables en 300 unidades si es necesario.<\/li>\n<li><strong>Temas<\/strong>: Trabajo y carrera profesional, educaci\u00f3n y formaci\u00f3n, educaci\u00f3n de los hijos, compras, ocio, salud, medios de comunicaci\u00f3n, vivienda.<\/li>\n<li><strong>Habilidades pr\u00e1cticas<\/strong>: Escribir cartas y correos electr\u00f3nicos en alem\u00e1n, rellenar formularios, llamar por tel\u00e9fono, solicitar trabajo.<\/li>\n<\/ul>\n<h2>Nuestro curso de orientaci\u00f3n:<\/h2>\n<ul>\n<li><strong>100 unidades did\u00e1cticas de 45 minutos cada una<\/strong>, tambi\u00e9n online o presenciales.<\/li>\n<li><strong>Temas<\/strong>: Sistema jur\u00eddico, historia y cultura, instituciones pol\u00edticas.<\/li>\n<li><strong>Objetivos<\/strong>: Comprensi\u00f3n del Estado alem\u00e1n, actitud positiva hacia Alemania, conocimiento de los derechos y deberes, participaci\u00f3n en la vida social, competencia intercultural.<\/li>\n<\/ul>\n<h2>Adquirir\u00e1s estas habilidades:<\/h2>\n<ul>\n<li>Lengua alemana hasta el nivel B1<\/li>\n<li>Superar el \u00abExamen de alem\u00e1n para inmigrantes\u00bb (DTZ)<\/li>\n<li>Conocimiento de la vida en Alemania<\/li>\n<li>Superar la prueba \u00abVivir en Alemania<\/li>\n<\/ul>\n<h2>Nota sobre nuestros m\u00e9todos de aprendizaje:<\/h2>\n<ul>\n<li><strong>Por<\/strong> Internet: Las clases se imparten exclusivamente en l\u00ednea. Puedes acceder al contenido del curso desde cualquier lugar y en cualquier momento utilizando un smartphone, una tableta o un port\u00e1til.<\/li>\n<li><strong>Aulas virtuales<\/strong>: Las clases se imparten en aulas virtuales y las sesiones de formaci\u00f3n y los intercambios con otros participantes en el curso tienen lugar a trav\u00e9s de plataformas como Adobe Connect, WebEx o Microsoft Teams.<\/li>\n<\/ul>\n<h2>\u00bfPor qu\u00e9 reservar con nosotros?<\/h2>\n<ul>\n<li><strong>Flexibilidad<\/strong>: Aprende desde la comodidad de tu casa.<\/li>\n<li><strong>Apoyo individual<\/strong>: Profesores experimentados te acompa\u00f1ar\u00e1n durante todo el curso.<\/li>\n<li><strong>Aprendizaje eficaz<\/strong>: Organizaci\u00f3n interactiva y variada de las clases.<\/li>\n<li><strong>Asesoramiento experto<\/strong>: Amplia instrucci\u00f3n y apoyo de nuestro equipo.<\/li>\n<\/ul>\n","protected":false},"excerpt":{"rendered":"<p>Aprende alem\u00e1n desde casa: \u00a1Mejora tus conocimientos ling\u00fc\u00edsticos y tus posibilidades en Alemania con nuestro curso de integraci\u00f3n online certificado por el BAMF!<\/p>\n","protected":false},"featured_media":7484,"comment_status":"closed","ping_status":"closed","template":"","meta":{"_acf_changed":false},"product_brand":[],"product_cat":[177],"product_tag":[179,178],"class_list":{"0":"post-3795","1":"product","2":"type-product","3":"status-publish","4":"has-post-thumbnail","6":"product_cat-cursos-de-aleman-subvencionados-por-la-bamf","7":"product_tag-buyoption-external-redirect-es","8":"product_tag-cursos-de-aleman-financiados-por-el-bamf","10":"first","11":"instock","12":"taxable","13":"shipping-taxable","14":"purchasable","15":"product-type-simple"},"acf":[],"yoast_head":"<!-- This site is optimized with the Yoast SEO Premium plugin v25.9 (Yoast SEO v26.9) - https:\/\/yoast.com\/product\/yoast-seo-premium-wordpress\/ -->\n<title>Curso de integraci\u00f3n general en l\u00ednea - International Education Centers<\/title>\n<meta name=\"description\" content=\"Ense\u00f1a habilidades ling\u00fc\u00edsticas pr\u00e1cticas para la vida cotidiana y el trabajo. Inscr\u00edbete ahora en el curso de integraci\u00f3n, incluido el curso de orientaci\u00f3n.\" \/>\n<meta name=\"robots\" content=\"index, follow, max-snippet:-1, max-image-preview:large, max-video-preview:-1\" \/>\n<link rel=\"canonical\" href=\"https:\/\/internationaleducationcenters.de\/es\/producto\/curso-de-integracion-general-en-linea\/\" \/>\n<meta property=\"og:locale\" content=\"es_ES\" \/>\n<meta property=\"og:type\" content=\"article\" \/>\n<meta property=\"og:title\" content=\"Curso de integraci\u00f3n general en l\u00ednea\" \/>\n<meta property=\"og:description\" content=\"Ense\u00f1a habilidades ling\u00fc\u00edsticas pr\u00e1cticas para la vida cotidiana y el trabajo. Inscr\u00edbete ahora en el curso de integraci\u00f3n, incluido el curso de orientaci\u00f3n.\" \/>\n<meta property=\"og:url\" content=\"https:\/\/internationaleducationcenters.de\/es\/producto\/curso-de-integracion-general-en-linea\/\" \/>\n<meta property=\"og:site_name\" content=\"International Education Centers\" \/>\n<meta property=\"article:publisher\" content=\"https:\/\/www.facebook.com\/InternationalEducationCenters\/\" \/>\n<meta property=\"article:modified_time\" content=\"2025-12-01T08:57:39+00:00\" \/>\n<meta property=\"og:image\" content=\"https:\/\/internationaleducationcenters.de\/wp-content\/uploads\/2024\/12\/Integrationskurs.jpg\" \/>\n\t<meta property=\"og:image:width\" content=\"300\" \/>\n\t<meta property=\"og:image:height\" content=\"200\" \/>\n\t<meta property=\"og:image:type\" content=\"image\/jpeg\" \/>\n<meta name=\"twitter:card\" content=\"summary_large_image\" \/>\n<meta name=\"twitter:label1\" content=\"Precio\" \/>\n\t<meta name=\"twitter:data1\" content=\"458,00&nbsp;&euro;\" \/>\n\t<meta name=\"twitter:label2\" content=\"Disponibilidad\" \/>\n\t<meta name=\"twitter:data2\" content=\"Disponible\" \/>\n<script type=\"application\/ld+json\" class=\"yoast-schema-graph\">{\"@context\":\"https:\/\/schema.org\",\"@graph\":[{\"@type\":\"WebPage\",\"@id\":\"https:\/\/internationaleducationcenters.de\/es\/producto\/curso-de-integracion-general-en-linea\/\",\"url\":\"https:\/\/internationaleducationcenters.de\/es\/producto\/curso-de-integracion-general-en-linea\/\",\"name\":\"Curso de integraci\u00f3n general en l\u00ednea - International Education Centers\",\"isPartOf\":{\"@id\":\"https:\/\/internationaleducationcenters.de\/es\/#website\"},\"primaryImageOfPage\":{\"@id\":\"https:\/\/internationaleducationcenters.de\/es\/producto\/curso-de-integracion-general-en-linea\/#primaryimage\"},\"image\":{\"@id\":\"https:\/\/internationaleducationcenters.de\/es\/producto\/curso-de-integracion-general-en-linea\/#primaryimage\"},\"thumbnailUrl\":\"https:\/\/internationaleducationcenters.de\/wp-content\/uploads\/2024\/12\/Integrationskurs.jpg\",\"datePublished\":\"2024-06-03T18:46:29+00:00\",\"dateModified\":\"2025-12-01T08:57:39+00:00\",\"description\":\"Ense\u00f1a habilidades ling\u00fc\u00edsticas pr\u00e1cticas para la vida cotidiana y el trabajo. Inscr\u00edbete ahora en el curso de integraci\u00f3n, incluido el curso de orientaci\u00f3n.\",\"breadcrumb\":{\"@id\":\"https:\/\/internationaleducationcenters.de\/es\/producto\/curso-de-integracion-general-en-linea\/#breadcrumb\"},\"inLanguage\":\"es\",\"potentialAction\":[{\"@type\":\"ReadAction\",\"target\":[\"https:\/\/internationaleducationcenters.de\/es\/producto\/curso-de-integracion-general-en-linea\/\"]}]},{\"@type\":\"ImageObject\",\"inLanguage\":\"es\",\"@id\":\"https:\/\/internationaleducationcenters.de\/es\/producto\/curso-de-integracion-general-en-linea\/#primaryimage\",\"url\":\"https:\/\/internationaleducationcenters.de\/wp-content\/uploads\/2024\/12\/Integrationskurs.jpg\",\"contentUrl\":\"https:\/\/internationaleducationcenters.de\/wp-content\/uploads\/2024\/12\/Integrationskurs.jpg\",\"width\":300,\"height\":200,\"caption\":\"test leben in Deutschland in Wuppertal mit IEC\"},{\"@type\":\"BreadcrumbList\",\"@id\":\"https:\/\/internationaleducationcenters.de\/es\/producto\/curso-de-integracion-general-en-linea\/#breadcrumb\",\"itemListElement\":[{\"@type\":\"ListItem\",\"position\":1,\"name\":\"Home\",\"item\":\"https:\/\/internationaleducationcenters.de\/es\/\"},{\"@type\":\"ListItem\",\"position\":2,\"name\":\"Tienda\",\"item\":\"https:\/\/internationaleducationcenters.de\/es\/shop\/\"},{\"@type\":\"ListItem\",\"position\":3,\"name\":\"Curso de integraci\u00f3n general en l\u00ednea\"}]},{\"@type\":\"WebSite\",\"@id\":\"https:\/\/internationaleducationcenters.de\/es\/#website\",\"url\":\"https:\/\/internationaleducationcenters.de\/es\/\",\"name\":\"International Education Centers\",\"description\":\"\",\"publisher\":{\"@id\":\"https:\/\/internationaleducationcenters.de\/es\/#organization\"},\"potentialAction\":[{\"@type\":\"SearchAction\",\"target\":{\"@type\":\"EntryPoint\",\"urlTemplate\":\"https:\/\/internationaleducationcenters.de\/es\/?s={search_term_string}\"},\"query-input\":{\"@type\":\"PropertyValueSpecification\",\"valueRequired\":true,\"valueName\":\"search_term_string\"}}],\"inLanguage\":\"es\"},{\"@type\":\"Organization\",\"@id\":\"https:\/\/internationaleducationcenters.de\/es\/#organization\",\"name\":\"International Education Centers\",\"alternateName\":\"IEC\",\"url\":\"https:\/\/internationaleducationcenters.de\/es\/\",\"logo\":{\"@type\":\"ImageObject\",\"inLanguage\":\"es\",\"@id\":\"https:\/\/internationaleducationcenters.de\/es\/#\/schema\/logo\/image\/\",\"url\":\"https:\/\/internationaleducationcenters.de\/wp-content\/uploads\/2025\/08\/IEC_favicon-1.png\",\"contentUrl\":\"https:\/\/internationaleducationcenters.de\/wp-content\/uploads\/2025\/08\/IEC_favicon-1.png\",\"width\":512,\"height\":512,\"caption\":\"International Education Centers\"},\"image\":{\"@id\":\"https:\/\/internationaleducationcenters.de\/es\/#\/schema\/logo\/image\/\"},\"sameAs\":[\"https:\/\/www.facebook.com\/InternationalEducationCenters\/\"]}]}<\/script>\n<meta property=\"product:price:amount\" content=\"458.00\" \/>\n<meta property=\"product:price:currency\" content=\"EUR\" \/>\n<meta property=\"og:availability\" content=\"instock\" \/>\n<meta property=\"product:availability\" content=\"instock\" \/>\n<meta property=\"product:condition\" content=\"new\" \/>\n<!-- \/ Yoast SEO Premium plugin. -->","yoast_head_json":{"title":"Curso de integraci\u00f3n general en l\u00ednea - International Education Centers","description":"Ense\u00f1a habilidades ling\u00fc\u00edsticas pr\u00e1cticas para la vida cotidiana y el trabajo. Inscr\u00edbete ahora en el curso de integraci\u00f3n, incluido el curso de orientaci\u00f3n.","robots":{"index":"index","follow":"follow","max-snippet":"max-snippet:-1","max-image-preview":"max-image-preview:large","max-video-preview":"max-video-preview:-1"},"canonical":"https:\/\/internationaleducationcenters.de\/es\/producto\/curso-de-integracion-general-en-linea\/","og_locale":"es_ES","og_type":"article","og_title":"Curso de integraci\u00f3n general en l\u00ednea","og_description":"Ense\u00f1a habilidades ling\u00fc\u00edsticas pr\u00e1cticas para la vida cotidiana y el trabajo. Inscr\u00edbete ahora en el curso de integraci\u00f3n, incluido el curso de orientaci\u00f3n.","og_url":"https:\/\/internationaleducationcenters.de\/es\/producto\/curso-de-integracion-general-en-linea\/","og_site_name":"International Education Centers","article_publisher":"https:\/\/www.facebook.com\/InternationalEducationCenters\/","article_modified_time":"2025-12-01T08:57:39+00:00","og_image":[{"width":300,"height":200,"url":"https:\/\/internationaleducationcenters.de\/wp-content\/uploads\/2024\/12\/Integrationskurs.jpg","type":"image\/jpeg"}],"twitter_card":"summary_large_image","twitter_misc":{"Precio":"458,00&nbsp;&euro;","Disponibilidad":"Disponible"},"schema":{"@context":"https:\/\/schema.org","@graph":[{"@type":"WebPage","@id":"https:\/\/internationaleducationcenters.de\/es\/producto\/curso-de-integracion-general-en-linea\/","url":"https:\/\/internationaleducationcenters.de\/es\/producto\/curso-de-integracion-general-en-linea\/","name":"Curso de integraci\u00f3n general en l\u00ednea - International Education Centers","isPartOf":{"@id":"https:\/\/internationaleducationcenters.de\/es\/#website"},"primaryImageOfPage":{"@id":"https:\/\/internationaleducationcenters.de\/es\/producto\/curso-de-integracion-general-en-linea\/#primaryimage"},"image":{"@id":"https:\/\/internationaleducationcenters.de\/es\/producto\/curso-de-integracion-general-en-linea\/#primaryimage"},"thumbnailUrl":"https:\/\/internationaleducationcenters.de\/wp-content\/uploads\/2024\/12\/Integrationskurs.jpg","datePublished":"2024-06-03T18:46:29+00:00","dateModified":"2025-12-01T08:57:39+00:00","description":"Ense\u00f1a habilidades ling\u00fc\u00edsticas pr\u00e1cticas para la vida cotidiana y el trabajo. Inscr\u00edbete ahora en el curso de integraci\u00f3n, incluido el curso de orientaci\u00f3n.","breadcrumb":{"@id":"https:\/\/internationaleducationcenters.de\/es\/producto\/curso-de-integracion-general-en-linea\/#breadcrumb"},"inLanguage":"es","potentialAction":[{"@type":"ReadAction","target":["https:\/\/internationaleducationcenters.de\/es\/producto\/curso-de-integracion-general-en-linea\/"]}]},{"@type":"ImageObject","inLanguage":"es","@id":"https:\/\/internationaleducationcenters.de\/es\/producto\/curso-de-integracion-general-en-linea\/#primaryimage","url":"https:\/\/internationaleducationcenters.de\/wp-content\/uploads\/2024\/12\/Integrationskurs.jpg","contentUrl":"https:\/\/internationaleducationcenters.de\/wp-content\/uploads\/2024\/12\/Integrationskurs.jpg","width":300,"height":200,"caption":"test leben in Deutschland in Wuppertal mit IEC"},{"@type":"BreadcrumbList","@id":"https:\/\/internationaleducationcenters.de\/es\/producto\/curso-de-integracion-general-en-linea\/#breadcrumb","itemListElement":[{"@type":"ListItem","position":1,"name":"Home","item":"https:\/\/internationaleducationcenters.de\/es\/"},{"@type":"ListItem","position":2,"name":"Tienda","item":"https:\/\/internationaleducationcenters.de\/es\/shop\/"},{"@type":"ListItem","position":3,"name":"Curso de integraci\u00f3n general en l\u00ednea"}]},{"@type":"WebSite","@id":"https:\/\/internationaleducationcenters.de\/es\/#website","url":"https:\/\/internationaleducationcenters.de\/es\/","name":"International Education Centers","description":"","publisher":{"@id":"https:\/\/internationaleducationcenters.de\/es\/#organization"},"potentialAction":[{"@type":"SearchAction","target":{"@type":"EntryPoint","urlTemplate":"https:\/\/internationaleducationcenters.de\/es\/?s={search_term_string}"},"query-input":{"@type":"PropertyValueSpecification","valueRequired":true,"valueName":"search_term_string"}}],"inLanguage":"es"},{"@type":"Organization","@id":"https:\/\/internationaleducationcenters.de\/es\/#organization","name":"International Education Centers","alternateName":"IEC","url":"https:\/\/internationaleducationcenters.de\/es\/","logo":{"@type":"ImageObject","inLanguage":"es","@id":"https:\/\/internationaleducationcenters.de\/es\/#\/schema\/logo\/image\/","url":"https:\/\/internationaleducationcenters.de\/wp-content\/uploads\/2025\/08\/IEC_favicon-1.png","contentUrl":"https:\/\/internationaleducationcenters.de\/wp-content\/uploads\/2025\/08\/IEC_favicon-1.png","width":512,"height":512,"caption":"International Education Centers"},"image":{"@id":"https:\/\/internationaleducationcenters.de\/es\/#\/schema\/logo\/image\/"},"sameAs":["https:\/\/www.facebook.com\/InternationalEducationCenters\/"]}]},"product_price_amount":"458.00","product_price_currency":"EUR","og_availability":"instock","product_availability":"instock","product_condition":"new"},"_links":{"self":[{"href":"https:\/\/internationaleducationcenters.de\/es\/wp-json\/wp\/v2\/product\/3795","targetHints":{"allow":["GET"]}}],"collection":[{"href":"https:\/\/internationaleducationcenters.de\/es\/wp-json\/wp\/v2\/product"}],"about":[{"href":"https:\/\/internationaleducationcenters.de\/es\/wp-json\/wp\/v2\/types\/product"}],"replies":[{"embeddable":true,"href":"https:\/\/internationaleducationcenters.de\/es\/wp-json\/wp\/v2\/comments?post=3795"}],"version-history":[{"count":2,"href":"https:\/\/internationaleducationcenters.de\/es\/wp-json\/wp\/v2\/product\/3795\/revisions"}],"predecessor-version":[{"id":21777,"href":"https:\/\/internationaleducationcenters.de\/es\/wp-json\/wp\/v2\/product\/3795\/revisions\/21777"}],"wp:featuredmedia":[{"embeddable":true,"href":"https:\/\/internationaleducationcenters.de\/es\/wp-json\/wp\/v2\/media\/7484"}],"wp:attachment":[{"href":"https:\/\/internationaleducationcenters.de\/es\/wp-json\/wp\/v2\/media?parent=3795"}],"wp:term":[{"taxonomy":"product_brand","embeddable":true,"href":"https:\/\/internationaleducationcenters.de\/es\/wp-json\/wp\/v2\/product_brand?post=3795"},{"taxonomy":"product_cat","embeddable":true,"href":"https:\/\/internationaleducationcenters.de\/es\/wp-json\/wp\/v2\/product_cat?post=3795"},{"taxonomy":"product_tag","embeddable":true,"href":"https:\/\/internationaleducationcenters.de\/es\/wp-json\/wp\/v2\/product_tag?post=3795"}],"curies":[{"name":"wp","href":"https:\/\/api.w.org\/{rel}","templated":true}]}}