{"id":3864,"date":"2024-02-08T13:00:11","date_gmt":"2024-02-08T12:00:11","guid":{"rendered":"https:\/\/internationaleducationcenters.de\/kurs\/prueba-de-nivel-en-linea-telc-prueba-top\/"},"modified":"2025-12-03T11:17:45","modified_gmt":"2025-12-03T10:17:45","slug":"prueba-de-nivel-en-linea-telc-prueba-top","status":"publish","type":"product","link":"https:\/\/internationaleducationcenters.de\/es\/producto\/prueba-de-nivel-en-linea-telc-prueba-top\/","title":{"rendered":"Prueba de nivel en l\u00ednea telc (Prueba TOP)"},"content":{"rendered":"<h2>Telc Online Placement Test (TOP Test) &#8211; Pruebas de nivel para empresas<\/h2>\n<p>Descubre la forma r\u00e1pida y fiable de determinar el nivel de idiomas de tus empleados y candidatos con nuestra Prueba de Nivel Online telc (Prueba TOP). Nuestro test personalizable ofrece a los clientes corporativos una base precisa para la composici\u00f3n \u00f3ptima de grupos de aprendizaje en cursos de idiomas o para estudiantes.<\/p>\n<p><strong>\u00bfQu\u00e9 ofrece la Prueba de Nivel Online telc?<\/strong><\/p>\n<ul>\n<li><strong>Evaluaci\u00f3n a nivel profesional<\/strong>: Con el test TOP, ofrecemos una soluci\u00f3n profesional para determinar de forma r\u00e1pida y fiable la competencia ling\u00fc\u00edstica de las personas. Ya sea como preparaci\u00f3n para un curso de idiomas, como parte del desarrollo personal o como parte del proceso de contrataci\u00f3n, nuestro test te proporciona resultados significativos.<\/li>\n<li><strong>Flexibilidad de aplicaci\u00f3n<\/strong>: la prueba puede realizarse incluso individualmente para una sola persona. Tras reservar y pagar la prueba, nos pondremos en contacto contigo inmediatamente para concertar una fecha adecuada.<\/li>\n<li><strong>Evaluaci\u00f3n independiente de la ubicaci\u00f3n<\/strong>: la prueba se realiza totalmente en l\u00ednea, de modo que los participantes pueden someterse a ella independientemente de su ubicaci\u00f3n. S\u00f3lo la elecci\u00f3n de la lengua que se va a examinar debe ser realizada por los participantes.<\/li>\n<li><strong>Programaci\u00f3n de citas con visi\u00f3n de futuro<\/strong>: En un futuro pr\u00f3ximo, tenemos previsto introducir un calendario de MS Booking para simplificar a\u00fan m\u00e1s el proceso de reserva. Los clientes podr\u00e1n reservar directamente una cita personalizada, con d\u00edas y horarios flexibles para adaptarse a las necesidades de cada uno.<\/li>\n<\/ul>\n<p><strong>\u00bfPor qu\u00e9 elegir la Prueba de Nivel Online telc?<br \/>\n<\/strong>Nuestro test es la opci\u00f3n ideal para las empresas que valoran una evaluaci\u00f3n ling\u00fc\u00edstica s\u00f3lida y eficaz. Al determinar con precisi\u00f3n el nivel ling\u00fc\u00edstico, el TOP Test permite el desarrollo espec\u00edfico de las competencias ling\u00fc\u00edsticas de tus empleados y apoya el desarrollo eficaz del personal. Utiliza nuestro test para reunir a tus equipos de forma \u00f3ptima y maximizar el \u00e9xito ling\u00fc\u00edstico.<\/p>\n","protected":false},"excerpt":{"rendered":"<p>Determina tu nivel de idioma de forma r\u00e1pida y precisa con la Prueba de Nivel Online telc. \u00a1Inscr\u00edbete ya!<\/p>\n","protected":false},"featured_media":7663,"comment_status":"closed","ping_status":"closed","template":"","meta":{"_acf_changed":false},"product_brand":[],"product_cat":[278],"product_tag":[280,279],"class_list":{"0":"post-3864","1":"product","2":"type-product","3":"status-publish","4":"has-post-thumbnail","6":"product_cat-telc-pruebas-de-idiomas","7":"product_tag-buyoption-internal-redirect-es","8":"product_tag-telc_pruebas_de_idioma","10":"first","11":"instock","12":"purchasable","13":"product-type-simple"},"acf":[],"yoast_head":"<!-- This site is optimized with the Yoast SEO Premium plugin v25.9 (Yoast SEO v26.9) - https:\/\/yoast.com\/product\/yoast-seo-premium-wordpress\/ -->\n<title>Prueba de nivel en l\u00ednea telc (Prueba TOP) - International Education Centers<\/title>\n<meta name=\"description\" content=\"Determina tu nivel de idioma con nuestra Prueba de Nivel Online telc personalizable (Prueba TOP). Una base precisa para un aprendizaje \u00f3ptimo.\" \/>\n<meta name=\"robots\" content=\"index, follow, max-snippet:-1, max-image-preview:large, max-video-preview:-1\" \/>\n<link rel=\"canonical\" href=\"https:\/\/internationaleducationcenters.de\/es\/producto\/prueba-de-nivel-en-linea-telc-prueba-top\/\" \/>\n<meta property=\"og:locale\" content=\"es_ES\" \/>\n<meta property=\"og:type\" content=\"article\" \/>\n<meta property=\"og:title\" content=\"Prueba de nivel en l\u00ednea telc (Prueba TOP)\" \/>\n<meta property=\"og:description\" content=\"Determina tu nivel de idioma con nuestra Prueba de Nivel Online telc personalizable (Prueba TOP). Una base precisa para un aprendizaje \u00f3ptimo.\" \/>\n<meta property=\"og:url\" content=\"https:\/\/internationaleducationcenters.de\/es\/producto\/prueba-de-nivel-en-linea-telc-prueba-top\/\" \/>\n<meta property=\"og:site_name\" content=\"International Education Centers\" \/>\n<meta property=\"article:publisher\" content=\"https:\/\/www.facebook.com\/InternationalEducationCenters\/\" \/>\n<meta property=\"article:modified_time\" content=\"2025-12-03T10:17:45+00:00\" \/>\n<meta property=\"og:image\" content=\"https:\/\/internationaleducationcenters.de\/wp-content\/uploads\/2024\/02\/TOP-Test.jpg\" \/>\n\t<meta property=\"og:image:width\" content=\"300\" \/>\n\t<meta property=\"og:image:height\" content=\"208\" \/>\n\t<meta property=\"og:image:type\" content=\"image\/jpeg\" \/>\n<meta name=\"twitter:card\" content=\"summary_large_image\" \/>\n<meta name=\"twitter:label1\" content=\"Precio\" \/>\n\t<meta name=\"twitter:data1\" content=\"75,00&nbsp;&euro;\" \/>\n\t<meta name=\"twitter:label2\" content=\"Disponibilidad\" \/>\n\t<meta name=\"twitter:data2\" content=\"Disponible\" \/>\n<script type=\"application\/ld+json\" class=\"yoast-schema-graph\">{\"@context\":\"https:\/\/schema.org\",\"@graph\":[{\"@type\":\"WebPage\",\"@id\":\"https:\/\/internationaleducationcenters.de\/es\/producto\/prueba-de-nivel-en-linea-telc-prueba-top\/\",\"url\":\"https:\/\/internationaleducationcenters.de\/es\/producto\/prueba-de-nivel-en-linea-telc-prueba-top\/\",\"name\":\"Prueba de nivel en l\u00ednea telc (Prueba TOP) - International Education Centers\",\"isPartOf\":{\"@id\":\"https:\/\/internationaleducationcenters.de\/es\/#website\"},\"primaryImageOfPage\":{\"@id\":\"https:\/\/internationaleducationcenters.de\/es\/producto\/prueba-de-nivel-en-linea-telc-prueba-top\/#primaryimage\"},\"image\":{\"@id\":\"https:\/\/internationaleducationcenters.de\/es\/producto\/prueba-de-nivel-en-linea-telc-prueba-top\/#primaryimage\"},\"thumbnailUrl\":\"https:\/\/internationaleducationcenters.de\/wp-content\/uploads\/2024\/02\/TOP-Test.jpg\",\"datePublished\":\"2024-02-08T12:00:11+00:00\",\"dateModified\":\"2025-12-03T10:17:45+00:00\",\"description\":\"Determina tu nivel de idioma con nuestra Prueba de Nivel Online telc personalizable (Prueba TOP). Una base precisa para un aprendizaje \u00f3ptimo.\",\"breadcrumb\":{\"@id\":\"https:\/\/internationaleducationcenters.de\/es\/producto\/prueba-de-nivel-en-linea-telc-prueba-top\/#breadcrumb\"},\"inLanguage\":\"es\",\"potentialAction\":[{\"@type\":\"ReadAction\",\"target\":[\"https:\/\/internationaleducationcenters.de\/es\/producto\/prueba-de-nivel-en-linea-telc-prueba-top\/\"]}]},{\"@type\":\"ImageObject\",\"inLanguage\":\"es\",\"@id\":\"https:\/\/internationaleducationcenters.de\/es\/producto\/prueba-de-nivel-en-linea-telc-prueba-top\/#primaryimage\",\"url\":\"https:\/\/internationaleducationcenters.de\/wp-content\/uploads\/2024\/02\/TOP-Test.jpg\",\"contentUrl\":\"https:\/\/internationaleducationcenters.de\/wp-content\/uploads\/2024\/02\/TOP-Test.jpg\",\"width\":300,\"height\":208,\"caption\":\"telc Online Placement Test (TOP Test)\"},{\"@type\":\"BreadcrumbList\",\"@id\":\"https:\/\/internationaleducationcenters.de\/es\/producto\/prueba-de-nivel-en-linea-telc-prueba-top\/#breadcrumb\",\"itemListElement\":[{\"@type\":\"ListItem\",\"position\":1,\"name\":\"Home\",\"item\":\"https:\/\/internationaleducationcenters.de\/es\/\"},{\"@type\":\"ListItem\",\"position\":2,\"name\":\"Tienda\",\"item\":\"https:\/\/internationaleducationcenters.de\/es\/shop\/\"},{\"@type\":\"ListItem\",\"position\":3,\"name\":\"Prueba de nivel en l\u00ednea telc (Prueba TOP)\"}]},{\"@type\":\"WebSite\",\"@id\":\"https:\/\/internationaleducationcenters.de\/es\/#website\",\"url\":\"https:\/\/internationaleducationcenters.de\/es\/\",\"name\":\"International Education Centers\",\"description\":\"\",\"publisher\":{\"@id\":\"https:\/\/internationaleducationcenters.de\/es\/#organization\"},\"potentialAction\":[{\"@type\":\"SearchAction\",\"target\":{\"@type\":\"EntryPoint\",\"urlTemplate\":\"https:\/\/internationaleducationcenters.de\/es\/?s={search_term_string}\"},\"query-input\":{\"@type\":\"PropertyValueSpecification\",\"valueRequired\":true,\"valueName\":\"search_term_string\"}}],\"inLanguage\":\"es\"},{\"@type\":\"Organization\",\"@id\":\"https:\/\/internationaleducationcenters.de\/es\/#organization\",\"name\":\"International Education Centers\",\"alternateName\":\"IEC\",\"url\":\"https:\/\/internationaleducationcenters.de\/es\/\",\"logo\":{\"@type\":\"ImageObject\",\"inLanguage\":\"es\",\"@id\":\"https:\/\/internationaleducationcenters.de\/es\/#\/schema\/logo\/image\/\",\"url\":\"https:\/\/internationaleducationcenters.de\/wp-content\/uploads\/2025\/08\/IEC_favicon-1.png\",\"contentUrl\":\"https:\/\/internationaleducationcenters.de\/wp-content\/uploads\/2025\/08\/IEC_favicon-1.png\",\"width\":512,\"height\":512,\"caption\":\"International Education Centers\"},\"image\":{\"@id\":\"https:\/\/internationaleducationcenters.de\/es\/#\/schema\/logo\/image\/\"},\"sameAs\":[\"https:\/\/www.facebook.com\/InternationalEducationCenters\/\"]}]}<\/script>\n<meta property=\"product:price:amount\" content=\"75.00\" \/>\n<meta property=\"product:price:currency\" content=\"EUR\" \/>\n<meta property=\"og:availability\" content=\"instock\" \/>\n<meta property=\"product:availability\" content=\"instock\" \/>\n<meta property=\"product:condition\" content=\"new\" \/>\n<!-- \/ Yoast SEO Premium plugin. -->","yoast_head_json":{"title":"Prueba de nivel en l\u00ednea telc (Prueba TOP) - International Education Centers","description":"Determina tu nivel de idioma con nuestra Prueba de Nivel Online telc personalizable (Prueba TOP). Una base precisa para un aprendizaje \u00f3ptimo.","robots":{"index":"index","follow":"follow","max-snippet":"max-snippet:-1","max-image-preview":"max-image-preview:large","max-video-preview":"max-video-preview:-1"},"canonical":"https:\/\/internationaleducationcenters.de\/es\/producto\/prueba-de-nivel-en-linea-telc-prueba-top\/","og_locale":"es_ES","og_type":"article","og_title":"Prueba de nivel en l\u00ednea telc (Prueba TOP)","og_description":"Determina tu nivel de idioma con nuestra Prueba de Nivel Online telc personalizable (Prueba TOP). Una base precisa para un aprendizaje \u00f3ptimo.","og_url":"https:\/\/internationaleducationcenters.de\/es\/producto\/prueba-de-nivel-en-linea-telc-prueba-top\/","og_site_name":"International Education Centers","article_publisher":"https:\/\/www.facebook.com\/InternationalEducationCenters\/","article_modified_time":"2025-12-03T10:17:45+00:00","og_image":[{"width":300,"height":208,"url":"https:\/\/internationaleducationcenters.de\/wp-content\/uploads\/2024\/02\/TOP-Test.jpg","type":"image\/jpeg"}],"twitter_card":"summary_large_image","twitter_misc":{"Precio":"75,00&nbsp;&euro;","Disponibilidad":"Disponible"},"schema":{"@context":"https:\/\/schema.org","@graph":[{"@type":"WebPage","@id":"https:\/\/internationaleducationcenters.de\/es\/producto\/prueba-de-nivel-en-linea-telc-prueba-top\/","url":"https:\/\/internationaleducationcenters.de\/es\/producto\/prueba-de-nivel-en-linea-telc-prueba-top\/","name":"Prueba de nivel en l\u00ednea telc (Prueba TOP) - International Education Centers","isPartOf":{"@id":"https:\/\/internationaleducationcenters.de\/es\/#website"},"primaryImageOfPage":{"@id":"https:\/\/internationaleducationcenters.de\/es\/producto\/prueba-de-nivel-en-linea-telc-prueba-top\/#primaryimage"},"image":{"@id":"https:\/\/internationaleducationcenters.de\/es\/producto\/prueba-de-nivel-en-linea-telc-prueba-top\/#primaryimage"},"thumbnailUrl":"https:\/\/internationaleducationcenters.de\/wp-content\/uploads\/2024\/02\/TOP-Test.jpg","datePublished":"2024-02-08T12:00:11+00:00","dateModified":"2025-12-03T10:17:45+00:00","description":"Determina tu nivel de idioma con nuestra Prueba de Nivel Online telc personalizable (Prueba TOP). Una base precisa para un aprendizaje \u00f3ptimo.","breadcrumb":{"@id":"https:\/\/internationaleducationcenters.de\/es\/producto\/prueba-de-nivel-en-linea-telc-prueba-top\/#breadcrumb"},"inLanguage":"es","potentialAction":[{"@type":"ReadAction","target":["https:\/\/internationaleducationcenters.de\/es\/producto\/prueba-de-nivel-en-linea-telc-prueba-top\/"]}]},{"@type":"ImageObject","inLanguage":"es","@id":"https:\/\/internationaleducationcenters.de\/es\/producto\/prueba-de-nivel-en-linea-telc-prueba-top\/#primaryimage","url":"https:\/\/internationaleducationcenters.de\/wp-content\/uploads\/2024\/02\/TOP-Test.jpg","contentUrl":"https:\/\/internationaleducationcenters.de\/wp-content\/uploads\/2024\/02\/TOP-Test.jpg","width":300,"height":208,"caption":"telc Online Placement Test (TOP Test)"},{"@type":"BreadcrumbList","@id":"https:\/\/internationaleducationcenters.de\/es\/producto\/prueba-de-nivel-en-linea-telc-prueba-top\/#breadcrumb","itemListElement":[{"@type":"ListItem","position":1,"name":"Home","item":"https:\/\/internationaleducationcenters.de\/es\/"},{"@type":"ListItem","position":2,"name":"Tienda","item":"https:\/\/internationaleducationcenters.de\/es\/shop\/"},{"@type":"ListItem","position":3,"name":"Prueba de nivel en l\u00ednea telc (Prueba TOP)"}]},{"@type":"WebSite","@id":"https:\/\/internationaleducationcenters.de\/es\/#website","url":"https:\/\/internationaleducationcenters.de\/es\/","name":"International Education Centers","description":"","publisher":{"@id":"https:\/\/internationaleducationcenters.de\/es\/#organization"},"potentialAction":[{"@type":"SearchAction","target":{"@type":"EntryPoint","urlTemplate":"https:\/\/internationaleducationcenters.de\/es\/?s={search_term_string}"},"query-input":{"@type":"PropertyValueSpecification","valueRequired":true,"valueName":"search_term_string"}}],"inLanguage":"es"},{"@type":"Organization","@id":"https:\/\/internationaleducationcenters.de\/es\/#organization","name":"International Education Centers","alternateName":"IEC","url":"https:\/\/internationaleducationcenters.de\/es\/","logo":{"@type":"ImageObject","inLanguage":"es","@id":"https:\/\/internationaleducationcenters.de\/es\/#\/schema\/logo\/image\/","url":"https:\/\/internationaleducationcenters.de\/wp-content\/uploads\/2025\/08\/IEC_favicon-1.png","contentUrl":"https:\/\/internationaleducationcenters.de\/wp-content\/uploads\/2025\/08\/IEC_favicon-1.png","width":512,"height":512,"caption":"International Education Centers"},"image":{"@id":"https:\/\/internationaleducationcenters.de\/es\/#\/schema\/logo\/image\/"},"sameAs":["https:\/\/www.facebook.com\/InternationalEducationCenters\/"]}]},"product_price_amount":"75.00","product_price_currency":"EUR","og_availability":"instock","product_availability":"instock","product_condition":"new"},"_links":{"self":[{"href":"https:\/\/internationaleducationcenters.de\/es\/wp-json\/wp\/v2\/product\/3864","targetHints":{"allow":["GET"]}}],"collection":[{"href":"https:\/\/internationaleducationcenters.de\/es\/wp-json\/wp\/v2\/product"}],"about":[{"href":"https:\/\/internationaleducationcenters.de\/es\/wp-json\/wp\/v2\/types\/product"}],"replies":[{"embeddable":true,"href":"https:\/\/internationaleducationcenters.de\/es\/wp-json\/wp\/v2\/comments?post=3864"}],"version-history":[{"count":2,"href":"https:\/\/internationaleducationcenters.de\/es\/wp-json\/wp\/v2\/product\/3864\/revisions"}],"predecessor-version":[{"id":21949,"href":"https:\/\/internationaleducationcenters.de\/es\/wp-json\/wp\/v2\/product\/3864\/revisions\/21949"}],"wp:featuredmedia":[{"embeddable":true,"href":"https:\/\/internationaleducationcenters.de\/es\/wp-json\/wp\/v2\/media\/7663"}],"wp:attachment":[{"href":"https:\/\/internationaleducationcenters.de\/es\/wp-json\/wp\/v2\/media?parent=3864"}],"wp:term":[{"taxonomy":"product_brand","embeddable":true,"href":"https:\/\/internationaleducationcenters.de\/es\/wp-json\/wp\/v2\/product_brand?post=3864"},{"taxonomy":"product_cat","embeddable":true,"href":"https:\/\/internationaleducationcenters.de\/es\/wp-json\/wp\/v2\/product_cat?post=3864"},{"taxonomy":"product_tag","embeddable":true,"href":"https:\/\/internationaleducationcenters.de\/es\/wp-json\/wp\/v2\/product_tag?post=3864"}],"curies":[{"name":"wp","href":"https:\/\/api.w.org\/{rel}","templated":true}]}}