{"id":4036,"date":"2024-01-05T13:00:02","date_gmt":"2024-01-05T12:00:02","guid":{"rendered":"https:\/\/internationaleducationcenters.de\/kurs\/prueba-de-naturalizacion\/"},"modified":"2026-04-16T13:27:41","modified_gmt":"2026-04-16T11:27:41","slug":"prueba-de-naturalizacion","status":"publish","type":"product","link":"https:\/\/internationaleducationcenters.de\/es\/producto\/prueba-de-naturalizacion\/","title":{"rendered":"Prueba de naturalizaci\u00f3n"},"content":{"rendered":"\t\t<div data-elementor-type=\"product-post\" data-elementor-id=\"4036\" class=\"elementor elementor-4036 elementor-813\" data-elementor-post-type=\"product\">\n\t\t\t\t<div class=\"elementor-element elementor-element-6ca30050 e-flex e-con-boxed e-con e-parent\" data-id=\"6ca30050\" data-element_type=\"container\" data-e-type=\"container\">\n\t\t\t\t\t<div class=\"e-con-inner\">\n\t\t\t\t<div class=\"elementor-element elementor-element-3d10e50 elementor-widget elementor-widget-text-editor\" data-id=\"3d10e50\" data-element_type=\"widget\" data-e-type=\"widget\" data-widget_type=\"text-editor.default\">\n\t\t\t\t<div class=\"elementor-widget-container\">\n\t\t\t\t\t\t\t\t\t<p>Si quieres presentarte al examen de <strong data-start=\"177\" data-end=\"211\">naturalizaci\u00f3n en<\/strong> <strong data-start=\"263\" data-end=\"283\">Wuppertal<\/strong>, nuestra escuela de idiomas en <strong data-start=\"263\" data-end=\"283\">Wuppertal-Barmen<\/strong> te ofrece la <strong data-start=\"295\" data-end=\"352\">preparaci\u00f3n ideal para el examen de naturalizaci\u00f3n en Alemania<\/strong>.<\/p><h4>Informaci\u00f3n del curso<\/h4><ul><li><strong>Fechas del examen:<\/strong> El examen de naturalizaci\u00f3n tiene lugar seis veces al a\u00f1o, en la 3\u00aa semana de cada mes.<\/li><li><strong>Precio:<\/strong> La cuota es de 85 euros, incluida una tasa de tramitaci\u00f3n de 60 euros. Tambi\u00e9n se puede pagar en efectivo o con tarjeta durante la inscripci\u00f3n. <\/li><li><strong>Plazo de inscripci\u00f3n:<\/strong> Inscr\u00edbete al menos cuatro semanas antes de la fecha del examen.<\/li><\/ul><h4>Notas<\/h4><ul><li>Es necesaria una cita personal, incluso para las reservas online, ya que necesitamos tu firma original.<\/li><li>Ponte en contacto con nosotros despu\u00e9s de reservar para concertar tu cita.<\/li><\/ul><h4>Inscripci\u00f3n<\/h4><p>Para inscribirte, sigue estos pasos:<\/p><ol><li>Rellena y firma el formulario adjunto.<\/li><li>Sube el formulario como PDF.<\/li><li>Sube las dos caras de tu documento de identidad actual.<\/li><\/ol><h4>Nota importante<\/h4><p>Aseg\u00farate de especificar previamente el centro de inspecci\u00f3n en el formulario oficial de inscripci\u00f3n. Los cambios en el participante podr\u00edan provocar problemas. Por favor, llega al menos 30 minutos antes del comienzo del examen.<\/p><p>Haz clic aqu\u00ed para descargar el formulario de inscripci\u00f3n.  <a href=\"https:\/\/eu2.documents.adobe.com\/public\/esignWidget?wid=CBFCIBAA3AAABLblqZhBxP-V_Zj1DGzoCOnfyNyGDOe2nAq8mP5Qrb11izwky48TdZWzPdtQNNArYl9eiDiI%2a\">Firma Adobe Acrobat<\/a><\/p>\t\t\t\t\t\t\t\t<\/div>\n\t\t\t\t<\/div>\n\t\t\t\t\t<\/div>\n\t\t\t\t<\/div>\n\t\t\t\t<\/div>\n\t\t","protected":false},"excerpt":{"rendered":"<p>Examen de conocimientos b\u00e1sicos sobre Alemania. Consta de 33 preguntas sobre pol\u00edtica, historia y cultura. \u00a1Reserva ya tu cita!<\/p>\n","protected":false},"featured_media":7643,"comment_status":"closed","ping_status":"closed","template":"","meta":{"_acf_changed":false},"product_brand":[],"product_cat":[283],"product_tag":[285],"class_list":{"0":"post-4036","1":"product","2":"type-product","3":"status-publish","4":"has-post-thumbnail","6":"product_cat-otras-comprobaciones-y-pruebas","7":"product_tag-examenes-complementarios","9":"first","10":"instock","11":"purchasable","12":"product-type-simple"},"acf":[],"yoast_head":"<!-- This site is optimized with the Yoast SEO Premium plugin v25.9 (Yoast SEO v26.9) - https:\/\/yoast.com\/product\/yoast-seo-premium-wordpress\/ -->\n<title>Prueba de naturalizaci\u00f3n - International Education Centers<\/title>\n<meta name=\"description\" content=\"Citas fiables, precios justos y facilidad de inscripci\u00f3n para el examen de naturalizaci\u00f3n en Wuppertal-Barmen. \u00a1Aprovecha la oportunidad e inscr\u00edbete ahora!\" \/>\n<meta name=\"robots\" content=\"index, follow, max-snippet:-1, max-image-preview:large, max-video-preview:-1\" \/>\n<link rel=\"canonical\" href=\"https:\/\/internationaleducationcenters.de\/es\/producto\/prueba-de-naturalizacion\/\" \/>\n<meta property=\"og:locale\" content=\"es_ES\" \/>\n<meta property=\"og:type\" content=\"article\" \/>\n<meta property=\"og:title\" content=\"Prueba de naturalizaci\u00f3n\" \/>\n<meta property=\"og:description\" content=\"Citas fiables, precios justos y facilidad de inscripci\u00f3n para el examen de naturalizaci\u00f3n en Wuppertal-Barmen. \u00a1Aprovecha la oportunidad e inscr\u00edbete ahora!\" \/>\n<meta property=\"og:url\" content=\"https:\/\/internationaleducationcenters.de\/es\/producto\/prueba-de-naturalizacion\/\" \/>\n<meta property=\"og:site_name\" content=\"International Education Centers\" \/>\n<meta property=\"article:publisher\" content=\"https:\/\/www.facebook.com\/InternationalEducationCenters\/\" \/>\n<meta property=\"article:modified_time\" content=\"2026-04-16T11:27:41+00:00\" \/>\n<meta property=\"og:image\" content=\"https:\/\/internationaleducationcenters.de\/wp-content\/uploads\/2024\/01\/Einbuergerungstest-EBT.jpg\" \/>\n\t<meta property=\"og:image:width\" content=\"300\" \/>\n\t<meta property=\"og:image:height\" content=\"200\" \/>\n\t<meta property=\"og:image:type\" content=\"image\/jpeg\" \/>\n<meta name=\"twitter:card\" content=\"summary_large_image\" \/>\n<meta name=\"twitter:label1\" content=\"Precio\" \/>\n\t<meta name=\"twitter:data1\" content=\"85,00&nbsp;&euro;\" \/>\n\t<meta name=\"twitter:label2\" content=\"Disponibilidad\" \/>\n\t<meta name=\"twitter:data2\" content=\"Disponible\" \/>\n<script type=\"application\/ld+json\" class=\"yoast-schema-graph\">{\"@context\":\"https:\/\/schema.org\",\"@graph\":[{\"@type\":\"WebPage\",\"@id\":\"https:\/\/internationaleducationcenters.de\/es\/producto\/prueba-de-naturalizacion\/\",\"url\":\"https:\/\/internationaleducationcenters.de\/es\/producto\/prueba-de-naturalizacion\/\",\"name\":\"Prueba de naturalizaci\u00f3n - International Education Centers\",\"isPartOf\":{\"@id\":\"https:\/\/internationaleducationcenters.de\/es\/#website\"},\"primaryImageOfPage\":{\"@id\":\"https:\/\/internationaleducationcenters.de\/es\/producto\/prueba-de-naturalizacion\/#primaryimage\"},\"image\":{\"@id\":\"https:\/\/internationaleducationcenters.de\/es\/producto\/prueba-de-naturalizacion\/#primaryimage\"},\"thumbnailUrl\":\"https:\/\/internationaleducationcenters.de\/wp-content\/uploads\/2024\/01\/Einbuergerungstest-EBT.jpg\",\"datePublished\":\"2024-01-05T12:00:02+00:00\",\"dateModified\":\"2026-04-16T11:27:41+00:00\",\"description\":\"Citas fiables, precios justos y facilidad de inscripci\u00f3n para el examen de naturalizaci\u00f3n en Wuppertal-Barmen. \u00a1Aprovecha la oportunidad e inscr\u00edbete ahora!\",\"breadcrumb\":{\"@id\":\"https:\/\/internationaleducationcenters.de\/es\/producto\/prueba-de-naturalizacion\/#breadcrumb\"},\"inLanguage\":\"es\",\"potentialAction\":[{\"@type\":\"ReadAction\",\"target\":[\"https:\/\/internationaleducationcenters.de\/es\/producto\/prueba-de-naturalizacion\/\"]}]},{\"@type\":\"ImageObject\",\"inLanguage\":\"es\",\"@id\":\"https:\/\/internationaleducationcenters.de\/es\/producto\/prueba-de-naturalizacion\/#primaryimage\",\"url\":\"https:\/\/internationaleducationcenters.de\/wp-content\/uploads\/2024\/01\/Einbuergerungstest-EBT.jpg\",\"contentUrl\":\"https:\/\/internationaleducationcenters.de\/wp-content\/uploads\/2024\/01\/Einbuergerungstest-EBT.jpg\",\"width\":300,\"height\":200,\"caption\":\"Einb\u00fcrgerungstest in Wuppertal mit IEC\"},{\"@type\":\"BreadcrumbList\",\"@id\":\"https:\/\/internationaleducationcenters.de\/es\/producto\/prueba-de-naturalizacion\/#breadcrumb\",\"itemListElement\":[{\"@type\":\"ListItem\",\"position\":1,\"name\":\"Home\",\"item\":\"https:\/\/internationaleducationcenters.de\/es\/\"},{\"@type\":\"ListItem\",\"position\":2,\"name\":\"Tienda\",\"item\":\"https:\/\/internationaleducationcenters.de\/es\/shop\/\"},{\"@type\":\"ListItem\",\"position\":3,\"name\":\"Prueba de naturalizaci\u00f3n\"}]},{\"@type\":\"WebSite\",\"@id\":\"https:\/\/internationaleducationcenters.de\/es\/#website\",\"url\":\"https:\/\/internationaleducationcenters.de\/es\/\",\"name\":\"International Education Centers\",\"description\":\"\",\"publisher\":{\"@id\":\"https:\/\/internationaleducationcenters.de\/es\/#organization\"},\"potentialAction\":[{\"@type\":\"SearchAction\",\"target\":{\"@type\":\"EntryPoint\",\"urlTemplate\":\"https:\/\/internationaleducationcenters.de\/es\/?s={search_term_string}\"},\"query-input\":{\"@type\":\"PropertyValueSpecification\",\"valueRequired\":true,\"valueName\":\"search_term_string\"}}],\"inLanguage\":\"es\"},{\"@type\":\"Organization\",\"@id\":\"https:\/\/internationaleducationcenters.de\/es\/#organization\",\"name\":\"International Education Centers\",\"alternateName\":\"IEC\",\"url\":\"https:\/\/internationaleducationcenters.de\/es\/\",\"logo\":{\"@type\":\"ImageObject\",\"inLanguage\":\"es\",\"@id\":\"https:\/\/internationaleducationcenters.de\/es\/#\/schema\/logo\/image\/\",\"url\":\"https:\/\/internationaleducationcenters.de\/wp-content\/uploads\/2025\/08\/IEC_favicon-1.png\",\"contentUrl\":\"https:\/\/internationaleducationcenters.de\/wp-content\/uploads\/2025\/08\/IEC_favicon-1.png\",\"width\":512,\"height\":512,\"caption\":\"International Education Centers\"},\"image\":{\"@id\":\"https:\/\/internationaleducationcenters.de\/es\/#\/schema\/logo\/image\/\"},\"sameAs\":[\"https:\/\/www.facebook.com\/InternationalEducationCenters\/\"]}]}<\/script>\n<meta property=\"product:price:amount\" content=\"85.00\" \/>\n<meta property=\"product:price:currency\" content=\"EUR\" \/>\n<meta property=\"og:availability\" content=\"instock\" \/>\n<meta property=\"product:availability\" content=\"instock\" \/>\n<meta property=\"product:condition\" content=\"new\" \/>\n<!-- \/ Yoast SEO Premium plugin. -->","yoast_head_json":{"title":"Prueba de naturalizaci\u00f3n - International Education Centers","description":"Citas fiables, precios justos y facilidad de inscripci\u00f3n para el examen de naturalizaci\u00f3n en Wuppertal-Barmen. \u00a1Aprovecha la oportunidad e inscr\u00edbete ahora!","robots":{"index":"index","follow":"follow","max-snippet":"max-snippet:-1","max-image-preview":"max-image-preview:large","max-video-preview":"max-video-preview:-1"},"canonical":"https:\/\/internationaleducationcenters.de\/es\/producto\/prueba-de-naturalizacion\/","og_locale":"es_ES","og_type":"article","og_title":"Prueba de naturalizaci\u00f3n","og_description":"Citas fiables, precios justos y facilidad de inscripci\u00f3n para el examen de naturalizaci\u00f3n en Wuppertal-Barmen. \u00a1Aprovecha la oportunidad e inscr\u00edbete ahora!","og_url":"https:\/\/internationaleducationcenters.de\/es\/producto\/prueba-de-naturalizacion\/","og_site_name":"International Education Centers","article_publisher":"https:\/\/www.facebook.com\/InternationalEducationCenters\/","article_modified_time":"2026-04-16T11:27:41+00:00","og_image":[{"width":300,"height":200,"url":"https:\/\/internationaleducationcenters.de\/wp-content\/uploads\/2024\/01\/Einbuergerungstest-EBT.jpg","type":"image\/jpeg"}],"twitter_card":"summary_large_image","twitter_misc":{"Precio":"85,00&nbsp;&euro;","Disponibilidad":"Disponible"},"schema":{"@context":"https:\/\/schema.org","@graph":[{"@type":"WebPage","@id":"https:\/\/internationaleducationcenters.de\/es\/producto\/prueba-de-naturalizacion\/","url":"https:\/\/internationaleducationcenters.de\/es\/producto\/prueba-de-naturalizacion\/","name":"Prueba de naturalizaci\u00f3n - International Education Centers","isPartOf":{"@id":"https:\/\/internationaleducationcenters.de\/es\/#website"},"primaryImageOfPage":{"@id":"https:\/\/internationaleducationcenters.de\/es\/producto\/prueba-de-naturalizacion\/#primaryimage"},"image":{"@id":"https:\/\/internationaleducationcenters.de\/es\/producto\/prueba-de-naturalizacion\/#primaryimage"},"thumbnailUrl":"https:\/\/internationaleducationcenters.de\/wp-content\/uploads\/2024\/01\/Einbuergerungstest-EBT.jpg","datePublished":"2024-01-05T12:00:02+00:00","dateModified":"2026-04-16T11:27:41+00:00","description":"Citas fiables, precios justos y facilidad de inscripci\u00f3n para el examen de naturalizaci\u00f3n en Wuppertal-Barmen. \u00a1Aprovecha la oportunidad e inscr\u00edbete ahora!","breadcrumb":{"@id":"https:\/\/internationaleducationcenters.de\/es\/producto\/prueba-de-naturalizacion\/#breadcrumb"},"inLanguage":"es","potentialAction":[{"@type":"ReadAction","target":["https:\/\/internationaleducationcenters.de\/es\/producto\/prueba-de-naturalizacion\/"]}]},{"@type":"ImageObject","inLanguage":"es","@id":"https:\/\/internationaleducationcenters.de\/es\/producto\/prueba-de-naturalizacion\/#primaryimage","url":"https:\/\/internationaleducationcenters.de\/wp-content\/uploads\/2024\/01\/Einbuergerungstest-EBT.jpg","contentUrl":"https:\/\/internationaleducationcenters.de\/wp-content\/uploads\/2024\/01\/Einbuergerungstest-EBT.jpg","width":300,"height":200,"caption":"Einb\u00fcrgerungstest in Wuppertal mit IEC"},{"@type":"BreadcrumbList","@id":"https:\/\/internationaleducationcenters.de\/es\/producto\/prueba-de-naturalizacion\/#breadcrumb","itemListElement":[{"@type":"ListItem","position":1,"name":"Home","item":"https:\/\/internationaleducationcenters.de\/es\/"},{"@type":"ListItem","position":2,"name":"Tienda","item":"https:\/\/internationaleducationcenters.de\/es\/shop\/"},{"@type":"ListItem","position":3,"name":"Prueba de naturalizaci\u00f3n"}]},{"@type":"WebSite","@id":"https:\/\/internationaleducationcenters.de\/es\/#website","url":"https:\/\/internationaleducationcenters.de\/es\/","name":"International Education Centers","description":"","publisher":{"@id":"https:\/\/internationaleducationcenters.de\/es\/#organization"},"potentialAction":[{"@type":"SearchAction","target":{"@type":"EntryPoint","urlTemplate":"https:\/\/internationaleducationcenters.de\/es\/?s={search_term_string}"},"query-input":{"@type":"PropertyValueSpecification","valueRequired":true,"valueName":"search_term_string"}}],"inLanguage":"es"},{"@type":"Organization","@id":"https:\/\/internationaleducationcenters.de\/es\/#organization","name":"International Education Centers","alternateName":"IEC","url":"https:\/\/internationaleducationcenters.de\/es\/","logo":{"@type":"ImageObject","inLanguage":"es","@id":"https:\/\/internationaleducationcenters.de\/es\/#\/schema\/logo\/image\/","url":"https:\/\/internationaleducationcenters.de\/wp-content\/uploads\/2025\/08\/IEC_favicon-1.png","contentUrl":"https:\/\/internationaleducationcenters.de\/wp-content\/uploads\/2025\/08\/IEC_favicon-1.png","width":512,"height":512,"caption":"International Education Centers"},"image":{"@id":"https:\/\/internationaleducationcenters.de\/es\/#\/schema\/logo\/image\/"},"sameAs":["https:\/\/www.facebook.com\/InternationalEducationCenters\/"]}]},"product_price_amount":"85.00","product_price_currency":"EUR","og_availability":"instock","product_availability":"instock","product_condition":"new"},"_links":{"self":[{"href":"https:\/\/internationaleducationcenters.de\/es\/wp-json\/wp\/v2\/product\/4036","targetHints":{"allow":["GET"]}}],"collection":[{"href":"https:\/\/internationaleducationcenters.de\/es\/wp-json\/wp\/v2\/product"}],"about":[{"href":"https:\/\/internationaleducationcenters.de\/es\/wp-json\/wp\/v2\/types\/product"}],"replies":[{"embeddable":true,"href":"https:\/\/internationaleducationcenters.de\/es\/wp-json\/wp\/v2\/comments?post=4036"}],"version-history":[{"count":3,"href":"https:\/\/internationaleducationcenters.de\/es\/wp-json\/wp\/v2\/product\/4036\/revisions"}],"predecessor-version":[{"id":23075,"href":"https:\/\/internationaleducationcenters.de\/es\/wp-json\/wp\/v2\/product\/4036\/revisions\/23075"}],"wp:featuredmedia":[{"embeddable":true,"href":"https:\/\/internationaleducationcenters.de\/es\/wp-json\/wp\/v2\/media\/7643"}],"wp:attachment":[{"href":"https:\/\/internationaleducationcenters.de\/es\/wp-json\/wp\/v2\/media?parent=4036"}],"wp:term":[{"taxonomy":"product_brand","embeddable":true,"href":"https:\/\/internationaleducationcenters.de\/es\/wp-json\/wp\/v2\/product_brand?post=4036"},{"taxonomy":"product_cat","embeddable":true,"href":"https:\/\/internationaleducationcenters.de\/es\/wp-json\/wp\/v2\/product_cat?post=4036"},{"taxonomy":"product_tag","embeddable":true,"href":"https:\/\/internationaleducationcenters.de\/es\/wp-json\/wp\/v2\/product_tag?post=4036"}],"curies":[{"name":"wp","href":"https:\/\/api.w.org\/{rel}","templated":true}]}}