{"id":4044,"date":"2024-01-05T13:08:46","date_gmt":"2024-01-05T12:08:46","guid":{"rendered":"https:\/\/internationaleducationcenters.de\/kurs\/test-vivir-en-alemania\/"},"modified":"2025-12-09T15:05:24","modified_gmt":"2025-12-09T14:05:24","slug":"test-vivir-en-alemania","status":"publish","type":"product","link":"https:\/\/internationaleducationcenters.de\/es\/producto\/test-vivir-en-alemania\/","title":{"rendered":"Test \u00abVivir en Alemania\u00bb"},"content":{"rendered":"<p><strong>Ten en cuenta que actualmente s\u00f3lo ofrecemos el examen \u00abVivir en Alemania\u00bb a nuestros participantes internos. Estaremos encantados de recomendarte el <a href=\"https:\/\/internationaleducationcenters.de\/es\/producto\/prueba-de-naturalizacion\/\">\u00abtest de naturalizaci\u00f3n\u00bb<\/a> alternativo en nuestra oficina.<\/strong><\/p>\n<h4>\u00bfQu\u00e9 es la prueba \u00abVivir en Alemania\u00bb?<\/h4>\n<p>El examen \u00abVivir en Alemania\u00bb tiene lugar al final de un curso de orientaci\u00f3n en una fecha distinta. Por ejemplo, contiene preguntas sobre el sistema pol\u00edtico alem\u00e1n, la diversidad religiosa y la igualdad de derechos entre hombres y mujeres. El cat\u00e1logo de preguntas del examen \u00abVivir en Alemania\u00bb y el temario del curso de orientaci\u00f3n te ofrecen una visi\u00f3n general de todos los temas importantes para el examen.<\/p>\n<h4>\u00bfQu\u00e9 puedo esperar de la prueba?<\/h4>\n<p>Cada participante en la prueba recibe un cuestionario con un total de 33 preguntas. Hay cuatro respuestas posibles para cada pregunta del cuestionario. Los participantes deben marcar la respuesta correcta en cada caso. Los participantes disponen de 60 minutos para responder a 33 preguntas. El examen se supera si se responden correctamente al menos 15 de las 33 preguntas.<\/p>\n<h4>\u00bfC\u00f3mo puedo prepararme para el examen?<\/h4>\n<p>La preparaci\u00f3n para el examen forma parte del curso de orientaci\u00f3n. El d\u00eda del examen, cada participante recibe su propia hoja de examen con 33 preguntas. Por supuesto, todas las formas de examen son igual de dif\u00edciles.<br \/>\nEl objetivo del curso de integraci\u00f3n es que superes con \u00e9xito el examen final. La prueba final consiste en los dos ex\u00e1menes de la prueba de lengua \u00abDeutsch-Test f\u00fcr Zuwanderer\u00bb (DTZ) y la prueba \u00abLeben in Deutschland\u00bb.<\/p>\n<h4>Nota:<\/h4>\n<p>Ten en cuenta que, aunque hagas la reserva por Internet, es imprescindible que asistas en persona, ya que necesitamos tu firma original. Puedes venir sin cita previa hasta 3 semanas antes del examen.<\/p>\n","protected":false},"excerpt":{"rendered":"<p data-start=\"484\" data-end=\"749\">\u00bfQuieres superar con \u00e9xito el <em data-start=\"500\" data-end=\"527\">Test Leben en Alemania<\/em>? En el IEC de Wuppertal te preparamos espec\u00edficamente para las preguntas del examen oficial.<\/p>\n<p data-start=\"751\" data-end=\"919\">\n","protected":false},"featured_media":7652,"comment_status":"closed","ping_status":"closed","template":"","meta":{"_acf_changed":false},"product_brand":[],"product_cat":[283],"product_tag":[280,285],"class_list":{"0":"post-4044","1":"product","2":"type-product","3":"status-publish","4":"has-post-thumbnail","6":"product_cat-otras-comprobaciones-y-pruebas","7":"product_tag-buyoption-internal-redirect-es","8":"product_tag-examenes-complementarios","10":"first","11":"instock","12":"purchasable","13":"product-type-simple"},"acf":[],"yoast_head":"<!-- This site is optimized with the Yoast SEO Premium plugin v25.9 (Yoast SEO v26.9) - https:\/\/yoast.com\/product\/yoast-seo-premium-wordpress\/ -->\n<title>Test &quot;Vivir en Alemania&quot; - International Education Centers<\/title>\n<meta name=\"description\" content=\"\u00a1Aprueba el examen para vivir en Alemania en Wuppertal con el IEC! La preparaci\u00f3n perfecta para la naturalizaci\u00f3n. \u00a1Inscr\u00edbete ahora y reserva tu cita!\" \/>\n<meta name=\"robots\" content=\"index, follow, max-snippet:-1, max-image-preview:large, max-video-preview:-1\" \/>\n<link rel=\"canonical\" href=\"https:\/\/internationaleducationcenters.de\/es\/producto\/test-vivir-en-alemania\/\" \/>\n<meta property=\"og:locale\" content=\"es_ES\" \/>\n<meta property=\"og:type\" content=\"article\" \/>\n<meta property=\"og:title\" content=\"Test &quot;Vivir en Alemania&quot;\" \/>\n<meta property=\"og:description\" content=\"\u00a1Aprueba el examen para vivir en Alemania en Wuppertal con el IEC! La preparaci\u00f3n perfecta para la naturalizaci\u00f3n. \u00a1Inscr\u00edbete ahora y reserva tu cita!\" \/>\n<meta property=\"og:url\" content=\"https:\/\/internationaleducationcenters.de\/es\/producto\/test-vivir-en-alemania\/\" \/>\n<meta property=\"og:site_name\" content=\"International Education Centers\" \/>\n<meta property=\"article:publisher\" content=\"https:\/\/www.facebook.com\/InternationalEducationCenters\/\" \/>\n<meta property=\"article:modified_time\" content=\"2025-12-09T14:05:24+00:00\" \/>\n<meta property=\"og:image\" content=\"https:\/\/internationaleducationcenters.de\/wp-content\/uploads\/2024\/01\/Leben-in-Deutschland.jpg\" \/>\n\t<meta property=\"og:image:width\" content=\"300\" \/>\n\t<meta property=\"og:image:height\" content=\"200\" \/>\n\t<meta property=\"og:image:type\" content=\"image\/jpeg\" \/>\n<meta name=\"twitter:card\" content=\"summary_large_image\" \/>\n<meta name=\"twitter:label1\" content=\"Precio\" \/>\n\t<meta name=\"twitter:data1\" content=\"85,00&nbsp;&euro;\" \/>\n\t<meta name=\"twitter:label2\" content=\"Disponibilidad\" \/>\n\t<meta name=\"twitter:data2\" content=\"Disponible\" \/>\n<script type=\"application\/ld+json\" class=\"yoast-schema-graph\">{\"@context\":\"https:\/\/schema.org\",\"@graph\":[{\"@type\":\"WebPage\",\"@id\":\"https:\/\/internationaleducationcenters.de\/es\/producto\/test-vivir-en-alemania\/\",\"url\":\"https:\/\/internationaleducationcenters.de\/es\/producto\/test-vivir-en-alemania\/\",\"name\":\"Test \\\"Vivir en Alemania\\\" - International Education Centers\",\"isPartOf\":{\"@id\":\"https:\/\/internationaleducationcenters.de\/es\/#website\"},\"primaryImageOfPage\":{\"@id\":\"https:\/\/internationaleducationcenters.de\/es\/producto\/test-vivir-en-alemania\/#primaryimage\"},\"image\":{\"@id\":\"https:\/\/internationaleducationcenters.de\/es\/producto\/test-vivir-en-alemania\/#primaryimage\"},\"thumbnailUrl\":\"https:\/\/internationaleducationcenters.de\/wp-content\/uploads\/2024\/01\/Leben-in-Deutschland.jpg\",\"datePublished\":\"2024-01-05T12:08:46+00:00\",\"dateModified\":\"2025-12-09T14:05:24+00:00\",\"description\":\"\u00a1Aprueba el examen para vivir en Alemania en Wuppertal con el IEC! La preparaci\u00f3n perfecta para la naturalizaci\u00f3n. \u00a1Inscr\u00edbete ahora y reserva tu cita!\",\"breadcrumb\":{\"@id\":\"https:\/\/internationaleducationcenters.de\/es\/producto\/test-vivir-en-alemania\/#breadcrumb\"},\"inLanguage\":\"es\",\"potentialAction\":[{\"@type\":\"ReadAction\",\"target\":[\"https:\/\/internationaleducationcenters.de\/es\/producto\/test-vivir-en-alemania\/\"]}]},{\"@type\":\"ImageObject\",\"inLanguage\":\"es\",\"@id\":\"https:\/\/internationaleducationcenters.de\/es\/producto\/test-vivir-en-alemania\/#primaryimage\",\"url\":\"https:\/\/internationaleducationcenters.de\/wp-content\/uploads\/2024\/01\/Leben-in-Deutschland.jpg\",\"contentUrl\":\"https:\/\/internationaleducationcenters.de\/wp-content\/uploads\/2024\/01\/Leben-in-Deutschland.jpg\",\"width\":300,\"height\":200,\"caption\":\"test leben in Deutschland in Wuppertal mit IEC\"},{\"@type\":\"BreadcrumbList\",\"@id\":\"https:\/\/internationaleducationcenters.de\/es\/producto\/test-vivir-en-alemania\/#breadcrumb\",\"itemListElement\":[{\"@type\":\"ListItem\",\"position\":1,\"name\":\"Home\",\"item\":\"https:\/\/internationaleducationcenters.de\/es\/\"},{\"@type\":\"ListItem\",\"position\":2,\"name\":\"Tienda\",\"item\":\"https:\/\/internationaleducationcenters.de\/es\/shop\/\"},{\"@type\":\"ListItem\",\"position\":3,\"name\":\"Test &#8222;Vivir en Alemania&#8220;\"}]},{\"@type\":\"WebSite\",\"@id\":\"https:\/\/internationaleducationcenters.de\/es\/#website\",\"url\":\"https:\/\/internationaleducationcenters.de\/es\/\",\"name\":\"International Education Centers\",\"description\":\"\",\"publisher\":{\"@id\":\"https:\/\/internationaleducationcenters.de\/es\/#organization\"},\"potentialAction\":[{\"@type\":\"SearchAction\",\"target\":{\"@type\":\"EntryPoint\",\"urlTemplate\":\"https:\/\/internationaleducationcenters.de\/es\/?s={search_term_string}\"},\"query-input\":{\"@type\":\"PropertyValueSpecification\",\"valueRequired\":true,\"valueName\":\"search_term_string\"}}],\"inLanguage\":\"es\"},{\"@type\":\"Organization\",\"@id\":\"https:\/\/internationaleducationcenters.de\/es\/#organization\",\"name\":\"International Education Centers\",\"alternateName\":\"IEC\",\"url\":\"https:\/\/internationaleducationcenters.de\/es\/\",\"logo\":{\"@type\":\"ImageObject\",\"inLanguage\":\"es\",\"@id\":\"https:\/\/internationaleducationcenters.de\/es\/#\/schema\/logo\/image\/\",\"url\":\"https:\/\/internationaleducationcenters.de\/wp-content\/uploads\/2025\/08\/IEC_favicon-1.png\",\"contentUrl\":\"https:\/\/internationaleducationcenters.de\/wp-content\/uploads\/2025\/08\/IEC_favicon-1.png\",\"width\":512,\"height\":512,\"caption\":\"International Education Centers\"},\"image\":{\"@id\":\"https:\/\/internationaleducationcenters.de\/es\/#\/schema\/logo\/image\/\"},\"sameAs\":[\"https:\/\/www.facebook.com\/InternationalEducationCenters\/\"]}]}<\/script>\n<meta property=\"product:price:amount\" content=\"85.00\" \/>\n<meta property=\"product:price:currency\" content=\"EUR\" \/>\n<meta property=\"og:availability\" content=\"instock\" \/>\n<meta property=\"product:availability\" content=\"instock\" \/>\n<meta property=\"product:condition\" content=\"new\" \/>\n<!-- \/ Yoast SEO Premium plugin. -->","yoast_head_json":{"title":"Test \"Vivir en Alemania\" - International Education Centers","description":"\u00a1Aprueba el examen para vivir en Alemania en Wuppertal con el IEC! La preparaci\u00f3n perfecta para la naturalizaci\u00f3n. \u00a1Inscr\u00edbete ahora y reserva tu cita!","robots":{"index":"index","follow":"follow","max-snippet":"max-snippet:-1","max-image-preview":"max-image-preview:large","max-video-preview":"max-video-preview:-1"},"canonical":"https:\/\/internationaleducationcenters.de\/es\/producto\/test-vivir-en-alemania\/","og_locale":"es_ES","og_type":"article","og_title":"Test \"Vivir en Alemania\"","og_description":"\u00a1Aprueba el examen para vivir en Alemania en Wuppertal con el IEC! La preparaci\u00f3n perfecta para la naturalizaci\u00f3n. \u00a1Inscr\u00edbete ahora y reserva tu cita!","og_url":"https:\/\/internationaleducationcenters.de\/es\/producto\/test-vivir-en-alemania\/","og_site_name":"International Education Centers","article_publisher":"https:\/\/www.facebook.com\/InternationalEducationCenters\/","article_modified_time":"2025-12-09T14:05:24+00:00","og_image":[{"width":300,"height":200,"url":"https:\/\/internationaleducationcenters.de\/wp-content\/uploads\/2024\/01\/Leben-in-Deutschland.jpg","type":"image\/jpeg"}],"twitter_card":"summary_large_image","twitter_misc":{"Precio":"85,00&nbsp;&euro;","Disponibilidad":"Disponible"},"schema":{"@context":"https:\/\/schema.org","@graph":[{"@type":"WebPage","@id":"https:\/\/internationaleducationcenters.de\/es\/producto\/test-vivir-en-alemania\/","url":"https:\/\/internationaleducationcenters.de\/es\/producto\/test-vivir-en-alemania\/","name":"Test \"Vivir en Alemania\" - International Education Centers","isPartOf":{"@id":"https:\/\/internationaleducationcenters.de\/es\/#website"},"primaryImageOfPage":{"@id":"https:\/\/internationaleducationcenters.de\/es\/producto\/test-vivir-en-alemania\/#primaryimage"},"image":{"@id":"https:\/\/internationaleducationcenters.de\/es\/producto\/test-vivir-en-alemania\/#primaryimage"},"thumbnailUrl":"https:\/\/internationaleducationcenters.de\/wp-content\/uploads\/2024\/01\/Leben-in-Deutschland.jpg","datePublished":"2024-01-05T12:08:46+00:00","dateModified":"2025-12-09T14:05:24+00:00","description":"\u00a1Aprueba el examen para vivir en Alemania en Wuppertal con el IEC! La preparaci\u00f3n perfecta para la naturalizaci\u00f3n. \u00a1Inscr\u00edbete ahora y reserva tu cita!","breadcrumb":{"@id":"https:\/\/internationaleducationcenters.de\/es\/producto\/test-vivir-en-alemania\/#breadcrumb"},"inLanguage":"es","potentialAction":[{"@type":"ReadAction","target":["https:\/\/internationaleducationcenters.de\/es\/producto\/test-vivir-en-alemania\/"]}]},{"@type":"ImageObject","inLanguage":"es","@id":"https:\/\/internationaleducationcenters.de\/es\/producto\/test-vivir-en-alemania\/#primaryimage","url":"https:\/\/internationaleducationcenters.de\/wp-content\/uploads\/2024\/01\/Leben-in-Deutschland.jpg","contentUrl":"https:\/\/internationaleducationcenters.de\/wp-content\/uploads\/2024\/01\/Leben-in-Deutschland.jpg","width":300,"height":200,"caption":"test leben in Deutschland in Wuppertal mit IEC"},{"@type":"BreadcrumbList","@id":"https:\/\/internationaleducationcenters.de\/es\/producto\/test-vivir-en-alemania\/#breadcrumb","itemListElement":[{"@type":"ListItem","position":1,"name":"Home","item":"https:\/\/internationaleducationcenters.de\/es\/"},{"@type":"ListItem","position":2,"name":"Tienda","item":"https:\/\/internationaleducationcenters.de\/es\/shop\/"},{"@type":"ListItem","position":3,"name":"Test &#8222;Vivir en Alemania&#8220;"}]},{"@type":"WebSite","@id":"https:\/\/internationaleducationcenters.de\/es\/#website","url":"https:\/\/internationaleducationcenters.de\/es\/","name":"International Education Centers","description":"","publisher":{"@id":"https:\/\/internationaleducationcenters.de\/es\/#organization"},"potentialAction":[{"@type":"SearchAction","target":{"@type":"EntryPoint","urlTemplate":"https:\/\/internationaleducationcenters.de\/es\/?s={search_term_string}"},"query-input":{"@type":"PropertyValueSpecification","valueRequired":true,"valueName":"search_term_string"}}],"inLanguage":"es"},{"@type":"Organization","@id":"https:\/\/internationaleducationcenters.de\/es\/#organization","name":"International Education Centers","alternateName":"IEC","url":"https:\/\/internationaleducationcenters.de\/es\/","logo":{"@type":"ImageObject","inLanguage":"es","@id":"https:\/\/internationaleducationcenters.de\/es\/#\/schema\/logo\/image\/","url":"https:\/\/internationaleducationcenters.de\/wp-content\/uploads\/2025\/08\/IEC_favicon-1.png","contentUrl":"https:\/\/internationaleducationcenters.de\/wp-content\/uploads\/2025\/08\/IEC_favicon-1.png","width":512,"height":512,"caption":"International Education Centers"},"image":{"@id":"https:\/\/internationaleducationcenters.de\/es\/#\/schema\/logo\/image\/"},"sameAs":["https:\/\/www.facebook.com\/InternationalEducationCenters\/"]}]},"product_price_amount":"85.00","product_price_currency":"EUR","og_availability":"instock","product_availability":"instock","product_condition":"new"},"_links":{"self":[{"href":"https:\/\/internationaleducationcenters.de\/es\/wp-json\/wp\/v2\/product\/4044","targetHints":{"allow":["GET"]}}],"collection":[{"href":"https:\/\/internationaleducationcenters.de\/es\/wp-json\/wp\/v2\/product"}],"about":[{"href":"https:\/\/internationaleducationcenters.de\/es\/wp-json\/wp\/v2\/types\/product"}],"replies":[{"embeddable":true,"href":"https:\/\/internationaleducationcenters.de\/es\/wp-json\/wp\/v2\/comments?post=4044"}],"version-history":[{"count":2,"href":"https:\/\/internationaleducationcenters.de\/es\/wp-json\/wp\/v2\/product\/4044\/revisions"}],"predecessor-version":[{"id":23064,"href":"https:\/\/internationaleducationcenters.de\/es\/wp-json\/wp\/v2\/product\/4044\/revisions\/23064"}],"wp:featuredmedia":[{"embeddable":true,"href":"https:\/\/internationaleducationcenters.de\/es\/wp-json\/wp\/v2\/media\/7652"}],"wp:attachment":[{"href":"https:\/\/internationaleducationcenters.de\/es\/wp-json\/wp\/v2\/media?parent=4044"}],"wp:term":[{"taxonomy":"product_brand","embeddable":true,"href":"https:\/\/internationaleducationcenters.de\/es\/wp-json\/wp\/v2\/product_brand?post=4044"},{"taxonomy":"product_cat","embeddable":true,"href":"https:\/\/internationaleducationcenters.de\/es\/wp-json\/wp\/v2\/product_cat?post=4044"},{"taxonomy":"product_tag","embeddable":true,"href":"https:\/\/internationaleducationcenters.de\/es\/wp-json\/wp\/v2\/product_tag?post=4044"}],"curies":[{"name":"wp","href":"https:\/\/api.w.org\/{rel}","templated":true}]}}