{"id":4173,"date":"2024-01-04T14:37:34","date_gmt":"2024-01-04T13:37:34","guid":{"rendered":"https:\/\/internationaleducationcenters.de\/kurs\/cursos-de-integracion-de-mujeres-y-padres\/"},"modified":"2025-12-01T12:05:03","modified_gmt":"2025-12-01T11:05:03","slug":"cursos-de-integracion-de-mujeres-y-padres","status":"publish","type":"product","link":"https:\/\/internationaleducationcenters.de\/es\/producto\/cursos-de-integracion-de-mujeres-y-padres\/","title":{"rendered":"Cursos de integraci\u00f3n de mujeres y padres"},"content":{"rendered":"\t\t<div data-elementor-type=\"product-post\" data-elementor-id=\"4173\" class=\"elementor elementor-4173 elementor-637\" data-elementor-post-type=\"product\">\n\t\t\t\t<div class=\"elementor-element elementor-element-57beb750 e-flex e-con-boxed e-con e-parent\" data-id=\"57beb750\" data-element_type=\"container\" data-e-type=\"container\">\n\t\t\t\t\t<div class=\"e-con-inner\">\n\t\t\t\t<div class=\"elementor-element elementor-element-11d97f6d elementor-widget elementor-widget-text-editor\" data-id=\"11d97f6d\" data-element_type=\"widget\" data-e-type=\"widget\" data-widget_type=\"text-editor.default\">\n\t\t\t\t<div class=\"elementor-widget-container\">\n\t\t\t\t\t\t\t\t\t<p>Descubre nuestros cursos de integraci\u00f3n especialmente dise\u00f1ados para mujeres y padres, cuyo objetivo no es s\u00f3lo ense\u00f1arte la lengua alemana, sino tambi\u00e9n proporcionarte amplios conocimientos sobre el sistema educativo alem\u00e1n y la participaci\u00f3n social. Estos cursos son una excelente oportunidad para que los padres, especialmente las mujeres, mejoren sus conocimientos ling\u00fc\u00edsticos y, al mismo tiempo, participen activamente en la educaci\u00f3n y crianza de sus hijos.<\/p><h4>Cursos de integraci\u00f3n de mujeres y padres &#8211; visi\u00f3n general<\/h4><p><strong>Grupo destinatario:<\/strong> Este programa est\u00e1 dirigido a padres que deseen mejorar sus conocimientos de alem\u00e1n para ayudar a sus hijos con los deberes y a mujeres que, por diversos motivos, no han podido o no han querido asistir a un curso de alem\u00e1n.<\/p><p><strong>Contenido y estructura del curso:<\/strong><\/p><ul><li><strong>Curso de idiomas:<\/strong> Hasta 900 clases para mujeres que quieran aprender junto con otras mujeres y padres que quieran familiarizarse con el sistema educativo alem\u00e1n. Aprenden a desenvolverse en situaciones cotidianas, desde la compra y el transporte p\u00fablico hasta las reuniones de padres y las visitas al m\u00e9dico.<\/li><li><strong>Curso de orientaci\u00f3n:<\/strong> 100 unidades did\u00e1cticas que tratan sobre el sistema jur\u00eddico alem\u00e1n, la cultura, la historia y los valores de la sociedad. Se hace especial hincapi\u00e9 en la igualdad, la tolerancia y la libertad.<\/li><\/ul><p><strong>Caracter\u00edsticas especiales:<\/strong><\/p><ul><li>Para los padres: familiarizaci\u00f3n con los jardines de infancia y las escuelas, creaci\u00f3n de redes con educadores\/profesores y otros padres, conocimiento del sistema educativo y opciones de apoyo.<\/li><li>Para las mujeres: Asesoramiento especial sobre la familia, los hijos y los j\u00f3venes, as\u00ed como informaci\u00f3n sobre oportunidades laborales y profesionales en Alemania.<\/li><\/ul><p><strong>Requisitos de participaci\u00f3n:<\/strong><\/p><ul><li>Edad m\u00ednima 16 a\u00f1os.<\/li><li>Para mujeres: Uno o m\u00e1s hijos menores de 18 a\u00f1os; permiso de residencia para mujeres extranjeras que vivan permanentemente en Alemania; repatriados de etnia alemana y sus c\u00f3nyuges; solicitantes de asilo con buenas perspectivas de permanecer en Alemania o solicitantes de asilo pr\u00f3ximos al mercado laboral; ciudadanos de la UE y nacionales alemanes sin conocimientos suficientes de alem\u00e1n.<\/li><\/ul><p><strong>Costes:<\/strong><\/p><ul><li>El curso es gratuito para los participantes que cumplan los requisitos. Los dem\u00e1s participantes pagan una cuota de 2,29 euros por clase. Es posible un reembolso parcial de las tasas en determinadas condiciones.<\/li><\/ul><h4>Tu beneficio<\/h4><p>Al participar en este curso, no s\u00f3lo mejorar\u00e1s tus conocimientos ling\u00fc\u00edsticos, sino que tambi\u00e9n obtendr\u00e1s importantes conocimientos sobre el sistema educativo alem\u00e1n, que te ayudar\u00e1n a ti y a tu familia a integraros y participar mejor en Alemania. Construyes una red con otros padres y mujeres que quieren superar retos similares y refuerzas tu autoconfianza para participar activamente en la vida social.<\/p><p>Estos cursos ofrecen una amplia plataforma de aprendizaje, intercambio y apoyo destinada a facilitar y promover la integraci\u00f3n en la sociedad alemana. Aprovecha la oportunidad de seguir desarroll\u00e1ndote y ponte en contacto con nosotros para saber m\u00e1s sobre la inscripci\u00f3n y las condiciones de participaci\u00f3n.<\/p>\t\t\t\t\t\t\t\t<\/div>\n\t\t\t\t<\/div>\n\t\t\t\t\t<\/div>\n\t\t\t\t<\/div>\n\t\t\t\t<\/div>\n\t\t","protected":false},"excerpt":{"rendered":"<p>Apoyo espec\u00edfico para que las mujeres y los padres se integren con \u00e9xito en la sociedad.<\/p>\n","protected":false},"featured_media":7415,"comment_status":"closed","ping_status":"closed","template":"","meta":{"_acf_changed":false},"product_brand":[],"product_cat":[177],"product_tag":[179,178],"class_list":{"0":"post-4173","1":"product","2":"type-product","3":"status-publish","4":"has-post-thumbnail","6":"product_cat-cursos-de-aleman-subvencionados-por-la-bamf","7":"product_tag-buyoption-external-redirect-es","8":"product_tag-cursos-de-aleman-financiados-por-el-bamf","10":"first","11":"instock","12":"taxable","13":"shipping-taxable","14":"purchasable","15":"product-type-simple"},"acf":[],"yoast_head":"<!-- This site is optimized with the Yoast SEO Premium plugin v25.9 (Yoast SEO v26.9) - https:\/\/yoast.com\/product\/yoast-seo-premium-wordpress\/ -->\n<title>Cursos de integraci\u00f3n de mujeres y padres - International Education Centers<\/title>\n<meta name=\"description\" content=\"Mejora tus conocimientos de alem\u00e1n y familiar\u00edzate con el sistema educativo alem\u00e1n con nuestros cursos de integraci\u00f3n para mujeres y padres. \u00a1Inscr\u00edbete ya!\" \/>\n<meta name=\"robots\" content=\"index, follow, max-snippet:-1, max-image-preview:large, max-video-preview:-1\" \/>\n<link rel=\"canonical\" href=\"https:\/\/internationaleducationcenters.de\/es\/producto\/cursos-de-integracion-de-mujeres-y-padres\/\" \/>\n<meta property=\"og:locale\" content=\"es_ES\" \/>\n<meta property=\"og:type\" content=\"article\" \/>\n<meta property=\"og:title\" content=\"Cursos de integraci\u00f3n de mujeres y padres\" \/>\n<meta property=\"og:description\" content=\"Mejora tus conocimientos de alem\u00e1n y familiar\u00edzate con el sistema educativo alem\u00e1n con nuestros cursos de integraci\u00f3n para mujeres y padres. \u00a1Inscr\u00edbete ya!\" \/>\n<meta property=\"og:url\" content=\"https:\/\/internationaleducationcenters.de\/es\/producto\/cursos-de-integracion-de-mujeres-y-padres\/\" \/>\n<meta property=\"og:site_name\" content=\"International Education Centers\" \/>\n<meta property=\"article:publisher\" content=\"https:\/\/www.facebook.com\/InternationalEducationCenters\/\" \/>\n<meta property=\"article:modified_time\" content=\"2025-12-01T11:05:03+00:00\" \/>\n<meta property=\"og:image\" content=\"https:\/\/internationaleducationcenters.de\/wp-content\/uploads\/2024\/03\/Elternkurs.jpg\" \/>\n\t<meta property=\"og:image:width\" content=\"300\" \/>\n\t<meta property=\"og:image:height\" content=\"200\" \/>\n\t<meta property=\"og:image:type\" content=\"image\/jpeg\" \/>\n<meta name=\"twitter:card\" content=\"summary_large_image\" \/>\n<meta name=\"twitter:label1\" content=\"Precio\" \/>\n\t<meta name=\"twitter:data1\" content=\"485,00&nbsp;&euro;\" \/>\n\t<meta name=\"twitter:label2\" content=\"Disponibilidad\" \/>\n\t<meta name=\"twitter:data2\" content=\"Disponible\" \/>\n<script type=\"application\/ld+json\" class=\"yoast-schema-graph\">{\"@context\":\"https:\/\/schema.org\",\"@graph\":[{\"@type\":\"WebPage\",\"@id\":\"https:\/\/internationaleducationcenters.de\/es\/producto\/cursos-de-integracion-de-mujeres-y-padres\/\",\"url\":\"https:\/\/internationaleducationcenters.de\/es\/producto\/cursos-de-integracion-de-mujeres-y-padres\/\",\"name\":\"Cursos de integraci\u00f3n de mujeres y padres - International Education Centers\",\"isPartOf\":{\"@id\":\"https:\/\/internationaleducationcenters.de\/es\/#website\"},\"primaryImageOfPage\":{\"@id\":\"https:\/\/internationaleducationcenters.de\/es\/producto\/cursos-de-integracion-de-mujeres-y-padres\/#primaryimage\"},\"image\":{\"@id\":\"https:\/\/internationaleducationcenters.de\/es\/producto\/cursos-de-integracion-de-mujeres-y-padres\/#primaryimage\"},\"thumbnailUrl\":\"https:\/\/internationaleducationcenters.de\/wp-content\/uploads\/2024\/03\/Elternkurs.jpg\",\"datePublished\":\"2024-01-04T13:37:34+00:00\",\"dateModified\":\"2025-12-01T11:05:03+00:00\",\"description\":\"Mejora tus conocimientos de alem\u00e1n y familiar\u00edzate con el sistema educativo alem\u00e1n con nuestros cursos de integraci\u00f3n para mujeres y padres. \u00a1Inscr\u00edbete ya!\",\"breadcrumb\":{\"@id\":\"https:\/\/internationaleducationcenters.de\/es\/producto\/cursos-de-integracion-de-mujeres-y-padres\/#breadcrumb\"},\"inLanguage\":\"es\",\"potentialAction\":[{\"@type\":\"ReadAction\",\"target\":[\"https:\/\/internationaleducationcenters.de\/es\/producto\/cursos-de-integracion-de-mujeres-y-padres\/\"]}]},{\"@type\":\"ImageObject\",\"inLanguage\":\"es\",\"@id\":\"https:\/\/internationaleducationcenters.de\/es\/producto\/cursos-de-integracion-de-mujeres-y-padres\/#primaryimage\",\"url\":\"https:\/\/internationaleducationcenters.de\/wp-content\/uploads\/2024\/03\/Elternkurs.jpg\",\"contentUrl\":\"https:\/\/internationaleducationcenters.de\/wp-content\/uploads\/2024\/03\/Elternkurs.jpg\",\"width\":300,\"height\":200,\"caption\":\"Integration f\u00fcr Frauen und Eltern\"},{\"@type\":\"BreadcrumbList\",\"@id\":\"https:\/\/internationaleducationcenters.de\/es\/producto\/cursos-de-integracion-de-mujeres-y-padres\/#breadcrumb\",\"itemListElement\":[{\"@type\":\"ListItem\",\"position\":1,\"name\":\"Home\",\"item\":\"https:\/\/internationaleducationcenters.de\/es\/\"},{\"@type\":\"ListItem\",\"position\":2,\"name\":\"Tienda\",\"item\":\"https:\/\/internationaleducationcenters.de\/es\/shop\/\"},{\"@type\":\"ListItem\",\"position\":3,\"name\":\"Cursos de integraci\u00f3n de mujeres y padres\"}]},{\"@type\":\"WebSite\",\"@id\":\"https:\/\/internationaleducationcenters.de\/es\/#website\",\"url\":\"https:\/\/internationaleducationcenters.de\/es\/\",\"name\":\"International Education Centers\",\"description\":\"\",\"publisher\":{\"@id\":\"https:\/\/internationaleducationcenters.de\/es\/#organization\"},\"potentialAction\":[{\"@type\":\"SearchAction\",\"target\":{\"@type\":\"EntryPoint\",\"urlTemplate\":\"https:\/\/internationaleducationcenters.de\/es\/?s={search_term_string}\"},\"query-input\":{\"@type\":\"PropertyValueSpecification\",\"valueRequired\":true,\"valueName\":\"search_term_string\"}}],\"inLanguage\":\"es\"},{\"@type\":\"Organization\",\"@id\":\"https:\/\/internationaleducationcenters.de\/es\/#organization\",\"name\":\"International Education Centers\",\"alternateName\":\"IEC\",\"url\":\"https:\/\/internationaleducationcenters.de\/es\/\",\"logo\":{\"@type\":\"ImageObject\",\"inLanguage\":\"es\",\"@id\":\"https:\/\/internationaleducationcenters.de\/es\/#\/schema\/logo\/image\/\",\"url\":\"https:\/\/internationaleducationcenters.de\/wp-content\/uploads\/2025\/08\/IEC_favicon-1.png\",\"contentUrl\":\"https:\/\/internationaleducationcenters.de\/wp-content\/uploads\/2025\/08\/IEC_favicon-1.png\",\"width\":512,\"height\":512,\"caption\":\"International Education Centers\"},\"image\":{\"@id\":\"https:\/\/internationaleducationcenters.de\/es\/#\/schema\/logo\/image\/\"},\"sameAs\":[\"https:\/\/www.facebook.com\/InternationalEducationCenters\/\"]}]}<\/script>\n<meta property=\"product:price:amount\" content=\"485.00\" \/>\n<meta property=\"product:price:currency\" content=\"EUR\" \/>\n<meta property=\"og:availability\" content=\"instock\" \/>\n<meta property=\"product:availability\" content=\"instock\" \/>\n<meta property=\"product:condition\" content=\"new\" \/>\n<!-- \/ Yoast SEO Premium plugin. -->","yoast_head_json":{"title":"Cursos de integraci\u00f3n de mujeres y padres - International Education Centers","description":"Mejora tus conocimientos de alem\u00e1n y familiar\u00edzate con el sistema educativo alem\u00e1n con nuestros cursos de integraci\u00f3n para mujeres y padres. \u00a1Inscr\u00edbete ya!","robots":{"index":"index","follow":"follow","max-snippet":"max-snippet:-1","max-image-preview":"max-image-preview:large","max-video-preview":"max-video-preview:-1"},"canonical":"https:\/\/internationaleducationcenters.de\/es\/producto\/cursos-de-integracion-de-mujeres-y-padres\/","og_locale":"es_ES","og_type":"article","og_title":"Cursos de integraci\u00f3n de mujeres y padres","og_description":"Mejora tus conocimientos de alem\u00e1n y familiar\u00edzate con el sistema educativo alem\u00e1n con nuestros cursos de integraci\u00f3n para mujeres y padres. \u00a1Inscr\u00edbete ya!","og_url":"https:\/\/internationaleducationcenters.de\/es\/producto\/cursos-de-integracion-de-mujeres-y-padres\/","og_site_name":"International Education Centers","article_publisher":"https:\/\/www.facebook.com\/InternationalEducationCenters\/","article_modified_time":"2025-12-01T11:05:03+00:00","og_image":[{"width":300,"height":200,"url":"https:\/\/internationaleducationcenters.de\/wp-content\/uploads\/2024\/03\/Elternkurs.jpg","type":"image\/jpeg"}],"twitter_card":"summary_large_image","twitter_misc":{"Precio":"485,00&nbsp;&euro;","Disponibilidad":"Disponible"},"schema":{"@context":"https:\/\/schema.org","@graph":[{"@type":"WebPage","@id":"https:\/\/internationaleducationcenters.de\/es\/producto\/cursos-de-integracion-de-mujeres-y-padres\/","url":"https:\/\/internationaleducationcenters.de\/es\/producto\/cursos-de-integracion-de-mujeres-y-padres\/","name":"Cursos de integraci\u00f3n de mujeres y padres - International Education Centers","isPartOf":{"@id":"https:\/\/internationaleducationcenters.de\/es\/#website"},"primaryImageOfPage":{"@id":"https:\/\/internationaleducationcenters.de\/es\/producto\/cursos-de-integracion-de-mujeres-y-padres\/#primaryimage"},"image":{"@id":"https:\/\/internationaleducationcenters.de\/es\/producto\/cursos-de-integracion-de-mujeres-y-padres\/#primaryimage"},"thumbnailUrl":"https:\/\/internationaleducationcenters.de\/wp-content\/uploads\/2024\/03\/Elternkurs.jpg","datePublished":"2024-01-04T13:37:34+00:00","dateModified":"2025-12-01T11:05:03+00:00","description":"Mejora tus conocimientos de alem\u00e1n y familiar\u00edzate con el sistema educativo alem\u00e1n con nuestros cursos de integraci\u00f3n para mujeres y padres. \u00a1Inscr\u00edbete ya!","breadcrumb":{"@id":"https:\/\/internationaleducationcenters.de\/es\/producto\/cursos-de-integracion-de-mujeres-y-padres\/#breadcrumb"},"inLanguage":"es","potentialAction":[{"@type":"ReadAction","target":["https:\/\/internationaleducationcenters.de\/es\/producto\/cursos-de-integracion-de-mujeres-y-padres\/"]}]},{"@type":"ImageObject","inLanguage":"es","@id":"https:\/\/internationaleducationcenters.de\/es\/producto\/cursos-de-integracion-de-mujeres-y-padres\/#primaryimage","url":"https:\/\/internationaleducationcenters.de\/wp-content\/uploads\/2024\/03\/Elternkurs.jpg","contentUrl":"https:\/\/internationaleducationcenters.de\/wp-content\/uploads\/2024\/03\/Elternkurs.jpg","width":300,"height":200,"caption":"Integration f\u00fcr Frauen und Eltern"},{"@type":"BreadcrumbList","@id":"https:\/\/internationaleducationcenters.de\/es\/producto\/cursos-de-integracion-de-mujeres-y-padres\/#breadcrumb","itemListElement":[{"@type":"ListItem","position":1,"name":"Home","item":"https:\/\/internationaleducationcenters.de\/es\/"},{"@type":"ListItem","position":2,"name":"Tienda","item":"https:\/\/internationaleducationcenters.de\/es\/shop\/"},{"@type":"ListItem","position":3,"name":"Cursos de integraci\u00f3n de mujeres y padres"}]},{"@type":"WebSite","@id":"https:\/\/internationaleducationcenters.de\/es\/#website","url":"https:\/\/internationaleducationcenters.de\/es\/","name":"International Education Centers","description":"","publisher":{"@id":"https:\/\/internationaleducationcenters.de\/es\/#organization"},"potentialAction":[{"@type":"SearchAction","target":{"@type":"EntryPoint","urlTemplate":"https:\/\/internationaleducationcenters.de\/es\/?s={search_term_string}"},"query-input":{"@type":"PropertyValueSpecification","valueRequired":true,"valueName":"search_term_string"}}],"inLanguage":"es"},{"@type":"Organization","@id":"https:\/\/internationaleducationcenters.de\/es\/#organization","name":"International Education Centers","alternateName":"IEC","url":"https:\/\/internationaleducationcenters.de\/es\/","logo":{"@type":"ImageObject","inLanguage":"es","@id":"https:\/\/internationaleducationcenters.de\/es\/#\/schema\/logo\/image\/","url":"https:\/\/internationaleducationcenters.de\/wp-content\/uploads\/2025\/08\/IEC_favicon-1.png","contentUrl":"https:\/\/internationaleducationcenters.de\/wp-content\/uploads\/2025\/08\/IEC_favicon-1.png","width":512,"height":512,"caption":"International Education Centers"},"image":{"@id":"https:\/\/internationaleducationcenters.de\/es\/#\/schema\/logo\/image\/"},"sameAs":["https:\/\/www.facebook.com\/InternationalEducationCenters\/"]}]},"product_price_amount":"485.00","product_price_currency":"EUR","og_availability":"instock","product_availability":"instock","product_condition":"new"},"_links":{"self":[{"href":"https:\/\/internationaleducationcenters.de\/es\/wp-json\/wp\/v2\/product\/4173","targetHints":{"allow":["GET"]}}],"collection":[{"href":"https:\/\/internationaleducationcenters.de\/es\/wp-json\/wp\/v2\/product"}],"about":[{"href":"https:\/\/internationaleducationcenters.de\/es\/wp-json\/wp\/v2\/types\/product"}],"replies":[{"embeddable":true,"href":"https:\/\/internationaleducationcenters.de\/es\/wp-json\/wp\/v2\/comments?post=4173"}],"version-history":[{"count":3,"href":"https:\/\/internationaleducationcenters.de\/es\/wp-json\/wp\/v2\/product\/4173\/revisions"}],"predecessor-version":[{"id":21796,"href":"https:\/\/internationaleducationcenters.de\/es\/wp-json\/wp\/v2\/product\/4173\/revisions\/21796"}],"wp:featuredmedia":[{"embeddable":true,"href":"https:\/\/internationaleducationcenters.de\/es\/wp-json\/wp\/v2\/media\/7415"}],"wp:attachment":[{"href":"https:\/\/internationaleducationcenters.de\/es\/wp-json\/wp\/v2\/media?parent=4173"}],"wp:term":[{"taxonomy":"product_brand","embeddable":true,"href":"https:\/\/internationaleducationcenters.de\/es\/wp-json\/wp\/v2\/product_brand?post=4173"},{"taxonomy":"product_cat","embeddable":true,"href":"https:\/\/internationaleducationcenters.de\/es\/wp-json\/wp\/v2\/product_cat?post=4173"},{"taxonomy":"product_tag","embeddable":true,"href":"https:\/\/internationaleducationcenters.de\/es\/wp-json\/wp\/v2\/product_tag?post=4173"}],"curies":[{"name":"wp","href":"https:\/\/api.w.org\/{rel}","templated":true}]}}