{"id":4550,"date":"2024-01-04T11:31:11","date_gmt":"2024-01-04T10:31:11","guid":{"rendered":"https:\/\/internationaleducationcenters.de\/kurs\/clases-particulares-online\/"},"modified":"2025-12-02T11:49:42","modified_gmt":"2025-12-02T10:49:42","slug":"clases-particulares-online","status":"publish","type":"product","link":"https:\/\/internationaleducationcenters.de\/es\/producto\/clases-particulares-online\/","title":{"rendered":"Clases particulares online"},"content":{"rendered":"<p>Ense\u00f1amos bas\u00e1ndonos en el Marco Com\u00fan Europeo de Referencia para las Lenguas (MCER). Despu\u00e9s de tu prueba de nivel, discutiremos el n\u00famero de clases necesarias para alcanzar el nivel deseado de forma individual. Por ejemplo, si no tienes conocimientos previos de la lengua, puede que necesites completar todo el n\u00famero de clases necesarias para el nivel en cuesti\u00f3n seg\u00fan el MCER, o puede que necesites menos clases.  <\/p>\n<h4>Tu curso de idiomas online &#8211; \u00c9xito en s\u00f3lo 3 pasos<\/h4>\n<ol>\n<li>Introducci\u00f3n y consulta gratuitas<br \/>\nTras una consulta exhaustiva, todos los cursos de idiomas comienzan con una introducci\u00f3n gratuita para que t\u00fa o tus empleados os familiaric\u00e9is con la tecnolog\u00eda y las caracter\u00edsticas del aula virtual.<br \/>\nEsto os preparar\u00e1 a ti o a tus empleados de forma \u00f3ptima para las clases virtuales.<\/li>\n<li>Prueba de nivel gratuita en l\u00ednea<br \/>\nUtilizamos nuestra prueba de nivel en l\u00ednea para determinar tus conocimientos ling\u00fc\u00edsticos actuales con el fin de encontrar el mejor programa de curso para ti.<\/li>\n<li>Te enviaremos un correo electr\u00f3nico con un enlace.<br \/>\nA continuaci\u00f3n, puedes utilizar un tel\u00e9fono inteligente, una tableta o un ordenador para establecer una conexi\u00f3n de v\u00eddeo para el curso de idiomas en l\u00ednea con tu profesor personal de idiomas a trav\u00e9s del enlace que te hemos enviado.<\/li>\n<\/ol>\n<p>En las clases de idiomas online, los participantes y los profesores de idiomas pueden hablar entre s\u00ed, verse, trabajar y transmitir contenidos, responder preguntas, cerrar lagunas, trabajar y resolver tareas juntos, igual que en las clases presenciales en nuestras instalaciones, s\u00f3lo que online. El contenido siempre est\u00e1 orientado a las necesidades y objetivos de los participantes. <\/p>\n<h5>Ense\u00f1anza en el aula<\/h5>\n<p>Es posible continuar las clases online hasta que se hayan obtenido los resultados deseados. Si vives en Wuppertal, Remscheid o Solingen, puedes cambiar a clases presenciales con el mismo profesor in situ en cualquier momento y de forma gratuita. <\/p>\n","protected":false},"excerpt":{"rendered":"<p>Apoyo flexible y personalizado mediante planes de aprendizaje a medida. Ideal para un aprendizaje eficaz y espec\u00edfico desde cualquier lugar. <\/p>\n","protected":false},"featured_media":7549,"comment_status":"closed","ping_status":"closed","template":"","meta":{"_acf_changed":false},"product_brand":[],"product_cat":[343],"product_tag":[182],"class_list":{"0":"post-4550","1":"product","2":"type-product","3":"status-publish","4":"has-post-thumbnail","6":"product_cat-cursos-de-idiomas-es","7":"product_tag-cursos-de-idiomas","8":"pa_sparpakete-100-clases-50-citas","9":"pa_sparpakete-20-clases-10-fechas","10":"pa_sparpakete-50-clases-25-fechas","11":"pa_sparpakete-numero-individual-de-horas","13":"first","14":"instock","15":"taxable","16":"shipping-taxable","17":"purchasable","18":"product-type-variable"},"acf":[],"yoast_head":"<!-- This site is optimized with the Yoast SEO Premium plugin v25.9 (Yoast SEO v26.9) - https:\/\/yoast.com\/product\/yoast-seo-premium-wordpress\/ -->\n<title>Clases particulares online - International Education Centers<\/title>\n<meta name=\"description\" content=\"Aprende de forma flexible y eficaz con nuestras clases particulares en l\u00ednea adaptadas a tus necesidades. \u00a1Estamos aqu\u00ed para ti! \u00a1Reserva ya!\" \/>\n<meta name=\"robots\" content=\"index, follow, max-snippet:-1, max-image-preview:large, max-video-preview:-1\" \/>\n<link rel=\"canonical\" href=\"https:\/\/internationaleducationcenters.de\/es\/producto\/clases-particulares-online\/\" \/>\n<meta property=\"og:locale\" content=\"es_ES\" \/>\n<meta property=\"og:type\" content=\"article\" \/>\n<meta property=\"og:title\" content=\"Clases particulares online\" \/>\n<meta property=\"og:description\" content=\"Aprende de forma flexible y eficaz con nuestras clases particulares en l\u00ednea adaptadas a tus necesidades. \u00a1Estamos aqu\u00ed para ti! \u00a1Reserva ya!\" \/>\n<meta property=\"og:url\" content=\"https:\/\/internationaleducationcenters.de\/es\/producto\/clases-particulares-online\/\" \/>\n<meta property=\"og:site_name\" content=\"International Education Centers\" \/>\n<meta property=\"article:publisher\" content=\"https:\/\/www.facebook.com\/InternationalEducationCenters\/\" \/>\n<meta property=\"article:modified_time\" content=\"2025-12-02T10:49:42+00:00\" \/>\n<meta property=\"og:image\" content=\"https:\/\/internationaleducationcenters.de\/wp-content\/uploads\/2024\/01\/Einzelunterricht-Online.jpg\" \/>\n\t<meta property=\"og:image:width\" content=\"300\" \/>\n\t<meta property=\"og:image:height\" content=\"201\" \/>\n\t<meta property=\"og:image:type\" content=\"image\/jpeg\" \/>\n<meta name=\"twitter:card\" content=\"summary_large_image\" \/>\n<meta name=\"twitter:label1\" content=\"Disponibilidad\" \/>\n\t<meta name=\"twitter:data1\" content=\"Disponible\" \/>\n<script type=\"application\/ld+json\" class=\"yoast-schema-graph\">{\"@context\":\"https:\/\/schema.org\",\"@graph\":[{\"@type\":\"WebPage\",\"@id\":\"https:\/\/internationaleducationcenters.de\/es\/producto\/clases-particulares-online\/\",\"url\":\"https:\/\/internationaleducationcenters.de\/es\/producto\/clases-particulares-online\/\",\"name\":\"Clases particulares online - International Education Centers\",\"isPartOf\":{\"@id\":\"https:\/\/internationaleducationcenters.de\/es\/#website\"},\"primaryImageOfPage\":{\"@id\":\"https:\/\/internationaleducationcenters.de\/es\/producto\/clases-particulares-online\/#primaryimage\"},\"image\":{\"@id\":\"https:\/\/internationaleducationcenters.de\/es\/producto\/clases-particulares-online\/#primaryimage\"},\"thumbnailUrl\":\"https:\/\/internationaleducationcenters.de\/wp-content\/uploads\/2024\/01\/Einzelunterricht-Online.jpg\",\"datePublished\":\"2024-01-04T10:31:11+00:00\",\"dateModified\":\"2025-12-02T10:49:42+00:00\",\"description\":\"Aprende de forma flexible y eficaz con nuestras clases particulares en l\u00ednea adaptadas a tus necesidades. \u00a1Estamos aqu\u00ed para ti! \u00a1Reserva ya!\",\"breadcrumb\":{\"@id\":\"https:\/\/internationaleducationcenters.de\/es\/producto\/clases-particulares-online\/#breadcrumb\"},\"inLanguage\":\"es\",\"potentialAction\":[{\"@type\":\"ReadAction\",\"target\":[\"https:\/\/internationaleducationcenters.de\/es\/producto\/clases-particulares-online\/\"]}]},{\"@type\":\"ImageObject\",\"inLanguage\":\"es\",\"@id\":\"https:\/\/internationaleducationcenters.de\/es\/producto\/clases-particulares-online\/#primaryimage\",\"url\":\"https:\/\/internationaleducationcenters.de\/wp-content\/uploads\/2024\/01\/Einzelunterricht-Online.jpg\",\"contentUrl\":\"https:\/\/internationaleducationcenters.de\/wp-content\/uploads\/2024\/01\/Einzelunterricht-Online.jpg\",\"width\":300,\"height\":201,\"caption\":\"Erwachsene beim Sprachkurs f\u00fcr die telc Pr\u00fcfung in Wuppertal\"},{\"@type\":\"BreadcrumbList\",\"@id\":\"https:\/\/internationaleducationcenters.de\/es\/producto\/clases-particulares-online\/#breadcrumb\",\"itemListElement\":[{\"@type\":\"ListItem\",\"position\":1,\"name\":\"Home\",\"item\":\"https:\/\/internationaleducationcenters.de\/es\/\"},{\"@type\":\"ListItem\",\"position\":2,\"name\":\"Tienda\",\"item\":\"https:\/\/internationaleducationcenters.de\/es\/shop\/\"},{\"@type\":\"ListItem\",\"position\":3,\"name\":\"Clases particulares online\"}]},{\"@type\":\"WebSite\",\"@id\":\"https:\/\/internationaleducationcenters.de\/es\/#website\",\"url\":\"https:\/\/internationaleducationcenters.de\/es\/\",\"name\":\"International Education Centers\",\"description\":\"\",\"publisher\":{\"@id\":\"https:\/\/internationaleducationcenters.de\/es\/#organization\"},\"potentialAction\":[{\"@type\":\"SearchAction\",\"target\":{\"@type\":\"EntryPoint\",\"urlTemplate\":\"https:\/\/internationaleducationcenters.de\/es\/?s={search_term_string}\"},\"query-input\":{\"@type\":\"PropertyValueSpecification\",\"valueRequired\":true,\"valueName\":\"search_term_string\"}}],\"inLanguage\":\"es\"},{\"@type\":\"Organization\",\"@id\":\"https:\/\/internationaleducationcenters.de\/es\/#organization\",\"name\":\"International Education Centers\",\"alternateName\":\"IEC\",\"url\":\"https:\/\/internationaleducationcenters.de\/es\/\",\"logo\":{\"@type\":\"ImageObject\",\"inLanguage\":\"es\",\"@id\":\"https:\/\/internationaleducationcenters.de\/es\/#\/schema\/logo\/image\/\",\"url\":\"https:\/\/internationaleducationcenters.de\/wp-content\/uploads\/2025\/08\/IEC_favicon-1.png\",\"contentUrl\":\"https:\/\/internationaleducationcenters.de\/wp-content\/uploads\/2025\/08\/IEC_favicon-1.png\",\"width\":512,\"height\":512,\"caption\":\"International Education Centers\"},\"image\":{\"@id\":\"https:\/\/internationaleducationcenters.de\/es\/#\/schema\/logo\/image\/\"},\"sameAs\":[\"https:\/\/www.facebook.com\/InternationalEducationCenters\/\"]}]}<\/script>\n<meta property=\"og:availability\" content=\"instock\" \/>\n<meta property=\"product:availability\" content=\"instock\" \/>\n<meta property=\"product:condition\" content=\"new\" \/>\n<!-- \/ Yoast SEO Premium plugin. -->","yoast_head_json":{"title":"Clases particulares online - International Education Centers","description":"Aprende de forma flexible y eficaz con nuestras clases particulares en l\u00ednea adaptadas a tus necesidades. \u00a1Estamos aqu\u00ed para ti! \u00a1Reserva ya!","robots":{"index":"index","follow":"follow","max-snippet":"max-snippet:-1","max-image-preview":"max-image-preview:large","max-video-preview":"max-video-preview:-1"},"canonical":"https:\/\/internationaleducationcenters.de\/es\/producto\/clases-particulares-online\/","og_locale":"es_ES","og_type":"article","og_title":"Clases particulares online","og_description":"Aprende de forma flexible y eficaz con nuestras clases particulares en l\u00ednea adaptadas a tus necesidades. \u00a1Estamos aqu\u00ed para ti! \u00a1Reserva ya!","og_url":"https:\/\/internationaleducationcenters.de\/es\/producto\/clases-particulares-online\/","og_site_name":"International Education Centers","article_publisher":"https:\/\/www.facebook.com\/InternationalEducationCenters\/","article_modified_time":"2025-12-02T10:49:42+00:00","og_image":[{"width":300,"height":201,"url":"https:\/\/internationaleducationcenters.de\/wp-content\/uploads\/2024\/01\/Einzelunterricht-Online.jpg","type":"image\/jpeg"}],"twitter_card":"summary_large_image","twitter_misc":{"Disponibilidad":"Disponible"},"schema":{"@context":"https:\/\/schema.org","@graph":[{"@type":"WebPage","@id":"https:\/\/internationaleducationcenters.de\/es\/producto\/clases-particulares-online\/","url":"https:\/\/internationaleducationcenters.de\/es\/producto\/clases-particulares-online\/","name":"Clases particulares online - International Education Centers","isPartOf":{"@id":"https:\/\/internationaleducationcenters.de\/es\/#website"},"primaryImageOfPage":{"@id":"https:\/\/internationaleducationcenters.de\/es\/producto\/clases-particulares-online\/#primaryimage"},"image":{"@id":"https:\/\/internationaleducationcenters.de\/es\/producto\/clases-particulares-online\/#primaryimage"},"thumbnailUrl":"https:\/\/internationaleducationcenters.de\/wp-content\/uploads\/2024\/01\/Einzelunterricht-Online.jpg","datePublished":"2024-01-04T10:31:11+00:00","dateModified":"2025-12-02T10:49:42+00:00","description":"Aprende de forma flexible y eficaz con nuestras clases particulares en l\u00ednea adaptadas a tus necesidades. \u00a1Estamos aqu\u00ed para ti! \u00a1Reserva ya!","breadcrumb":{"@id":"https:\/\/internationaleducationcenters.de\/es\/producto\/clases-particulares-online\/#breadcrumb"},"inLanguage":"es","potentialAction":[{"@type":"ReadAction","target":["https:\/\/internationaleducationcenters.de\/es\/producto\/clases-particulares-online\/"]}]},{"@type":"ImageObject","inLanguage":"es","@id":"https:\/\/internationaleducationcenters.de\/es\/producto\/clases-particulares-online\/#primaryimage","url":"https:\/\/internationaleducationcenters.de\/wp-content\/uploads\/2024\/01\/Einzelunterricht-Online.jpg","contentUrl":"https:\/\/internationaleducationcenters.de\/wp-content\/uploads\/2024\/01\/Einzelunterricht-Online.jpg","width":300,"height":201,"caption":"Erwachsene beim Sprachkurs f\u00fcr die telc Pr\u00fcfung in Wuppertal"},{"@type":"BreadcrumbList","@id":"https:\/\/internationaleducationcenters.de\/es\/producto\/clases-particulares-online\/#breadcrumb","itemListElement":[{"@type":"ListItem","position":1,"name":"Home","item":"https:\/\/internationaleducationcenters.de\/es\/"},{"@type":"ListItem","position":2,"name":"Tienda","item":"https:\/\/internationaleducationcenters.de\/es\/shop\/"},{"@type":"ListItem","position":3,"name":"Clases particulares online"}]},{"@type":"WebSite","@id":"https:\/\/internationaleducationcenters.de\/es\/#website","url":"https:\/\/internationaleducationcenters.de\/es\/","name":"International Education Centers","description":"","publisher":{"@id":"https:\/\/internationaleducationcenters.de\/es\/#organization"},"potentialAction":[{"@type":"SearchAction","target":{"@type":"EntryPoint","urlTemplate":"https:\/\/internationaleducationcenters.de\/es\/?s={search_term_string}"},"query-input":{"@type":"PropertyValueSpecification","valueRequired":true,"valueName":"search_term_string"}}],"inLanguage":"es"},{"@type":"Organization","@id":"https:\/\/internationaleducationcenters.de\/es\/#organization","name":"International Education Centers","alternateName":"IEC","url":"https:\/\/internationaleducationcenters.de\/es\/","logo":{"@type":"ImageObject","inLanguage":"es","@id":"https:\/\/internationaleducationcenters.de\/es\/#\/schema\/logo\/image\/","url":"https:\/\/internationaleducationcenters.de\/wp-content\/uploads\/2025\/08\/IEC_favicon-1.png","contentUrl":"https:\/\/internationaleducationcenters.de\/wp-content\/uploads\/2025\/08\/IEC_favicon-1.png","width":512,"height":512,"caption":"International Education Centers"},"image":{"@id":"https:\/\/internationaleducationcenters.de\/es\/#\/schema\/logo\/image\/"},"sameAs":["https:\/\/www.facebook.com\/InternationalEducationCenters\/"]}]},"og_availability":"instock","product_availability":"instock","product_condition":"new"},"_links":{"self":[{"href":"https:\/\/internationaleducationcenters.de\/es\/wp-json\/wp\/v2\/product\/4550","targetHints":{"allow":["GET"]}}],"collection":[{"href":"https:\/\/internationaleducationcenters.de\/es\/wp-json\/wp\/v2\/product"}],"about":[{"href":"https:\/\/internationaleducationcenters.de\/es\/wp-json\/wp\/v2\/types\/product"}],"replies":[{"embeddable":true,"href":"https:\/\/internationaleducationcenters.de\/es\/wp-json\/wp\/v2\/comments?post=4550"}],"version-history":[{"count":4,"href":"https:\/\/internationaleducationcenters.de\/es\/wp-json\/wp\/v2\/product\/4550\/revisions"}],"predecessor-version":[{"id":21873,"href":"https:\/\/internationaleducationcenters.de\/es\/wp-json\/wp\/v2\/product\/4550\/revisions\/21873"}],"wp:featuredmedia":[{"embeddable":true,"href":"https:\/\/internationaleducationcenters.de\/es\/wp-json\/wp\/v2\/media\/7549"}],"wp:attachment":[{"href":"https:\/\/internationaleducationcenters.de\/es\/wp-json\/wp\/v2\/media?parent=4550"}],"wp:term":[{"taxonomy":"product_brand","embeddable":true,"href":"https:\/\/internationaleducationcenters.de\/es\/wp-json\/wp\/v2\/product_brand?post=4550"},{"taxonomy":"product_cat","embeddable":true,"href":"https:\/\/internationaleducationcenters.de\/es\/wp-json\/wp\/v2\/product_cat?post=4550"},{"taxonomy":"product_tag","embeddable":true,"href":"https:\/\/internationaleducationcenters.de\/es\/wp-json\/wp\/v2\/product_tag?post=4550"}],"curies":[{"name":"wp","href":"https:\/\/api.w.org\/{rel}","templated":true}]}}