{"id":4676,"date":"2024-01-05T12:59:59","date_gmt":"2024-01-05T11:59:59","guid":{"rendered":"https:\/\/internationaleducationcenters.de\/kurs\/toefl-itp\/"},"modified":"2024-01-05T12:59:59","modified_gmt":"2024-01-05T11:59:59","slug":"toefl-itp","status":"publish","type":"product","link":"https:\/\/internationaleducationcenters.de\/es\/producto\/toefl-itp\/","title":{"rendered":"TOEFL\u00ae ITP"},"content":{"rendered":"<p>El examen TOEFL ITP\u00ae es una herramienta esencial para que las instituciones acad\u00e9micas de todo el mundo midan con precisi\u00f3n el dominio de la lengua inglesa con fines acad\u00e9micos. Como parte de la prestigiosa familia de ex\u00e1menes TOEFL\u00ae, ofrece un m\u00e9todo flexible, rentable y fiable de evaluar las destrezas auditivas, de lectura y gramaticales en ingl\u00e9s acad\u00e9mico. La prueba cubre la gama de niveles de lengua de A2 a C1 seg\u00fan el Marco Com\u00fan Europeo de Referencia para las Lenguas y garantiza que todos los candidatos sean clasificados exactamente seg\u00fan su nivel de lengua.<\/p>\n<h4>\u00bfPor qu\u00e9 hacer el examen TOEFL ITP\u00ae?<\/h4>\n<ul>\n<li><strong>Reconocimiento mundial:<\/strong> El examen est\u00e1 reconocido en todo el mundo por facultades y universidades como criterio de admisi\u00f3n y goza de gran prestigio para la evaluaci\u00f3n de los conocimientos acad\u00e9micos de ingl\u00e9s.<\/li>\n<li><strong>Flexibilidad<\/strong>: Con sus versiones digital y en papel, el TOEFL ITP\u00ae ofrece la m\u00e1xima flexibilidad a los examinandos y a los centros de examen. Se puede organizar individualmente seg\u00fan la fecha deseada sin un n\u00famero m\u00ednimo de participantes.<\/li>\n<li><strong>Evaluaci\u00f3n objetiva:<\/strong> El formato estandarizado de opci\u00f3n m\u00faltiple y la evaluaci\u00f3n externa garantizan una evaluaci\u00f3n justa y objetiva de todos los participantes.<\/li>\n<li><strong>Resultados detallados:<\/strong> Los resultados del test proporcionan un an\u00e1lisis exhaustivo de los puntos fuertes y d\u00e9biles de los candidatos, incluyendo afirmaciones sobre lo que se puede hacer que permiten un aprendizaje dirigido.<\/li>\n<li><strong>Fiabilidad:<\/strong> La investigaci\u00f3n y la optimizaci\u00f3n continuas mantienen el contenido del test actualizado y garantizan que los resultados reflejen las capacidades reales de los participantes.<\/li>\n<\/ul>\n<h4>Contenido y estructura<\/h4>\n<p>El examen TOEFL ITP\u00ae consta de 140 preguntas de opci\u00f3n m\u00faltiple que abarcan temas acad\u00e9micos, sociales y generales. Las preguntas est\u00e1n dise\u00f1adas para poner a prueba de forma exhaustiva la comprensi\u00f3n auditiva y lectora y las habilidades gramaticales de los participantes. La estructura del examen es id\u00e9ntica a la del antiguo TOEFL\u00ae PBT en papel, incluida la escala de puntos, lo que garantiza la comparabilidad de los resultados.<\/p>\n<h4>\u00bfPara qui\u00e9n es adecuado el test?<\/h4>\n<p>El TOEFL ITP\u00ae es ideal para estudiantes que solicitan plaza en programas acad\u00e9micos en su pa\u00eds y en el extranjero, as\u00ed como para instituciones educativas que buscan un m\u00e9todo fiable para evaluar el dominio de la lengua inglesa de sus candidatos. Proporciona una evaluaci\u00f3n exhaustiva de las destrezas ling\u00fc\u00edsticas necesarias para tener \u00e9xito en un entorno acad\u00e9mico.<\/p>\n<p>Al realizar el examen TOEFL ITP\u00ae, obtendr\u00e1s una valiosa prueba de tus conocimientos de ingl\u00e9s que ampliar\u00e1 tus perspectivas acad\u00e9micas y profesionales en todo el mundo.<\/p>\n","protected":false},"excerpt":{"rendered":"<p>El examen TOEFL ITP\u00ae mide el dominio de la lengua inglesa con fines acad\u00e9micos y abarca los niveles A2 a C1.<\/p>\n","protected":false},"featured_media":219,"comment_status":"closed","ping_status":"closed","template":"","meta":{"_acf_changed":false},"product_brand":[],"product_cat":[381],"product_tag":[382],"class_list":{"0":"post-4676","1":"product","2":"type-product","3":"status-publish","4":"has-post-thumbnail","6":"product_cat-servicio-de-lenguas-y-examenes-tls","7":"product_tag-lts-es","9":"first","10":"instock","11":"product-type-simple"},"acf":[],"yoast_head":"<!-- This site is optimized with the Yoast SEO Premium plugin v25.9 (Yoast SEO v26.9) - https:\/\/yoast.com\/product\/yoast-seo-premium-wordpress\/ -->\n<title>TOEFL\u00ae ITP - International Education Centers<\/title>\n<meta name=\"robots\" content=\"index, follow, max-snippet:-1, max-image-preview:large, max-video-preview:-1\" \/>\n<link rel=\"canonical\" href=\"https:\/\/internationaleducationcenters.de\/es\/producto\/toefl-itp\/\" \/>\n<meta property=\"og:locale\" content=\"es_ES\" \/>\n<meta property=\"og:type\" content=\"article\" \/>\n<meta property=\"og:title\" content=\"TOEFL\u00ae ITP\" \/>\n<meta property=\"og:description\" content=\"El examen TOEFL ITP\u00ae mide el dominio de la lengua inglesa con fines acad\u00e9micos y abarca los niveles A2 a C1.\" \/>\n<meta property=\"og:url\" content=\"https:\/\/internationaleducationcenters.de\/es\/producto\/toefl-itp\/\" \/>\n<meta property=\"og:site_name\" content=\"International Education Centers\" \/>\n<meta property=\"article:publisher\" content=\"https:\/\/www.facebook.com\/InternationalEducationCenters\/\" \/>\n<meta property=\"og:image\" content=\"https:\/\/internationaleducationcenters.de\/wp-content\/uploads\/woocommerce-placeholder.png\" \/>\n\t<meta property=\"og:image:width\" content=\"1200\" \/>\n\t<meta property=\"og:image:height\" content=\"1200\" \/>\n\t<meta property=\"og:image:type\" content=\"image\/png\" \/>\n<meta name=\"twitter:card\" content=\"summary_large_image\" \/>\n<meta name=\"twitter:label1\" content=\"Precio\" \/>\n\t<meta name=\"twitter:data1\" content=\"\" \/>\n\t<meta name=\"twitter:label2\" content=\"Disponibilidad\" \/>\n\t<meta name=\"twitter:data2\" content=\"Disponible\" \/>\n<script type=\"application\/ld+json\" class=\"yoast-schema-graph\">{\"@context\":\"https:\/\/schema.org\",\"@graph\":[{\"@type\":\"WebPage\",\"@id\":\"https:\/\/internationaleducationcenters.de\/es\/producto\/toefl-itp\/\",\"url\":\"https:\/\/internationaleducationcenters.de\/es\/producto\/toefl-itp\/\",\"name\":\"TOEFL\u00ae ITP - International Education Centers\",\"isPartOf\":{\"@id\":\"https:\/\/internationaleducationcenters.de\/es\/#website\"},\"primaryImageOfPage\":{\"@id\":\"https:\/\/internationaleducationcenters.de\/es\/producto\/toefl-itp\/#primaryimage\"},\"image\":{\"@id\":\"https:\/\/internationaleducationcenters.de\/es\/producto\/toefl-itp\/#primaryimage\"},\"thumbnailUrl\":\"https:\/\/internationaleducationcenters.de\/wp-content\/uploads\/woocommerce-placeholder.png\",\"datePublished\":\"2024-01-05T11:59:59+00:00\",\"breadcrumb\":{\"@id\":\"https:\/\/internationaleducationcenters.de\/es\/producto\/toefl-itp\/#breadcrumb\"},\"inLanguage\":\"es\",\"potentialAction\":[{\"@type\":\"ReadAction\",\"target\":[\"https:\/\/internationaleducationcenters.de\/es\/producto\/toefl-itp\/\"]}]},{\"@type\":\"ImageObject\",\"inLanguage\":\"es\",\"@id\":\"https:\/\/internationaleducationcenters.de\/es\/producto\/toefl-itp\/#primaryimage\",\"url\":\"https:\/\/internationaleducationcenters.de\/wp-content\/uploads\/woocommerce-placeholder.png\",\"contentUrl\":\"https:\/\/internationaleducationcenters.de\/wp-content\/uploads\/woocommerce-placeholder.png\",\"width\":1200,\"height\":1200},{\"@type\":\"BreadcrumbList\",\"@id\":\"https:\/\/internationaleducationcenters.de\/es\/producto\/toefl-itp\/#breadcrumb\",\"itemListElement\":[{\"@type\":\"ListItem\",\"position\":1,\"name\":\"Home\",\"item\":\"https:\/\/internationaleducationcenters.de\/es\/\"},{\"@type\":\"ListItem\",\"position\":2,\"name\":\"Tienda\",\"item\":\"https:\/\/internationaleducationcenters.de\/es\/shop\/\"},{\"@type\":\"ListItem\",\"position\":3,\"name\":\"TOEFL\u00ae ITP\"}]},{\"@type\":\"WebSite\",\"@id\":\"https:\/\/internationaleducationcenters.de\/es\/#website\",\"url\":\"https:\/\/internationaleducationcenters.de\/es\/\",\"name\":\"International Education Centers\",\"description\":\"\",\"publisher\":{\"@id\":\"https:\/\/internationaleducationcenters.de\/es\/#organization\"},\"potentialAction\":[{\"@type\":\"SearchAction\",\"target\":{\"@type\":\"EntryPoint\",\"urlTemplate\":\"https:\/\/internationaleducationcenters.de\/es\/?s={search_term_string}\"},\"query-input\":{\"@type\":\"PropertyValueSpecification\",\"valueRequired\":true,\"valueName\":\"search_term_string\"}}],\"inLanguage\":\"es\"},{\"@type\":\"Organization\",\"@id\":\"https:\/\/internationaleducationcenters.de\/es\/#organization\",\"name\":\"International Education Centers\",\"alternateName\":\"IEC\",\"url\":\"https:\/\/internationaleducationcenters.de\/es\/\",\"logo\":{\"@type\":\"ImageObject\",\"inLanguage\":\"es\",\"@id\":\"https:\/\/internationaleducationcenters.de\/es\/#\/schema\/logo\/image\/\",\"url\":\"https:\/\/internationaleducationcenters.de\/wp-content\/uploads\/2025\/08\/IEC_favicon-1.png\",\"contentUrl\":\"https:\/\/internationaleducationcenters.de\/wp-content\/uploads\/2025\/08\/IEC_favicon-1.png\",\"width\":512,\"height\":512,\"caption\":\"International Education Centers\"},\"image\":{\"@id\":\"https:\/\/internationaleducationcenters.de\/es\/#\/schema\/logo\/image\/\"},\"sameAs\":[\"https:\/\/www.facebook.com\/InternationalEducationCenters\/\"]}]}<\/script>\n<meta property=\"product:price:currency\" content=\"EUR\" \/>\n<meta property=\"og:availability\" content=\"instock\" \/>\n<meta property=\"product:availability\" content=\"instock\" \/>\n<meta property=\"product:condition\" content=\"new\" \/>\n<!-- \/ Yoast SEO Premium plugin. -->","yoast_head_json":{"title":"TOEFL\u00ae ITP - International Education Centers","robots":{"index":"index","follow":"follow","max-snippet":"max-snippet:-1","max-image-preview":"max-image-preview:large","max-video-preview":"max-video-preview:-1"},"canonical":"https:\/\/internationaleducationcenters.de\/es\/producto\/toefl-itp\/","og_locale":"es_ES","og_type":"article","og_title":"TOEFL\u00ae ITP","og_description":"El examen TOEFL ITP\u00ae mide el dominio de la lengua inglesa con fines acad\u00e9micos y abarca los niveles A2 a C1.","og_url":"https:\/\/internationaleducationcenters.de\/es\/producto\/toefl-itp\/","og_site_name":"International Education Centers","article_publisher":"https:\/\/www.facebook.com\/InternationalEducationCenters\/","og_image":[{"width":1200,"height":1200,"url":"https:\/\/internationaleducationcenters.de\/wp-content\/uploads\/woocommerce-placeholder.png","type":"image\/png"}],"twitter_card":"summary_large_image","twitter_misc":{"Precio":"","Disponibilidad":"Disponible"},"schema":{"@context":"https:\/\/schema.org","@graph":[{"@type":"WebPage","@id":"https:\/\/internationaleducationcenters.de\/es\/producto\/toefl-itp\/","url":"https:\/\/internationaleducationcenters.de\/es\/producto\/toefl-itp\/","name":"TOEFL\u00ae ITP - International Education Centers","isPartOf":{"@id":"https:\/\/internationaleducationcenters.de\/es\/#website"},"primaryImageOfPage":{"@id":"https:\/\/internationaleducationcenters.de\/es\/producto\/toefl-itp\/#primaryimage"},"image":{"@id":"https:\/\/internationaleducationcenters.de\/es\/producto\/toefl-itp\/#primaryimage"},"thumbnailUrl":"https:\/\/internationaleducationcenters.de\/wp-content\/uploads\/woocommerce-placeholder.png","datePublished":"2024-01-05T11:59:59+00:00","breadcrumb":{"@id":"https:\/\/internationaleducationcenters.de\/es\/producto\/toefl-itp\/#breadcrumb"},"inLanguage":"es","potentialAction":[{"@type":"ReadAction","target":["https:\/\/internationaleducationcenters.de\/es\/producto\/toefl-itp\/"]}]},{"@type":"ImageObject","inLanguage":"es","@id":"https:\/\/internationaleducationcenters.de\/es\/producto\/toefl-itp\/#primaryimage","url":"https:\/\/internationaleducationcenters.de\/wp-content\/uploads\/woocommerce-placeholder.png","contentUrl":"https:\/\/internationaleducationcenters.de\/wp-content\/uploads\/woocommerce-placeholder.png","width":1200,"height":1200},{"@type":"BreadcrumbList","@id":"https:\/\/internationaleducationcenters.de\/es\/producto\/toefl-itp\/#breadcrumb","itemListElement":[{"@type":"ListItem","position":1,"name":"Home","item":"https:\/\/internationaleducationcenters.de\/es\/"},{"@type":"ListItem","position":2,"name":"Tienda","item":"https:\/\/internationaleducationcenters.de\/es\/shop\/"},{"@type":"ListItem","position":3,"name":"TOEFL\u00ae ITP"}]},{"@type":"WebSite","@id":"https:\/\/internationaleducationcenters.de\/es\/#website","url":"https:\/\/internationaleducationcenters.de\/es\/","name":"International Education Centers","description":"","publisher":{"@id":"https:\/\/internationaleducationcenters.de\/es\/#organization"},"potentialAction":[{"@type":"SearchAction","target":{"@type":"EntryPoint","urlTemplate":"https:\/\/internationaleducationcenters.de\/es\/?s={search_term_string}"},"query-input":{"@type":"PropertyValueSpecification","valueRequired":true,"valueName":"search_term_string"}}],"inLanguage":"es"},{"@type":"Organization","@id":"https:\/\/internationaleducationcenters.de\/es\/#organization","name":"International Education Centers","alternateName":"IEC","url":"https:\/\/internationaleducationcenters.de\/es\/","logo":{"@type":"ImageObject","inLanguage":"es","@id":"https:\/\/internationaleducationcenters.de\/es\/#\/schema\/logo\/image\/","url":"https:\/\/internationaleducationcenters.de\/wp-content\/uploads\/2025\/08\/IEC_favicon-1.png","contentUrl":"https:\/\/internationaleducationcenters.de\/wp-content\/uploads\/2025\/08\/IEC_favicon-1.png","width":512,"height":512,"caption":"International Education Centers"},"image":{"@id":"https:\/\/internationaleducationcenters.de\/es\/#\/schema\/logo\/image\/"},"sameAs":["https:\/\/www.facebook.com\/InternationalEducationCenters\/"]}]},"product_price_currency":"EUR","og_availability":"instock","product_availability":"instock","product_condition":"new"},"_links":{"self":[{"href":"https:\/\/internationaleducationcenters.de\/es\/wp-json\/wp\/v2\/product\/4676","targetHints":{"allow":["GET"]}}],"collection":[{"href":"https:\/\/internationaleducationcenters.de\/es\/wp-json\/wp\/v2\/product"}],"about":[{"href":"https:\/\/internationaleducationcenters.de\/es\/wp-json\/wp\/v2\/types\/product"}],"replies":[{"embeddable":true,"href":"https:\/\/internationaleducationcenters.de\/es\/wp-json\/wp\/v2\/comments?post=4676"}],"version-history":[{"count":0,"href":"https:\/\/internationaleducationcenters.de\/es\/wp-json\/wp\/v2\/product\/4676\/revisions"}],"wp:featuredmedia":[{"embeddable":true,"href":"https:\/\/internationaleducationcenters.de\/es\/wp-json\/wp\/v2\/media\/219"}],"wp:attachment":[{"href":"https:\/\/internationaleducationcenters.de\/es\/wp-json\/wp\/v2\/media?parent=4676"}],"wp:term":[{"taxonomy":"product_brand","embeddable":true,"href":"https:\/\/internationaleducationcenters.de\/es\/wp-json\/wp\/v2\/product_brand?post=4676"},{"taxonomy":"product_cat","embeddable":true,"href":"https:\/\/internationaleducationcenters.de\/es\/wp-json\/wp\/v2\/product_cat?post=4676"},{"taxonomy":"product_tag","embeddable":true,"href":"https:\/\/internationaleducationcenters.de\/es\/wp-json\/wp\/v2\/product_tag?post=4676"}],"curies":[{"name":"wp","href":"https:\/\/api.w.org\/{rel}","templated":true}]}}