{"id":6374,"date":"2024-09-13T18:11:01","date_gmt":"2024-09-13T16:11:01","guid":{"rendered":"https:\/\/internationaleducationcenters.de\/?post_type=product&#038;p=6374"},"modified":"2025-11-26T09:50:54","modified_gmt":"2025-11-26T08:50:54","slug":"curso-de-preparacion-de-examenes-telc-aleman-b2","status":"publish","type":"product","link":"https:\/\/internationaleducationcenters.de\/es\/producto\/curso-de-preparacion-de-examenes-telc-aleman-b2\/","title":{"rendered":"Curso de preparaci\u00f3n de ex\u00e1menes telc Alem\u00e1n B2 Intensivo (Kopie)"},"content":{"rendered":"<div class=\"tab-menu--product js--tab-menu\">\n<div class=\"tab--container-list\">\n<div class=\"tab--container has--content is--active\">\n<div class=\"tab--content\">\n<div class=\"content--description\">\n<div class=\"product--description\">\n<p>\u00bfLlevas ya un tiempo en Alemania y has aprobado el examen B1, pero te gustar\u00eda aprender m\u00e1s alem\u00e1n para tener m\u00e1s posibilidades en el mercado laboral de Wuppertal y alrededores y poder comunicarte mejor con tus semejantes? Te ofrecemos un curso intensivo compacto de alem\u00e1n B2 online que te preparar\u00e1 de forma ideal para el examen.<\/p>\n<p>Se realiza una simulaci\u00f3n de prueba escrita y oral utilizando un modelo de prueba con cuatro subpruebas: comprensi\u00f3n lectora, comprensi\u00f3n auditiva y expresi\u00f3n escrita y oral. Los cursos est\u00e1n organizados de tal forma que puedas presentarte al examen telc directamente con nosotros la semana siguiente, para que no pierdas un tiempo valioso. La formaci\u00f3n para el examen telc Deutsch B1-B2 Pflege se imparte en horario de tarde. El curso est\u00e1 dirigido a participantes que tengan al menos un nivel de lengua B1+ y quieran prepararse expl\u00edcitamente para el examen telc de alem\u00e1n B2.<\/p>\n<h3>\u00bfQu\u00e9 puedes hacer en el nivel B2?<\/h3>\n<p class=\"bodytext\">En el nivel B2, puedes expresarte con claridad y detalle y argumentar y negociar con \u00e9xito. Tienes un amplio vocabulario en tu especialidad y sobre la mayor\u00eda de los temas generales. Tienes un buen dominio de la gram\u00e1tica.<\/p>\n<h3>\u00bfC\u00f3mo est\u00e1 estructurado el examen?<\/h3>\n<p>El examen consta de una parte escrita y otra oral. El examen escrito dura 2 horas y 20 minutos. Tienes 20 minutos para prepararte antes del examen oral. El examen oral puede tener lugar el mismo d\u00eda del examen escrito o en otro d\u00eda.<\/p>\n<h3>Contenido del curso<\/h3>\n<ul>\n<li>comprender una amplia gama de textos<\/li>\n<li>expresarse por escrito con claridad y de forma estructurada sobre temas complejos<\/li>\n<li>hacer presentaciones orales sobre temas generales y sobre temas de sus propias \u00e1reas de inter\u00e9s.<\/li>\n<li>participar activamente en los debates<\/li>\n<li>adoptar una postura y presentar sus propios puntos de vista.<\/li>\n<li>Comprender el contenido principal de textos complejos sobre temas concretos y abstractos.<\/li>\n<li>expresarse con claridad y detalle sobre una amplia gama de temas<\/li>\n<li>explicar un punto de vista sobre un tema de actualidad y exponer las ventajas e inconvenientes de las distintas opciones<\/li>\n<\/ul>\n<h3>Tipo de acto<\/h3>\n<ul>\n<li>Seminario en l\u00ednea<\/li>\n<\/ul>\n<h3 class=\"paragraph\">\u00c1mbito de ense\u00f1anza<\/h3>\n<p class=\"paragraph\">50 unidades lectivas, 10 d\u00edas lectivos, de lunes a viernes de 09:00 a 13:15<\/p>\n<h3 class=\"paragraph\">Equipo t\u00e9cnico necesario<\/h3>\n<ul>\n<li>PC, port\u00e1til o tableta<\/li>\n<li>Auriculares con micr\u00f3fono<\/li>\n<li>Conexi\u00f3n a Internet<\/li>\n<\/ul>\n<h3 class=\"paragraph\">Finalizaci\u00f3n del curso<\/h3>\n<p class=\"paragraph\">Nuestros cursos intensivos de idiomas suelen tener como objetivo aprobar el examen telc de alem\u00e1n B2.<\/p>\n<p class=\"paragraph\">El curso concluye con un examen oficial de lengua telc o especializado y un certificado de participaci\u00f3n.Sin embargo, no hay obligaci\u00f3n de presentarse a uno de los ex\u00e1menes si tu objetivo es simplemente mejorar tus conocimientos ling\u00fc\u00edsticos. En cualquier caso, recibir\u00e1s un certificado de asistencia.<\/p>\n<p class=\"paragraph\">Tus objetivos son nuestros objetivos. Por tanto, tus objetivos nos indican el camino hacia tu \u00e9xito.<\/p>\n<h3 class=\"paragraph\">Inscripci\u00f3n al examen<\/h3>\n<p class=\"paragraph\">Si lo deseas, puedes realizar el examen telc &#8211; Deutsch B1\/B2 directamente en nuestro centro examinador certificado.<\/p>\n<p class=\"paragraph\">Tambi\u00e9n puedes inscribirte s\u00f3lo para el examen.<\/p>\n<p class=\"paragraph\">Si quieres inscribirte en el examen de idiomas telc en nuestro centro de ex\u00e1menes certificado, haz clic <a href=\"https:\/\/internationaleducationcenters.de\/sprachpruefung-telc-deutsch-b2\">aqu\u00ed<\/a>.<\/p>\n<h3 class=\"paragraph\">Promoci\u00f3n<\/h3>\n<p class=\"paragraph\">Somos un proveedor autorizado conforme a la AZAV. Los centros asistenciales y los hospitales pueden beneficiarse hasta el 100% de la Ley de Oportunidades de Cualificaci\u00f3n. Tambi\u00e9n se pueden utilizar los cheques de educaci\u00f3n y la prima de educaci\u00f3n.Puedes consultar todas las oportunidades de financiaci\u00f3n<a href=\"https:\/\/internationaleducationcenters.de\/finanzielle-foerderung-fuer-ihre-weiterbildung\">aqu\u00ed<\/a>.<\/p>\n<\/div>\n<\/div>\n<\/div>\n<\/div>\n<\/div>\n<\/div>\n","protected":false},"excerpt":{"rendered":"<p>Mejora tus conocimientos de alem\u00e1n con el curso intensivo de alem\u00e1n B2 online y prep\u00e1rate para el examen telc.<\/p>\n","protected":false},"featured_media":7466,"comment_status":"closed","ping_status":"closed","template":"","meta":{"_acf_changed":false},"product_brand":[],"product_cat":[284],"product_tag":[397,286],"class_list":{"0":"post-6374","1":"product","2":"type-product","3":"status-publish","4":"has-post-thumbnail","6":"product_cat-cursos-de-preparacion-de-examenes","7":"product_tag-buyoption-direct-es","8":"product_tag-preparacion","10":"first","11":"instock","12":"purchasable","13":"product-type-simple"},"acf":[],"yoast_head":"<!-- This site is optimized with the Yoast SEO Premium plugin v25.9 (Yoast SEO v26.9) - https:\/\/yoast.com\/product\/yoast-seo-premium-wordpress\/ -->\n<title>Curso de preparaci\u00f3n de ex\u00e1menes telc Alem\u00e1n B2 Intensivo (Kopie) - International Education Centers<\/title>\n<meta name=\"description\" content=\"Curso de preparaci\u00f3n de ex\u00e1menes telc Alem\u00e1n B2 Intensivo\u200c\u00abCurso intensivo online para preparar el examen telc Alem\u00e1n B2. Clases en vivo, material oficial y apoyo personalizado para aprobar con confianza.\" \/>\n<meta name=\"robots\" content=\"index, follow, max-snippet:-1, max-image-preview:large, max-video-preview:-1\" \/>\n<link rel=\"canonical\" href=\"https:\/\/internationaleducationcenters.de\/es\/producto\/curso-de-preparacion-de-examenes-telc-aleman-b2\/\" \/>\n<meta property=\"og:locale\" content=\"es_ES\" \/>\n<meta property=\"og:type\" content=\"article\" \/>\n<meta property=\"og:title\" content=\"Curso de preparaci\u00f3n de ex\u00e1menes telc Alem\u00e1n B2 Intensivo (Kopie)\" \/>\n<meta property=\"og:description\" content=\"Curso de preparaci\u00f3n de ex\u00e1menes telc Alem\u00e1n B2 Intensivo\u200c\u00abCurso intensivo online para preparar el examen telc Alem\u00e1n B2. Clases en vivo, material oficial y apoyo personalizado para aprobar con confianza.\" \/>\n<meta property=\"og:url\" content=\"https:\/\/internationaleducationcenters.de\/es\/producto\/curso-de-preparacion-de-examenes-telc-aleman-b2\/\" \/>\n<meta property=\"og:site_name\" content=\"International Education Centers\" \/>\n<meta property=\"article:publisher\" content=\"https:\/\/www.facebook.com\/InternationalEducationCenters\/\" \/>\n<meta property=\"article:modified_time\" content=\"2025-11-26T08:50:54+00:00\" \/>\n<meta property=\"og:image\" content=\"https:\/\/internationaleducationcenters.de\/wp-content\/uploads\/2024\/09\/telc-Deutsch.jpg\" \/>\n\t<meta property=\"og:image:width\" content=\"300\" \/>\n\t<meta property=\"og:image:height\" content=\"200\" \/>\n\t<meta property=\"og:image:type\" content=\"image\/jpeg\" \/>\n<meta name=\"twitter:card\" content=\"summary_large_image\" \/>\n<meta name=\"twitter:label1\" content=\"Precio\" \/>\n\t<meta name=\"twitter:data1\" content=\"415,00&nbsp;&euro;\" \/>\n\t<meta name=\"twitter:label2\" content=\"Disponibilidad\" \/>\n\t<meta name=\"twitter:data2\" content=\"Disponible\" \/>\n<script type=\"application\/ld+json\" class=\"yoast-schema-graph\">{\"@context\":\"https:\/\/schema.org\",\"@graph\":[{\"@type\":\"WebPage\",\"@id\":\"https:\/\/internationaleducationcenters.de\/es\/producto\/curso-de-preparacion-de-examenes-telc-aleman-b2\/\",\"url\":\"https:\/\/internationaleducationcenters.de\/es\/producto\/curso-de-preparacion-de-examenes-telc-aleman-b2\/\",\"name\":\"Curso de preparaci\u00f3n de ex\u00e1menes telc Alem\u00e1n B2 Intensivo (Kopie) - International Education Centers\",\"isPartOf\":{\"@id\":\"https:\/\/internationaleducationcenters.de\/es\/#website\"},\"primaryImageOfPage\":{\"@id\":\"https:\/\/internationaleducationcenters.de\/es\/producto\/curso-de-preparacion-de-examenes-telc-aleman-b2\/#primaryimage\"},\"image\":{\"@id\":\"https:\/\/internationaleducationcenters.de\/es\/producto\/curso-de-preparacion-de-examenes-telc-aleman-b2\/#primaryimage\"},\"thumbnailUrl\":\"https:\/\/internationaleducationcenters.de\/wp-content\/uploads\/2024\/09\/telc-Deutsch.jpg\",\"datePublished\":\"2024-09-13T16:11:01+00:00\",\"dateModified\":\"2025-11-26T08:50:54+00:00\",\"description\":\"Curso de preparaci\u00f3n de ex\u00e1menes telc Alem\u00e1n B2 Intensivo\u200c\u00abCurso intensivo online para preparar el examen telc Alem\u00e1n B2. Clases en vivo, material oficial y apoyo personalizado para aprobar con confianza.\",\"breadcrumb\":{\"@id\":\"https:\/\/internationaleducationcenters.de\/es\/producto\/curso-de-preparacion-de-examenes-telc-aleman-b2\/#breadcrumb\"},\"inLanguage\":\"es\",\"potentialAction\":[{\"@type\":\"ReadAction\",\"target\":[\"https:\/\/internationaleducationcenters.de\/es\/producto\/curso-de-preparacion-de-examenes-telc-aleman-b2\/\"]}]},{\"@type\":\"ImageObject\",\"inLanguage\":\"es\",\"@id\":\"https:\/\/internationaleducationcenters.de\/es\/producto\/curso-de-preparacion-de-examenes-telc-aleman-b2\/#primaryimage\",\"url\":\"https:\/\/internationaleducationcenters.de\/wp-content\/uploads\/2024\/09\/telc-Deutsch.jpg\",\"contentUrl\":\"https:\/\/internationaleducationcenters.de\/wp-content\/uploads\/2024\/09\/telc-Deutsch.jpg\",\"width\":300,\"height\":200,\"caption\":\"test leben in Deutschland in Wuppertal mit IEC\"},{\"@type\":\"BreadcrumbList\",\"@id\":\"https:\/\/internationaleducationcenters.de\/es\/producto\/curso-de-preparacion-de-examenes-telc-aleman-b2\/#breadcrumb\",\"itemListElement\":[{\"@type\":\"ListItem\",\"position\":1,\"name\":\"Home\",\"item\":\"https:\/\/internationaleducationcenters.de\/es\/\"},{\"@type\":\"ListItem\",\"position\":2,\"name\":\"Tienda\",\"item\":\"https:\/\/internationaleducationcenters.de\/es\/shop\/\"},{\"@type\":\"ListItem\",\"position\":3,\"name\":\"Curso de preparaci\u00f3n de ex\u00e1menes telc Alem\u00e1n B2 Intensivo (Kopie)\"}]},{\"@type\":\"WebSite\",\"@id\":\"https:\/\/internationaleducationcenters.de\/es\/#website\",\"url\":\"https:\/\/internationaleducationcenters.de\/es\/\",\"name\":\"International Education Centers\",\"description\":\"\",\"publisher\":{\"@id\":\"https:\/\/internationaleducationcenters.de\/es\/#organization\"},\"potentialAction\":[{\"@type\":\"SearchAction\",\"target\":{\"@type\":\"EntryPoint\",\"urlTemplate\":\"https:\/\/internationaleducationcenters.de\/es\/?s={search_term_string}\"},\"query-input\":{\"@type\":\"PropertyValueSpecification\",\"valueRequired\":true,\"valueName\":\"search_term_string\"}}],\"inLanguage\":\"es\"},{\"@type\":\"Organization\",\"@id\":\"https:\/\/internationaleducationcenters.de\/es\/#organization\",\"name\":\"International Education Centers\",\"alternateName\":\"IEC\",\"url\":\"https:\/\/internationaleducationcenters.de\/es\/\",\"logo\":{\"@type\":\"ImageObject\",\"inLanguage\":\"es\",\"@id\":\"https:\/\/internationaleducationcenters.de\/es\/#\/schema\/logo\/image\/\",\"url\":\"https:\/\/internationaleducationcenters.de\/wp-content\/uploads\/2025\/08\/IEC_favicon-1.png\",\"contentUrl\":\"https:\/\/internationaleducationcenters.de\/wp-content\/uploads\/2025\/08\/IEC_favicon-1.png\",\"width\":512,\"height\":512,\"caption\":\"International Education Centers\"},\"image\":{\"@id\":\"https:\/\/internationaleducationcenters.de\/es\/#\/schema\/logo\/image\/\"},\"sameAs\":[\"https:\/\/www.facebook.com\/InternationalEducationCenters\/\"]}]}<\/script>\n<meta property=\"product:price:amount\" content=\"415.00\" \/>\n<meta property=\"product:price:currency\" content=\"EUR\" \/>\n<meta property=\"og:availability\" content=\"instock\" \/>\n<meta property=\"product:availability\" content=\"instock\" \/>\n<meta property=\"product:condition\" content=\"new\" \/>\n<!-- \/ Yoast SEO Premium plugin. -->","yoast_head_json":{"title":"Curso de preparaci\u00f3n de ex\u00e1menes telc Alem\u00e1n B2 Intensivo (Kopie) - International Education Centers","description":"Curso de preparaci\u00f3n de ex\u00e1menes telc Alem\u00e1n B2 Intensivo\u200c\u00abCurso intensivo online para preparar el examen telc Alem\u00e1n B2. Clases en vivo, material oficial y apoyo personalizado para aprobar con confianza.","robots":{"index":"index","follow":"follow","max-snippet":"max-snippet:-1","max-image-preview":"max-image-preview:large","max-video-preview":"max-video-preview:-1"},"canonical":"https:\/\/internationaleducationcenters.de\/es\/producto\/curso-de-preparacion-de-examenes-telc-aleman-b2\/","og_locale":"es_ES","og_type":"article","og_title":"Curso de preparaci\u00f3n de ex\u00e1menes telc Alem\u00e1n B2 Intensivo (Kopie)","og_description":"Curso de preparaci\u00f3n de ex\u00e1menes telc Alem\u00e1n B2 Intensivo\u200c\u00abCurso intensivo online para preparar el examen telc Alem\u00e1n B2. Clases en vivo, material oficial y apoyo personalizado para aprobar con confianza.","og_url":"https:\/\/internationaleducationcenters.de\/es\/producto\/curso-de-preparacion-de-examenes-telc-aleman-b2\/","og_site_name":"International Education Centers","article_publisher":"https:\/\/www.facebook.com\/InternationalEducationCenters\/","article_modified_time":"2025-11-26T08:50:54+00:00","og_image":[{"width":300,"height":200,"url":"https:\/\/internationaleducationcenters.de\/wp-content\/uploads\/2024\/09\/telc-Deutsch.jpg","type":"image\/jpeg"}],"twitter_card":"summary_large_image","twitter_misc":{"Precio":"415,00&nbsp;&euro;","Disponibilidad":"Disponible"},"schema":{"@context":"https:\/\/schema.org","@graph":[{"@type":"WebPage","@id":"https:\/\/internationaleducationcenters.de\/es\/producto\/curso-de-preparacion-de-examenes-telc-aleman-b2\/","url":"https:\/\/internationaleducationcenters.de\/es\/producto\/curso-de-preparacion-de-examenes-telc-aleman-b2\/","name":"Curso de preparaci\u00f3n de ex\u00e1menes telc Alem\u00e1n B2 Intensivo (Kopie) - International Education Centers","isPartOf":{"@id":"https:\/\/internationaleducationcenters.de\/es\/#website"},"primaryImageOfPage":{"@id":"https:\/\/internationaleducationcenters.de\/es\/producto\/curso-de-preparacion-de-examenes-telc-aleman-b2\/#primaryimage"},"image":{"@id":"https:\/\/internationaleducationcenters.de\/es\/producto\/curso-de-preparacion-de-examenes-telc-aleman-b2\/#primaryimage"},"thumbnailUrl":"https:\/\/internationaleducationcenters.de\/wp-content\/uploads\/2024\/09\/telc-Deutsch.jpg","datePublished":"2024-09-13T16:11:01+00:00","dateModified":"2025-11-26T08:50:54+00:00","description":"Curso de preparaci\u00f3n de ex\u00e1menes telc Alem\u00e1n B2 Intensivo\u200c\u00abCurso intensivo online para preparar el examen telc Alem\u00e1n B2. Clases en vivo, material oficial y apoyo personalizado para aprobar con confianza.","breadcrumb":{"@id":"https:\/\/internationaleducationcenters.de\/es\/producto\/curso-de-preparacion-de-examenes-telc-aleman-b2\/#breadcrumb"},"inLanguage":"es","potentialAction":[{"@type":"ReadAction","target":["https:\/\/internationaleducationcenters.de\/es\/producto\/curso-de-preparacion-de-examenes-telc-aleman-b2\/"]}]},{"@type":"ImageObject","inLanguage":"es","@id":"https:\/\/internationaleducationcenters.de\/es\/producto\/curso-de-preparacion-de-examenes-telc-aleman-b2\/#primaryimage","url":"https:\/\/internationaleducationcenters.de\/wp-content\/uploads\/2024\/09\/telc-Deutsch.jpg","contentUrl":"https:\/\/internationaleducationcenters.de\/wp-content\/uploads\/2024\/09\/telc-Deutsch.jpg","width":300,"height":200,"caption":"test leben in Deutschland in Wuppertal mit IEC"},{"@type":"BreadcrumbList","@id":"https:\/\/internationaleducationcenters.de\/es\/producto\/curso-de-preparacion-de-examenes-telc-aleman-b2\/#breadcrumb","itemListElement":[{"@type":"ListItem","position":1,"name":"Home","item":"https:\/\/internationaleducationcenters.de\/es\/"},{"@type":"ListItem","position":2,"name":"Tienda","item":"https:\/\/internationaleducationcenters.de\/es\/shop\/"},{"@type":"ListItem","position":3,"name":"Curso de preparaci\u00f3n de ex\u00e1menes telc Alem\u00e1n B2 Intensivo (Kopie)"}]},{"@type":"WebSite","@id":"https:\/\/internationaleducationcenters.de\/es\/#website","url":"https:\/\/internationaleducationcenters.de\/es\/","name":"International Education Centers","description":"","publisher":{"@id":"https:\/\/internationaleducationcenters.de\/es\/#organization"},"potentialAction":[{"@type":"SearchAction","target":{"@type":"EntryPoint","urlTemplate":"https:\/\/internationaleducationcenters.de\/es\/?s={search_term_string}"},"query-input":{"@type":"PropertyValueSpecification","valueRequired":true,"valueName":"search_term_string"}}],"inLanguage":"es"},{"@type":"Organization","@id":"https:\/\/internationaleducationcenters.de\/es\/#organization","name":"International Education Centers","alternateName":"IEC","url":"https:\/\/internationaleducationcenters.de\/es\/","logo":{"@type":"ImageObject","inLanguage":"es","@id":"https:\/\/internationaleducationcenters.de\/es\/#\/schema\/logo\/image\/","url":"https:\/\/internationaleducationcenters.de\/wp-content\/uploads\/2025\/08\/IEC_favicon-1.png","contentUrl":"https:\/\/internationaleducationcenters.de\/wp-content\/uploads\/2025\/08\/IEC_favicon-1.png","width":512,"height":512,"caption":"International Education Centers"},"image":{"@id":"https:\/\/internationaleducationcenters.de\/es\/#\/schema\/logo\/image\/"},"sameAs":["https:\/\/www.facebook.com\/InternationalEducationCenters\/"]}]},"product_price_amount":"415.00","product_price_currency":"EUR","og_availability":"instock","product_availability":"instock","product_condition":"new"},"_links":{"self":[{"href":"https:\/\/internationaleducationcenters.de\/es\/wp-json\/wp\/v2\/product\/6374","targetHints":{"allow":["GET"]}}],"collection":[{"href":"https:\/\/internationaleducationcenters.de\/es\/wp-json\/wp\/v2\/product"}],"about":[{"href":"https:\/\/internationaleducationcenters.de\/es\/wp-json\/wp\/v2\/types\/product"}],"replies":[{"embeddable":true,"href":"https:\/\/internationaleducationcenters.de\/es\/wp-json\/wp\/v2\/comments?post=6374"}],"version-history":[{"count":1,"href":"https:\/\/internationaleducationcenters.de\/es\/wp-json\/wp\/v2\/product\/6374\/revisions"}],"predecessor-version":[{"id":21126,"href":"https:\/\/internationaleducationcenters.de\/es\/wp-json\/wp\/v2\/product\/6374\/revisions\/21126"}],"wp:featuredmedia":[{"embeddable":true,"href":"https:\/\/internationaleducationcenters.de\/es\/wp-json\/wp\/v2\/media\/7466"}],"wp:attachment":[{"href":"https:\/\/internationaleducationcenters.de\/es\/wp-json\/wp\/v2\/media?parent=6374"}],"wp:term":[{"taxonomy":"product_brand","embeddable":true,"href":"https:\/\/internationaleducationcenters.de\/es\/wp-json\/wp\/v2\/product_brand?post=6374"},{"taxonomy":"product_cat","embeddable":true,"href":"https:\/\/internationaleducationcenters.de\/es\/wp-json\/wp\/v2\/product_cat?post=6374"},{"taxonomy":"product_tag","embeddable":true,"href":"https:\/\/internationaleducationcenters.de\/es\/wp-json\/wp\/v2\/product_tag?post=6374"}],"curies":[{"name":"wp","href":"https:\/\/api.w.org\/{rel}","templated":true}]}}