{"id":7207,"date":"2024-12-13T08:23:29","date_gmt":"2024-12-13T07:23:29","guid":{"rendered":"https:\/\/internationaleducationcenters.de\/?post_type=product&#038;p=7207"},"modified":"2025-11-28T15:28:30","modified_gmt":"2025-11-28T14:28:30","slug":"curso-de-integracion-general-kopie","status":"publish","type":"product","link":"https:\/\/internationaleducationcenters.de\/es\/producto\/curso-de-integracion-general-kopie\/","title":{"rendered":"Curso de integraci\u00f3n para j\u00f3venes"},"content":{"rendered":"\t\t<div data-elementor-type=\"product-post\" data-elementor-id=\"7207\" class=\"elementor elementor-7207 elementor-7197\" data-elementor-post-type=\"product\">\n\t\t\t\t<div class=\"elementor-element elementor-element-2a479923 e-flex e-con-boxed e-con e-parent\" data-id=\"2a479923\" data-element_type=\"container\" data-e-type=\"container\">\n\t\t\t\t\t<div class=\"e-con-inner\">\n\t\t\t\t<div class=\"elementor-element elementor-element-71a59896 elementor-widget elementor-widget-text-editor\" data-id=\"71a59896\" data-element_type=\"widget\" data-e-type=\"widget\" data-widget_type=\"text-editor.default\">\n\t\t\t\t<div class=\"elementor-widget-container\">\n\t\t\t\t\t\t\t\t\t<p>Forma parte de Alemania &#8211; \u00a1con nuestro <strong data-start=\"967\" data-end=\"1006\">curso de integraci\u00f3n para j\u00f3venes<\/strong>! Si tienes entre 18 y 26 a\u00f1os y quieres mejorar tus conocimientos de alem\u00e1n, \u00a1has venido al lugar adecuado! Nuestro curso de integraci\u00f3n es tu clave para integrarte con \u00e9xito en Alemania, tanto ling\u00fc\u00edstica como culturalmente.<\/p><h3><strong>Lo que puedes esperar:  <\/strong><\/h3><p>En el <strong data-start=\"1271\" data-end=\"1310\">curso de integraci\u00f3n para j\u00f3venes<\/strong> aprender\u00e1s todo lo que necesitas para tu vida cotidiana y tu carrera profesional. Tanto si quieres prepararte para la b\u00fasqueda de empleo como si quieres mejorar tus habilidades de comunicaci\u00f3n, tenemos el curso adecuado para ti. La duraci\u00f3n var\u00eda en funci\u00f3n del formato del curso:<\/p><ul><li>Curso de integraci\u00f3n general: 600 unidades lectivas<\/li><li>Cursos especializados (por ejemplo, para j\u00f3venes): Hasta 900 unidades did\u00e1cticas<\/li><li>Curso intensivo: 400 unidades lectivas<\/li><\/ul><p>En los <strong data-start=\"1271\" data-end=\"1310\">cursos de integraci\u00f3n para j\u00f3venes<\/strong> aprender\u00e1s destrezas ling\u00fc\u00edsticas pr\u00e1cticas para la vida cotidiana y el trabajo, entre otras:<\/p><ul><li>B\u00fasqueda de empleo y proceso de solicitud<\/li><li>Oportunidades educativas y desarrollo profesional<\/li><li>Situaciones comunicativas cotidianas, como ir de compras, la asistencia sanitaria y las actividades de ocio<\/li><li>Redactar cartas y correos electr\u00f3nicos, rellenar formularios y hacer llamadas telef\u00f3nicas<\/li><\/ul><p>La finalizaci\u00f3n del curso de lengua est\u00e1 marcada por la participaci\u00f3n satisfactoria en el \u00abTest de Alem\u00e1n para Inmigrantes\u00bb (DTZ) en el nivel B1.<\/p><h2>El curso de orientaci\u00f3n<\/h2><p>Tras completar el curso de idiomas, continuar\u00e1s tu experiencia de aprendizaje con el curso de orientaci\u00f3n, que comprende 100 unidades lectivas, o 30 unidades lectivas como parte de un curso intensivo. Este curso profundiza en tus conocimientos de: <\/p><ul><li>El sistema jur\u00eddico alem\u00e1n, historia y cultura<\/li><li>Valores y convivencia social en Alemania<\/li><li>Derechos y obligaciones de los ciudadanos<\/li><\/ul><p>El curso de orientaci\u00f3n termina con el examen \u00abLa vida en Alemania\u00bb, que pone a prueba tus conocimientos sobre la sociedad, la historia y la cultura alemanas.<\/p><h2>Duraci\u00f3n del curso &#8211; <strong data-start=\"1271\" data-end=\"1310\">Curso de integraci\u00f3n para j\u00f3venes<\/strong> <\/h2><ul><li>Curso de integraci\u00f3n general: 700 unidades lectivas<\/li><li>Formatos de curso ampliados: Hasta 1.000 unidades did\u00e1cticas para participantes con necesidades espec\u00edficas<\/li><li>Curso intensivo: 430 unidades did\u00e1cticas para un aprendizaje r\u00e1pido<\/li><\/ul><p>Nuestro objetivo con este curso no es s\u00f3lo ense\u00f1arte el idioma, sino tambi\u00e9n darte un conocimiento profundo de la cultura y la sociedad alemanas para que puedas integrarte con \u00e9xito en tu nuevo entorno vital.<\/p>\t\t\t\t\t\t\t\t<\/div>\n\t\t\t\t<\/div>\n\t\t\t\t\t<\/div>\n\t\t\t\t<\/div>\n\t\t\t\t<\/div>\n\t\t","protected":false},"excerpt":{"rendered":"<p>Optimiza tus conocimientos de alem\u00e1n e int\u00e9grate con \u00e9xito en Alemania con nuestro completo curso de integraci\u00f3n que ense\u00f1a lengua y cultura.<\/p>\n","protected":false},"featured_media":7549,"comment_status":"closed","ping_status":"closed","template":"","meta":{"_acf_changed":false},"product_brand":[],"product_cat":[177],"product_tag":[179,178],"class_list":{"0":"post-7207","1":"product","2":"type-product","3":"status-publish","4":"has-post-thumbnail","6":"product_cat-cursos-de-aleman-subvencionados-por-la-bamf","7":"product_tag-buyoption-external-redirect-es","8":"product_tag-cursos-de-aleman-financiados-por-el-bamf","10":"first","11":"instock","12":"taxable","13":"shipping-taxable","14":"purchasable","15":"product-type-simple"},"acf":[],"yoast_head":"<!-- This site is optimized with the Yoast SEO Premium plugin v25.9 (Yoast SEO v26.9) - https:\/\/yoast.com\/product\/yoast-seo-premium-wordpress\/ -->\n<title>Curso de integraci\u00f3n para j\u00f3venes - International Education Centers<\/title>\n<meta name=\"description\" content=\"El curso de integraci\u00f3n para j\u00f3venes ense\u00f1a conocimientos pr\u00e1cticos de alem\u00e1n para la vida cotidiana y el trabajo. Inscr\u00edbete ahora en IEC &amp; Wupopertal\" \/>\n<meta name=\"robots\" content=\"index, follow, max-snippet:-1, max-image-preview:large, max-video-preview:-1\" \/>\n<link rel=\"canonical\" href=\"https:\/\/internationaleducationcenters.de\/es\/producto\/curso-de-integracion-general-kopie\/\" \/>\n<meta property=\"og:locale\" content=\"es_ES\" \/>\n<meta property=\"og:type\" content=\"article\" \/>\n<meta property=\"og:title\" content=\"Curso de integraci\u00f3n para j\u00f3venes\" \/>\n<meta property=\"og:description\" content=\"El curso de integraci\u00f3n para j\u00f3venes ense\u00f1a conocimientos pr\u00e1cticos de alem\u00e1n para la vida cotidiana y el trabajo. Inscr\u00edbete ahora en IEC &amp; Wupopertal\" \/>\n<meta property=\"og:url\" content=\"https:\/\/internationaleducationcenters.de\/es\/producto\/curso-de-integracion-general-kopie\/\" \/>\n<meta property=\"og:site_name\" content=\"International Education Centers\" \/>\n<meta property=\"article:publisher\" content=\"https:\/\/www.facebook.com\/InternationalEducationCenters\/\" \/>\n<meta property=\"article:modified_time\" content=\"2025-11-28T14:28:30+00:00\" \/>\n<meta property=\"og:image\" content=\"https:\/\/internationaleducationcenters.de\/wp-content\/uploads\/2025\/10\/pexels-keira-burton-6146984-scaled.jpg\" \/>\n\t<meta property=\"og:image:width\" content=\"2560\" \/>\n\t<meta property=\"og:image:height\" content=\"1707\" \/>\n\t<meta property=\"og:image:type\" content=\"image\/jpeg\" \/>\n<meta name=\"twitter:card\" content=\"summary_large_image\" \/>\n<meta name=\"twitter:label1\" content=\"Precio\" \/>\n\t<meta name=\"twitter:data1\" content=\"458,00&nbsp;&euro;\" \/>\n\t<meta name=\"twitter:label2\" content=\"Disponibilidad\" \/>\n\t<meta name=\"twitter:data2\" content=\"Disponible\" \/>\n<script type=\"application\/ld+json\" class=\"yoast-schema-graph\">{\"@context\":\"https:\/\/schema.org\",\"@graph\":[{\"@type\":\"WebPage\",\"@id\":\"https:\/\/internationaleducationcenters.de\/es\/producto\/curso-de-integracion-general-kopie\/\",\"url\":\"https:\/\/internationaleducationcenters.de\/es\/producto\/curso-de-integracion-general-kopie\/\",\"name\":\"Curso de integraci\u00f3n para j\u00f3venes - International Education Centers\",\"isPartOf\":{\"@id\":\"https:\/\/internationaleducationcenters.de\/es\/#website\"},\"primaryImageOfPage\":{\"@id\":\"https:\/\/internationaleducationcenters.de\/es\/producto\/curso-de-integracion-general-kopie\/#primaryimage\"},\"image\":{\"@id\":\"https:\/\/internationaleducationcenters.de\/es\/producto\/curso-de-integracion-general-kopie\/#primaryimage\"},\"thumbnailUrl\":\"https:\/\/internationaleducationcenters.de\/wp-content\/uploads\/2024\/01\/Einzelunterricht-Online.jpg\",\"datePublished\":\"2024-12-13T07:23:29+00:00\",\"dateModified\":\"2025-11-28T14:28:30+00:00\",\"description\":\"El curso de integraci\u00f3n para j\u00f3venes ense\u00f1a conocimientos pr\u00e1cticos de alem\u00e1n para la vida cotidiana y el trabajo. Inscr\u00edbete ahora en IEC & Wupopertal\",\"breadcrumb\":{\"@id\":\"https:\/\/internationaleducationcenters.de\/es\/producto\/curso-de-integracion-general-kopie\/#breadcrumb\"},\"inLanguage\":\"es\",\"potentialAction\":[{\"@type\":\"ReadAction\",\"target\":[\"https:\/\/internationaleducationcenters.de\/es\/producto\/curso-de-integracion-general-kopie\/\"]}]},{\"@type\":\"ImageObject\",\"inLanguage\":\"es\",\"@id\":\"https:\/\/internationaleducationcenters.de\/es\/producto\/curso-de-integracion-general-kopie\/#primaryimage\",\"url\":\"https:\/\/internationaleducationcenters.de\/wp-content\/uploads\/2024\/01\/Einzelunterricht-Online.jpg\",\"contentUrl\":\"https:\/\/internationaleducationcenters.de\/wp-content\/uploads\/2024\/01\/Einzelunterricht-Online.jpg\",\"width\":300,\"height\":201,\"caption\":\"Erwachsene beim Sprachkurs f\u00fcr die telc Pr\u00fcfung in Wuppertal\"},{\"@type\":\"BreadcrumbList\",\"@id\":\"https:\/\/internationaleducationcenters.de\/es\/producto\/curso-de-integracion-general-kopie\/#breadcrumb\",\"itemListElement\":[{\"@type\":\"ListItem\",\"position\":1,\"name\":\"Home\",\"item\":\"https:\/\/internationaleducationcenters.de\/es\/\"},{\"@type\":\"ListItem\",\"position\":2,\"name\":\"Tienda\",\"item\":\"https:\/\/internationaleducationcenters.de\/es\/shop\/\"},{\"@type\":\"ListItem\",\"position\":3,\"name\":\"Curso de integraci\u00f3n para j\u00f3venes\"}]},{\"@type\":\"WebSite\",\"@id\":\"https:\/\/internationaleducationcenters.de\/es\/#website\",\"url\":\"https:\/\/internationaleducationcenters.de\/es\/\",\"name\":\"International Education Centers\",\"description\":\"\",\"publisher\":{\"@id\":\"https:\/\/internationaleducationcenters.de\/es\/#organization\"},\"potentialAction\":[{\"@type\":\"SearchAction\",\"target\":{\"@type\":\"EntryPoint\",\"urlTemplate\":\"https:\/\/internationaleducationcenters.de\/es\/?s={search_term_string}\"},\"query-input\":{\"@type\":\"PropertyValueSpecification\",\"valueRequired\":true,\"valueName\":\"search_term_string\"}}],\"inLanguage\":\"es\"},{\"@type\":\"Organization\",\"@id\":\"https:\/\/internationaleducationcenters.de\/es\/#organization\",\"name\":\"International Education Centers\",\"alternateName\":\"IEC\",\"url\":\"https:\/\/internationaleducationcenters.de\/es\/\",\"logo\":{\"@type\":\"ImageObject\",\"inLanguage\":\"es\",\"@id\":\"https:\/\/internationaleducationcenters.de\/es\/#\/schema\/logo\/image\/\",\"url\":\"https:\/\/internationaleducationcenters.de\/wp-content\/uploads\/2025\/08\/IEC_favicon-1.png\",\"contentUrl\":\"https:\/\/internationaleducationcenters.de\/wp-content\/uploads\/2025\/08\/IEC_favicon-1.png\",\"width\":512,\"height\":512,\"caption\":\"International Education Centers\"},\"image\":{\"@id\":\"https:\/\/internationaleducationcenters.de\/es\/#\/schema\/logo\/image\/\"},\"sameAs\":[\"https:\/\/www.facebook.com\/InternationalEducationCenters\/\"]}]}<\/script>\n<meta property=\"product:price:amount\" content=\"458.00\" \/>\n<meta property=\"product:price:currency\" content=\"EUR\" \/>\n<meta property=\"og:availability\" content=\"instock\" \/>\n<meta property=\"product:availability\" content=\"instock\" \/>\n<meta property=\"product:condition\" content=\"new\" \/>\n<!-- \/ Yoast SEO Premium plugin. -->","yoast_head_json":{"title":"Curso de integraci\u00f3n para j\u00f3venes - International Education Centers","description":"El curso de integraci\u00f3n para j\u00f3venes ense\u00f1a conocimientos pr\u00e1cticos de alem\u00e1n para la vida cotidiana y el trabajo. Inscr\u00edbete ahora en IEC & Wupopertal","robots":{"index":"index","follow":"follow","max-snippet":"max-snippet:-1","max-image-preview":"max-image-preview:large","max-video-preview":"max-video-preview:-1"},"canonical":"https:\/\/internationaleducationcenters.de\/es\/producto\/curso-de-integracion-general-kopie\/","og_locale":"es_ES","og_type":"article","og_title":"Curso de integraci\u00f3n para j\u00f3venes","og_description":"El curso de integraci\u00f3n para j\u00f3venes ense\u00f1a conocimientos pr\u00e1cticos de alem\u00e1n para la vida cotidiana y el trabajo. Inscr\u00edbete ahora en IEC & Wupopertal","og_url":"https:\/\/internationaleducationcenters.de\/es\/producto\/curso-de-integracion-general-kopie\/","og_site_name":"International Education Centers","article_publisher":"https:\/\/www.facebook.com\/InternationalEducationCenters\/","article_modified_time":"2025-11-28T14:28:30+00:00","og_image":[{"width":2560,"height":1707,"url":"https:\/\/internationaleducationcenters.de\/wp-content\/uploads\/2025\/10\/pexels-keira-burton-6146984-scaled.jpg","type":"image\/jpeg"}],"twitter_card":"summary_large_image","twitter_misc":{"Precio":"458,00&nbsp;&euro;","Disponibilidad":"Disponible"},"schema":{"@context":"https:\/\/schema.org","@graph":[{"@type":"WebPage","@id":"https:\/\/internationaleducationcenters.de\/es\/producto\/curso-de-integracion-general-kopie\/","url":"https:\/\/internationaleducationcenters.de\/es\/producto\/curso-de-integracion-general-kopie\/","name":"Curso de integraci\u00f3n para j\u00f3venes - International Education Centers","isPartOf":{"@id":"https:\/\/internationaleducationcenters.de\/es\/#website"},"primaryImageOfPage":{"@id":"https:\/\/internationaleducationcenters.de\/es\/producto\/curso-de-integracion-general-kopie\/#primaryimage"},"image":{"@id":"https:\/\/internationaleducationcenters.de\/es\/producto\/curso-de-integracion-general-kopie\/#primaryimage"},"thumbnailUrl":"https:\/\/internationaleducationcenters.de\/wp-content\/uploads\/2024\/01\/Einzelunterricht-Online.jpg","datePublished":"2024-12-13T07:23:29+00:00","dateModified":"2025-11-28T14:28:30+00:00","description":"El curso de integraci\u00f3n para j\u00f3venes ense\u00f1a conocimientos pr\u00e1cticos de alem\u00e1n para la vida cotidiana y el trabajo. Inscr\u00edbete ahora en IEC & Wupopertal","breadcrumb":{"@id":"https:\/\/internationaleducationcenters.de\/es\/producto\/curso-de-integracion-general-kopie\/#breadcrumb"},"inLanguage":"es","potentialAction":[{"@type":"ReadAction","target":["https:\/\/internationaleducationcenters.de\/es\/producto\/curso-de-integracion-general-kopie\/"]}]},{"@type":"ImageObject","inLanguage":"es","@id":"https:\/\/internationaleducationcenters.de\/es\/producto\/curso-de-integracion-general-kopie\/#primaryimage","url":"https:\/\/internationaleducationcenters.de\/wp-content\/uploads\/2024\/01\/Einzelunterricht-Online.jpg","contentUrl":"https:\/\/internationaleducationcenters.de\/wp-content\/uploads\/2024\/01\/Einzelunterricht-Online.jpg","width":300,"height":201,"caption":"Erwachsene beim Sprachkurs f\u00fcr die telc Pr\u00fcfung in Wuppertal"},{"@type":"BreadcrumbList","@id":"https:\/\/internationaleducationcenters.de\/es\/producto\/curso-de-integracion-general-kopie\/#breadcrumb","itemListElement":[{"@type":"ListItem","position":1,"name":"Home","item":"https:\/\/internationaleducationcenters.de\/es\/"},{"@type":"ListItem","position":2,"name":"Tienda","item":"https:\/\/internationaleducationcenters.de\/es\/shop\/"},{"@type":"ListItem","position":3,"name":"Curso de integraci\u00f3n para j\u00f3venes"}]},{"@type":"WebSite","@id":"https:\/\/internationaleducationcenters.de\/es\/#website","url":"https:\/\/internationaleducationcenters.de\/es\/","name":"International Education Centers","description":"","publisher":{"@id":"https:\/\/internationaleducationcenters.de\/es\/#organization"},"potentialAction":[{"@type":"SearchAction","target":{"@type":"EntryPoint","urlTemplate":"https:\/\/internationaleducationcenters.de\/es\/?s={search_term_string}"},"query-input":{"@type":"PropertyValueSpecification","valueRequired":true,"valueName":"search_term_string"}}],"inLanguage":"es"},{"@type":"Organization","@id":"https:\/\/internationaleducationcenters.de\/es\/#organization","name":"International Education Centers","alternateName":"IEC","url":"https:\/\/internationaleducationcenters.de\/es\/","logo":{"@type":"ImageObject","inLanguage":"es","@id":"https:\/\/internationaleducationcenters.de\/es\/#\/schema\/logo\/image\/","url":"https:\/\/internationaleducationcenters.de\/wp-content\/uploads\/2025\/08\/IEC_favicon-1.png","contentUrl":"https:\/\/internationaleducationcenters.de\/wp-content\/uploads\/2025\/08\/IEC_favicon-1.png","width":512,"height":512,"caption":"International Education Centers"},"image":{"@id":"https:\/\/internationaleducationcenters.de\/es\/#\/schema\/logo\/image\/"},"sameAs":["https:\/\/www.facebook.com\/InternationalEducationCenters\/"]}]},"product_price_amount":"458.00","product_price_currency":"EUR","og_availability":"instock","product_availability":"instock","product_condition":"new"},"_links":{"self":[{"href":"https:\/\/internationaleducationcenters.de\/es\/wp-json\/wp\/v2\/product\/7207","targetHints":{"allow":["GET"]}}],"collection":[{"href":"https:\/\/internationaleducationcenters.de\/es\/wp-json\/wp\/v2\/product"}],"about":[{"href":"https:\/\/internationaleducationcenters.de\/es\/wp-json\/wp\/v2\/types\/product"}],"replies":[{"embeddable":true,"href":"https:\/\/internationaleducationcenters.de\/es\/wp-json\/wp\/v2\/comments?post=7207"}],"version-history":[{"count":4,"href":"https:\/\/internationaleducationcenters.de\/es\/wp-json\/wp\/v2\/product\/7207\/revisions"}],"predecessor-version":[{"id":21754,"href":"https:\/\/internationaleducationcenters.de\/es\/wp-json\/wp\/v2\/product\/7207\/revisions\/21754"}],"wp:featuredmedia":[{"embeddable":true,"href":"https:\/\/internationaleducationcenters.de\/es\/wp-json\/wp\/v2\/media\/7549"}],"wp:attachment":[{"href":"https:\/\/internationaleducationcenters.de\/es\/wp-json\/wp\/v2\/media?parent=7207"}],"wp:term":[{"taxonomy":"product_brand","embeddable":true,"href":"https:\/\/internationaleducationcenters.de\/es\/wp-json\/wp\/v2\/product_brand?post=7207"},{"taxonomy":"product_cat","embeddable":true,"href":"https:\/\/internationaleducationcenters.de\/es\/wp-json\/wp\/v2\/product_cat?post=7207"},{"taxonomy":"product_tag","embeddable":true,"href":"https:\/\/internationaleducationcenters.de\/es\/wp-json\/wp\/v2\/product_tag?post=7207"}],"curies":[{"name":"wp","href":"https:\/\/api.w.org\/{rel}","templated":true}]}}