{"id":7725,"date":"2025-01-13T11:28:48","date_gmt":"2025-01-13T10:28:48","guid":{"rendered":"https:\/\/internationaleducationcenters.de\/?post_type=product&#038;p=7725"},"modified":"2025-11-24T14:46:59","modified_gmt":"2025-11-24T13:46:59","slug":"curso-de-preparacion-de-examenes-telc-aleman-b1-b2-care-kopie","status":"publish","type":"product","link":"https:\/\/internationaleducationcenters.de\/es\/producto\/curso-de-preparacion-de-examenes-telc-aleman-b1-b2-care-kopie\/","title":{"rendered":"Curso de preparaci\u00f3n de ex\u00e1menes telc Alem\u00e1n B1-B2 Care (Kopie)"},"content":{"rendered":"<p><strong>Formaci\u00f3n continua en alem\u00e1n para el sector asistencial<br \/>\nTu formaci\u00f3n ling\u00fc\u00edstica profesional en tiempos de escasez de cualificaciones<br \/>\n<\/strong><\/p>\n<p>\u00bfQuieres hacer el examen de lengua telc-Deutsch B1\/B2 Pflege? \u00bfNecesitas acreditar tus conocimientos de alem\u00e1n para tu trabajo como cuidador? \u00bfBuscas un nuevo reto profesional como cuidador y te gustar\u00eda familiarizarte con los t\u00e9rminos t\u00e9cnicos?<\/p>\n<p>\u00bfTienes un bono de formaci\u00f3n de tu agencia de colocaci\u00f3n?<\/p>\n<p>Entonces, \u00a1nuestro curso de idiomas para cuidadores es perfecto para ti!<\/p>\n<p>En nuestro curso de Alem\u00e1n para Profesiones de Enfermer\u00eda, aprender\u00e1s las destrezas ling\u00fc\u00edsticas necesarias para el trabajo. Tras completar el curso, estar\u00e1s perfectamente preparado para el sector asistencial y podr\u00e1s presentarte al examen oficial de idiomas telc-Deutsch B1\/B2 Pflege en nuestro centro de ex\u00e1menes.<\/p>\n<p><strong>Financiaci\u00f3n \/ Costes<\/strong><\/p>\n<p>Somos un proveedor autorizado seg\u00fan la AZAV. Por tanto, tu participaci\u00f3n puede ser financiada al 100% por la agencia de colocaci\u00f3n o la oficina de empleo a trav\u00e9s de un bono educativo. Por tanto, \u00a1el curso es gratuito para ti!<\/p>\n<p><strong>Tipo de acto<\/strong><\/p>\n<p>Te ofrecemos nuestros cursos de alem\u00e1n para profesiones de enfermer\u00eda con los siguientes tipos de cursos:<\/p>\n<ul>\n<li>Ense\u00f1anza presencial y online como medida con un bono de formaci\u00f3n seg\u00fan \u00a781 SGB III<\/li>\n<\/ul>\n<p><strong>Contenido de tu curso<\/strong><\/p>\n<p>Este curso cubre gram\u00e1tica seleccionada y vocabulario espec\u00edfico del sector para participantes de profesiones m\u00e9dicas, de enfermer\u00eda o comerciales.<\/p>\n<p>Otros contenidos son:<\/p>\n<ul>\n<li>Tramitaci\u00f3n de accidentes, registro, cumplimentaci\u00f3n de formularios de accidentes, etc.<\/li>\n<li>Comprender informes escritos y orales y describir acontecimientos<\/li>\n<li>Documentaci\u00f3n asistencial<\/li>\n<li>Formulario de historial m\u00e9dico<\/li>\n<li>Entrevistas iniciales<\/li>\n<li>Planificaci\u00f3n de los cuidados<\/li>\n<li>Redactar correos electr\u00f3nicos<\/li>\n<li>Alta y traslado de pacientes<\/li>\n<li>Comprender los anuncios de empleo y redactar las solicitudes<\/li>\n<li>Excurso I: El trabajo biogr\u00e1fico en la asistencia E<\/li>\n<li>Excursus II: trayectorias profesionales t\u00edpicas de la asistencia geri\u00e1trica<\/li>\n<li>Trabajar en un equipo internacional<\/li>\n<li>Charla trivial<\/li>\n<li>Procesos y equipos de trabajo<\/li>\n<li>Repetici\u00f3n y ampliaci\u00f3n de la gram\u00e1tica y el vocabulario alemanes en un contexto profesional<\/li>\n<li>Comunicaci\u00f3n en situaciones relacionadas con el trabajo con compa\u00f1eros, superiores y otras personas (clientes, proveedores, etc.)<\/li>\n<li>Editar instrucciones de trabajo<\/li>\n<li>Seguridad laboral, comit\u00e9 de empresa<\/li>\n<li>Contenido de la transferencia de conocimientos profesionales y te\u00f3ricos:<\/li>\n<li>Leyes y condiciones en el sector de la asistencia<\/li>\n<li>Planificaci\u00f3n de las fases de trabajo<\/li>\n<li>Preparaci\u00f3n del lugar de trabajo, teniendo en cuenta los requisitos higi\u00e9nicos y ergon\u00f3micos<\/li>\n<li>Preparativos de trabajo relacionados con la zona<\/li>\n<li>Ense\u00f1anza de competencias profesionales con los siguientes objetivos: &#8211; Conocimiento de los conceptos de cuidados &#8211; B\u00fasqueda y potenciaci\u00f3n de los recursos de autocuidado de las personas necesitadas de cuidados &#8211; Asesoramiento y orientaci\u00f3n &#8211; Reconocimiento de situaciones<\/li>\n<\/ul>\n<p>Ense\u00f1anza de habilidades socio-comunicativas con los siguientes objetivos:<\/p>\n<ul>\n<li>Construir y mantener relaciones profesionales con otras personas<\/li>\n<li>Desarrollar la empat\u00eda hacia los pacientes<\/li>\n<li>Reforzar la capacidad de afrontar los conflictos, la cr\u00edtica, la autorreflexi\u00f3n y la tolerancia a la frustraci\u00f3n<\/li>\n<\/ul>\n<p>Ense\u00f1anza de habilidades metodol\u00f3gicas con los siguientes objetivos<\/p>\n<ul>\n<li>Obtenci\u00f3n y tratamiento de la informaci\u00f3n<\/li>\n<li>Toma de decisiones<\/li>\n<li>Priorizaci\u00f3n<\/li>\n<li>Resoluci\u00f3n sistem\u00e1tica y espec\u00edfica de problemas<\/li>\n<\/ul>\n<p>Ense\u00f1anza de habilidades personales con los siguientes objetivos<\/p>\n<ul>\n<li>Reflexi\u00f3n sobre las actitudes personales ante las cuestiones existenciales y \u00e9ticas<\/li>\n<li>Desarrollar la resistencia al estr\u00e9s para encontrar un buen equilibrio entre cercan\u00eda y distancia<\/li>\n<li>Ejercicios de autorreflexi\u00f3n para evitar el \u00abexceso de rutinizaci\u00f3n\u00bb.<\/li>\n<\/ul>\n<p><strong>TU LUGAR DE APRENDIZAJE Y NUESTRA METODOLOG\u00cdA DE ENSE\u00d1ANZA<\/strong><\/p>\n<p>Aprender\u00e1s -junto con otros participantes en la formaci\u00f3n- utilizando m\u00e9todos modernos de ense\u00f1anza. Con esta mezcla, estar\u00e1s \u00f3ptimamente equipado para la pr\u00e1ctica, tanto profesional como personal. Especialistas altamente cualificados, con amplios conocimientos te\u00f3ricos y experiencia pr\u00e1ctica, est\u00e1n a tu disposici\u00f3n para ense\u00f1arte y supervisarte durante todo el programa de formaci\u00f3n. Nuestros orientadores educativos te acompa\u00f1ar\u00e1n en tu aprendizaje y te ofrecer\u00e1n apoyo y ayuda con todas tus preguntas e inquietudes.<\/p>\n<h4>certificados de idiomas telc e inscripci\u00f3n en ex\u00e1menes<\/h4>\n<p>Si lo deseas, puedes presentarte al examen telc &#8211; Deutsch B1\/B2 Pflege en nuestro centro de ex\u00e1menes certificado directamente despu\u00e9s de tu curso de formaci\u00f3n continua\/profesional de idiomas.<br \/>\nPor supuesto, tambi\u00e9n puedes inscribirte s\u00f3lo para el examen.<br \/>\nSi quieres inscribirte en el examen de idiomas telc en nuestro centro de ex\u00e1menes certificado, haz clic <a href=\"https:\/\/internationaleducationcenters.de\/sprachzertifikate-pruefungsvorbereitung\/telc-language-tests\/telc-deutsch-b1-b2-pflege\/22\/sprachpruefung-telc-deutsch-b1\/b2-pflege\">aqu\u00ed<\/a>.<\/p>\n<p><strong>\u00bfQuieres clases particulares o un grupo individual para tu equipo u organizaci\u00f3n?<\/strong><\/p>\n<p><strong>Para conocer nuestras ofertas de cursos de idiomas individuales, especialmente para centros asistenciales y hospitales, as\u00ed como para participantes en clases individuales, haz clic <\/strong><a href=\"https:\/\/internationaleducationcenters.de\/deutschkurs-fuer-pflegeberufe\"><br \/>\n<strong>aqu\u00ed.<\/strong><br \/>\n<\/a><\/p>\n","protected":false},"excerpt":{"rendered":"<p>Aprende alem\u00e1n para el sector de la asistencia, haz el examen telc B1\/B2 de asistencia y equ\u00edpate de forma \u00f3ptima para trabajar como cuidador.<\/p>\n","protected":false},"featured_media":7521,"comment_status":"closed","ping_status":"closed","template":"","meta":{"_acf_changed":false},"product_brand":[],"product_cat":[284],"product_tag":[286],"class_list":{"0":"post-7725","1":"product","2":"type-product","3":"status-publish","4":"has-post-thumbnail","6":"product_cat-cursos-de-preparacion-de-examenes","7":"product_tag-preparacion","9":"first","10":"instock","11":"purchasable","12":"product-type-simple"},"acf":[],"yoast_head":"<!-- This site is optimized with the Yoast SEO Premium plugin v25.9 (Yoast SEO v26.9) - https:\/\/yoast.com\/product\/yoast-seo-premium-wordpress\/ -->\n<title>Curso de preparaci\u00f3n de ex\u00e1menes telc Alem\u00e1n B1-B2 Care (Kopie) - International Education Centers<\/title>\n<meta name=\"description\" content=\"Curso de preparaci\u00f3n de ex\u00e1menes telc Alem\u00e1n B1-B2 Care\" \/>\n<meta name=\"robots\" content=\"index, follow, max-snippet:-1, max-image-preview:large, max-video-preview:-1\" \/>\n<link rel=\"canonical\" href=\"https:\/\/internationaleducationcenters.de\/es\/producto\/curso-de-preparacion-de-examenes-telc-aleman-b1-b2-care-kopie\/\" \/>\n<meta property=\"og:locale\" content=\"es_ES\" \/>\n<meta property=\"og:type\" content=\"article\" \/>\n<meta property=\"og:title\" content=\"Curso de preparaci\u00f3n de ex\u00e1menes telc Alem\u00e1n B1-B2 Care (Kopie)\" \/>\n<meta property=\"og:description\" content=\"Curso de preparaci\u00f3n de ex\u00e1menes telc Alem\u00e1n B1-B2 Care\" \/>\n<meta property=\"og:url\" content=\"https:\/\/internationaleducationcenters.de\/es\/producto\/curso-de-preparacion-de-examenes-telc-aleman-b1-b2-care-kopie\/\" \/>\n<meta property=\"og:site_name\" content=\"International Education Centers\" \/>\n<meta property=\"article:publisher\" content=\"https:\/\/www.facebook.com\/InternationalEducationCenters\/\" \/>\n<meta property=\"article:modified_time\" content=\"2025-11-24T13:46:59+00:00\" \/>\n<meta property=\"og:image\" content=\"https:\/\/internationaleducationcenters.de\/wp-content\/uploads\/2024\/01\/Deutsch-B2-C1-Pflege.jpg\" \/>\n\t<meta property=\"og:image:width\" content=\"300\" \/>\n\t<meta property=\"og:image:height\" content=\"200\" \/>\n\t<meta property=\"og:image:type\" content=\"image\/jpeg\" \/>\n<meta name=\"twitter:card\" content=\"summary_large_image\" \/>\n<meta name=\"twitter:label1\" content=\"Precio\" \/>\n\t<meta name=\"twitter:data1\" content=\"880,00&nbsp;&euro;\" \/>\n\t<meta name=\"twitter:label2\" content=\"Disponibilidad\" \/>\n\t<meta name=\"twitter:data2\" content=\"Disponible\" \/>\n<script type=\"application\/ld+json\" class=\"yoast-schema-graph\">{\"@context\":\"https:\/\/schema.org\",\"@graph\":[{\"@type\":\"WebPage\",\"@id\":\"https:\/\/internationaleducationcenters.de\/es\/producto\/curso-de-preparacion-de-examenes-telc-aleman-b1-b2-care-kopie\/\",\"url\":\"https:\/\/internationaleducationcenters.de\/es\/producto\/curso-de-preparacion-de-examenes-telc-aleman-b1-b2-care-kopie\/\",\"name\":\"Curso de preparaci\u00f3n de ex\u00e1menes telc Alem\u00e1n B1-B2 Care (Kopie) - International Education Centers\",\"isPartOf\":{\"@id\":\"https:\/\/internationaleducationcenters.de\/es\/#website\"},\"primaryImageOfPage\":{\"@id\":\"https:\/\/internationaleducationcenters.de\/es\/producto\/curso-de-preparacion-de-examenes-telc-aleman-b1-b2-care-kopie\/#primaryimage\"},\"image\":{\"@id\":\"https:\/\/internationaleducationcenters.de\/es\/producto\/curso-de-preparacion-de-examenes-telc-aleman-b1-b2-care-kopie\/#primaryimage\"},\"thumbnailUrl\":\"https:\/\/internationaleducationcenters.de\/wp-content\/uploads\/2024\/01\/Deutsch-B2-C1-Pflege.jpg\",\"datePublished\":\"2025-01-13T10:28:48+00:00\",\"dateModified\":\"2025-11-24T13:46:59+00:00\",\"description\":\"Curso de preparaci\u00f3n de ex\u00e1menes telc Alem\u00e1n B1-B2 Care\",\"breadcrumb\":{\"@id\":\"https:\/\/internationaleducationcenters.de\/es\/producto\/curso-de-preparacion-de-examenes-telc-aleman-b1-b2-care-kopie\/#breadcrumb\"},\"inLanguage\":\"es\",\"potentialAction\":[{\"@type\":\"ReadAction\",\"target\":[\"https:\/\/internationaleducationcenters.de\/es\/producto\/curso-de-preparacion-de-examenes-telc-aleman-b1-b2-care-kopie\/\"]}]},{\"@type\":\"ImageObject\",\"inLanguage\":\"es\",\"@id\":\"https:\/\/internationaleducationcenters.de\/es\/producto\/curso-de-preparacion-de-examenes-telc-aleman-b1-b2-care-kopie\/#primaryimage\",\"url\":\"https:\/\/internationaleducationcenters.de\/wp-content\/uploads\/2024\/01\/Deutsch-B2-C1-Pflege.jpg\",\"contentUrl\":\"https:\/\/internationaleducationcenters.de\/wp-content\/uploads\/2024\/01\/Deutsch-B2-C1-Pflege.jpg\",\"width\":300,\"height\":200,\"caption\":\"Deutsch-B2-C1-Pflege\"},{\"@type\":\"BreadcrumbList\",\"@id\":\"https:\/\/internationaleducationcenters.de\/es\/producto\/curso-de-preparacion-de-examenes-telc-aleman-b1-b2-care-kopie\/#breadcrumb\",\"itemListElement\":[{\"@type\":\"ListItem\",\"position\":1,\"name\":\"Home\",\"item\":\"https:\/\/internationaleducationcenters.de\/es\/\"},{\"@type\":\"ListItem\",\"position\":2,\"name\":\"Tienda\",\"item\":\"https:\/\/internationaleducationcenters.de\/es\/shop\/\"},{\"@type\":\"ListItem\",\"position\":3,\"name\":\"Curso de preparaci\u00f3n de ex\u00e1menes telc Alem\u00e1n B1-B2 Care (Kopie)\"}]},{\"@type\":\"WebSite\",\"@id\":\"https:\/\/internationaleducationcenters.de\/es\/#website\",\"url\":\"https:\/\/internationaleducationcenters.de\/es\/\",\"name\":\"International Education Centers\",\"description\":\"\",\"publisher\":{\"@id\":\"https:\/\/internationaleducationcenters.de\/es\/#organization\"},\"potentialAction\":[{\"@type\":\"SearchAction\",\"target\":{\"@type\":\"EntryPoint\",\"urlTemplate\":\"https:\/\/internationaleducationcenters.de\/es\/?s={search_term_string}\"},\"query-input\":{\"@type\":\"PropertyValueSpecification\",\"valueRequired\":true,\"valueName\":\"search_term_string\"}}],\"inLanguage\":\"es\"},{\"@type\":\"Organization\",\"@id\":\"https:\/\/internationaleducationcenters.de\/es\/#organization\",\"name\":\"International Education Centers\",\"alternateName\":\"IEC\",\"url\":\"https:\/\/internationaleducationcenters.de\/es\/\",\"logo\":{\"@type\":\"ImageObject\",\"inLanguage\":\"es\",\"@id\":\"https:\/\/internationaleducationcenters.de\/es\/#\/schema\/logo\/image\/\",\"url\":\"https:\/\/internationaleducationcenters.de\/wp-content\/uploads\/2025\/08\/IEC_favicon-1.png\",\"contentUrl\":\"https:\/\/internationaleducationcenters.de\/wp-content\/uploads\/2025\/08\/IEC_favicon-1.png\",\"width\":512,\"height\":512,\"caption\":\"International Education Centers\"},\"image\":{\"@id\":\"https:\/\/internationaleducationcenters.de\/es\/#\/schema\/logo\/image\/\"},\"sameAs\":[\"https:\/\/www.facebook.com\/InternationalEducationCenters\/\"]}]}<\/script>\n<meta property=\"product:price:amount\" content=\"880.00\" \/>\n<meta property=\"product:price:currency\" content=\"EUR\" \/>\n<meta property=\"og:availability\" content=\"instock\" \/>\n<meta property=\"product:availability\" content=\"instock\" \/>\n<meta property=\"product:condition\" content=\"new\" \/>\n<!-- \/ Yoast SEO Premium plugin. -->","yoast_head_json":{"title":"Curso de preparaci\u00f3n de ex\u00e1menes telc Alem\u00e1n B1-B2 Care (Kopie) - International Education Centers","description":"Curso de preparaci\u00f3n de ex\u00e1menes telc Alem\u00e1n B1-B2 Care","robots":{"index":"index","follow":"follow","max-snippet":"max-snippet:-1","max-image-preview":"max-image-preview:large","max-video-preview":"max-video-preview:-1"},"canonical":"https:\/\/internationaleducationcenters.de\/es\/producto\/curso-de-preparacion-de-examenes-telc-aleman-b1-b2-care-kopie\/","og_locale":"es_ES","og_type":"article","og_title":"Curso de preparaci\u00f3n de ex\u00e1menes telc Alem\u00e1n B1-B2 Care (Kopie)","og_description":"Curso de preparaci\u00f3n de ex\u00e1menes telc Alem\u00e1n B1-B2 Care","og_url":"https:\/\/internationaleducationcenters.de\/es\/producto\/curso-de-preparacion-de-examenes-telc-aleman-b1-b2-care-kopie\/","og_site_name":"International Education Centers","article_publisher":"https:\/\/www.facebook.com\/InternationalEducationCenters\/","article_modified_time":"2025-11-24T13:46:59+00:00","og_image":[{"width":300,"height":200,"url":"https:\/\/internationaleducationcenters.de\/wp-content\/uploads\/2024\/01\/Deutsch-B2-C1-Pflege.jpg","type":"image\/jpeg"}],"twitter_card":"summary_large_image","twitter_misc":{"Precio":"880,00&nbsp;&euro;","Disponibilidad":"Disponible"},"schema":{"@context":"https:\/\/schema.org","@graph":[{"@type":"WebPage","@id":"https:\/\/internationaleducationcenters.de\/es\/producto\/curso-de-preparacion-de-examenes-telc-aleman-b1-b2-care-kopie\/","url":"https:\/\/internationaleducationcenters.de\/es\/producto\/curso-de-preparacion-de-examenes-telc-aleman-b1-b2-care-kopie\/","name":"Curso de preparaci\u00f3n de ex\u00e1menes telc Alem\u00e1n B1-B2 Care (Kopie) - International Education Centers","isPartOf":{"@id":"https:\/\/internationaleducationcenters.de\/es\/#website"},"primaryImageOfPage":{"@id":"https:\/\/internationaleducationcenters.de\/es\/producto\/curso-de-preparacion-de-examenes-telc-aleman-b1-b2-care-kopie\/#primaryimage"},"image":{"@id":"https:\/\/internationaleducationcenters.de\/es\/producto\/curso-de-preparacion-de-examenes-telc-aleman-b1-b2-care-kopie\/#primaryimage"},"thumbnailUrl":"https:\/\/internationaleducationcenters.de\/wp-content\/uploads\/2024\/01\/Deutsch-B2-C1-Pflege.jpg","datePublished":"2025-01-13T10:28:48+00:00","dateModified":"2025-11-24T13:46:59+00:00","description":"Curso de preparaci\u00f3n de ex\u00e1menes telc Alem\u00e1n B1-B2 Care","breadcrumb":{"@id":"https:\/\/internationaleducationcenters.de\/es\/producto\/curso-de-preparacion-de-examenes-telc-aleman-b1-b2-care-kopie\/#breadcrumb"},"inLanguage":"es","potentialAction":[{"@type":"ReadAction","target":["https:\/\/internationaleducationcenters.de\/es\/producto\/curso-de-preparacion-de-examenes-telc-aleman-b1-b2-care-kopie\/"]}]},{"@type":"ImageObject","inLanguage":"es","@id":"https:\/\/internationaleducationcenters.de\/es\/producto\/curso-de-preparacion-de-examenes-telc-aleman-b1-b2-care-kopie\/#primaryimage","url":"https:\/\/internationaleducationcenters.de\/wp-content\/uploads\/2024\/01\/Deutsch-B2-C1-Pflege.jpg","contentUrl":"https:\/\/internationaleducationcenters.de\/wp-content\/uploads\/2024\/01\/Deutsch-B2-C1-Pflege.jpg","width":300,"height":200,"caption":"Deutsch-B2-C1-Pflege"},{"@type":"BreadcrumbList","@id":"https:\/\/internationaleducationcenters.de\/es\/producto\/curso-de-preparacion-de-examenes-telc-aleman-b1-b2-care-kopie\/#breadcrumb","itemListElement":[{"@type":"ListItem","position":1,"name":"Home","item":"https:\/\/internationaleducationcenters.de\/es\/"},{"@type":"ListItem","position":2,"name":"Tienda","item":"https:\/\/internationaleducationcenters.de\/es\/shop\/"},{"@type":"ListItem","position":3,"name":"Curso de preparaci\u00f3n de ex\u00e1menes telc Alem\u00e1n B1-B2 Care (Kopie)"}]},{"@type":"WebSite","@id":"https:\/\/internationaleducationcenters.de\/es\/#website","url":"https:\/\/internationaleducationcenters.de\/es\/","name":"International Education Centers","description":"","publisher":{"@id":"https:\/\/internationaleducationcenters.de\/es\/#organization"},"potentialAction":[{"@type":"SearchAction","target":{"@type":"EntryPoint","urlTemplate":"https:\/\/internationaleducationcenters.de\/es\/?s={search_term_string}"},"query-input":{"@type":"PropertyValueSpecification","valueRequired":true,"valueName":"search_term_string"}}],"inLanguage":"es"},{"@type":"Organization","@id":"https:\/\/internationaleducationcenters.de\/es\/#organization","name":"International Education Centers","alternateName":"IEC","url":"https:\/\/internationaleducationcenters.de\/es\/","logo":{"@type":"ImageObject","inLanguage":"es","@id":"https:\/\/internationaleducationcenters.de\/es\/#\/schema\/logo\/image\/","url":"https:\/\/internationaleducationcenters.de\/wp-content\/uploads\/2025\/08\/IEC_favicon-1.png","contentUrl":"https:\/\/internationaleducationcenters.de\/wp-content\/uploads\/2025\/08\/IEC_favicon-1.png","width":512,"height":512,"caption":"International Education Centers"},"image":{"@id":"https:\/\/internationaleducationcenters.de\/es\/#\/schema\/logo\/image\/"},"sameAs":["https:\/\/www.facebook.com\/InternationalEducationCenters\/"]}]},"product_price_amount":"880.00","product_price_currency":"EUR","og_availability":"instock","product_availability":"instock","product_condition":"new"},"_links":{"self":[{"href":"https:\/\/internationaleducationcenters.de\/es\/wp-json\/wp\/v2\/product\/7725","targetHints":{"allow":["GET"]}}],"collection":[{"href":"https:\/\/internationaleducationcenters.de\/es\/wp-json\/wp\/v2\/product"}],"about":[{"href":"https:\/\/internationaleducationcenters.de\/es\/wp-json\/wp\/v2\/types\/product"}],"replies":[{"embeddable":true,"href":"https:\/\/internationaleducationcenters.de\/es\/wp-json\/wp\/v2\/comments?post=7725"}],"version-history":[{"count":2,"href":"https:\/\/internationaleducationcenters.de\/es\/wp-json\/wp\/v2\/product\/7725\/revisions"}],"predecessor-version":[{"id":21122,"href":"https:\/\/internationaleducationcenters.de\/es\/wp-json\/wp\/v2\/product\/7725\/revisions\/21122"}],"wp:featuredmedia":[{"embeddable":true,"href":"https:\/\/internationaleducationcenters.de\/es\/wp-json\/wp\/v2\/media\/7521"}],"wp:attachment":[{"href":"https:\/\/internationaleducationcenters.de\/es\/wp-json\/wp\/v2\/media?parent=7725"}],"wp:term":[{"taxonomy":"product_brand","embeddable":true,"href":"https:\/\/internationaleducationcenters.de\/es\/wp-json\/wp\/v2\/product_brand?post=7725"},{"taxonomy":"product_cat","embeddable":true,"href":"https:\/\/internationaleducationcenters.de\/es\/wp-json\/wp\/v2\/product_cat?post=7725"},{"taxonomy":"product_tag","embeddable":true,"href":"https:\/\/internationaleducationcenters.de\/es\/wp-json\/wp\/v2\/product_tag?post=7725"}],"curies":[{"name":"wp","href":"https:\/\/api.w.org\/{rel}","templated":true}]}}