{"id":18407,"date":"2024-04-04T15:09:00","date_gmt":"2024-04-04T13:09:00","guid":{"rendered":"https:\/\/internationaleducationcenters.de\/mentions-legales\/"},"modified":"2025-11-03T11:22:45","modified_gmt":"2025-11-03T10:22:45","slug":"mentions-legales","status":"publish","type":"page","link":"https:\/\/internationaleducationcenters.de\/fr\/mentions-legales\/","title":{"rendered":"Mentions l\u00e9gales"},"content":{"rendered":"\t\t<div data-elementor-type=\"wp-page\" data-elementor-id=\"18407\" class=\"elementor elementor-18407 elementor-2333\" data-elementor-post-type=\"page\">\n\t\t\t\t<div class=\"elementor-element elementor-element-35332699 e-flex e-con-boxed e-con e-parent\" data-id=\"35332699\" data-element_type=\"container\" data-e-type=\"container\" data-settings=\"{&quot;background_background&quot;:&quot;gradient&quot;}\">\n\t\t\t\t\t<div class=\"e-con-inner\">\n\t\t\t\t\t<\/div>\n\t\t\t\t<\/div>\n\t\t<div class=\"elementor-element elementor-element-4273399a e-con-full e-flex e-con e-parent\" data-id=\"4273399a\" data-element_type=\"container\" data-e-type=\"container\">\n\t\t\t\t<div class=\"elementor-element elementor-element-6caf01ff elementor-widget elementor-widget-heading\" data-id=\"6caf01ff\" data-element_type=\"widget\" data-e-type=\"widget\" data-widget_type=\"heading.default\">\n\t\t\t\t<div class=\"elementor-widget-container\">\n\t\t\t\t\t<h2 class=\"elementor-heading-title elementor-size-default\">Vos mentions l\u00e9gales  <\/h2>\t\t\t\t<\/div>\n\t\t\t\t<\/div>\n\t\t\t\t<div class=\"elementor-element elementor-element-7a535744 elementor-widget elementor-widget-text-editor\" data-id=\"7a535744\" data-element_type=\"widget\" data-e-type=\"widget\" data-widget_type=\"text-editor.default\">\n\t\t\t\t<div class=\"elementor-widget-container\">\n\t\t\t\t\t\t\t\t\t<p><span class=\"TextRun SCXW33094049 BCX8\" lang=\"DE-DE\" xml:lang=\"DE-DE\" data-contrast=\"auto\"><span class=\"NormalTextRun SCXW33094049 BCX8\" data-ccp-parastyle=\"Body Text\">Vous trouverez ci-dessous les informations requises par la loi concernant le fournisseur de ce site web.<\/span><\/span><span class=\"EOP SCXW33094049 BCX8\" data-ccp-props=\"{\"201341983\":0,\"335559737\":439,\"335559738\":283,\"335559740\":249}\"> <\/span><\/p><p><span data-contrast=\"auto\">IEC &#8211; International Education Centers GmbH Lise-Meitner Str.<\/span><span data-ccp-props=\"{\"201341983\":0,\"335559685\":400,\"335559737\":6066,\"335559738\":284,\"335559740\":249}\"> <\/span><\/p><p><span data-contrast=\"auto\">5-9<\/span><span data-ccp-props=\"{\"201341983\":1,\"335559685\":400,\"335559740\":239}\"> <\/span><\/p><p><span data-contrast=\"auto\">42119 Wuppertal<\/span><span data-ccp-props=\"{\"335559685\":400,\"335559738\":8}\"> <\/span><\/p><p><span data-ccp-props=\"{\"335559738\":17}\"> <\/span><\/p><p><span data-contrast=\"auto\">Registre du commerce : HRB 26351<\/span><span data-ccp-props=\"{\"201341983\":0,\"335559685\":400,\"335559737\":5529,\"335559738\":1,\"335559740\":249}\"> <\/span><\/p><p><span data-contrast=\"auto\">Tribunal d&rsquo;enregistrement : Tribunal d&rsquo;instance de Wuppertal<\/span><span data-ccp-props=\"{\"201341983\":0,\"335559685\":400,\"335559737\":5529,\"335559738\":1,\"335559740\":249}\"> <\/span><\/p><p><span data-ccp-props=\"{\"335559738\":6}\"> <\/span><\/p><p><b><span data-contrast=\"auto\">Repr\u00e9sent\u00e9 par :<\/span><\/b><span data-ccp-props=\"{\"335559685\":400}\"> <\/span><\/p><p><span data-contrast=\"auto\">\u00c9conomiste dipl\u00f4m\u00e9e Yasemin Sahin <\/span><span data-ccp-props=\"{\"201341983\":0,\"335559685\":400,\"335559737\":6436,\"335559738\":9,\"335559740\":249}\"> <\/span><\/p><p><span data-ccp-props=\"{\"335559738\":7}\"> <\/span><\/p><p aria-level=\"2\"><b><span data-contrast=\"auto\">Contact<\/span><\/b><span data-ccp-props=\"{\"335559685\":400}\"> <\/span><\/p><p><span data-contrast=\"auto\">T\u00e9l\u00e9phone : +49 (202) 261 58 77 0<\/span><span data-ccp-props=\"{\"335559685\":400,\"335559738\":263}\"> <\/span><\/p><p><span data-contrast=\"auto\">Courrier \u00e9lectronique : <\/span><a href=\"mailto:info@internationaleducationcenters.de\"><span data-contrast=\"auto\">info@internationaleducationcenters.de<\/span><\/a><span data-ccp-props=\"{\"335559685\":400,\"335559738\":8}\"> <\/span><\/p><p><span data-ccp-props=\"{\"335559738\":19}\"> <\/span><\/p><p aria-level=\"2\"><b><span data-contrast=\"auto\">Num\u00e9ro d&rsquo;identification \u00e9conomique<\/span><\/b><span data-ccp-props=\"{\"335559685\":400}\"> <\/span><\/p><p><span data-contrast=\"auto\">FR431184793<\/span><span data-ccp-props=\"{\"335559685\":400,\"335559738\":262}\"> <\/span><\/p><p><span data-ccp-props=\"{\"335559738\":19}\"> <\/span><\/p><p aria-level=\"2\"><b><span data-contrast=\"auto\">R\u00e8glement des litiges de consommation\/organe de conciliation universel<\/span><\/b><span data-ccp-props=\"{\"335559685\":400}\"> <\/span><\/p><p><span data-contrast=\"auto\">Nous participons \u00e0 une proc\u00e9dure de r\u00e8glement des litiges devant un organisme de conciliation des consommateurs. L&rsquo;organisme comp\u00e9tent est l&rsquo;organisme de conciliation universel du Zentrums f\u00fcr Schlichtung e.V., Strasburger Stra\u00dfe 8, 77694 Kehl am Rhein ( <\/span><span data-ccp-props=\"{\"201341983\":0,\"335559685\":400,\"335559737\":439,\"335559738\":262,\"335559740\":249}\"> <\/span><\/p><p><a href=\"https:\/\/www.verbraucher-schlichter.de\/\"><span data-contrast=\"none\">https:\/\/www.verbraucher-schlichter.de<\/span><\/a><span data-contrast=\"auto\">).<\/span><span data-ccp-props=\"{\"201341983\":1,\"335559685\":400,\"335559740\":238}\"> <\/span><\/p><p><span data-ccp-props=\"{\"335559738\":19}\"> <\/span><\/p><p aria-level=\"2\"><b><span data-contrast=\"auto\">Point de contact central en vertu de la loi sur les services num\u00e9riques &#8211; DSA (r\u00e8glement (UE) 2022\/265)<\/span><\/b><span data-ccp-props=\"{\"201341983\":0,\"335559685\":400,\"335559740\":249}\"> <\/span><\/p><p><span data-contrast=\"auto\">Vous pouvez contacter notre point de contact central pour les utilisateurs et les autorit\u00e9s en vertu des articles 11 et 12 de la DSA comme suit : E-mail : <\/span><a href=\"mailto:dataprivacy@internationaleducationcenters.de\"><span data-contrast=\"auto\">dataprivacy@internationaleducationcenters.de<\/span><\/a><span data-ccp-props=\"{\"201341983\":1,\"335559685\":400,\"335559737\":1229,\"335559738\":45,\"335559740\":500}\"> <\/span><\/p><p><span data-contrast=\"auto\">T\u00e9l\u00e9phone : +49 (202)261 58 770<\/span><span data-ccp-props=\"{\"201341983\":1,\"335559685\":400,\"335559740\":191}\"> <\/span><\/p><p><span data-contrast=\"auto\">5-9  <\/span><span data-ccp-props=\"{}\"> <\/span><\/p><p><span data-contrast=\"auto\">42119 Wuppertal  <\/span><span data-ccp-props=\"{}\"> <\/span><\/p><p><span data-contrast=\"auto\"> <\/span><span data-ccp-props=\"{}\"> <\/span><\/p><p><span data-contrast=\"auto\">Registre du commerce : HRB 26351  <\/span><span data-ccp-props=\"{}\"> <\/span><\/p><p><span data-contrast=\"auto\">Tribunal d&rsquo;enregistrement : Tribunal d&rsquo;instance de Wuppertal  <\/span><span data-ccp-props=\"{}\"> <\/span><\/p><p><span data-contrast=\"auto\"> <\/span><span data-ccp-props=\"{}\"> <\/span><\/p><p><span data-contrast=\"auto\">Repr\u00e9sent\u00e9 par :  <\/span><span data-ccp-props=\"{}\"> <\/span><\/p><p><span data-contrast=\"auto\">\u00c9conomiste dipl\u00f4m\u00e9e Yasemin Sahin   <\/span><span data-ccp-props=\"{}\"> <\/span><\/p><p><span data-contrast=\"auto\"> <\/span><span data-ccp-props=\"{}\"> <\/span><\/p><p><span data-contrast=\"auto\">Contact  <\/span><span data-ccp-props=\"{}\"> <\/span><\/p><p><span data-contrast=\"auto\">T\u00e9l\u00e9phone : +49 (202) 261 58 77 0  <\/span><span data-ccp-props=\"{}\"> <\/span><\/p><p><span data-contrast=\"auto\">Courrier \u00e9lectronique : info@internationaleducationcenters.de  <\/span><span data-ccp-props=\"{}\"> <\/span><\/p><p><span data-contrast=\"auto\"> <\/span><span data-ccp-props=\"{}\"> <\/span><\/p><p><span data-contrast=\"auto\">Num\u00e9ro d&rsquo;identification \u00e9conomique  <\/span><span data-ccp-props=\"{}\"> <\/span><\/p><p><span data-contrast=\"auto\">FR431184793  <\/span><span data-ccp-props=\"{}\"> <\/span><\/p><p><span data-contrast=\"auto\"> <\/span><span data-ccp-props=\"{}\"> <\/span><\/p><p><span data-contrast=\"auto\">R\u00e8glement des litiges de consommation\/organe de conciliation universel  <\/span><span data-ccp-props=\"{}\"> <\/span><\/p><p><span data-contrast=\"auto\">Nous participons \u00e0 une proc\u00e9dure de r\u00e8glement des litiges devant un organisme de conciliation des consommateurs. L&rsquo;organisme comp\u00e9tent est l&rsquo;organisme de conciliation universel du Zentrums f\u00fcr Schlichtung e.V., Strasburger Stra\u00dfe 8, 77694 Kehl am Rhein (   <\/span><span data-ccp-props=\"{}\"> <\/span><\/p><p><span data-contrast=\"auto\">https:\/\/www.verbraucher-schlichter.de).\n <\/span><span data-ccp-props=\"{}\"> <\/span><\/p><p><span data-contrast=\"auto\"> <\/span><span data-ccp-props=\"{}\"> <\/span><\/p><p><span data-contrast=\"auto\">Point de contact central en vertu de la loi sur les services num\u00e9riques &#8211; DSA (r\u00e8glement (UE) 2022\/265)  <\/span><span data-ccp-props=\"{}\"> <\/span><\/p><p><span data-contrast=\"auto\">Vous pouvez contacter notre point de contact central pour les utilisateurs et les autorit\u00e9s en vertu des articles 11 et 12 de la DSA comme suit :<br>EMail:dataprivacy@internationaleducationcenters.de  <\/span><span data-ccp-props=\"{}\"> <\/span><\/p><p><span data-contrast=\"auto\">T\u00e9l\u00e9phone : +49 (202)261 58 770  <\/span><span data-ccp-props=\"{}\"> <\/span><\/p><p><span data-contrast=\"auto\"> <\/span><span data-ccp-props=\"{}\"> <\/span><\/p><p><span data-ccp-props=\"{\"201341983\":1,\"335559685\":400,\"335559740\":191}\"> <\/span><\/p>\t\t\t\t\t\t\t\t<\/div>\n\t\t\t\t<\/div>\n\t\t\t\t<\/div>\n\t\t\t\t<\/div>\n\t\t","protected":false},"excerpt":{"rendered":"<p>Vos mentions l\u00e9gales Vous trouverez ci-dessous les informations requises par la loi concernant le fournisseur de ce site web. IEC &#8211; International Education Centers GmbH Lise-Meitner Str. 5-9 42119 Wuppertal Registre du commerce : HRB 26351 Tribunal d&rsquo;enregistrement : Tribunal d&rsquo;instance de Wuppertal Repr\u00e9sent\u00e9 par : \u00c9conomiste dipl\u00f4m\u00e9e Yasemin Sahin Contact T\u00e9l\u00e9phone : +49 (202) [&hellip;]<\/p>\n","protected":false},"author":6,"featured_media":0,"parent":0,"menu_order":0,"comment_status":"closed","ping_status":"closed","template":"","meta":{"_acf_changed":false,"footnotes":""},"class_list":["post-18407","page","type-page","status-publish","hentry"],"acf":[],"yoast_head":"<!-- This site is optimized with the Yoast SEO Premium plugin v25.9 (Yoast SEO v26.9) - https:\/\/yoast.com\/product\/yoast-seo-premium-wordpress\/ -->\n<title>Mentions l\u00e9gales - International Education Centers<\/title>\n<meta name=\"description\" content=\"D\u00e9couvrez toutes les informations importantes sur les mentions l\u00e9gales d&#039;IEC-International Education Centers GmbH conform\u00e9ment au \u00a7 5 de la loi sur les t\u00e9l\u00e9m\u00e9dias.\" \/>\n<meta name=\"robots\" content=\"index, follow, max-snippet:-1, max-image-preview:large, max-video-preview:-1\" \/>\n<link rel=\"canonical\" href=\"https:\/\/internationaleducationcenters.de\/fr\/mentions-legales\/\" \/>\n<meta property=\"og:locale\" content=\"fr_FR\" \/>\n<meta property=\"og:type\" content=\"article\" \/>\n<meta property=\"og:title\" content=\"Mentions l\u00e9gales\" \/>\n<meta property=\"og:description\" content=\"D\u00e9couvrez toutes les informations importantes sur les mentions l\u00e9gales d&#039;IEC-International Education Centers GmbH conform\u00e9ment au \u00a7 5 de la loi sur les t\u00e9l\u00e9m\u00e9dias.\" \/>\n<meta property=\"og:url\" content=\"https:\/\/internationaleducationcenters.de\/fr\/mentions-legales\/\" \/>\n<meta property=\"og:site_name\" content=\"International Education Centers\" \/>\n<meta property=\"article:publisher\" content=\"https:\/\/www.facebook.com\/InternationalEducationCenters\/\" \/>\n<meta property=\"article:modified_time\" content=\"2025-11-03T10:22:45+00:00\" \/>\n<meta name=\"twitter:card\" content=\"summary_large_image\" \/>\n<meta name=\"twitter:label1\" content=\"Dur\u00e9e de lecture estim\u00e9e\" \/>\n\t<meta name=\"twitter:data1\" content=\"2 minutes\" \/>\n<script type=\"application\/ld+json\" class=\"yoast-schema-graph\">{\"@context\":\"https:\/\/schema.org\",\"@graph\":[{\"@type\":\"WebPage\",\"@id\":\"https:\/\/internationaleducationcenters.de\/fr\/mentions-legales\/\",\"url\":\"https:\/\/internationaleducationcenters.de\/fr\/mentions-legales\/\",\"name\":\"Mentions l\u00e9gales - International Education Centers\",\"isPartOf\":{\"@id\":\"https:\/\/internationaleducationcenters.de\/fr\/#website\"},\"datePublished\":\"2024-04-04T13:09:00+00:00\",\"dateModified\":\"2025-11-03T10:22:45+00:00\",\"description\":\"D\u00e9couvrez toutes les informations importantes sur les mentions l\u00e9gales d'IEC-International Education Centers GmbH conform\u00e9ment au \u00a7 5 de la loi sur les t\u00e9l\u00e9m\u00e9dias.\",\"breadcrumb\":{\"@id\":\"https:\/\/internationaleducationcenters.de\/fr\/mentions-legales\/#breadcrumb\"},\"inLanguage\":\"fr-FR\",\"potentialAction\":[{\"@type\":\"ReadAction\",\"target\":[\"https:\/\/internationaleducationcenters.de\/fr\/mentions-legales\/\"]}]},{\"@type\":\"BreadcrumbList\",\"@id\":\"https:\/\/internationaleducationcenters.de\/fr\/mentions-legales\/#breadcrumb\",\"itemListElement\":[{\"@type\":\"ListItem\",\"position\":1,\"name\":\"Home\",\"item\":\"https:\/\/internationaleducationcenters.de\/fr\/\"},{\"@type\":\"ListItem\",\"position\":2,\"name\":\"Mentions l\u00e9gales\"}]},{\"@type\":\"WebSite\",\"@id\":\"https:\/\/internationaleducationcenters.de\/fr\/#website\",\"url\":\"https:\/\/internationaleducationcenters.de\/fr\/\",\"name\":\"International Education Centers\",\"description\":\"\",\"publisher\":{\"@id\":\"https:\/\/internationaleducationcenters.de\/fr\/#organization\"},\"potentialAction\":[{\"@type\":\"SearchAction\",\"target\":{\"@type\":\"EntryPoint\",\"urlTemplate\":\"https:\/\/internationaleducationcenters.de\/fr\/?s={search_term_string}\"},\"query-input\":{\"@type\":\"PropertyValueSpecification\",\"valueRequired\":true,\"valueName\":\"search_term_string\"}}],\"inLanguage\":\"fr-FR\"},{\"@type\":\"Organization\",\"@id\":\"https:\/\/internationaleducationcenters.de\/fr\/#organization\",\"name\":\"International Education Centers\",\"alternateName\":\"IEC\",\"url\":\"https:\/\/internationaleducationcenters.de\/fr\/\",\"logo\":{\"@type\":\"ImageObject\",\"inLanguage\":\"fr-FR\",\"@id\":\"https:\/\/internationaleducationcenters.de\/fr\/#\/schema\/logo\/image\/\",\"url\":\"https:\/\/internationaleducationcenters.de\/wp-content\/uploads\/2025\/08\/IEC_favicon-1.png\",\"contentUrl\":\"https:\/\/internationaleducationcenters.de\/wp-content\/uploads\/2025\/08\/IEC_favicon-1.png\",\"width\":512,\"height\":512,\"caption\":\"International Education Centers\"},\"image\":{\"@id\":\"https:\/\/internationaleducationcenters.de\/fr\/#\/schema\/logo\/image\/\"},\"sameAs\":[\"https:\/\/www.facebook.com\/InternationalEducationCenters\/\"]}]}<\/script>\n<!-- \/ Yoast SEO Premium plugin. -->","yoast_head_json":{"title":"Mentions l\u00e9gales - International Education Centers","description":"D\u00e9couvrez toutes les informations importantes sur les mentions l\u00e9gales d'IEC-International Education Centers GmbH conform\u00e9ment au \u00a7 5 de la loi sur les t\u00e9l\u00e9m\u00e9dias.","robots":{"index":"index","follow":"follow","max-snippet":"max-snippet:-1","max-image-preview":"max-image-preview:large","max-video-preview":"max-video-preview:-1"},"canonical":"https:\/\/internationaleducationcenters.de\/fr\/mentions-legales\/","og_locale":"fr_FR","og_type":"article","og_title":"Mentions l\u00e9gales","og_description":"D\u00e9couvrez toutes les informations importantes sur les mentions l\u00e9gales d'IEC-International Education Centers GmbH conform\u00e9ment au \u00a7 5 de la loi sur les t\u00e9l\u00e9m\u00e9dias.","og_url":"https:\/\/internationaleducationcenters.de\/fr\/mentions-legales\/","og_site_name":"International Education Centers","article_publisher":"https:\/\/www.facebook.com\/InternationalEducationCenters\/","article_modified_time":"2025-11-03T10:22:45+00:00","twitter_card":"summary_large_image","twitter_misc":{"Dur\u00e9e de lecture estim\u00e9e":"2 minutes"},"schema":{"@context":"https:\/\/schema.org","@graph":[{"@type":"WebPage","@id":"https:\/\/internationaleducationcenters.de\/fr\/mentions-legales\/","url":"https:\/\/internationaleducationcenters.de\/fr\/mentions-legales\/","name":"Mentions l\u00e9gales - International Education Centers","isPartOf":{"@id":"https:\/\/internationaleducationcenters.de\/fr\/#website"},"datePublished":"2024-04-04T13:09:00+00:00","dateModified":"2025-11-03T10:22:45+00:00","description":"D\u00e9couvrez toutes les informations importantes sur les mentions l\u00e9gales d'IEC-International Education Centers GmbH conform\u00e9ment au \u00a7 5 de la loi sur les t\u00e9l\u00e9m\u00e9dias.","breadcrumb":{"@id":"https:\/\/internationaleducationcenters.de\/fr\/mentions-legales\/#breadcrumb"},"inLanguage":"fr-FR","potentialAction":[{"@type":"ReadAction","target":["https:\/\/internationaleducationcenters.de\/fr\/mentions-legales\/"]}]},{"@type":"BreadcrumbList","@id":"https:\/\/internationaleducationcenters.de\/fr\/mentions-legales\/#breadcrumb","itemListElement":[{"@type":"ListItem","position":1,"name":"Home","item":"https:\/\/internationaleducationcenters.de\/fr\/"},{"@type":"ListItem","position":2,"name":"Mentions l\u00e9gales"}]},{"@type":"WebSite","@id":"https:\/\/internationaleducationcenters.de\/fr\/#website","url":"https:\/\/internationaleducationcenters.de\/fr\/","name":"International Education Centers","description":"","publisher":{"@id":"https:\/\/internationaleducationcenters.de\/fr\/#organization"},"potentialAction":[{"@type":"SearchAction","target":{"@type":"EntryPoint","urlTemplate":"https:\/\/internationaleducationcenters.de\/fr\/?s={search_term_string}"},"query-input":{"@type":"PropertyValueSpecification","valueRequired":true,"valueName":"search_term_string"}}],"inLanguage":"fr-FR"},{"@type":"Organization","@id":"https:\/\/internationaleducationcenters.de\/fr\/#organization","name":"International Education Centers","alternateName":"IEC","url":"https:\/\/internationaleducationcenters.de\/fr\/","logo":{"@type":"ImageObject","inLanguage":"fr-FR","@id":"https:\/\/internationaleducationcenters.de\/fr\/#\/schema\/logo\/image\/","url":"https:\/\/internationaleducationcenters.de\/wp-content\/uploads\/2025\/08\/IEC_favicon-1.png","contentUrl":"https:\/\/internationaleducationcenters.de\/wp-content\/uploads\/2025\/08\/IEC_favicon-1.png","width":512,"height":512,"caption":"International Education Centers"},"image":{"@id":"https:\/\/internationaleducationcenters.de\/fr\/#\/schema\/logo\/image\/"},"sameAs":["https:\/\/www.facebook.com\/InternationalEducationCenters\/"]}]}},"_links":{"self":[{"href":"https:\/\/internationaleducationcenters.de\/fr\/wp-json\/wp\/v2\/pages\/18407","targetHints":{"allow":["GET"]}}],"collection":[{"href":"https:\/\/internationaleducationcenters.de\/fr\/wp-json\/wp\/v2\/pages"}],"about":[{"href":"https:\/\/internationaleducationcenters.de\/fr\/wp-json\/wp\/v2\/types\/page"}],"author":[{"embeddable":true,"href":"https:\/\/internationaleducationcenters.de\/fr\/wp-json\/wp\/v2\/users\/6"}],"replies":[{"embeddable":true,"href":"https:\/\/internationaleducationcenters.de\/fr\/wp-json\/wp\/v2\/comments?post=18407"}],"version-history":[{"count":1,"href":"https:\/\/internationaleducationcenters.de\/fr\/wp-json\/wp\/v2\/pages\/18407\/revisions"}],"predecessor-version":[{"id":18409,"href":"https:\/\/internationaleducationcenters.de\/fr\/wp-json\/wp\/v2\/pages\/18407\/revisions\/18409"}],"wp:attachment":[{"href":"https:\/\/internationaleducationcenters.de\/fr\/wp-json\/wp\/v2\/media?parent=18407"}],"curies":[{"name":"wp","href":"https:\/\/api.w.org\/{rel}","templated":true}]}}