{"id":18743,"date":"2025-10-09T10:39:53","date_gmt":"2025-10-09T08:39:53","guid":{"rendered":"https:\/\/internationaleducationcenters.de\/bon-dactivation-et-de-placement-avgs\/"},"modified":"2025-11-03T13:24:42","modified_gmt":"2025-11-03T12:24:42","slug":"bon-dactivation-et-de-placement-avgs","status":"publish","type":"page","link":"https:\/\/internationaleducationcenters.de\/fr\/bon-dactivation-et-de-placement-avgs\/","title":{"rendered":"Bon d&rsquo;activation et de placement (AVGS)"},"content":{"rendered":"\t\t<div data-elementor-type=\"wp-page\" data-elementor-id=\"18743\" class=\"elementor elementor-18743 elementor-15352\" data-elementor-post-type=\"page\">\n\t\t\t\t<div class=\"elementor-element elementor-element-be8be0d e-flex e-con-boxed e-con e-parent\" data-id=\"be8be0d\" data-element_type=\"container\" data-e-type=\"container\" data-settings=\"{&quot;background_background&quot;:&quot;classic&quot;}\">\n\t\t\t\t\t<div class=\"e-con-inner\">\n\t\t\t\t\t<\/div>\n\t\t\t\t<\/div>\n\t\t<div class=\"elementor-element elementor-element-54e39c2 e-flex e-con-boxed e-con e-parent\" data-id=\"54e39c2\" data-element_type=\"container\" data-e-type=\"container\">\n\t\t\t\t\t<div class=\"e-con-inner\">\n\t\t\t\t<div class=\"elementor-element elementor-element-8c614d4 elementor-widget elementor-widget-spacer\" data-id=\"8c614d4\" data-element_type=\"widget\" data-e-type=\"widget\" data-widget_type=\"spacer.default\">\n\t\t\t\t<div class=\"elementor-widget-container\">\n\t\t\t\t\t\t\t<div class=\"elementor-spacer\">\n\t\t\t<div class=\"elementor-spacer-inner\"><\/div>\n\t\t<\/div>\n\t\t\t\t\t\t<\/div>\n\t\t\t\t<\/div>\n\t\t\t\t<div class=\"elementor-element elementor-element-dcee13f elementor-widget elementor-widget-heading\" data-id=\"dcee13f\" data-element_type=\"widget\" data-e-type=\"widget\" data-widget_type=\"heading.default\">\n\t\t\t\t<div class=\"elementor-widget-container\">\n\t\t\t\t\t<h2 class=\"elementor-heading-title elementor-size-default\">Bon d'activation et de placement (AVGS) <br> Votre chemin vers un nouvel emploi  <\/h2>\t\t\t\t<\/div>\n\t\t\t\t<\/div>\n\t\t\t\t<div class=\"elementor-element elementor-element-8313485 elementor-widget elementor-widget-heading\" data-id=\"8313485\" data-element_type=\"widget\" data-e-type=\"widget\" data-widget_type=\"heading.default\">\n\t\t\t\t<div class=\"elementor-widget-container\">\n\t\t\t\t\t<h3 class=\"elementor-heading-title elementor-size-default\">Formation ou coaching gratuits - avec IEC \u00e0 vos c\u00f4t\u00e9s  <\/h3>\t\t\t\t<\/div>\n\t\t\t\t<\/div>\n\t\t\t\t<div class=\"elementor-element elementor-element-01abcbb elementor-widget elementor-widget-text-editor\" data-id=\"01abcbb\" data-element_type=\"widget\" data-e-type=\"widget\" data-widget_type=\"text-editor.default\">\n\t\t\t\t<div class=\"elementor-widget-container\">\n\t\t\t\t\t\t\t\t\t<p><span data-contrast=\"auto\">Le bon d&rsquo;activation et de placement (AVGS) est une mesure de soutien de l&rsquo;\u00c9tat conform\u00e9ment \u00e0 l&rsquo;art.<\/span><span data-contrast=\"auto\"><\/span><span data-contrast=\"auto\">45 SGB III, qui vous ouvre de nouvelles perspectives professionnelles &#8211; sans aucun co\u00fbt pour vous. Si vous \u00eates demandeur d&#8217;emploi ou ch\u00f4meur, vous avez g\u00e9n\u00e9ralement droit \u00e0 l&rsquo;AVGS. Il vous permet de :  <\/span><span data-ccp-props=\"{}\"> <\/span><\/p><p> <\/p><ul><li aria-setsize=\"-1\" data-leveltext=\"\uf0b7\" data-font=\"Symbol\" data-listid=\"1\" data-list-defn-props=\"{\"335552541\":1,\"335559685\":720,\"335559991\":360,\"469769226\":\"Symbol\",\"469769242\":[8226],\"469777803\":\"left\",\"469777804\":\"\uf0b7\",\"469777815\":\"multilevel\"}\" data-aria-posinset=\"1\" data-aria-level=\"1\"><span data-contrast=\"auto\">suivre un coaching individuel (par ex.<\/span><span data-contrast=\"auto\"><span data-contrast=\"auto\">par exemple, formation \u00e0 la candidature, planification de carri\u00e8re)<\/span><\/span><span data-ccp-props=\"{}\"> <\/span><\/li><li aria-setsize=\"-1\" data-leveltext=\"\uf0b7\" data-font=\"Symbol\" data-listid=\"1\" data-list-defn-props=\"{\"335552541\":1,\"335559685\":720,\"335559991\":360,\"469769226\":\"Symbol\",\"469769242\":[8226],\"469777803\":\"left\",\"469777804\":\"\uf0b7\",\"469777815\":\"multilevel\"}\" data-aria-posinset=\"2\" data-aria-level=\"1\"><span data-contrast=\"auto\">commencer une formation continue pour acqu\u00e9rir de nouvelles connaissances sp\u00e9cialis\u00e9es<\/span><span data-ccp-props=\"{}\"> <\/span><\/li><\/ul><p><span data-contrast=\"auto\">\ud83d\udc49<\/span><span data-contrast=\"auto\"> Et le meilleur : chez IEC, vous n&rsquo;obtenez pas seulement la mesure &#8211; mais un conseil personnalis\u00e9, un v\u00e9ritable soutien et une \u00e9quipe motiv\u00e9e qui vous accompagne jusqu&rsquo;\u00e0 l&rsquo;objectif.<\/span><span data-ccp-props=\"{}\"> <\/span><\/p>\t\t\t\t\t\t\t\t<\/div>\n\t\t\t\t<\/div>\n\t\t\t\t\t<\/div>\n\t\t\t\t<\/div>\n\t\t<div class=\"elementor-element elementor-element-542604a e-flex e-con-boxed e-con e-parent\" data-id=\"542604a\" data-element_type=\"container\" data-e-type=\"container\">\n\t\t\t\t\t<div class=\"e-con-inner\">\n\t\t\t\t<div class=\"elementor-element elementor-element-1933fa6 elementor-widget elementor-widget-heading\" data-id=\"1933fa6\" data-element_type=\"widget\" data-e-type=\"widget\" data-widget_type=\"heading.default\">\n\t\t\t\t<div class=\"elementor-widget-container\">\n\t\t\t\t\t<h4 class=\"elementor-heading-title elementor-size-default\">  Pourquoi choisir IEC ? Parce que nous offrons plus. <\/h4>\t\t\t\t<\/div>\n\t\t\t\t<\/div>\n\t\t\t\t<div class=\"elementor-element elementor-element-ed71bf6 elementor-icon-list--layout-traditional elementor-list-item-link-full_width elementor-widget elementor-widget-icon-list\" data-id=\"ed71bf6\" data-element_type=\"widget\" data-e-type=\"widget\" data-widget_type=\"icon-list.default\">\n\t\t\t\t<div class=\"elementor-widget-container\">\n\t\t\t\t\t\t\t<ul class=\"elementor-icon-list-items\">\n\t\t\t\t\t\t\t<li class=\"elementor-icon-list-item\">\n\t\t\t\t\t\t\t\t\t\t\t<span class=\"elementor-icon-list-icon\">\n\t\t\t\t\t\t\t<svg aria-hidden=\"true\" class=\"e-font-icon-svg e-fas-check\" viewBox=\"0 0 512 512\" xmlns=\"http:\/\/www.w3.org\/2000\/svg\"><path d=\"M173.898 439.404l-166.4-166.4c-9.997-9.997-9.997-26.206 0-36.204l36.203-36.204c9.997-9.998 26.207-9.998 36.204 0L192 312.69 432.095 72.596c9.997-9.997 26.207-9.997 36.204 0l36.203 36.204c9.997 9.997 9.997 26.206 0 36.204l-294.4 294.401c-9.998 9.997-26.207 9.997-36.204-.001z\"><\/path><\/svg>\t\t\t\t\t\t<\/span>\n\t\t\t\t\t\t\t\t\t\t<span class=\"elementor-icon-list-text\">  Conseils gratuits sur les subventions - multilingues et personnalis\u00e9s<\/span>\n\t\t\t\t\t\t\t\t\t<\/li>\n\t\t\t\t\t\t\t\t<li class=\"elementor-icon-list-item\">\n\t\t\t\t\t\t\t\t\t\t\t<span class=\"elementor-icon-list-icon\">\n\t\t\t\t\t\t\t<svg aria-hidden=\"true\" class=\"e-font-icon-svg e-fas-check\" viewBox=\"0 0 512 512\" xmlns=\"http:\/\/www.w3.org\/2000\/svg\"><path d=\"M173.898 439.404l-166.4-166.4c-9.997-9.997-9.997-26.206 0-36.204l36.203-36.204c9.997-9.998 26.207-9.998 36.204 0L192 312.69 432.095 72.596c9.997-9.997 26.207-9.997 36.204 0l36.203 36.204c9.997 9.997 9.997 26.206 0 36.204l-294.4 294.401c-9.998 9.997-26.207 9.997-36.204-.001z\"><\/path><\/svg>\t\t\t\t\t\t<\/span>\n\t\t\t\t\t\t\t\t\t\t<span class=\"elementor-icon-list-text\">Mesures AVGS certifi\u00e9es - pr\u00eates \u00e0 l'emploi<\/span>\n\t\t\t\t\t\t\t\t\t<\/li>\n\t\t\t\t\t\t\t\t<li class=\"elementor-icon-list-item\">\n\t\t\t\t\t\t\t\t\t\t\t<span class=\"elementor-icon-list-icon\">\n\t\t\t\t\t\t\t<svg aria-hidden=\"true\" class=\"e-font-icon-svg e-fas-check\" viewBox=\"0 0 512 512\" xmlns=\"http:\/\/www.w3.org\/2000\/svg\"><path d=\"M173.898 439.404l-166.4-166.4c-9.997-9.997-9.997-26.206 0-36.204l36.203-36.204c9.997-9.998 26.207-9.998 36.204 0L192 312.69 432.095 72.596c9.997-9.997 26.207-9.997 36.204 0l36.203 36.204c9.997 9.997 9.997 26.206 0 36.204l-294.4 294.401c-9.998 9.997-26.207 9.997-36.204-.001z\"><\/path><\/svg>\t\t\t\t\t\t<\/span>\n\t\t\t\t\t\t\t\t\t\t<span class=\"elementor-icon-list-text\">Prise de rendez-vous rapide - sans longs d\u00e9lais d'attente<\/span>\n\t\t\t\t\t\t\t\t\t<\/li>\n\t\t\t\t\t\t\t\t<li class=\"elementor-icon-list-item\">\n\t\t\t\t\t\t\t\t\t\t\t<span class=\"elementor-icon-list-icon\">\n\t\t\t\t\t\t\t<svg aria-hidden=\"true\" class=\"e-font-icon-svg e-fas-check\" viewBox=\"0 0 512 512\" xmlns=\"http:\/\/www.w3.org\/2000\/svg\"><path d=\"M173.898 439.404l-166.4-166.4c-9.997-9.997-9.997-26.206 0-36.204l36.203-36.204c9.997-9.998 26.207-9.998 36.204 0L192 312.69 432.095 72.596c9.997-9.997 26.207-9.997 36.204 0l36.203 36.204c9.997 9.997 9.997 26.206 0 36.204l-294.4 294.401c-9.998 9.997-26.207 9.997-36.204-.001z\"><\/path><\/svg>\t\t\t\t\t\t<\/span>\n\t\t\t\t\t\t\t\t\t\t<span class=\"elementor-icon-list-text\">Possible en ligne &amp; sur place - flexible pour votre quotidien<\/span>\n\t\t\t\t\t\t\t\t\t<\/li>\n\t\t\t\t\t\t\t\t<li class=\"elementor-icon-list-item\">\n\t\t\t\t\t\t\t\t\t\t\t<span class=\"elementor-icon-list-icon\">\n\t\t\t\t\t\t\t<svg aria-hidden=\"true\" class=\"e-font-icon-svg e-fas-check\" viewBox=\"0 0 512 512\" xmlns=\"http:\/\/www.w3.org\/2000\/svg\"><path d=\"M173.898 439.404l-166.4-166.4c-9.997-9.997-9.997-26.206 0-36.204l36.203-36.204c9.997-9.998 26.207-9.998 36.204 0L192 312.69 432.095 72.596c9.997-9.997 26.207-9.997 36.204 0l36.203 36.204c9.997 9.997 9.997 26.206 0 36.204l-294.4 294.401c-9.998 9.997-26.207 9.997-36.204-.001z\"><\/path><\/svg>\t\t\t\t\t\t<\/span>\n\t\t\t\t\t\t\t\t\t\t<span class=\"elementor-icon-list-text\">Nous nous occupons de tout - demande, mesure, assistance<\/span>\n\t\t\t\t\t\t\t\t\t<\/li>\n\t\t\t\t\t\t<\/ul>\n\t\t\t\t\t\t<\/div>\n\t\t\t\t<\/div>\n\t\t\t\t\t<\/div>\n\t\t\t\t<\/div>\n\t\t<div class=\"elementor-element elementor-element-5904175 e-flex e-con-boxed e-con e-parent\" data-id=\"5904175\" data-element_type=\"container\" data-e-type=\"container\">\n\t\t\t\t\t<div class=\"e-con-inner\">\n\t\t\t\t<div class=\"elementor-element elementor-element-cbf1196 elementor-widget elementor-widget-heading\" data-id=\"cbf1196\" data-element_type=\"widget\" data-e-type=\"widget\" data-widget_type=\"heading.default\">\n\t\t\t\t<div class=\"elementor-widget-container\">\n\t\t\t\t\t<h4 class=\"elementor-heading-title elementor-size-default\">Demander et utiliser un AVGS - comment \u00e7a marche  <\/h4>\t\t\t\t<\/div>\n\t\t\t\t<\/div>\n\t\t\t\t<div class=\"elementor-element elementor-element-114972e elementor-widget elementor-widget-text-editor\" data-id=\"114972e\" data-element_type=\"widget\" data-e-type=\"widget\" data-widget_type=\"text-editor.default\">\n\t\t\t\t<div class=\"elementor-widget-container\">\n\t\t\t\t\t\t\t\t\t<p><span class=\"TextRun SCXW239263356 BCX8\" lang=\"DE-DE\" data-contrast=\"auto\"><span class=\"NormalTextRun SCXW239263356 BCX8\">Avec le <\/span><\/span><span class=\"TextRun SCXW239263356 BCX8\" lang=\"DE-DE\" data-contrast=\"auto\"><span class=\"NormalTextRun SCXW239263356 BCX8\">Bon d&rsquo;activation et de placement (AVGS)<\/span><\/span><span class=\"TextRun SCXW239263356 BCX8\" lang=\"DE-DE\" xml:lang=\"DE-DE\" data-contrast=\"auto\"><span class=\"NormalTextRun SCXW239263356 BCX8\">  vous pouvez suivre un coaching ou une formation continue enti\u00e8rement gratuits &#8211; financ\u00e9s par le Jobcenter ou l&rsquo;Agence pour l&#8217;emploi. C&rsquo;est aussi simple que cela : <\/span><\/span><span class=\"EOP SCXW239263356 BCX8\" data-ccp-props=\"{}\"> <\/span><\/p>\t\t\t\t\t\t\t\t<\/div>\n\t\t\t\t<\/div>\n\t\t\t\t<div class=\"elementor-element elementor-element-d463c86 elementor-widget elementor-widget-text-editor\" data-id=\"d463c86\" data-element_type=\"widget\" data-e-type=\"widget\" data-widget_type=\"text-editor.default\">\n\t\t\t\t<div class=\"elementor-widget-container\">\n\t\t\t\t\t\t\t\t\t<ol><li><b><span data-contrast=\"auto\">  S\u00e9lectionner une action<\/span><\/b><\/li><\/ol><p> <i><span data-contrast=\"auto\">Image stylis\u00e9e d&rsquo;une loupe<\/span><\/i><span data-ccp-props=\"{}\"> <\/span><\/p><p><span data-contrast=\"auto\">Vous pouvez choisir ici le coaching AVGS ou la formation continue AVGS qui vous convient. Nous serons heureux de vous conseiller personnellement et de vous aider \u00e0 trouver la mesure la plus adapt\u00e9e \u00e0 votre situation professionnelle. <\/span> <br><span data-contrast=\"auto\">\ud83d\udc49<\/span><span data-contrast=\"auto\"> Trouver une mesure maintenant<\/span><span data-ccp-props=\"{}\"> <\/span><\/p><p><span data-ccp-props=\"{}\"> <\/span><\/p><p><b><span data-contrast=\"auto\">  2. demander un AVGS<\/span><\/b><span data-ccp-props=\"{}\"> <\/span><\/p><p> <i><span data-contrast=\"auto\">Image stylis\u00e9e d&rsquo;une feuille et d&rsquo;un stylo<\/span><\/i><span data-ccp-props=\"{}\"> <\/span><\/p><p><span data-contrast=\"auto\">Vous pouvez facilement faire une demande de bon en ligne ou en personne aupr\u00e8s du Jobcenter. Pour cela, munissez-vous de votre   <\/span><b><span data-contrast=\"auto\">Num\u00e9ro de client<\/span><\/b><span data-contrast=\"auto\"> et le <\/span><b><span data-contrast=\"auto\">date de votre ch\u00f4mage<\/span><\/b><span data-contrast=\"auto\"> pr\u00eat.<\/span> <br><span data-contrast=\"auto\">\ud83d\udc49<\/span><span data-contrast=\"auto\"> Demander un AVGS maintenant <\/span> <\/p><p><span data-ccp-props=\"{}\"> <\/span><\/p><p><b><span data-contrast=\"auto\">3. encaisser l&rsquo;AVGS et commencer le cours<\/span><\/b><span data-ccp-props=\"{}\"> <\/span><\/p><p><span data-contrast=\"auto\">\ud83d\udcf7<\/span> <i><span data-contrast=\"auto\">Image stylis\u00e9e d&rsquo;un professeur devant un tableau noir<\/span><\/i><span data-ccp-props=\"{}\"> <\/span><\/p><p><span data-contrast=\"auto\">Une fois que vous avez le bon, vous pouvez l&rsquo;utiliser chez nous. Nos cours et coachings sont alors   <\/span><b><span data-contrast=\"auto\">gratuit pour vous<\/span><\/b><span data-contrast=\"auto\"> &#8211; les frais sont pris en charge par le Jobcenter<\/span> <br><span data-contrast=\"auto\">\ud83d\udc49<\/span><span data-contrast=\"auto\"> D\u00e9marrer le cours<\/span><span data-ccp-props=\"{}\"> <\/span><\/p><p><span data-ccp-props=\"{}\"> <\/span><\/p><p><b><span data-contrast=\"auto\">  Vous avez des questions ? Nous serons heureux de vous conseiller ! <\/span><\/b><span data-ccp-props=\"{}\"> <\/span><\/p><p><span data-contrast=\"auto\">Notre \u00e9quipe vous aidera \u00e0 chaque \u00e9tape, de la s\u00e9lection \u00e0 l&rsquo;\u00e9change.<\/span> <br><span data-contrast=\"auto\">\ud83d\udc49<\/span><span data-contrast=\"auto\"> Prendre rendez-vous pour une consultation<\/span><\/p>\t\t\t\t\t\t\t\t<\/div>\n\t\t\t\t<\/div>\n\t\t\t\t\t<\/div>\n\t\t\t\t<\/div>\n\t\t<div class=\"elementor-element elementor-element-1811af4 e-flex e-con-boxed e-con e-parent\" data-id=\"1811af4\" data-element_type=\"container\" data-e-type=\"container\">\n\t\t\t\t\t<div class=\"e-con-inner\">\n\t\t\t\t<div class=\"elementor-element elementor-element-3426478 elementor-widget elementor-widget-heading\" data-id=\"3426478\" data-element_type=\"widget\" data-e-type=\"widget\" data-widget_type=\"heading.default\">\n\t\t\t\t<div class=\"elementor-widget-container\">\n\t\t\t\t\t<h4 class=\"elementor-heading-title elementor-size-default\">Tous les cours avec un bon d'activation et de placement (AVGS).  <\/h4>\t\t\t\t<\/div>\n\t\t\t\t<\/div>\n\t\t\t\t<div class=\"elementor-element elementor-element-ee93287 elementor-align-center elementor-widget elementor-widget-button\" data-id=\"ee93287\" data-element_type=\"widget\" data-e-type=\"widget\" data-widget_type=\"button.default\">\n\t\t\t\t<div class=\"elementor-widget-container\">\n\t\t\t\t\t\t\t\t\t<div class=\"elementor-button-wrapper\">\n\t\t\t\t\t<a class=\"elementor-button elementor-button-link elementor-size-sm\" href=\"https:\/\/internationaleducationcenters.de\/fr\/formations-continues\/\" target=\"_blank\">\n\t\t\t\t\t\t<span class=\"elementor-button-content-wrapper\">\n\t\t\t\t\t\t\t\t\t<span class=\"elementor-button-text\">Trouver un cours ici !<\/span>\n\t\t\t\t\t<\/span>\n\t\t\t\t\t<\/a>\n\t\t\t\t<\/div>\n\t\t\t\t\t\t\t\t<\/div>\n\t\t\t\t<\/div>\n\t\t\t\t\t<\/div>\n\t\t\t\t<\/div>\n\t\t\t\t<\/div>\n\t\t","protected":false},"excerpt":{"rendered":"<p>Bon d&rsquo;activation et de placement (AVGS) Votre chemin vers un nouvel emploi Formation ou coaching gratuits &#8211; avec IEC \u00e0 vos c\u00f4t\u00e9s Le bon d&rsquo;activation et de placement (AVGS) est une mesure de soutien de l&rsquo;\u00c9tat conform\u00e9ment \u00e0 l&rsquo;art.45 SGB III, qui vous ouvre de nouvelles perspectives professionnelles &#8211; sans aucun co\u00fbt pour vous. Si [&hellip;]<\/p>\n","protected":false},"author":77,"featured_media":0,"parent":0,"menu_order":0,"comment_status":"closed","ping_status":"closed","template":"","meta":{"_acf_changed":false,"footnotes":""},"class_list":["post-18743","page","type-page","status-publish","hentry"],"acf":[],"yoast_head":"<!-- This site is optimized with the Yoast SEO Premium plugin v25.9 (Yoast SEO v26.9) - https:\/\/yoast.com\/product\/yoast-seo-premium-wordpress\/ -->\n<title>Bon d&#039;activation et de placement (AVGS) - International Education Centers<\/title>\n<meta name=\"description\" content=\"Utilisez votre bon d&#039;activation et de placement (AVGS) \u00e0 Wuppertal pour un coaching individuel et un entra\u00eenement \u00e0 la candidature chez IEC\" \/>\n<meta name=\"robots\" content=\"index, follow, max-snippet:-1, max-image-preview:large, max-video-preview:-1\" \/>\n<link rel=\"canonical\" href=\"https:\/\/internationaleducationcenters.de\/fr\/bon-dactivation-et-de-placement-avgs\/\" \/>\n<meta property=\"og:locale\" content=\"fr_FR\" \/>\n<meta property=\"og:type\" content=\"article\" \/>\n<meta property=\"og:title\" content=\"Bon d&#039;activation et de placement (AVGS)\" \/>\n<meta property=\"og:description\" content=\"Utilisez votre bon d&#039;activation et de placement (AVGS) \u00e0 Wuppertal pour un coaching individuel et un entra\u00eenement \u00e0 la candidature chez IEC\" \/>\n<meta property=\"og:url\" content=\"https:\/\/internationaleducationcenters.de\/fr\/bon-dactivation-et-de-placement-avgs\/\" \/>\n<meta property=\"og:site_name\" content=\"International Education Centers\" \/>\n<meta property=\"article:publisher\" content=\"https:\/\/www.facebook.com\/InternationalEducationCenters\/\" \/>\n<meta property=\"article:modified_time\" content=\"2025-11-03T12:24:42+00:00\" \/>\n<meta name=\"twitter:card\" content=\"summary_large_image\" \/>\n<meta name=\"twitter:label1\" content=\"Dur\u00e9e de lecture estim\u00e9e\" \/>\n\t<meta name=\"twitter:data1\" content=\"2 minutes\" \/>\n<script type=\"application\/ld+json\" class=\"yoast-schema-graph\">{\"@context\":\"https:\/\/schema.org\",\"@graph\":[{\"@type\":\"WebPage\",\"@id\":\"https:\/\/internationaleducationcenters.de\/fr\/bon-dactivation-et-de-placement-avgs\/\",\"url\":\"https:\/\/internationaleducationcenters.de\/fr\/bon-dactivation-et-de-placement-avgs\/\",\"name\":\"Bon d'activation et de placement (AVGS) - International Education Centers\",\"isPartOf\":{\"@id\":\"https:\/\/internationaleducationcenters.de\/fr\/#website\"},\"datePublished\":\"2025-10-09T08:39:53+00:00\",\"dateModified\":\"2025-11-03T12:24:42+00:00\",\"description\":\"Utilisez votre bon d'activation et de placement (AVGS) \u00e0 Wuppertal pour un coaching individuel et un entra\u00eenement \u00e0 la candidature chez IEC\",\"breadcrumb\":{\"@id\":\"https:\/\/internationaleducationcenters.de\/fr\/bon-dactivation-et-de-placement-avgs\/#breadcrumb\"},\"inLanguage\":\"fr-FR\",\"potentialAction\":[{\"@type\":\"ReadAction\",\"target\":[\"https:\/\/internationaleducationcenters.de\/fr\/bon-dactivation-et-de-placement-avgs\/\"]}]},{\"@type\":\"BreadcrumbList\",\"@id\":\"https:\/\/internationaleducationcenters.de\/fr\/bon-dactivation-et-de-placement-avgs\/#breadcrumb\",\"itemListElement\":[{\"@type\":\"ListItem\",\"position\":1,\"name\":\"Home\",\"item\":\"https:\/\/internationaleducationcenters.de\/fr\/\"},{\"@type\":\"ListItem\",\"position\":2,\"name\":\"Bon d&#8217;activation et de placement (AVGS)\"}]},{\"@type\":\"WebSite\",\"@id\":\"https:\/\/internationaleducationcenters.de\/fr\/#website\",\"url\":\"https:\/\/internationaleducationcenters.de\/fr\/\",\"name\":\"International Education Centers\",\"description\":\"\",\"publisher\":{\"@id\":\"https:\/\/internationaleducationcenters.de\/fr\/#organization\"},\"potentialAction\":[{\"@type\":\"SearchAction\",\"target\":{\"@type\":\"EntryPoint\",\"urlTemplate\":\"https:\/\/internationaleducationcenters.de\/fr\/?s={search_term_string}\"},\"query-input\":{\"@type\":\"PropertyValueSpecification\",\"valueRequired\":true,\"valueName\":\"search_term_string\"}}],\"inLanguage\":\"fr-FR\"},{\"@type\":\"Organization\",\"@id\":\"https:\/\/internationaleducationcenters.de\/fr\/#organization\",\"name\":\"International Education Centers\",\"alternateName\":\"IEC\",\"url\":\"https:\/\/internationaleducationcenters.de\/fr\/\",\"logo\":{\"@type\":\"ImageObject\",\"inLanguage\":\"fr-FR\",\"@id\":\"https:\/\/internationaleducationcenters.de\/fr\/#\/schema\/logo\/image\/\",\"url\":\"https:\/\/internationaleducationcenters.de\/wp-content\/uploads\/2025\/08\/IEC_favicon-1.png\",\"contentUrl\":\"https:\/\/internationaleducationcenters.de\/wp-content\/uploads\/2025\/08\/IEC_favicon-1.png\",\"width\":512,\"height\":512,\"caption\":\"International Education Centers\"},\"image\":{\"@id\":\"https:\/\/internationaleducationcenters.de\/fr\/#\/schema\/logo\/image\/\"},\"sameAs\":[\"https:\/\/www.facebook.com\/InternationalEducationCenters\/\"]}]}<\/script>\n<!-- \/ Yoast SEO Premium plugin. -->","yoast_head_json":{"title":"Bon d'activation et de placement (AVGS) - International Education Centers","description":"Utilisez votre bon d'activation et de placement (AVGS) \u00e0 Wuppertal pour un coaching individuel et un entra\u00eenement \u00e0 la candidature chez IEC","robots":{"index":"index","follow":"follow","max-snippet":"max-snippet:-1","max-image-preview":"max-image-preview:large","max-video-preview":"max-video-preview:-1"},"canonical":"https:\/\/internationaleducationcenters.de\/fr\/bon-dactivation-et-de-placement-avgs\/","og_locale":"fr_FR","og_type":"article","og_title":"Bon d'activation et de placement (AVGS)","og_description":"Utilisez votre bon d'activation et de placement (AVGS) \u00e0 Wuppertal pour un coaching individuel et un entra\u00eenement \u00e0 la candidature chez IEC","og_url":"https:\/\/internationaleducationcenters.de\/fr\/bon-dactivation-et-de-placement-avgs\/","og_site_name":"International Education Centers","article_publisher":"https:\/\/www.facebook.com\/InternationalEducationCenters\/","article_modified_time":"2025-11-03T12:24:42+00:00","twitter_card":"summary_large_image","twitter_misc":{"Dur\u00e9e de lecture estim\u00e9e":"2 minutes"},"schema":{"@context":"https:\/\/schema.org","@graph":[{"@type":"WebPage","@id":"https:\/\/internationaleducationcenters.de\/fr\/bon-dactivation-et-de-placement-avgs\/","url":"https:\/\/internationaleducationcenters.de\/fr\/bon-dactivation-et-de-placement-avgs\/","name":"Bon d'activation et de placement (AVGS) - International Education Centers","isPartOf":{"@id":"https:\/\/internationaleducationcenters.de\/fr\/#website"},"datePublished":"2025-10-09T08:39:53+00:00","dateModified":"2025-11-03T12:24:42+00:00","description":"Utilisez votre bon d'activation et de placement (AVGS) \u00e0 Wuppertal pour un coaching individuel et un entra\u00eenement \u00e0 la candidature chez IEC","breadcrumb":{"@id":"https:\/\/internationaleducationcenters.de\/fr\/bon-dactivation-et-de-placement-avgs\/#breadcrumb"},"inLanguage":"fr-FR","potentialAction":[{"@type":"ReadAction","target":["https:\/\/internationaleducationcenters.de\/fr\/bon-dactivation-et-de-placement-avgs\/"]}]},{"@type":"BreadcrumbList","@id":"https:\/\/internationaleducationcenters.de\/fr\/bon-dactivation-et-de-placement-avgs\/#breadcrumb","itemListElement":[{"@type":"ListItem","position":1,"name":"Home","item":"https:\/\/internationaleducationcenters.de\/fr\/"},{"@type":"ListItem","position":2,"name":"Bon d&#8217;activation et de placement (AVGS)"}]},{"@type":"WebSite","@id":"https:\/\/internationaleducationcenters.de\/fr\/#website","url":"https:\/\/internationaleducationcenters.de\/fr\/","name":"International Education Centers","description":"","publisher":{"@id":"https:\/\/internationaleducationcenters.de\/fr\/#organization"},"potentialAction":[{"@type":"SearchAction","target":{"@type":"EntryPoint","urlTemplate":"https:\/\/internationaleducationcenters.de\/fr\/?s={search_term_string}"},"query-input":{"@type":"PropertyValueSpecification","valueRequired":true,"valueName":"search_term_string"}}],"inLanguage":"fr-FR"},{"@type":"Organization","@id":"https:\/\/internationaleducationcenters.de\/fr\/#organization","name":"International Education Centers","alternateName":"IEC","url":"https:\/\/internationaleducationcenters.de\/fr\/","logo":{"@type":"ImageObject","inLanguage":"fr-FR","@id":"https:\/\/internationaleducationcenters.de\/fr\/#\/schema\/logo\/image\/","url":"https:\/\/internationaleducationcenters.de\/wp-content\/uploads\/2025\/08\/IEC_favicon-1.png","contentUrl":"https:\/\/internationaleducationcenters.de\/wp-content\/uploads\/2025\/08\/IEC_favicon-1.png","width":512,"height":512,"caption":"International Education Centers"},"image":{"@id":"https:\/\/internationaleducationcenters.de\/fr\/#\/schema\/logo\/image\/"},"sameAs":["https:\/\/www.facebook.com\/InternationalEducationCenters\/"]}]}},"_links":{"self":[{"href":"https:\/\/internationaleducationcenters.de\/fr\/wp-json\/wp\/v2\/pages\/18743","targetHints":{"allow":["GET"]}}],"collection":[{"href":"https:\/\/internationaleducationcenters.de\/fr\/wp-json\/wp\/v2\/pages"}],"about":[{"href":"https:\/\/internationaleducationcenters.de\/fr\/wp-json\/wp\/v2\/types\/page"}],"author":[{"embeddable":true,"href":"https:\/\/internationaleducationcenters.de\/fr\/wp-json\/wp\/v2\/users\/77"}],"replies":[{"embeddable":true,"href":"https:\/\/internationaleducationcenters.de\/fr\/wp-json\/wp\/v2\/comments?post=18743"}],"version-history":[{"count":1,"href":"https:\/\/internationaleducationcenters.de\/fr\/wp-json\/wp\/v2\/pages\/18743\/revisions"}],"predecessor-version":[{"id":18745,"href":"https:\/\/internationaleducationcenters.de\/fr\/wp-json\/wp\/v2\/pages\/18743\/revisions\/18745"}],"wp:attachment":[{"href":"https:\/\/internationaleducationcenters.de\/fr\/wp-json\/wp\/v2\/media?parent=18743"}],"curies":[{"name":"wp","href":"https:\/\/api.w.org\/{rel}","templated":true}]}}