{"id":18762,"date":"2025-10-09T13:37:00","date_gmt":"2025-10-09T11:37:00","guid":{"rendered":"https:\/\/internationaleducationcenters.de\/bon-de-formation\/"},"modified":"2025-11-03T13:24:56","modified_gmt":"2025-11-03T12:24:56","slug":"bon-de-formation","status":"publish","type":"page","link":"https:\/\/internationaleducationcenters.de\/fr\/bon-de-formation\/","title":{"rendered":"Bon de formation"},"content":{"rendered":"\t\t<div data-elementor-type=\"wp-page\" data-elementor-id=\"18762\" class=\"elementor elementor-18762 elementor-15438\" data-elementor-post-type=\"page\">\n\t\t\t\t<div class=\"elementor-element elementor-element-be998d1 e-flex e-con-boxed e-con e-parent\" data-id=\"be998d1\" data-element_type=\"container\" data-e-type=\"container\" data-settings=\"{&quot;background_background&quot;:&quot;classic&quot;}\">\n\t\t\t\t\t<div class=\"e-con-inner\">\n\t\t\t\t\t<\/div>\n\t\t\t\t<\/div>\n\t\t<div class=\"elementor-element elementor-element-4131d5e e-flex e-con-boxed e-con e-parent\" data-id=\"4131d5e\" data-element_type=\"container\" data-e-type=\"container\">\n\t\t\t\t\t<div class=\"e-con-inner\">\n\t\t\t\t<div class=\"elementor-element elementor-element-cee7b3f elementor-widget elementor-widget-spacer\" data-id=\"cee7b3f\" data-element_type=\"widget\" data-e-type=\"widget\" data-widget_type=\"spacer.default\">\n\t\t\t\t<div class=\"elementor-widget-container\">\n\t\t\t\t\t\t\t<div class=\"elementor-spacer\">\n\t\t\t<div class=\"elementor-spacer-inner\"><\/div>\n\t\t<\/div>\n\t\t\t\t\t\t<\/div>\n\t\t\t\t<\/div>\n\t\t\t\t<div class=\"elementor-element elementor-element-c76243a elementor-widget elementor-widget-heading\" data-id=\"c76243a\" data-element_type=\"widget\" data-e-type=\"widget\" data-widget_type=\"heading.default\">\n\t\t\t\t<div class=\"elementor-widget-container\">\n\t\t\t\t\t<h2 class=\"elementor-heading-title elementor-size-default\">Bon de formation - formation continue financ\u00e9e jusqu'\u00e0 100  <\/h2>\t\t\t\t<\/div>\n\t\t\t\t<\/div>\n\t\t\t\t<div class=\"elementor-element elementor-element-4c382e8 elementor-widget elementor-widget-heading\" data-id=\"4c382e8\" data-element_type=\"widget\" data-e-type=\"widget\" data-widget_type=\"heading.default\">\n\t\t\t\t<div class=\"elementor-widget-container\">\n\t\t\t\t\t<h4 class=\"elementor-heading-title elementor-size-default\">D\u00e9marrez votre carri\u00e8re d\u00e8s maintenant avec l'aide de l'\u00c9tat et l'IEC \u00e0 vos c\u00f4t\u00e9s  <\/h4>\t\t\t\t<\/div>\n\t\t\t\t<\/div>\n\t\t\t\t<div class=\"elementor-element elementor-element-c2329ae elementor-widget elementor-widget-text-editor\" data-id=\"c2329ae\" data-element_type=\"widget\" data-e-type=\"widget\" data-widget_type=\"text-editor.default\">\n\t\t\t\t<div class=\"elementor-widget-container\">\n\t\t\t\t\t\t\t\t\t<p><span data-contrast=\"auto\">Le site <\/span><b><span data-contrast=\"auto\">Bon de formation<\/span><\/b><span data-contrast=\"auto\">  est une mesure de soutien de l&rsquo;Agence pour l&#8217;emploi ou du Jobcenter. Elle vous permet de poursuivre votre formation ou votre reconversion   <\/span><b><span data-contrast=\"auto\">enti\u00e8rement gratuit<\/span><\/b><span data-contrast=\"auto\"> Les \u00e9tudiants peuvent suivre la formation en ligne, y compris les frais de transport, la garde d&rsquo;enfants et l&rsquo;h\u00e9bergement si n\u00e9cessaire.<\/span><span data-ccp-props=\"{}\"> <\/span><\/p><p><span data-contrast=\"auto\">Que vous soyez au ch\u00f4mage ou que vous travailliez et soyez menac\u00e9 de ch\u00f4mage, le bon de formation vous permet de d\u00e9velopper vos comp\u00e9tences professionnelles de mani\u00e8re cibl\u00e9e et de devenir un professionnel tr\u00e8s recherch\u00e9.<\/span><span data-ccp-props=\"{}\"> <\/span><\/p>\t\t\t\t\t\t\t\t<\/div>\n\t\t\t\t<\/div>\n\t\t\t\t\t<\/div>\n\t\t\t\t<\/div>\n\t\t<div class=\"elementor-element elementor-element-c918693 e-flex e-con-boxed e-con e-parent\" data-id=\"c918693\" data-element_type=\"container\" data-e-type=\"container\">\n\t\t\t\t\t<div class=\"e-con-inner\">\n\t\t\t\t<div class=\"elementor-element elementor-element-6a2cd29 elementor-widget elementor-widget-heading\" data-id=\"6a2cd29\" data-element_type=\"widget\" data-e-type=\"widget\" data-widget_type=\"heading.default\">\n\t\t\t\t<div class=\"elementor-widget-container\">\n\t\t\t\t\t<h4 class=\"elementor-heading-title elementor-size-default\">Pourquoi choisir IEC ? Parce que nous offrons plus. <\/h4>\t\t\t\t<\/div>\n\t\t\t\t<\/div>\n\t\t\t\t<div class=\"elementor-element elementor-element-62be6f3 elementor-icon-list--layout-traditional elementor-list-item-link-full_width elementor-widget elementor-widget-icon-list\" data-id=\"62be6f3\" data-element_type=\"widget\" data-e-type=\"widget\" data-widget_type=\"icon-list.default\">\n\t\t\t\t<div class=\"elementor-widget-container\">\n\t\t\t\t\t\t\t<ul class=\"elementor-icon-list-items\">\n\t\t\t\t\t\t\t<li class=\"elementor-icon-list-item\">\n\t\t\t\t\t\t\t\t\t\t\t<span class=\"elementor-icon-list-icon\">\n\t\t\t\t\t\t\t<svg aria-hidden=\"true\" class=\"e-font-icon-svg e-fas-check\" viewBox=\"0 0 512 512\" xmlns=\"http:\/\/www.w3.org\/2000\/svg\"><path d=\"M173.898 439.404l-166.4-166.4c-9.997-9.997-9.997-26.206 0-36.204l36.203-36.204c9.997-9.998 26.207-9.998 36.204 0L192 312.69 432.095 72.596c9.997-9.997 26.207-9.997 36.204 0l36.203 36.204c9.997 9.997 9.997 26.206 0 36.204l-294.4 294.401c-9.998 9.997-26.207 9.997-36.204-.001z\"><\/path><\/svg>\t\t\t\t\t\t<\/span>\n\t\t\t\t\t\t\t\t\t\t<span class=\"elementor-icon-list-text\">Conseils gratuits sur les subventions - personnalis\u00e9s et multilingues<\/span>\n\t\t\t\t\t\t\t\t\t<\/li>\n\t\t\t\t\t\t\t\t<li class=\"elementor-icon-list-item\">\n\t\t\t\t\t\t\t\t\t\t\t<span class=\"elementor-icon-list-icon\">\n\t\t\t\t\t\t\t<svg aria-hidden=\"true\" class=\"e-font-icon-svg e-fas-check\" viewBox=\"0 0 512 512\" xmlns=\"http:\/\/www.w3.org\/2000\/svg\"><path d=\"M173.898 439.404l-166.4-166.4c-9.997-9.997-9.997-26.206 0-36.204l36.203-36.204c9.997-9.998 26.207-9.998 36.204 0L192 312.69 432.095 72.596c9.997-9.997 26.207-9.997 36.204 0l36.203 36.204c9.997 9.997 9.997 26.206 0 36.204l-294.4 294.401c-9.998 9.997-26.207 9.997-36.204-.001z\"><\/path><\/svg>\t\t\t\t\t\t<\/span>\n\t\t\t\t\t\t\t\t\t\t<span class=\"elementor-icon-list-text\">Cours certifi\u00e9s (AZAV) - imm\u00e9diatement \u00e9ligibles au financement<\/span>\n\t\t\t\t\t\t\t\t\t<\/li>\n\t\t\t\t\t\t\t\t<li class=\"elementor-icon-list-item\">\n\t\t\t\t\t\t\t\t\t\t\t<span class=\"elementor-icon-list-icon\">\n\t\t\t\t\t\t\t<svg aria-hidden=\"true\" class=\"e-font-icon-svg e-fas-check\" viewBox=\"0 0 512 512\" xmlns=\"http:\/\/www.w3.org\/2000\/svg\"><path d=\"M173.898 439.404l-166.4-166.4c-9.997-9.997-9.997-26.206 0-36.204l36.203-36.204c9.997-9.998 26.207-9.998 36.204 0L192 312.69 432.095 72.596c9.997-9.997 26.207-9.997 36.204 0l36.203 36.204c9.997 9.997 9.997 26.206 0 36.204l-294.4 294.401c-9.998 9.997-26.207 9.997-36.204-.001z\"><\/path><\/svg>\t\t\t\t\t\t<\/span>\n\t\t\t\t\t\t\t\t\t\t<span class=\"elementor-icon-list-text\">D\u00e9marrage rapide des cours - sans longs d\u00e9lais d'attente<\/span>\n\t\t\t\t\t\t\t\t\t<\/li>\n\t\t\t\t\t\t\t\t<li class=\"elementor-icon-list-item\">\n\t\t\t\t\t\t\t\t\t\t\t<span class=\"elementor-icon-list-icon\">\n\t\t\t\t\t\t\t<svg aria-hidden=\"true\" class=\"e-font-icon-svg e-fas-check\" viewBox=\"0 0 512 512\" xmlns=\"http:\/\/www.w3.org\/2000\/svg\"><path d=\"M173.898 439.404l-166.4-166.4c-9.997-9.997-9.997-26.206 0-36.204l36.203-36.204c9.997-9.998 26.207-9.998 36.204 0L192 312.69 432.095 72.596c9.997-9.997 26.207-9.997 36.204 0l36.203 36.204c9.997 9.997 9.997 26.206 0 36.204l-294.4 294.401c-9.998 9.997-26.207 9.997-36.204-.001z\"><\/path><\/svg>\t\t\t\t\t\t<\/span>\n\t\t\t\t\t\t\t\t\t\t<span class=\"elementor-icon-list-text\">Possible en ligne &amp; sur place - flexible pour votre quotidien<\/span>\n\t\t\t\t\t\t\t\t\t<\/li>\n\t\t\t\t\t\t\t\t<li class=\"elementor-icon-list-item\">\n\t\t\t\t\t\t\t\t\t\t\t<span class=\"elementor-icon-list-icon\">\n\t\t\t\t\t\t\t<svg aria-hidden=\"true\" class=\"e-font-icon-svg e-fas-check\" viewBox=\"0 0 512 512\" xmlns=\"http:\/\/www.w3.org\/2000\/svg\"><path d=\"M173.898 439.404l-166.4-166.4c-9.997-9.997-9.997-26.206 0-36.204l36.203-36.204c9.997-9.998 26.207-9.998 36.204 0L192 312.69 432.095 72.596c9.997-9.997 26.207-9.997 36.204 0l36.203 36.204c9.997 9.997 9.997 26.206 0 36.204l-294.4 294.401c-9.998 9.997-26.207 9.997-36.204-.001z\"><\/path><\/svg>\t\t\t\t\t\t<\/span>\n\t\t\t\t\t\t\t\t\t\t<span class=\"elementor-icon-list-text\">Accompagnement lors de la demande - nous vous aidons pas \u00e0 pas<\/span>\n\t\t\t\t\t\t\t\t\t<\/li>\n\t\t\t\t\t\t<\/ul>\n\t\t\t\t\t\t<\/div>\n\t\t\t\t<\/div>\n\t\t\t\t\t<\/div>\n\t\t\t\t<\/div>\n\t\t<div class=\"elementor-element elementor-element-045d409 e-flex e-con-boxed e-con e-parent\" data-id=\"045d409\" data-element_type=\"container\" data-e-type=\"container\">\n\t\t\t\t\t<div class=\"e-con-inner\">\n\t\t\t\t<div class=\"elementor-element elementor-element-954e126 elementor-widget elementor-widget-heading\" data-id=\"954e126\" data-element_type=\"widget\" data-e-type=\"widget\" data-widget_type=\"heading.default\">\n\t\t\t\t<div class=\"elementor-widget-container\">\n\t\t\t\t\t<h4 class=\"elementor-heading-title elementor-size-default\">Demander et utiliser un bon de formation - en 5 \u00e9tapes simples<\/h4>\t\t\t\t<\/div>\n\t\t\t\t<\/div>\n\t\t\t\t<div class=\"elementor-element elementor-element-0b12a12 elementor-widget elementor-widget-text-editor\" data-id=\"0b12a12\" data-element_type=\"widget\" data-e-type=\"widget\" data-widget_type=\"text-editor.default\">\n\t\t\t\t<div class=\"elementor-widget-container\">\n\t\t\t\t\t\t\t\t\t<p><strong><span class=\"TextRun SCXW92670354 BCX8\" lang=\"DE-DE\" xml:lang=\"DE-DE\" data-contrast=\"auto\"><span class=\"NormalTextRun SCXW92670354 BCX8\">1er entretien avec l&rsquo;agence pour l&#8217;emploi<\/span><\/span><\/strong><\/p><p> <i><span data-contrast=\"auto\">Image stylis\u00e9e de deux personnes<\/span><\/i> <br><span data-contrast=\"auto\">Prenez rendez-vous avec votre agence r\u00e9gionale pour l&#8217;emploi ou votre Jobcenter. Ils v\u00e9rifieront si vous remplissez les conditions requises. <\/span><span data-ccp-props=\"{}\"> <\/span><\/p><p><span data-ccp-props=\"{}\"> <\/span><\/p><p><b><span data-contrast=\"auto\">  2. obtenir un bon de formation<\/span><\/b><span data-ccp-props=\"{}\"> <\/span><\/p><p><i><span data-contrast=\"auto\">Image stylis\u00e9e d&rsquo;un document sign\u00e9<\/span><\/i> <br><span data-contrast=\"auto\">Si vous \u00eates \u00e9ligible, vous recevrez le bon de formation &#8211; \u00e9crit ou num\u00e9rique.<\/span><span data-ccp-props=\"{}\"> <\/span><\/p><p><span data-ccp-props=\"{}\"> <\/span><\/p><p><b><span data-contrast=\"auto\">  3. trouver le prestataire de formation ad\u00e9quat<\/span><\/b><span data-ccp-props=\"{}\"> <\/span><\/p><p> <i><span data-contrast=\"auto\">Image stylis\u00e9e d&rsquo;une loupe<\/span><\/i> <br><span data-contrast=\"auto\">Avec IEC, vous \u00eates en s\u00e9curit\u00e9 : nos cours sont certifi\u00e9s et imm\u00e9diatement \u00e9ligibles. Nous vous conseillons dans votre choix. <\/span><span data-ccp-props=\"{}\"> <\/span><\/p><p><span data-ccp-props=\"{}\"> <\/span><\/p><p><b><span data-contrast=\"auto\">  4. utiliser un bon de formation<\/span><\/b><span data-ccp-props=\"{}\"> <\/span><\/p><p><i><span data-contrast=\"auto\">Image stylis\u00e9e d&rsquo;une impression \u00e0 la main<\/span><\/i> <br><span data-contrast=\"auto\">Apportez votre ch\u00e8que-cadeau chez nous &#8211; nous discuterons ensemble du d\u00e9but de votre cours et r\u00e9pondrons \u00e0 toutes les questions en suspens.<\/span><span data-ccp-props=\"{}\"> <\/span><\/p><p><span data-ccp-props=\"{}\"> <\/span><\/p><p><b><span data-contrast=\"auto\">  5. d\u00e9marrer le cours<\/span><\/b><span data-ccp-props=\"{}\"> <\/span><\/p><p> <i><span data-contrast=\"auto\">Image stylis\u00e9e d&rsquo;une classe devant un tableau<\/span><\/i> <br><span data-contrast=\"auto\">C&rsquo;est parti ! Vous commencez votre formation continue ou votre reconversion &#8211; avec le soutien total d&rsquo;IEC. <\/span><span data-ccp-props=\"{}\"> <\/span><\/p><p><span data-ccp-props=\"{}\"> <\/span><\/p><p><b><span data-contrast=\"auto\">  Cours populaires avec bon de formation<\/span><\/b><span data-ccp-props=\"{}\"> <\/span><\/p><p><span data-contrast=\"auto\">De l&rsquo;informatique aux soins infirmiers en passant par les langues, vous trouverez chez IEC un large choix de cours \u00e9ligibles.<\/span> <br><span data-contrast=\"auto\">\ud83d\udc49<\/span><span data-contrast=\"auto\"> Voir tous les cours<\/span><span data-ccp-props=\"{}\"> <\/span><\/p>\t\t\t\t\t\t\t\t<\/div>\n\t\t\t\t<\/div>\n\t\t\t\t\t<\/div>\n\t\t\t\t<\/div>\n\t\t<div class=\"elementor-element elementor-element-0fd6c25 e-flex e-con-boxed e-con e-parent\" data-id=\"0fd6c25\" data-element_type=\"container\" data-e-type=\"container\">\n\t\t\t\t\t<div class=\"e-con-inner\">\n\t\t\t\t<div class=\"elementor-element elementor-element-2b3b3f0 elementor-widget elementor-widget-heading\" data-id=\"2b3b3f0\" data-element_type=\"widget\" data-e-type=\"widget\" data-widget_type=\"heading.default\">\n\t\t\t\t<div class=\"elementor-widget-container\">\n\t\t\t\t\t<h3 class=\"elementor-heading-title elementor-size-default\">  Vous avez des questions ? Nous sommes l\u00e0 pour vous aider. <\/h3>\t\t\t\t<\/div>\n\t\t\t\t<\/div>\n\t\t\t\t<div class=\"elementor-element elementor-element-9bc32c5 elementor-widget elementor-widget-text-editor\" data-id=\"9bc32c5\" data-element_type=\"widget\" data-e-type=\"widget\" data-widget_type=\"text-editor.default\">\n\t\t\t\t<div class=\"elementor-widget-container\">\n\t\t\t\t\t\t\t\t\t<p><span class=\"TextRun SCXW205985642 BCX8\" lang=\"DE-DE\" xml:lang=\"DE-DE\" data-contrast=\"auto\"><span class=\"NormalTextRun SCXW205985642 BCX8\">Notre \u00e9quipe vous conseille gratuitement et sans engagement &#8211; par t\u00e9l\u00e9phone, en ligne ou sur place.<\/span><\/span><\/p>\t\t\t\t\t\t\t\t<\/div>\n\t\t\t\t<\/div>\n\t\t\t\t<div class=\"elementor-element elementor-element-26fdc1c elementor-align-center elementor-widget elementor-widget-button\" data-id=\"26fdc1c\" data-element_type=\"widget\" data-e-type=\"widget\" data-widget_type=\"button.default\">\n\t\t\t\t<div class=\"elementor-widget-container\">\n\t\t\t\t\t\t\t\t\t<div class=\"elementor-button-wrapper\">\n\t\t\t\t\t<a class=\"elementor-button elementor-button-link elementor-size-sm\" href=\"#elementor-action%3Aaction%3Dpopup%3Aopen%26settings%3DeyJpZCI6MjAyNjIsInRvZ2dsZSI6ZmFsc2V9\">\n\t\t\t\t\t\t<span class=\"elementor-button-content-wrapper\">\n\t\t\t\t\t\t\t\t\t<span class=\"elementor-button-text\">Demandez conseil maintenant !<\/span>\n\t\t\t\t\t<\/span>\n\t\t\t\t\t<\/a>\n\t\t\t\t<\/div>\n\t\t\t\t\t\t\t\t<\/div>\n\t\t\t\t<\/div>\n\t\t\t\t\t<\/div>\n\t\t\t\t<\/div>\n\t\t\t\t<\/div>\n\t\t","protected":false},"excerpt":{"rendered":"<p>Bon de formation &#8211; formation continue financ\u00e9e jusqu&rsquo;\u00e0 100 D\u00e9marrez votre carri\u00e8re d\u00e8s maintenant avec l&rsquo;aide de l&rsquo;\u00c9tat et l&rsquo;IEC \u00e0 vos c\u00f4t\u00e9s Le site Bon de formation est une mesure de soutien de l&rsquo;Agence pour l&#8217;emploi ou du Jobcenter. Elle vous permet de poursuivre votre formation ou votre reconversion enti\u00e8rement gratuit Les \u00e9tudiants peuvent [&hellip;]<\/p>\n","protected":false},"author":77,"featured_media":0,"parent":0,"menu_order":0,"comment_status":"closed","ping_status":"closed","template":"","meta":{"_acf_changed":false,"footnotes":""},"class_list":["post-18762","page","type-page","status-publish","hentry"],"acf":[],"yoast_head":"<!-- This site is optimized with the Yoast SEO Premium plugin v25.9 (Yoast SEO v26.9) - https:\/\/yoast.com\/product\/yoast-seo-premium-wordpress\/ -->\n<title>Bon de formation - International Education Centers<\/title>\n<meta name=\"description\" content=\"Utilisez votre bon de formation \u00e0 Wuppertal avec IEC pour une formation continue subventionn\u00e9e. L&#039;\u00e9quipe IEC vous aidera gratuitement \u00e0 obtenir des conseils.\" \/>\n<meta name=\"robots\" content=\"index, follow, max-snippet:-1, max-image-preview:large, max-video-preview:-1\" \/>\n<link rel=\"canonical\" href=\"https:\/\/internationaleducationcenters.de\/fr\/bon-de-formation\/\" \/>\n<meta property=\"og:locale\" content=\"fr_FR\" \/>\n<meta property=\"og:type\" content=\"article\" \/>\n<meta property=\"og:title\" content=\"Bon de formation\" \/>\n<meta property=\"og:description\" content=\"Utilisez votre bon de formation \u00e0 Wuppertal avec IEC pour une formation continue subventionn\u00e9e. L&#039;\u00e9quipe IEC vous aidera gratuitement \u00e0 obtenir des conseils.\" \/>\n<meta property=\"og:url\" content=\"https:\/\/internationaleducationcenters.de\/fr\/bon-de-formation\/\" \/>\n<meta property=\"og:site_name\" content=\"International Education Centers\" \/>\n<meta property=\"article:publisher\" content=\"https:\/\/www.facebook.com\/InternationalEducationCenters\/\" \/>\n<meta property=\"article:modified_time\" content=\"2025-11-03T12:24:56+00:00\" \/>\n<meta name=\"twitter:card\" content=\"summary_large_image\" \/>\n<meta name=\"twitter:label1\" content=\"Dur\u00e9e de lecture estim\u00e9e\" \/>\n\t<meta name=\"twitter:data1\" content=\"2 minutes\" \/>\n<script type=\"application\/ld+json\" class=\"yoast-schema-graph\">{\"@context\":\"https:\/\/schema.org\",\"@graph\":[{\"@type\":\"WebPage\",\"@id\":\"https:\/\/internationaleducationcenters.de\/fr\/bon-de-formation\/\",\"url\":\"https:\/\/internationaleducationcenters.de\/fr\/bon-de-formation\/\",\"name\":\"Bon de formation - International Education Centers\",\"isPartOf\":{\"@id\":\"https:\/\/internationaleducationcenters.de\/fr\/#website\"},\"datePublished\":\"2025-10-09T11:37:00+00:00\",\"dateModified\":\"2025-11-03T12:24:56+00:00\",\"description\":\"Utilisez votre bon de formation \u00e0 Wuppertal avec IEC pour une formation continue subventionn\u00e9e. L'\u00e9quipe IEC vous aidera gratuitement \u00e0 obtenir des conseils.\",\"breadcrumb\":{\"@id\":\"https:\/\/internationaleducationcenters.de\/fr\/bon-de-formation\/#breadcrumb\"},\"inLanguage\":\"fr-FR\",\"potentialAction\":[{\"@type\":\"ReadAction\",\"target\":[\"https:\/\/internationaleducationcenters.de\/fr\/bon-de-formation\/\"]}]},{\"@type\":\"BreadcrumbList\",\"@id\":\"https:\/\/internationaleducationcenters.de\/fr\/bon-de-formation\/#breadcrumb\",\"itemListElement\":[{\"@type\":\"ListItem\",\"position\":1,\"name\":\"Home\",\"item\":\"https:\/\/internationaleducationcenters.de\/fr\/\"},{\"@type\":\"ListItem\",\"position\":2,\"name\":\"Bon de formation\"}]},{\"@type\":\"WebSite\",\"@id\":\"https:\/\/internationaleducationcenters.de\/fr\/#website\",\"url\":\"https:\/\/internationaleducationcenters.de\/fr\/\",\"name\":\"International Education Centers\",\"description\":\"\",\"publisher\":{\"@id\":\"https:\/\/internationaleducationcenters.de\/fr\/#organization\"},\"potentialAction\":[{\"@type\":\"SearchAction\",\"target\":{\"@type\":\"EntryPoint\",\"urlTemplate\":\"https:\/\/internationaleducationcenters.de\/fr\/?s={search_term_string}\"},\"query-input\":{\"@type\":\"PropertyValueSpecification\",\"valueRequired\":true,\"valueName\":\"search_term_string\"}}],\"inLanguage\":\"fr-FR\"},{\"@type\":\"Organization\",\"@id\":\"https:\/\/internationaleducationcenters.de\/fr\/#organization\",\"name\":\"International Education Centers\",\"alternateName\":\"IEC\",\"url\":\"https:\/\/internationaleducationcenters.de\/fr\/\",\"logo\":{\"@type\":\"ImageObject\",\"inLanguage\":\"fr-FR\",\"@id\":\"https:\/\/internationaleducationcenters.de\/fr\/#\/schema\/logo\/image\/\",\"url\":\"https:\/\/internationaleducationcenters.de\/wp-content\/uploads\/2025\/08\/IEC_favicon-1.png\",\"contentUrl\":\"https:\/\/internationaleducationcenters.de\/wp-content\/uploads\/2025\/08\/IEC_favicon-1.png\",\"width\":512,\"height\":512,\"caption\":\"International Education Centers\"},\"image\":{\"@id\":\"https:\/\/internationaleducationcenters.de\/fr\/#\/schema\/logo\/image\/\"},\"sameAs\":[\"https:\/\/www.facebook.com\/InternationalEducationCenters\/\"]}]}<\/script>\n<!-- \/ Yoast SEO Premium plugin. -->","yoast_head_json":{"title":"Bon de formation - International Education Centers","description":"Utilisez votre bon de formation \u00e0 Wuppertal avec IEC pour une formation continue subventionn\u00e9e. L'\u00e9quipe IEC vous aidera gratuitement \u00e0 obtenir des conseils.","robots":{"index":"index","follow":"follow","max-snippet":"max-snippet:-1","max-image-preview":"max-image-preview:large","max-video-preview":"max-video-preview:-1"},"canonical":"https:\/\/internationaleducationcenters.de\/fr\/bon-de-formation\/","og_locale":"fr_FR","og_type":"article","og_title":"Bon de formation","og_description":"Utilisez votre bon de formation \u00e0 Wuppertal avec IEC pour une formation continue subventionn\u00e9e. L'\u00e9quipe IEC vous aidera gratuitement \u00e0 obtenir des conseils.","og_url":"https:\/\/internationaleducationcenters.de\/fr\/bon-de-formation\/","og_site_name":"International Education Centers","article_publisher":"https:\/\/www.facebook.com\/InternationalEducationCenters\/","article_modified_time":"2025-11-03T12:24:56+00:00","twitter_card":"summary_large_image","twitter_misc":{"Dur\u00e9e de lecture estim\u00e9e":"2 minutes"},"schema":{"@context":"https:\/\/schema.org","@graph":[{"@type":"WebPage","@id":"https:\/\/internationaleducationcenters.de\/fr\/bon-de-formation\/","url":"https:\/\/internationaleducationcenters.de\/fr\/bon-de-formation\/","name":"Bon de formation - International Education Centers","isPartOf":{"@id":"https:\/\/internationaleducationcenters.de\/fr\/#website"},"datePublished":"2025-10-09T11:37:00+00:00","dateModified":"2025-11-03T12:24:56+00:00","description":"Utilisez votre bon de formation \u00e0 Wuppertal avec IEC pour une formation continue subventionn\u00e9e. L'\u00e9quipe IEC vous aidera gratuitement \u00e0 obtenir des conseils.","breadcrumb":{"@id":"https:\/\/internationaleducationcenters.de\/fr\/bon-de-formation\/#breadcrumb"},"inLanguage":"fr-FR","potentialAction":[{"@type":"ReadAction","target":["https:\/\/internationaleducationcenters.de\/fr\/bon-de-formation\/"]}]},{"@type":"BreadcrumbList","@id":"https:\/\/internationaleducationcenters.de\/fr\/bon-de-formation\/#breadcrumb","itemListElement":[{"@type":"ListItem","position":1,"name":"Home","item":"https:\/\/internationaleducationcenters.de\/fr\/"},{"@type":"ListItem","position":2,"name":"Bon de formation"}]},{"@type":"WebSite","@id":"https:\/\/internationaleducationcenters.de\/fr\/#website","url":"https:\/\/internationaleducationcenters.de\/fr\/","name":"International Education Centers","description":"","publisher":{"@id":"https:\/\/internationaleducationcenters.de\/fr\/#organization"},"potentialAction":[{"@type":"SearchAction","target":{"@type":"EntryPoint","urlTemplate":"https:\/\/internationaleducationcenters.de\/fr\/?s={search_term_string}"},"query-input":{"@type":"PropertyValueSpecification","valueRequired":true,"valueName":"search_term_string"}}],"inLanguage":"fr-FR"},{"@type":"Organization","@id":"https:\/\/internationaleducationcenters.de\/fr\/#organization","name":"International Education Centers","alternateName":"IEC","url":"https:\/\/internationaleducationcenters.de\/fr\/","logo":{"@type":"ImageObject","inLanguage":"fr-FR","@id":"https:\/\/internationaleducationcenters.de\/fr\/#\/schema\/logo\/image\/","url":"https:\/\/internationaleducationcenters.de\/wp-content\/uploads\/2025\/08\/IEC_favicon-1.png","contentUrl":"https:\/\/internationaleducationcenters.de\/wp-content\/uploads\/2025\/08\/IEC_favicon-1.png","width":512,"height":512,"caption":"International Education Centers"},"image":{"@id":"https:\/\/internationaleducationcenters.de\/fr\/#\/schema\/logo\/image\/"},"sameAs":["https:\/\/www.facebook.com\/InternationalEducationCenters\/"]}]}},"_links":{"self":[{"href":"https:\/\/internationaleducationcenters.de\/fr\/wp-json\/wp\/v2\/pages\/18762","targetHints":{"allow":["GET"]}}],"collection":[{"href":"https:\/\/internationaleducationcenters.de\/fr\/wp-json\/wp\/v2\/pages"}],"about":[{"href":"https:\/\/internationaleducationcenters.de\/fr\/wp-json\/wp\/v2\/types\/page"}],"author":[{"embeddable":true,"href":"https:\/\/internationaleducationcenters.de\/fr\/wp-json\/wp\/v2\/users\/77"}],"replies":[{"embeddable":true,"href":"https:\/\/internationaleducationcenters.de\/fr\/wp-json\/wp\/v2\/comments?post=18762"}],"version-history":[{"count":1,"href":"https:\/\/internationaleducationcenters.de\/fr\/wp-json\/wp\/v2\/pages\/18762\/revisions"}],"predecessor-version":[{"id":18763,"href":"https:\/\/internationaleducationcenters.de\/fr\/wp-json\/wp\/v2\/pages\/18762\/revisions\/18763"}],"wp:attachment":[{"href":"https:\/\/internationaleducationcenters.de\/fr\/wp-json\/wp\/v2\/media?parent=18762"}],"curies":[{"name":"wp","href":"https:\/\/api.w.org\/{rel}","templated":true}]}}