{"id":18858,"date":"2025-10-09T12:09:44","date_gmt":"2025-10-09T10:09:44","guid":{"rendered":"https:\/\/internationaleducationcenters.de\/ascenseur-bafoeg\/"},"modified":"2025-11-03T13:36:46","modified_gmt":"2025-11-03T12:36:46","slug":"ascenseur-bafoeg","status":"publish","type":"page","link":"https:\/\/internationaleducationcenters.de\/fr\/ascenseur-bafoeg\/","title":{"rendered":"Ascenseur BAf\u00f6G"},"content":{"rendered":"\t\t<div data-elementor-type=\"wp-page\" data-elementor-id=\"18858\" class=\"elementor elementor-18858 elementor-15378\" data-elementor-post-type=\"page\">\n\t\t\t\t<div class=\"elementor-element elementor-element-96d9f72 e-flex e-con-boxed e-con e-parent\" data-id=\"96d9f72\" data-element_type=\"container\" data-e-type=\"container\" data-settings=\"{&quot;background_background&quot;:&quot;classic&quot;}\">\n\t\t\t\t\t<div class=\"e-con-inner\">\n\t\t\t\t\t<\/div>\n\t\t\t\t<\/div>\n\t\t<div class=\"elementor-element elementor-element-ba87d80 e-flex e-con-boxed e-con e-parent\" data-id=\"ba87d80\" data-element_type=\"container\" data-e-type=\"container\">\n\t\t\t\t\t<div class=\"e-con-inner\">\n\t\t\t\t<div class=\"elementor-element elementor-element-30eb311 elementor-widget elementor-widget-spacer\" data-id=\"30eb311\" data-element_type=\"widget\" data-e-type=\"widget\" data-widget_type=\"spacer.default\">\n\t\t\t\t<div class=\"elementor-widget-container\">\n\t\t\t\t\t\t\t<div class=\"elementor-spacer\">\n\t\t\t<div class=\"elementor-spacer-inner\"><\/div>\n\t\t<\/div>\n\t\t\t\t\t\t<\/div>\n\t\t\t\t<\/div>\n\t\t\t\t<div class=\"elementor-element elementor-element-432e3ed elementor-widget elementor-widget-heading\" data-id=\"432e3ed\" data-element_type=\"widget\" data-e-type=\"widget\" data-widget_type=\"heading.default\">\n\t\t\t\t<div class=\"elementor-widget-container\">\n\t\t\t\t\t<h2 class=\"elementor-heading-title elementor-size-default\">Aufstiegs-BAf\u00f6G - Votre carri\u00e8re, soutenue par l'\u00c9tat<\/h2>\t\t\t\t<\/div>\n\t\t\t\t<\/div>\n\t\t\t\t<div class=\"elementor-element elementor-element-3838acc elementor-widget elementor-widget-heading\" data-id=\"3838acc\" data-element_type=\"widget\" data-e-type=\"widget\" data-widget_type=\"heading.default\">\n\t\t\t\t<div class=\"elementor-widget-container\">\n\t\t\t\t\t<h4 class=\"elementor-heading-title elementor-size-default\">D\u00e9marrez votre carri\u00e8re d\u00e8s maintenant avec le soutien financier de l'\u00c9tat et l'IEC \u00e0 vos c\u00f4t\u00e9s  <\/h4>\t\t\t\t<\/div>\n\t\t\t\t<\/div>\n\t\t\t\t<div class=\"elementor-element elementor-element-e8a31e7 elementor-widget elementor-widget-text-editor\" data-id=\"e8a31e7\" data-element_type=\"widget\" data-e-type=\"widget\" data-widget_type=\"text-editor.default\">\n\t\t\t\t<div class=\"elementor-widget-container\">\n\t\t\t\t\t\t\t\t\t<p>Le \u00ab\u00a0Aufstiegs-BAf\u00f6G\u00a0\u00bb (anciennement \u00ab\u00a0Meister-BAf\u00f6G\u00a0\u00bb) est une aide publique destin\u00e9e aux professionnels,  <strong data-start=\"1229\" data-end=\"1333\">qui souhaitent \u00e9voluer professionnellement parce qu&rsquo;ils veulent \u00eatre acteurs de leur carri\u00e8re. De plus, <\/strong>  le programme soutient le passage \u00e0 l&rsquo;ind\u00e9pendance <strong data-start=\"1392\" data-end=\"1406\">et offre<\/strong> un all\u00e8gement financier pendant la formation continue.<br>Que ce soit \u00e0 plein temps ou en cours d&#8217;emploi, <strong data-start=\"1693\" data-end=\"1725\">avec IEC, vous trouverez non seulement<\/strong> la formation qui vous convient <strong data-start=\"1752\" data-end=\"1777\">, mais vous b\u00e9n\u00e9ficierez \u00e9galement<\/strong> d&rsquo;un soutien \u00e0 chaque \u00e9tape.<\/p>\t\t\t\t\t\t\t\t<\/div>\n\t\t\t\t<\/div>\n\t\t\t\t\t<\/div>\n\t\t\t\t<\/div>\n\t\t<div class=\"elementor-element elementor-element-d0ad608 e-flex e-con-boxed e-con e-parent\" data-id=\"d0ad608\" data-element_type=\"container\" data-e-type=\"container\">\n\t\t\t\t\t<div class=\"e-con-inner\">\n\t\t\t\t<div class=\"elementor-element elementor-element-c8232b3 elementor-widget elementor-widget-heading\" data-id=\"c8232b3\" data-element_type=\"widget\" data-e-type=\"widget\" data-widget_type=\"heading.default\">\n\t\t\t\t<div class=\"elementor-widget-container\">\n\t\t\t\t\t<h4 class=\"elementor-heading-title elementor-size-default\">Pourquoi choisir IEC ? Parce que nous offrons plus. <\/h4>\t\t\t\t<\/div>\n\t\t\t\t<\/div>\n\t\t\t\t<div class=\"elementor-element elementor-element-01d607b elementor-icon-list--layout-traditional elementor-list-item-link-full_width elementor-widget elementor-widget-icon-list\" data-id=\"01d607b\" data-element_type=\"widget\" data-e-type=\"widget\" data-widget_type=\"icon-list.default\">\n\t\t\t\t<div class=\"elementor-widget-container\">\n\t\t\t\t\t\t\t<ul class=\"elementor-icon-list-items\">\n\t\t\t\t\t\t\t<li class=\"elementor-icon-list-item\">\n\t\t\t\t\t\t\t\t\t\t\t<span class=\"elementor-icon-list-icon\">\n\t\t\t\t\t\t\t<svg aria-hidden=\"true\" class=\"e-font-icon-svg e-fas-check\" viewBox=\"0 0 512 512\" xmlns=\"http:\/\/www.w3.org\/2000\/svg\"><path d=\"M173.898 439.404l-166.4-166.4c-9.997-9.997-9.997-26.206 0-36.204l36.203-36.204c9.997-9.998 26.207-9.998 36.204 0L192 312.69 432.095 72.596c9.997-9.997 26.207-9.997 36.204 0l36.203 36.204c9.997 9.997 9.997 26.206 0 36.204l-294.4 294.401c-9.998 9.997-26.207 9.997-36.204-.001z\"><\/path><\/svg>\t\t\t\t\t\t<\/span>\n\t\t\t\t\t\t\t\t\t\t<span class=\"elementor-icon-list-text\">Conseils gratuits sur la bourse d'\u00e9tudes ascendante (Aufstiegs-BAf\u00f6G)<\/span>\n\t\t\t\t\t\t\t\t\t<\/li>\n\t\t\t\t\t\t\t\t<li class=\"elementor-icon-list-item\">\n\t\t\t\t\t\t\t\t\t\t\t<span class=\"elementor-icon-list-icon\">\n\t\t\t\t\t\t\t<svg aria-hidden=\"true\" class=\"e-font-icon-svg e-fas-check\" viewBox=\"0 0 512 512\" xmlns=\"http:\/\/www.w3.org\/2000\/svg\"><path d=\"M173.898 439.404l-166.4-166.4c-9.997-9.997-9.997-26.206 0-36.204l36.203-36.204c9.997-9.998 26.207-9.998 36.204 0L192 312.69 432.095 72.596c9.997-9.997 26.207-9.997 36.204 0l36.203 36.204c9.997 9.997 9.997 26.206 0 36.204l-294.4 294.401c-9.998 9.997-26.207 9.997-36.204-.001z\"><\/path><\/svg>\t\t\t\t\t\t<\/span>\n\t\t\t\t\t\t\t\t\t\t<span class=\"elementor-icon-list-text\">  Formations certifi\u00e9es - \u00e9ligibles et pratiques<\/span>\n\t\t\t\t\t\t\t\t\t<\/li>\n\t\t\t\t\t\t\t\t<li class=\"elementor-icon-list-item\">\n\t\t\t\t\t\t\t\t\t\t\t<span class=\"elementor-icon-list-icon\">\n\t\t\t\t\t\t\t<svg aria-hidden=\"true\" class=\"e-font-icon-svg e-fas-check\" viewBox=\"0 0 512 512\" xmlns=\"http:\/\/www.w3.org\/2000\/svg\"><path d=\"M173.898 439.404l-166.4-166.4c-9.997-9.997-9.997-26.206 0-36.204l36.203-36.204c9.997-9.998 26.207-9.998 36.204 0L192 312.69 432.095 72.596c9.997-9.997 26.207-9.997 36.204 0l36.203 36.204c9.997 9.997 9.997 26.206 0 36.204l-294.4 294.401c-9.998 9.997-26.207 9.997-36.204-.001z\"><\/path><\/svg>\t\t\t\t\t\t<\/span>\n\t\t\t\t\t\t\t\t\t\t<span class=\"elementor-icon-list-text\">Accompagnement lors de la demande - nous vous aidons \u00e0 surmonter la paperasserie<\/span>\n\t\t\t\t\t\t\t\t\t<\/li>\n\t\t\t\t\t\t\t\t<li class=\"elementor-icon-list-item\">\n\t\t\t\t\t\t\t\t\t\t\t<span class=\"elementor-icon-list-icon\">\n\t\t\t\t\t\t\t<svg aria-hidden=\"true\" class=\"e-font-icon-svg e-fas-check\" viewBox=\"0 0 512 512\" xmlns=\"http:\/\/www.w3.org\/2000\/svg\"><path d=\"M173.898 439.404l-166.4-166.4c-9.997-9.997-9.997-26.206 0-36.204l36.203-36.204c9.997-9.998 26.207-9.998 36.204 0L192 312.69 432.095 72.596c9.997-9.997 26.207-9.997 36.204 0l36.203 36.204c9.997 9.997 9.997 26.206 0 36.204l-294.4 294.401c-9.998 9.997-26.207 9.997-36.204-.001z\"><\/path><\/svg>\t\t\t\t\t\t<\/span>\n\t\t\t\t\t\t\t\t\t\t<span class=\"elementor-icon-list-text\">Mod\u00e8les de cours flexibles - en ligne, hybrides ou sur site<\/span>\n\t\t\t\t\t\t\t\t\t<\/li>\n\t\t\t\t\t\t\t\t<li class=\"elementor-icon-list-item\">\n\t\t\t\t\t\t\t\t\t\t\t<span class=\"elementor-icon-list-icon\">\n\t\t\t\t\t\t\t<svg aria-hidden=\"true\" class=\"e-font-icon-svg e-fas-check\" viewBox=\"0 0 512 512\" xmlns=\"http:\/\/www.w3.org\/2000\/svg\"><path d=\"M173.898 439.404l-166.4-166.4c-9.997-9.997-9.997-26.206 0-36.204l36.203-36.204c9.997-9.998 26.207-9.998 36.204 0L192 312.69 432.095 72.596c9.997-9.997 26.207-9.997 36.204 0l36.203 36.204c9.997 9.997 9.997 26.206 0 36.204l-294.4 294.401c-9.998 9.997-26.207 9.997-36.204-.001z\"><\/path><\/svg>\t\t\t\t\t\t<\/span>\n\t\t\t\t\t\t\t\t\t\t<span class=\"elementor-icon-list-text\">Une \u00e9quipe motiv\u00e9e - nous sommes l\u00e0 pour vous jusqu'\u00e0 l'obtention de votre dipl\u00f4me<\/span>\n\t\t\t\t\t\t\t\t\t<\/li>\n\t\t\t\t\t\t<\/ul>\n\t\t\t\t\t\t<\/div>\n\t\t\t\t<\/div>\n\t\t\t\t\t<\/div>\n\t\t\t\t<\/div>\n\t\t<div class=\"elementor-element elementor-element-1c44c86 e-flex e-con-boxed e-con e-parent\" data-id=\"1c44c86\" data-element_type=\"container\" data-e-type=\"container\">\n\t\t\t\t\t<div class=\"e-con-inner\">\n\t\t\t\t<div class=\"elementor-element elementor-element-a072e42 elementor-widget elementor-widget-heading\" data-id=\"a072e42\" data-element_type=\"widget\" data-e-type=\"widget\" data-widget_type=\"heading.default\">\n\t\t\t\t<div class=\"elementor-widget-container\">\n\t\t\t\t\t<h4 class=\"elementor-heading-title elementor-size-default\">Obtenir une bourse d'\u00e9tudes en 5 \u00e9tapes<\/h4>\t\t\t\t<\/div>\n\t\t\t\t<\/div>\n\t\t\t\t<div class=\"elementor-element elementor-element-cc46957 elementor-widget elementor-widget-text-editor\" data-id=\"cc46957\" data-element_type=\"widget\" data-e-type=\"widget\" data-widget_type=\"text-editor.default\">\n\t\t\t\t<div class=\"elementor-widget-container\">\n\t\t\t\t\t\t\t\t\t<p><b><span data-contrast=\"auto\">1. faire une demande en ligne<\/span><\/b><\/p><p> <i><span data-contrast=\"auto\">Image stylis\u00e9e d&rsquo;un ordinateur portable<\/span><\/i> <br><span data-contrast=\"auto\">Visitez le site web du Minist\u00e8re f\u00e9d\u00e9ral de l&rsquo;Education et de la Recherche et lancez votre demande.<\/span><span data-ccp-props=\"{}\"> <\/span><\/p><p><span data-contrast=\"auto\">\ud83d\udc49<\/span><a href=\"https:\/\/www.aufstiegs-bafoeg.de\/aufstiegsbafoeg\/de\/ihr-weg-zur-foerderung\/antrag-stellen\/antrag-stellen.html\"><span data-contrast=\"auto\"> Vers le site web du BMBF <\/span><\/a> <\/p><p><span data-ccp-props=\"{}\"> <\/span><\/p><p><b><span data-contrast=\"auto\">  2. choisir l&rsquo;\u00c9tat et lire les instructions<\/span><\/b><span data-ccp-props=\"{}\"> <\/span><\/p><p> <i><span data-contrast=\"auto\">Image stylis\u00e9e d&rsquo;une fiche et d&rsquo;un stylo<\/span><\/i> <br><span data-contrast=\"auto\">Cliquez sur votre \u00e9tat et renseignez-vous sur les sp\u00e9cificit\u00e9s et les exigences r\u00e9gionales.<\/span><span data-ccp-props=\"{}\"> <\/span><\/p><p><span data-ccp-props=\"{}\"> <\/span><\/p><p><b><span data-contrast=\"auto\">3. ouvrir les formulaires de demande<\/span><\/b><span data-ccp-props=\"{}\"> <\/span><\/p><p> <i><span data-contrast=\"auto\">Image stylis\u00e9e d&rsquo;une loupe<\/span><\/i> <br><span data-contrast=\"auto\">S\u00e9lectionnez les formulaires appropri\u00e9s pour l&rsquo;aide \u00e0 la promotion selon l&rsquo;AFBG.<\/span> <br><span data-contrast=\"auto\">\ud83d\udc49<\/span><span data-contrast=\"auto\"><a href=\"https:\/\/www.aufstiegs-bafoeg.de\/aufstiegsbafoeg\/de\/ihr-weg-zur-foerderung\/antragsformulare\/antragsformulare-fuer-die-aufstiegsfoerderung-gemaess-afbg.html\"> Vers les formulaires<\/a> <\/span> <\/p><p><span data-ccp-props=\"{}\"> <\/span><\/p><p><b><span data-contrast=\"auto\">  4. trouver l&rsquo;autorit\u00e9 comp\u00e9tente<\/span><\/b><span data-ccp-props=\"{}\"> <\/span><\/p><p><i><span data-contrast=\"auto\">Image stylis\u00e9e d&rsquo;une loupe<\/span><\/i> <br><span data-contrast=\"auto\">Utilisez la recherche par code postal pour trouver le bureau d&rsquo;aide \u00e0 la formation dont vous d\u00e9pendez.<\/span><span data-ccp-props=\"{}\"> <\/span><\/p><p><span data-ccp-props=\"{}\"> <\/span><\/p><p><b><span data-contrast=\"auto\">  5. remplir et soumettre des formulaires<\/span><\/b><span data-ccp-props=\"{}\"> <\/span><\/p><p> <i><span data-contrast=\"auto\">Image stylis\u00e9e d&rsquo;un document sign\u00e9<\/span><\/i> <br><span data-contrast=\"auto\">Remplissez les formulaires &#8211; dans certains \u00c9tats, vous pouvez \u00e9galement le faire en ligne. Vous trouverez des instructions sur la mani\u00e8re de remplir le formulaire directement dans celui-ci. <\/span><span data-ccp-props=\"{}\"> <\/span><\/p><p> <b><span data-contrast=\"auto\">Conseil :<\/span><\/b><span data-contrast=\"auto\"> T\u00e9l\u00e9chargez notre fiche d&rsquo;information &#8211; compacte, compr\u00e9hensible et directement adapt\u00e9e \u00e0 votre formation.<\/span> <br><span data-contrast=\"auto\">\ud83d\udc49<\/span><span data-contrast=\"auto\"> T\u00e9l\u00e9charger la fiche d&rsquo;information<\/span><span data-ccp-props=\"{}\"> <\/span><\/p><p> <\/p><p><b><span data-contrast=\"auto\">  Formations continues populaires chez IEC<\/span><\/b><span data-ccp-props=\"{}\"> <\/span><\/p><p><span data-contrast=\"auto\">Du brevet de technicien sup\u00e9rieur \u00e0 la ma\u00eetrise en passant par les formations continues en informatique, nous vous proposons des cours pratiques avec des perspectives d&rsquo;avenir.<\/span> <br><span data-contrast=\"auto\">\ud83d\udc49<\/span><span data-contrast=\"auto\"> Voir toutes les formations continues<\/span><span data-ccp-props=\"{}\"> <\/span><\/p>\t\t\t\t\t\t\t\t<\/div>\n\t\t\t\t<\/div>\n\t\t\t\t\t<\/div>\n\t\t\t\t<\/div>\n\t\t<div class=\"elementor-element elementor-element-93ad64f e-flex e-con-boxed e-con e-parent\" data-id=\"93ad64f\" data-element_type=\"container\" data-e-type=\"container\">\n\t\t\t\t\t<div class=\"e-con-inner\">\n\t\t\t\t<div class=\"elementor-element elementor-element-1c93035 elementor-widget elementor-widget-heading\" data-id=\"1c93035\" data-element_type=\"widget\" data-e-type=\"widget\" data-widget_type=\"heading.default\">\n\t\t\t\t<div class=\"elementor-widget-container\">\n\t\t\t\t\t<h4 class=\"elementor-heading-title elementor-size-default\">Vous avez des questions ? Nous sommes l\u00e0 pour vous aider. <\/h4>\t\t\t\t<\/div>\n\t\t\t\t<\/div>\n\t\t\t\t<div class=\"elementor-element elementor-element-770a6e2 elementor-widget elementor-widget-text-editor\" data-id=\"770a6e2\" data-element_type=\"widget\" data-e-type=\"widget\" data-widget_type=\"text-editor.default\">\n\t\t\t\t<div class=\"elementor-widget-container\">\n\t\t\t\t\t\t\t\t\t<p><span class=\"NormalTextRun SCXW75550755 BCX8\">Notre <\/span><span class=\"NormalTextRun SpellingErrorV2Themed SCXW75550755 BCX8\">Expert(e)s<\/span><span class=\"NormalTextRun SCXW75550755 BCX8\"> vous conseillent gratuitement et vous accompagnent tout au long de votre demande.<\/span><\/p>\t\t\t\t\t\t\t\t<\/div>\n\t\t\t\t<\/div>\n\t\t\t\t<div class=\"elementor-element elementor-element-736ad4b elementor-align-center elementor-widget elementor-widget-button\" data-id=\"736ad4b\" data-element_type=\"widget\" data-e-type=\"widget\" data-widget_type=\"button.default\">\n\t\t\t\t<div class=\"elementor-widget-container\">\n\t\t\t\t\t\t\t\t\t<div class=\"elementor-button-wrapper\">\n\t\t\t\t\t<a class=\"elementor-button elementor-button-link elementor-size-sm\" href=\"#elementor-action%3Aaction%3Dpopup%3Aopen%26settings%3DeyJpZCI6MjAyNjIsInRvZ2dsZSI6ZmFsc2V9\">\n\t\t\t\t\t\t<span class=\"elementor-button-content-wrapper\">\n\t\t\t\t\t\t\t\t\t<span class=\"elementor-button-text\">Demandez conseil maintenant !<\/span>\n\t\t\t\t\t<\/span>\n\t\t\t\t\t<\/a>\n\t\t\t\t<\/div>\n\t\t\t\t\t\t\t\t<\/div>\n\t\t\t\t<\/div>\n\t\t\t\t\t<\/div>\n\t\t\t\t<\/div>\n\t\t\t\t<\/div>\n\t\t","protected":false},"excerpt":{"rendered":"<p>Aufstiegs-BAf\u00f6G &#8211; Votre carri\u00e8re, soutenue par l&rsquo;\u00c9tat D\u00e9marrez votre carri\u00e8re d\u00e8s maintenant avec le soutien financier de l&rsquo;\u00c9tat et l&rsquo;IEC \u00e0 vos c\u00f4t\u00e9s Le \u00ab\u00a0Aufstiegs-BAf\u00f6G\u00a0\u00bb (anciennement \u00ab\u00a0Meister-BAf\u00f6G\u00a0\u00bb) est une aide publique destin\u00e9e aux professionnels, qui souhaitent \u00e9voluer professionnellement parce qu&rsquo;ils veulent \u00eatre acteurs de leur carri\u00e8re. De plus, le programme soutient le passage \u00e0 l&rsquo;ind\u00e9pendance [&hellip;]<\/p>\n","protected":false},"author":77,"featured_media":0,"parent":0,"menu_order":0,"comment_status":"closed","ping_status":"closed","template":"","meta":{"_acf_changed":false,"footnotes":""},"class_list":["post-18858","page","type-page","status-publish","hentry"],"acf":[],"yoast_head":"<!-- This site is optimized with the Yoast SEO Premium plugin v25.9 (Yoast SEO v26.9) - https:\/\/yoast.com\/product\/yoast-seo-premium-wordpress\/ -->\n<title>Ascenseur BAf\u00f6G - International Education Centers<\/title>\n<meta name=\"description\" content=\"Obtenez un soutien financier pour votre formation professionnelle continue gr\u00e2ce \u00e0 la bourse d&#039;\u00e9tudes ascendante (Aufstiegs-BAf\u00f6G) \u00e0 Wuppertal aupr\u00e8s d&#039;IEC.\" \/>\n<meta name=\"robots\" content=\"index, follow, max-snippet:-1, max-image-preview:large, max-video-preview:-1\" \/>\n<link rel=\"canonical\" href=\"https:\/\/internationaleducationcenters.de\/fr\/ascenseur-bafoeg\/\" \/>\n<meta property=\"og:locale\" content=\"fr_FR\" \/>\n<meta property=\"og:type\" content=\"article\" \/>\n<meta property=\"og:title\" content=\"Ascenseur BAf\u00f6G\" \/>\n<meta property=\"og:description\" content=\"Obtenez un soutien financier pour votre formation professionnelle continue gr\u00e2ce \u00e0 la bourse d&#039;\u00e9tudes ascendante (Aufstiegs-BAf\u00f6G) \u00e0 Wuppertal aupr\u00e8s d&#039;IEC.\" \/>\n<meta property=\"og:url\" content=\"https:\/\/internationaleducationcenters.de\/fr\/ascenseur-bafoeg\/\" \/>\n<meta property=\"og:site_name\" content=\"International Education Centers\" \/>\n<meta property=\"article:publisher\" content=\"https:\/\/www.facebook.com\/InternationalEducationCenters\/\" \/>\n<meta property=\"article:modified_time\" content=\"2025-11-03T12:36:46+00:00\" \/>\n<meta name=\"twitter:card\" content=\"summary_large_image\" \/>\n<meta name=\"twitter:label1\" content=\"Dur\u00e9e de lecture estim\u00e9e\" \/>\n\t<meta name=\"twitter:data1\" content=\"2 minutes\" \/>\n<script type=\"application\/ld+json\" class=\"yoast-schema-graph\">{\"@context\":\"https:\/\/schema.org\",\"@graph\":[{\"@type\":\"WebPage\",\"@id\":\"https:\/\/internationaleducationcenters.de\/fr\/ascenseur-bafoeg\/\",\"url\":\"https:\/\/internationaleducationcenters.de\/fr\/ascenseur-bafoeg\/\",\"name\":\"Ascenseur BAf\u00f6G - International Education Centers\",\"isPartOf\":{\"@id\":\"https:\/\/internationaleducationcenters.de\/fr\/#website\"},\"datePublished\":\"2025-10-09T10:09:44+00:00\",\"dateModified\":\"2025-11-03T12:36:46+00:00\",\"description\":\"Obtenez un soutien financier pour votre formation professionnelle continue gr\u00e2ce \u00e0 la bourse d'\u00e9tudes ascendante (Aufstiegs-BAf\u00f6G) \u00e0 Wuppertal aupr\u00e8s d'IEC.\",\"breadcrumb\":{\"@id\":\"https:\/\/internationaleducationcenters.de\/fr\/ascenseur-bafoeg\/#breadcrumb\"},\"inLanguage\":\"fr-FR\",\"potentialAction\":[{\"@type\":\"ReadAction\",\"target\":[\"https:\/\/internationaleducationcenters.de\/fr\/ascenseur-bafoeg\/\"]}]},{\"@type\":\"BreadcrumbList\",\"@id\":\"https:\/\/internationaleducationcenters.de\/fr\/ascenseur-bafoeg\/#breadcrumb\",\"itemListElement\":[{\"@type\":\"ListItem\",\"position\":1,\"name\":\"Home\",\"item\":\"https:\/\/internationaleducationcenters.de\/fr\/\"},{\"@type\":\"ListItem\",\"position\":2,\"name\":\"Ascenseur BAf\u00f6G\"}]},{\"@type\":\"WebSite\",\"@id\":\"https:\/\/internationaleducationcenters.de\/fr\/#website\",\"url\":\"https:\/\/internationaleducationcenters.de\/fr\/\",\"name\":\"International Education Centers\",\"description\":\"\",\"publisher\":{\"@id\":\"https:\/\/internationaleducationcenters.de\/fr\/#organization\"},\"potentialAction\":[{\"@type\":\"SearchAction\",\"target\":{\"@type\":\"EntryPoint\",\"urlTemplate\":\"https:\/\/internationaleducationcenters.de\/fr\/?s={search_term_string}\"},\"query-input\":{\"@type\":\"PropertyValueSpecification\",\"valueRequired\":true,\"valueName\":\"search_term_string\"}}],\"inLanguage\":\"fr-FR\"},{\"@type\":\"Organization\",\"@id\":\"https:\/\/internationaleducationcenters.de\/fr\/#organization\",\"name\":\"International Education Centers\",\"alternateName\":\"IEC\",\"url\":\"https:\/\/internationaleducationcenters.de\/fr\/\",\"logo\":{\"@type\":\"ImageObject\",\"inLanguage\":\"fr-FR\",\"@id\":\"https:\/\/internationaleducationcenters.de\/fr\/#\/schema\/logo\/image\/\",\"url\":\"https:\/\/internationaleducationcenters.de\/wp-content\/uploads\/2025\/08\/IEC_favicon-1.png\",\"contentUrl\":\"https:\/\/internationaleducationcenters.de\/wp-content\/uploads\/2025\/08\/IEC_favicon-1.png\",\"width\":512,\"height\":512,\"caption\":\"International Education Centers\"},\"image\":{\"@id\":\"https:\/\/internationaleducationcenters.de\/fr\/#\/schema\/logo\/image\/\"},\"sameAs\":[\"https:\/\/www.facebook.com\/InternationalEducationCenters\/\"]}]}<\/script>\n<!-- \/ Yoast SEO Premium plugin. -->","yoast_head_json":{"title":"Ascenseur BAf\u00f6G - International Education Centers","description":"Obtenez un soutien financier pour votre formation professionnelle continue gr\u00e2ce \u00e0 la bourse d'\u00e9tudes ascendante (Aufstiegs-BAf\u00f6G) \u00e0 Wuppertal aupr\u00e8s d'IEC.","robots":{"index":"index","follow":"follow","max-snippet":"max-snippet:-1","max-image-preview":"max-image-preview:large","max-video-preview":"max-video-preview:-1"},"canonical":"https:\/\/internationaleducationcenters.de\/fr\/ascenseur-bafoeg\/","og_locale":"fr_FR","og_type":"article","og_title":"Ascenseur BAf\u00f6G","og_description":"Obtenez un soutien financier pour votre formation professionnelle continue gr\u00e2ce \u00e0 la bourse d'\u00e9tudes ascendante (Aufstiegs-BAf\u00f6G) \u00e0 Wuppertal aupr\u00e8s d'IEC.","og_url":"https:\/\/internationaleducationcenters.de\/fr\/ascenseur-bafoeg\/","og_site_name":"International Education Centers","article_publisher":"https:\/\/www.facebook.com\/InternationalEducationCenters\/","article_modified_time":"2025-11-03T12:36:46+00:00","twitter_card":"summary_large_image","twitter_misc":{"Dur\u00e9e de lecture estim\u00e9e":"2 minutes"},"schema":{"@context":"https:\/\/schema.org","@graph":[{"@type":"WebPage","@id":"https:\/\/internationaleducationcenters.de\/fr\/ascenseur-bafoeg\/","url":"https:\/\/internationaleducationcenters.de\/fr\/ascenseur-bafoeg\/","name":"Ascenseur BAf\u00f6G - International Education Centers","isPartOf":{"@id":"https:\/\/internationaleducationcenters.de\/fr\/#website"},"datePublished":"2025-10-09T10:09:44+00:00","dateModified":"2025-11-03T12:36:46+00:00","description":"Obtenez un soutien financier pour votre formation professionnelle continue gr\u00e2ce \u00e0 la bourse d'\u00e9tudes ascendante (Aufstiegs-BAf\u00f6G) \u00e0 Wuppertal aupr\u00e8s d'IEC.","breadcrumb":{"@id":"https:\/\/internationaleducationcenters.de\/fr\/ascenseur-bafoeg\/#breadcrumb"},"inLanguage":"fr-FR","potentialAction":[{"@type":"ReadAction","target":["https:\/\/internationaleducationcenters.de\/fr\/ascenseur-bafoeg\/"]}]},{"@type":"BreadcrumbList","@id":"https:\/\/internationaleducationcenters.de\/fr\/ascenseur-bafoeg\/#breadcrumb","itemListElement":[{"@type":"ListItem","position":1,"name":"Home","item":"https:\/\/internationaleducationcenters.de\/fr\/"},{"@type":"ListItem","position":2,"name":"Ascenseur BAf\u00f6G"}]},{"@type":"WebSite","@id":"https:\/\/internationaleducationcenters.de\/fr\/#website","url":"https:\/\/internationaleducationcenters.de\/fr\/","name":"International Education Centers","description":"","publisher":{"@id":"https:\/\/internationaleducationcenters.de\/fr\/#organization"},"potentialAction":[{"@type":"SearchAction","target":{"@type":"EntryPoint","urlTemplate":"https:\/\/internationaleducationcenters.de\/fr\/?s={search_term_string}"},"query-input":{"@type":"PropertyValueSpecification","valueRequired":true,"valueName":"search_term_string"}}],"inLanguage":"fr-FR"},{"@type":"Organization","@id":"https:\/\/internationaleducationcenters.de\/fr\/#organization","name":"International Education Centers","alternateName":"IEC","url":"https:\/\/internationaleducationcenters.de\/fr\/","logo":{"@type":"ImageObject","inLanguage":"fr-FR","@id":"https:\/\/internationaleducationcenters.de\/fr\/#\/schema\/logo\/image\/","url":"https:\/\/internationaleducationcenters.de\/wp-content\/uploads\/2025\/08\/IEC_favicon-1.png","contentUrl":"https:\/\/internationaleducationcenters.de\/wp-content\/uploads\/2025\/08\/IEC_favicon-1.png","width":512,"height":512,"caption":"International Education Centers"},"image":{"@id":"https:\/\/internationaleducationcenters.de\/fr\/#\/schema\/logo\/image\/"},"sameAs":["https:\/\/www.facebook.com\/InternationalEducationCenters\/"]}]}},"_links":{"self":[{"href":"https:\/\/internationaleducationcenters.de\/fr\/wp-json\/wp\/v2\/pages\/18858","targetHints":{"allow":["GET"]}}],"collection":[{"href":"https:\/\/internationaleducationcenters.de\/fr\/wp-json\/wp\/v2\/pages"}],"about":[{"href":"https:\/\/internationaleducationcenters.de\/fr\/wp-json\/wp\/v2\/types\/page"}],"author":[{"embeddable":true,"href":"https:\/\/internationaleducationcenters.de\/fr\/wp-json\/wp\/v2\/users\/77"}],"replies":[{"embeddable":true,"href":"https:\/\/internationaleducationcenters.de\/fr\/wp-json\/wp\/v2\/comments?post=18858"}],"version-history":[{"count":1,"href":"https:\/\/internationaleducationcenters.de\/fr\/wp-json\/wp\/v2\/pages\/18858\/revisions"}],"predecessor-version":[{"id":18859,"href":"https:\/\/internationaleducationcenters.de\/fr\/wp-json\/wp\/v2\/pages\/18858\/revisions\/18859"}],"wp:attachment":[{"href":"https:\/\/internationaleducationcenters.de\/fr\/wp-json\/wp\/v2\/media?parent=18858"}],"curies":[{"name":"wp","href":"https:\/\/api.w.org\/{rel}","templated":true}]}}