{"id":19071,"date":"2024-04-04T15:09:00","date_gmt":"2024-04-04T13:09:00","guid":{"rendered":"https:\/\/internationaleducationcenters.de\/modes-de-paiement\/"},"modified":"2024-04-04T15:09:00","modified_gmt":"2024-04-04T13:09:00","slug":"modes-de-paiement","status":"publish","type":"page","link":"https:\/\/internationaleducationcenters.de\/fr\/modes-de-paiement\/","title":{"rendered":"Modes de paiement"},"content":{"rendered":"<div class=\"woocommerce woocommerce-gzd\">\n\t<ul class=\"payment_methods methods\">\n\t\t\t\t\t<li class=\"payment_method_mollie_wc_gateway_applepay\">\n\t\t\t\t<label>Apple Pay<img src='https:\/\/internationaleducationcenters.de\/wp-content\/plugins\/mollie-payments-for-woocommerce\/public\/images\/applepay.svg' alt='applepay icon' class='mollie-gateway-icon' \/><\/label>\n\t\t\t\t\t\t\t<\/li>\n\t\t\t\t\t<li class=\"payment_method_mollie_wc_gateway_ideal\">\n\t\t\t\t<label>iDEAL | Wero<img src='https:\/\/internationaleducationcenters.de\/wp-content\/plugins\/mollie-payments-for-woocommerce\/public\/images\/ideal.svg' alt='ideal icon' class='mollie-gateway-icon' \/><\/label>\n\t\t\t\t\t\t\t\t\t<div class=\"payment_box payment_method_mollie_wc_gateway_ideal\">\n\t\t\t\t\t\t<p><\/p>\n\t\t\t\t\t<\/div>\n\t\t\t\t\t\t\t<\/li>\n\t\t\t\t\t<li class=\"payment_method_mollie_wc_gateway_creditcard\">\n\t\t\t\t<label>Carte<img src='https:\/\/internationaleducationcenters.de\/wp-content\/plugins\/mollie-payments-for-woocommerce\/public\/images\/creditcards.svg' alt='creditcard icon' class='mollie-gateway-icon' \/><\/label>\n\t\t\t\t\t\t\t\t\t<div class=\"payment_box payment_method_mollie_wc_gateway_creditcard\">\n\t\t\t\t\t\t<p><\/p>\n\t\t\t\t\t<\/div>\n\t\t\t\t\t\t\t<\/li>\n\t\t\t\t\t<li class=\"payment_method_mollie_wc_gateway_klarna\">\n\t\t\t\t<label>Paiements flexibles avec Klarna<img src='https:\/\/internationaleducationcenters.de\/wp-content\/plugins\/mollie-payments-for-woocommerce\/public\/images\/klarna.svg' alt='klarna icon' class='mollie-gateway-icon' \/><\/label>\n\t\t\t\t\t\t\t<\/li>\n\t\t\t\t\t<li class=\"payment_method_mollie_wc_gateway_klarnapaylater\">\n\t\t\t\t<label>Payer en 3 fois sans frais.<img src='https:\/\/internationaleducationcenters.de\/wp-content\/plugins\/mollie-payments-for-woocommerce\/public\/images\/klarnapaylater.svg' alt='klarnapaylater icon' class='mollie-gateway-icon' \/><\/label>\n\t\t\t\t\t\t\t<\/li>\n\t\t\t\t\t<li class=\"payment_method_mollie_wc_gateway_klarnapaynow\">\n\t\t\t\t<label>Payer maintenant.<img src='https:\/\/internationaleducationcenters.de\/wp-content\/plugins\/mollie-payments-for-woocommerce\/public\/images\/klarnapaynow.svg' alt='klarnapaynow icon' class='mollie-gateway-icon' \/><\/label>\n\t\t\t\t\t\t\t<\/li>\n\t\t\t\t\t<li class=\"payment_method_mollie_wc_gateway_klarnasliceit\">\n\t\t\t\t<label>Slice it.<img src='https:\/\/internationaleducationcenters.de\/wp-content\/plugins\/mollie-payments-for-woocommerce\/public\/images\/klarnasliceit.svg' alt='klarnasliceit icon' class='mollie-gateway-icon' \/><\/label>\n\t\t\t\t\t\t\t<\/li>\n\t\t\t\t\t<li class=\"payment_method_mollie_wc_gateway_in3\">\n\t\t\t\t<label>Payez en 3 fois, 0% d&#039;int\u00e9r\u00eat<img src='https:\/\/internationaleducationcenters.de\/wp-content\/plugins\/mollie-payments-for-woocommerce\/public\/images\/in3.svg' alt='in3 icon' class='mollie-gateway-icon' \/><\/label>\n\t\t\t\t\t\t\t\t\t<div class=\"payment_box payment_method_mollie_wc_gateway_in3\">\n\t\t\t\t\t\t<p>Pay in 3 instalments, 0% interest<\/p>\n\t\t\t\t\t<\/div>\n\t\t\t\t\t\t\t<\/li>\n\t\t\t\t\t<li class=\"payment_method_mollie_wc_gateway_riverty\">\n\t\t\t\t<label>Riverty<img src='https:\/\/internationaleducationcenters.de\/wp-content\/plugins\/mollie-payments-for-woocommerce\/public\/images\/riverty.svg' alt='riverty icon' class='mollie-gateway-icon' \/><\/label>\n\t\t\t\t\t\t\t\t\t<div class=\"payment_box payment_method_mollie_wc_gateway_riverty\">\n\t\t\t\t\t\t<p><\/p>\n\t\t\t\t\t<\/div>\n\t\t\t\t\t\t\t<\/li>\n\t\t\t\t\t<li class=\"payment_method_mollie_wc_gateway_giftcard\">\n\t\t\t\t<label>Carte cadeaux<img src='https:\/\/internationaleducationcenters.de\/wp-content\/plugins\/mollie-payments-for-woocommerce\/public\/images\/giftcard.svg' alt='giftcard icon' class='mollie-gateway-icon' \/><\/label>\n\t\t\t\t\t\t\t\t\t<div class=\"payment_box payment_method_mollie_wc_gateway_giftcard\">\n\t\t\t\t\t\t<p>Select your gift card<\/p>\n\t\t\t\t\t<\/div>\n\t\t\t\t\t\t\t<\/li>\n\t\t\t\t\t<li class=\"payment_method_mollie_wc_gateway_paypal\">\n\t\t\t\t<label>PayPal<img src='https:\/\/internationaleducationcenters.de\/wp-content\/plugins\/mollie-payments-for-woocommerce\/public\/images\/paypal.svg' alt='paypal icon' class='mollie-gateway-icon' \/><\/label>\n\t\t\t\t\t\t\t<\/li>\n\t\t\t\t\t<li class=\"payment_method_mollie_wc_gateway_paybybank\">\n\t\t\t\t<label>Virement instantan\u00e9<img src='https:\/\/internationaleducationcenters.de\/wp-content\/plugins\/mollie-payments-for-woocommerce\/public\/images\/paybybank.svg' alt='paybybank icon' class='mollie-gateway-icon' \/><\/label>\n\t\t\t\t\t\t\t<\/li>\n\t\t\t\t\t<li class=\"payment_method_mollie_wc_gateway_bancontact\">\n\t\t\t\t<label>Bancontact<img src='https:\/\/internationaleducationcenters.de\/wp-content\/plugins\/mollie-payments-for-woocommerce\/public\/images\/bancontact.svg' alt='bancontact icon' class='mollie-gateway-icon' \/><\/label>\n\t\t\t\t\t\t\t<\/li>\n\t\t\t\t\t<li class=\"payment_method_mollie_wc_gateway_eps\">\n\t\t\t\t<label>eps<img src='https:\/\/internationaleducationcenters.de\/wp-content\/plugins\/mollie-payments-for-woocommerce\/public\/images\/eps.svg' alt='eps icon' class='mollie-gateway-icon' \/><\/label>\n\t\t\t\t\t\t\t<\/li>\n\t\t\t\t\t<li class=\"payment_method_mollie_wc_gateway_przelewy24\">\n\t\t\t\t<label>Przelewy24<img src='https:\/\/internationaleducationcenters.de\/wp-content\/plugins\/mollie-payments-for-woocommerce\/public\/images\/przelewy24.svg' alt='przelewy24 icon' class='mollie-gateway-icon' \/><\/label>\n\t\t\t\t\t\t\t<\/li>\n\t\t\t\t\t<li class=\"payment_method_mollie_wc_gateway_kbc\">\n\t\t\t\t<label>Bouton de paiement KBC \/ CBC<img src='https:\/\/internationaleducationcenters.de\/wp-content\/plugins\/mollie-payments-for-woocommerce\/public\/images\/kbc.svg' alt='kbc icon' class='mollie-gateway-icon' \/><\/label>\n\t\t\t\t\t\t\t\t\t<div class=\"payment_box payment_method_mollie_wc_gateway_kbc\">\n\t\t\t\t\t\t<p>Select your bank<\/p>\n\t\t\t\t\t<\/div>\n\t\t\t\t\t\t\t<\/li>\n\t\t\t\t\t<li class=\"payment_method_mollie_wc_gateway_belfius\">\n\t\t\t\t<label>Belfius Pay Button<img src='https:\/\/internationaleducationcenters.de\/wp-content\/plugins\/mollie-payments-for-woocommerce\/public\/images\/belfius.svg' alt='belfius icon' class='mollie-gateway-icon' \/><\/label>\n\t\t\t\t\t\t\t<\/li>\n\t\t\t\t\t<li class=\"payment_method_mollie_wc_gateway_billie\">\n\t\t\t\t<label>Billie<img src='https:\/\/internationaleducationcenters.de\/wp-content\/plugins\/mollie-payments-for-woocommerce\/public\/images\/billie.svg' alt='billie icon' class='mollie-gateway-icon' \/><\/label>\n\t\t\t\t\t\t\t\t\t<div class=\"payment_box payment_method_mollie_wc_gateway_billie\">\n\t\t\t\t\t\t<p><\/p>\n\t\t\t\t\t<\/div>\n\t\t\t\t\t\t\t<\/li>\n\t\t\t\t\t<li class=\"payment_method_mollie_wc_gateway_blik\">\n\t\t\t\t<label>Blik<img src='https:\/\/internationaleducationcenters.de\/wp-content\/plugins\/mollie-payments-for-woocommerce\/public\/images\/blik.svg' alt='blik icon' class='mollie-gateway-icon' \/><\/label>\n\t\t\t\t\t\t\t<\/li>\n\t\t\t\t\t<li class=\"payment_method_mollie_wc_gateway_bancomatpay\">\n\t\t\t\t<label>Bancomat Pay<img src='https:\/\/internationaleducationcenters.de\/wp-content\/plugins\/mollie-payments-for-woocommerce\/public\/images\/bancomatpay.svg' alt='bancomatpay icon' class='mollie-gateway-icon' \/><\/label>\n\t\t\t\t\t\t\t<\/li>\n\t\t\t\t\t<li class=\"payment_method_mollie_wc_gateway_alma\">\n\t\t\t\t<label>Payer en 3 ou 4 fois<img src='https:\/\/internationaleducationcenters.de\/wp-content\/plugins\/mollie-payments-for-woocommerce\/public\/images\/alma.svg' alt='alma icon' class='mollie-gateway-icon' \/><\/label>\n\t\t\t\t\t\t\t<\/li>\n\t\t\t\t\t<li class=\"payment_method_mollie_wc_gateway_satispay\">\n\t\t\t\t<label>Satispay<img src='https:\/\/internationaleducationcenters.de\/wp-content\/plugins\/mollie-payments-for-woocommerce\/public\/images\/satispay.svg' alt='satispay icon' class='mollie-gateway-icon' \/><\/label>\n\t\t\t\t\t\t\t<\/li>\n\t\t\t\t\t<li class=\"payment_method_mollie_wc_gateway_mbway\">\n\t\t\t\t<label>MB Way<img src='https:\/\/internationaleducationcenters.de\/wp-content\/plugins\/mollie-payments-for-woocommerce\/public\/images\/mbway.svg' alt='mbway icon' class='mollie-gateway-icon' \/><\/label>\n\t\t\t\t\t\t\t<\/li>\n\t\t\t\t\t<li class=\"payment_method_mollie_wc_gateway_multibanco\">\n\t\t\t\t<label>Multibanco<img src='https:\/\/internationaleducationcenters.de\/wp-content\/plugins\/mollie-payments-for-woocommerce\/public\/images\/multibanco.svg' alt='multibanco icon' class='mollie-gateway-icon' \/><\/label>\n\t\t\t\t\t\t\t<\/li>\n\t\t\t<\/ul>\n<\/div>\n","protected":false},"excerpt":{"rendered":"","protected":false},"author":6,"featured_media":0,"parent":0,"menu_order":0,"comment_status":"closed","ping_status":"closed","template":"","meta":{"_acf_changed":false,"footnotes":""},"class_list":["post-19071","page","type-page","status-publish","hentry"],"acf":[],"yoast_head":"<!-- This site is optimized with the Yoast SEO Premium plugin v25.9 (Yoast SEO v26.9) - https:\/\/yoast.com\/product\/yoast-seo-premium-wordpress\/ -->\n<title>Modes de paiement - International Education Centers<\/title>\n<meta name=\"description\" content=\"Vous pouvez payer chaque offre de formation par diff\u00e9rents moyens de paiement. Qu&#039;il s&#039;agisse d&#039;un paiement \u00e9chelonn\u00e9 de votre formation, d&#039;un virement direct ou d&#039;un paiement par carte de cr\u00e9dit, d&#039;un paiement anticip\u00e9, d&#039;un pr\u00e9l\u00e8vement automatique ou d&#039;une facture : choisissez vous-m\u00eame le mode de paiement souhait\u00e9 et r\u00e9servez votre offre de formation ! Utilisez des m\u00e9thodes de paiement flexibles pour r\u00e9server vos services de formation\" \/>\n<meta name=\"robots\" content=\"index, follow, max-snippet:-1, max-image-preview:large, max-video-preview:-1\" \/>\n<link rel=\"canonical\" href=\"https:\/\/internationaleducationcenters.de\/fr\/modes-de-paiement\/\" \/>\n<meta property=\"og:locale\" content=\"fr_FR\" \/>\n<meta property=\"og:type\" content=\"article\" \/>\n<meta property=\"og:title\" content=\"Modes de paiement\" \/>\n<meta property=\"og:description\" content=\"Vous pouvez payer chaque offre de formation par diff\u00e9rents moyens de paiement. Qu&#039;il s&#039;agisse d&#039;un paiement \u00e9chelonn\u00e9 de votre formation, d&#039;un virement direct ou d&#039;un paiement par carte de cr\u00e9dit, d&#039;un paiement anticip\u00e9, d&#039;un pr\u00e9l\u00e8vement automatique ou d&#039;une facture : choisissez vous-m\u00eame le mode de paiement souhait\u00e9 et r\u00e9servez votre offre de formation ! Utilisez des m\u00e9thodes de paiement flexibles pour r\u00e9server vos services de formation\" \/>\n<meta property=\"og:url\" content=\"https:\/\/internationaleducationcenters.de\/fr\/modes-de-paiement\/\" \/>\n<meta property=\"og:site_name\" content=\"International Education Centers\" \/>\n<meta property=\"article:publisher\" content=\"https:\/\/www.facebook.com\/InternationalEducationCenters\/\" \/>\n<meta name=\"twitter:card\" content=\"summary_large_image\" \/>\n<script type=\"application\/ld+json\" class=\"yoast-schema-graph\">{\"@context\":\"https:\/\/schema.org\",\"@graph\":[{\"@type\":\"WebPage\",\"@id\":\"https:\/\/internationaleducationcenters.de\/fr\/modes-de-paiement\/\",\"url\":\"https:\/\/internationaleducationcenters.de\/fr\/modes-de-paiement\/\",\"name\":\"Modes de paiement - International Education Centers\",\"isPartOf\":{\"@id\":\"https:\/\/internationaleducationcenters.de\/fr\/#website\"},\"datePublished\":\"2024-04-04T13:09:00+00:00\",\"description\":\"Vous pouvez payer chaque offre de formation par diff\u00e9rents moyens de paiement. Qu'il s'agisse d'un paiement \u00e9chelonn\u00e9 de votre formation, d'un virement direct ou d'un paiement par carte de cr\u00e9dit, d'un paiement anticip\u00e9, d'un pr\u00e9l\u00e8vement automatique ou d'une facture : choisissez vous-m\u00eame le mode de paiement souhait\u00e9 et r\u00e9servez votre offre de formation ! Utilisez des m\u00e9thodes de paiement flexibles pour r\u00e9server vos services de formation\",\"breadcrumb\":{\"@id\":\"https:\/\/internationaleducationcenters.de\/fr\/modes-de-paiement\/#breadcrumb\"},\"inLanguage\":\"fr-FR\",\"potentialAction\":[{\"@type\":\"ReadAction\",\"target\":[\"https:\/\/internationaleducationcenters.de\/fr\/modes-de-paiement\/\"]}]},{\"@type\":\"BreadcrumbList\",\"@id\":\"https:\/\/internationaleducationcenters.de\/fr\/modes-de-paiement\/#breadcrumb\",\"itemListElement\":[{\"@type\":\"ListItem\",\"position\":1,\"name\":\"Home\",\"item\":\"https:\/\/internationaleducationcenters.de\/fr\/\"},{\"@type\":\"ListItem\",\"position\":2,\"name\":\"Modes de paiement\"}]},{\"@type\":\"WebSite\",\"@id\":\"https:\/\/internationaleducationcenters.de\/fr\/#website\",\"url\":\"https:\/\/internationaleducationcenters.de\/fr\/\",\"name\":\"International Education Centers\",\"description\":\"\",\"publisher\":{\"@id\":\"https:\/\/internationaleducationcenters.de\/fr\/#organization\"},\"potentialAction\":[{\"@type\":\"SearchAction\",\"target\":{\"@type\":\"EntryPoint\",\"urlTemplate\":\"https:\/\/internationaleducationcenters.de\/fr\/?s={search_term_string}\"},\"query-input\":{\"@type\":\"PropertyValueSpecification\",\"valueRequired\":true,\"valueName\":\"search_term_string\"}}],\"inLanguage\":\"fr-FR\"},{\"@type\":\"Organization\",\"@id\":\"https:\/\/internationaleducationcenters.de\/fr\/#organization\",\"name\":\"International Education Centers\",\"alternateName\":\"IEC\",\"url\":\"https:\/\/internationaleducationcenters.de\/fr\/\",\"logo\":{\"@type\":\"ImageObject\",\"inLanguage\":\"fr-FR\",\"@id\":\"https:\/\/internationaleducationcenters.de\/fr\/#\/schema\/logo\/image\/\",\"url\":\"https:\/\/internationaleducationcenters.de\/wp-content\/uploads\/2025\/08\/IEC_favicon-1.png\",\"contentUrl\":\"https:\/\/internationaleducationcenters.de\/wp-content\/uploads\/2025\/08\/IEC_favicon-1.png\",\"width\":512,\"height\":512,\"caption\":\"International Education Centers\"},\"image\":{\"@id\":\"https:\/\/internationaleducationcenters.de\/fr\/#\/schema\/logo\/image\/\"},\"sameAs\":[\"https:\/\/www.facebook.com\/InternationalEducationCenters\/\"]}]}<\/script>\n<!-- \/ Yoast SEO Premium plugin. -->","yoast_head_json":{"title":"Modes de paiement - International Education Centers","description":"Vous pouvez payer chaque offre de formation par diff\u00e9rents moyens de paiement. Qu'il s'agisse d'un paiement \u00e9chelonn\u00e9 de votre formation, d'un virement direct ou d'un paiement par carte de cr\u00e9dit, d'un paiement anticip\u00e9, d'un pr\u00e9l\u00e8vement automatique ou d'une facture : choisissez vous-m\u00eame le mode de paiement souhait\u00e9 et r\u00e9servez votre offre de formation ! Utilisez des m\u00e9thodes de paiement flexibles pour r\u00e9server vos services de formation","robots":{"index":"index","follow":"follow","max-snippet":"max-snippet:-1","max-image-preview":"max-image-preview:large","max-video-preview":"max-video-preview:-1"},"canonical":"https:\/\/internationaleducationcenters.de\/fr\/modes-de-paiement\/","og_locale":"fr_FR","og_type":"article","og_title":"Modes de paiement","og_description":"Vous pouvez payer chaque offre de formation par diff\u00e9rents moyens de paiement. Qu'il s'agisse d'un paiement \u00e9chelonn\u00e9 de votre formation, d'un virement direct ou d'un paiement par carte de cr\u00e9dit, d'un paiement anticip\u00e9, d'un pr\u00e9l\u00e8vement automatique ou d'une facture : choisissez vous-m\u00eame le mode de paiement souhait\u00e9 et r\u00e9servez votre offre de formation ! Utilisez des m\u00e9thodes de paiement flexibles pour r\u00e9server vos services de formation","og_url":"https:\/\/internationaleducationcenters.de\/fr\/modes-de-paiement\/","og_site_name":"International Education Centers","article_publisher":"https:\/\/www.facebook.com\/InternationalEducationCenters\/","twitter_card":"summary_large_image","schema":{"@context":"https:\/\/schema.org","@graph":[{"@type":"WebPage","@id":"https:\/\/internationaleducationcenters.de\/fr\/modes-de-paiement\/","url":"https:\/\/internationaleducationcenters.de\/fr\/modes-de-paiement\/","name":"Modes de paiement - International Education Centers","isPartOf":{"@id":"https:\/\/internationaleducationcenters.de\/fr\/#website"},"datePublished":"2024-04-04T13:09:00+00:00","description":"Vous pouvez payer chaque offre de formation par diff\u00e9rents moyens de paiement. Qu'il s'agisse d'un paiement \u00e9chelonn\u00e9 de votre formation, d'un virement direct ou d'un paiement par carte de cr\u00e9dit, d'un paiement anticip\u00e9, d'un pr\u00e9l\u00e8vement automatique ou d'une facture : choisissez vous-m\u00eame le mode de paiement souhait\u00e9 et r\u00e9servez votre offre de formation ! Utilisez des m\u00e9thodes de paiement flexibles pour r\u00e9server vos services de formation","breadcrumb":{"@id":"https:\/\/internationaleducationcenters.de\/fr\/modes-de-paiement\/#breadcrumb"},"inLanguage":"fr-FR","potentialAction":[{"@type":"ReadAction","target":["https:\/\/internationaleducationcenters.de\/fr\/modes-de-paiement\/"]}]},{"@type":"BreadcrumbList","@id":"https:\/\/internationaleducationcenters.de\/fr\/modes-de-paiement\/#breadcrumb","itemListElement":[{"@type":"ListItem","position":1,"name":"Home","item":"https:\/\/internationaleducationcenters.de\/fr\/"},{"@type":"ListItem","position":2,"name":"Modes de paiement"}]},{"@type":"WebSite","@id":"https:\/\/internationaleducationcenters.de\/fr\/#website","url":"https:\/\/internationaleducationcenters.de\/fr\/","name":"International Education Centers","description":"","publisher":{"@id":"https:\/\/internationaleducationcenters.de\/fr\/#organization"},"potentialAction":[{"@type":"SearchAction","target":{"@type":"EntryPoint","urlTemplate":"https:\/\/internationaleducationcenters.de\/fr\/?s={search_term_string}"},"query-input":{"@type":"PropertyValueSpecification","valueRequired":true,"valueName":"search_term_string"}}],"inLanguage":"fr-FR"},{"@type":"Organization","@id":"https:\/\/internationaleducationcenters.de\/fr\/#organization","name":"International Education Centers","alternateName":"IEC","url":"https:\/\/internationaleducationcenters.de\/fr\/","logo":{"@type":"ImageObject","inLanguage":"fr-FR","@id":"https:\/\/internationaleducationcenters.de\/fr\/#\/schema\/logo\/image\/","url":"https:\/\/internationaleducationcenters.de\/wp-content\/uploads\/2025\/08\/IEC_favicon-1.png","contentUrl":"https:\/\/internationaleducationcenters.de\/wp-content\/uploads\/2025\/08\/IEC_favicon-1.png","width":512,"height":512,"caption":"International Education Centers"},"image":{"@id":"https:\/\/internationaleducationcenters.de\/fr\/#\/schema\/logo\/image\/"},"sameAs":["https:\/\/www.facebook.com\/InternationalEducationCenters\/"]}]}},"_links":{"self":[{"href":"https:\/\/internationaleducationcenters.de\/fr\/wp-json\/wp\/v2\/pages\/19071","targetHints":{"allow":["GET"]}}],"collection":[{"href":"https:\/\/internationaleducationcenters.de\/fr\/wp-json\/wp\/v2\/pages"}],"about":[{"href":"https:\/\/internationaleducationcenters.de\/fr\/wp-json\/wp\/v2\/types\/page"}],"author":[{"embeddable":true,"href":"https:\/\/internationaleducationcenters.de\/fr\/wp-json\/wp\/v2\/users\/6"}],"replies":[{"embeddable":true,"href":"https:\/\/internationaleducationcenters.de\/fr\/wp-json\/wp\/v2\/comments?post=19071"}],"version-history":[{"count":0,"href":"https:\/\/internationaleducationcenters.de\/fr\/wp-json\/wp\/v2\/pages\/19071\/revisions"}],"wp:attachment":[{"href":"https:\/\/internationaleducationcenters.de\/fr\/wp-json\/wp\/v2\/media?parent=19071"}],"curies":[{"name":"wp","href":"https:\/\/api.w.org\/{rel}","templated":true}]}}