{"id":17671,"date":"2025-09-30T10:46:06","date_gmt":"2025-09-30T08:46:06","guid":{"rendered":"https:\/\/internationaleducationcenters.de\/kurs\/cours-dintegration-pour-personnes-peu-alphabetisees\/"},"modified":"2025-11-24T10:23:54","modified_gmt":"2025-11-24T09:23:54","slug":"cours-dintegration-pour-personnes-peu-alphabetisees","status":"publish","type":"product","link":"https:\/\/internationaleducationcenters.de\/fr\/kurs\/cours-dintegration-pour-personnes-peu-alphabetisees\/","title":{"rendered":"Cours d&rsquo;int\u00e9gration pour personnes peu alphab\u00e9tis\u00e9es"},"content":{"rendered":"\t\t<div data-elementor-type=\"product-post\" data-elementor-id=\"17671\" class=\"elementor elementor-17671 elementor-14127\" data-elementor-post-type=\"product\">\n\t\t\t\t<div class=\"elementor-element elementor-element-b01ac38 e-flex e-con-boxed e-con e-parent\" data-id=\"b01ac38\" data-element_type=\"container\" data-e-type=\"container\">\n\t\t\t\t\t<div class=\"e-con-inner\">\n\t\t\t\t<div class=\"elementor-element elementor-element-e16d397 elementor-widget elementor-widget-heading\" data-id=\"e16d397\" data-element_type=\"widget\" data-e-type=\"widget\" data-widget_type=\"heading.default\">\n\t\t\t\t<div class=\"elementor-widget-container\">\n\t\t\t\t\t<h3 class=\"elementor-heading-title elementor-size-default\">Cours d'int\u00e9gration pour les personnes peu alphab\u00e9tis\u00e9es <br> Pas \u00e0 pas vers la langue et la participation avec nous  <\/h3>\t\t\t\t<\/div>\n\t\t\t\t<\/div>\n\t\t\t\t<div class=\"elementor-element elementor-element-b95c300 elementor-widget elementor-widget-text-editor\" data-id=\"b95c300\" data-element_type=\"widget\" data-e-type=\"widget\" data-widget_type=\"text-editor.default\">\n\t\t\t\t<div class=\"elementor-widget-container\">\n\t\t\t\t\t\t\t\t\t<h5>Qu&rsquo;est-ce qu&rsquo;un cours d&rsquo;int\u00e9gration pour les personnes peu alphab\u00e9tis\u00e9es ?  <\/h5><p>Ce cours s&rsquo;adresse \u00e0 des personnes tr\u00e8s peu alphab\u00e9tis\u00e9es, appel\u00e9es analphab\u00e8tes fonctionnels ou personnes peu alphab\u00e9tis\u00e9es. De nombreux participants ont peu de comp\u00e9tences en langue \u00e9crite dans leur langue d&rsquo;origine ou sont peu habitu\u00e9s \u00e0 l&rsquo;\u00e9criture et \u00e0 l&rsquo;apprentissage. Le cours combine l&rsquo;alphab\u00e9tisation et l&rsquo;apprentissage de la langue allemande et est sp\u00e9cialement con\u00e7u pour r\u00e9pondre aux besoins de ce groupe cible.    <\/p><p>Le BAMF a d\u00e9velopp\u00e9 un concept de cours sp\u00e9cifique \u00e0 cet effet, qui pr\u00e9voit une progression lente, des contenus pratiques et des m\u00e9thodes orient\u00e9es vers les participants.  <\/p><p>L&rsquo;objectif est de combiner l&rsquo;alphab\u00e9tisation et l&rsquo;apprentissage de l&rsquo;allemand afin de permettre la participation \u00e0 la vie sociale et l&rsquo;acc\u00e8s au march\u00e9 du travail.  <\/p><h5>Pourquoi travailler au Centre international d&rsquo;\u00e9ducation (IEC) ?  <\/h5><p>Nous sommes un organisme certifi\u00e9 par le BAMF et proposons :  <\/p><ul><li>Organisme certifi\u00e9 BAMF depuis 2016  <\/li><li>Une \u00e9quipe internationale &#8211; nous parlons de nombreuses langues et fournissons des conseils multilingues  <\/li><li>Garde d&rsquo;enfants gratuite pendant le cours  <\/li><li>Enseignants exp\u00e9riment\u00e9s sp\u00e9cialis\u00e9s dans l&rsquo;alphab\u00e9tisation  <\/li><li>Petits groupes pour un suivi intensif  <\/li><li>Supports d&rsquo;apprentissage num\u00e9riques  <\/li><li>Un contenu pratique qui refl\u00e8te la vie quotidienne en Allemagne  <\/li><li>Conseil individuel sur la promotion et l&rsquo;inscription  <\/li><\/ul><h5>Structure et contenu des cours  <\/h5><p>Le cours se compose de plusieurs modules :  <\/p><ul><li>Modules d&rsquo;alphab\u00e9tisation (lecture, \u00e9criture, \u00e9ducation de base)  <\/li><li>  Promotion de la langue allemande (niveau A1-B1)  <\/li><li>Cours d&rsquo;orientation (100 UE) : vivre en Allemagne  <\/li><li>Examen final : DTZ (Deutsch-Test f\u00fcr Zuwanderer)  <\/li><li>Test Leben in Deutschland ( LiD)  <\/li><\/ul><h5>  Plan de modules  <\/h5><p>Module 1-2 : Alphab\u00e9tisation &amp; pr\u00e9paration au niveau A1  <\/p><ul><li>Module 3-5 : Promotion de la langue jusqu&rsquo;\u00e0 A1  <\/li><li>Module 6-12 : Allemand jusqu&rsquo;\u00e0 A2\/B1 (CECR)  <\/li><li>Cours d&rsquo;orientation : 100 UE sur la politique, la soci\u00e9t\u00e9, la culture  <\/li><\/ul><p>Dur\u00e9e totale : jusqu&rsquo;\u00e0 1300 unit\u00e9s d&rsquo;enseignement (UE) <br>Objectif d&rsquo;apprentissage : niveau de langue A2 ou B1, selon les progr\u00e8s <br>Dipl\u00f4mes :  <\/p><ul><li>Test d&rsquo;allemand pour immigrants (DTZ)  <\/li><li>Test \u00ab\u00a0Vivre en Allemagne\u00a0\u00bb (LiD)  <\/li><\/ul><h5>  Dur\u00e9e et horaires des cours  <\/h5><ul><li>Dur\u00e9e : environ 12-15 mois  <\/li><li>Enseignement : 4-5 UE par jour, le matin ou l&rsquo;apr\u00e8s-midi  <\/li><li>Format : cours en pr\u00e9sentiel, avec des parties num\u00e9riques si n\u00e9cessaire  <\/li><\/ul><h5>  Garde d&rsquo;enfants &#8211; gratuite &amp; affectueuse  <\/h5><p>Pendant que vous apprenez l&rsquo;allemand, nous nous occupons de vos enfants en toute s\u00e9curit\u00e9 et avec amour :  <\/p><ul><li>76 places autoris\u00e9es par le Jugendamt de Wuppertal  <\/li><li>Gratuit pour tous les participants au cours  <\/li><li>Inscription simple : avec la carte d&rsquo;identit\u00e9 de l&rsquo;enfant et la v\u00f4tre  <\/li><li>Encadrement directement sur le lieu du cours &#8211; pas de longs trajets  <\/li><\/ul><p>\ud83d\udc49 En savoir plus sur la garde d&rsquo;enfants  <\/p><p>Co\u00fbts &amp; subventions  <\/p><ul><li>100 % de subvention possible par le BAMF  <\/li><li>50 % de contribution personnelle sous certaines conditions  <\/li><li>Participation : par exemple 229 \u20ac en cas de paiement partiel  <\/li><li>Conseil et demande : directement chez nous &#8211; simple et personnel  <\/li><\/ul><p>  Groupe cible  <\/p><ul><li>Personnes peu scolaris\u00e9es  <\/li><li>Personnes ayant des difficult\u00e9s de lecture et d&rsquo;\u00e9criture  <\/li><li>Immigr\u00e9s ayant connu l&rsquo;exil  <\/li><li>Demandeurs d&rsquo;asile avec de bonnes perspectives de s\u00e9jour  <\/li><li>Les rapatri\u00e9s tardifs<i>et les citoyens de l&rsquo;UE<\/i> <\/li><\/ul><p>  Sites &amp; inscription  <\/p><p>Nos cours pour personnes faiblement alphab\u00e9tis\u00e9es ont lieu dans des locaux modernes \u00e0 Wuppertal et dans les environs ou en ligne.  <\/p><p> <\/p>\t\t\t\t\t\t\t\t<\/div>\n\t\t\t\t<\/div>\n\t\t\t\t\t<\/div>\n\t\t\t\t<\/div>\n\t\t<div class=\"elementor-element elementor-element-a68adba e-flex e-con-boxed e-con e-parent\" data-id=\"a68adba\" data-element_type=\"container\" data-e-type=\"container\">\n\t\t\t\t\t<div class=\"e-con-inner\">\n\t\t\t\t<div class=\"elementor-element elementor-element-1c3b07b elementor-widget elementor-widget-heading\" data-id=\"1c3b07b\" data-element_type=\"widget\" data-e-type=\"widget\" data-widget_type=\"heading.default\">\n\t\t\t\t<div class=\"elementor-widget-container\">\n\t\t\t\t\t<h5 class=\"elementor-heading-title elementor-size-default\">Inscrivez-vous maintenant !  <br>  il suffit de se pr\u00e9senter avec une pi\u00e8ce d'identit\u00e9 ou de prendre contact en ligne !  \n<\/h5>\t\t\t\t<\/div>\n\t\t\t\t<\/div>\n\t\t\t\t<div class=\"elementor-element elementor-element-1920e26 elementor-align-center elementor-widget elementor-widget-button\" data-id=\"1920e26\" data-element_type=\"widget\" data-e-type=\"widget\" data-widget_type=\"button.default\">\n\t\t\t\t<div class=\"elementor-widget-container\">\n\t\t\t\t\t\t\t\t\t<div class=\"elementor-button-wrapper\">\n\t\t\t\t\t<a class=\"elementor-button elementor-button-link elementor-size-sm\" href=\"#elementor-action%3Aaction%3Dpopup%3Aopen%26settings%3DeyJpZCI6MjAyNjIsInRvZ2dsZSI6ZmFsc2V9\">\n\t\t\t\t\t\t<span class=\"elementor-button-content-wrapper\">\n\t\t\t\t\t\t\t\t\t<span class=\"elementor-button-text\">&gt;Ouvrir le formulaire de contact<\/span>\n\t\t\t\t\t<\/span>\n\t\t\t\t\t<\/a>\n\t\t\t\t<\/div>\n\t\t\t\t\t\t\t\t<\/div>\n\t\t\t\t<\/div>\n\t\t\t\t\t<\/div>\n\t\t\t\t<\/div>\n\t\t<div class=\"elementor-element elementor-element-90f1972 e-flex e-con-boxed e-con e-parent\" data-id=\"90f1972\" data-element_type=\"container\" data-e-type=\"container\">\n\t\t\t\t\t<div class=\"e-con-inner\">\n\t\t\t\t<div class=\"elementor-element elementor-element-dc5abeb elementor-widget elementor-widget-heading\" data-id=\"dc5abeb\" data-element_type=\"widget\" data-e-type=\"widget\" data-widget_type=\"heading.default\">\n\t\t\t\t<div class=\"elementor-widget-container\">\n\t\t\t\t\t<h5 class=\"elementor-heading-title elementor-size-default\">Votre parcours commence ici ! L'\u00e9ducation pour une nouvelle vie <\/h5>\t\t\t\t<\/div>\n\t\t\t\t<\/div>\n\t\t\t\t<div class=\"elementor-element elementor-element-42f510a elementor-widget elementor-widget-text-editor\" data-id=\"42f510a\" data-element_type=\"widget\" data-e-type=\"widget\" data-widget_type=\"text-editor.default\">\n\t\t\t\t<div class=\"elementor-widget-container\">\n\t\t\t\t\t\t\t\t\t<p><span class=\"TextRun SCXW3889808 BCX8\" lang=\"DE-DE\" xml:lang=\"DE-DE\" data-contrast=\"auto\"><span class=\"NormalTextRun SCXW3889808 BCX8\">Le cours d&rsquo;int\u00e9gration pour les faibles <\/span><span class=\"NormalTextRun SpellingErrorV2Themed SCXW3889808 BCX8\">Litt\u00e9ralis\u00e9s<\/span><span class=\"NormalTextRun SCXW3889808 BCX8\">  est plus qu&rsquo;un cours de langue &#8211; c&rsquo;est une voie vers l&rsquo;autonomie, la participation et de nouvelles opportunit\u00e9s. Laissez-nous vous accompagner ! <\/span><\/span><span class=\"EOP SCXW3889808 BCX8\" data-ccp-props=\"{}\"> <\/span><\/p>\t\t\t\t\t\t\t\t<\/div>\n\t\t\t\t<\/div>\n\t\t\t\t\t<\/div>\n\t\t\t\t<\/div>\n\t\t\t\t<\/div>\n\t\t","protected":false},"excerpt":{"rendered":"<p><span class=\"TextRun BCX8 SCXP155097315\" lang=\"DE-DE\" data-scheme-color=\"@FF0000,,\" data-usefontface=\"true\" data-contrast=\"none\"><span class=\"NormalTextRun BCX8 SCXP155097315\">Une offre de cours diff\u00e9renci\u00e9e comprenant des cours d&rsquo;alphab\u00e9tisation, des cours d&rsquo;int\u00e9gration pour les personnes \u00e0 faible niveau d&rsquo;\u00e9ducation et des cours de langues. <\/span><\/span><span class=\"TextRun SpellingErrorZoomed BCX8 SCXP155097315\" lang=\"DE-DE\" data-scheme-color=\"@FF0000,,\" data-usefontface=\"true\" data-contrast=\"none\"><span class=\"BCX8 SCXP155097315\">alphab\u00e9tis\u00e9s<\/span><\/span><span class=\"TextRun BCX8 SCXP155097315\" lang=\"DE-DE\" data-scheme-color=\"@FF0000,,\" data-usefontface=\"true\" data-contrast=\"none\"><span class=\"NormalTextRun BCX8 SCXP155097315\"> et le <\/span><\/span><span class=\"TextRun SpellingErrorZoomed BCX8 SCXP155097315\" lang=\"DE-DE\" data-scheme-color=\"@FF0000,,\" data-usefontface=\"true\" data-contrast=\"none\"><span class=\"BCX8 SCXP155097315\">Cours d&rsquo;apprentissage du second degr\u00e9<\/span><\/span><span class=\"TextRun BCX8 SCXP155097315\" lang=\"DE-DE\" data-scheme-color=\"@FF0000,,\" data-usefontface=\"true\" data-contrast=\"none\"><span class=\"NormalTextRun BCX8 SCXP155097315\">.<\/span><\/span><\/p>\n","protected":false},"featured_media":7498,"comment_status":"open","ping_status":"closed","template":"","meta":{"_acf_changed":false},"product_brand":[],"product_cat":[447],"product_tag":[448,449],"class_list":{"0":"post-17671","1":"product","2":"type-product","3":"status-publish","4":"has-post-thumbnail","6":"product_cat-bamf-cours-dallemand-subventionnes","7":"product_tag-bamf-geoerderte-deutschkurse","8":"product_tag-projet-litteralise","10":"first","11":"instock","12":"taxable","13":"shipping-taxable","14":"product-type-simple"},"acf":[],"yoast_head":"<!-- This site is optimized with the Yoast SEO Premium plugin v25.9 (Yoast SEO v26.9) - https:\/\/yoast.com\/product\/yoast-seo-premium-wordpress\/ -->\n<title>Cours d&#039;int\u00e9gration pour personnes peu alphab\u00e9tis\u00e9es - International Education Centers<\/title>\n<meta name=\"description\" content=\"Le cours d&#039;int\u00e9gration pour les personnes peu alphab\u00e9tis\u00e9es \u00e0 Wuppertal permet d&#039;acqu\u00e9rir des connaissances en allemand et des bases en lecture et en \u00e9criture. IEC vous soutient dans votre parcours d&#039;int\u00e9gration.\" \/>\n<meta name=\"robots\" content=\"index, follow, max-snippet:-1, max-image-preview:large, max-video-preview:-1\" \/>\n<link rel=\"canonical\" href=\"https:\/\/internationaleducationcenters.de\/fr\/kurs\/cours-dintegration-pour-personnes-peu-alphabetisees\/\" \/>\n<meta property=\"og:locale\" content=\"fr_FR\" \/>\n<meta property=\"og:type\" content=\"article\" \/>\n<meta property=\"og:title\" content=\"Cours d&#039;int\u00e9gration pour personnes peu alphab\u00e9tis\u00e9es\" \/>\n<meta property=\"og:description\" content=\"Le cours d&#039;int\u00e9gration pour les personnes peu alphab\u00e9tis\u00e9es \u00e0 Wuppertal permet d&#039;acqu\u00e9rir des connaissances en allemand et des bases en lecture et en \u00e9criture. IEC vous soutient dans votre parcours d&#039;int\u00e9gration.\" \/>\n<meta property=\"og:url\" content=\"https:\/\/internationaleducationcenters.de\/fr\/kurs\/cours-dintegration-pour-personnes-peu-alphabetisees\/\" \/>\n<meta property=\"og:site_name\" content=\"International Education Centers\" \/>\n<meta property=\"article:publisher\" content=\"https:\/\/www.facebook.com\/InternationalEducationCenters\/\" \/>\n<meta property=\"article:modified_time\" content=\"2025-11-24T09:23:54+00:00\" \/>\n<meta property=\"og:image\" content=\"https:\/\/internationaleducationcenters.de\/wp-content\/uploads\/2024\/01\/telc-Deutsch-C1-Hochschule.jpg\" \/>\n\t<meta property=\"og:image:width\" content=\"300\" \/>\n\t<meta property=\"og:image:height\" content=\"200\" \/>\n\t<meta property=\"og:image:type\" content=\"image\/jpeg\" \/>\n<meta name=\"twitter:card\" content=\"summary_large_image\" \/>\n<meta name=\"twitter:label1\" content=\"Prix\" \/>\n\t<meta name=\"twitter:data1\" content=\"\" \/>\n\t<meta name=\"twitter:label2\" content=\"Disponibilit\u00e9\" \/>\n\t<meta name=\"twitter:data2\" content=\"En stock\" \/>\n<script type=\"application\/ld+json\" class=\"yoast-schema-graph\">{\"@context\":\"https:\/\/schema.org\",\"@graph\":[{\"@type\":\"WebPage\",\"@id\":\"https:\/\/internationaleducationcenters.de\/fr\/kurs\/cours-dintegration-pour-personnes-peu-alphabetisees\/\",\"url\":\"https:\/\/internationaleducationcenters.de\/fr\/kurs\/cours-dintegration-pour-personnes-peu-alphabetisees\/\",\"name\":\"Cours d'int\u00e9gration pour personnes peu alphab\u00e9tis\u00e9es - International Education Centers\",\"isPartOf\":{\"@id\":\"https:\/\/internationaleducationcenters.de\/fr\/#website\"},\"primaryImageOfPage\":{\"@id\":\"https:\/\/internationaleducationcenters.de\/fr\/kurs\/cours-dintegration-pour-personnes-peu-alphabetisees\/#primaryimage\"},\"image\":{\"@id\":\"https:\/\/internationaleducationcenters.de\/fr\/kurs\/cours-dintegration-pour-personnes-peu-alphabetisees\/#primaryimage\"},\"thumbnailUrl\":\"https:\/\/internationaleducationcenters.de\/wp-content\/uploads\/2024\/01\/telc-Deutsch-C1-Hochschule.jpg\",\"datePublished\":\"2025-09-30T08:46:06+00:00\",\"dateModified\":\"2025-11-24T09:23:54+00:00\",\"description\":\"Le cours d'int\u00e9gration pour les personnes peu alphab\u00e9tis\u00e9es \u00e0 Wuppertal permet d'acqu\u00e9rir des connaissances en allemand et des bases en lecture et en \u00e9criture. IEC vous soutient dans votre parcours d'int\u00e9gration.\",\"breadcrumb\":{\"@id\":\"https:\/\/internationaleducationcenters.de\/fr\/kurs\/cours-dintegration-pour-personnes-peu-alphabetisees\/#breadcrumb\"},\"inLanguage\":\"fr-FR\",\"potentialAction\":[{\"@type\":\"ReadAction\",\"target\":[\"https:\/\/internationaleducationcenters.de\/fr\/kurs\/cours-dintegration-pour-personnes-peu-alphabetisees\/\"]}]},{\"@type\":\"ImageObject\",\"inLanguage\":\"fr-FR\",\"@id\":\"https:\/\/internationaleducationcenters.de\/fr\/kurs\/cours-dintegration-pour-personnes-peu-alphabetisees\/#primaryimage\",\"url\":\"https:\/\/internationaleducationcenters.de\/wp-content\/uploads\/2024\/01\/telc-Deutsch-C1-Hochschule.jpg\",\"contentUrl\":\"https:\/\/internationaleducationcenters.de\/wp-content\/uploads\/2024\/01\/telc-Deutsch-C1-Hochschule.jpg\",\"width\":300,\"height\":200,\"caption\":\"telc Pr\u00fcfung C1 mit IEC in Wuppertal\"},{\"@type\":\"BreadcrumbList\",\"@id\":\"https:\/\/internationaleducationcenters.de\/fr\/kurs\/cours-dintegration-pour-personnes-peu-alphabetisees\/#breadcrumb\",\"itemListElement\":[{\"@type\":\"ListItem\",\"position\":1,\"name\":\"Home\",\"item\":\"https:\/\/internationaleducationcenters.de\/fr\/\"},{\"@type\":\"ListItem\",\"position\":2,\"name\":\"Boutique\",\"item\":\"https:\/\/internationaleducationcenters.de\/fr\/boutique\/\"},{\"@type\":\"ListItem\",\"position\":3,\"name\":\"Cours d&#8217;int\u00e9gration pour personnes peu alphab\u00e9tis\u00e9es\"}]},{\"@type\":\"WebSite\",\"@id\":\"https:\/\/internationaleducationcenters.de\/fr\/#website\",\"url\":\"https:\/\/internationaleducationcenters.de\/fr\/\",\"name\":\"International Education Centers\",\"description\":\"\",\"publisher\":{\"@id\":\"https:\/\/internationaleducationcenters.de\/fr\/#organization\"},\"potentialAction\":[{\"@type\":\"SearchAction\",\"target\":{\"@type\":\"EntryPoint\",\"urlTemplate\":\"https:\/\/internationaleducationcenters.de\/fr\/?s={search_term_string}\"},\"query-input\":{\"@type\":\"PropertyValueSpecification\",\"valueRequired\":true,\"valueName\":\"search_term_string\"}}],\"inLanguage\":\"fr-FR\"},{\"@type\":\"Organization\",\"@id\":\"https:\/\/internationaleducationcenters.de\/fr\/#organization\",\"name\":\"International Education Centers\",\"alternateName\":\"IEC\",\"url\":\"https:\/\/internationaleducationcenters.de\/fr\/\",\"logo\":{\"@type\":\"ImageObject\",\"inLanguage\":\"fr-FR\",\"@id\":\"https:\/\/internationaleducationcenters.de\/fr\/#\/schema\/logo\/image\/\",\"url\":\"https:\/\/internationaleducationcenters.de\/wp-content\/uploads\/2025\/08\/IEC_favicon-1.png\",\"contentUrl\":\"https:\/\/internationaleducationcenters.de\/wp-content\/uploads\/2025\/08\/IEC_favicon-1.png\",\"width\":512,\"height\":512,\"caption\":\"International Education Centers\"},\"image\":{\"@id\":\"https:\/\/internationaleducationcenters.de\/fr\/#\/schema\/logo\/image\/\"},\"sameAs\":[\"https:\/\/www.facebook.com\/InternationalEducationCenters\/\"]}]}<\/script>\n<meta property=\"product:price:currency\" content=\"EUR\" \/>\n<meta property=\"og:availability\" content=\"instock\" \/>\n<meta property=\"product:availability\" content=\"instock\" \/>\n<meta property=\"product:condition\" content=\"new\" \/>\n<!-- \/ Yoast SEO Premium plugin. -->","yoast_head_json":{"title":"Cours d'int\u00e9gration pour personnes peu alphab\u00e9tis\u00e9es - International Education Centers","description":"Le cours d'int\u00e9gration pour les personnes peu alphab\u00e9tis\u00e9es \u00e0 Wuppertal permet d'acqu\u00e9rir des connaissances en allemand et des bases en lecture et en \u00e9criture. IEC vous soutient dans votre parcours d'int\u00e9gration.","robots":{"index":"index","follow":"follow","max-snippet":"max-snippet:-1","max-image-preview":"max-image-preview:large","max-video-preview":"max-video-preview:-1"},"canonical":"https:\/\/internationaleducationcenters.de\/fr\/kurs\/cours-dintegration-pour-personnes-peu-alphabetisees\/","og_locale":"fr_FR","og_type":"article","og_title":"Cours d'int\u00e9gration pour personnes peu alphab\u00e9tis\u00e9es","og_description":"Le cours d'int\u00e9gration pour les personnes peu alphab\u00e9tis\u00e9es \u00e0 Wuppertal permet d'acqu\u00e9rir des connaissances en allemand et des bases en lecture et en \u00e9criture. IEC vous soutient dans votre parcours d'int\u00e9gration.","og_url":"https:\/\/internationaleducationcenters.de\/fr\/kurs\/cours-dintegration-pour-personnes-peu-alphabetisees\/","og_site_name":"International Education Centers","article_publisher":"https:\/\/www.facebook.com\/InternationalEducationCenters\/","article_modified_time":"2025-11-24T09:23:54+00:00","og_image":[{"width":300,"height":200,"url":"https:\/\/internationaleducationcenters.de\/wp-content\/uploads\/2024\/01\/telc-Deutsch-C1-Hochschule.jpg","type":"image\/jpeg"}],"twitter_card":"summary_large_image","twitter_misc":{"Prix":"","Disponibilit\u00e9":"En stock"},"schema":{"@context":"https:\/\/schema.org","@graph":[{"@type":"WebPage","@id":"https:\/\/internationaleducationcenters.de\/fr\/kurs\/cours-dintegration-pour-personnes-peu-alphabetisees\/","url":"https:\/\/internationaleducationcenters.de\/fr\/kurs\/cours-dintegration-pour-personnes-peu-alphabetisees\/","name":"Cours d'int\u00e9gration pour personnes peu alphab\u00e9tis\u00e9es - International Education Centers","isPartOf":{"@id":"https:\/\/internationaleducationcenters.de\/fr\/#website"},"primaryImageOfPage":{"@id":"https:\/\/internationaleducationcenters.de\/fr\/kurs\/cours-dintegration-pour-personnes-peu-alphabetisees\/#primaryimage"},"image":{"@id":"https:\/\/internationaleducationcenters.de\/fr\/kurs\/cours-dintegration-pour-personnes-peu-alphabetisees\/#primaryimage"},"thumbnailUrl":"https:\/\/internationaleducationcenters.de\/wp-content\/uploads\/2024\/01\/telc-Deutsch-C1-Hochschule.jpg","datePublished":"2025-09-30T08:46:06+00:00","dateModified":"2025-11-24T09:23:54+00:00","description":"Le cours d'int\u00e9gration pour les personnes peu alphab\u00e9tis\u00e9es \u00e0 Wuppertal permet d'acqu\u00e9rir des connaissances en allemand et des bases en lecture et en \u00e9criture. IEC vous soutient dans votre parcours d'int\u00e9gration.","breadcrumb":{"@id":"https:\/\/internationaleducationcenters.de\/fr\/kurs\/cours-dintegration-pour-personnes-peu-alphabetisees\/#breadcrumb"},"inLanguage":"fr-FR","potentialAction":[{"@type":"ReadAction","target":["https:\/\/internationaleducationcenters.de\/fr\/kurs\/cours-dintegration-pour-personnes-peu-alphabetisees\/"]}]},{"@type":"ImageObject","inLanguage":"fr-FR","@id":"https:\/\/internationaleducationcenters.de\/fr\/kurs\/cours-dintegration-pour-personnes-peu-alphabetisees\/#primaryimage","url":"https:\/\/internationaleducationcenters.de\/wp-content\/uploads\/2024\/01\/telc-Deutsch-C1-Hochschule.jpg","contentUrl":"https:\/\/internationaleducationcenters.de\/wp-content\/uploads\/2024\/01\/telc-Deutsch-C1-Hochschule.jpg","width":300,"height":200,"caption":"telc Pr\u00fcfung C1 mit IEC in Wuppertal"},{"@type":"BreadcrumbList","@id":"https:\/\/internationaleducationcenters.de\/fr\/kurs\/cours-dintegration-pour-personnes-peu-alphabetisees\/#breadcrumb","itemListElement":[{"@type":"ListItem","position":1,"name":"Home","item":"https:\/\/internationaleducationcenters.de\/fr\/"},{"@type":"ListItem","position":2,"name":"Boutique","item":"https:\/\/internationaleducationcenters.de\/fr\/boutique\/"},{"@type":"ListItem","position":3,"name":"Cours d&#8217;int\u00e9gration pour personnes peu alphab\u00e9tis\u00e9es"}]},{"@type":"WebSite","@id":"https:\/\/internationaleducationcenters.de\/fr\/#website","url":"https:\/\/internationaleducationcenters.de\/fr\/","name":"International Education Centers","description":"","publisher":{"@id":"https:\/\/internationaleducationcenters.de\/fr\/#organization"},"potentialAction":[{"@type":"SearchAction","target":{"@type":"EntryPoint","urlTemplate":"https:\/\/internationaleducationcenters.de\/fr\/?s={search_term_string}"},"query-input":{"@type":"PropertyValueSpecification","valueRequired":true,"valueName":"search_term_string"}}],"inLanguage":"fr-FR"},{"@type":"Organization","@id":"https:\/\/internationaleducationcenters.de\/fr\/#organization","name":"International Education Centers","alternateName":"IEC","url":"https:\/\/internationaleducationcenters.de\/fr\/","logo":{"@type":"ImageObject","inLanguage":"fr-FR","@id":"https:\/\/internationaleducationcenters.de\/fr\/#\/schema\/logo\/image\/","url":"https:\/\/internationaleducationcenters.de\/wp-content\/uploads\/2025\/08\/IEC_favicon-1.png","contentUrl":"https:\/\/internationaleducationcenters.de\/wp-content\/uploads\/2025\/08\/IEC_favicon-1.png","width":512,"height":512,"caption":"International Education Centers"},"image":{"@id":"https:\/\/internationaleducationcenters.de\/fr\/#\/schema\/logo\/image\/"},"sameAs":["https:\/\/www.facebook.com\/InternationalEducationCenters\/"]}]},"product_price_currency":"EUR","og_availability":"instock","product_availability":"instock","product_condition":"new"},"_links":{"self":[{"href":"https:\/\/internationaleducationcenters.de\/fr\/wp-json\/wp\/v2\/product\/17671","targetHints":{"allow":["GET"]}}],"collection":[{"href":"https:\/\/internationaleducationcenters.de\/fr\/wp-json\/wp\/v2\/product"}],"about":[{"href":"https:\/\/internationaleducationcenters.de\/fr\/wp-json\/wp\/v2\/types\/product"}],"replies":[{"embeddable":true,"href":"https:\/\/internationaleducationcenters.de\/fr\/wp-json\/wp\/v2\/comments?post=17671"}],"version-history":[{"count":3,"href":"https:\/\/internationaleducationcenters.de\/fr\/wp-json\/wp\/v2\/product\/17671\/revisions"}],"predecessor-version":[{"id":21040,"href":"https:\/\/internationaleducationcenters.de\/fr\/wp-json\/wp\/v2\/product\/17671\/revisions\/21040"}],"wp:featuredmedia":[{"embeddable":true,"href":"https:\/\/internationaleducationcenters.de\/fr\/wp-json\/wp\/v2\/media\/7498"}],"wp:attachment":[{"href":"https:\/\/internationaleducationcenters.de\/fr\/wp-json\/wp\/v2\/media?parent=17671"}],"wp:term":[{"taxonomy":"product_brand","embeddable":true,"href":"https:\/\/internationaleducationcenters.de\/fr\/wp-json\/wp\/v2\/product_brand?post=17671"},{"taxonomy":"product_cat","embeddable":true,"href":"https:\/\/internationaleducationcenters.de\/fr\/wp-json\/wp\/v2\/product_cat?post=17671"},{"taxonomy":"product_tag","embeddable":true,"href":"https:\/\/internationaleducationcenters.de\/fr\/wp-json\/wp\/v2\/product_tag?post=17671"}],"curies":[{"name":"wp","href":"https:\/\/api.w.org\/{rel}","templated":true}]}}