{"id":17697,"date":"2025-09-26T10:06:35","date_gmt":"2025-09-26T08:06:35","guid":{"rendered":"https:\/\/internationaleducationcenters.de\/kurs\/allemand-professionnel-niveau-intermediaire-ii-dans-le-domaine-commercial\/"},"modified":"2025-11-24T10:27:31","modified_gmt":"2025-11-24T09:27:31","slug":"allemand-professionnel-niveau-intermediaire-ii-dans-le-domaine-commercial","status":"publish","type":"product","link":"https:\/\/internationaleducationcenters.de\/fr\/kurs\/allemand-professionnel-niveau-intermediaire-ii-dans-le-domaine-commercial\/","title":{"rendered":"Allemand professionnel &#8211; Niveau interm\u00e9diaire commercial II"},"content":{"rendered":"\t\t<div data-elementor-type=\"product-post\" data-elementor-id=\"17697\" class=\"elementor elementor-17697 elementor-13864\" data-elementor-post-type=\"product\">\n\t\t\t\t<div class=\"elementor-element elementor-element-265528f e-flex e-con-boxed e-con e-parent\" data-id=\"265528f\" data-element_type=\"container\" data-e-type=\"container\">\n\t\t\t\t\t<div class=\"e-con-inner\">\n\t\t\t\t<div class=\"elementor-element elementor-element-030d8ad elementor-widget elementor-widget-text-editor\" data-id=\"030d8ad\" data-element_type=\"widget\" data-e-type=\"widget\" data-widget_type=\"text-editor.default\">\n\t\t\t\t<div class=\"elementor-widget-container\">\n\t\t\t\t\t\t\t\t\t<p><strong>Un bref aper\u00e7u<br><\/strong><br> Dans ce cours d&rsquo;allemand interm\u00e9diaire avanc\u00e9, vous apprendrez le vocabulaire et les expressions importantes<br>concernant les proc\u00e9dures et les situations de travail telles que<br>les entretiens avec les employ\u00e9s, les r\u00e9unions, les accidents. Vous comprenez<br>les modes d&#8217;emploi et les fiches de paie. Vous parlez de<br>projets professionnels et formation continue. La grammaire appropri\u00e9e compl\u00e8te vos connaissances<br>.   <br><br><strong>Contenu du cours<br><\/strong><br> Transmission de connaissances de niveau interm\u00e9diaire :<\/p><ul><li>Grammaire allemande<\/li><li>D\u00e9veloppement du vocabulaire<\/li><li>Approfondissement des exercices oraux et \u00e9crits dans<br>Utilisation de la langue professionnelle<\/li><li>Pr\u00e9cision du d\u00e9bat<\/li><li>Exercices d&rsquo;application<\/li><li>D\u00e9veloppement des comp\u00e9tences en compr\u00e9hension orale et \u00e9crite<\/li><\/ul><p><strong>Vos perspectives professionnelles apr\u00e8s la formation continue<br><\/strong><br> Avec le fran\u00e7ais, l&rsquo;allemand est la deuxi\u00e8me langue la plus apprise dans<br>de l&rsquo;Union europ\u00e9enne. Cela s&rsquo;explique notamment par le fait que l&rsquo;allemand est l&rsquo;une des langues les plus en vue dans les domaines<br>de la m\u00e9decine, de la biologie, de la chimie, de la pharmacie, de l&rsquo;\u00e9lectrotechnique et de l&rsquo;\u00e9lectronique,<br>de la construction m\u00e9canique, de la construction automobile, de la diplomatie, de la finance, du sport, du tourisme et dans le domaine de l&rsquo;\u00e9ducation<br>. <br><br><strong>Conditions de participation<br><\/strong><br> Les conditions de participation sont un niveau de langue achev\u00e9 de B1.1<br>selon le CECR ou des connaissances de base de la langue allemande attest\u00e9es d&rsquo;une autre mani\u00e8re ainsi que, dans l&rsquo;id\u00e9al, une formation professionnelle \/ des \u00e9tudes<br>ou une exp\u00e9rience professionnelle dans le domaine commercial. Les r\u00e8gles pr\u00e9cises<br>sont \u00e9tablies en accord avec le Jobcenter \/ l&rsquo;agence pour l&#8217;emploi ou la commune optant pour<br>.<br>Nous nous tenons \u00e0 la disposition de toutes les personnes int\u00e9ress\u00e9es pour un entretien personnel afin de clarifier<br>leurs conditions de participation individuelles.   <br><br><strong>Groupe cible<br><\/strong><br> Le module est \u00e9galement adapt\u00e9 aux migrants et aux r\u00e9fugi\u00e9s ayant des connaissances linguistiques de base<br>ainsi qu&rsquo;aux personnes int\u00e9ress\u00e9es par le commerce. Avec le<br>Job-Turbo, il s&rsquo;agit d&rsquo;exploiter ce potentiel et d&rsquo;amener rapidement les gens \u00e0 travailler<br>. <br><br><strong>Votre dipl\u00f4me<br><\/strong><br> Certificat interne \u00e0 l&rsquo;institution ou attestation de participation<br><br><strong>Promotion avec un bon de formation<br><\/strong><br> En tant qu&rsquo;organisme agr\u00e9\u00e9 selon l&rsquo;AZAV, la plupart de nos offres<br>sont certifi\u00e9es selon des crit\u00e8res de qualit\u00e9 exigeants. Pour vous, en tant que client(e) de l&rsquo;agence pour l&#8217;emploi ou du Jobcenter,<br>, cela signifie que votre participation \u00e0<br>est subventionnable \u00e0 100% avec un bon de formation et donc gratuite pour vous<br>. <\/p>\t\t\t\t\t\t\t\t<\/div>\n\t\t\t\t<\/div>\n\t\t\t\t\t<\/div>\n\t\t\t\t<\/div>\n\t\t\t\t<\/div>\n\t\t","protected":false},"excerpt":{"rendered":"<p>Am\u00e9liorez votre allemand professionnel dans le domaine commercial au niveau interm\u00e9diaire II &#8211; avec des exercices pratiques, des exemples r\u00e9els et une pr\u00e9paration cibl\u00e9e pour le travail quotidien.<\/p>\n","protected":false},"featured_media":10893,"comment_status":"open","ping_status":"closed","template":"","meta":{"_acf_changed":false},"product_brand":[],"product_cat":[468],"product_tag":[466],"class_list":{"0":"post-17697","1":"product","2":"type-product","3":"status-publish","4":"has-post-thumbnail","6":"product_cat-cours-de-langue-professionnelle","7":"product_tag-projet-professionnel","9":"first","10":"instock","11":"taxable","12":"shipping-taxable","13":"product-type-simple"},"acf":[],"yoast_head":"<!-- This site is optimized with the Yoast SEO Premium plugin v25.9 (Yoast SEO v26.9) - https:\/\/yoast.com\/product\/yoast-seo-premium-wordpress\/ -->\n<title>Allemand professionnel - Niveau interm\u00e9diaire commercial II - International Education Centers<\/title>\n<meta name=\"description\" content=\"Am\u00e9liorez votre allemand professionnel commercial II au niveau interm\u00e9diaire. Id\u00e9al pour les professions commerciales - avec des exercices tir\u00e9s de la vie professionnelle r\u00e9elle.\" \/>\n<meta name=\"robots\" content=\"index, follow, max-snippet:-1, max-image-preview:large, max-video-preview:-1\" \/>\n<link rel=\"canonical\" href=\"https:\/\/internationaleducationcenters.de\/fr\/kurs\/allemand-professionnel-niveau-intermediaire-ii-dans-le-domaine-commercial\/\" \/>\n<meta property=\"og:locale\" content=\"fr_FR\" \/>\n<meta property=\"og:type\" content=\"article\" \/>\n<meta property=\"og:title\" content=\"Allemand professionnel - Niveau interm\u00e9diaire commercial II\" \/>\n<meta property=\"og:description\" content=\"Am\u00e9liorez votre allemand professionnel commercial II au niveau interm\u00e9diaire. Id\u00e9al pour les professions commerciales - avec des exercices tir\u00e9s de la vie professionnelle r\u00e9elle.\" \/>\n<meta property=\"og:url\" content=\"https:\/\/internationaleducationcenters.de\/fr\/kurs\/allemand-professionnel-niveau-intermediaire-ii-dans-le-domaine-commercial\/\" \/>\n<meta property=\"og:site_name\" content=\"International Education Centers\" \/>\n<meta property=\"article:publisher\" content=\"https:\/\/www.facebook.com\/InternationalEducationCenters\/\" \/>\n<meta property=\"article:modified_time\" content=\"2025-11-24T09:27:31+00:00\" \/>\n<meta property=\"og:image\" content=\"https:\/\/internationaleducationcenters.de\/wp-content\/uploads\/2024\/04\/reading-further-information-2023-11-27-05-20-00-utc-scaled.jpg\" \/>\n\t<meta property=\"og:image:width\" content=\"2560\" \/>\n\t<meta property=\"og:image:height\" content=\"1707\" \/>\n\t<meta property=\"og:image:type\" content=\"image\/jpeg\" \/>\n<meta name=\"twitter:card\" content=\"summary_large_image\" \/>\n<meta name=\"twitter:label1\" content=\"Prix\" \/>\n\t<meta name=\"twitter:data1\" content=\"\" \/>\n\t<meta name=\"twitter:label2\" content=\"Disponibilit\u00e9\" \/>\n\t<meta name=\"twitter:data2\" content=\"En stock\" \/>\n<script type=\"application\/ld+json\" class=\"yoast-schema-graph\">{\"@context\":\"https:\/\/schema.org\",\"@graph\":[{\"@type\":\"WebPage\",\"@id\":\"https:\/\/internationaleducationcenters.de\/fr\/kurs\/allemand-professionnel-niveau-intermediaire-ii-dans-le-domaine-commercial\/\",\"url\":\"https:\/\/internationaleducationcenters.de\/fr\/kurs\/allemand-professionnel-niveau-intermediaire-ii-dans-le-domaine-commercial\/\",\"name\":\"Allemand professionnel - Niveau interm\u00e9diaire commercial II - International Education Centers\",\"isPartOf\":{\"@id\":\"https:\/\/internationaleducationcenters.de\/fr\/#website\"},\"primaryImageOfPage\":{\"@id\":\"https:\/\/internationaleducationcenters.de\/fr\/kurs\/allemand-professionnel-niveau-intermediaire-ii-dans-le-domaine-commercial\/#primaryimage\"},\"image\":{\"@id\":\"https:\/\/internationaleducationcenters.de\/fr\/kurs\/allemand-professionnel-niveau-intermediaire-ii-dans-le-domaine-commercial\/#primaryimage\"},\"thumbnailUrl\":\"https:\/\/internationaleducationcenters.de\/wp-content\/uploads\/2024\/04\/reading-further-information-2023-11-27-05-20-00-utc-scaled.jpg\",\"datePublished\":\"2025-09-26T08:06:35+00:00\",\"dateModified\":\"2025-11-24T09:27:31+00:00\",\"description\":\"Am\u00e9liorez votre allemand professionnel commercial II au niveau interm\u00e9diaire. Id\u00e9al pour les professions commerciales - avec des exercices tir\u00e9s de la vie professionnelle r\u00e9elle.\",\"breadcrumb\":{\"@id\":\"https:\/\/internationaleducationcenters.de\/fr\/kurs\/allemand-professionnel-niveau-intermediaire-ii-dans-le-domaine-commercial\/#breadcrumb\"},\"inLanguage\":\"fr-FR\",\"potentialAction\":[{\"@type\":\"ReadAction\",\"target\":[\"https:\/\/internationaleducationcenters.de\/fr\/kurs\/allemand-professionnel-niveau-intermediaire-ii-dans-le-domaine-commercial\/\"]}]},{\"@type\":\"ImageObject\",\"inLanguage\":\"fr-FR\",\"@id\":\"https:\/\/internationaleducationcenters.de\/fr\/kurs\/allemand-professionnel-niveau-intermediaire-ii-dans-le-domaine-commercial\/#primaryimage\",\"url\":\"https:\/\/internationaleducationcenters.de\/wp-content\/uploads\/2024\/04\/reading-further-information-2023-11-27-05-20-00-utc-scaled.jpg\",\"contentUrl\":\"https:\/\/internationaleducationcenters.de\/wp-content\/uploads\/2024\/04\/reading-further-information-2023-11-27-05-20-00-utc-scaled.jpg\",\"width\":2560,\"height\":1707,\"caption\":\"Concentrated manager reading attentively information in document among his colleagues at conference\"},{\"@type\":\"BreadcrumbList\",\"@id\":\"https:\/\/internationaleducationcenters.de\/fr\/kurs\/allemand-professionnel-niveau-intermediaire-ii-dans-le-domaine-commercial\/#breadcrumb\",\"itemListElement\":[{\"@type\":\"ListItem\",\"position\":1,\"name\":\"Home\",\"item\":\"https:\/\/internationaleducationcenters.de\/fr\/\"},{\"@type\":\"ListItem\",\"position\":2,\"name\":\"Boutique\",\"item\":\"https:\/\/internationaleducationcenters.de\/fr\/boutique\/\"},{\"@type\":\"ListItem\",\"position\":3,\"name\":\"Allemand professionnel &#8211; Niveau interm\u00e9diaire commercial II\"}]},{\"@type\":\"WebSite\",\"@id\":\"https:\/\/internationaleducationcenters.de\/fr\/#website\",\"url\":\"https:\/\/internationaleducationcenters.de\/fr\/\",\"name\":\"International Education Centers\",\"description\":\"\",\"publisher\":{\"@id\":\"https:\/\/internationaleducationcenters.de\/fr\/#organization\"},\"potentialAction\":[{\"@type\":\"SearchAction\",\"target\":{\"@type\":\"EntryPoint\",\"urlTemplate\":\"https:\/\/internationaleducationcenters.de\/fr\/?s={search_term_string}\"},\"query-input\":{\"@type\":\"PropertyValueSpecification\",\"valueRequired\":true,\"valueName\":\"search_term_string\"}}],\"inLanguage\":\"fr-FR\"},{\"@type\":\"Organization\",\"@id\":\"https:\/\/internationaleducationcenters.de\/fr\/#organization\",\"name\":\"International Education Centers\",\"alternateName\":\"IEC\",\"url\":\"https:\/\/internationaleducationcenters.de\/fr\/\",\"logo\":{\"@type\":\"ImageObject\",\"inLanguage\":\"fr-FR\",\"@id\":\"https:\/\/internationaleducationcenters.de\/fr\/#\/schema\/logo\/image\/\",\"url\":\"https:\/\/internationaleducationcenters.de\/wp-content\/uploads\/2025\/08\/IEC_favicon-1.png\",\"contentUrl\":\"https:\/\/internationaleducationcenters.de\/wp-content\/uploads\/2025\/08\/IEC_favicon-1.png\",\"width\":512,\"height\":512,\"caption\":\"International Education Centers\"},\"image\":{\"@id\":\"https:\/\/internationaleducationcenters.de\/fr\/#\/schema\/logo\/image\/\"},\"sameAs\":[\"https:\/\/www.facebook.com\/InternationalEducationCenters\/\"]}]}<\/script>\n<meta property=\"product:price:currency\" content=\"EUR\" \/>\n<meta property=\"og:availability\" content=\"instock\" \/>\n<meta property=\"product:availability\" content=\"instock\" \/>\n<meta property=\"product:condition\" content=\"new\" \/>\n<!-- \/ Yoast SEO Premium plugin. -->","yoast_head_json":{"title":"Allemand professionnel - Niveau interm\u00e9diaire commercial II - International Education Centers","description":"Am\u00e9liorez votre allemand professionnel commercial II au niveau interm\u00e9diaire. Id\u00e9al pour les professions commerciales - avec des exercices tir\u00e9s de la vie professionnelle r\u00e9elle.","robots":{"index":"index","follow":"follow","max-snippet":"max-snippet:-1","max-image-preview":"max-image-preview:large","max-video-preview":"max-video-preview:-1"},"canonical":"https:\/\/internationaleducationcenters.de\/fr\/kurs\/allemand-professionnel-niveau-intermediaire-ii-dans-le-domaine-commercial\/","og_locale":"fr_FR","og_type":"article","og_title":"Allemand professionnel - Niveau interm\u00e9diaire commercial II","og_description":"Am\u00e9liorez votre allemand professionnel commercial II au niveau interm\u00e9diaire. Id\u00e9al pour les professions commerciales - avec des exercices tir\u00e9s de la vie professionnelle r\u00e9elle.","og_url":"https:\/\/internationaleducationcenters.de\/fr\/kurs\/allemand-professionnel-niveau-intermediaire-ii-dans-le-domaine-commercial\/","og_site_name":"International Education Centers","article_publisher":"https:\/\/www.facebook.com\/InternationalEducationCenters\/","article_modified_time":"2025-11-24T09:27:31+00:00","og_image":[{"width":2560,"height":1707,"url":"https:\/\/internationaleducationcenters.de\/wp-content\/uploads\/2024\/04\/reading-further-information-2023-11-27-05-20-00-utc-scaled.jpg","type":"image\/jpeg"}],"twitter_card":"summary_large_image","twitter_misc":{"Prix":"","Disponibilit\u00e9":"En stock"},"schema":{"@context":"https:\/\/schema.org","@graph":[{"@type":"WebPage","@id":"https:\/\/internationaleducationcenters.de\/fr\/kurs\/allemand-professionnel-niveau-intermediaire-ii-dans-le-domaine-commercial\/","url":"https:\/\/internationaleducationcenters.de\/fr\/kurs\/allemand-professionnel-niveau-intermediaire-ii-dans-le-domaine-commercial\/","name":"Allemand professionnel - Niveau interm\u00e9diaire commercial II - International Education Centers","isPartOf":{"@id":"https:\/\/internationaleducationcenters.de\/fr\/#website"},"primaryImageOfPage":{"@id":"https:\/\/internationaleducationcenters.de\/fr\/kurs\/allemand-professionnel-niveau-intermediaire-ii-dans-le-domaine-commercial\/#primaryimage"},"image":{"@id":"https:\/\/internationaleducationcenters.de\/fr\/kurs\/allemand-professionnel-niveau-intermediaire-ii-dans-le-domaine-commercial\/#primaryimage"},"thumbnailUrl":"https:\/\/internationaleducationcenters.de\/wp-content\/uploads\/2024\/04\/reading-further-information-2023-11-27-05-20-00-utc-scaled.jpg","datePublished":"2025-09-26T08:06:35+00:00","dateModified":"2025-11-24T09:27:31+00:00","description":"Am\u00e9liorez votre allemand professionnel commercial II au niveau interm\u00e9diaire. Id\u00e9al pour les professions commerciales - avec des exercices tir\u00e9s de la vie professionnelle r\u00e9elle.","breadcrumb":{"@id":"https:\/\/internationaleducationcenters.de\/fr\/kurs\/allemand-professionnel-niveau-intermediaire-ii-dans-le-domaine-commercial\/#breadcrumb"},"inLanguage":"fr-FR","potentialAction":[{"@type":"ReadAction","target":["https:\/\/internationaleducationcenters.de\/fr\/kurs\/allemand-professionnel-niveau-intermediaire-ii-dans-le-domaine-commercial\/"]}]},{"@type":"ImageObject","inLanguage":"fr-FR","@id":"https:\/\/internationaleducationcenters.de\/fr\/kurs\/allemand-professionnel-niveau-intermediaire-ii-dans-le-domaine-commercial\/#primaryimage","url":"https:\/\/internationaleducationcenters.de\/wp-content\/uploads\/2024\/04\/reading-further-information-2023-11-27-05-20-00-utc-scaled.jpg","contentUrl":"https:\/\/internationaleducationcenters.de\/wp-content\/uploads\/2024\/04\/reading-further-information-2023-11-27-05-20-00-utc-scaled.jpg","width":2560,"height":1707,"caption":"Concentrated manager reading attentively information in document among his colleagues at conference"},{"@type":"BreadcrumbList","@id":"https:\/\/internationaleducationcenters.de\/fr\/kurs\/allemand-professionnel-niveau-intermediaire-ii-dans-le-domaine-commercial\/#breadcrumb","itemListElement":[{"@type":"ListItem","position":1,"name":"Home","item":"https:\/\/internationaleducationcenters.de\/fr\/"},{"@type":"ListItem","position":2,"name":"Boutique","item":"https:\/\/internationaleducationcenters.de\/fr\/boutique\/"},{"@type":"ListItem","position":3,"name":"Allemand professionnel &#8211; Niveau interm\u00e9diaire commercial II"}]},{"@type":"WebSite","@id":"https:\/\/internationaleducationcenters.de\/fr\/#website","url":"https:\/\/internationaleducationcenters.de\/fr\/","name":"International Education Centers","description":"","publisher":{"@id":"https:\/\/internationaleducationcenters.de\/fr\/#organization"},"potentialAction":[{"@type":"SearchAction","target":{"@type":"EntryPoint","urlTemplate":"https:\/\/internationaleducationcenters.de\/fr\/?s={search_term_string}"},"query-input":{"@type":"PropertyValueSpecification","valueRequired":true,"valueName":"search_term_string"}}],"inLanguage":"fr-FR"},{"@type":"Organization","@id":"https:\/\/internationaleducationcenters.de\/fr\/#organization","name":"International Education Centers","alternateName":"IEC","url":"https:\/\/internationaleducationcenters.de\/fr\/","logo":{"@type":"ImageObject","inLanguage":"fr-FR","@id":"https:\/\/internationaleducationcenters.de\/fr\/#\/schema\/logo\/image\/","url":"https:\/\/internationaleducationcenters.de\/wp-content\/uploads\/2025\/08\/IEC_favicon-1.png","contentUrl":"https:\/\/internationaleducationcenters.de\/wp-content\/uploads\/2025\/08\/IEC_favicon-1.png","width":512,"height":512,"caption":"International Education Centers"},"image":{"@id":"https:\/\/internationaleducationcenters.de\/fr\/#\/schema\/logo\/image\/"},"sameAs":["https:\/\/www.facebook.com\/InternationalEducationCenters\/"]}]},"product_price_currency":"EUR","og_availability":"instock","product_availability":"instock","product_condition":"new"},"_links":{"self":[{"href":"https:\/\/internationaleducationcenters.de\/fr\/wp-json\/wp\/v2\/product\/17697","targetHints":{"allow":["GET"]}}],"collection":[{"href":"https:\/\/internationaleducationcenters.de\/fr\/wp-json\/wp\/v2\/product"}],"about":[{"href":"https:\/\/internationaleducationcenters.de\/fr\/wp-json\/wp\/v2\/types\/product"}],"replies":[{"embeddable":true,"href":"https:\/\/internationaleducationcenters.de\/fr\/wp-json\/wp\/v2\/comments?post=17697"}],"version-history":[{"count":4,"href":"https:\/\/internationaleducationcenters.de\/fr\/wp-json\/wp\/v2\/product\/17697\/revisions"}],"predecessor-version":[{"id":21042,"href":"https:\/\/internationaleducationcenters.de\/fr\/wp-json\/wp\/v2\/product\/17697\/revisions\/21042"}],"wp:featuredmedia":[{"embeddable":true,"href":"https:\/\/internationaleducationcenters.de\/fr\/wp-json\/wp\/v2\/media\/10893"}],"wp:attachment":[{"href":"https:\/\/internationaleducationcenters.de\/fr\/wp-json\/wp\/v2\/media?parent=17697"}],"wp:term":[{"taxonomy":"product_brand","embeddable":true,"href":"https:\/\/internationaleducationcenters.de\/fr\/wp-json\/wp\/v2\/product_brand?post=17697"},{"taxonomy":"product_cat","embeddable":true,"href":"https:\/\/internationaleducationcenters.de\/fr\/wp-json\/wp\/v2\/product_cat?post=17697"},{"taxonomy":"product_tag","embeddable":true,"href":"https:\/\/internationaleducationcenters.de\/fr\/wp-json\/wp\/v2\/product_tag?post=17697"}],"curies":[{"name":"wp","href":"https:\/\/api.w.org\/{rel}","templated":true}]}}