{"id":17731,"date":"2025-09-26T10:01:02","date_gmt":"2025-09-26T08:01:02","guid":{"rendered":"https:\/\/internationaleducationcenters.de\/kurs\/allemand-professionnel-avance-basics-pour-le-domaine-commercial\/"},"modified":"2025-11-24T10:48:51","modified_gmt":"2025-11-24T09:48:51","slug":"allemand-professionnel-avance-basics-pour-le-domaine-commercial","status":"publish","type":"product","link":"https:\/\/internationaleducationcenters.de\/fr\/kurs\/allemand-professionnel-avance-basics-pour-le-domaine-commercial\/","title":{"rendered":"Allemand professionnel avanc\u00e9 &#8211; Basics dans le domaine commercial"},"content":{"rendered":"\t\t<div data-elementor-type=\"product-post\" data-elementor-id=\"17731\" class=\"elementor elementor-17731 elementor-13920\" data-elementor-post-type=\"product\">\n\t\t\t\t<div class=\"elementor-element elementor-element-e2f4181 e-flex e-con-boxed e-con e-parent\" data-id=\"e2f4181\" data-element_type=\"container\" data-e-type=\"container\">\n\t\t\t\t\t<div class=\"e-con-inner\">\n\t\t\t\t<div class=\"elementor-element elementor-element-ded4490 elementor-widget elementor-widget-text-editor\" data-id=\"ded4490\" data-element_type=\"widget\" data-e-type=\"widget\" data-widget_type=\"text-editor.default\">\n\t\t\t\t<div class=\"elementor-widget-container\">\n\t\t\t\t\t\t\t\t\t<p><strong>Un bref aper\u00e7u<br><\/strong><br> Toute personne souhaitant travailler dans le domaine commercial doit poss\u00e9der des comp\u00e9tences linguistiques de haut niveau<br>. Ce cours vous permet d&rsquo;acqu\u00e9rir la grammaire professionnelle<br>ainsi que le vocabulaire correspondant aux activit\u00e9s commerciales<br>\u00e0 un niveau expert C1. Les th\u00e8mes suivants sont approfondis :<br>: Allemand des affaires, travail et profession, candidatures, lieu de travail,<br>Rendez-vous, savoir-vivre, t\u00e9l\u00e9phoner, r\u00e9unions, lettres et e-mails,<br>Syst\u00e8me scolaire et de formation en Allemagne, transport et mobilit\u00e9,<br>R\u00e9servations, pays et habitants, aspects culturels de<br>Allemagne, habitat et vie, sentiments et caract\u00e9ristiques, manger et<br>boire, sant\u00e9, dossiers et entretiens d&#8217;embauche, y compris<br>grammaire et vocabulaire sp\u00e9cialis\u00e9 de haut niveau. Cette offre<br>convient \u00e9galement comme cours pr\u00e9paratoire pour rafra\u00eechir vos connaissances de base<br>et vous pr\u00e9parer ainsi, par exemple, \u00e0 une reconversion<br>.<br><br><strong>Contenu du cours<br><\/strong><br> Transmission de connaissances d&rsquo;experts dans le domaine commercial pour<br>l&rsquo;usage quotidien de la langue au bureau :<\/p><ul><li>Grammaire allemande<\/li><li>D\u00e9veloppement du vocabulaire<\/li><li>Approfondissement des exercices oraux et \u00e9crits dans<br>Utilisation de la langue professionnelle<\/li><li>Pr\u00e9cision du d\u00e9bat<\/li><li>Exercices d&rsquo;application<\/li><li>D\u00e9veloppement des comp\u00e9tences en compr\u00e9hension orale et \u00e9crite<br><br><\/li><\/ul><p><strong>Vos perspectives professionnelles apr\u00e8s la formation continue<br><br><\/strong>Avec le fran\u00e7ais, l&rsquo;allemand est la deuxi\u00e8me langue la plus apprise dans<br>l&rsquo;Union europ\u00e9enne. Cela s&rsquo;explique notamment par le fait que l&rsquo;allemand est l&rsquo;une des langues les plus en vue dans les domaines<br>de la m\u00e9decine, de la biologie, de la chimie, de la pharmacie, de l&rsquo;\u00e9lectrotechnique et de l&rsquo;\u00e9lectronique,<br>de la construction m\u00e9canique, de la construction automobile, de la diplomatie, de la finance, du sport, du tourisme et de l&rsquo;enseignement<br>.<br>Les personnes d&rsquo;autres langues am\u00e9liorent \u00e9galement leurs chances sur le march\u00e9 du travail<br>allemand et europ\u00e9en, car l&rsquo;Allemagne a enregistr\u00e9 de nouveaux records dans le commerce international en 2013<br>. Cela fait de<br>l&rsquo;allemand une langue dont vous pouvez profiter professionnellement non seulement en Allemagne, mais aussi<br>dans votre pays d&rsquo;origine. Le secteur commercial<br>offre de nombreuses possibilit\u00e9s d&#8217;emploi durable. Apr\u00e8s avoir termin\u00e9<br>cette formation, vous avez donc de bonnes chances de trouver rapidement<br>du travail dans ce domaine en Allemagne.    <br><br><strong>Conditions de participation<br><\/strong><br> Les conditions de participation sont un niveau linguistique \u00e9lev\u00e9<br>de B2 selon le CECR ou des connaissances de base<br>de la langue allemande attest\u00e9es d&rsquo;une autre mani\u00e8re ainsi que, id\u00e9alement, une formation professionnelle<br>\/ des \u00e9tudes ou une exp\u00e9rience professionnelle dans le domaine commercial. Les r\u00e8gles exactes<br>sont \u00e9tablies en accord avec le Jobcenter \/ l&rsquo;agence pour l&#8217;emploi<br>ou la commune optante.<br>Nous nous tenons \u00e0 la disposition de toutes les personnes int\u00e9ress\u00e9es pour un entretien personnel afin de clarifier<br>leurs conditions de participation individuelles. <br><br><strong>Groupe cible<br><\/strong><br> Ce module s&rsquo;adresse aux migrants et aux r\u00e9fugi\u00e9s ayant d\u00e9j\u00e0 un niveau d&rsquo;allemand \u00e9lev\u00e9<br>et qui travaillent dans des professions commerciales ou qui souhaitent<br>travailler. Avec le Job-Turbo, il s&rsquo;agit d&rsquo;exploiter ce potentiel<br>et de mettre rapidement les personnes au travail. <br><br><strong>Votre dipl\u00f4me<br><\/strong><br> Certificat interne \u00e0 l&rsquo;institution ou attestation de participation<br><br><strong>Promotion avec un bon de formation<br><\/strong><br> En tant qu&rsquo;organisme agr\u00e9\u00e9 selon l&rsquo;AZAV, la plupart de nos offres<br>sont certifi\u00e9es selon des crit\u00e8res de qualit\u00e9 exigeants. Pour vous, en tant que client(e) de l&rsquo;agence pour l&#8217;emploi ou du Jobcenter,<br>, cela signifie que votre participation \u00e0<br>est subventionnable \u00e0 100% avec un bon de formation et donc gratuite pour vous<br>. <\/p>\t\t\t\t\t\t\t\t<\/div>\n\t\t\t\t<\/div>\n\t\t\t\t\t<\/div>\n\t\t\t\t<\/div>\n\t\t\t\t<\/div>\n\t\t","protected":false},"excerpt":{"rendered":"<p>Allemand professionnel avanc\u00e9 avec des bases dans le domaine commercial &#8211; pratique, compr\u00e9hensible et id\u00e9al pour le travail quotidien.<\/p>\n","protected":false},"featured_media":10899,"comment_status":"open","ping_status":"closed","template":"","meta":{"_acf_changed":false},"product_brand":[],"product_cat":[],"product_tag":[466],"class_list":{"0":"post-17731","1":"product","2":"type-product","3":"status-publish","4":"has-post-thumbnail","6":"product_tag-projet-professionnel","8":"first","9":"instock","10":"taxable","11":"shipping-taxable","12":"product-type-simple"},"acf":[],"yoast_head":"<!-- This site is optimized with the Yoast SEO Premium plugin v25.9 (Yoast SEO v26.9) - https:\/\/yoast.com\/product\/yoast-seo-premium-wordpress\/ -->\n<title>Allemand professionnel avanc\u00e9 - Basics dans le domaine commercial - International Education Centers<\/title>\n<meta name=\"description\" content=\"Apprenez l&#039;allemand professionnel avanc\u00e9 en vous concentrant sur les bases du domaine commercial - pratique, r\u00e9aliste et id\u00e9al pour le quotidien professionnel. Commencez d\u00e8s maintenant votre cours avec IEC.Allemand professionnel avanc\u00e9 - Basics dans le domaine commercial\" \/>\n<meta name=\"robots\" content=\"index, follow, max-snippet:-1, max-image-preview:large, max-video-preview:-1\" \/>\n<link rel=\"canonical\" href=\"https:\/\/internationaleducationcenters.de\/fr\/kurs\/allemand-professionnel-avance-basics-pour-le-domaine-commercial\/\" \/>\n<meta property=\"og:locale\" content=\"fr_FR\" \/>\n<meta property=\"og:type\" content=\"article\" \/>\n<meta property=\"og:title\" content=\"Allemand professionnel avanc\u00e9 - Basics dans le domaine commercial\" \/>\n<meta property=\"og:description\" content=\"Apprenez l&#039;allemand professionnel avanc\u00e9 en vous concentrant sur les bases du domaine commercial - pratique, r\u00e9aliste et id\u00e9al pour le quotidien professionnel. Commencez d\u00e8s maintenant votre cours avec IEC.Allemand professionnel avanc\u00e9 - Basics dans le domaine commercial\" \/>\n<meta property=\"og:url\" content=\"https:\/\/internationaleducationcenters.de\/fr\/kurs\/allemand-professionnel-avance-basics-pour-le-domaine-commercial\/\" \/>\n<meta property=\"og:site_name\" content=\"International Education Centers\" \/>\n<meta property=\"article:publisher\" content=\"https:\/\/www.facebook.com\/InternationalEducationCenters\/\" \/>\n<meta property=\"article:modified_time\" content=\"2025-11-24T09:48:51+00:00\" \/>\n<meta property=\"og:image\" content=\"https:\/\/internationaleducationcenters.de\/wp-content\/uploads\/2024\/04\/firmenkurse-hero.jpg\" \/>\n\t<meta property=\"og:image:width\" content=\"2560\" \/>\n\t<meta property=\"og:image:height\" content=\"1333\" \/>\n\t<meta property=\"og:image:type\" content=\"image\/jpeg\" \/>\n<meta name=\"twitter:card\" content=\"summary_large_image\" \/>\n<meta name=\"twitter:label1\" content=\"Prix\" \/>\n\t<meta name=\"twitter:data1\" content=\"\" \/>\n\t<meta name=\"twitter:label2\" content=\"Disponibilit\u00e9\" \/>\n\t<meta name=\"twitter:data2\" content=\"En stock\" \/>\n<script type=\"application\/ld+json\" class=\"yoast-schema-graph\">{\"@context\":\"https:\/\/schema.org\",\"@graph\":[{\"@type\":\"WebPage\",\"@id\":\"https:\/\/internationaleducationcenters.de\/fr\/kurs\/allemand-professionnel-avance-basics-pour-le-domaine-commercial\/\",\"url\":\"https:\/\/internationaleducationcenters.de\/fr\/kurs\/allemand-professionnel-avance-basics-pour-le-domaine-commercial\/\",\"name\":\"Allemand professionnel avanc\u00e9 - Basics dans le domaine commercial - International Education Centers\",\"isPartOf\":{\"@id\":\"https:\/\/internationaleducationcenters.de\/fr\/#website\"},\"primaryImageOfPage\":{\"@id\":\"https:\/\/internationaleducationcenters.de\/fr\/kurs\/allemand-professionnel-avance-basics-pour-le-domaine-commercial\/#primaryimage\"},\"image\":{\"@id\":\"https:\/\/internationaleducationcenters.de\/fr\/kurs\/allemand-professionnel-avance-basics-pour-le-domaine-commercial\/#primaryimage\"},\"thumbnailUrl\":\"https:\/\/internationaleducationcenters.de\/wp-content\/uploads\/2024\/04\/firmenkurse-hero.jpg\",\"datePublished\":\"2025-09-26T08:01:02+00:00\",\"dateModified\":\"2025-11-24T09:48:51+00:00\",\"description\":\"Apprenez l'allemand professionnel avanc\u00e9 en vous concentrant sur les bases du domaine commercial - pratique, r\u00e9aliste et id\u00e9al pour le quotidien professionnel. Commencez d\u00e8s maintenant votre cours avec IEC.Allemand professionnel avanc\u00e9 - Basics dans le domaine commercial\",\"breadcrumb\":{\"@id\":\"https:\/\/internationaleducationcenters.de\/fr\/kurs\/allemand-professionnel-avance-basics-pour-le-domaine-commercial\/#breadcrumb\"},\"inLanguage\":\"fr-FR\",\"potentialAction\":[{\"@type\":\"ReadAction\",\"target\":[\"https:\/\/internationaleducationcenters.de\/fr\/kurs\/allemand-professionnel-avance-basics-pour-le-domaine-commercial\/\"]}]},{\"@type\":\"ImageObject\",\"inLanguage\":\"fr-FR\",\"@id\":\"https:\/\/internationaleducationcenters.de\/fr\/kurs\/allemand-professionnel-avance-basics-pour-le-domaine-commercial\/#primaryimage\",\"url\":\"https:\/\/internationaleducationcenters.de\/wp-content\/uploads\/2024\/04\/firmenkurse-hero.jpg\",\"contentUrl\":\"https:\/\/internationaleducationcenters.de\/wp-content\/uploads\/2024\/04\/firmenkurse-hero.jpg\",\"width\":2560,\"height\":1333,\"caption\":\"Firmenkurs Deutsch in Wuppertal mit IEC\"},{\"@type\":\"BreadcrumbList\",\"@id\":\"https:\/\/internationaleducationcenters.de\/fr\/kurs\/allemand-professionnel-avance-basics-pour-le-domaine-commercial\/#breadcrumb\",\"itemListElement\":[{\"@type\":\"ListItem\",\"position\":1,\"name\":\"Home\",\"item\":\"https:\/\/internationaleducationcenters.de\/fr\/\"},{\"@type\":\"ListItem\",\"position\":2,\"name\":\"Boutique\",\"item\":\"https:\/\/internationaleducationcenters.de\/fr\/boutique\/\"},{\"@type\":\"ListItem\",\"position\":3,\"name\":\"Allemand professionnel avanc\u00e9 &#8211; Basics dans le domaine commercial\"}]},{\"@type\":\"WebSite\",\"@id\":\"https:\/\/internationaleducationcenters.de\/fr\/#website\",\"url\":\"https:\/\/internationaleducationcenters.de\/fr\/\",\"name\":\"International Education Centers\",\"description\":\"\",\"publisher\":{\"@id\":\"https:\/\/internationaleducationcenters.de\/fr\/#organization\"},\"potentialAction\":[{\"@type\":\"SearchAction\",\"target\":{\"@type\":\"EntryPoint\",\"urlTemplate\":\"https:\/\/internationaleducationcenters.de\/fr\/?s={search_term_string}\"},\"query-input\":{\"@type\":\"PropertyValueSpecification\",\"valueRequired\":true,\"valueName\":\"search_term_string\"}}],\"inLanguage\":\"fr-FR\"},{\"@type\":\"Organization\",\"@id\":\"https:\/\/internationaleducationcenters.de\/fr\/#organization\",\"name\":\"International Education Centers\",\"alternateName\":\"IEC\",\"url\":\"https:\/\/internationaleducationcenters.de\/fr\/\",\"logo\":{\"@type\":\"ImageObject\",\"inLanguage\":\"fr-FR\",\"@id\":\"https:\/\/internationaleducationcenters.de\/fr\/#\/schema\/logo\/image\/\",\"url\":\"https:\/\/internationaleducationcenters.de\/wp-content\/uploads\/2025\/08\/IEC_favicon-1.png\",\"contentUrl\":\"https:\/\/internationaleducationcenters.de\/wp-content\/uploads\/2025\/08\/IEC_favicon-1.png\",\"width\":512,\"height\":512,\"caption\":\"International Education Centers\"},\"image\":{\"@id\":\"https:\/\/internationaleducationcenters.de\/fr\/#\/schema\/logo\/image\/\"},\"sameAs\":[\"https:\/\/www.facebook.com\/InternationalEducationCenters\/\"]}]}<\/script>\n<meta property=\"product:price:currency\" content=\"EUR\" \/>\n<meta property=\"og:availability\" content=\"instock\" \/>\n<meta property=\"product:availability\" content=\"instock\" \/>\n<meta property=\"product:condition\" content=\"new\" \/>\n<!-- \/ Yoast SEO Premium plugin. -->","yoast_head_json":{"title":"Allemand professionnel avanc\u00e9 - Basics dans le domaine commercial - International Education Centers","description":"Apprenez l'allemand professionnel avanc\u00e9 en vous concentrant sur les bases du domaine commercial - pratique, r\u00e9aliste et id\u00e9al pour le quotidien professionnel. Commencez d\u00e8s maintenant votre cours avec IEC.Allemand professionnel avanc\u00e9 - Basics dans le domaine commercial","robots":{"index":"index","follow":"follow","max-snippet":"max-snippet:-1","max-image-preview":"max-image-preview:large","max-video-preview":"max-video-preview:-1"},"canonical":"https:\/\/internationaleducationcenters.de\/fr\/kurs\/allemand-professionnel-avance-basics-pour-le-domaine-commercial\/","og_locale":"fr_FR","og_type":"article","og_title":"Allemand professionnel avanc\u00e9 - Basics dans le domaine commercial","og_description":"Apprenez l'allemand professionnel avanc\u00e9 en vous concentrant sur les bases du domaine commercial - pratique, r\u00e9aliste et id\u00e9al pour le quotidien professionnel. Commencez d\u00e8s maintenant votre cours avec IEC.Allemand professionnel avanc\u00e9 - Basics dans le domaine commercial","og_url":"https:\/\/internationaleducationcenters.de\/fr\/kurs\/allemand-professionnel-avance-basics-pour-le-domaine-commercial\/","og_site_name":"International Education Centers","article_publisher":"https:\/\/www.facebook.com\/InternationalEducationCenters\/","article_modified_time":"2025-11-24T09:48:51+00:00","og_image":[{"width":2560,"height":1333,"url":"https:\/\/internationaleducationcenters.de\/wp-content\/uploads\/2024\/04\/firmenkurse-hero.jpg","type":"image\/jpeg"}],"twitter_card":"summary_large_image","twitter_misc":{"Prix":"","Disponibilit\u00e9":"En stock"},"schema":{"@context":"https:\/\/schema.org","@graph":[{"@type":"WebPage","@id":"https:\/\/internationaleducationcenters.de\/fr\/kurs\/allemand-professionnel-avance-basics-pour-le-domaine-commercial\/","url":"https:\/\/internationaleducationcenters.de\/fr\/kurs\/allemand-professionnel-avance-basics-pour-le-domaine-commercial\/","name":"Allemand professionnel avanc\u00e9 - Basics dans le domaine commercial - International Education Centers","isPartOf":{"@id":"https:\/\/internationaleducationcenters.de\/fr\/#website"},"primaryImageOfPage":{"@id":"https:\/\/internationaleducationcenters.de\/fr\/kurs\/allemand-professionnel-avance-basics-pour-le-domaine-commercial\/#primaryimage"},"image":{"@id":"https:\/\/internationaleducationcenters.de\/fr\/kurs\/allemand-professionnel-avance-basics-pour-le-domaine-commercial\/#primaryimage"},"thumbnailUrl":"https:\/\/internationaleducationcenters.de\/wp-content\/uploads\/2024\/04\/firmenkurse-hero.jpg","datePublished":"2025-09-26T08:01:02+00:00","dateModified":"2025-11-24T09:48:51+00:00","description":"Apprenez l'allemand professionnel avanc\u00e9 en vous concentrant sur les bases du domaine commercial - pratique, r\u00e9aliste et id\u00e9al pour le quotidien professionnel. Commencez d\u00e8s maintenant votre cours avec IEC.Allemand professionnel avanc\u00e9 - Basics dans le domaine commercial","breadcrumb":{"@id":"https:\/\/internationaleducationcenters.de\/fr\/kurs\/allemand-professionnel-avance-basics-pour-le-domaine-commercial\/#breadcrumb"},"inLanguage":"fr-FR","potentialAction":[{"@type":"ReadAction","target":["https:\/\/internationaleducationcenters.de\/fr\/kurs\/allemand-professionnel-avance-basics-pour-le-domaine-commercial\/"]}]},{"@type":"ImageObject","inLanguage":"fr-FR","@id":"https:\/\/internationaleducationcenters.de\/fr\/kurs\/allemand-professionnel-avance-basics-pour-le-domaine-commercial\/#primaryimage","url":"https:\/\/internationaleducationcenters.de\/wp-content\/uploads\/2024\/04\/firmenkurse-hero.jpg","contentUrl":"https:\/\/internationaleducationcenters.de\/wp-content\/uploads\/2024\/04\/firmenkurse-hero.jpg","width":2560,"height":1333,"caption":"Firmenkurs Deutsch in Wuppertal mit IEC"},{"@type":"BreadcrumbList","@id":"https:\/\/internationaleducationcenters.de\/fr\/kurs\/allemand-professionnel-avance-basics-pour-le-domaine-commercial\/#breadcrumb","itemListElement":[{"@type":"ListItem","position":1,"name":"Home","item":"https:\/\/internationaleducationcenters.de\/fr\/"},{"@type":"ListItem","position":2,"name":"Boutique","item":"https:\/\/internationaleducationcenters.de\/fr\/boutique\/"},{"@type":"ListItem","position":3,"name":"Allemand professionnel avanc\u00e9 &#8211; Basics dans le domaine commercial"}]},{"@type":"WebSite","@id":"https:\/\/internationaleducationcenters.de\/fr\/#website","url":"https:\/\/internationaleducationcenters.de\/fr\/","name":"International Education Centers","description":"","publisher":{"@id":"https:\/\/internationaleducationcenters.de\/fr\/#organization"},"potentialAction":[{"@type":"SearchAction","target":{"@type":"EntryPoint","urlTemplate":"https:\/\/internationaleducationcenters.de\/fr\/?s={search_term_string}"},"query-input":{"@type":"PropertyValueSpecification","valueRequired":true,"valueName":"search_term_string"}}],"inLanguage":"fr-FR"},{"@type":"Organization","@id":"https:\/\/internationaleducationcenters.de\/fr\/#organization","name":"International Education Centers","alternateName":"IEC","url":"https:\/\/internationaleducationcenters.de\/fr\/","logo":{"@type":"ImageObject","inLanguage":"fr-FR","@id":"https:\/\/internationaleducationcenters.de\/fr\/#\/schema\/logo\/image\/","url":"https:\/\/internationaleducationcenters.de\/wp-content\/uploads\/2025\/08\/IEC_favicon-1.png","contentUrl":"https:\/\/internationaleducationcenters.de\/wp-content\/uploads\/2025\/08\/IEC_favicon-1.png","width":512,"height":512,"caption":"International Education Centers"},"image":{"@id":"https:\/\/internationaleducationcenters.de\/fr\/#\/schema\/logo\/image\/"},"sameAs":["https:\/\/www.facebook.com\/InternationalEducationCenters\/"]}]},"product_price_currency":"EUR","og_availability":"instock","product_availability":"instock","product_condition":"new"},"_links":{"self":[{"href":"https:\/\/internationaleducationcenters.de\/fr\/wp-json\/wp\/v2\/product\/17731","targetHints":{"allow":["GET"]}}],"collection":[{"href":"https:\/\/internationaleducationcenters.de\/fr\/wp-json\/wp\/v2\/product"}],"about":[{"href":"https:\/\/internationaleducationcenters.de\/fr\/wp-json\/wp\/v2\/types\/product"}],"replies":[{"embeddable":true,"href":"https:\/\/internationaleducationcenters.de\/fr\/wp-json\/wp\/v2\/comments?post=17731"}],"version-history":[{"count":6,"href":"https:\/\/internationaleducationcenters.de\/fr\/wp-json\/wp\/v2\/product\/17731\/revisions"}],"predecessor-version":[{"id":21054,"href":"https:\/\/internationaleducationcenters.de\/fr\/wp-json\/wp\/v2\/product\/17731\/revisions\/21054"}],"wp:featuredmedia":[{"embeddable":true,"href":"https:\/\/internationaleducationcenters.de\/fr\/wp-json\/wp\/v2\/media\/10899"}],"wp:attachment":[{"href":"https:\/\/internationaleducationcenters.de\/fr\/wp-json\/wp\/v2\/media?parent=17731"}],"wp:term":[{"taxonomy":"product_brand","embeddable":true,"href":"https:\/\/internationaleducationcenters.de\/fr\/wp-json\/wp\/v2\/product_brand?post=17731"},{"taxonomy":"product_cat","embeddable":true,"href":"https:\/\/internationaleducationcenters.de\/fr\/wp-json\/wp\/v2\/product_cat?post=17731"},{"taxonomy":"product_tag","embeddable":true,"href":"https:\/\/internationaleducationcenters.de\/fr\/wp-json\/wp\/v2\/product_tag?post=17731"}],"curies":[{"name":"wp","href":"https:\/\/api.w.org\/{rel}","templated":true}]}}