{"id":17745,"date":"2025-09-26T09:00:27","date_gmt":"2025-09-26T07:00:27","guid":{"rendered":"https:\/\/internationaleducationcenters.de\/kurs\/allemand-professionnel-avance-cours-de-perfectionnement-pour-le-secteur-commercial\/"},"modified":"2025-11-24T10:50:45","modified_gmt":"2025-11-24T09:50:45","slug":"allemand-professionnel-avance-cours-de-perfectionnement-pour-le-secteur-commercial","status":"publish","type":"product","link":"https:\/\/internationaleducationcenters.de\/fr\/kurs\/allemand-professionnel-avance-cours-de-perfectionnement-pour-le-secteur-commercial\/","title":{"rendered":"Allemand professionnel avanc\u00e9 &#8211; cours de perfectionnement dans le domaine commercial"},"content":{"rendered":"\t\t<div data-elementor-type=\"product-post\" data-elementor-id=\"17745\" class=\"elementor elementor-17745 elementor-13931\" data-elementor-post-type=\"product\">\n\t\t\t\t<div class=\"elementor-element elementor-element-c9495ef e-flex e-con-boxed e-con e-parent\" data-id=\"c9495ef\" data-element_type=\"container\" data-e-type=\"container\">\n\t\t\t\t\t<div class=\"e-con-inner\">\n\t\t\t\t<div class=\"elementor-element elementor-element-4212b43 elementor-widget elementor-widget-text-editor\" data-id=\"4212b43\" data-element_type=\"widget\" data-e-type=\"widget\" data-widget_type=\"text-editor.default\">\n\t\t\t\t<div class=\"elementor-widget-container\">\n\t\t\t\t\t\t\t\t\t<p><strong>Un bref aper\u00e7u<br><\/strong><br> Si vous souhaitez travailler dans le domaine commercial, vous avez besoin d&rsquo;une comp\u00e9tence linguistique \u00e9lev\u00e9e<br>. Ce cours vous permet d&rsquo;acqu\u00e9rir la grammaire professionnelle<br>ainsi que le vocabulaire correspondant aux activit\u00e9s commerciales<br>\u00e0 un niveau expert C1. Vous approfondissez les th\u00e8mes suivants<br>: Allemand des affaires, travail et profession, candidatures, lieu de travail,<br>rendez-vous, savoir-vivre, t\u00e9l\u00e9phoner, r\u00e9unions, lettres et e-mails,<br>syst\u00e8me scolaire et de formation en Allemagne, transports et mobilit\u00e9,<br>r\u00e9servations, pays et habitants, aspects culturels de<br>Allemagne, habitat et vie, sentiments et caract\u00e9ristiques, manger et<br>boire, sant\u00e9, dossiers et entretiens de candidature, y compris<br>grammaire et vocabulaire sp\u00e9cialis\u00e9 de haut niveau.  <\/p><p><strong>Contenu du cours<br><\/strong><br> Transmission de connaissances avanc\u00e9es dans le domaine commercial pour<br>l&rsquo;usage quotidien de la langue au bureau :<\/p><ul><li>Grammaire allemande<\/li><li>D\u00e9veloppement du vocabulaire<\/li><li>Approfondissement des exercices oraux et \u00e9crits dans<br>Utilisation de la langue professionnelle<\/li><li>Pr\u00e9cision du d\u00e9bat<\/li><li>Exercices d&rsquo;application<\/li><li>D\u00e9veloppement des comp\u00e9tences en compr\u00e9hension orale et \u00e9crite<\/li><\/ul><p><strong>Vos perspectives professionnelles apr\u00e8s la formation continue<br><\/strong><br> Avec le fran\u00e7ais, l&rsquo;allemand est la deuxi\u00e8me langue la plus apprise dans<br>de l&rsquo;Union europ\u00e9enne. Cela s&rsquo;explique notamment par le fait que l&rsquo;allemand est l&rsquo;une des langues les plus en vue dans les domaines de la m\u00e9decine, de la biologie, de la chimie, de la pharmacie, de l&rsquo;\u00e9lectrotechnique et de l&rsquo;\u00e9lectronique,<br>de la construction m\u00e9canique, de la construction automobile, de la diplomatie, de la finance, du sport, du tourisme et dans le syst\u00e8me \u00e9ducatif<br>.<br>Les personnes d&rsquo;autres langues am\u00e9liorent en outre leurs chances sur le march\u00e9 du travail<br>allemand et europ\u00e9en, car l&rsquo;Allemagne a enregistr\u00e9 de nouveaux records dans le commerce international en 2013<br>. Cela fait de<br>l&rsquo;allemand une langue dont vous pouvez profiter professionnellement non seulement en Allemagne, mais aussi<br>dans votre pays d&rsquo;origine. Le secteur commercial<br>offre de nombreuses possibilit\u00e9s d&#8217;emploi durable. Apr\u00e8s avoir termin\u00e9<br>cette formation de niveau expert, vous avez donc toutes les chances de trouver rapidement du travail dans<br>Allemagne.    <br><br><\/p><p><strong>Conditions de participation<br><\/strong><br> Les conditions de participation sont un niveau de langue C1 selon le CECR ou<br>des connaissances de base de la langue allemande<br>attest\u00e9es par ailleurs ainsi que, dans l&rsquo;id\u00e9al, une formation professionnelle\/des \u00e9tudes ou<br>une exp\u00e9rience professionnelle dans le domaine commercial. Les r\u00e8gles pr\u00e9cises sont d\u00e9finies sur<br>en accord avec le Jobcenter \/ l&rsquo;agence pour l&#8217;emploi ou la commune ayant opt\u00e9 pour<br>.<br>Nous nous tenons \u00e0 la disposition de toutes les personnes int\u00e9ress\u00e9es pour un entretien personnel sur<br>afin de clarifier leurs conditions de participation individuelles. <br><br><strong>Groupe cible<br><\/strong><br> Ce module s&rsquo;adresse aux migrants et aux r\u00e9fugi\u00e9s ayant d\u00e9j\u00e0 un niveau d&rsquo;allemand \u00e9lev\u00e9<br>et qui travaillent dans des professions commerciales ou qui souhaitent<br>travailler. Avec le Job-Turbo, il s&rsquo;agit d&rsquo;exploiter ce potentiel<br>et de mettre rapidement les personnes au travail. <br><br><strong>Votre dipl\u00f4me<br><\/strong><br> Certificat interne \u00e0 l&rsquo;institution ou attestation de participation<br><br><strong>Promotion avec un bon de formation<br><\/strong><br> En tant qu&rsquo;organisme agr\u00e9\u00e9 selon l&rsquo;AZAV, la plupart de nos offres sont certifi\u00e9es selon des crit\u00e8res de qualit\u00e9 exigeants. Pour vous, en tant que client de l&rsquo;agence pour l&#8217;emploi ou du centre pour l&#8217;emploi<br>, cela signifie que votre participation \u00e0<br>est subventionnable \u00e0 100 % avec un bon de formation et donc gratuite pour vous<br>. <\/p>\t\t\t\t\t\t\t\t<\/div>\n\t\t\t\t<\/div>\n\t\t\t\t\t<\/div>\n\t\t\t\t<\/div>\n\t\t\t\t<\/div>\n\t\t","protected":false},"excerpt":{"rendered":"<p>Am\u00e9liorez votre allemand professionnel pour les m\u00e9tiers commerciaux &#8211; avec des situations de bureau r\u00e9elles, du vocabulaire issu du travail quotidien et des exercices interactifs.<\/p>\n","protected":false},"featured_media":16543,"comment_status":"open","ping_status":"closed","template":"","meta":{"_acf_changed":false},"product_brand":[],"product_cat":[468],"product_tag":[466],"class_list":{"0":"post-17745","1":"product","2":"type-product","3":"status-publish","4":"has-post-thumbnail","6":"product_cat-cours-de-langue-professionnelle","7":"product_tag-projet-professionnel","9":"first","10":"instock","11":"taxable","12":"shipping-taxable","13":"product-type-simple"},"acf":[],"yoast_head":"<!-- This site is optimized with the Yoast SEO Premium plugin v25.9 (Yoast SEO v26.9) - https:\/\/yoast.com\/product\/yoast-seo-premium-wordpress\/ -->\n<title>Allemand professionnel avanc\u00e9 - cours de perfectionnement dans le domaine commercial - International Education Centers<\/title>\n<meta name=\"description\" content=\"Am\u00e9liorez votre allemand professionnel pour les professions commerciales. Cours de perfectionnement avec des exercices pratiques tir\u00e9s du travail quotidien. Commencez d\u00e8s maintenant avec IEC \u00e0 Wuppertal. Allemand professionnel avanc\u00e9 - cours de perfectionnement dans le domaine commercial\" \/>\n<meta name=\"robots\" content=\"index, follow, max-snippet:-1, max-image-preview:large, max-video-preview:-1\" \/>\n<link rel=\"canonical\" href=\"https:\/\/internationaleducationcenters.de\/fr\/kurs\/allemand-professionnel-avance-cours-de-perfectionnement-pour-le-secteur-commercial\/\" \/>\n<meta property=\"og:locale\" content=\"fr_FR\" \/>\n<meta property=\"og:type\" content=\"article\" \/>\n<meta property=\"og:title\" content=\"Allemand professionnel avanc\u00e9 - cours de perfectionnement dans le domaine commercial\" \/>\n<meta property=\"og:description\" content=\"Am\u00e9liorez votre allemand professionnel pour les professions commerciales. Cours de perfectionnement avec des exercices pratiques tir\u00e9s du travail quotidien. Commencez d\u00e8s maintenant avec IEC \u00e0 Wuppertal. Allemand professionnel avanc\u00e9 - cours de perfectionnement dans le domaine commercial\" \/>\n<meta property=\"og:url\" content=\"https:\/\/internationaleducationcenters.de\/fr\/kurs\/allemand-professionnel-avance-cours-de-perfectionnement-pour-le-secteur-commercial\/\" \/>\n<meta property=\"og:site_name\" content=\"International Education Centers\" \/>\n<meta property=\"article:publisher\" content=\"https:\/\/www.facebook.com\/InternationalEducationCenters\/\" \/>\n<meta property=\"article:modified_time\" content=\"2025-11-24T09:50:45+00:00\" \/>\n<meta property=\"og:image\" content=\"https:\/\/internationaleducationcenters.de\/wp-content\/uploads\/2025\/09\/Deutsch-Aufbaukurs-fuer-den-kaufmaennischen-Bereich.jpg\" \/>\n\t<meta property=\"og:image:width\" content=\"547\" \/>\n\t<meta property=\"og:image:height\" content=\"372\" \/>\n\t<meta property=\"og:image:type\" content=\"image\/jpeg\" \/>\n<meta name=\"twitter:card\" content=\"summary_large_image\" \/>\n<meta name=\"twitter:label1\" content=\"Prix\" \/>\n\t<meta name=\"twitter:data1\" content=\"\" \/>\n\t<meta name=\"twitter:label2\" content=\"Disponibilit\u00e9\" \/>\n\t<meta name=\"twitter:data2\" content=\"En stock\" \/>\n<script type=\"application\/ld+json\" class=\"yoast-schema-graph\">{\"@context\":\"https:\/\/schema.org\",\"@graph\":[{\"@type\":\"WebPage\",\"@id\":\"https:\/\/internationaleducationcenters.de\/fr\/kurs\/allemand-professionnel-avance-cours-de-perfectionnement-pour-le-secteur-commercial\/\",\"url\":\"https:\/\/internationaleducationcenters.de\/fr\/kurs\/allemand-professionnel-avance-cours-de-perfectionnement-pour-le-secteur-commercial\/\",\"name\":\"Allemand professionnel avanc\u00e9 - cours de perfectionnement dans le domaine commercial - International Education Centers\",\"isPartOf\":{\"@id\":\"https:\/\/internationaleducationcenters.de\/fr\/#website\"},\"primaryImageOfPage\":{\"@id\":\"https:\/\/internationaleducationcenters.de\/fr\/kurs\/allemand-professionnel-avance-cours-de-perfectionnement-pour-le-secteur-commercial\/#primaryimage\"},\"image\":{\"@id\":\"https:\/\/internationaleducationcenters.de\/fr\/kurs\/allemand-professionnel-avance-cours-de-perfectionnement-pour-le-secteur-commercial\/#primaryimage\"},\"thumbnailUrl\":\"https:\/\/internationaleducationcenters.de\/wp-content\/uploads\/2025\/10\/pexels-pavel-danilyuk-8761561-scaled.jpg\",\"datePublished\":\"2025-09-26T07:00:27+00:00\",\"dateModified\":\"2025-11-24T09:50:45+00:00\",\"description\":\"Am\u00e9liorez votre allemand professionnel pour les professions commerciales. Cours de perfectionnement avec des exercices pratiques tir\u00e9s du travail quotidien. Commencez d\u00e8s maintenant avec IEC \u00e0 Wuppertal. Allemand professionnel avanc\u00e9 - cours de perfectionnement dans le domaine commercial\",\"breadcrumb\":{\"@id\":\"https:\/\/internationaleducationcenters.de\/fr\/kurs\/allemand-professionnel-avance-cours-de-perfectionnement-pour-le-secteur-commercial\/#breadcrumb\"},\"inLanguage\":\"fr-FR\",\"potentialAction\":[{\"@type\":\"ReadAction\",\"target\":[\"https:\/\/internationaleducationcenters.de\/fr\/kurs\/allemand-professionnel-avance-cours-de-perfectionnement-pour-le-secteur-commercial\/\"]}]},{\"@type\":\"ImageObject\",\"inLanguage\":\"fr-FR\",\"@id\":\"https:\/\/internationaleducationcenters.de\/fr\/kurs\/allemand-professionnel-avance-cours-de-perfectionnement-pour-le-secteur-commercial\/#primaryimage\",\"url\":\"https:\/\/internationaleducationcenters.de\/wp-content\/uploads\/2025\/10\/pexels-pavel-danilyuk-8761561-scaled.jpg\",\"contentUrl\":\"https:\/\/internationaleducationcenters.de\/wp-content\/uploads\/2025\/10\/pexels-pavel-danilyuk-8761561-scaled.jpg\",\"width\":2560,\"height\":1709,\"caption\":\"Qualifizierungschancengesetz (QCG) bei IEC in Wuppertal\"},{\"@type\":\"BreadcrumbList\",\"@id\":\"https:\/\/internationaleducationcenters.de\/fr\/kurs\/allemand-professionnel-avance-cours-de-perfectionnement-pour-le-secteur-commercial\/#breadcrumb\",\"itemListElement\":[{\"@type\":\"ListItem\",\"position\":1,\"name\":\"Home\",\"item\":\"https:\/\/internationaleducationcenters.de\/fr\/\"},{\"@type\":\"ListItem\",\"position\":2,\"name\":\"Boutique\",\"item\":\"https:\/\/internationaleducationcenters.de\/fr\/boutique\/\"},{\"@type\":\"ListItem\",\"position\":3,\"name\":\"Allemand professionnel avanc\u00e9 &#8211; cours de perfectionnement dans le domaine commercial\"}]},{\"@type\":\"WebSite\",\"@id\":\"https:\/\/internationaleducationcenters.de\/fr\/#website\",\"url\":\"https:\/\/internationaleducationcenters.de\/fr\/\",\"name\":\"International Education Centers\",\"description\":\"\",\"publisher\":{\"@id\":\"https:\/\/internationaleducationcenters.de\/fr\/#organization\"},\"potentialAction\":[{\"@type\":\"SearchAction\",\"target\":{\"@type\":\"EntryPoint\",\"urlTemplate\":\"https:\/\/internationaleducationcenters.de\/fr\/?s={search_term_string}\"},\"query-input\":{\"@type\":\"PropertyValueSpecification\",\"valueRequired\":true,\"valueName\":\"search_term_string\"}}],\"inLanguage\":\"fr-FR\"},{\"@type\":\"Organization\",\"@id\":\"https:\/\/internationaleducationcenters.de\/fr\/#organization\",\"name\":\"International Education Centers\",\"alternateName\":\"IEC\",\"url\":\"https:\/\/internationaleducationcenters.de\/fr\/\",\"logo\":{\"@type\":\"ImageObject\",\"inLanguage\":\"fr-FR\",\"@id\":\"https:\/\/internationaleducationcenters.de\/fr\/#\/schema\/logo\/image\/\",\"url\":\"https:\/\/internationaleducationcenters.de\/wp-content\/uploads\/2025\/08\/IEC_favicon-1.png\",\"contentUrl\":\"https:\/\/internationaleducationcenters.de\/wp-content\/uploads\/2025\/08\/IEC_favicon-1.png\",\"width\":512,\"height\":512,\"caption\":\"International Education Centers\"},\"image\":{\"@id\":\"https:\/\/internationaleducationcenters.de\/fr\/#\/schema\/logo\/image\/\"},\"sameAs\":[\"https:\/\/www.facebook.com\/InternationalEducationCenters\/\"]}]}<\/script>\n<meta property=\"product:price:currency\" content=\"EUR\" \/>\n<meta property=\"og:availability\" content=\"instock\" \/>\n<meta property=\"product:availability\" content=\"instock\" \/>\n<meta property=\"product:condition\" content=\"new\" \/>\n<!-- \/ Yoast SEO Premium plugin. -->","yoast_head_json":{"title":"Allemand professionnel avanc\u00e9 - cours de perfectionnement dans le domaine commercial - International Education Centers","description":"Am\u00e9liorez votre allemand professionnel pour les professions commerciales. Cours de perfectionnement avec des exercices pratiques tir\u00e9s du travail quotidien. Commencez d\u00e8s maintenant avec IEC \u00e0 Wuppertal. Allemand professionnel avanc\u00e9 - cours de perfectionnement dans le domaine commercial","robots":{"index":"index","follow":"follow","max-snippet":"max-snippet:-1","max-image-preview":"max-image-preview:large","max-video-preview":"max-video-preview:-1"},"canonical":"https:\/\/internationaleducationcenters.de\/fr\/kurs\/allemand-professionnel-avance-cours-de-perfectionnement-pour-le-secteur-commercial\/","og_locale":"fr_FR","og_type":"article","og_title":"Allemand professionnel avanc\u00e9 - cours de perfectionnement dans le domaine commercial","og_description":"Am\u00e9liorez votre allemand professionnel pour les professions commerciales. Cours de perfectionnement avec des exercices pratiques tir\u00e9s du travail quotidien. Commencez d\u00e8s maintenant avec IEC \u00e0 Wuppertal. Allemand professionnel avanc\u00e9 - cours de perfectionnement dans le domaine commercial","og_url":"https:\/\/internationaleducationcenters.de\/fr\/kurs\/allemand-professionnel-avance-cours-de-perfectionnement-pour-le-secteur-commercial\/","og_site_name":"International Education Centers","article_publisher":"https:\/\/www.facebook.com\/InternationalEducationCenters\/","article_modified_time":"2025-11-24T09:50:45+00:00","og_image":[{"width":547,"height":372,"url":"https:\/\/internationaleducationcenters.de\/wp-content\/uploads\/2025\/09\/Deutsch-Aufbaukurs-fuer-den-kaufmaennischen-Bereich.jpg","type":"image\/jpeg"}],"twitter_card":"summary_large_image","twitter_misc":{"Prix":"","Disponibilit\u00e9":"En stock"},"schema":{"@context":"https:\/\/schema.org","@graph":[{"@type":"WebPage","@id":"https:\/\/internationaleducationcenters.de\/fr\/kurs\/allemand-professionnel-avance-cours-de-perfectionnement-pour-le-secteur-commercial\/","url":"https:\/\/internationaleducationcenters.de\/fr\/kurs\/allemand-professionnel-avance-cours-de-perfectionnement-pour-le-secteur-commercial\/","name":"Allemand professionnel avanc\u00e9 - cours de perfectionnement dans le domaine commercial - International Education Centers","isPartOf":{"@id":"https:\/\/internationaleducationcenters.de\/fr\/#website"},"primaryImageOfPage":{"@id":"https:\/\/internationaleducationcenters.de\/fr\/kurs\/allemand-professionnel-avance-cours-de-perfectionnement-pour-le-secteur-commercial\/#primaryimage"},"image":{"@id":"https:\/\/internationaleducationcenters.de\/fr\/kurs\/allemand-professionnel-avance-cours-de-perfectionnement-pour-le-secteur-commercial\/#primaryimage"},"thumbnailUrl":"https:\/\/internationaleducationcenters.de\/wp-content\/uploads\/2025\/10\/pexels-pavel-danilyuk-8761561-scaled.jpg","datePublished":"2025-09-26T07:00:27+00:00","dateModified":"2025-11-24T09:50:45+00:00","description":"Am\u00e9liorez votre allemand professionnel pour les professions commerciales. Cours de perfectionnement avec des exercices pratiques tir\u00e9s du travail quotidien. Commencez d\u00e8s maintenant avec IEC \u00e0 Wuppertal. Allemand professionnel avanc\u00e9 - cours de perfectionnement dans le domaine commercial","breadcrumb":{"@id":"https:\/\/internationaleducationcenters.de\/fr\/kurs\/allemand-professionnel-avance-cours-de-perfectionnement-pour-le-secteur-commercial\/#breadcrumb"},"inLanguage":"fr-FR","potentialAction":[{"@type":"ReadAction","target":["https:\/\/internationaleducationcenters.de\/fr\/kurs\/allemand-professionnel-avance-cours-de-perfectionnement-pour-le-secteur-commercial\/"]}]},{"@type":"ImageObject","inLanguage":"fr-FR","@id":"https:\/\/internationaleducationcenters.de\/fr\/kurs\/allemand-professionnel-avance-cours-de-perfectionnement-pour-le-secteur-commercial\/#primaryimage","url":"https:\/\/internationaleducationcenters.de\/wp-content\/uploads\/2025\/10\/pexels-pavel-danilyuk-8761561-scaled.jpg","contentUrl":"https:\/\/internationaleducationcenters.de\/wp-content\/uploads\/2025\/10\/pexels-pavel-danilyuk-8761561-scaled.jpg","width":2560,"height":1709,"caption":"Qualifizierungschancengesetz (QCG) bei IEC in Wuppertal"},{"@type":"BreadcrumbList","@id":"https:\/\/internationaleducationcenters.de\/fr\/kurs\/allemand-professionnel-avance-cours-de-perfectionnement-pour-le-secteur-commercial\/#breadcrumb","itemListElement":[{"@type":"ListItem","position":1,"name":"Home","item":"https:\/\/internationaleducationcenters.de\/fr\/"},{"@type":"ListItem","position":2,"name":"Boutique","item":"https:\/\/internationaleducationcenters.de\/fr\/boutique\/"},{"@type":"ListItem","position":3,"name":"Allemand professionnel avanc\u00e9 &#8211; cours de perfectionnement dans le domaine commercial"}]},{"@type":"WebSite","@id":"https:\/\/internationaleducationcenters.de\/fr\/#website","url":"https:\/\/internationaleducationcenters.de\/fr\/","name":"International Education Centers","description":"","publisher":{"@id":"https:\/\/internationaleducationcenters.de\/fr\/#organization"},"potentialAction":[{"@type":"SearchAction","target":{"@type":"EntryPoint","urlTemplate":"https:\/\/internationaleducationcenters.de\/fr\/?s={search_term_string}"},"query-input":{"@type":"PropertyValueSpecification","valueRequired":true,"valueName":"search_term_string"}}],"inLanguage":"fr-FR"},{"@type":"Organization","@id":"https:\/\/internationaleducationcenters.de\/fr\/#organization","name":"International Education Centers","alternateName":"IEC","url":"https:\/\/internationaleducationcenters.de\/fr\/","logo":{"@type":"ImageObject","inLanguage":"fr-FR","@id":"https:\/\/internationaleducationcenters.de\/fr\/#\/schema\/logo\/image\/","url":"https:\/\/internationaleducationcenters.de\/wp-content\/uploads\/2025\/08\/IEC_favicon-1.png","contentUrl":"https:\/\/internationaleducationcenters.de\/wp-content\/uploads\/2025\/08\/IEC_favicon-1.png","width":512,"height":512,"caption":"International Education Centers"},"image":{"@id":"https:\/\/internationaleducationcenters.de\/fr\/#\/schema\/logo\/image\/"},"sameAs":["https:\/\/www.facebook.com\/InternationalEducationCenters\/"]}]},"product_price_currency":"EUR","og_availability":"instock","product_availability":"instock","product_condition":"new"},"_links":{"self":[{"href":"https:\/\/internationaleducationcenters.de\/fr\/wp-json\/wp\/v2\/product\/17745","targetHints":{"allow":["GET"]}}],"collection":[{"href":"https:\/\/internationaleducationcenters.de\/fr\/wp-json\/wp\/v2\/product"}],"about":[{"href":"https:\/\/internationaleducationcenters.de\/fr\/wp-json\/wp\/v2\/types\/product"}],"replies":[{"embeddable":true,"href":"https:\/\/internationaleducationcenters.de\/fr\/wp-json\/wp\/v2\/comments?post=17745"}],"version-history":[{"count":4,"href":"https:\/\/internationaleducationcenters.de\/fr\/wp-json\/wp\/v2\/product\/17745\/revisions"}],"predecessor-version":[{"id":21055,"href":"https:\/\/internationaleducationcenters.de\/fr\/wp-json\/wp\/v2\/product\/17745\/revisions\/21055"}],"wp:featuredmedia":[{"embeddable":true,"href":"https:\/\/internationaleducationcenters.de\/fr\/wp-json\/wp\/v2\/media\/16543"}],"wp:attachment":[{"href":"https:\/\/internationaleducationcenters.de\/fr\/wp-json\/wp\/v2\/media?parent=17745"}],"wp:term":[{"taxonomy":"product_brand","embeddable":true,"href":"https:\/\/internationaleducationcenters.de\/fr\/wp-json\/wp\/v2\/product_brand?post=17745"},{"taxonomy":"product_cat","embeddable":true,"href":"https:\/\/internationaleducationcenters.de\/fr\/wp-json\/wp\/v2\/product_cat?post=17745"},{"taxonomy":"product_tag","embeddable":true,"href":"https:\/\/internationaleducationcenters.de\/fr\/wp-json\/wp\/v2\/product_tag?post=17745"}],"curies":[{"name":"wp","href":"https:\/\/api.w.org\/{rel}","templated":true}]}}