{"id":17753,"date":"2025-09-26T10:02:54","date_gmt":"2025-09-26T08:02:54","guid":{"rendered":"https:\/\/internationaleducationcenters.de\/kurs\/allemand-pour-la-profession-dinfirmier-specifications-du-secteur-niveau-intermediaire-ii-b1-2\/"},"modified":"2025-11-24T10:46:00","modified_gmt":"2025-11-24T09:46:00","slug":"allemand-pour-la-profession-infirmiere-cours-b1-2","status":"publish","type":"product","link":"https:\/\/internationaleducationcenters.de\/fr\/kurs\/allemand-pour-la-profession-infirmiere-cours-b1-2\/","title":{"rendered":"Allemand pour la profession infirmi\u00e8re \u2013 Cours B1.2"},"content":{"rendered":"\t\t<div data-elementor-type=\"product-post\" data-elementor-id=\"17753\" class=\"elementor elementor-17753 elementor-13909\" data-elementor-post-type=\"product\">\n\t\t\t\t<div class=\"elementor-element elementor-element-96562e2 e-flex e-con-boxed e-con e-parent\" data-id=\"96562e2\" data-element_type=\"container\" data-e-type=\"container\">\n\t\t\t\t\t<div class=\"e-con-inner\">\n\t\t\t\t<div class=\"elementor-element elementor-element-03b15cb elementor-widget elementor-widget-text-editor\" data-id=\"03b15cb\" data-element_type=\"widget\" data-e-type=\"widget\" data-widget_type=\"text-editor.default\">\n\t\t\t\t<div class=\"elementor-widget-container\">\n\t\t\t\t\t\t\t\t\t<p><strong>Un bref aper\u00e7u<br><\/strong><br> Des aides-soignants et des assistants sont actuellement recherch\u00e9s dans toute l&rsquo;Allemagne. Pour les candidats \u00e9trangers,<br>, il ne manque parfois que les comp\u00e9tences linguistiques<br>. En attestant d&rsquo;une solide connaissance de l&rsquo;allemand au niveau B1.2 sur<br>, les personnes issues de l&rsquo;immigration ont d&rsquo;excellentes chances de placement.<br>. Conform\u00e9ment aux recommandations de la Commission europ\u00e9enne<br>pour l&rsquo;apprentissage des langues \u00e9trang\u00e8res, l&rsquo;enseignement des langues professionnelles \u00e0 l&rsquo;IBB<br>suit l&rsquo;approche de<br>Content and language integrated learning, dans laquelle les comp\u00e9tences linguistiques<br>sont transmises et approfondies sur la base de contenus professionnels pertinents. L&rsquo;accent est mis sur<br>.    <\/p><p><strong>Contenu du cours<\/strong><\/p><ul><li>Vocabulaire m\u00e9dical sp\u00e9cialis\u00e9<\/li><li>Vocabulaire infirmier sp\u00e9cifique (par exemple, dans les rapports de soins infirmiers)<\/li><li>Vocabulaire quotidien en contact avec les patients et leurs proches<\/li><\/ul><p><br><strong>Vos perspectives professionnelles apr\u00e8s la formation continue<br><\/strong><br> Un cours d&rsquo;allemand pour les soins infirmiers de niveau B1.2 vous ouvre de nombreuses perspectives professionnelles<br>. Avec les connaissances d&rsquo;allemand appropri\u00e9es<br>, vous pouvez travailler dans le domaine des soins ou dans des branches apparent\u00e9es. En tant que<br>Pflegehelfer ou Pflegeassistent, vous aidez le personnel soignant \u00e0<br>soigner les patients. En outre, le cours d&rsquo;allemand ouvre \u00e9galement des portes<br>dans d&rsquo;autres secteurs de la sant\u00e9 o\u00f9<br>comp\u00e9tences en allemand sont n\u00e9cessaires. Il peut s&rsquo;agir de travailler dans des h\u00f4pitaux,<br>\u00e9tablissements m\u00e9dicaux ou des services de soins ambulatoires. Les comp\u00e9tences linguistiques acquises sur<br>permettent une communication efficace<br>avec les coll\u00e8gues, les sup\u00e9rieurs et les patients.     <br><br><strong>Conditions de participation<br><\/strong><br> Sont concern\u00e9s les participants ayant un niveau B1 selon le CEC ou<br>des connaissances de base attest\u00e9es par ailleurs.<br>La condition de participation est \u00e9galement une formation professionnelle \/ des \u00e9tudes<br>ou une exp\u00e9rience de travail dans le domaine des soins ou dans le domaine commercial<br>.<br>Nous nous tenons \u00e0 la disposition de toutes les personnes int\u00e9ress\u00e9es pour un entretien personnel afin de clarifier<br>leurs conditions de participation individuelles.<br><br><strong>Groupe cible<br><\/strong><br> Ce module s&rsquo;adresse \u00e9galement aux migrants et aux r\u00e9fugi\u00e9s ayant des connaissances linguistiques de base<br>, qui travaillent dans le secteur des soins ou qui souhaitent travailler dans ce domaine<br>\u00e0 l&rsquo;avenir et qui ont besoin de connaissances en allemand de niveau B1.2<br>. Avec le Job-Turbo, il s&rsquo;agit d&rsquo;exploiter ce potentiel et de mettre rapidement<br>personnes au travail. <br><br><strong>Votre dipl\u00f4me<br><\/strong><br> Certificat interne \u00e0 l&rsquo;institution ou attestation de participation<br><br><strong>Promotion avec un bon de formation<br><\/strong><br> En tant qu&rsquo;organisme agr\u00e9\u00e9 selon l&rsquo;AZAV, la plupart de nos offres<br>sont certifi\u00e9es selon des crit\u00e8res de qualit\u00e9 exigeants. Pour vous, en tant que client(e) de l&rsquo;agence pour l&#8217;emploi ou du Jobcenter,<br>, cela signifie que votre participation \u00e0<br>est subventionnable \u00e0 100 % avec un bon de formation et donc gratuite pour vous<br>.   <br><br><\/p>\t\t\t\t\t\t\t\t<\/div>\n\t\t\t\t<\/div>\n\t\t\t\t\t<\/div>\n\t\t\t\t<\/div>\n\t\t\t\t<\/div>\n\t\t","protected":false},"excerpt":{"rendered":"<p>Am\u00e9liorez votre allemand pour le m\u00e9tier de soignant au niveau interm\u00e9diaire (B1.2). Ce cours permet d&rsquo;acqu\u00e9rir un vocabulaire sp\u00e9cifique \u00e0 la branche et une communication pratique pour le quotidien professionnel dans le domaine de la sant\u00e9.<\/p>\n","protected":false},"featured_media":10871,"comment_status":"open","ping_status":"closed","template":"","meta":{"_acf_changed":false},"product_brand":[],"product_cat":[],"product_tag":[466],"class_list":{"0":"post-17753","1":"product","2":"type-product","3":"status-publish","4":"has-post-thumbnail","6":"product_tag-projet-professionnel","8":"first","9":"instock","10":"taxable","11":"shipping-taxable","12":"product-type-simple"},"acf":[],"yoast_head":"<!-- This site is optimized with the Yoast SEO Premium plugin v25.9 (Yoast SEO v26.9) - https:\/\/yoast.com\/product\/yoast-seo-premium-wordpress\/ -->\n<title>Allemand pour la profession infirmi\u00e8re \u2013 Cours B1.2 - International Education Centers<\/title>\n<meta name=\"description\" content=\"Allemand pour la profession infirmi\u00e8re \u2013 Cours B1.2 - L&#039;allemand pour le m\u00e9tier de soignant : apprenez l&#039;allemand sp\u00e9cifique au secteur au niveau interm\u00e9diaire (B1.2) Avec des exercices pratiques chez IEC \u00e0 Wuppertal\" \/>\n<meta name=\"robots\" content=\"index, follow, max-snippet:-1, max-image-preview:large, max-video-preview:-1\" \/>\n<link rel=\"canonical\" href=\"https:\/\/internationaleducationcenters.de\/fr\/kurs\/allemand-pour-la-profession-infirmiere-cours-b1-2\/\" \/>\n<meta property=\"og:locale\" content=\"fr_FR\" \/>\n<meta property=\"og:type\" content=\"article\" \/>\n<meta property=\"og:title\" content=\"Allemand pour la profession infirmi\u00e8re \u2013 Cours B1.2\" \/>\n<meta property=\"og:description\" content=\"Allemand pour la profession infirmi\u00e8re \u2013 Cours B1.2 - L&#039;allemand pour le m\u00e9tier de soignant : apprenez l&#039;allemand sp\u00e9cifique au secteur au niveau interm\u00e9diaire (B1.2) Avec des exercices pratiques chez IEC \u00e0 Wuppertal\" \/>\n<meta property=\"og:url\" content=\"https:\/\/internationaleducationcenters.de\/fr\/kurs\/allemand-pour-la-profession-infirmiere-cours-b1-2\/\" \/>\n<meta property=\"og:site_name\" content=\"International Education Centers\" \/>\n<meta property=\"article:publisher\" content=\"https:\/\/www.facebook.com\/InternationalEducationCenters\/\" \/>\n<meta property=\"article:modified_time\" content=\"2025-11-24T09:46:00+00:00\" \/>\n<meta property=\"og:image\" content=\"https:\/\/internationaleducationcenters.de\/wp-content\/uploads\/2024\/01\/muslim-doctor-outside-near-the-hospital-2023-11-27-05-03-21-utc-scaled.jpg\" \/>\n\t<meta property=\"og:image:width\" content=\"2560\" \/>\n\t<meta property=\"og:image:height\" content=\"1707\" \/>\n\t<meta property=\"og:image:type\" content=\"image\/jpeg\" \/>\n<meta name=\"twitter:card\" content=\"summary_large_image\" \/>\n<meta name=\"twitter:label1\" content=\"Prix\" \/>\n\t<meta name=\"twitter:data1\" content=\"\" \/>\n\t<meta name=\"twitter:label2\" content=\"Disponibilit\u00e9\" \/>\n\t<meta name=\"twitter:data2\" content=\"En stock\" \/>\n<script type=\"application\/ld+json\" class=\"yoast-schema-graph\">{\"@context\":\"https:\/\/schema.org\",\"@graph\":[{\"@type\":\"WebPage\",\"@id\":\"https:\/\/internationaleducationcenters.de\/fr\/kurs\/allemand-pour-la-profession-infirmiere-cours-b1-2\/\",\"url\":\"https:\/\/internationaleducationcenters.de\/fr\/kurs\/allemand-pour-la-profession-infirmiere-cours-b1-2\/\",\"name\":\"Allemand pour la profession infirmi\u00e8re \u2013 Cours B1.2 - International Education Centers\",\"isPartOf\":{\"@id\":\"https:\/\/internationaleducationcenters.de\/fr\/#website\"},\"primaryImageOfPage\":{\"@id\":\"https:\/\/internationaleducationcenters.de\/fr\/kurs\/allemand-pour-la-profession-infirmiere-cours-b1-2\/#primaryimage\"},\"image\":{\"@id\":\"https:\/\/internationaleducationcenters.de\/fr\/kurs\/allemand-pour-la-profession-infirmiere-cours-b1-2\/#primaryimage\"},\"thumbnailUrl\":\"https:\/\/internationaleducationcenters.de\/wp-content\/uploads\/2024\/01\/muslim-doctor-outside-near-the-hospital-2023-11-27-05-03-21-utc-scaled.jpg\",\"datePublished\":\"2025-09-26T08:02:54+00:00\",\"dateModified\":\"2025-11-24T09:46:00+00:00\",\"description\":\"Allemand pour la profession infirmi\u00e8re \u2013 Cours B1.2 - L'allemand pour le m\u00e9tier de soignant : apprenez l'allemand sp\u00e9cifique au secteur au niveau interm\u00e9diaire (B1.2) Avec des exercices pratiques chez IEC \u00e0 Wuppertal\",\"breadcrumb\":{\"@id\":\"https:\/\/internationaleducationcenters.de\/fr\/kurs\/allemand-pour-la-profession-infirmiere-cours-b1-2\/#breadcrumb\"},\"inLanguage\":\"fr-FR\",\"potentialAction\":[{\"@type\":\"ReadAction\",\"target\":[\"https:\/\/internationaleducationcenters.de\/fr\/kurs\/allemand-pour-la-profession-infirmiere-cours-b1-2\/\"]}]},{\"@type\":\"ImageObject\",\"inLanguage\":\"fr-FR\",\"@id\":\"https:\/\/internationaleducationcenters.de\/fr\/kurs\/allemand-pour-la-profession-infirmiere-cours-b1-2\/#primaryimage\",\"url\":\"https:\/\/internationaleducationcenters.de\/wp-content\/uploads\/2024\/01\/muslim-doctor-outside-near-the-hospital-2023-11-27-05-03-21-utc-scaled.jpg\",\"contentUrl\":\"https:\/\/internationaleducationcenters.de\/wp-content\/uploads\/2024\/01\/muslim-doctor-outside-near-the-hospital-2023-11-27-05-03-21-utc-scaled.jpg\",\"width\":2560,\"height\":1707,\"caption\":\"A young Muslim woman doctor in a hijab and uniform with a stethoscope standing with a tablet on the street near the hospital building. Medicine and health care.\"},{\"@type\":\"BreadcrumbList\",\"@id\":\"https:\/\/internationaleducationcenters.de\/fr\/kurs\/allemand-pour-la-profession-infirmiere-cours-b1-2\/#breadcrumb\",\"itemListElement\":[{\"@type\":\"ListItem\",\"position\":1,\"name\":\"Home\",\"item\":\"https:\/\/internationaleducationcenters.de\/fr\/page-daccueil\/\"},{\"@type\":\"ListItem\",\"position\":2,\"name\":\"Boutique\",\"item\":\"https:\/\/internationaleducationcenters.de\/fr\/boutique\/\"},{\"@type\":\"ListItem\",\"position\":3,\"name\":\"Allemand pour la profession infirmi\u00e8re \u2013 Cours B1.2\"}]},{\"@type\":\"WebSite\",\"@id\":\"https:\/\/internationaleducationcenters.de\/fr\/#website\",\"url\":\"https:\/\/internationaleducationcenters.de\/fr\/\",\"name\":\"International Education Centers\",\"description\":\"\",\"publisher\":{\"@id\":\"https:\/\/internationaleducationcenters.de\/fr\/#organization\"},\"potentialAction\":[{\"@type\":\"SearchAction\",\"target\":{\"@type\":\"EntryPoint\",\"urlTemplate\":\"https:\/\/internationaleducationcenters.de\/fr\/?s={search_term_string}\"},\"query-input\":{\"@type\":\"PropertyValueSpecification\",\"valueRequired\":true,\"valueName\":\"search_term_string\"}}],\"inLanguage\":\"fr-FR\"},{\"@type\":\"Organization\",\"@id\":\"https:\/\/internationaleducationcenters.de\/fr\/#organization\",\"name\":\"International Education Centers\",\"alternateName\":\"IEC\",\"url\":\"https:\/\/internationaleducationcenters.de\/fr\/\",\"logo\":{\"@type\":\"ImageObject\",\"inLanguage\":\"fr-FR\",\"@id\":\"https:\/\/internationaleducationcenters.de\/fr\/#\/schema\/logo\/image\/\",\"url\":\"https:\/\/internationaleducationcenters.de\/wp-content\/uploads\/2025\/08\/IEC_favicon-1.png\",\"contentUrl\":\"https:\/\/internationaleducationcenters.de\/wp-content\/uploads\/2025\/08\/IEC_favicon-1.png\",\"width\":512,\"height\":512,\"caption\":\"International Education Centers\"},\"image\":{\"@id\":\"https:\/\/internationaleducationcenters.de\/fr\/#\/schema\/logo\/image\/\"},\"sameAs\":[\"https:\/\/www.facebook.com\/InternationalEducationCenters\/\"]}]}<\/script>\n<meta property=\"product:price:currency\" content=\"EUR\" \/>\n<meta property=\"og:availability\" content=\"instock\" \/>\n<meta property=\"product:availability\" content=\"instock\" \/>\n<meta property=\"product:condition\" content=\"new\" \/>\n<!-- \/ Yoast SEO Premium plugin. -->","yoast_head_json":{"title":"Allemand pour la profession infirmi\u00e8re \u2013 Cours B1.2 - International Education Centers","description":"Allemand pour la profession infirmi\u00e8re \u2013 Cours B1.2 - L'allemand pour le m\u00e9tier de soignant : apprenez l'allemand sp\u00e9cifique au secteur au niveau interm\u00e9diaire (B1.2) Avec des exercices pratiques chez IEC \u00e0 Wuppertal","robots":{"index":"index","follow":"follow","max-snippet":"max-snippet:-1","max-image-preview":"max-image-preview:large","max-video-preview":"max-video-preview:-1"},"canonical":"https:\/\/internationaleducationcenters.de\/fr\/kurs\/allemand-pour-la-profession-infirmiere-cours-b1-2\/","og_locale":"fr_FR","og_type":"article","og_title":"Allemand pour la profession infirmi\u00e8re \u2013 Cours B1.2","og_description":"Allemand pour la profession infirmi\u00e8re \u2013 Cours B1.2 - L'allemand pour le m\u00e9tier de soignant : apprenez l'allemand sp\u00e9cifique au secteur au niveau interm\u00e9diaire (B1.2) Avec des exercices pratiques chez IEC \u00e0 Wuppertal","og_url":"https:\/\/internationaleducationcenters.de\/fr\/kurs\/allemand-pour-la-profession-infirmiere-cours-b1-2\/","og_site_name":"International Education Centers","article_publisher":"https:\/\/www.facebook.com\/InternationalEducationCenters\/","article_modified_time":"2025-11-24T09:46:00+00:00","og_image":[{"width":2560,"height":1707,"url":"https:\/\/internationaleducationcenters.de\/wp-content\/uploads\/2024\/01\/muslim-doctor-outside-near-the-hospital-2023-11-27-05-03-21-utc-scaled.jpg","type":"image\/jpeg"}],"twitter_card":"summary_large_image","twitter_misc":{"Prix":"","Disponibilit\u00e9":"En stock"},"schema":{"@context":"https:\/\/schema.org","@graph":[{"@type":"WebPage","@id":"https:\/\/internationaleducationcenters.de\/fr\/kurs\/allemand-pour-la-profession-infirmiere-cours-b1-2\/","url":"https:\/\/internationaleducationcenters.de\/fr\/kurs\/allemand-pour-la-profession-infirmiere-cours-b1-2\/","name":"Allemand pour la profession infirmi\u00e8re \u2013 Cours B1.2 - International Education Centers","isPartOf":{"@id":"https:\/\/internationaleducationcenters.de\/fr\/#website"},"primaryImageOfPage":{"@id":"https:\/\/internationaleducationcenters.de\/fr\/kurs\/allemand-pour-la-profession-infirmiere-cours-b1-2\/#primaryimage"},"image":{"@id":"https:\/\/internationaleducationcenters.de\/fr\/kurs\/allemand-pour-la-profession-infirmiere-cours-b1-2\/#primaryimage"},"thumbnailUrl":"https:\/\/internationaleducationcenters.de\/wp-content\/uploads\/2024\/01\/muslim-doctor-outside-near-the-hospital-2023-11-27-05-03-21-utc-scaled.jpg","datePublished":"2025-09-26T08:02:54+00:00","dateModified":"2025-11-24T09:46:00+00:00","description":"Allemand pour la profession infirmi\u00e8re \u2013 Cours B1.2 - L'allemand pour le m\u00e9tier de soignant : apprenez l'allemand sp\u00e9cifique au secteur au niveau interm\u00e9diaire (B1.2) Avec des exercices pratiques chez IEC \u00e0 Wuppertal","breadcrumb":{"@id":"https:\/\/internationaleducationcenters.de\/fr\/kurs\/allemand-pour-la-profession-infirmiere-cours-b1-2\/#breadcrumb"},"inLanguage":"fr-FR","potentialAction":[{"@type":"ReadAction","target":["https:\/\/internationaleducationcenters.de\/fr\/kurs\/allemand-pour-la-profession-infirmiere-cours-b1-2\/"]}]},{"@type":"ImageObject","inLanguage":"fr-FR","@id":"https:\/\/internationaleducationcenters.de\/fr\/kurs\/allemand-pour-la-profession-infirmiere-cours-b1-2\/#primaryimage","url":"https:\/\/internationaleducationcenters.de\/wp-content\/uploads\/2024\/01\/muslim-doctor-outside-near-the-hospital-2023-11-27-05-03-21-utc-scaled.jpg","contentUrl":"https:\/\/internationaleducationcenters.de\/wp-content\/uploads\/2024\/01\/muslim-doctor-outside-near-the-hospital-2023-11-27-05-03-21-utc-scaled.jpg","width":2560,"height":1707,"caption":"A young Muslim woman doctor in a hijab and uniform with a stethoscope standing with a tablet on the street near the hospital building. Medicine and health care."},{"@type":"BreadcrumbList","@id":"https:\/\/internationaleducationcenters.de\/fr\/kurs\/allemand-pour-la-profession-infirmiere-cours-b1-2\/#breadcrumb","itemListElement":[{"@type":"ListItem","position":1,"name":"Home","item":"https:\/\/internationaleducationcenters.de\/fr\/page-daccueil\/"},{"@type":"ListItem","position":2,"name":"Boutique","item":"https:\/\/internationaleducationcenters.de\/fr\/boutique\/"},{"@type":"ListItem","position":3,"name":"Allemand pour la profession infirmi\u00e8re \u2013 Cours B1.2"}]},{"@type":"WebSite","@id":"https:\/\/internationaleducationcenters.de\/fr\/#website","url":"https:\/\/internationaleducationcenters.de\/fr\/","name":"International Education Centers","description":"","publisher":{"@id":"https:\/\/internationaleducationcenters.de\/fr\/#organization"},"potentialAction":[{"@type":"SearchAction","target":{"@type":"EntryPoint","urlTemplate":"https:\/\/internationaleducationcenters.de\/fr\/?s={search_term_string}"},"query-input":{"@type":"PropertyValueSpecification","valueRequired":true,"valueName":"search_term_string"}}],"inLanguage":"fr-FR"},{"@type":"Organization","@id":"https:\/\/internationaleducationcenters.de\/fr\/#organization","name":"International Education Centers","alternateName":"IEC","url":"https:\/\/internationaleducationcenters.de\/fr\/","logo":{"@type":"ImageObject","inLanguage":"fr-FR","@id":"https:\/\/internationaleducationcenters.de\/fr\/#\/schema\/logo\/image\/","url":"https:\/\/internationaleducationcenters.de\/wp-content\/uploads\/2025\/08\/IEC_favicon-1.png","contentUrl":"https:\/\/internationaleducationcenters.de\/wp-content\/uploads\/2025\/08\/IEC_favicon-1.png","width":512,"height":512,"caption":"International Education Centers"},"image":{"@id":"https:\/\/internationaleducationcenters.de\/fr\/#\/schema\/logo\/image\/"},"sameAs":["https:\/\/www.facebook.com\/InternationalEducationCenters\/"]}]},"product_price_currency":"EUR","og_availability":"instock","product_availability":"instock","product_condition":"new"},"_links":{"self":[{"href":"https:\/\/internationaleducationcenters.de\/fr\/wp-json\/wp\/v2\/product\/17753","targetHints":{"allow":["GET"]}}],"collection":[{"href":"https:\/\/internationaleducationcenters.de\/fr\/wp-json\/wp\/v2\/product"}],"about":[{"href":"https:\/\/internationaleducationcenters.de\/fr\/wp-json\/wp\/v2\/types\/product"}],"replies":[{"embeddable":true,"href":"https:\/\/internationaleducationcenters.de\/fr\/wp-json\/wp\/v2\/comments?post=17753"}],"version-history":[{"count":6,"href":"https:\/\/internationaleducationcenters.de\/fr\/wp-json\/wp\/v2\/product\/17753\/revisions"}],"predecessor-version":[{"id":21052,"href":"https:\/\/internationaleducationcenters.de\/fr\/wp-json\/wp\/v2\/product\/17753\/revisions\/21052"}],"wp:featuredmedia":[{"embeddable":true,"href":"https:\/\/internationaleducationcenters.de\/fr\/wp-json\/wp\/v2\/media\/10871"}],"wp:attachment":[{"href":"https:\/\/internationaleducationcenters.de\/fr\/wp-json\/wp\/v2\/media?parent=17753"}],"wp:term":[{"taxonomy":"product_brand","embeddable":true,"href":"https:\/\/internationaleducationcenters.de\/fr\/wp-json\/wp\/v2\/product_brand?post=17753"},{"taxonomy":"product_cat","embeddable":true,"href":"https:\/\/internationaleducationcenters.de\/fr\/wp-json\/wp\/v2\/product_cat?post=17753"},{"taxonomy":"product_tag","embeddable":true,"href":"https:\/\/internationaleducationcenters.de\/fr\/wp-json\/wp\/v2\/product_tag?post=17753"}],"curies":[{"name":"wp","href":"https:\/\/api.w.org\/{rel}","templated":true}]}}