{"id":17759,"date":"2025-09-26T10:04:00","date_gmt":"2025-09-26T08:04:00","guid":{"rendered":"https:\/\/internationaleducationcenters.de\/kurs\/allemand-professionnel-pour-le-travail-et-la-carriere-cours-de-perfectionnement-ii-dans-le-domaine-commercial\/"},"modified":"2025-11-24T10:31:36","modified_gmt":"2025-11-24T09:31:36","slug":"allemand-professionnel-pour-le-travail-et-la-carriere-cours-de-perfectionnement-ii-dans-le-domaine-commercial","status":"publish","type":"product","link":"https:\/\/internationaleducationcenters.de\/fr\/kurs\/allemand-professionnel-pour-le-travail-et-la-carriere-cours-de-perfectionnement-ii-dans-le-domaine-commercial\/","title":{"rendered":"Allemand professionnel &#8211; Cours de perfectionnement commercial ll"},"content":{"rendered":"\t\t<div data-elementor-type=\"product-post\" data-elementor-id=\"17759\" class=\"elementor elementor-17759 elementor-13887\" data-elementor-post-type=\"product\">\n\t\t\t\t<div class=\"elementor-element elementor-element-8820c39 e-flex e-con-boxed e-con e-parent\" data-id=\"8820c39\" data-element_type=\"container\" data-e-type=\"container\">\n\t\t\t\t\t<div class=\"e-con-inner\">\n\t\t\t\t<div class=\"elementor-element elementor-element-158fc12 elementor-widget elementor-widget-text-editor\" data-id=\"158fc12\" data-element_type=\"widget\" data-e-type=\"widget\" data-widget_type=\"text-editor.default\">\n\t\t\t\t<div class=\"elementor-widget-container\">\n\t\t\t\t\t\t\t\t\t<p><strong>Un bref aper\u00e7u<br><\/strong><br> Ce cours permet d&rsquo;acqu\u00e9rir des connaissances avanc\u00e9es en allemand tout en approfondissant<br>sujets tels que : Temps et loisirs, se pr\u00e9senter et pr\u00e9senter les autres, travail et profession,<br>professions, lieu de travail, rendez-vous, savoir-vivre, t\u00e9l\u00e9phoner,<br>r\u00e9unions, lettres et e-mails, syst\u00e8me scolaire et de formation en<br>Allemagne, transports et mobilit\u00e9, r\u00e9servations,<br>pays et habitants, aspects culturels de l&rsquo;Allemagne, habitat et vie,<br>sentiments et caract\u00e9ristiques, nourriture et boissons, sant\u00e9,<br>documents et entretiens de candidature, y compris la grammaire pertinente. <\/p><p><strong>Contenu du cours<br><\/strong><br> Transmission de connaissances avanc\u00e9es<\/p><ul><li>Grammaire allemande<\/li><li>D\u00e9veloppement du vocabulaire<\/li><li>Approfondissement des exercices oraux et \u00e9crits dans<br>Utilisation de la langue professionnelle<\/li><li>Pr\u00e9cision du d\u00e9bat<\/li><li>Exercices d&rsquo;application<\/li><li>D\u00e9veloppement des comp\u00e9tences en compr\u00e9hension orale et \u00e9crite<\/li><\/ul><p><strong>Vos perspectives professionnelles apr\u00e8s la formation continue<br><\/strong><br> hAvec le fran\u00e7ais, l&rsquo;allemand est la deuxi\u00e8me langue la plus apprise dans<br>de l&rsquo;Union europ\u00e9enne. Cela s&rsquo;explique notamment par le fait que l&rsquo;allemand est l&rsquo;une des langues les plus en vue dans les domaines<br>de la m\u00e9decine, de la biologie, de la chimie, de la pharmacie, de l&rsquo;\u00e9lectrotechnique et de l&rsquo;\u00e9lectronique,<br>de la construction m\u00e9canique, de la construction automobile, de la diplomatie, de la finance, du sport, du tourisme et dans le domaine de l&rsquo;enseignement<br>. <\/p><p><strong>Conditions de participation<br><\/strong><br> Les conditions de participation sont un niveau linguistique \u00e9lev\u00e9<br>de B2.1 selon le CECR ou des connaissances de base<br>de la langue allemande attest\u00e9es d&rsquo;une autre mani\u00e8re ainsi que, id\u00e9alement, une formation professionnelle<br>\/ des \u00e9tudes ou une exp\u00e9rience professionnelle dans le domaine commercial. Les r\u00e8gles exactes<br>sont \u00e9tablies en accord avec le Jobcenter \/ l&rsquo;agence pour l&#8217;emploi<br>ou la commune optante.<br>Nous nous tenons \u00e0 la disposition de toutes les personnes int\u00e9ress\u00e9es pour un entretien personnel afin de clarifier<br>leurs conditions de participation individuelles. <\/p><p><strong>Groupe cible<br><\/strong><br> Le module est \u00e9galement adapt\u00e9 aux migrants et aux r\u00e9fugi\u00e9s ayant des connaissances linguistiques de base<br>ainsi qu&rsquo;aux personnes int\u00e9ress\u00e9es par le commerce. Avec le<br>Job-Turbo, il s&rsquo;agit d&rsquo;exploiter ce potentiel et d&rsquo;amener rapidement les gens \u00e0 travailler<br>. <\/p><p><strong>Votre dipl\u00f4me<br><\/strong><br> Certificat interne \u00e0 l&rsquo;institution ou attestation de participation<\/p><p><strong>Promotion avec un bon de formation<br><\/strong><br> En tant qu&rsquo;organisme agr\u00e9\u00e9 selon l&rsquo;AZAV, la plupart de nos offres<br>sont certifi\u00e9es selon des crit\u00e8res de qualit\u00e9 exigeants. Pour vous, en tant que client(e) de l&rsquo;agence pour l&#8217;emploi ou du Jobcenter,<br>, cela signifie que votre participation \u00e0<br>est subventionnable \u00e0 100% avec un bon de formation et donc gratuite pour vous<br>. <\/p>\t\t\t\t\t\t\t\t<\/div>\n\t\t\t\t<\/div>\n\t\t\t\t\t<\/div>\n\t\t\t\t<\/div>\n\t\t\t\t<\/div>\n\t\t","protected":false},"excerpt":{"rendered":"<p>Renforcez votre allemand professionnel pour les m\u00e9tiers commerciaux au niveau avanc\u00e9.<br data-start=\"277\" data-end=\"280\" \/>Avec des exercices pratiques chez IEC \u00e0 Wuppertal &#8211; id\u00e9al pour l&rsquo;avancement professionnel.<\/p>\n","protected":false},"featured_media":15307,"comment_status":"open","ping_status":"closed","template":"","meta":{"_acf_changed":false},"product_brand":[],"product_cat":[468],"product_tag":[466],"class_list":{"0":"post-17759","1":"product","2":"type-product","3":"status-publish","4":"has-post-thumbnail","6":"product_cat-cours-de-langue-professionnelle","7":"product_tag-projet-professionnel","9":"first","10":"instock","11":"taxable","12":"shipping-taxable","13":"product-type-simple"},"acf":[],"yoast_head":"<!-- This site is optimized with the Yoast SEO Premium plugin v25.9 (Yoast SEO v26.9) - https:\/\/yoast.com\/product\/yoast-seo-premium-wordpress\/ -->\n<title>Allemand professionnel - Cours de perfectionnement commercial ll - International Education Centers<\/title>\n<meta name=\"description\" content=\"Apprenez l&#039;allemand professionnel pour des opportunit\u00e9s de carri\u00e8re. Cours de perfectionnement dans le domaine commercial avec des exercices r\u00e9alistes avec IEC \u00e0 Wuppertal et une mise en pratique.\" \/>\n<meta name=\"robots\" content=\"index, follow, max-snippet:-1, max-image-preview:large, max-video-preview:-1\" \/>\n<link rel=\"canonical\" href=\"https:\/\/internationaleducationcenters.de\/fr\/kurs\/allemand-professionnel-pour-le-travail-et-la-carriere-cours-de-perfectionnement-ii-dans-le-domaine-commercial\/\" \/>\n<meta property=\"og:locale\" content=\"fr_FR\" \/>\n<meta property=\"og:type\" content=\"article\" \/>\n<meta property=\"og:title\" content=\"Allemand professionnel - Cours de perfectionnement commercial ll\" \/>\n<meta property=\"og:description\" content=\"Apprenez l&#039;allemand professionnel pour des opportunit\u00e9s de carri\u00e8re. Cours de perfectionnement dans le domaine commercial avec des exercices r\u00e9alistes avec IEC \u00e0 Wuppertal et une mise en pratique.\" \/>\n<meta property=\"og:url\" content=\"https:\/\/internationaleducationcenters.de\/fr\/kurs\/allemand-professionnel-pour-le-travail-et-la-carriere-cours-de-perfectionnement-ii-dans-le-domaine-commercial\/\" \/>\n<meta property=\"og:site_name\" content=\"International Education Centers\" \/>\n<meta property=\"article:publisher\" content=\"https:\/\/www.facebook.com\/InternationalEducationCenters\/\" \/>\n<meta property=\"article:modified_time\" content=\"2025-11-24T09:31:36+00:00\" \/>\n<meta property=\"og:image\" content=\"https:\/\/internationaleducationcenters.de\/wp-content\/uploads\/2025\/09\/Aufbaukurs-II-im-kaufmaennischen-Bereich.jpg\" \/>\n\t<meta property=\"og:image:width\" content=\"411\" \/>\n\t<meta property=\"og:image:height\" content=\"293\" \/>\n\t<meta property=\"og:image:type\" content=\"image\/jpeg\" \/>\n<meta name=\"twitter:card\" content=\"summary_large_image\" \/>\n<meta name=\"twitter:label1\" content=\"Prix\" \/>\n\t<meta name=\"twitter:data1\" content=\"\" \/>\n\t<meta name=\"twitter:label2\" content=\"Disponibilit\u00e9\" \/>\n\t<meta name=\"twitter:data2\" content=\"En stock\" \/>\n<script type=\"application\/ld+json\" class=\"yoast-schema-graph\">{\"@context\":\"https:\/\/schema.org\",\"@graph\":[{\"@type\":\"WebPage\",\"@id\":\"https:\/\/internationaleducationcenters.de\/fr\/kurs\/allemand-professionnel-pour-le-travail-et-la-carriere-cours-de-perfectionnement-ii-dans-le-domaine-commercial\/\",\"url\":\"https:\/\/internationaleducationcenters.de\/fr\/kurs\/allemand-professionnel-pour-le-travail-et-la-carriere-cours-de-perfectionnement-ii-dans-le-domaine-commercial\/\",\"name\":\"Allemand professionnel - Cours de perfectionnement commercial ll - International Education Centers\",\"isPartOf\":{\"@id\":\"https:\/\/internationaleducationcenters.de\/fr\/#website\"},\"primaryImageOfPage\":{\"@id\":\"https:\/\/internationaleducationcenters.de\/fr\/kurs\/allemand-professionnel-pour-le-travail-et-la-carriere-cours-de-perfectionnement-ii-dans-le-domaine-commercial\/#primaryimage\"},\"image\":{\"@id\":\"https:\/\/internationaleducationcenters.de\/fr\/kurs\/allemand-professionnel-pour-le-travail-et-la-carriere-cours-de-perfectionnement-ii-dans-le-domaine-commercial\/#primaryimage\"},\"thumbnailUrl\":\"https:\/\/internationaleducationcenters.de\/wp-content\/uploads\/2025\/10\/pexels-olly-901424-scaled.jpg\",\"datePublished\":\"2025-09-26T08:04:00+00:00\",\"dateModified\":\"2025-11-24T09:31:36+00:00\",\"description\":\"Apprenez l'allemand professionnel pour des opportunit\u00e9s de carri\u00e8re. Cours de perfectionnement dans le domaine commercial avec des exercices r\u00e9alistes avec IEC \u00e0 Wuppertal et une mise en pratique.\",\"breadcrumb\":{\"@id\":\"https:\/\/internationaleducationcenters.de\/fr\/kurs\/allemand-professionnel-pour-le-travail-et-la-carriere-cours-de-perfectionnement-ii-dans-le-domaine-commercial\/#breadcrumb\"},\"inLanguage\":\"fr-FR\",\"potentialAction\":[{\"@type\":\"ReadAction\",\"target\":[\"https:\/\/internationaleducationcenters.de\/fr\/kurs\/allemand-professionnel-pour-le-travail-et-la-carriere-cours-de-perfectionnement-ii-dans-le-domaine-commercial\/\"]}]},{\"@type\":\"ImageObject\",\"inLanguage\":\"fr-FR\",\"@id\":\"https:\/\/internationaleducationcenters.de\/fr\/kurs\/allemand-professionnel-pour-le-travail-et-la-carriere-cours-de-perfectionnement-ii-dans-le-domaine-commercial\/#primaryimage\",\"url\":\"https:\/\/internationaleducationcenters.de\/wp-content\/uploads\/2025\/10\/pexels-olly-901424-scaled.jpg\",\"contentUrl\":\"https:\/\/internationaleducationcenters.de\/wp-content\/uploads\/2025\/10\/pexels-olly-901424-scaled.jpg\",\"width\":2560,\"height\":1707,\"caption\":\"F\u00f6rderung bei IEC in Wuppertal\"},{\"@type\":\"BreadcrumbList\",\"@id\":\"https:\/\/internationaleducationcenters.de\/fr\/kurs\/allemand-professionnel-pour-le-travail-et-la-carriere-cours-de-perfectionnement-ii-dans-le-domaine-commercial\/#breadcrumb\",\"itemListElement\":[{\"@type\":\"ListItem\",\"position\":1,\"name\":\"Home\",\"item\":\"https:\/\/internationaleducationcenters.de\/fr\/\"},{\"@type\":\"ListItem\",\"position\":2,\"name\":\"Boutique\",\"item\":\"https:\/\/internationaleducationcenters.de\/fr\/boutique\/\"},{\"@type\":\"ListItem\",\"position\":3,\"name\":\"Allemand professionnel &#8211; Cours de perfectionnement commercial ll\"}]},{\"@type\":\"WebSite\",\"@id\":\"https:\/\/internationaleducationcenters.de\/fr\/#website\",\"url\":\"https:\/\/internationaleducationcenters.de\/fr\/\",\"name\":\"International Education Centers\",\"description\":\"\",\"publisher\":{\"@id\":\"https:\/\/internationaleducationcenters.de\/fr\/#organization\"},\"potentialAction\":[{\"@type\":\"SearchAction\",\"target\":{\"@type\":\"EntryPoint\",\"urlTemplate\":\"https:\/\/internationaleducationcenters.de\/fr\/?s={search_term_string}\"},\"query-input\":{\"@type\":\"PropertyValueSpecification\",\"valueRequired\":true,\"valueName\":\"search_term_string\"}}],\"inLanguage\":\"fr-FR\"},{\"@type\":\"Organization\",\"@id\":\"https:\/\/internationaleducationcenters.de\/fr\/#organization\",\"name\":\"International Education Centers\",\"alternateName\":\"IEC\",\"url\":\"https:\/\/internationaleducationcenters.de\/fr\/\",\"logo\":{\"@type\":\"ImageObject\",\"inLanguage\":\"fr-FR\",\"@id\":\"https:\/\/internationaleducationcenters.de\/fr\/#\/schema\/logo\/image\/\",\"url\":\"https:\/\/internationaleducationcenters.de\/wp-content\/uploads\/2025\/08\/IEC_favicon-1.png\",\"contentUrl\":\"https:\/\/internationaleducationcenters.de\/wp-content\/uploads\/2025\/08\/IEC_favicon-1.png\",\"width\":512,\"height\":512,\"caption\":\"International Education Centers\"},\"image\":{\"@id\":\"https:\/\/internationaleducationcenters.de\/fr\/#\/schema\/logo\/image\/\"},\"sameAs\":[\"https:\/\/www.facebook.com\/InternationalEducationCenters\/\"]}]}<\/script>\n<meta property=\"product:price:currency\" content=\"EUR\" \/>\n<meta property=\"og:availability\" content=\"instock\" \/>\n<meta property=\"product:availability\" content=\"instock\" \/>\n<meta property=\"product:condition\" content=\"new\" \/>\n<!-- \/ Yoast SEO Premium plugin. -->","yoast_head_json":{"title":"Allemand professionnel - Cours de perfectionnement commercial ll - International Education Centers","description":"Apprenez l'allemand professionnel pour des opportunit\u00e9s de carri\u00e8re. Cours de perfectionnement dans le domaine commercial avec des exercices r\u00e9alistes avec IEC \u00e0 Wuppertal et une mise en pratique.","robots":{"index":"index","follow":"follow","max-snippet":"max-snippet:-1","max-image-preview":"max-image-preview:large","max-video-preview":"max-video-preview:-1"},"canonical":"https:\/\/internationaleducationcenters.de\/fr\/kurs\/allemand-professionnel-pour-le-travail-et-la-carriere-cours-de-perfectionnement-ii-dans-le-domaine-commercial\/","og_locale":"fr_FR","og_type":"article","og_title":"Allemand professionnel - Cours de perfectionnement commercial ll","og_description":"Apprenez l'allemand professionnel pour des opportunit\u00e9s de carri\u00e8re. Cours de perfectionnement dans le domaine commercial avec des exercices r\u00e9alistes avec IEC \u00e0 Wuppertal et une mise en pratique.","og_url":"https:\/\/internationaleducationcenters.de\/fr\/kurs\/allemand-professionnel-pour-le-travail-et-la-carriere-cours-de-perfectionnement-ii-dans-le-domaine-commercial\/","og_site_name":"International Education Centers","article_publisher":"https:\/\/www.facebook.com\/InternationalEducationCenters\/","article_modified_time":"2025-11-24T09:31:36+00:00","og_image":[{"width":411,"height":293,"url":"https:\/\/internationaleducationcenters.de\/wp-content\/uploads\/2025\/09\/Aufbaukurs-II-im-kaufmaennischen-Bereich.jpg","type":"image\/jpeg"}],"twitter_card":"summary_large_image","twitter_misc":{"Prix":"","Disponibilit\u00e9":"En stock"},"schema":{"@context":"https:\/\/schema.org","@graph":[{"@type":"WebPage","@id":"https:\/\/internationaleducationcenters.de\/fr\/kurs\/allemand-professionnel-pour-le-travail-et-la-carriere-cours-de-perfectionnement-ii-dans-le-domaine-commercial\/","url":"https:\/\/internationaleducationcenters.de\/fr\/kurs\/allemand-professionnel-pour-le-travail-et-la-carriere-cours-de-perfectionnement-ii-dans-le-domaine-commercial\/","name":"Allemand professionnel - Cours de perfectionnement commercial ll - International Education Centers","isPartOf":{"@id":"https:\/\/internationaleducationcenters.de\/fr\/#website"},"primaryImageOfPage":{"@id":"https:\/\/internationaleducationcenters.de\/fr\/kurs\/allemand-professionnel-pour-le-travail-et-la-carriere-cours-de-perfectionnement-ii-dans-le-domaine-commercial\/#primaryimage"},"image":{"@id":"https:\/\/internationaleducationcenters.de\/fr\/kurs\/allemand-professionnel-pour-le-travail-et-la-carriere-cours-de-perfectionnement-ii-dans-le-domaine-commercial\/#primaryimage"},"thumbnailUrl":"https:\/\/internationaleducationcenters.de\/wp-content\/uploads\/2025\/10\/pexels-olly-901424-scaled.jpg","datePublished":"2025-09-26T08:04:00+00:00","dateModified":"2025-11-24T09:31:36+00:00","description":"Apprenez l'allemand professionnel pour des opportunit\u00e9s de carri\u00e8re. Cours de perfectionnement dans le domaine commercial avec des exercices r\u00e9alistes avec IEC \u00e0 Wuppertal et une mise en pratique.","breadcrumb":{"@id":"https:\/\/internationaleducationcenters.de\/fr\/kurs\/allemand-professionnel-pour-le-travail-et-la-carriere-cours-de-perfectionnement-ii-dans-le-domaine-commercial\/#breadcrumb"},"inLanguage":"fr-FR","potentialAction":[{"@type":"ReadAction","target":["https:\/\/internationaleducationcenters.de\/fr\/kurs\/allemand-professionnel-pour-le-travail-et-la-carriere-cours-de-perfectionnement-ii-dans-le-domaine-commercial\/"]}]},{"@type":"ImageObject","inLanguage":"fr-FR","@id":"https:\/\/internationaleducationcenters.de\/fr\/kurs\/allemand-professionnel-pour-le-travail-et-la-carriere-cours-de-perfectionnement-ii-dans-le-domaine-commercial\/#primaryimage","url":"https:\/\/internationaleducationcenters.de\/wp-content\/uploads\/2025\/10\/pexels-olly-901424-scaled.jpg","contentUrl":"https:\/\/internationaleducationcenters.de\/wp-content\/uploads\/2025\/10\/pexels-olly-901424-scaled.jpg","width":2560,"height":1707,"caption":"F\u00f6rderung bei IEC in Wuppertal"},{"@type":"BreadcrumbList","@id":"https:\/\/internationaleducationcenters.de\/fr\/kurs\/allemand-professionnel-pour-le-travail-et-la-carriere-cours-de-perfectionnement-ii-dans-le-domaine-commercial\/#breadcrumb","itemListElement":[{"@type":"ListItem","position":1,"name":"Home","item":"https:\/\/internationaleducationcenters.de\/fr\/"},{"@type":"ListItem","position":2,"name":"Boutique","item":"https:\/\/internationaleducationcenters.de\/fr\/boutique\/"},{"@type":"ListItem","position":3,"name":"Allemand professionnel &#8211; Cours de perfectionnement commercial ll"}]},{"@type":"WebSite","@id":"https:\/\/internationaleducationcenters.de\/fr\/#website","url":"https:\/\/internationaleducationcenters.de\/fr\/","name":"International Education Centers","description":"","publisher":{"@id":"https:\/\/internationaleducationcenters.de\/fr\/#organization"},"potentialAction":[{"@type":"SearchAction","target":{"@type":"EntryPoint","urlTemplate":"https:\/\/internationaleducationcenters.de\/fr\/?s={search_term_string}"},"query-input":{"@type":"PropertyValueSpecification","valueRequired":true,"valueName":"search_term_string"}}],"inLanguage":"fr-FR"},{"@type":"Organization","@id":"https:\/\/internationaleducationcenters.de\/fr\/#organization","name":"International Education Centers","alternateName":"IEC","url":"https:\/\/internationaleducationcenters.de\/fr\/","logo":{"@type":"ImageObject","inLanguage":"fr-FR","@id":"https:\/\/internationaleducationcenters.de\/fr\/#\/schema\/logo\/image\/","url":"https:\/\/internationaleducationcenters.de\/wp-content\/uploads\/2025\/08\/IEC_favicon-1.png","contentUrl":"https:\/\/internationaleducationcenters.de\/wp-content\/uploads\/2025\/08\/IEC_favicon-1.png","width":512,"height":512,"caption":"International Education Centers"},"image":{"@id":"https:\/\/internationaleducationcenters.de\/fr\/#\/schema\/logo\/image\/"},"sameAs":["https:\/\/www.facebook.com\/InternationalEducationCenters\/"]}]},"product_price_currency":"EUR","og_availability":"instock","product_availability":"instock","product_condition":"new"},"_links":{"self":[{"href":"https:\/\/internationaleducationcenters.de\/fr\/wp-json\/wp\/v2\/product\/17759","targetHints":{"allow":["GET"]}}],"collection":[{"href":"https:\/\/internationaleducationcenters.de\/fr\/wp-json\/wp\/v2\/product"}],"about":[{"href":"https:\/\/internationaleducationcenters.de\/fr\/wp-json\/wp\/v2\/types\/product"}],"replies":[{"embeddable":true,"href":"https:\/\/internationaleducationcenters.de\/fr\/wp-json\/wp\/v2\/comments?post=17759"}],"version-history":[{"count":4,"href":"https:\/\/internationaleducationcenters.de\/fr\/wp-json\/wp\/v2\/product\/17759\/revisions"}],"predecessor-version":[{"id":21044,"href":"https:\/\/internationaleducationcenters.de\/fr\/wp-json\/wp\/v2\/product\/17759\/revisions\/21044"}],"wp:featuredmedia":[{"embeddable":true,"href":"https:\/\/internationaleducationcenters.de\/fr\/wp-json\/wp\/v2\/media\/15307"}],"wp:attachment":[{"href":"https:\/\/internationaleducationcenters.de\/fr\/wp-json\/wp\/v2\/media?parent=17759"}],"wp:term":[{"taxonomy":"product_brand","embeddable":true,"href":"https:\/\/internationaleducationcenters.de\/fr\/wp-json\/wp\/v2\/product_brand?post=17759"},{"taxonomy":"product_cat","embeddable":true,"href":"https:\/\/internationaleducationcenters.de\/fr\/wp-json\/wp\/v2\/product_cat?post=17759"},{"taxonomy":"product_tag","embeddable":true,"href":"https:\/\/internationaleducationcenters.de\/fr\/wp-json\/wp\/v2\/product_tag?post=17759"}],"curies":[{"name":"wp","href":"https:\/\/api.w.org\/{rel}","templated":true}]}}