{"id":17767,"date":"2025-09-26T10:03:32","date_gmt":"2025-09-26T08:03:32","guid":{"rendered":"https:\/\/internationaleducationcenters.de\/kurs\/allemand-pour-la-profession-dinfirmier-specifications-du-secteur-niveau-intermediaire-i-b1-1\/"},"modified":"2025-11-24T10:40:53","modified_gmt":"2025-11-24T09:40:53","slug":"allemand-pour-la-profession-infirmiere","status":"publish","type":"product","link":"https:\/\/internationaleducationcenters.de\/fr\/kurs\/allemand-pour-la-profession-infirmiere\/","title":{"rendered":"Allemand pour la profession d&rsquo;infirmier  \u2013 Cours B1.1"},"content":{"rendered":"\t\t<div data-elementor-type=\"product-post\" data-elementor-id=\"17767\" class=\"elementor elementor-17767 elementor-13898\" data-elementor-post-type=\"product\">\n\t\t\t\t<div class=\"elementor-element elementor-element-50fb45d e-flex e-con-boxed e-con e-parent\" data-id=\"50fb45d\" data-element_type=\"container\" data-e-type=\"container\">\n\t\t\t\t\t<div class=\"e-con-inner\">\n\t\t\t\t<div class=\"elementor-element elementor-element-020cc82 elementor-widget elementor-widget-text-editor\" data-id=\"020cc82\" data-element_type=\"widget\" data-e-type=\"widget\" data-widget_type=\"text-editor.default\">\n\t\t\t\t<div class=\"elementor-widget-container\">\n\t\t\t\t\t\t\t\t\t<p><strong>Un bref aper\u00e7u<br><\/strong><br> Des aides-soignants et des assistants sont actuellement recherch\u00e9s dans toute l&rsquo;Allemagne. Pour les candidats \u00e9trangers,<br>, il ne manque parfois que les comp\u00e9tences linguistiques<br>. En attestant d&rsquo;une solide connaissance de l&rsquo;allemand au niveau B1.1 sur<br>, les personnes issues de l&rsquo;immigration ont d&rsquo;excellentes chances de placement.<br>. Le cours offre aux participants<br>un contenu sp\u00e9cifique de niveau B1.1, adapt\u00e9 \u00e0 leurs besoins professionnels<br>dans le domaine des soins.<br>Le cours se concentre sur l&rsquo;acquisition d&rsquo;un vocabulaire de base<br>et le d\u00e9veloppement des comp\u00e9tences linguistiques n\u00e9cessaires dans le quotidien des soins<br>. Cela comprend les relations avec les patients, la compr\u00e9hension<br>et la formulation des instructions, la description des sympt\u00f4mes et<br>l&rsquo;explication des plans de traitement.<br>Un accent important est mis sur le d\u00e9veloppement des comp\u00e9tences de communication<br>pour interagir efficacement avec les patients. Cela inclut la conduite de conversations simples sur<br>, l&rsquo;identification des besoins et des souhaits<br>, la compr\u00e9hension des plaintes et l&rsquo;\u00e9tablissement d&rsquo;une relation de confiance<br>.<br>Le cours enseigne \u00e9galement les termes m\u00e9dicaux de base et la terminologie<br>qui sont pertinents dans le domaine des soins. Cela inclut<br>par exemple la d\u00e9nomination des parties du corps, des maladies,<br>des m\u00e9dicaments et des appareils m\u00e9dicaux.<br>Dans le domaine des soins, une documentation pr\u00e9cise des traitements et<br>des soins est tr\u00e8s importante. Le cours fournit des connaissances sur<br>la documentation \u00e9crite correcte, y compris la r\u00e9daction de<br>rapports, protocoles et plans de soins.<br>Comme le secteur des soins est souvent multiculturel, les strat\u00e9gies de communication interculturelles<br>peuvent \u00eatre un \u00e9l\u00e9ment important du cours. Cela<br>comprend la gestion des diff\u00e9rences culturelles, la sensibilit\u00e9 aux<br>besoins diff\u00e9rents et l&rsquo;approche respectueuse de la diversit\u00e9.<br>Afin d&rsquo;appliquer les connaissances acquises dans des situations r\u00e9alistes,<br>jeux de r\u00f4le et exercices pratiques peuvent \u00eatre int\u00e9gr\u00e9s dans les cours.<br>Cela permet aux participants de mettre en pratique leurs comp\u00e9tences linguistiques<br>et de se pr\u00e9parer \u00e0 des situations de soins r\u00e9elles.        <\/p><p><strong>Contenu du cours<br><\/strong><\/p><ul><li>Langage quotidien dans les soins<\/li><li>Communication avec les patients<\/li><li>Vocabulaire m\u00e9dical<\/li><li>Documentation et rapports<\/li><li>Communication interculturelle<\/li><li>Jeux de r\u00f4le et exercices pratiques<\/li><\/ul><p><strong>Vos perspectives professionnelles apr\u00e8s la formation continue<br><\/strong><br> Un cours d&rsquo;allemand pour les soins infirmiers de niveau B1.1 vous ouvre de nombreuses perspectives professionnelles<br>. Avec des connaissances de base en allemand<br>, vous pouvez travailler dans le domaine des soins ou dans des secteurs apparent\u00e9s. En tant que<br>Pflegehelfer ou Pflegeassistent, vous aidez le personnel soignant \u00e0<br>soigner les patients. Gr\u00e2ce aux comp\u00e9tences linguistiques que vous avez acquises<br>, vous pouvez tenir des conversations de base et comprendre des instructions.<br>En outre, le cours d&rsquo;allemand vous ouvre des portes dans d&rsquo;autres domaines<br>du secteur de la sant\u00e9, o\u00f9 les comp\u00e9tences en allemand sont requises. Cela peut inclure<br>le travail dans les h\u00f4pitaux, les \u00e9tablissements m\u00e9dicaux ou<br>les services de soins ambulatoires. Les comp\u00e9tences linguistiques acquises<br>permettent de communiquer efficacement avec les coll\u00e8gues, les sup\u00e9rieurs et<br>les patients.     <br><br><strong>Conditions de participation<br><\/strong><br> S&rsquo;adresse aux participants ayant un niveau A2.2 selon le CEC ou<br>connaissances de base attest\u00e9es par ailleurs.<br><br>La condition de participation est \u00e9galement une formation professionnelle \/ des \u00e9tudes<br>ou une exp\u00e9rience de travail dans le domaine des soins ou dans le domaine commercial<br>.<br>Nous nous tenons \u00e0 la disposition de toutes les personnes int\u00e9ress\u00e9es pour un entretien personnel afin de clarifier<br>leurs conditions de participation individuelles.<br><br><strong>Groupe cible<br><\/strong><br> Le module est \u00e9galement destin\u00e9 aux migrants et aux r\u00e9fugi\u00e9s ayant des connaissances linguistiques de base<br>, qui travaillent dans le secteur des soins ou qui souhaitent travailler dans ce domaine<br>\u00e0 l&rsquo;avenir et qui ont besoin de connaissances en allemand de niveau B1.1<br>.Avec le Job-Turbo, il s&rsquo;agit d&rsquo;exploiter ce potentiel et de mettre rapidement<br>personnes au travail.<br><br><strong>Votre dipl\u00f4me<br><\/strong><br> Certificat interne \u00e0 l&rsquo;institution ou attestation de participation<br><br><strong>Promotion avec un bon de formation<br><\/strong><br> En tant qu&rsquo;organisme agr\u00e9\u00e9 selon l&rsquo;AZAV, la plupart de nos offres<br>sont certifi\u00e9es selon des crit\u00e8res de qualit\u00e9 exigeants. Pour vous, en tant que client(e) de l&rsquo;agence pour l&#8217;emploi ou du Jobcenter,<br>, cela signifie que votre participation \u00e0<br>est subventionnable \u00e0 100% avec un bon de formation et donc gratuite pour vous<br>. <\/p>\t\t\t\t\t\t\t\t<\/div>\n\t\t\t\t<\/div>\n\t\t\t\t\t<\/div>\n\t\t\t\t<\/div>\n\t\t\t\t<\/div>\n\t\t","protected":false},"excerpt":{"rendered":"<p>Am\u00e9liorez votre allemand pour le m\u00e9tier de soignant au niveau interm\u00e9diaire (B1.1). Ce cours permet d&rsquo;acqu\u00e9rir un vocabulaire sp\u00e9cifique \u00e0 la branche et une communication pratique pour le quotidien professionnel dans le domaine de la sant\u00e9.<\/p>\n","protected":false},"featured_media":7528,"comment_status":"open","ping_status":"closed","template":"","meta":{"_acf_changed":false},"product_brand":[],"product_cat":[],"product_tag":[466],"class_list":{"0":"post-17767","1":"product","2":"type-product","3":"status-publish","4":"has-post-thumbnail","6":"product_tag-projet-professionnel","8":"first","9":"instock","10":"taxable","11":"shipping-taxable","12":"product-type-simple"},"acf":[],"yoast_head":"<!-- This site is optimized with the Yoast SEO Premium plugin v25.9 (Yoast SEO v26.9) - https:\/\/yoast.com\/product\/yoast-seo-premium-wordpress\/ -->\n<title>Allemand pour la profession d&#039;infirmier \u2013 Cours B1.1 - International Education Centers<\/title>\n<meta name=\"description\" content=\"Apprenez l\u2019allemand pour la profession infirmi\u00e8re avec IEC \u2013 un cours sp\u00e9cialis\u00e9 B1.1 pour le secteur m\u00e9dical, 100% en ligne et adapt\u00e9 aux besoins pratiques.\" \/>\n<meta name=\"robots\" content=\"index, follow, max-snippet:-1, max-image-preview:large, max-video-preview:-1\" \/>\n<link rel=\"canonical\" href=\"https:\/\/internationaleducationcenters.de\/fr\/kurs\/allemand-pour-la-profession-infirmiere\/\" \/>\n<meta property=\"og:locale\" content=\"fr_FR\" \/>\n<meta property=\"og:type\" content=\"article\" \/>\n<meta property=\"og:title\" content=\"Allemand pour la profession d&#039;infirmier \u2013 Cours B1.1\" \/>\n<meta property=\"og:description\" content=\"Apprenez l\u2019allemand pour la profession infirmi\u00e8re avec IEC \u2013 un cours sp\u00e9cialis\u00e9 B1.1 pour le secteur m\u00e9dical, 100% en ligne et adapt\u00e9 aux besoins pratiques.\" \/>\n<meta property=\"og:url\" content=\"https:\/\/internationaleducationcenters.de\/fr\/kurs\/allemand-pour-la-profession-infirmiere\/\" \/>\n<meta property=\"og:site_name\" content=\"International Education Centers\" \/>\n<meta property=\"article:publisher\" content=\"https:\/\/www.facebook.com\/InternationalEducationCenters\/\" \/>\n<meta property=\"article:modified_time\" content=\"2025-11-24T09:40:53+00:00\" \/>\n<meta property=\"og:image\" content=\"https:\/\/internationaleducationcenters.de\/wp-content\/uploads\/2024\/01\/Deutsch-B2-C1-Medizin.jpg\" \/>\n\t<meta property=\"og:image:width\" content=\"300\" \/>\n\t<meta property=\"og:image:height\" content=\"200\" \/>\n\t<meta property=\"og:image:type\" content=\"image\/jpeg\" \/>\n<meta name=\"twitter:card\" content=\"summary_large_image\" \/>\n<meta name=\"twitter:label1\" content=\"Prix\" \/>\n\t<meta name=\"twitter:data1\" content=\"\" \/>\n\t<meta name=\"twitter:label2\" content=\"Disponibilit\u00e9\" \/>\n\t<meta name=\"twitter:data2\" content=\"En stock\" \/>\n<script type=\"application\/ld+json\" class=\"yoast-schema-graph\">{\"@context\":\"https:\/\/schema.org\",\"@graph\":[{\"@type\":\"WebPage\",\"@id\":\"https:\/\/internationaleducationcenters.de\/fr\/kurs\/allemand-pour-la-profession-infirmiere\/\",\"url\":\"https:\/\/internationaleducationcenters.de\/fr\/kurs\/allemand-pour-la-profession-infirmiere\/\",\"name\":\"Allemand pour la profession d'infirmier \u2013 Cours B1.1 - International Education Centers\",\"isPartOf\":{\"@id\":\"https:\/\/internationaleducationcenters.de\/fr\/#website\"},\"primaryImageOfPage\":{\"@id\":\"https:\/\/internationaleducationcenters.de\/fr\/kurs\/allemand-pour-la-profession-infirmiere\/#primaryimage\"},\"image\":{\"@id\":\"https:\/\/internationaleducationcenters.de\/fr\/kurs\/allemand-pour-la-profession-infirmiere\/#primaryimage\"},\"thumbnailUrl\":\"https:\/\/internationaleducationcenters.de\/wp-content\/uploads\/2024\/01\/Deutsch-B2-C1-Medizin.jpg\",\"datePublished\":\"2025-09-26T08:03:32+00:00\",\"dateModified\":\"2025-11-24T09:40:53+00:00\",\"description\":\"Apprenez l\u2019allemand pour la profession infirmi\u00e8re avec IEC \u2013 un cours sp\u00e9cialis\u00e9 B1.1 pour le secteur m\u00e9dical, 100% en ligne et adapt\u00e9 aux besoins pratiques.\",\"breadcrumb\":{\"@id\":\"https:\/\/internationaleducationcenters.de\/fr\/kurs\/allemand-pour-la-profession-infirmiere\/#breadcrumb\"},\"inLanguage\":\"fr-FR\",\"potentialAction\":[{\"@type\":\"ReadAction\",\"target\":[\"https:\/\/internationaleducationcenters.de\/fr\/kurs\/allemand-pour-la-profession-infirmiere\/\"]}]},{\"@type\":\"ImageObject\",\"inLanguage\":\"fr-FR\",\"@id\":\"https:\/\/internationaleducationcenters.de\/fr\/kurs\/allemand-pour-la-profession-infirmiere\/#primaryimage\",\"url\":\"https:\/\/internationaleducationcenters.de\/wp-content\/uploads\/2024\/01\/Deutsch-B2-C1-Medizin.jpg\",\"contentUrl\":\"https:\/\/internationaleducationcenters.de\/wp-content\/uploads\/2024\/01\/Deutsch-B2-C1-Medizin.jpg\",\"width\":300,\"height\":200,\"caption\":\"Vorbereitungskurs f\u00fcr medizinisches Deutsch B2-C1 \u2013 telc Pr\u00fcfung mit IEC\"},{\"@type\":\"BreadcrumbList\",\"@id\":\"https:\/\/internationaleducationcenters.de\/fr\/kurs\/allemand-pour-la-profession-infirmiere\/#breadcrumb\",\"itemListElement\":[{\"@type\":\"ListItem\",\"position\":1,\"name\":\"Home\",\"item\":\"https:\/\/internationaleducationcenters.de\/fr\/page-daccueil\/\"},{\"@type\":\"ListItem\",\"position\":2,\"name\":\"Boutique\",\"item\":\"https:\/\/internationaleducationcenters.de\/fr\/boutique\/\"},{\"@type\":\"ListItem\",\"position\":3,\"name\":\"Allemand pour la profession d&#8217;infirmier \u2013 Cours B1.1\"}]},{\"@type\":\"WebSite\",\"@id\":\"https:\/\/internationaleducationcenters.de\/fr\/#website\",\"url\":\"https:\/\/internationaleducationcenters.de\/fr\/\",\"name\":\"International Education Centers\",\"description\":\"\",\"publisher\":{\"@id\":\"https:\/\/internationaleducationcenters.de\/fr\/#organization\"},\"potentialAction\":[{\"@type\":\"SearchAction\",\"target\":{\"@type\":\"EntryPoint\",\"urlTemplate\":\"https:\/\/internationaleducationcenters.de\/fr\/?s={search_term_string}\"},\"query-input\":{\"@type\":\"PropertyValueSpecification\",\"valueRequired\":true,\"valueName\":\"search_term_string\"}}],\"inLanguage\":\"fr-FR\"},{\"@type\":\"Organization\",\"@id\":\"https:\/\/internationaleducationcenters.de\/fr\/#organization\",\"name\":\"International Education Centers\",\"alternateName\":\"IEC\",\"url\":\"https:\/\/internationaleducationcenters.de\/fr\/\",\"logo\":{\"@type\":\"ImageObject\",\"inLanguage\":\"fr-FR\",\"@id\":\"https:\/\/internationaleducationcenters.de\/fr\/#\/schema\/logo\/image\/\",\"url\":\"https:\/\/internationaleducationcenters.de\/wp-content\/uploads\/2025\/08\/IEC_favicon-1.png\",\"contentUrl\":\"https:\/\/internationaleducationcenters.de\/wp-content\/uploads\/2025\/08\/IEC_favicon-1.png\",\"width\":512,\"height\":512,\"caption\":\"International Education Centers\"},\"image\":{\"@id\":\"https:\/\/internationaleducationcenters.de\/fr\/#\/schema\/logo\/image\/\"},\"sameAs\":[\"https:\/\/www.facebook.com\/InternationalEducationCenters\/\"]}]}<\/script>\n<meta property=\"product:price:currency\" content=\"EUR\" \/>\n<meta property=\"og:availability\" content=\"instock\" \/>\n<meta property=\"product:availability\" content=\"instock\" \/>\n<meta property=\"product:condition\" content=\"new\" \/>\n<!-- \/ Yoast SEO Premium plugin. -->","yoast_head_json":{"title":"Allemand pour la profession d'infirmier \u2013 Cours B1.1 - International Education Centers","description":"Apprenez l\u2019allemand pour la profession infirmi\u00e8re avec IEC \u2013 un cours sp\u00e9cialis\u00e9 B1.1 pour le secteur m\u00e9dical, 100% en ligne et adapt\u00e9 aux besoins pratiques.","robots":{"index":"index","follow":"follow","max-snippet":"max-snippet:-1","max-image-preview":"max-image-preview:large","max-video-preview":"max-video-preview:-1"},"canonical":"https:\/\/internationaleducationcenters.de\/fr\/kurs\/allemand-pour-la-profession-infirmiere\/","og_locale":"fr_FR","og_type":"article","og_title":"Allemand pour la profession d'infirmier \u2013 Cours B1.1","og_description":"Apprenez l\u2019allemand pour la profession infirmi\u00e8re avec IEC \u2013 un cours sp\u00e9cialis\u00e9 B1.1 pour le secteur m\u00e9dical, 100% en ligne et adapt\u00e9 aux besoins pratiques.","og_url":"https:\/\/internationaleducationcenters.de\/fr\/kurs\/allemand-pour-la-profession-infirmiere\/","og_site_name":"International Education Centers","article_publisher":"https:\/\/www.facebook.com\/InternationalEducationCenters\/","article_modified_time":"2025-11-24T09:40:53+00:00","og_image":[{"width":300,"height":200,"url":"https:\/\/internationaleducationcenters.de\/wp-content\/uploads\/2024\/01\/Deutsch-B2-C1-Medizin.jpg","type":"image\/jpeg"}],"twitter_card":"summary_large_image","twitter_misc":{"Prix":"","Disponibilit\u00e9":"En stock"},"schema":{"@context":"https:\/\/schema.org","@graph":[{"@type":"WebPage","@id":"https:\/\/internationaleducationcenters.de\/fr\/kurs\/allemand-pour-la-profession-infirmiere\/","url":"https:\/\/internationaleducationcenters.de\/fr\/kurs\/allemand-pour-la-profession-infirmiere\/","name":"Allemand pour la profession d'infirmier \u2013 Cours B1.1 - International Education Centers","isPartOf":{"@id":"https:\/\/internationaleducationcenters.de\/fr\/#website"},"primaryImageOfPage":{"@id":"https:\/\/internationaleducationcenters.de\/fr\/kurs\/allemand-pour-la-profession-infirmiere\/#primaryimage"},"image":{"@id":"https:\/\/internationaleducationcenters.de\/fr\/kurs\/allemand-pour-la-profession-infirmiere\/#primaryimage"},"thumbnailUrl":"https:\/\/internationaleducationcenters.de\/wp-content\/uploads\/2024\/01\/Deutsch-B2-C1-Medizin.jpg","datePublished":"2025-09-26T08:03:32+00:00","dateModified":"2025-11-24T09:40:53+00:00","description":"Apprenez l\u2019allemand pour la profession infirmi\u00e8re avec IEC \u2013 un cours sp\u00e9cialis\u00e9 B1.1 pour le secteur m\u00e9dical, 100% en ligne et adapt\u00e9 aux besoins pratiques.","breadcrumb":{"@id":"https:\/\/internationaleducationcenters.de\/fr\/kurs\/allemand-pour-la-profession-infirmiere\/#breadcrumb"},"inLanguage":"fr-FR","potentialAction":[{"@type":"ReadAction","target":["https:\/\/internationaleducationcenters.de\/fr\/kurs\/allemand-pour-la-profession-infirmiere\/"]}]},{"@type":"ImageObject","inLanguage":"fr-FR","@id":"https:\/\/internationaleducationcenters.de\/fr\/kurs\/allemand-pour-la-profession-infirmiere\/#primaryimage","url":"https:\/\/internationaleducationcenters.de\/wp-content\/uploads\/2024\/01\/Deutsch-B2-C1-Medizin.jpg","contentUrl":"https:\/\/internationaleducationcenters.de\/wp-content\/uploads\/2024\/01\/Deutsch-B2-C1-Medizin.jpg","width":300,"height":200,"caption":"Vorbereitungskurs f\u00fcr medizinisches Deutsch B2-C1 \u2013 telc Pr\u00fcfung mit IEC"},{"@type":"BreadcrumbList","@id":"https:\/\/internationaleducationcenters.de\/fr\/kurs\/allemand-pour-la-profession-infirmiere\/#breadcrumb","itemListElement":[{"@type":"ListItem","position":1,"name":"Home","item":"https:\/\/internationaleducationcenters.de\/fr\/page-daccueil\/"},{"@type":"ListItem","position":2,"name":"Boutique","item":"https:\/\/internationaleducationcenters.de\/fr\/boutique\/"},{"@type":"ListItem","position":3,"name":"Allemand pour la profession d&#8217;infirmier \u2013 Cours B1.1"}]},{"@type":"WebSite","@id":"https:\/\/internationaleducationcenters.de\/fr\/#website","url":"https:\/\/internationaleducationcenters.de\/fr\/","name":"International Education Centers","description":"","publisher":{"@id":"https:\/\/internationaleducationcenters.de\/fr\/#organization"},"potentialAction":[{"@type":"SearchAction","target":{"@type":"EntryPoint","urlTemplate":"https:\/\/internationaleducationcenters.de\/fr\/?s={search_term_string}"},"query-input":{"@type":"PropertyValueSpecification","valueRequired":true,"valueName":"search_term_string"}}],"inLanguage":"fr-FR"},{"@type":"Organization","@id":"https:\/\/internationaleducationcenters.de\/fr\/#organization","name":"International Education Centers","alternateName":"IEC","url":"https:\/\/internationaleducationcenters.de\/fr\/","logo":{"@type":"ImageObject","inLanguage":"fr-FR","@id":"https:\/\/internationaleducationcenters.de\/fr\/#\/schema\/logo\/image\/","url":"https:\/\/internationaleducationcenters.de\/wp-content\/uploads\/2025\/08\/IEC_favicon-1.png","contentUrl":"https:\/\/internationaleducationcenters.de\/wp-content\/uploads\/2025\/08\/IEC_favicon-1.png","width":512,"height":512,"caption":"International Education Centers"},"image":{"@id":"https:\/\/internationaleducationcenters.de\/fr\/#\/schema\/logo\/image\/"},"sameAs":["https:\/\/www.facebook.com\/InternationalEducationCenters\/"]}]},"product_price_currency":"EUR","og_availability":"instock","product_availability":"instock","product_condition":"new"},"_links":{"self":[{"href":"https:\/\/internationaleducationcenters.de\/fr\/wp-json\/wp\/v2\/product\/17767","targetHints":{"allow":["GET"]}}],"collection":[{"href":"https:\/\/internationaleducationcenters.de\/fr\/wp-json\/wp\/v2\/product"}],"about":[{"href":"https:\/\/internationaleducationcenters.de\/fr\/wp-json\/wp\/v2\/types\/product"}],"replies":[{"embeddable":true,"href":"https:\/\/internationaleducationcenters.de\/fr\/wp-json\/wp\/v2\/comments?post=17767"}],"version-history":[{"count":7,"href":"https:\/\/internationaleducationcenters.de\/fr\/wp-json\/wp\/v2\/product\/17767\/revisions"}],"predecessor-version":[{"id":21049,"href":"https:\/\/internationaleducationcenters.de\/fr\/wp-json\/wp\/v2\/product\/17767\/revisions\/21049"}],"wp:featuredmedia":[{"embeddable":true,"href":"https:\/\/internationaleducationcenters.de\/fr\/wp-json\/wp\/v2\/media\/7528"}],"wp:attachment":[{"href":"https:\/\/internationaleducationcenters.de\/fr\/wp-json\/wp\/v2\/media?parent=17767"}],"wp:term":[{"taxonomy":"product_brand","embeddable":true,"href":"https:\/\/internationaleducationcenters.de\/fr\/wp-json\/wp\/v2\/product_brand?post=17767"},{"taxonomy":"product_cat","embeddable":true,"href":"https:\/\/internationaleducationcenters.de\/fr\/wp-json\/wp\/v2\/product_cat?post=17767"},{"taxonomy":"product_tag","embeddable":true,"href":"https:\/\/internationaleducationcenters.de\/fr\/wp-json\/wp\/v2\/product_tag?post=17767"}],"curies":[{"name":"wp","href":"https:\/\/api.w.org\/{rel}","templated":true}]}}