{"id":17797,"date":"2024-06-03T20:46:29","date_gmt":"2024-06-03T18:46:29","guid":{"rendered":"https:\/\/internationaleducationcenters.de\/kurs\/cours-dintegration-general-en-ligne\/"},"modified":"2025-12-01T10:16:00","modified_gmt":"2025-12-01T09:16:00","slug":"cours-dintegration-general-en-ligne","status":"publish","type":"product","link":"https:\/\/internationaleducationcenters.de\/fr\/kurs\/cours-dintegration-general-en-ligne\/","title":{"rendered":"Cours d&rsquo;int\u00e9gration g\u00e9n\u00e9ral en ligne"},"content":{"rendered":"<h2>Apprendre l&rsquo;allemand &#8211; am\u00e9liorer ses chances<\/h2>\n<p>Vous souhaitez apprendre l&rsquo;allemand et le faire confortablement depuis chez vous ? Profitez de notre offre : notre cours d&rsquo;int\u00e9gration a lieu dans une salle de classe virtuelle et vous offre la possibilit\u00e9 d&rsquo;am\u00e9liorer vos connaissances linguistiques et d&rsquo;augmenter vos chances en Allemagne.<\/p>\n<h2>Contenu du cours<\/h2>\n<p>Le contenu de nos cours est bas\u00e9 sur le concept d\u00e9fini par l&rsquo;Office f\u00e9d\u00e9ral de l&rsquo;immigration et des r\u00e9fugi\u00e9s (BAMF). Le cours d&rsquo;allemand est enti\u00e8rement dispens\u00e9 en ligne. Avant de commencer, nous vous conseillons individuellement et d\u00e9terminons votre niveau de langue. Lors d&rsquo;une r\u00e9union d&rsquo;int\u00e9gration, vous recevrez des instructions d\u00e9taill\u00e9es ainsi que toutes les donn\u00e9es d&rsquo;acc\u00e8s n\u00e9cessaires \u00e0 l&rsquo;enseignement dans la salle de classe virtuelle.<\/p>\n<h2>Nos cours de langue :<\/h2>\n<ul>\n<li><strong>600 unit\u00e9s d&rsquo;enseignement de 45 minutes<\/strong>, extensibles \u00e0 300 unit\u00e9s si n\u00e9cessaire.<\/li>\n<li><strong>Th\u00e8mes<\/strong>: Travail et emploi, formation initiale et continue, \u00e9ducation des enfants, achats, loisirs, sant\u00e9, m\u00e9dias, logement.<\/li>\n<li><strong>Comp\u00e9tences pratiques<\/strong>: Ecrire des lettres et des e-mails en allemand, remplir des formulaires, t\u00e9l\u00e9phoner, postuler \u00e0 des emplois.<\/li>\n<\/ul>\n<h2>Notre cours d&rsquo;orientation :<\/h2>\n<ul>\n<li><strong>100 unit\u00e9s d&rsquo;enseignement de 45 minutes<\/strong>, \u00e9galement en ligne ou en pr\u00e9sentiel.<\/li>\n<li><strong>Th\u00e8mes<\/strong>: syst\u00e8me juridique, histoire et culture, institutions politiques.<\/li>\n<li><strong>Objectifs<\/strong>: Compr\u00e9hension du syst\u00e8me politique allemand, attitude positive envers l&rsquo;Allemagne, connaissance des droits et des devoirs, participation \u00e0 la vie sociale, comp\u00e9tence interculturelle.<\/li>\n<\/ul>\n<h2>Vous acqu\u00e9rez ces comp\u00e9tences :<\/h2>\n<ul>\n<li>Langue allemande jusqu&rsquo;au niveau B1<\/li>\n<li>R\u00e9ussir le \u00ab\u00a0Deutsch-Test f\u00fcr Zuwanderer\u00a0\u00bb (DTZ)<\/li>\n<li>Connaissance de la vie en Allemagne<\/li>\n<li>R\u00e9ussir le test \u00ab\u00a0Vivre en Allemagne<\/li>\n<\/ul>\n<h2>Remarque sur nos m\u00e9thodes d&rsquo;apprentissage :<\/h2>\n<ul>\n<li><strong>En ligne<\/strong>: Les cours se d\u00e9roulent exclusivement en ligne. Vous pouvez acc\u00e9der au contenu de l&rsquo;enseignement avec votre smartphone, votre tablette ou votre ordinateur portable, quel que soit le moment ou le lieu o\u00f9 vous vous trouvez.<\/li>\n<li><strong>Salles de classe virtuelles<\/strong>: les cours sont dispens\u00e9s dans des salles de classe virtuelles et les formations ainsi que les \u00e9changes avec les autres \u00e9tudiants* se font via des plateformes telles qu&rsquo;Adobe Connect, WebEx ou Microsoft Teams.<\/li>\n<\/ul>\n<h2>Pourquoi r\u00e9server chez nous ?<\/h2>\n<ul>\n<li><strong>Flexibilit\u00e9<\/strong>: apprenez dans le confort de votre domicile.<\/li>\n<li><strong>Soutien individuel<\/strong>: des enseignants exp\u00e9riment\u00e9s vous accompagnent tout au long du cours.<\/li>\n<li><strong>Un apprentissage efficace<\/strong>: Un enseignement interactif et vari\u00e9.<\/li>\n<li><strong>Des conseils avis\u00e9s<\/strong>: une formation et un soutien complets de la part de notre \u00e9quipe.<\/li>\n<\/ul>\n","protected":false},"excerpt":{"rendered":"<p>Apprenez l&rsquo;allemand depuis chez vous : am\u00e9liorez vos comp\u00e9tences linguistiques et vos chances en Allemagne gr\u00e2ce \u00e0 notre cours d&rsquo;int\u00e9gration en ligne certifi\u00e9 par le BAMF !<\/p>\n","protected":false},"featured_media":7481,"comment_status":"closed","ping_status":"closed","template":"","meta":{"_acf_changed":false},"product_brand":[],"product_cat":[447],"product_tag":[448,471],"class_list":{"0":"post-17797","1":"product","2":"type-product","3":"status-publish","4":"has-post-thumbnail","6":"product_cat-bamf-cours-dallemand-subventionnes","7":"product_tag-bamf-geoerderte-deutschkurse","8":"product_tag-buyoption-external-redirect-fr","10":"first","11":"instock","12":"taxable","13":"shipping-taxable","14":"purchasable","15":"product-type-simple"},"acf":[],"yoast_head":"<!-- This site is optimized with the Yoast SEO Premium plugin v25.9 (Yoast SEO v26.9) - https:\/\/yoast.com\/product\/yoast-seo-premium-wordpress\/ -->\n<title>Cours d&#039;int\u00e9gration g\u00e9n\u00e9ral en ligne - International Education Centers<\/title>\n<meta name=\"description\" content=\"Apporte des connaissances linguistiques pratiques pour la vie quotidienne et professionnelle. Inscrivez-vous d\u00e8s maintenant au cours d&#039;int\u00e9gration, y compris au cours d&#039;orientation.\" \/>\n<meta name=\"robots\" content=\"index, follow, max-snippet:-1, max-image-preview:large, max-video-preview:-1\" \/>\n<link rel=\"canonical\" href=\"https:\/\/internationaleducationcenters.de\/fr\/kurs\/cours-dintegration-general-en-ligne\/\" \/>\n<meta property=\"og:locale\" content=\"fr_FR\" \/>\n<meta property=\"og:type\" content=\"article\" \/>\n<meta property=\"og:title\" content=\"Cours d&#039;int\u00e9gration g\u00e9n\u00e9ral en ligne\" \/>\n<meta property=\"og:description\" content=\"Apporte des connaissances linguistiques pratiques pour la vie quotidienne et professionnelle. Inscrivez-vous d\u00e8s maintenant au cours d&#039;int\u00e9gration, y compris au cours d&#039;orientation.\" \/>\n<meta property=\"og:url\" content=\"https:\/\/internationaleducationcenters.de\/fr\/kurs\/cours-dintegration-general-en-ligne\/\" \/>\n<meta property=\"og:site_name\" content=\"International Education Centers\" \/>\n<meta property=\"article:publisher\" content=\"https:\/\/www.facebook.com\/InternationalEducationCenters\/\" \/>\n<meta property=\"article:modified_time\" content=\"2025-12-01T09:16:00+00:00\" \/>\n<meta property=\"og:image\" content=\"https:\/\/internationaleducationcenters.de\/wp-content\/uploads\/2024\/12\/Integrationskurs.jpg\" \/>\n\t<meta property=\"og:image:width\" content=\"300\" \/>\n\t<meta property=\"og:image:height\" content=\"200\" \/>\n\t<meta property=\"og:image:type\" content=\"image\/jpeg\" \/>\n<meta name=\"twitter:card\" content=\"summary_large_image\" \/>\n<meta name=\"twitter:label1\" content=\"Prix\" \/>\n\t<meta name=\"twitter:data1\" content=\"458,00&nbsp;&euro;\" \/>\n\t<meta name=\"twitter:label2\" content=\"Disponibilit\u00e9\" \/>\n\t<meta name=\"twitter:data2\" content=\"En stock\" \/>\n<script type=\"application\/ld+json\" class=\"yoast-schema-graph\">{\"@context\":\"https:\/\/schema.org\",\"@graph\":[{\"@type\":\"WebPage\",\"@id\":\"https:\/\/internationaleducationcenters.de\/fr\/kurs\/cours-dintegration-general-en-ligne\/\",\"url\":\"https:\/\/internationaleducationcenters.de\/fr\/kurs\/cours-dintegration-general-en-ligne\/\",\"name\":\"Cours d'int\u00e9gration g\u00e9n\u00e9ral en ligne - International Education Centers\",\"isPartOf\":{\"@id\":\"https:\/\/internationaleducationcenters.de\/fr\/#website\"},\"primaryImageOfPage\":{\"@id\":\"https:\/\/internationaleducationcenters.de\/fr\/kurs\/cours-dintegration-general-en-ligne\/#primaryimage\"},\"image\":{\"@id\":\"https:\/\/internationaleducationcenters.de\/fr\/kurs\/cours-dintegration-general-en-ligne\/#primaryimage\"},\"thumbnailUrl\":\"https:\/\/internationaleducationcenters.de\/wp-content\/uploads\/2024\/12\/Integrationskurs.jpg\",\"datePublished\":\"2024-06-03T18:46:29+00:00\",\"dateModified\":\"2025-12-01T09:16:00+00:00\",\"description\":\"Apporte des connaissances linguistiques pratiques pour la vie quotidienne et professionnelle. Inscrivez-vous d\u00e8s maintenant au cours d'int\u00e9gration, y compris au cours d'orientation.\",\"breadcrumb\":{\"@id\":\"https:\/\/internationaleducationcenters.de\/fr\/kurs\/cours-dintegration-general-en-ligne\/#breadcrumb\"},\"inLanguage\":\"fr-FR\",\"potentialAction\":[{\"@type\":\"ReadAction\",\"target\":[\"https:\/\/internationaleducationcenters.de\/fr\/kurs\/cours-dintegration-general-en-ligne\/\"]}]},{\"@type\":\"ImageObject\",\"inLanguage\":\"fr-FR\",\"@id\":\"https:\/\/internationaleducationcenters.de\/fr\/kurs\/cours-dintegration-general-en-ligne\/#primaryimage\",\"url\":\"https:\/\/internationaleducationcenters.de\/wp-content\/uploads\/2024\/12\/Integrationskurs.jpg\",\"contentUrl\":\"https:\/\/internationaleducationcenters.de\/wp-content\/uploads\/2024\/12\/Integrationskurs.jpg\",\"width\":300,\"height\":200,\"caption\":\"test leben in Deutschland in Wuppertal mit IEC\"},{\"@type\":\"BreadcrumbList\",\"@id\":\"https:\/\/internationaleducationcenters.de\/fr\/kurs\/cours-dintegration-general-en-ligne\/#breadcrumb\",\"itemListElement\":[{\"@type\":\"ListItem\",\"position\":1,\"name\":\"Home\",\"item\":\"https:\/\/internationaleducationcenters.de\/fr\/\"},{\"@type\":\"ListItem\",\"position\":2,\"name\":\"Boutique\",\"item\":\"https:\/\/internationaleducationcenters.de\/fr\/boutique\/\"},{\"@type\":\"ListItem\",\"position\":3,\"name\":\"Cours d&#8217;int\u00e9gration g\u00e9n\u00e9ral en ligne\"}]},{\"@type\":\"WebSite\",\"@id\":\"https:\/\/internationaleducationcenters.de\/fr\/#website\",\"url\":\"https:\/\/internationaleducationcenters.de\/fr\/\",\"name\":\"International Education Centers\",\"description\":\"\",\"publisher\":{\"@id\":\"https:\/\/internationaleducationcenters.de\/fr\/#organization\"},\"potentialAction\":[{\"@type\":\"SearchAction\",\"target\":{\"@type\":\"EntryPoint\",\"urlTemplate\":\"https:\/\/internationaleducationcenters.de\/fr\/?s={search_term_string}\"},\"query-input\":{\"@type\":\"PropertyValueSpecification\",\"valueRequired\":true,\"valueName\":\"search_term_string\"}}],\"inLanguage\":\"fr-FR\"},{\"@type\":\"Organization\",\"@id\":\"https:\/\/internationaleducationcenters.de\/fr\/#organization\",\"name\":\"International Education Centers\",\"alternateName\":\"IEC\",\"url\":\"https:\/\/internationaleducationcenters.de\/fr\/\",\"logo\":{\"@type\":\"ImageObject\",\"inLanguage\":\"fr-FR\",\"@id\":\"https:\/\/internationaleducationcenters.de\/fr\/#\/schema\/logo\/image\/\",\"url\":\"https:\/\/internationaleducationcenters.de\/wp-content\/uploads\/2025\/08\/IEC_favicon-1.png\",\"contentUrl\":\"https:\/\/internationaleducationcenters.de\/wp-content\/uploads\/2025\/08\/IEC_favicon-1.png\",\"width\":512,\"height\":512,\"caption\":\"International Education Centers\"},\"image\":{\"@id\":\"https:\/\/internationaleducationcenters.de\/fr\/#\/schema\/logo\/image\/\"},\"sameAs\":[\"https:\/\/www.facebook.com\/InternationalEducationCenters\/\"]}]}<\/script>\n<meta property=\"product:price:amount\" content=\"458.00\" \/>\n<meta property=\"product:price:currency\" content=\"EUR\" \/>\n<meta property=\"og:availability\" content=\"instock\" \/>\n<meta property=\"product:availability\" content=\"instock\" \/>\n<meta property=\"product:condition\" content=\"new\" \/>\n<!-- \/ Yoast SEO Premium plugin. -->","yoast_head_json":{"title":"Cours d'int\u00e9gration g\u00e9n\u00e9ral en ligne - International Education Centers","description":"Apporte des connaissances linguistiques pratiques pour la vie quotidienne et professionnelle. Inscrivez-vous d\u00e8s maintenant au cours d'int\u00e9gration, y compris au cours d'orientation.","robots":{"index":"index","follow":"follow","max-snippet":"max-snippet:-1","max-image-preview":"max-image-preview:large","max-video-preview":"max-video-preview:-1"},"canonical":"https:\/\/internationaleducationcenters.de\/fr\/kurs\/cours-dintegration-general-en-ligne\/","og_locale":"fr_FR","og_type":"article","og_title":"Cours d'int\u00e9gration g\u00e9n\u00e9ral en ligne","og_description":"Apporte des connaissances linguistiques pratiques pour la vie quotidienne et professionnelle. Inscrivez-vous d\u00e8s maintenant au cours d'int\u00e9gration, y compris au cours d'orientation.","og_url":"https:\/\/internationaleducationcenters.de\/fr\/kurs\/cours-dintegration-general-en-ligne\/","og_site_name":"International Education Centers","article_publisher":"https:\/\/www.facebook.com\/InternationalEducationCenters\/","article_modified_time":"2025-12-01T09:16:00+00:00","og_image":[{"width":300,"height":200,"url":"https:\/\/internationaleducationcenters.de\/wp-content\/uploads\/2024\/12\/Integrationskurs.jpg","type":"image\/jpeg"}],"twitter_card":"summary_large_image","twitter_misc":{"Prix":"458,00&nbsp;&euro;","Disponibilit\u00e9":"En stock"},"schema":{"@context":"https:\/\/schema.org","@graph":[{"@type":"WebPage","@id":"https:\/\/internationaleducationcenters.de\/fr\/kurs\/cours-dintegration-general-en-ligne\/","url":"https:\/\/internationaleducationcenters.de\/fr\/kurs\/cours-dintegration-general-en-ligne\/","name":"Cours d'int\u00e9gration g\u00e9n\u00e9ral en ligne - International Education Centers","isPartOf":{"@id":"https:\/\/internationaleducationcenters.de\/fr\/#website"},"primaryImageOfPage":{"@id":"https:\/\/internationaleducationcenters.de\/fr\/kurs\/cours-dintegration-general-en-ligne\/#primaryimage"},"image":{"@id":"https:\/\/internationaleducationcenters.de\/fr\/kurs\/cours-dintegration-general-en-ligne\/#primaryimage"},"thumbnailUrl":"https:\/\/internationaleducationcenters.de\/wp-content\/uploads\/2024\/12\/Integrationskurs.jpg","datePublished":"2024-06-03T18:46:29+00:00","dateModified":"2025-12-01T09:16:00+00:00","description":"Apporte des connaissances linguistiques pratiques pour la vie quotidienne et professionnelle. Inscrivez-vous d\u00e8s maintenant au cours d'int\u00e9gration, y compris au cours d'orientation.","breadcrumb":{"@id":"https:\/\/internationaleducationcenters.de\/fr\/kurs\/cours-dintegration-general-en-ligne\/#breadcrumb"},"inLanguage":"fr-FR","potentialAction":[{"@type":"ReadAction","target":["https:\/\/internationaleducationcenters.de\/fr\/kurs\/cours-dintegration-general-en-ligne\/"]}]},{"@type":"ImageObject","inLanguage":"fr-FR","@id":"https:\/\/internationaleducationcenters.de\/fr\/kurs\/cours-dintegration-general-en-ligne\/#primaryimage","url":"https:\/\/internationaleducationcenters.de\/wp-content\/uploads\/2024\/12\/Integrationskurs.jpg","contentUrl":"https:\/\/internationaleducationcenters.de\/wp-content\/uploads\/2024\/12\/Integrationskurs.jpg","width":300,"height":200,"caption":"test leben in Deutschland in Wuppertal mit IEC"},{"@type":"BreadcrumbList","@id":"https:\/\/internationaleducationcenters.de\/fr\/kurs\/cours-dintegration-general-en-ligne\/#breadcrumb","itemListElement":[{"@type":"ListItem","position":1,"name":"Home","item":"https:\/\/internationaleducationcenters.de\/fr\/"},{"@type":"ListItem","position":2,"name":"Boutique","item":"https:\/\/internationaleducationcenters.de\/fr\/boutique\/"},{"@type":"ListItem","position":3,"name":"Cours d&#8217;int\u00e9gration g\u00e9n\u00e9ral en ligne"}]},{"@type":"WebSite","@id":"https:\/\/internationaleducationcenters.de\/fr\/#website","url":"https:\/\/internationaleducationcenters.de\/fr\/","name":"International Education Centers","description":"","publisher":{"@id":"https:\/\/internationaleducationcenters.de\/fr\/#organization"},"potentialAction":[{"@type":"SearchAction","target":{"@type":"EntryPoint","urlTemplate":"https:\/\/internationaleducationcenters.de\/fr\/?s={search_term_string}"},"query-input":{"@type":"PropertyValueSpecification","valueRequired":true,"valueName":"search_term_string"}}],"inLanguage":"fr-FR"},{"@type":"Organization","@id":"https:\/\/internationaleducationcenters.de\/fr\/#organization","name":"International Education Centers","alternateName":"IEC","url":"https:\/\/internationaleducationcenters.de\/fr\/","logo":{"@type":"ImageObject","inLanguage":"fr-FR","@id":"https:\/\/internationaleducationcenters.de\/fr\/#\/schema\/logo\/image\/","url":"https:\/\/internationaleducationcenters.de\/wp-content\/uploads\/2025\/08\/IEC_favicon-1.png","contentUrl":"https:\/\/internationaleducationcenters.de\/wp-content\/uploads\/2025\/08\/IEC_favicon-1.png","width":512,"height":512,"caption":"International Education Centers"},"image":{"@id":"https:\/\/internationaleducationcenters.de\/fr\/#\/schema\/logo\/image\/"},"sameAs":["https:\/\/www.facebook.com\/InternationalEducationCenters\/"]}]},"product_price_amount":"458.00","product_price_currency":"EUR","og_availability":"instock","product_availability":"instock","product_condition":"new"},"_links":{"self":[{"href":"https:\/\/internationaleducationcenters.de\/fr\/wp-json\/wp\/v2\/product\/17797","targetHints":{"allow":["GET"]}}],"collection":[{"href":"https:\/\/internationaleducationcenters.de\/fr\/wp-json\/wp\/v2\/product"}],"about":[{"href":"https:\/\/internationaleducationcenters.de\/fr\/wp-json\/wp\/v2\/types\/product"}],"replies":[{"embeddable":true,"href":"https:\/\/internationaleducationcenters.de\/fr\/wp-json\/wp\/v2\/comments?post=17797"}],"version-history":[{"count":2,"href":"https:\/\/internationaleducationcenters.de\/fr\/wp-json\/wp\/v2\/product\/17797\/revisions"}],"predecessor-version":[{"id":21779,"href":"https:\/\/internationaleducationcenters.de\/fr\/wp-json\/wp\/v2\/product\/17797\/revisions\/21779"}],"wp:featuredmedia":[{"embeddable":true,"href":"https:\/\/internationaleducationcenters.de\/fr\/wp-json\/wp\/v2\/media\/7481"}],"wp:attachment":[{"href":"https:\/\/internationaleducationcenters.de\/fr\/wp-json\/wp\/v2\/media?parent=17797"}],"wp:term":[{"taxonomy":"product_brand","embeddable":true,"href":"https:\/\/internationaleducationcenters.de\/fr\/wp-json\/wp\/v2\/product_brand?post=17797"},{"taxonomy":"product_cat","embeddable":true,"href":"https:\/\/internationaleducationcenters.de\/fr\/wp-json\/wp\/v2\/product_cat?post=17797"},{"taxonomy":"product_tag","embeddable":true,"href":"https:\/\/internationaleducationcenters.de\/fr\/wp-json\/wp\/v2\/product_tag?post=17797"}],"curies":[{"name":"wp","href":"https:\/\/api.w.org\/{rel}","templated":true}]}}