{"id":17805,"date":"2024-12-13T08:23:29","date_gmt":"2024-12-13T07:23:29","guid":{"rendered":"https:\/\/internationaleducationcenters.de\/kurs\/cours-dintegration-pour-les-jeunes\/"},"modified":"2025-11-28T15:19:22","modified_gmt":"2025-11-28T14:19:22","slug":"cours-dintegration-pour-les-jeunes","status":"publish","type":"product","link":"https:\/\/internationaleducationcenters.de\/fr\/kurs\/cours-dintegration-pour-les-jeunes\/","title":{"rendered":"Cours d&rsquo;int\u00e9gration pour les jeunes"},"content":{"rendered":"\t\t<div data-elementor-type=\"product-post\" data-elementor-id=\"17805\" class=\"elementor elementor-17805 elementor-7197\" data-elementor-post-type=\"product\">\n\t\t\t\t<div class=\"elementor-element elementor-element-2a479923 e-flex e-con-boxed e-con e-parent\" data-id=\"2a479923\" data-element_type=\"container\" data-e-type=\"container\">\n\t\t\t\t\t<div class=\"e-con-inner\">\n\t\t\t\t<div class=\"elementor-element elementor-element-71a59896 elementor-widget elementor-widget-text-editor\" data-id=\"71a59896\" data-element_type=\"widget\" data-e-type=\"widget\" data-widget_type=\"text-editor.default\">\n\t\t\t\t<div class=\"elementor-widget-container\">\n\t\t\t\t\t\t\t\t\t<p>Faites partie de l&rsquo;Allemagne &#8211; avec notre <strong data-start=\"967\" data-end=\"1006\">cours d&rsquo;int\u00e9gration pour jeunes gens<\/strong>! Si vous avez entre 18 et 26 ans et que vous souhaitez am\u00e9liorer vos comp\u00e9tences en allemand, vous \u00eates au bon endroit ! Notre cours d&rsquo;int\u00e9gration est votre cl\u00e9 pour une int\u00e9gration r\u00e9ussie en Allemagne, tant sur le plan linguistique que culturel.<\/p><h3><strong>Ce qui vous attend  <\/strong><\/h3><p>Dans les <strong data-start=\"1271\" data-end=\"1310\">cours d&rsquo;int\u00e9gration pour jeunes gens<\/strong>, vous apprenez tout ce dont vous avez besoin pour votre vie quotidienne et votre carri\u00e8re professionnelle. Que vous souhaitiez vous pr\u00e9parer \u00e0 la recherche d&rsquo;un emploi ou d\u00e9velopper vos comp\u00e9tences en communication, nous avons le cours qu&rsquo;il vous faut. La dur\u00e9e varie selon le format du cours :<\/p><ul><li>Cours d&rsquo;int\u00e9gration g\u00e9n\u00e9ral : 600 unit\u00e9s d&rsquo;enseignement<\/li><li>Cours sp\u00e9ciaux (par exemple pour les jeunes) : Jusqu&rsquo;\u00e0 900 unit\u00e9s d&rsquo;enseignement<\/li><li>Cours intensif : 400 unit\u00e9s d&rsquo;enseignement<\/li><\/ul><p>Dans les <strong data-start=\"1271\" data-end=\"1310\">cours d&rsquo;int\u00e9gration pour jeunes gens<\/strong>, vous apprenez des comp\u00e9tences linguistiques pratiques pour la vie quotidienne et professionnelle, y compris :<\/p><ul><li>Recherche d&#8217;emploi et processus de candidature<\/li><li>Possibilit\u00e9s d&rsquo;\u00e9ducation et de formation professionnelle continue<\/li><li>Situations de communication quotidiennes telles que les achats, les soins de sant\u00e9 et les loisirs<\/li><li>R\u00e9diger des lettres et des e-mails, remplir des formulaires et t\u00e9l\u00e9phoner<\/li><\/ul><p>La fin du cours de langue est marqu\u00e9e par la r\u00e9ussite du \u00ab\u00a0Deutsch-Test f\u00fcr Zuwanderer\u00a0\u00bb (DTZ) au niveau B1.<\/p><h2>Le cours d&rsquo;orientation<\/h2><p>Apr\u00e8s avoir termin\u00e9 le cours de langue, vous poursuivez votre exp\u00e9rience d&rsquo;apprentissage avec le cours d&rsquo;orientation, qui comprend 100 unit\u00e9s de cours, ou 30 unit\u00e9s de cours dans le cadre d&rsquo;un cours intensif. Ce cours approfondit votre compr\u00e9hension de : <\/p><ul><li>Le syst\u00e8me juridique, l&rsquo;histoire et la culture allemande<\/li><li>Valeurs et cohabitation sociale en Allemagne<\/li><li>Droits et obligations des citoyens<\/li><\/ul><p>Le cours d&rsquo;orientation se termine par le test \u00ab\u00a0Leben in Deutschland\u00a0\u00bb (vivre en Allemagne), qui \u00e9value vos connaissances sur la soci\u00e9t\u00e9, l&rsquo;histoire et la culture allemandes.<\/p><h2>Dur\u00e9e du cours &#8211; <strong data-start=\"1271\" data-end=\"1310\">Cours d&rsquo;int\u00e9gration pour jeunes gens<\/strong> <\/h2><ul><li>Cours d&rsquo;int\u00e9gration g\u00e9n\u00e9ral : 700 unit\u00e9s d&rsquo;enseignement<\/li><li>Formats de cours avanc\u00e9s : Jusqu&rsquo;\u00e0 1.000 unit\u00e9s d&rsquo;enseignement pour les participants ayant des besoins sp\u00e9cifiques<\/li><li>Cours intensif : 430 unit\u00e9s d&rsquo;enseignement pour un apprentissage rapide<\/li><\/ul><p>Notre objectif est de vous donner, \u00e0 travers ce cours, non seulement la langue, mais aussi une compr\u00e9hension profonde de la culture et de la soci\u00e9t\u00e9 allemande, afin que vous puissiez vous int\u00e9grer avec succ\u00e8s dans votre nouveau cadre de vie.<\/p>\t\t\t\t\t\t\t\t<\/div>\n\t\t\t\t<\/div>\n\t\t\t\t\t<\/div>\n\t\t\t\t<\/div>\n\t\t\t\t<\/div>\n\t\t","protected":false},"excerpt":{"rendered":"<p>Optimisez vos connaissances en allemand et int\u00e9grez vous avec succ\u00e8s en Allemagne gr\u00e2ce \u00e0 notre cours d&rsquo;int\u00e9gration complet qui transmet la langue et la culture.<\/p>\n","protected":false},"featured_media":7546,"comment_status":"closed","ping_status":"closed","template":"","meta":{"_acf_changed":false},"product_brand":[],"product_cat":[447],"product_tag":[448,471],"class_list":{"0":"post-17805","1":"product","2":"type-product","3":"status-publish","4":"has-post-thumbnail","6":"product_cat-bamf-cours-dallemand-subventionnes","7":"product_tag-bamf-geoerderte-deutschkurse","8":"product_tag-buyoption-external-redirect-fr","10":"first","11":"instock","12":"taxable","13":"shipping-taxable","14":"purchasable","15":"product-type-simple"},"acf":[],"yoast_head":"<!-- This site is optimized with the Yoast SEO Premium plugin v25.9 (Yoast SEO v26.9) - https:\/\/yoast.com\/product\/yoast-seo-premium-wordpress\/ -->\n<title>Cours d&#039;int\u00e9gration pour les jeunes - International Education Centers<\/title>\n<meta name=\"description\" content=\"Le cours d&#039;int\u00e9gration pour jeunes gens permet d&#039;acqu\u00e9rir des connaissances pratiques de l&#039;allemand pour la vie quotidienne et professionnelle. Inscrivez-vous maintenant \u00e0 IEC &amp; Wupopertal\" \/>\n<meta name=\"robots\" content=\"index, follow, max-snippet:-1, max-image-preview:large, max-video-preview:-1\" \/>\n<link rel=\"canonical\" href=\"https:\/\/internationaleducationcenters.de\/fr\/kurs\/cours-dintegration-pour-les-jeunes\/\" \/>\n<meta property=\"og:locale\" content=\"fr_FR\" \/>\n<meta property=\"og:type\" content=\"article\" \/>\n<meta property=\"og:title\" content=\"Cours d&#039;int\u00e9gration pour les jeunes\" \/>\n<meta property=\"og:description\" content=\"Le cours d&#039;int\u00e9gration pour jeunes gens permet d&#039;acqu\u00e9rir des connaissances pratiques de l&#039;allemand pour la vie quotidienne et professionnelle. Inscrivez-vous maintenant \u00e0 IEC &amp; Wupopertal\" \/>\n<meta property=\"og:url\" content=\"https:\/\/internationaleducationcenters.de\/fr\/kurs\/cours-dintegration-pour-les-jeunes\/\" \/>\n<meta property=\"og:site_name\" content=\"International Education Centers\" \/>\n<meta property=\"article:publisher\" content=\"https:\/\/www.facebook.com\/InternationalEducationCenters\/\" \/>\n<meta property=\"article:modified_time\" content=\"2025-11-28T14:19:22+00:00\" \/>\n<meta property=\"og:image\" content=\"https:\/\/internationaleducationcenters.de\/wp-content\/uploads\/2025\/10\/pexels-keira-burton-6146984-scaled.jpg\" \/>\n\t<meta property=\"og:image:width\" content=\"2560\" \/>\n\t<meta property=\"og:image:height\" content=\"1707\" \/>\n\t<meta property=\"og:image:type\" content=\"image\/jpeg\" \/>\n<meta name=\"twitter:card\" content=\"summary_large_image\" \/>\n<meta name=\"twitter:label1\" content=\"Prix\" \/>\n\t<meta name=\"twitter:data1\" content=\"458,00&nbsp;&euro;\" \/>\n\t<meta name=\"twitter:label2\" content=\"Disponibilit\u00e9\" \/>\n\t<meta name=\"twitter:data2\" content=\"En stock\" \/>\n<script type=\"application\/ld+json\" class=\"yoast-schema-graph\">{\"@context\":\"https:\/\/schema.org\",\"@graph\":[{\"@type\":\"WebPage\",\"@id\":\"https:\/\/internationaleducationcenters.de\/fr\/kurs\/cours-dintegration-pour-les-jeunes\/\",\"url\":\"https:\/\/internationaleducationcenters.de\/fr\/kurs\/cours-dintegration-pour-les-jeunes\/\",\"name\":\"Cours d'int\u00e9gration pour les jeunes - International Education Centers\",\"isPartOf\":{\"@id\":\"https:\/\/internationaleducationcenters.de\/fr\/#website\"},\"primaryImageOfPage\":{\"@id\":\"https:\/\/internationaleducationcenters.de\/fr\/kurs\/cours-dintegration-pour-les-jeunes\/#primaryimage\"},\"image\":{\"@id\":\"https:\/\/internationaleducationcenters.de\/fr\/kurs\/cours-dintegration-pour-les-jeunes\/#primaryimage\"},\"thumbnailUrl\":\"https:\/\/internationaleducationcenters.de\/wp-content\/uploads\/2024\/01\/Einzelunterricht-Online.jpg\",\"datePublished\":\"2024-12-13T07:23:29+00:00\",\"dateModified\":\"2025-11-28T14:19:22+00:00\",\"description\":\"Le cours d'int\u00e9gration pour jeunes gens permet d'acqu\u00e9rir des connaissances pratiques de l'allemand pour la vie quotidienne et professionnelle. Inscrivez-vous maintenant \u00e0 IEC & Wupopertal\",\"breadcrumb\":{\"@id\":\"https:\/\/internationaleducationcenters.de\/fr\/kurs\/cours-dintegration-pour-les-jeunes\/#breadcrumb\"},\"inLanguage\":\"fr-FR\",\"potentialAction\":[{\"@type\":\"ReadAction\",\"target\":[\"https:\/\/internationaleducationcenters.de\/fr\/kurs\/cours-dintegration-pour-les-jeunes\/\"]}]},{\"@type\":\"ImageObject\",\"inLanguage\":\"fr-FR\",\"@id\":\"https:\/\/internationaleducationcenters.de\/fr\/kurs\/cours-dintegration-pour-les-jeunes\/#primaryimage\",\"url\":\"https:\/\/internationaleducationcenters.de\/wp-content\/uploads\/2024\/01\/Einzelunterricht-Online.jpg\",\"contentUrl\":\"https:\/\/internationaleducationcenters.de\/wp-content\/uploads\/2024\/01\/Einzelunterricht-Online.jpg\",\"width\":300,\"height\":201,\"caption\":\"Erwachsene beim Sprachkurs f\u00fcr die telc Pr\u00fcfung in Wuppertal\"},{\"@type\":\"BreadcrumbList\",\"@id\":\"https:\/\/internationaleducationcenters.de\/fr\/kurs\/cours-dintegration-pour-les-jeunes\/#breadcrumb\",\"itemListElement\":[{\"@type\":\"ListItem\",\"position\":1,\"name\":\"Home\",\"item\":\"https:\/\/internationaleducationcenters.de\/fr\/\"},{\"@type\":\"ListItem\",\"position\":2,\"name\":\"Boutique\",\"item\":\"https:\/\/internationaleducationcenters.de\/fr\/boutique\/\"},{\"@type\":\"ListItem\",\"position\":3,\"name\":\"Cours d&#8217;int\u00e9gration pour les jeunes\"}]},{\"@type\":\"WebSite\",\"@id\":\"https:\/\/internationaleducationcenters.de\/fr\/#website\",\"url\":\"https:\/\/internationaleducationcenters.de\/fr\/\",\"name\":\"International Education Centers\",\"description\":\"\",\"publisher\":{\"@id\":\"https:\/\/internationaleducationcenters.de\/fr\/#organization\"},\"potentialAction\":[{\"@type\":\"SearchAction\",\"target\":{\"@type\":\"EntryPoint\",\"urlTemplate\":\"https:\/\/internationaleducationcenters.de\/fr\/?s={search_term_string}\"},\"query-input\":{\"@type\":\"PropertyValueSpecification\",\"valueRequired\":true,\"valueName\":\"search_term_string\"}}],\"inLanguage\":\"fr-FR\"},{\"@type\":\"Organization\",\"@id\":\"https:\/\/internationaleducationcenters.de\/fr\/#organization\",\"name\":\"International Education Centers\",\"alternateName\":\"IEC\",\"url\":\"https:\/\/internationaleducationcenters.de\/fr\/\",\"logo\":{\"@type\":\"ImageObject\",\"inLanguage\":\"fr-FR\",\"@id\":\"https:\/\/internationaleducationcenters.de\/fr\/#\/schema\/logo\/image\/\",\"url\":\"https:\/\/internationaleducationcenters.de\/wp-content\/uploads\/2025\/08\/IEC_favicon-1.png\",\"contentUrl\":\"https:\/\/internationaleducationcenters.de\/wp-content\/uploads\/2025\/08\/IEC_favicon-1.png\",\"width\":512,\"height\":512,\"caption\":\"International Education Centers\"},\"image\":{\"@id\":\"https:\/\/internationaleducationcenters.de\/fr\/#\/schema\/logo\/image\/\"},\"sameAs\":[\"https:\/\/www.facebook.com\/InternationalEducationCenters\/\"]}]}<\/script>\n<meta property=\"product:price:amount\" content=\"458.00\" \/>\n<meta property=\"product:price:currency\" content=\"EUR\" \/>\n<meta property=\"og:availability\" content=\"instock\" \/>\n<meta property=\"product:availability\" content=\"instock\" \/>\n<meta property=\"product:condition\" content=\"new\" \/>\n<!-- \/ Yoast SEO Premium plugin. -->","yoast_head_json":{"title":"Cours d'int\u00e9gration pour les jeunes - International Education Centers","description":"Le cours d'int\u00e9gration pour jeunes gens permet d'acqu\u00e9rir des connaissances pratiques de l'allemand pour la vie quotidienne et professionnelle. Inscrivez-vous maintenant \u00e0 IEC & Wupopertal","robots":{"index":"index","follow":"follow","max-snippet":"max-snippet:-1","max-image-preview":"max-image-preview:large","max-video-preview":"max-video-preview:-1"},"canonical":"https:\/\/internationaleducationcenters.de\/fr\/kurs\/cours-dintegration-pour-les-jeunes\/","og_locale":"fr_FR","og_type":"article","og_title":"Cours d'int\u00e9gration pour les jeunes","og_description":"Le cours d'int\u00e9gration pour jeunes gens permet d'acqu\u00e9rir des connaissances pratiques de l'allemand pour la vie quotidienne et professionnelle. Inscrivez-vous maintenant \u00e0 IEC & Wupopertal","og_url":"https:\/\/internationaleducationcenters.de\/fr\/kurs\/cours-dintegration-pour-les-jeunes\/","og_site_name":"International Education Centers","article_publisher":"https:\/\/www.facebook.com\/InternationalEducationCenters\/","article_modified_time":"2025-11-28T14:19:22+00:00","og_image":[{"width":2560,"height":1707,"url":"https:\/\/internationaleducationcenters.de\/wp-content\/uploads\/2025\/10\/pexels-keira-burton-6146984-scaled.jpg","type":"image\/jpeg"}],"twitter_card":"summary_large_image","twitter_misc":{"Prix":"458,00&nbsp;&euro;","Disponibilit\u00e9":"En stock"},"schema":{"@context":"https:\/\/schema.org","@graph":[{"@type":"WebPage","@id":"https:\/\/internationaleducationcenters.de\/fr\/kurs\/cours-dintegration-pour-les-jeunes\/","url":"https:\/\/internationaleducationcenters.de\/fr\/kurs\/cours-dintegration-pour-les-jeunes\/","name":"Cours d'int\u00e9gration pour les jeunes - International Education Centers","isPartOf":{"@id":"https:\/\/internationaleducationcenters.de\/fr\/#website"},"primaryImageOfPage":{"@id":"https:\/\/internationaleducationcenters.de\/fr\/kurs\/cours-dintegration-pour-les-jeunes\/#primaryimage"},"image":{"@id":"https:\/\/internationaleducationcenters.de\/fr\/kurs\/cours-dintegration-pour-les-jeunes\/#primaryimage"},"thumbnailUrl":"https:\/\/internationaleducationcenters.de\/wp-content\/uploads\/2024\/01\/Einzelunterricht-Online.jpg","datePublished":"2024-12-13T07:23:29+00:00","dateModified":"2025-11-28T14:19:22+00:00","description":"Le cours d'int\u00e9gration pour jeunes gens permet d'acqu\u00e9rir des connaissances pratiques de l'allemand pour la vie quotidienne et professionnelle. Inscrivez-vous maintenant \u00e0 IEC & Wupopertal","breadcrumb":{"@id":"https:\/\/internationaleducationcenters.de\/fr\/kurs\/cours-dintegration-pour-les-jeunes\/#breadcrumb"},"inLanguage":"fr-FR","potentialAction":[{"@type":"ReadAction","target":["https:\/\/internationaleducationcenters.de\/fr\/kurs\/cours-dintegration-pour-les-jeunes\/"]}]},{"@type":"ImageObject","inLanguage":"fr-FR","@id":"https:\/\/internationaleducationcenters.de\/fr\/kurs\/cours-dintegration-pour-les-jeunes\/#primaryimage","url":"https:\/\/internationaleducationcenters.de\/wp-content\/uploads\/2024\/01\/Einzelunterricht-Online.jpg","contentUrl":"https:\/\/internationaleducationcenters.de\/wp-content\/uploads\/2024\/01\/Einzelunterricht-Online.jpg","width":300,"height":201,"caption":"Erwachsene beim Sprachkurs f\u00fcr die telc Pr\u00fcfung in Wuppertal"},{"@type":"BreadcrumbList","@id":"https:\/\/internationaleducationcenters.de\/fr\/kurs\/cours-dintegration-pour-les-jeunes\/#breadcrumb","itemListElement":[{"@type":"ListItem","position":1,"name":"Home","item":"https:\/\/internationaleducationcenters.de\/fr\/"},{"@type":"ListItem","position":2,"name":"Boutique","item":"https:\/\/internationaleducationcenters.de\/fr\/boutique\/"},{"@type":"ListItem","position":3,"name":"Cours d&#8217;int\u00e9gration pour les jeunes"}]},{"@type":"WebSite","@id":"https:\/\/internationaleducationcenters.de\/fr\/#website","url":"https:\/\/internationaleducationcenters.de\/fr\/","name":"International Education Centers","description":"","publisher":{"@id":"https:\/\/internationaleducationcenters.de\/fr\/#organization"},"potentialAction":[{"@type":"SearchAction","target":{"@type":"EntryPoint","urlTemplate":"https:\/\/internationaleducationcenters.de\/fr\/?s={search_term_string}"},"query-input":{"@type":"PropertyValueSpecification","valueRequired":true,"valueName":"search_term_string"}}],"inLanguage":"fr-FR"},{"@type":"Organization","@id":"https:\/\/internationaleducationcenters.de\/fr\/#organization","name":"International Education Centers","alternateName":"IEC","url":"https:\/\/internationaleducationcenters.de\/fr\/","logo":{"@type":"ImageObject","inLanguage":"fr-FR","@id":"https:\/\/internationaleducationcenters.de\/fr\/#\/schema\/logo\/image\/","url":"https:\/\/internationaleducationcenters.de\/wp-content\/uploads\/2025\/08\/IEC_favicon-1.png","contentUrl":"https:\/\/internationaleducationcenters.de\/wp-content\/uploads\/2025\/08\/IEC_favicon-1.png","width":512,"height":512,"caption":"International Education Centers"},"image":{"@id":"https:\/\/internationaleducationcenters.de\/fr\/#\/schema\/logo\/image\/"},"sameAs":["https:\/\/www.facebook.com\/InternationalEducationCenters\/"]}]},"product_price_amount":"458.00","product_price_currency":"EUR","og_availability":"instock","product_availability":"instock","product_condition":"new"},"_links":{"self":[{"href":"https:\/\/internationaleducationcenters.de\/fr\/wp-json\/wp\/v2\/product\/17805","targetHints":{"allow":["GET"]}}],"collection":[{"href":"https:\/\/internationaleducationcenters.de\/fr\/wp-json\/wp\/v2\/product"}],"about":[{"href":"https:\/\/internationaleducationcenters.de\/fr\/wp-json\/wp\/v2\/types\/product"}],"replies":[{"embeddable":true,"href":"https:\/\/internationaleducationcenters.de\/fr\/wp-json\/wp\/v2\/comments?post=17805"}],"version-history":[{"count":6,"href":"https:\/\/internationaleducationcenters.de\/fr\/wp-json\/wp\/v2\/product\/17805\/revisions"}],"predecessor-version":[{"id":21752,"href":"https:\/\/internationaleducationcenters.de\/fr\/wp-json\/wp\/v2\/product\/17805\/revisions\/21752"}],"wp:featuredmedia":[{"embeddable":true,"href":"https:\/\/internationaleducationcenters.de\/fr\/wp-json\/wp\/v2\/media\/7546"}],"wp:attachment":[{"href":"https:\/\/internationaleducationcenters.de\/fr\/wp-json\/wp\/v2\/media?parent=17805"}],"wp:term":[{"taxonomy":"product_brand","embeddable":true,"href":"https:\/\/internationaleducationcenters.de\/fr\/wp-json\/wp\/v2\/product_brand?post=17805"},{"taxonomy":"product_cat","embeddable":true,"href":"https:\/\/internationaleducationcenters.de\/fr\/wp-json\/wp\/v2\/product_cat?post=17805"},{"taxonomy":"product_tag","embeddable":true,"href":"https:\/\/internationaleducationcenters.de\/fr\/wp-json\/wp\/v2\/product_tag?post=17805"}],"curies":[{"name":"wp","href":"https:\/\/api.w.org\/{rel}","templated":true}]}}