{"id":17823,"date":"2024-01-04T12:24:06","date_gmt":"2024-01-04T11:24:06","guid":{"rendered":"https:\/\/internationaleducationcenters.de\/kurs\/cours-individuels-presence\/"},"modified":"2025-12-02T12:31:25","modified_gmt":"2025-12-02T11:31:25","slug":"cours-individuels-presence","status":"publish","type":"product","link":"https:\/\/internationaleducationcenters.de\/fr\/kurs\/cours-individuels-presence\/","title":{"rendered":"Cours individuels Pr\u00e9sence"},"content":{"rendered":"\t\t<div data-elementor-type=\"product-post\" data-elementor-id=\"17823\" class=\"elementor elementor-17823 elementor-477\" data-elementor-post-type=\"product\">\n\t\t\t\t<div class=\"elementor-element elementor-element-5c2a18ac e-flex e-con-boxed e-con e-parent\" data-id=\"5c2a18ac\" data-element_type=\"container\" data-e-type=\"container\">\n\t\t\t\t\t<div class=\"e-con-inner\">\n\t\t\t\t<div class=\"elementor-element elementor-element-ac64b71 elementor-widget elementor-widget-text-editor\" data-id=\"ac64b71\" data-element_type=\"widget\" data-e-type=\"widget\" data-widget_type=\"text-editor.default\">\n\t\t\t\t<div class=\"elementor-widget-container\">\n\t\t\t\t\t\t\t\t\t<p><strong>Les cours particuliers sont la mani\u00e8re la plus rapide et la plus efficace d&rsquo;apprendre une langue.<\/strong><\/p>\n<p>Vous travaillez et vos horaires de travail ne vous permettent pas d&rsquo;assister \u00e0 nos cours collectifs fixes ? Votre emploi du temps est charg\u00e9 ? <\/p>\n<p>Est-il important pour vous que le contenu des cours de langue soit adapt\u00e9 \u00e0 vos besoins individuels ?<\/p>\n<p><strong>Alors nos cours particuliers sont faits pour vous !<\/strong><\/p>\n<p>Nous proposons des cours particuliers professionnels, personnalis\u00e9s et abordables dans la langue de votre choix. Les cours particuliers peuvent avoir lieu \u00e0 votre domicile ou dans la salle de s\u00e9minaire de l&rsquo;\u00e9cole de langues &#8211; nous sommes flexibles et nous nous adaptons \u00e0 vous. Nous n&rsquo;avons pas de prix cach\u00e9s ou de strat\u00e9gies de prix. Vous trouverez ci-dessous les prix de vos cours individuels \u00e0 l&rsquo;\u00e9cole de langues Bergische Sprachschule.   <\/p>\n<p><strong>Qui sont les professeurs de l&rsquo;\u00e9cole de langues Bergische Sprachschule ?<br><\/strong>Nos professeurs de langues exp\u00e9riment\u00e9s sont principalement des locuteurs natifs ou des professeurs ayant des connaissances linguistiques de niveau natif. Nous travaillons avec des dizaines de professeurs de langues exp\u00e9riment\u00e9s de diff\u00e9rents pays &#8211; ce qui nous permet de proposer des cours de langues dans de nombreuses langues. <\/p>\n<p>Nous proposons actuellement des cours individuels dans les langues suivantes :<\/p>\n<ul>\n<li>Allemand<\/li>\n<li>Anglais<\/li>\n<li>Fran\u00e7ais<\/li>\n<li>Italien<\/li>\n<li>Espagnol<\/li>\n<li>Portugais<\/li>\n<li>Turc<\/li>\n<li>Chinois<\/li>\n<li>Russe<\/li>\n<li>Arabe<\/li>\n<li>Kurde<\/li>\n<li>Bosniaque<\/li>\n<\/ul>\n<p>Des cours de langues sont \u00e9galement possibles dans presque toutes les autres langues. N&rsquo;h\u00e9sitez pas \u00e0 nous contacter. <\/p>\n<p><strong> Combien co\u00fbtent les cours particuliers ?<br><\/strong>Vos cours particuliers personnalis\u00e9s et professionnels ne co\u00fbtent que 57,-\u20ac par unit\u00e9. Le prix de votre cours est calcul\u00e9 mensuellement ou en fonction du nombre d&rsquo;heures de cours utilis\u00e9es. <\/p>\n<p><strong>Quand puis-je commencer ?<br><\/strong>Vous pouvez commencer votre cours de langue personnalis\u00e9 <strong>\u00e0 tout moment<\/strong>.<\/p>\n<p><strong>Comment s&rsquo;inscrire ?<br><\/strong>Avant votre inscription personnelle, nous souhaitons r\u00e9pondre \u00e0 toutes vos questions afin de vous satisfaire. Un entretien personnel et sans engagement nous permettra de nous faire une id\u00e9e d&rsquo;ensemble et de d\u00e9finir avec vous le contenu des cours. Apr\u00e8s l&rsquo;entretien personnel, vous pouvez vous inscrire directement.  <\/p>\t\t\t\t\t\t\t\t<\/div>\n\t\t\t\t<\/div>\n\t\t\t\t\t<\/div>\n\t\t\t\t<\/div>\n\t\t\t\t<\/div>\n\t\t","protected":false},"excerpt":{"rendered":"<p>Les cours particuliers flexibles s&rsquo;adaptent \u00e0 votre emploi du temps et offrent des cours de langue personnalis\u00e9s pour un apprentissage rapide et efficace. R\u00e9servez d\u00e8s maintenant !<\/p>\n","protected":false},"featured_media":9891,"comment_status":"closed","ping_status":"closed","template":"","meta":{"_acf_changed":false},"product_brand":[],"product_cat":[504],"product_tag":[505],"class_list":{"0":"post-17823","1":"product","2":"type-product","3":"status-publish","4":"has-post-thumbnail","6":"product_cat-cours-de-langues","7":"product_tag-cours-de-langues","8":"pa_sparpakete-100-heures-de-cours-50-dates","9":"pa_sparpakete-20-heures-de-cours-10-dates","10":"pa_sparpakete-50-heures-de-cours-25-dates","11":"pa_sparpakete-nombre-dheures-personnalisees","13":"first","14":"instock","15":"taxable","16":"shipping-taxable","17":"purchasable","18":"product-type-variable"},"acf":[],"yoast_head":"<!-- This site is optimized with the Yoast SEO Premium plugin v25.9 (Yoast SEO v26.9) - https:\/\/yoast.com\/product\/yoast-seo-premium-wordpress\/ -->\n<title>Cours individuels Pr\u00e9sence - International Education Centers<\/title>\n<meta name=\"description\" content=\"Des cours de langues adapt\u00e9s \u00e0 vos besoins ! Flexible, individuel et professionnel. D\u00e9couvrez nos cours particuliers et apprenez les langues efficacement !\" \/>\n<meta name=\"robots\" content=\"index, follow, max-snippet:-1, max-image-preview:large, max-video-preview:-1\" \/>\n<link rel=\"canonical\" href=\"https:\/\/internationaleducationcenters.de\/fr\/kurs\/cours-individuels-presence\/\" \/>\n<meta property=\"og:locale\" content=\"fr_FR\" \/>\n<meta property=\"og:type\" content=\"article\" \/>\n<meta property=\"og:title\" content=\"Cours individuels Pr\u00e9sence\" \/>\n<meta property=\"og:description\" content=\"Des cours de langues adapt\u00e9s \u00e0 vos besoins ! Flexible, individuel et professionnel. D\u00e9couvrez nos cours particuliers et apprenez les langues efficacement !\" \/>\n<meta property=\"og:url\" content=\"https:\/\/internationaleducationcenters.de\/fr\/kurs\/cours-individuels-presence\/\" \/>\n<meta property=\"og:site_name\" content=\"International Education Centers\" \/>\n<meta property=\"article:publisher\" content=\"https:\/\/www.facebook.com\/InternationalEducationCenters\/\" \/>\n<meta property=\"article:modified_time\" content=\"2025-12-02T11:31:25+00:00\" \/>\n<meta property=\"og:image\" content=\"https:\/\/internationaleducationcenters.de\/wp-content\/uploads\/2024\/01\/einzelunterricht-praesenz-scaled.jpg\" \/>\n\t<meta property=\"og:image:width\" content=\"2560\" \/>\n\t<meta property=\"og:image:height\" content=\"1707\" \/>\n\t<meta property=\"og:image:type\" content=\"image\/jpeg\" \/>\n<meta name=\"twitter:card\" content=\"summary_large_image\" \/>\n<meta name=\"twitter:label1\" content=\"Disponibilit\u00e9\" \/>\n\t<meta name=\"twitter:data1\" content=\"En stock\" \/>\n<script type=\"application\/ld+json\" class=\"yoast-schema-graph\">{\"@context\":\"https:\/\/schema.org\",\"@graph\":[{\"@type\":\"WebPage\",\"@id\":\"https:\/\/internationaleducationcenters.de\/fr\/kurs\/cours-individuels-presence\/\",\"url\":\"https:\/\/internationaleducationcenters.de\/fr\/kurs\/cours-individuels-presence\/\",\"name\":\"Cours individuels Pr\u00e9sence - International Education Centers\",\"isPartOf\":{\"@id\":\"https:\/\/internationaleducationcenters.de\/fr\/#website\"},\"primaryImageOfPage\":{\"@id\":\"https:\/\/internationaleducationcenters.de\/fr\/kurs\/cours-individuels-presence\/#primaryimage\"},\"image\":{\"@id\":\"https:\/\/internationaleducationcenters.de\/fr\/kurs\/cours-individuels-presence\/#primaryimage\"},\"thumbnailUrl\":\"https:\/\/internationaleducationcenters.de\/wp-content\/uploads\/2024\/01\/einzelunterricht-praesenz-scaled.jpg\",\"datePublished\":\"2024-01-04T11:24:06+00:00\",\"dateModified\":\"2025-12-02T11:31:25+00:00\",\"description\":\"Des cours de langues adapt\u00e9s \u00e0 vos besoins ! Flexible, individuel et professionnel. D\u00e9couvrez nos cours particuliers et apprenez les langues efficacement !\",\"breadcrumb\":{\"@id\":\"https:\/\/internationaleducationcenters.de\/fr\/kurs\/cours-individuels-presence\/#breadcrumb\"},\"inLanguage\":\"fr-FR\",\"potentialAction\":[{\"@type\":\"ReadAction\",\"target\":[\"https:\/\/internationaleducationcenters.de\/fr\/kurs\/cours-individuels-presence\/\"]}]},{\"@type\":\"ImageObject\",\"inLanguage\":\"fr-FR\",\"@id\":\"https:\/\/internationaleducationcenters.de\/fr\/kurs\/cours-individuels-presence\/#primaryimage\",\"url\":\"https:\/\/internationaleducationcenters.de\/wp-content\/uploads\/2024\/01\/einzelunterricht-praesenz-scaled.jpg\",\"contentUrl\":\"https:\/\/internationaleducationcenters.de\/wp-content\/uploads\/2024\/01\/einzelunterricht-praesenz-scaled.jpg\",\"width\":2560,\"height\":1707,\"caption\":\"A man at the table explains something to a happy employee woman at work\"},{\"@type\":\"BreadcrumbList\",\"@id\":\"https:\/\/internationaleducationcenters.de\/fr\/kurs\/cours-individuels-presence\/#breadcrumb\",\"itemListElement\":[{\"@type\":\"ListItem\",\"position\":1,\"name\":\"Home\",\"item\":\"https:\/\/internationaleducationcenters.de\/fr\/\"},{\"@type\":\"ListItem\",\"position\":2,\"name\":\"Boutique\",\"item\":\"https:\/\/internationaleducationcenters.de\/fr\/boutique\/\"},{\"@type\":\"ListItem\",\"position\":3,\"name\":\"Cours individuels Pr\u00e9sence\"}]},{\"@type\":\"WebSite\",\"@id\":\"https:\/\/internationaleducationcenters.de\/fr\/#website\",\"url\":\"https:\/\/internationaleducationcenters.de\/fr\/\",\"name\":\"International Education Centers\",\"description\":\"\",\"publisher\":{\"@id\":\"https:\/\/internationaleducationcenters.de\/fr\/#organization\"},\"potentialAction\":[{\"@type\":\"SearchAction\",\"target\":{\"@type\":\"EntryPoint\",\"urlTemplate\":\"https:\/\/internationaleducationcenters.de\/fr\/?s={search_term_string}\"},\"query-input\":{\"@type\":\"PropertyValueSpecification\",\"valueRequired\":true,\"valueName\":\"search_term_string\"}}],\"inLanguage\":\"fr-FR\"},{\"@type\":\"Organization\",\"@id\":\"https:\/\/internationaleducationcenters.de\/fr\/#organization\",\"name\":\"International Education Centers\",\"alternateName\":\"IEC\",\"url\":\"https:\/\/internationaleducationcenters.de\/fr\/\",\"logo\":{\"@type\":\"ImageObject\",\"inLanguage\":\"fr-FR\",\"@id\":\"https:\/\/internationaleducationcenters.de\/fr\/#\/schema\/logo\/image\/\",\"url\":\"https:\/\/internationaleducationcenters.de\/wp-content\/uploads\/2025\/08\/IEC_favicon-1.png\",\"contentUrl\":\"https:\/\/internationaleducationcenters.de\/wp-content\/uploads\/2025\/08\/IEC_favicon-1.png\",\"width\":512,\"height\":512,\"caption\":\"International Education Centers\"},\"image\":{\"@id\":\"https:\/\/internationaleducationcenters.de\/fr\/#\/schema\/logo\/image\/\"},\"sameAs\":[\"https:\/\/www.facebook.com\/InternationalEducationCenters\/\"]}]}<\/script>\n<meta property=\"og:availability\" content=\"instock\" \/>\n<meta property=\"product:availability\" content=\"instock\" \/>\n<meta property=\"product:condition\" content=\"new\" \/>\n<!-- \/ Yoast SEO Premium plugin. -->","yoast_head_json":{"title":"Cours individuels Pr\u00e9sence - International Education Centers","description":"Des cours de langues adapt\u00e9s \u00e0 vos besoins ! Flexible, individuel et professionnel. D\u00e9couvrez nos cours particuliers et apprenez les langues efficacement !","robots":{"index":"index","follow":"follow","max-snippet":"max-snippet:-1","max-image-preview":"max-image-preview:large","max-video-preview":"max-video-preview:-1"},"canonical":"https:\/\/internationaleducationcenters.de\/fr\/kurs\/cours-individuels-presence\/","og_locale":"fr_FR","og_type":"article","og_title":"Cours individuels Pr\u00e9sence","og_description":"Des cours de langues adapt\u00e9s \u00e0 vos besoins ! Flexible, individuel et professionnel. D\u00e9couvrez nos cours particuliers et apprenez les langues efficacement !","og_url":"https:\/\/internationaleducationcenters.de\/fr\/kurs\/cours-individuels-presence\/","og_site_name":"International Education Centers","article_publisher":"https:\/\/www.facebook.com\/InternationalEducationCenters\/","article_modified_time":"2025-12-02T11:31:25+00:00","og_image":[{"width":2560,"height":1707,"url":"https:\/\/internationaleducationcenters.de\/wp-content\/uploads\/2024\/01\/einzelunterricht-praesenz-scaled.jpg","type":"image\/jpeg"}],"twitter_card":"summary_large_image","twitter_misc":{"Disponibilit\u00e9":"En stock"},"schema":{"@context":"https:\/\/schema.org","@graph":[{"@type":"WebPage","@id":"https:\/\/internationaleducationcenters.de\/fr\/kurs\/cours-individuels-presence\/","url":"https:\/\/internationaleducationcenters.de\/fr\/kurs\/cours-individuels-presence\/","name":"Cours individuels Pr\u00e9sence - International Education Centers","isPartOf":{"@id":"https:\/\/internationaleducationcenters.de\/fr\/#website"},"primaryImageOfPage":{"@id":"https:\/\/internationaleducationcenters.de\/fr\/kurs\/cours-individuels-presence\/#primaryimage"},"image":{"@id":"https:\/\/internationaleducationcenters.de\/fr\/kurs\/cours-individuels-presence\/#primaryimage"},"thumbnailUrl":"https:\/\/internationaleducationcenters.de\/wp-content\/uploads\/2024\/01\/einzelunterricht-praesenz-scaled.jpg","datePublished":"2024-01-04T11:24:06+00:00","dateModified":"2025-12-02T11:31:25+00:00","description":"Des cours de langues adapt\u00e9s \u00e0 vos besoins ! Flexible, individuel et professionnel. D\u00e9couvrez nos cours particuliers et apprenez les langues efficacement !","breadcrumb":{"@id":"https:\/\/internationaleducationcenters.de\/fr\/kurs\/cours-individuels-presence\/#breadcrumb"},"inLanguage":"fr-FR","potentialAction":[{"@type":"ReadAction","target":["https:\/\/internationaleducationcenters.de\/fr\/kurs\/cours-individuels-presence\/"]}]},{"@type":"ImageObject","inLanguage":"fr-FR","@id":"https:\/\/internationaleducationcenters.de\/fr\/kurs\/cours-individuels-presence\/#primaryimage","url":"https:\/\/internationaleducationcenters.de\/wp-content\/uploads\/2024\/01\/einzelunterricht-praesenz-scaled.jpg","contentUrl":"https:\/\/internationaleducationcenters.de\/wp-content\/uploads\/2024\/01\/einzelunterricht-praesenz-scaled.jpg","width":2560,"height":1707,"caption":"A man at the table explains something to a happy employee woman at work"},{"@type":"BreadcrumbList","@id":"https:\/\/internationaleducationcenters.de\/fr\/kurs\/cours-individuels-presence\/#breadcrumb","itemListElement":[{"@type":"ListItem","position":1,"name":"Home","item":"https:\/\/internationaleducationcenters.de\/fr\/"},{"@type":"ListItem","position":2,"name":"Boutique","item":"https:\/\/internationaleducationcenters.de\/fr\/boutique\/"},{"@type":"ListItem","position":3,"name":"Cours individuels Pr\u00e9sence"}]},{"@type":"WebSite","@id":"https:\/\/internationaleducationcenters.de\/fr\/#website","url":"https:\/\/internationaleducationcenters.de\/fr\/","name":"International Education Centers","description":"","publisher":{"@id":"https:\/\/internationaleducationcenters.de\/fr\/#organization"},"potentialAction":[{"@type":"SearchAction","target":{"@type":"EntryPoint","urlTemplate":"https:\/\/internationaleducationcenters.de\/fr\/?s={search_term_string}"},"query-input":{"@type":"PropertyValueSpecification","valueRequired":true,"valueName":"search_term_string"}}],"inLanguage":"fr-FR"},{"@type":"Organization","@id":"https:\/\/internationaleducationcenters.de\/fr\/#organization","name":"International Education Centers","alternateName":"IEC","url":"https:\/\/internationaleducationcenters.de\/fr\/","logo":{"@type":"ImageObject","inLanguage":"fr-FR","@id":"https:\/\/internationaleducationcenters.de\/fr\/#\/schema\/logo\/image\/","url":"https:\/\/internationaleducationcenters.de\/wp-content\/uploads\/2025\/08\/IEC_favicon-1.png","contentUrl":"https:\/\/internationaleducationcenters.de\/wp-content\/uploads\/2025\/08\/IEC_favicon-1.png","width":512,"height":512,"caption":"International Education Centers"},"image":{"@id":"https:\/\/internationaleducationcenters.de\/fr\/#\/schema\/logo\/image\/"},"sameAs":["https:\/\/www.facebook.com\/InternationalEducationCenters\/"]}]},"og_availability":"instock","product_availability":"instock","product_condition":"new"},"_links":{"self":[{"href":"https:\/\/internationaleducationcenters.de\/fr\/wp-json\/wp\/v2\/product\/17823","targetHints":{"allow":["GET"]}}],"collection":[{"href":"https:\/\/internationaleducationcenters.de\/fr\/wp-json\/wp\/v2\/product"}],"about":[{"href":"https:\/\/internationaleducationcenters.de\/fr\/wp-json\/wp\/v2\/types\/product"}],"replies":[{"embeddable":true,"href":"https:\/\/internationaleducationcenters.de\/fr\/wp-json\/wp\/v2\/comments?post=17823"}],"version-history":[{"count":4,"href":"https:\/\/internationaleducationcenters.de\/fr\/wp-json\/wp\/v2\/product\/17823\/revisions"}],"predecessor-version":[{"id":21099,"href":"https:\/\/internationaleducationcenters.de\/fr\/wp-json\/wp\/v2\/product\/17823\/revisions\/21099"}],"wp:featuredmedia":[{"embeddable":true,"href":"https:\/\/internationaleducationcenters.de\/fr\/wp-json\/wp\/v2\/media\/9891"}],"wp:attachment":[{"href":"https:\/\/internationaleducationcenters.de\/fr\/wp-json\/wp\/v2\/media?parent=17823"}],"wp:term":[{"taxonomy":"product_brand","embeddable":true,"href":"https:\/\/internationaleducationcenters.de\/fr\/wp-json\/wp\/v2\/product_brand?post=17823"},{"taxonomy":"product_cat","embeddable":true,"href":"https:\/\/internationaleducationcenters.de\/fr\/wp-json\/wp\/v2\/product_cat?post=17823"},{"taxonomy":"product_tag","embeddable":true,"href":"https:\/\/internationaleducationcenters.de\/fr\/wp-json\/wp\/v2\/product_tag?post=17823"}],"curies":[{"name":"wp","href":"https:\/\/api.w.org\/{rel}","templated":true}]}}