{"id":17896,"date":"2024-01-04T13:56:24","date_gmt":"2024-01-04T12:56:24","guid":{"rendered":"https:\/\/internationaleducationcenters.de\/kurs\/cours-dintegration-general\/"},"modified":"2025-12-01T16:15:50","modified_gmt":"2025-12-01T15:15:50","slug":"cours-dintegration-general","status":"publish","type":"product","link":"https:\/\/internationaleducationcenters.de\/fr\/kurs\/cours-dintegration-general\/","title":{"rendered":"Cours d&rsquo;int\u00e9gration g\u00e9n\u00e9ral"},"content":{"rendered":"<p>Optimisez vos comp\u00e9tences en allemand et int\u00e9grez vous avec succ\u00e8s en Allemagne gr\u00e2ce \u00e0 notre cours d&rsquo;int\u00e9gration complet. Ce cours est sp\u00e9cialement con\u00e7u pour les immigr\u00e9s et combine un cours de langue et un cours d&rsquo;orientation afin de vous donner des comp\u00e9tences \u00e0 la fois linguistiques et culturelles.<\/p>\n<h2>Le cours de langue<\/h2>\n<p>Le cours de langue constitue le c\u0153ur du cours d&rsquo;int\u00e9gration. La dur\u00e9e du cours de langue varie en fonction de vos conditions d&rsquo;apprentissage individuelles et du format de cours sp\u00e9cifique qui vous convient le mieux :<\/p>\n<ul>\n<li><strong>Cours d&rsquo;int\u00e9gration g\u00e9n\u00e9ral :<\/strong> 600 unit\u00e9s d&rsquo;enseignement<\/li>\n<li><strong>Cours sp\u00e9ciaux (par exemple pour les jeunes) :<\/strong> Jusqu&rsquo;\u00e0 900 unit\u00e9s d&rsquo;enseignement<\/li>\n<li><strong>Cours intensif :<\/strong> 400 unit\u00e9s d&rsquo;enseignement<\/li>\n<\/ul>\n<p>Dans ce cours, vous acqu\u00e9rez des comp\u00e9tences linguistiques pratiques pour la vie quotidienne et professionnelle, y compris :<\/p>\n<ul>\n<li>Recherche d&#8217;emploi et processus de candidature<\/li>\n<li>Possibilit\u00e9s d&rsquo;\u00e9ducation et de formation professionnelle continue<\/li>\n<li>Situations de communication quotidiennes telles que les achats, les soins de sant\u00e9 et les loisirs<\/li>\n<li>R\u00e9diger des lettres et des e-mails, remplir des formulaires et t\u00e9l\u00e9phoner<\/li>\n<\/ul>\n<p>La fin du cours de langue est marqu\u00e9e par la r\u00e9ussite du \u00ab\u00a0Deutsch-Test f\u00fcr Zuwanderer\u00a0\u00bb (DTZ) au niveau B1.<\/p>\n<h2>Le cours d&rsquo;orientation<\/h2>\n<p>Apr\u00e8s avoir termin\u00e9 le cours de langue, vous poursuivez votre exp\u00e9rience d&rsquo;apprentissage avec le cours d&rsquo;orientation, qui comprend 100 unit\u00e9s de cours, ou 30 unit\u00e9s de cours dans le cadre d&rsquo;un cours intensif. Ce cours vous permettra d&rsquo;approfondir votre compr\u00e9hension de :<\/p>\n<ul>\n<li>Le syst\u00e8me juridique, l&rsquo;histoire et la culture allemande<\/li>\n<li>Valeurs et cohabitation sociale en Allemagne<\/li>\n<li>Droits et obligations des citoyens<\/li>\n<\/ul>\n<p>Le cours d&rsquo;orientation se termine par le test \u00ab\u00a0Leben in Deutschland\u00a0\u00bb (vivre en Allemagne), qui \u00e9value vos connaissances sur la soci\u00e9t\u00e9, l&rsquo;histoire et la culture allemandes.<\/p>\n<h2>Dur\u00e9e et co\u00fbt des cours<\/h2>\n<ul>\n<li><strong>Cours d&rsquo;int\u00e9gration g\u00e9n\u00e9ral :<\/strong> 700 unit\u00e9s d&rsquo;enseignement<\/li>\n<li><strong>Formats de cours avanc\u00e9s :<\/strong> Jusqu&rsquo;\u00e0 1.000 unit\u00e9s d&rsquo;enseignement pour les participants ayant des besoins sp\u00e9cifiques<\/li>\n<li><strong>Cours intensif :<\/strong> 430 unit\u00e9s d&rsquo;enseignement pour un apprentissage rapide<\/li>\n<\/ul>\n<p>Notre objectif est de vous donner, \u00e0 travers ce cours, non seulement la langue, mais aussi une compr\u00e9hension profonde de la culture et de la soci\u00e9t\u00e9 allemande, afin que vous puissiez vous int\u00e9grer avec succ\u00e8s dans votre nouveau cadre de vie.<\/p>\n","protected":false},"excerpt":{"rendered":"<p data-start=\"379\" data-end=\"657\"><strong data-start=\"379\" data-end=\"411\">Le cours d&rsquo;int\u00e9gration g\u00e9n\u00e9ral<\/strong> est la cl\u00e9 d&rsquo;une vie r\u00e9ussie en Allemagne. Ce cours vous permet d&rsquo;acqu\u00e9rir des connaissances linguistiques pratiques pour la vie quotidienne et professionnelle.<\/p>\n<p data-start=\"1437\" data-end=\"1692\">\n","protected":false},"featured_media":7556,"comment_status":"closed","ping_status":"closed","template":"","meta":{"_acf_changed":false},"product_brand":[],"product_cat":[447],"product_tag":[448,471],"class_list":{"0":"post-17896","1":"product","2":"type-product","3":"status-publish","4":"has-post-thumbnail","6":"product_cat-bamf-cours-dallemand-subventionnes","7":"product_tag-bamf-geoerderte-deutschkurse","8":"product_tag-buyoption-external-redirect-fr","10":"first","11":"instock","12":"taxable","13":"shipping-taxable","14":"purchasable","15":"product-type-simple"},"acf":[],"yoast_head":"<!-- This site is optimized with the Yoast SEO Premium plugin v25.9 (Yoast SEO v26.9) - https:\/\/yoast.com\/product\/yoast-seo-premium-wordpress\/ -->\n<title>Cours d&#039;int\u00e9gration g\u00e9n\u00e9ral - International Education Centers<\/title>\n<meta name=\"description\" content=\"Apporte des connaissances linguistiques pratiques pour la vie quotidienne et professionnelle. Inscrivez-vous d\u00e8s maintenant au cours d&#039;int\u00e9gration, y compris au cours d&#039;orientation.\" \/>\n<meta name=\"robots\" content=\"index, follow, max-snippet:-1, max-image-preview:large, max-video-preview:-1\" \/>\n<link rel=\"canonical\" href=\"https:\/\/internationaleducationcenters.de\/fr\/kurs\/cours-dintegration-general\/\" \/>\n<meta property=\"og:locale\" content=\"fr_FR\" \/>\n<meta property=\"og:type\" content=\"article\" \/>\n<meta property=\"og:title\" content=\"Cours d&#039;int\u00e9gration g\u00e9n\u00e9ral\" \/>\n<meta property=\"og:description\" content=\"Apporte des connaissances linguistiques pratiques pour la vie quotidienne et professionnelle. Inscrivez-vous d\u00e8s maintenant au cours d&#039;int\u00e9gration, y compris au cours d&#039;orientation.\" \/>\n<meta property=\"og:url\" content=\"https:\/\/internationaleducationcenters.de\/fr\/kurs\/cours-dintegration-general\/\" \/>\n<meta property=\"og:site_name\" content=\"International Education Centers\" \/>\n<meta property=\"article:publisher\" content=\"https:\/\/www.facebook.com\/InternationalEducationCenters\/\" \/>\n<meta property=\"article:modified_time\" content=\"2025-12-01T15:15:50+00:00\" \/>\n<meta property=\"og:image\" content=\"https:\/\/internationaleducationcenters.de\/wp-content\/uploads\/2024\/01\/Integrationskurs.jpg\" \/>\n\t<meta property=\"og:image:width\" content=\"300\" \/>\n\t<meta property=\"og:image:height\" content=\"200\" \/>\n\t<meta property=\"og:image:type\" content=\"image\/jpeg\" \/>\n<meta name=\"twitter:card\" content=\"summary_large_image\" \/>\n<meta name=\"twitter:label1\" content=\"Prix\" \/>\n\t<meta name=\"twitter:data1\" content=\"458,00&nbsp;&euro;\" \/>\n\t<meta name=\"twitter:label2\" content=\"Disponibilit\u00e9\" \/>\n\t<meta name=\"twitter:data2\" content=\"En stock\" \/>\n<script type=\"application\/ld+json\" class=\"yoast-schema-graph\">{\"@context\":\"https:\/\/schema.org\",\"@graph\":[{\"@type\":\"WebPage\",\"@id\":\"https:\/\/internationaleducationcenters.de\/fr\/kurs\/cours-dintegration-general\/\",\"url\":\"https:\/\/internationaleducationcenters.de\/fr\/kurs\/cours-dintegration-general\/\",\"name\":\"Cours d'int\u00e9gration g\u00e9n\u00e9ral - International Education Centers\",\"isPartOf\":{\"@id\":\"https:\/\/internationaleducationcenters.de\/fr\/#website\"},\"primaryImageOfPage\":{\"@id\":\"https:\/\/internationaleducationcenters.de\/fr\/kurs\/cours-dintegration-general\/#primaryimage\"},\"image\":{\"@id\":\"https:\/\/internationaleducationcenters.de\/fr\/kurs\/cours-dintegration-general\/#primaryimage\"},\"thumbnailUrl\":\"https:\/\/internationaleducationcenters.de\/wp-content\/uploads\/2024\/01\/Integrationskurs.jpg\",\"datePublished\":\"2024-01-04T12:56:24+00:00\",\"dateModified\":\"2025-12-01T15:15:50+00:00\",\"description\":\"Apporte des connaissances linguistiques pratiques pour la vie quotidienne et professionnelle. Inscrivez-vous d\u00e8s maintenant au cours d'int\u00e9gration, y compris au cours d'orientation.\",\"breadcrumb\":{\"@id\":\"https:\/\/internationaleducationcenters.de\/fr\/kurs\/cours-dintegration-general\/#breadcrumb\"},\"inLanguage\":\"fr-FR\",\"potentialAction\":[{\"@type\":\"ReadAction\",\"target\":[\"https:\/\/internationaleducationcenters.de\/fr\/kurs\/cours-dintegration-general\/\"]}]},{\"@type\":\"ImageObject\",\"inLanguage\":\"fr-FR\",\"@id\":\"https:\/\/internationaleducationcenters.de\/fr\/kurs\/cours-dintegration-general\/#primaryimage\",\"url\":\"https:\/\/internationaleducationcenters.de\/wp-content\/uploads\/2024\/01\/Integrationskurs.jpg\",\"contentUrl\":\"https:\/\/internationaleducationcenters.de\/wp-content\/uploads\/2024\/01\/Integrationskurs.jpg\",\"width\":300,\"height\":200,\"caption\":\"test leben in Deutschland in Wuppertal mit IEC\"},{\"@type\":\"BreadcrumbList\",\"@id\":\"https:\/\/internationaleducationcenters.de\/fr\/kurs\/cours-dintegration-general\/#breadcrumb\",\"itemListElement\":[{\"@type\":\"ListItem\",\"position\":1,\"name\":\"Home\",\"item\":\"https:\/\/internationaleducationcenters.de\/fr\/\"},{\"@type\":\"ListItem\",\"position\":2,\"name\":\"Boutique\",\"item\":\"https:\/\/internationaleducationcenters.de\/fr\/boutique\/\"},{\"@type\":\"ListItem\",\"position\":3,\"name\":\"Cours d&#8217;int\u00e9gration g\u00e9n\u00e9ral\"}]},{\"@type\":\"WebSite\",\"@id\":\"https:\/\/internationaleducationcenters.de\/fr\/#website\",\"url\":\"https:\/\/internationaleducationcenters.de\/fr\/\",\"name\":\"International Education Centers\",\"description\":\"\",\"publisher\":{\"@id\":\"https:\/\/internationaleducationcenters.de\/fr\/#organization\"},\"potentialAction\":[{\"@type\":\"SearchAction\",\"target\":{\"@type\":\"EntryPoint\",\"urlTemplate\":\"https:\/\/internationaleducationcenters.de\/fr\/?s={search_term_string}\"},\"query-input\":{\"@type\":\"PropertyValueSpecification\",\"valueRequired\":true,\"valueName\":\"search_term_string\"}}],\"inLanguage\":\"fr-FR\"},{\"@type\":\"Organization\",\"@id\":\"https:\/\/internationaleducationcenters.de\/fr\/#organization\",\"name\":\"International Education Centers\",\"alternateName\":\"IEC\",\"url\":\"https:\/\/internationaleducationcenters.de\/fr\/\",\"logo\":{\"@type\":\"ImageObject\",\"inLanguage\":\"fr-FR\",\"@id\":\"https:\/\/internationaleducationcenters.de\/fr\/#\/schema\/logo\/image\/\",\"url\":\"https:\/\/internationaleducationcenters.de\/wp-content\/uploads\/2025\/08\/IEC_favicon-1.png\",\"contentUrl\":\"https:\/\/internationaleducationcenters.de\/wp-content\/uploads\/2025\/08\/IEC_favicon-1.png\",\"width\":512,\"height\":512,\"caption\":\"International Education Centers\"},\"image\":{\"@id\":\"https:\/\/internationaleducationcenters.de\/fr\/#\/schema\/logo\/image\/\"},\"sameAs\":[\"https:\/\/www.facebook.com\/InternationalEducationCenters\/\"]}]}<\/script>\n<meta property=\"product:price:amount\" content=\"458.00\" \/>\n<meta property=\"product:price:currency\" content=\"EUR\" \/>\n<meta property=\"og:availability\" content=\"instock\" \/>\n<meta property=\"product:availability\" content=\"instock\" \/>\n<meta property=\"product:condition\" content=\"new\" \/>\n<!-- \/ Yoast SEO Premium plugin. -->","yoast_head_json":{"title":"Cours d'int\u00e9gration g\u00e9n\u00e9ral - International Education Centers","description":"Apporte des connaissances linguistiques pratiques pour la vie quotidienne et professionnelle. Inscrivez-vous d\u00e8s maintenant au cours d'int\u00e9gration, y compris au cours d'orientation.","robots":{"index":"index","follow":"follow","max-snippet":"max-snippet:-1","max-image-preview":"max-image-preview:large","max-video-preview":"max-video-preview:-1"},"canonical":"https:\/\/internationaleducationcenters.de\/fr\/kurs\/cours-dintegration-general\/","og_locale":"fr_FR","og_type":"article","og_title":"Cours d'int\u00e9gration g\u00e9n\u00e9ral","og_description":"Apporte des connaissances linguistiques pratiques pour la vie quotidienne et professionnelle. Inscrivez-vous d\u00e8s maintenant au cours d'int\u00e9gration, y compris au cours d'orientation.","og_url":"https:\/\/internationaleducationcenters.de\/fr\/kurs\/cours-dintegration-general\/","og_site_name":"International Education Centers","article_publisher":"https:\/\/www.facebook.com\/InternationalEducationCenters\/","article_modified_time":"2025-12-01T15:15:50+00:00","og_image":[{"width":300,"height":200,"url":"https:\/\/internationaleducationcenters.de\/wp-content\/uploads\/2024\/01\/Integrationskurs.jpg","type":"image\/jpeg"}],"twitter_card":"summary_large_image","twitter_misc":{"Prix":"458,00&nbsp;&euro;","Disponibilit\u00e9":"En stock"},"schema":{"@context":"https:\/\/schema.org","@graph":[{"@type":"WebPage","@id":"https:\/\/internationaleducationcenters.de\/fr\/kurs\/cours-dintegration-general\/","url":"https:\/\/internationaleducationcenters.de\/fr\/kurs\/cours-dintegration-general\/","name":"Cours d'int\u00e9gration g\u00e9n\u00e9ral - International Education Centers","isPartOf":{"@id":"https:\/\/internationaleducationcenters.de\/fr\/#website"},"primaryImageOfPage":{"@id":"https:\/\/internationaleducationcenters.de\/fr\/kurs\/cours-dintegration-general\/#primaryimage"},"image":{"@id":"https:\/\/internationaleducationcenters.de\/fr\/kurs\/cours-dintegration-general\/#primaryimage"},"thumbnailUrl":"https:\/\/internationaleducationcenters.de\/wp-content\/uploads\/2024\/01\/Integrationskurs.jpg","datePublished":"2024-01-04T12:56:24+00:00","dateModified":"2025-12-01T15:15:50+00:00","description":"Apporte des connaissances linguistiques pratiques pour la vie quotidienne et professionnelle. Inscrivez-vous d\u00e8s maintenant au cours d'int\u00e9gration, y compris au cours d'orientation.","breadcrumb":{"@id":"https:\/\/internationaleducationcenters.de\/fr\/kurs\/cours-dintegration-general\/#breadcrumb"},"inLanguage":"fr-FR","potentialAction":[{"@type":"ReadAction","target":["https:\/\/internationaleducationcenters.de\/fr\/kurs\/cours-dintegration-general\/"]}]},{"@type":"ImageObject","inLanguage":"fr-FR","@id":"https:\/\/internationaleducationcenters.de\/fr\/kurs\/cours-dintegration-general\/#primaryimage","url":"https:\/\/internationaleducationcenters.de\/wp-content\/uploads\/2024\/01\/Integrationskurs.jpg","contentUrl":"https:\/\/internationaleducationcenters.de\/wp-content\/uploads\/2024\/01\/Integrationskurs.jpg","width":300,"height":200,"caption":"test leben in Deutschland in Wuppertal mit IEC"},{"@type":"BreadcrumbList","@id":"https:\/\/internationaleducationcenters.de\/fr\/kurs\/cours-dintegration-general\/#breadcrumb","itemListElement":[{"@type":"ListItem","position":1,"name":"Home","item":"https:\/\/internationaleducationcenters.de\/fr\/"},{"@type":"ListItem","position":2,"name":"Boutique","item":"https:\/\/internationaleducationcenters.de\/fr\/boutique\/"},{"@type":"ListItem","position":3,"name":"Cours d&#8217;int\u00e9gration g\u00e9n\u00e9ral"}]},{"@type":"WebSite","@id":"https:\/\/internationaleducationcenters.de\/fr\/#website","url":"https:\/\/internationaleducationcenters.de\/fr\/","name":"International Education Centers","description":"","publisher":{"@id":"https:\/\/internationaleducationcenters.de\/fr\/#organization"},"potentialAction":[{"@type":"SearchAction","target":{"@type":"EntryPoint","urlTemplate":"https:\/\/internationaleducationcenters.de\/fr\/?s={search_term_string}"},"query-input":{"@type":"PropertyValueSpecification","valueRequired":true,"valueName":"search_term_string"}}],"inLanguage":"fr-FR"},{"@type":"Organization","@id":"https:\/\/internationaleducationcenters.de\/fr\/#organization","name":"International Education Centers","alternateName":"IEC","url":"https:\/\/internationaleducationcenters.de\/fr\/","logo":{"@type":"ImageObject","inLanguage":"fr-FR","@id":"https:\/\/internationaleducationcenters.de\/fr\/#\/schema\/logo\/image\/","url":"https:\/\/internationaleducationcenters.de\/wp-content\/uploads\/2025\/08\/IEC_favicon-1.png","contentUrl":"https:\/\/internationaleducationcenters.de\/wp-content\/uploads\/2025\/08\/IEC_favicon-1.png","width":512,"height":512,"caption":"International Education Centers"},"image":{"@id":"https:\/\/internationaleducationcenters.de\/fr\/#\/schema\/logo\/image\/"},"sameAs":["https:\/\/www.facebook.com\/InternationalEducationCenters\/"]}]},"product_price_amount":"458.00","product_price_currency":"EUR","og_availability":"instock","product_availability":"instock","product_condition":"new"},"_links":{"self":[{"href":"https:\/\/internationaleducationcenters.de\/fr\/wp-json\/wp\/v2\/product\/17896","targetHints":{"allow":["GET"]}}],"collection":[{"href":"https:\/\/internationaleducationcenters.de\/fr\/wp-json\/wp\/v2\/product"}],"about":[{"href":"https:\/\/internationaleducationcenters.de\/fr\/wp-json\/wp\/v2\/types\/product"}],"replies":[{"embeddable":true,"href":"https:\/\/internationaleducationcenters.de\/fr\/wp-json\/wp\/v2\/comments?post=17896"}],"version-history":[{"count":3,"href":"https:\/\/internationaleducationcenters.de\/fr\/wp-json\/wp\/v2\/product\/17896\/revisions"}],"predecessor-version":[{"id":21832,"href":"https:\/\/internationaleducationcenters.de\/fr\/wp-json\/wp\/v2\/product\/17896\/revisions\/21832"}],"wp:featuredmedia":[{"embeddable":true,"href":"https:\/\/internationaleducationcenters.de\/fr\/wp-json\/wp\/v2\/media\/7556"}],"wp:attachment":[{"href":"https:\/\/internationaleducationcenters.de\/fr\/wp-json\/wp\/v2\/media?parent=17896"}],"wp:term":[{"taxonomy":"product_brand","embeddable":true,"href":"https:\/\/internationaleducationcenters.de\/fr\/wp-json\/wp\/v2\/product_brand?post=17896"},{"taxonomy":"product_cat","embeddable":true,"href":"https:\/\/internationaleducationcenters.de\/fr\/wp-json\/wp\/v2\/product_cat?post=17896"},{"taxonomy":"product_tag","embeddable":true,"href":"https:\/\/internationaleducationcenters.de\/fr\/wp-json\/wp\/v2\/product_tag?post=17896"}],"curies":[{"name":"wp","href":"https:\/\/api.w.org\/{rel}","templated":true}]}}