{"id":18055,"date":"2024-01-04T14:37:34","date_gmt":"2024-01-04T13:37:34","guid":{"rendered":"https:\/\/internationaleducationcenters.de\/kurs\/cours-dintegration-pour-les-femmes-et-les-parents\/"},"modified":"2025-12-01T12:10:36","modified_gmt":"2025-12-01T11:10:36","slug":"cours-dintegration-pour-les-femmes-et-les-parents","status":"publish","type":"product","link":"https:\/\/internationaleducationcenters.de\/fr\/kurs\/cours-dintegration-pour-les-femmes-et-les-parents\/","title":{"rendered":"Cours d&rsquo;int\u00e9gration pour les femmes et les parents"},"content":{"rendered":"\t\t<div data-elementor-type=\"product-post\" data-elementor-id=\"18055\" class=\"elementor elementor-18055 elementor-637\" data-elementor-post-type=\"product\">\n\t\t\t\t<div class=\"elementor-element elementor-element-57beb750 e-flex e-con-boxed e-con e-parent\" data-id=\"57beb750\" data-element_type=\"container\" data-e-type=\"container\">\n\t\t\t\t\t<div class=\"e-con-inner\">\n\t\t\t\t<div class=\"elementor-element elementor-element-11d97f6d elementor-widget elementor-widget-text-editor\" data-id=\"11d97f6d\" data-element_type=\"widget\" data-e-type=\"widget\" data-widget_type=\"text-editor.default\">\n\t\t\t\t<div class=\"elementor-widget-container\">\n\t\t\t\t\t\t\t\t\t<p>D\u00e9couvrez nos cours d&rsquo;int\u00e9gration sp\u00e9cialement con\u00e7us pour les femmes et les parents, qui visent non seulement \u00e0 vous familiariser avec la langue allemande, mais aussi \u00e0 vous fournir des connaissances compl\u00e8tes sur le syst\u00e8me \u00e9ducatif allemand et la participation \u00e0 la soci\u00e9t\u00e9. Ces cours sont une excellente opportunit\u00e9 pour les parents, et en particulier pour les femmes, d&rsquo;am\u00e9liorer leurs comp\u00e9tences linguistiques tout en s&rsquo;impliquant activement dans l&rsquo;\u00e9ducation de leurs enfants. <\/p><h4>Cours d&rsquo;int\u00e9gration pour femmes et parents &#8211; aper\u00e7u<\/h4><p><strong>Groupe cible :<\/strong> Ce programme s&rsquo;adresse aux parents qui souhaitent am\u00e9liorer leurs connaissances en allemand afin d&rsquo;aider leurs enfants \u00e0 faire leurs devoirs et aux femmes qui, pour diverses raisons, n&rsquo;ont pas pu ou voulu suivre un cours d&rsquo;allemand auparavant.<\/p><p><strong>Contenu et structure du cours :<\/strong><\/p><ul><li><strong>Cours de langue :<\/strong> jusqu&rsquo;\u00e0 900 unit\u00e9s d&rsquo;enseignement pour les femmes qui souhaitent apprendre avec d&rsquo;autres femmes et les parents qui veulent se familiariser avec le syst\u00e8me \u00e9ducatif allemand. Vous apprendrez \u00e0 ma\u00eetriser les situations de la vie quotidienne, des courses aux transports en commun, en passant par les r\u00e9unions de parents d&rsquo;\u00e9l\u00e8ves et les visites chez le m\u00e9decin. <\/li><li><strong>Cours d&rsquo;orientation :<\/strong> 100 unit\u00e9s d&rsquo;enseignement qui abordent le syst\u00e8me juridique allemand, la culture, l&rsquo;histoire et les valeurs de la soci\u00e9t\u00e9. Un accent particulier est mis sur l&rsquo;\u00e9galit\u00e9 des droits, la tol\u00e9rance et la libert\u00e9. <\/li><\/ul><p><strong>Particularit\u00e9s :<\/strong><\/p><ul><li>Pour les parents : d\u00e9couverte des jardins d&rsquo;enfants et des \u00e9coles, mise en r\u00e9seau avec les \u00e9ducateurs\/enseignants et d&rsquo;autres parents, aper\u00e7u du syst\u00e8me \u00e9ducatif et des possibilit\u00e9s de soutien.<\/li><li>Pour les femmes : Conseils sp\u00e9cifiques sur la famille, les enfants et les jeunes, ainsi que des informations sur les opportunit\u00e9s d&#8217;emploi et de travail en Allemagne.<\/li><\/ul><p><strong>Conditions de participation :<\/strong><\/p><ul><li>\u00e2ge minimum de 16 ans.<\/li><li>Pour les femmes : Un ou plusieurs enfants de moins de 18 ans ; permis de s\u00e9jour pour les \u00e9trang\u00e8res vivant en Allemagne de mani\u00e8re permanente ; les rapatri\u00e9es tardives et leurs conjoints ; les demandeurs d&rsquo;asile avec de bonnes perspectives de rester ou les demandeurs d&rsquo;asile proches du march\u00e9 du travail ; les citoyens de l&rsquo;UE et les citoyens allemands sans connaissances suffisantes de l&rsquo;allemand.<\/li><\/ul><p><strong>Co\u00fbt :<\/strong><\/p><ul><li>Le cours est gratuit pour les participantes \u00e9ligibles. Les autres participants paient une contribution de 2,29 euros par unit\u00e9 de cours. Un remboursement partiel des frais est possible sous certaines conditions.  <\/li><\/ul><h4>Vos avantages<\/h4><p>En participant \u00e0 ce cours, vous am\u00e9liorez non seulement vos comp\u00e9tences linguistiques, mais vous obtenez \u00e9galement un aper\u00e7u important du syst\u00e8me \u00e9ducatif allemand, ce qui vous aide, vous et votre famille, \u00e0 mieux vous int\u00e9grer et \u00e0 participer en Allemagne. Vous construisez un r\u00e9seau avec d&rsquo;autres parents et femmes qui souhaitent relever des d\u00e9fis similaires et vous renforcez votre confiance en vous pour participer activement \u00e0 la vie sociale. <\/p><p>Ces cours offrent une plateforme compl\u00e8te d&rsquo;apprentissage, d&rsquo;\u00e9change et de soutien visant \u00e0 faciliter et \u00e0 encourager l&rsquo;int\u00e9gration dans la soci\u00e9t\u00e9 allemande. Saisissez l&rsquo;opportunit\u00e9 de vous perfectionner et contactez-nous pour en savoir plus sur les modalit\u00e9s d&rsquo;inscription et de participation. <\/p>\t\t\t\t\t\t\t\t<\/div>\n\t\t\t\t<\/div>\n\t\t\t\t\t<\/div>\n\t\t\t\t<\/div>\n\t\t\t\t<\/div>\n\t\t","protected":false},"excerpt":{"rendered":"<p>Soutien cibl\u00e9 pour les femmes et les parents afin de r\u00e9ussir leur int\u00e9gration dans la soci\u00e9t\u00e9.<\/p>\n","protected":false},"featured_media":7412,"comment_status":"closed","ping_status":"closed","template":"","meta":{"_acf_changed":false},"product_brand":[],"product_cat":[447],"product_tag":[448,471],"class_list":{"0":"post-18055","1":"product","2":"type-product","3":"status-publish","4":"has-post-thumbnail","6":"product_cat-bamf-cours-dallemand-subventionnes","7":"product_tag-bamf-geoerderte-deutschkurse","8":"product_tag-buyoption-external-redirect-fr","10":"first","11":"instock","12":"taxable","13":"shipping-taxable","14":"purchasable","15":"product-type-simple"},"acf":[],"yoast_head":"<!-- This site is optimized with the Yoast SEO Premium plugin v25.9 (Yoast SEO v26.9) - https:\/\/yoast.com\/product\/yoast-seo-premium-wordpress\/ -->\n<title>Cours d&#039;int\u00e9gration pour les femmes et les parents - International Education Centers<\/title>\n<meta name=\"description\" content=\"Am\u00e9liorez vos comp\u00e9tences en allemand et d\u00e9couvrez le syst\u00e8me \u00e9ducatif allemand gr\u00e2ce \u00e0 nos cours d&#039;int\u00e9gration pour les femmes et les parents. Inscrivez-vous d\u00e8s maintenant !\" \/>\n<meta name=\"robots\" content=\"index, follow, max-snippet:-1, max-image-preview:large, max-video-preview:-1\" \/>\n<link rel=\"canonical\" href=\"https:\/\/internationaleducationcenters.de\/fr\/kurs\/cours-dintegration-pour-les-femmes-et-les-parents\/\" \/>\n<meta property=\"og:locale\" content=\"fr_FR\" \/>\n<meta property=\"og:type\" content=\"article\" \/>\n<meta property=\"og:title\" content=\"Cours d&#039;int\u00e9gration pour les femmes et les parents\" \/>\n<meta property=\"og:description\" content=\"Am\u00e9liorez vos comp\u00e9tences en allemand et d\u00e9couvrez le syst\u00e8me \u00e9ducatif allemand gr\u00e2ce \u00e0 nos cours d&#039;int\u00e9gration pour les femmes et les parents. Inscrivez-vous d\u00e8s maintenant !\" \/>\n<meta property=\"og:url\" content=\"https:\/\/internationaleducationcenters.de\/fr\/kurs\/cours-dintegration-pour-les-femmes-et-les-parents\/\" \/>\n<meta property=\"og:site_name\" content=\"International Education Centers\" \/>\n<meta property=\"article:publisher\" content=\"https:\/\/www.facebook.com\/InternationalEducationCenters\/\" \/>\n<meta property=\"article:modified_time\" content=\"2025-12-01T11:10:36+00:00\" \/>\n<meta property=\"og:image\" content=\"https:\/\/internationaleducationcenters.de\/wp-content\/uploads\/2024\/03\/Elternkurs.jpg\" \/>\n\t<meta property=\"og:image:width\" content=\"300\" \/>\n\t<meta property=\"og:image:height\" content=\"200\" \/>\n\t<meta property=\"og:image:type\" content=\"image\/jpeg\" \/>\n<meta name=\"twitter:card\" content=\"summary_large_image\" \/>\n<meta name=\"twitter:label1\" content=\"Prix\" \/>\n\t<meta name=\"twitter:data1\" content=\"485,00&nbsp;&euro;\" \/>\n\t<meta name=\"twitter:label2\" content=\"Disponibilit\u00e9\" \/>\n\t<meta name=\"twitter:data2\" content=\"En stock\" \/>\n<script type=\"application\/ld+json\" class=\"yoast-schema-graph\">{\"@context\":\"https:\/\/schema.org\",\"@graph\":[{\"@type\":\"WebPage\",\"@id\":\"https:\/\/internationaleducationcenters.de\/fr\/kurs\/cours-dintegration-pour-les-femmes-et-les-parents\/\",\"url\":\"https:\/\/internationaleducationcenters.de\/fr\/kurs\/cours-dintegration-pour-les-femmes-et-les-parents\/\",\"name\":\"Cours d'int\u00e9gration pour les femmes et les parents - International Education Centers\",\"isPartOf\":{\"@id\":\"https:\/\/internationaleducationcenters.de\/fr\/#website\"},\"primaryImageOfPage\":{\"@id\":\"https:\/\/internationaleducationcenters.de\/fr\/kurs\/cours-dintegration-pour-les-femmes-et-les-parents\/#primaryimage\"},\"image\":{\"@id\":\"https:\/\/internationaleducationcenters.de\/fr\/kurs\/cours-dintegration-pour-les-femmes-et-les-parents\/#primaryimage\"},\"thumbnailUrl\":\"https:\/\/internationaleducationcenters.de\/wp-content\/uploads\/2024\/03\/Elternkurs.jpg\",\"datePublished\":\"2024-01-04T13:37:34+00:00\",\"dateModified\":\"2025-12-01T11:10:36+00:00\",\"description\":\"Am\u00e9liorez vos comp\u00e9tences en allemand et d\u00e9couvrez le syst\u00e8me \u00e9ducatif allemand gr\u00e2ce \u00e0 nos cours d'int\u00e9gration pour les femmes et les parents. Inscrivez-vous d\u00e8s maintenant !\",\"breadcrumb\":{\"@id\":\"https:\/\/internationaleducationcenters.de\/fr\/kurs\/cours-dintegration-pour-les-femmes-et-les-parents\/#breadcrumb\"},\"inLanguage\":\"fr-FR\",\"potentialAction\":[{\"@type\":\"ReadAction\",\"target\":[\"https:\/\/internationaleducationcenters.de\/fr\/kurs\/cours-dintegration-pour-les-femmes-et-les-parents\/\"]}]},{\"@type\":\"ImageObject\",\"inLanguage\":\"fr-FR\",\"@id\":\"https:\/\/internationaleducationcenters.de\/fr\/kurs\/cours-dintegration-pour-les-femmes-et-les-parents\/#primaryimage\",\"url\":\"https:\/\/internationaleducationcenters.de\/wp-content\/uploads\/2024\/03\/Elternkurs.jpg\",\"contentUrl\":\"https:\/\/internationaleducationcenters.de\/wp-content\/uploads\/2024\/03\/Elternkurs.jpg\",\"width\":300,\"height\":200,\"caption\":\"Integration f\u00fcr Frauen und Eltern\"},{\"@type\":\"BreadcrumbList\",\"@id\":\"https:\/\/internationaleducationcenters.de\/fr\/kurs\/cours-dintegration-pour-les-femmes-et-les-parents\/#breadcrumb\",\"itemListElement\":[{\"@type\":\"ListItem\",\"position\":1,\"name\":\"Home\",\"item\":\"https:\/\/internationaleducationcenters.de\/fr\/\"},{\"@type\":\"ListItem\",\"position\":2,\"name\":\"Boutique\",\"item\":\"https:\/\/internationaleducationcenters.de\/fr\/boutique\/\"},{\"@type\":\"ListItem\",\"position\":3,\"name\":\"Cours d&#8217;int\u00e9gration pour les femmes et les parents\"}]},{\"@type\":\"WebSite\",\"@id\":\"https:\/\/internationaleducationcenters.de\/fr\/#website\",\"url\":\"https:\/\/internationaleducationcenters.de\/fr\/\",\"name\":\"International Education Centers\",\"description\":\"\",\"publisher\":{\"@id\":\"https:\/\/internationaleducationcenters.de\/fr\/#organization\"},\"potentialAction\":[{\"@type\":\"SearchAction\",\"target\":{\"@type\":\"EntryPoint\",\"urlTemplate\":\"https:\/\/internationaleducationcenters.de\/fr\/?s={search_term_string}\"},\"query-input\":{\"@type\":\"PropertyValueSpecification\",\"valueRequired\":true,\"valueName\":\"search_term_string\"}}],\"inLanguage\":\"fr-FR\"},{\"@type\":\"Organization\",\"@id\":\"https:\/\/internationaleducationcenters.de\/fr\/#organization\",\"name\":\"International Education Centers\",\"alternateName\":\"IEC\",\"url\":\"https:\/\/internationaleducationcenters.de\/fr\/\",\"logo\":{\"@type\":\"ImageObject\",\"inLanguage\":\"fr-FR\",\"@id\":\"https:\/\/internationaleducationcenters.de\/fr\/#\/schema\/logo\/image\/\",\"url\":\"https:\/\/internationaleducationcenters.de\/wp-content\/uploads\/2025\/08\/IEC_favicon-1.png\",\"contentUrl\":\"https:\/\/internationaleducationcenters.de\/wp-content\/uploads\/2025\/08\/IEC_favicon-1.png\",\"width\":512,\"height\":512,\"caption\":\"International Education Centers\"},\"image\":{\"@id\":\"https:\/\/internationaleducationcenters.de\/fr\/#\/schema\/logo\/image\/\"},\"sameAs\":[\"https:\/\/www.facebook.com\/InternationalEducationCenters\/\"]}]}<\/script>\n<meta property=\"product:price:amount\" content=\"485.00\" \/>\n<meta property=\"product:price:currency\" content=\"EUR\" \/>\n<meta property=\"og:availability\" content=\"instock\" \/>\n<meta property=\"product:availability\" content=\"instock\" \/>\n<meta property=\"product:condition\" content=\"new\" \/>\n<!-- \/ Yoast SEO Premium plugin. -->","yoast_head_json":{"title":"Cours d'int\u00e9gration pour les femmes et les parents - International Education Centers","description":"Am\u00e9liorez vos comp\u00e9tences en allemand et d\u00e9couvrez le syst\u00e8me \u00e9ducatif allemand gr\u00e2ce \u00e0 nos cours d'int\u00e9gration pour les femmes et les parents. Inscrivez-vous d\u00e8s maintenant !","robots":{"index":"index","follow":"follow","max-snippet":"max-snippet:-1","max-image-preview":"max-image-preview:large","max-video-preview":"max-video-preview:-1"},"canonical":"https:\/\/internationaleducationcenters.de\/fr\/kurs\/cours-dintegration-pour-les-femmes-et-les-parents\/","og_locale":"fr_FR","og_type":"article","og_title":"Cours d'int\u00e9gration pour les femmes et les parents","og_description":"Am\u00e9liorez vos comp\u00e9tences en allemand et d\u00e9couvrez le syst\u00e8me \u00e9ducatif allemand gr\u00e2ce \u00e0 nos cours d'int\u00e9gration pour les femmes et les parents. Inscrivez-vous d\u00e8s maintenant !","og_url":"https:\/\/internationaleducationcenters.de\/fr\/kurs\/cours-dintegration-pour-les-femmes-et-les-parents\/","og_site_name":"International Education Centers","article_publisher":"https:\/\/www.facebook.com\/InternationalEducationCenters\/","article_modified_time":"2025-12-01T11:10:36+00:00","og_image":[{"width":300,"height":200,"url":"https:\/\/internationaleducationcenters.de\/wp-content\/uploads\/2024\/03\/Elternkurs.jpg","type":"image\/jpeg"}],"twitter_card":"summary_large_image","twitter_misc":{"Prix":"485,00&nbsp;&euro;","Disponibilit\u00e9":"En stock"},"schema":{"@context":"https:\/\/schema.org","@graph":[{"@type":"WebPage","@id":"https:\/\/internationaleducationcenters.de\/fr\/kurs\/cours-dintegration-pour-les-femmes-et-les-parents\/","url":"https:\/\/internationaleducationcenters.de\/fr\/kurs\/cours-dintegration-pour-les-femmes-et-les-parents\/","name":"Cours d'int\u00e9gration pour les femmes et les parents - International Education Centers","isPartOf":{"@id":"https:\/\/internationaleducationcenters.de\/fr\/#website"},"primaryImageOfPage":{"@id":"https:\/\/internationaleducationcenters.de\/fr\/kurs\/cours-dintegration-pour-les-femmes-et-les-parents\/#primaryimage"},"image":{"@id":"https:\/\/internationaleducationcenters.de\/fr\/kurs\/cours-dintegration-pour-les-femmes-et-les-parents\/#primaryimage"},"thumbnailUrl":"https:\/\/internationaleducationcenters.de\/wp-content\/uploads\/2024\/03\/Elternkurs.jpg","datePublished":"2024-01-04T13:37:34+00:00","dateModified":"2025-12-01T11:10:36+00:00","description":"Am\u00e9liorez vos comp\u00e9tences en allemand et d\u00e9couvrez le syst\u00e8me \u00e9ducatif allemand gr\u00e2ce \u00e0 nos cours d'int\u00e9gration pour les femmes et les parents. Inscrivez-vous d\u00e8s maintenant !","breadcrumb":{"@id":"https:\/\/internationaleducationcenters.de\/fr\/kurs\/cours-dintegration-pour-les-femmes-et-les-parents\/#breadcrumb"},"inLanguage":"fr-FR","potentialAction":[{"@type":"ReadAction","target":["https:\/\/internationaleducationcenters.de\/fr\/kurs\/cours-dintegration-pour-les-femmes-et-les-parents\/"]}]},{"@type":"ImageObject","inLanguage":"fr-FR","@id":"https:\/\/internationaleducationcenters.de\/fr\/kurs\/cours-dintegration-pour-les-femmes-et-les-parents\/#primaryimage","url":"https:\/\/internationaleducationcenters.de\/wp-content\/uploads\/2024\/03\/Elternkurs.jpg","contentUrl":"https:\/\/internationaleducationcenters.de\/wp-content\/uploads\/2024\/03\/Elternkurs.jpg","width":300,"height":200,"caption":"Integration f\u00fcr Frauen und Eltern"},{"@type":"BreadcrumbList","@id":"https:\/\/internationaleducationcenters.de\/fr\/kurs\/cours-dintegration-pour-les-femmes-et-les-parents\/#breadcrumb","itemListElement":[{"@type":"ListItem","position":1,"name":"Home","item":"https:\/\/internationaleducationcenters.de\/fr\/"},{"@type":"ListItem","position":2,"name":"Boutique","item":"https:\/\/internationaleducationcenters.de\/fr\/boutique\/"},{"@type":"ListItem","position":3,"name":"Cours d&#8217;int\u00e9gration pour les femmes et les parents"}]},{"@type":"WebSite","@id":"https:\/\/internationaleducationcenters.de\/fr\/#website","url":"https:\/\/internationaleducationcenters.de\/fr\/","name":"International Education Centers","description":"","publisher":{"@id":"https:\/\/internationaleducationcenters.de\/fr\/#organization"},"potentialAction":[{"@type":"SearchAction","target":{"@type":"EntryPoint","urlTemplate":"https:\/\/internationaleducationcenters.de\/fr\/?s={search_term_string}"},"query-input":{"@type":"PropertyValueSpecification","valueRequired":true,"valueName":"search_term_string"}}],"inLanguage":"fr-FR"},{"@type":"Organization","@id":"https:\/\/internationaleducationcenters.de\/fr\/#organization","name":"International Education Centers","alternateName":"IEC","url":"https:\/\/internationaleducationcenters.de\/fr\/","logo":{"@type":"ImageObject","inLanguage":"fr-FR","@id":"https:\/\/internationaleducationcenters.de\/fr\/#\/schema\/logo\/image\/","url":"https:\/\/internationaleducationcenters.de\/wp-content\/uploads\/2025\/08\/IEC_favicon-1.png","contentUrl":"https:\/\/internationaleducationcenters.de\/wp-content\/uploads\/2025\/08\/IEC_favicon-1.png","width":512,"height":512,"caption":"International Education Centers"},"image":{"@id":"https:\/\/internationaleducationcenters.de\/fr\/#\/schema\/logo\/image\/"},"sameAs":["https:\/\/www.facebook.com\/InternationalEducationCenters\/"]}]},"product_price_amount":"485.00","product_price_currency":"EUR","og_availability":"instock","product_availability":"instock","product_condition":"new"},"_links":{"self":[{"href":"https:\/\/internationaleducationcenters.de\/fr\/wp-json\/wp\/v2\/product\/18055","targetHints":{"allow":["GET"]}}],"collection":[{"href":"https:\/\/internationaleducationcenters.de\/fr\/wp-json\/wp\/v2\/product"}],"about":[{"href":"https:\/\/internationaleducationcenters.de\/fr\/wp-json\/wp\/v2\/types\/product"}],"replies":[{"embeddable":true,"href":"https:\/\/internationaleducationcenters.de\/fr\/wp-json\/wp\/v2\/comments?post=18055"}],"version-history":[{"count":3,"href":"https:\/\/internationaleducationcenters.de\/fr\/wp-json\/wp\/v2\/product\/18055\/revisions"}],"predecessor-version":[{"id":21798,"href":"https:\/\/internationaleducationcenters.de\/fr\/wp-json\/wp\/v2\/product\/18055\/revisions\/21798"}],"wp:featuredmedia":[{"embeddable":true,"href":"https:\/\/internationaleducationcenters.de\/fr\/wp-json\/wp\/v2\/media\/7412"}],"wp:attachment":[{"href":"https:\/\/internationaleducationcenters.de\/fr\/wp-json\/wp\/v2\/media?parent=18055"}],"wp:term":[{"taxonomy":"product_brand","embeddable":true,"href":"https:\/\/internationaleducationcenters.de\/fr\/wp-json\/wp\/v2\/product_brand?post=18055"},{"taxonomy":"product_cat","embeddable":true,"href":"https:\/\/internationaleducationcenters.de\/fr\/wp-json\/wp\/v2\/product_cat?post=18055"},{"taxonomy":"product_tag","embeddable":true,"href":"https:\/\/internationaleducationcenters.de\/fr\/wp-json\/wp\/v2\/product_tag?post=18055"}],"curies":[{"name":"wp","href":"https:\/\/api.w.org\/{rel}","templated":true}]}}