{"id":18067,"date":"2024-01-05T13:00:02","date_gmt":"2024-01-05T12:00:02","guid":{"rendered":"https:\/\/internationaleducationcenters.de\/kurs\/test-de-naturalisation\/"},"modified":"2026-04-16T13:25:29","modified_gmt":"2026-04-16T11:25:29","slug":"test-de-naturalisation","status":"publish","type":"product","link":"https:\/\/internationaleducationcenters.de\/fr\/kurs\/test-de-naturalisation\/","title":{"rendered":"Test de naturalisation"},"content":{"rendered":"\t\t<div data-elementor-type=\"product-post\" data-elementor-id=\"18067\" class=\"elementor elementor-18067 elementor-813\" data-elementor-post-type=\"product\">\n\t\t\t\t<div class=\"elementor-element elementor-element-6ca30050 e-flex e-con-boxed e-con e-parent\" data-id=\"6ca30050\" data-element_type=\"container\" data-e-type=\"container\">\n\t\t\t\t\t<div class=\"e-con-inner\">\n\t\t\t\t<div class=\"elementor-element elementor-element-3d10e50 elementor-widget elementor-widget-text-editor\" data-id=\"3d10e50\" data-element_type=\"widget\" data-e-type=\"widget\" data-widget_type=\"text-editor.default\">\n\t\t\t\t<div class=\"elementor-widget-container\">\n\t\t\t\t\t\t\t\t\t<p>Si vous souhaitez passer le <strong data-start=\"177\" data-end=\"211\">test de naturalisation \u00e0 Wuppertal<\/strong>, notre \u00e9cole de langue \u00e0 <strong data-start=\"263\" data-end=\"283\">Wuppertal-Barmen<\/strong> vous offre la <strong data-start=\"295\" data-end=\"352\">pr\u00e9paration<\/strong> id\u00e9ale <strong data-start=\"295\" data-end=\"352\">pour le test de naturalisation en Allemagne<\/strong>.<\/p><h4>Informations sur les cours<\/h4><ul><li><strong>Les dates des tests :<\/strong> Le test de naturalisation a lieu six fois par an, la troisi\u00e8me semaine de chaque mois.<\/li><li><strong>Prix :<\/strong> Les frais s&rsquo;\u00e9l\u00e8vent \u00e0 85,-\u20ac, y compris les frais de dossier de 60,-\u20ac. Le paiement peut \u00e9galement \u00eatre effectu\u00e9 en esp\u00e8ces ou par carte lors de l&rsquo;inscription aupr\u00e8s de nos services. <\/li><li><strong>Date limite d&rsquo;inscription :<\/strong> Veuillez vous inscrire au plus tard quatre semaines avant la date du test.<\/li><\/ul><h4>Notes<\/h4><ul><li>Une pr\u00e9sentation personnelle est n\u00e9cessaire, m\u00eame pour les r\u00e9servations en ligne, car nous avons besoin de votre signature originale.<\/li><li>Veuillez nous contacter apr\u00e8s la r\u00e9servation pour fixer votre rendez-vous.<\/li><\/ul><h4>Inscription<\/h4><p>Pour vous inscrire, veuillez suivre ces \u00e9tapes :<\/p><ol><li>Remplissez et signez le formulaire ci-joint.<\/li><li>T\u00e9l\u00e9chargez le formulaire au format PDF.<\/li><li>T\u00e9l\u00e9chargez votre carte d&rsquo;identit\u00e9 actuelle recto-verso.<\/li><\/ol><h4>Remarque importante<\/h4><p>Veuillez vous assurer que le centre d&rsquo;examen est indiqu\u00e9 \u00e0 l&rsquo;avance sur le formulaire d&rsquo;inscription officiel. Tout changement de participant pourrait entra\u00eener des probl\u00e8mes. Veuillez vous pr\u00e9senter au moins 30 minutes avant le d\u00e9but de l&rsquo;examen.  <\/p><p>Cliquez ici pour t\u00e9l\u00e9charger le formulaire d&rsquo;inscription.  <a href=\"https:\/\/eu2.documents.adobe.com\/public\/esignWidget?wid=CBFCIBAA3AAABLblqZhBxP-V_Zj1DGzoCOnfyNyGDOe2nAq8mP5Qrb11izwky48TdZWzPdtQNNArYl9eiDiI%2a\">Adobe Acrobat Sign<\/a><\/p>\t\t\t\t\t\t\t\t<\/div>\n\t\t\t\t<\/div>\n\t\t\t\t\t<\/div>\n\t\t\t\t<\/div>\n\t\t\t\t<\/div>\n\t\t","protected":false},"excerpt":{"rendered":"<p>Examen portant sur les connaissances de base de l&rsquo;Allemagne. Compos\u00e9 de 33 questions sur la politique, l&rsquo;histoire et la culture. R\u00e9servez votre date d\u00e8s maintenant !<\/p>\n","protected":false},"featured_media":7640,"comment_status":"closed","ping_status":"closed","template":"","meta":{"_acf_changed":false},"product_brand":[],"product_cat":[534],"product_tag":[536],"class_list":{"0":"post-18067","1":"product","2":"type-product","3":"status-publish","4":"has-post-thumbnail","6":"product_cat-autres-examens-et-tests","7":"product_tag-autres-appels","9":"first","10":"instock","11":"purchasable","12":"product-type-simple"},"acf":[],"yoast_head":"<!-- This site is optimized with the Yoast SEO Premium plugin v25.9 (Yoast SEO v26.9) - https:\/\/yoast.com\/product\/yoast-seo-premium-wordpress\/ -->\n<title>Test de naturalisation - International Education Centers<\/title>\n<meta name=\"description\" content=\"Des dates fiables, des prix \u00e9quitables et une inscription facile pour le test de naturalisation \u00e0 Wuppertal-Barmen. Profitez de l&#039;occasion et inscrivez-vous d\u00e8s maintenant !\" \/>\n<meta name=\"robots\" content=\"index, follow, max-snippet:-1, max-image-preview:large, max-video-preview:-1\" \/>\n<link rel=\"canonical\" href=\"https:\/\/internationaleducationcenters.de\/fr\/kurs\/test-de-naturalisation\/\" \/>\n<meta property=\"og:locale\" content=\"fr_FR\" \/>\n<meta property=\"og:type\" content=\"article\" \/>\n<meta property=\"og:title\" content=\"Test de naturalisation\" \/>\n<meta property=\"og:description\" content=\"Des dates fiables, des prix \u00e9quitables et une inscription facile pour le test de naturalisation \u00e0 Wuppertal-Barmen. Profitez de l&#039;occasion et inscrivez-vous d\u00e8s maintenant !\" \/>\n<meta property=\"og:url\" content=\"https:\/\/internationaleducationcenters.de\/fr\/kurs\/test-de-naturalisation\/\" \/>\n<meta property=\"og:site_name\" content=\"International Education Centers\" \/>\n<meta property=\"article:publisher\" content=\"https:\/\/www.facebook.com\/InternationalEducationCenters\/\" \/>\n<meta property=\"article:modified_time\" content=\"2026-04-16T11:25:29+00:00\" \/>\n<meta property=\"og:image\" content=\"https:\/\/internationaleducationcenters.de\/wp-content\/uploads\/2024\/01\/Einbuergerungstest-EBT.jpg\" \/>\n\t<meta property=\"og:image:width\" content=\"300\" \/>\n\t<meta property=\"og:image:height\" content=\"200\" \/>\n\t<meta property=\"og:image:type\" content=\"image\/jpeg\" \/>\n<meta name=\"twitter:card\" content=\"summary_large_image\" \/>\n<meta name=\"twitter:label1\" content=\"Prix\" \/>\n\t<meta name=\"twitter:data1\" content=\"85,00&nbsp;&euro;\" \/>\n\t<meta name=\"twitter:label2\" content=\"Disponibilit\u00e9\" \/>\n\t<meta name=\"twitter:data2\" content=\"En stock\" \/>\n<script type=\"application\/ld+json\" class=\"yoast-schema-graph\">{\"@context\":\"https:\/\/schema.org\",\"@graph\":[{\"@type\":\"WebPage\",\"@id\":\"https:\/\/internationaleducationcenters.de\/fr\/kurs\/test-de-naturalisation\/\",\"url\":\"https:\/\/internationaleducationcenters.de\/fr\/kurs\/test-de-naturalisation\/\",\"name\":\"Test de naturalisation - International Education Centers\",\"isPartOf\":{\"@id\":\"https:\/\/internationaleducationcenters.de\/fr\/#website\"},\"primaryImageOfPage\":{\"@id\":\"https:\/\/internationaleducationcenters.de\/fr\/kurs\/test-de-naturalisation\/#primaryimage\"},\"image\":{\"@id\":\"https:\/\/internationaleducationcenters.de\/fr\/kurs\/test-de-naturalisation\/#primaryimage\"},\"thumbnailUrl\":\"https:\/\/internationaleducationcenters.de\/wp-content\/uploads\/2024\/01\/Einbuergerungstest-EBT.jpg\",\"datePublished\":\"2024-01-05T12:00:02+00:00\",\"dateModified\":\"2026-04-16T11:25:29+00:00\",\"description\":\"Des dates fiables, des prix \u00e9quitables et une inscription facile pour le test de naturalisation \u00e0 Wuppertal-Barmen. Profitez de l'occasion et inscrivez-vous d\u00e8s maintenant !\",\"breadcrumb\":{\"@id\":\"https:\/\/internationaleducationcenters.de\/fr\/kurs\/test-de-naturalisation\/#breadcrumb\"},\"inLanguage\":\"fr-FR\",\"potentialAction\":[{\"@type\":\"ReadAction\",\"target\":[\"https:\/\/internationaleducationcenters.de\/fr\/kurs\/test-de-naturalisation\/\"]}]},{\"@type\":\"ImageObject\",\"inLanguage\":\"fr-FR\",\"@id\":\"https:\/\/internationaleducationcenters.de\/fr\/kurs\/test-de-naturalisation\/#primaryimage\",\"url\":\"https:\/\/internationaleducationcenters.de\/wp-content\/uploads\/2024\/01\/Einbuergerungstest-EBT.jpg\",\"contentUrl\":\"https:\/\/internationaleducationcenters.de\/wp-content\/uploads\/2024\/01\/Einbuergerungstest-EBT.jpg\",\"width\":300,\"height\":200,\"caption\":\"Einb\u00fcrgerungstest in Wuppertal mit IEC\"},{\"@type\":\"BreadcrumbList\",\"@id\":\"https:\/\/internationaleducationcenters.de\/fr\/kurs\/test-de-naturalisation\/#breadcrumb\",\"itemListElement\":[{\"@type\":\"ListItem\",\"position\":1,\"name\":\"Home\",\"item\":\"https:\/\/internationaleducationcenters.de\/fr\/\"},{\"@type\":\"ListItem\",\"position\":2,\"name\":\"Boutique\",\"item\":\"https:\/\/internationaleducationcenters.de\/fr\/boutique\/\"},{\"@type\":\"ListItem\",\"position\":3,\"name\":\"Test de naturalisation\"}]},{\"@type\":\"WebSite\",\"@id\":\"https:\/\/internationaleducationcenters.de\/fr\/#website\",\"url\":\"https:\/\/internationaleducationcenters.de\/fr\/\",\"name\":\"International Education Centers\",\"description\":\"\",\"publisher\":{\"@id\":\"https:\/\/internationaleducationcenters.de\/fr\/#organization\"},\"potentialAction\":[{\"@type\":\"SearchAction\",\"target\":{\"@type\":\"EntryPoint\",\"urlTemplate\":\"https:\/\/internationaleducationcenters.de\/fr\/?s={search_term_string}\"},\"query-input\":{\"@type\":\"PropertyValueSpecification\",\"valueRequired\":true,\"valueName\":\"search_term_string\"}}],\"inLanguage\":\"fr-FR\"},{\"@type\":\"Organization\",\"@id\":\"https:\/\/internationaleducationcenters.de\/fr\/#organization\",\"name\":\"International Education Centers\",\"alternateName\":\"IEC\",\"url\":\"https:\/\/internationaleducationcenters.de\/fr\/\",\"logo\":{\"@type\":\"ImageObject\",\"inLanguage\":\"fr-FR\",\"@id\":\"https:\/\/internationaleducationcenters.de\/fr\/#\/schema\/logo\/image\/\",\"url\":\"https:\/\/internationaleducationcenters.de\/wp-content\/uploads\/2025\/08\/IEC_favicon-1.png\",\"contentUrl\":\"https:\/\/internationaleducationcenters.de\/wp-content\/uploads\/2025\/08\/IEC_favicon-1.png\",\"width\":512,\"height\":512,\"caption\":\"International Education Centers\"},\"image\":{\"@id\":\"https:\/\/internationaleducationcenters.de\/fr\/#\/schema\/logo\/image\/\"},\"sameAs\":[\"https:\/\/www.facebook.com\/InternationalEducationCenters\/\"]}]}<\/script>\n<meta property=\"product:price:amount\" content=\"85.00\" \/>\n<meta property=\"product:price:currency\" content=\"EUR\" \/>\n<meta property=\"og:availability\" content=\"instock\" \/>\n<meta property=\"product:availability\" content=\"instock\" \/>\n<meta property=\"product:condition\" content=\"new\" \/>\n<!-- \/ Yoast SEO Premium plugin. -->","yoast_head_json":{"title":"Test de naturalisation - International Education Centers","description":"Des dates fiables, des prix \u00e9quitables et une inscription facile pour le test de naturalisation \u00e0 Wuppertal-Barmen. Profitez de l'occasion et inscrivez-vous d\u00e8s maintenant !","robots":{"index":"index","follow":"follow","max-snippet":"max-snippet:-1","max-image-preview":"max-image-preview:large","max-video-preview":"max-video-preview:-1"},"canonical":"https:\/\/internationaleducationcenters.de\/fr\/kurs\/test-de-naturalisation\/","og_locale":"fr_FR","og_type":"article","og_title":"Test de naturalisation","og_description":"Des dates fiables, des prix \u00e9quitables et une inscription facile pour le test de naturalisation \u00e0 Wuppertal-Barmen. Profitez de l'occasion et inscrivez-vous d\u00e8s maintenant !","og_url":"https:\/\/internationaleducationcenters.de\/fr\/kurs\/test-de-naturalisation\/","og_site_name":"International Education Centers","article_publisher":"https:\/\/www.facebook.com\/InternationalEducationCenters\/","article_modified_time":"2026-04-16T11:25:29+00:00","og_image":[{"width":300,"height":200,"url":"https:\/\/internationaleducationcenters.de\/wp-content\/uploads\/2024\/01\/Einbuergerungstest-EBT.jpg","type":"image\/jpeg"}],"twitter_card":"summary_large_image","twitter_misc":{"Prix":"85,00&nbsp;&euro;","Disponibilit\u00e9":"En stock"},"schema":{"@context":"https:\/\/schema.org","@graph":[{"@type":"WebPage","@id":"https:\/\/internationaleducationcenters.de\/fr\/kurs\/test-de-naturalisation\/","url":"https:\/\/internationaleducationcenters.de\/fr\/kurs\/test-de-naturalisation\/","name":"Test de naturalisation - International Education Centers","isPartOf":{"@id":"https:\/\/internationaleducationcenters.de\/fr\/#website"},"primaryImageOfPage":{"@id":"https:\/\/internationaleducationcenters.de\/fr\/kurs\/test-de-naturalisation\/#primaryimage"},"image":{"@id":"https:\/\/internationaleducationcenters.de\/fr\/kurs\/test-de-naturalisation\/#primaryimage"},"thumbnailUrl":"https:\/\/internationaleducationcenters.de\/wp-content\/uploads\/2024\/01\/Einbuergerungstest-EBT.jpg","datePublished":"2024-01-05T12:00:02+00:00","dateModified":"2026-04-16T11:25:29+00:00","description":"Des dates fiables, des prix \u00e9quitables et une inscription facile pour le test de naturalisation \u00e0 Wuppertal-Barmen. Profitez de l'occasion et inscrivez-vous d\u00e8s maintenant !","breadcrumb":{"@id":"https:\/\/internationaleducationcenters.de\/fr\/kurs\/test-de-naturalisation\/#breadcrumb"},"inLanguage":"fr-FR","potentialAction":[{"@type":"ReadAction","target":["https:\/\/internationaleducationcenters.de\/fr\/kurs\/test-de-naturalisation\/"]}]},{"@type":"ImageObject","inLanguage":"fr-FR","@id":"https:\/\/internationaleducationcenters.de\/fr\/kurs\/test-de-naturalisation\/#primaryimage","url":"https:\/\/internationaleducationcenters.de\/wp-content\/uploads\/2024\/01\/Einbuergerungstest-EBT.jpg","contentUrl":"https:\/\/internationaleducationcenters.de\/wp-content\/uploads\/2024\/01\/Einbuergerungstest-EBT.jpg","width":300,"height":200,"caption":"Einb\u00fcrgerungstest in Wuppertal mit IEC"},{"@type":"BreadcrumbList","@id":"https:\/\/internationaleducationcenters.de\/fr\/kurs\/test-de-naturalisation\/#breadcrumb","itemListElement":[{"@type":"ListItem","position":1,"name":"Home","item":"https:\/\/internationaleducationcenters.de\/fr\/"},{"@type":"ListItem","position":2,"name":"Boutique","item":"https:\/\/internationaleducationcenters.de\/fr\/boutique\/"},{"@type":"ListItem","position":3,"name":"Test de naturalisation"}]},{"@type":"WebSite","@id":"https:\/\/internationaleducationcenters.de\/fr\/#website","url":"https:\/\/internationaleducationcenters.de\/fr\/","name":"International Education Centers","description":"","publisher":{"@id":"https:\/\/internationaleducationcenters.de\/fr\/#organization"},"potentialAction":[{"@type":"SearchAction","target":{"@type":"EntryPoint","urlTemplate":"https:\/\/internationaleducationcenters.de\/fr\/?s={search_term_string}"},"query-input":{"@type":"PropertyValueSpecification","valueRequired":true,"valueName":"search_term_string"}}],"inLanguage":"fr-FR"},{"@type":"Organization","@id":"https:\/\/internationaleducationcenters.de\/fr\/#organization","name":"International Education Centers","alternateName":"IEC","url":"https:\/\/internationaleducationcenters.de\/fr\/","logo":{"@type":"ImageObject","inLanguage":"fr-FR","@id":"https:\/\/internationaleducationcenters.de\/fr\/#\/schema\/logo\/image\/","url":"https:\/\/internationaleducationcenters.de\/wp-content\/uploads\/2025\/08\/IEC_favicon-1.png","contentUrl":"https:\/\/internationaleducationcenters.de\/wp-content\/uploads\/2025\/08\/IEC_favicon-1.png","width":512,"height":512,"caption":"International Education Centers"},"image":{"@id":"https:\/\/internationaleducationcenters.de\/fr\/#\/schema\/logo\/image\/"},"sameAs":["https:\/\/www.facebook.com\/InternationalEducationCenters\/"]}]},"product_price_amount":"85.00","product_price_currency":"EUR","og_availability":"instock","product_availability":"instock","product_condition":"new"},"_links":{"self":[{"href":"https:\/\/internationaleducationcenters.de\/fr\/wp-json\/wp\/v2\/product\/18067","targetHints":{"allow":["GET"]}}],"collection":[{"href":"https:\/\/internationaleducationcenters.de\/fr\/wp-json\/wp\/v2\/product"}],"about":[{"href":"https:\/\/internationaleducationcenters.de\/fr\/wp-json\/wp\/v2\/types\/product"}],"replies":[{"embeddable":true,"href":"https:\/\/internationaleducationcenters.de\/fr\/wp-json\/wp\/v2\/comments?post=18067"}],"version-history":[{"count":4,"href":"https:\/\/internationaleducationcenters.de\/fr\/wp-json\/wp\/v2\/product\/18067\/revisions"}],"predecessor-version":[{"id":24841,"href":"https:\/\/internationaleducationcenters.de\/fr\/wp-json\/wp\/v2\/product\/18067\/revisions\/24841"}],"wp:featuredmedia":[{"embeddable":true,"href":"https:\/\/internationaleducationcenters.de\/fr\/wp-json\/wp\/v2\/media\/7640"}],"wp:attachment":[{"href":"https:\/\/internationaleducationcenters.de\/fr\/wp-json\/wp\/v2\/media?parent=18067"}],"wp:term":[{"taxonomy":"product_brand","embeddable":true,"href":"https:\/\/internationaleducationcenters.de\/fr\/wp-json\/wp\/v2\/product_brand?post=18067"},{"taxonomy":"product_cat","embeddable":true,"href":"https:\/\/internationaleducationcenters.de\/fr\/wp-json\/wp\/v2\/product_cat?post=18067"},{"taxonomy":"product_tag","embeddable":true,"href":"https:\/\/internationaleducationcenters.de\/fr\/wp-json\/wp\/v2\/product_tag?post=18067"}],"curies":[{"name":"wp","href":"https:\/\/api.w.org\/{rel}","templated":true}]}}