{"id":18091,"date":"2024-01-05T13:08:46","date_gmt":"2024-01-05T12:08:46","guid":{"rendered":"https:\/\/internationaleducationcenters.de\/kurs\/test-vivre-en-allemagne\/"},"modified":"2025-12-09T15:12:46","modified_gmt":"2025-12-09T14:12:46","slug":"test-vivre-en-allemagne","status":"publish","type":"product","link":"https:\/\/internationaleducationcenters.de\/fr\/kurs\/test-vivre-en-allemagne\/","title":{"rendered":"Test \u00ab\u00a0Vivre en Allemagne"},"content":{"rendered":"<p><strong>Veuillez noter que nous ne proposons actuellement le test \u00ab\u00a0Leben in Deutschland\u00a0\u00bb qu&rsquo;\u00e0 nos participants internes. Nous nous ferons un plaisir de vous recommander l&rsquo;examen alternatif <a href=\"https:\/\/internationaleducationcenters.de\/fr\/kurs\/test-de-naturalisation\/\">\u00ab\u00a0Einb\u00fcrgerungstest\u00a0\u00bb<\/a> dans nos locaux. <\/strong><\/p>\n<h4>Qu&rsquo;est-ce que le test \u00ab\u00a0Vivre en Allemagne\u00a0\u00bb ?<\/h4>\n<p>Le test \u00ab\u00a0Leben in Deutschland\u00a0\u00bb (vivre en Allemagne) a lieu apr\u00e8s un cours d&rsquo;orientation, \u00e0 une date sp\u00e9cifique. Il contient par exemple des questions sur le syst\u00e8me politique allemand, la diversit\u00e9 religieuse et l&rsquo;\u00e9galit\u00e9 des droits entre hommes et femmes. Vous trouverez un aper\u00e7u de tous les th\u00e8mes importants pour le test dans le catalogue de questions du test \u00ab\u00a0Leben in Deutschland\u00a0\u00bb ainsi que dans le curriculum pour le cours d&rsquo;orientation.<\/p>\n<h4>Qu&rsquo;est-ce qui m&rsquo;attend dans le test ?<\/h4>\n<p>Chaque participant au test re\u00e7oit un questionnaire comprenant 33 questions au total. Sur le questionnaire, il y a quatre r\u00e9ponses possibles pour chaque question. Les participants doivent cocher la bonne r\u00e9ponse \u00e0 chaque fois. Les participants disposent de 60 minutes pour r\u00e9pondre aux 33 questions. Le test est r\u00e9ussi si le candidat a r\u00e9pondu correctement \u00e0 au moins 15 des 33 questions.<\/p>\n<h4>Comment puis-je me pr\u00e9parer au test ?<\/h4>\n<p>La pr\u00e9paration au test fait partie du cours d&rsquo;orientation. Le jour de l&rsquo;examen, chaque participant re\u00e7oit sa propre feuille de test, avec 33 questions qui lui sont propres. Bien entendu, tous les questionnaires ont la m\u00eame difficult\u00e9.L&rsquo;objectif du cours d&rsquo;int\u00e9gration est que vous r\u00e9ussissiez le test final. Le test final se compose de deux examens : le test de langue \u00ab\u00a0Deutsch-Test f\u00fcr Zuwanderer\u00a0\u00bb (DTZ) et le test \u00ab\u00a0Leben in Deutschland\u00a0\u00bb.<\/p>\n<h4>Remarque :<\/h4>\n<p>Veuillez noter que m\u00eame si vous r\u00e9servez en ligne, il est indispensable de vous pr\u00e9senter en personne, car nous avons besoin de votre signature originale. Vous pouvez vous pr\u00e9senter sans rendez-vous jusqu&rsquo;\u00e0 trois semaines avant l&rsquo;examen.<\/p>\n","protected":false},"excerpt":{"rendered":"<p data-start=\"484\" data-end=\"749\">Vous souhaitez r\u00e9ussir le <em data-start=\"500\" data-end=\"527\">test Leben en Allemagne<\/em>? Chez IEC \u00e0 Wuppertal, nous vous pr\u00e9parons de mani\u00e8re cibl\u00e9e aux questions officielles de l&rsquo;examen.<\/p>\n<p data-start=\"751\" data-end=\"919\">\n","protected":false},"featured_media":7649,"comment_status":"closed","ping_status":"closed","template":"","meta":{"_acf_changed":false},"product_brand":[],"product_cat":[534],"product_tag":[536,532],"class_list":{"0":"post-18091","1":"product","2":"type-product","3":"status-publish","4":"has-post-thumbnail","6":"product_cat-autres-examens-et-tests","7":"product_tag-autres-appels","8":"product_tag-buyoption-internal-redirect-fr","10":"first","11":"instock","12":"purchasable","13":"product-type-simple"},"acf":[],"yoast_head":"<!-- This site is optimized with the Yoast SEO Premium plugin v25.9 (Yoast SEO v26.9) - https:\/\/yoast.com\/product\/yoast-seo-premium-wordpress\/ -->\n<title>Test &quot;Vivre en Allemagne - International Education Centers<\/title>\n<meta name=\"description\" content=\"R\u00e9ussissez le test Vivre en Allemagne \u00e0 Wuppertal avec IEC ! Pr\u00e9paration parfaite \u00e0 la naturalisation. Inscrivez-vous d\u00e8s maintenant et r\u00e9servez une date !\" \/>\n<meta name=\"robots\" content=\"index, follow, max-snippet:-1, max-image-preview:large, max-video-preview:-1\" \/>\n<link rel=\"canonical\" href=\"https:\/\/internationaleducationcenters.de\/fr\/kurs\/test-vivre-en-allemagne\/\" \/>\n<meta property=\"og:locale\" content=\"fr_FR\" \/>\n<meta property=\"og:type\" content=\"article\" \/>\n<meta property=\"og:title\" content=\"Test &quot;Vivre en Allemagne\" \/>\n<meta property=\"og:description\" content=\"R\u00e9ussissez le test Vivre en Allemagne \u00e0 Wuppertal avec IEC ! Pr\u00e9paration parfaite \u00e0 la naturalisation. Inscrivez-vous d\u00e8s maintenant et r\u00e9servez une date !\" \/>\n<meta property=\"og:url\" content=\"https:\/\/internationaleducationcenters.de\/fr\/kurs\/test-vivre-en-allemagne\/\" \/>\n<meta property=\"og:site_name\" content=\"International Education Centers\" \/>\n<meta property=\"article:publisher\" content=\"https:\/\/www.facebook.com\/InternationalEducationCenters\/\" \/>\n<meta property=\"article:modified_time\" content=\"2025-12-09T14:12:46+00:00\" \/>\n<meta property=\"og:image\" content=\"https:\/\/internationaleducationcenters.de\/wp-content\/uploads\/2024\/01\/Leben-in-Deutschland.jpg\" \/>\n\t<meta property=\"og:image:width\" content=\"300\" \/>\n\t<meta property=\"og:image:height\" content=\"200\" \/>\n\t<meta property=\"og:image:type\" content=\"image\/jpeg\" \/>\n<meta name=\"twitter:card\" content=\"summary_large_image\" \/>\n<meta name=\"twitter:label1\" content=\"Prix\" \/>\n\t<meta name=\"twitter:data1\" content=\"85,00&nbsp;&euro;\" \/>\n\t<meta name=\"twitter:label2\" content=\"Disponibilit\u00e9\" \/>\n\t<meta name=\"twitter:data2\" content=\"En stock\" \/>\n<script type=\"application\/ld+json\" class=\"yoast-schema-graph\">{\"@context\":\"https:\/\/schema.org\",\"@graph\":[{\"@type\":\"WebPage\",\"@id\":\"https:\/\/internationaleducationcenters.de\/fr\/kurs\/test-vivre-en-allemagne\/\",\"url\":\"https:\/\/internationaleducationcenters.de\/fr\/kurs\/test-vivre-en-allemagne\/\",\"name\":\"Test \\\"Vivre en Allemagne - International Education Centers\",\"isPartOf\":{\"@id\":\"https:\/\/internationaleducationcenters.de\/fr\/#website\"},\"primaryImageOfPage\":{\"@id\":\"https:\/\/internationaleducationcenters.de\/fr\/kurs\/test-vivre-en-allemagne\/#primaryimage\"},\"image\":{\"@id\":\"https:\/\/internationaleducationcenters.de\/fr\/kurs\/test-vivre-en-allemagne\/#primaryimage\"},\"thumbnailUrl\":\"https:\/\/internationaleducationcenters.de\/wp-content\/uploads\/2024\/01\/Leben-in-Deutschland.jpg\",\"datePublished\":\"2024-01-05T12:08:46+00:00\",\"dateModified\":\"2025-12-09T14:12:46+00:00\",\"description\":\"R\u00e9ussissez le test Vivre en Allemagne \u00e0 Wuppertal avec IEC ! Pr\u00e9paration parfaite \u00e0 la naturalisation. Inscrivez-vous d\u00e8s maintenant et r\u00e9servez une date !\",\"breadcrumb\":{\"@id\":\"https:\/\/internationaleducationcenters.de\/fr\/kurs\/test-vivre-en-allemagne\/#breadcrumb\"},\"inLanguage\":\"fr-FR\",\"potentialAction\":[{\"@type\":\"ReadAction\",\"target\":[\"https:\/\/internationaleducationcenters.de\/fr\/kurs\/test-vivre-en-allemagne\/\"]}]},{\"@type\":\"ImageObject\",\"inLanguage\":\"fr-FR\",\"@id\":\"https:\/\/internationaleducationcenters.de\/fr\/kurs\/test-vivre-en-allemagne\/#primaryimage\",\"url\":\"https:\/\/internationaleducationcenters.de\/wp-content\/uploads\/2024\/01\/Leben-in-Deutschland.jpg\",\"contentUrl\":\"https:\/\/internationaleducationcenters.de\/wp-content\/uploads\/2024\/01\/Leben-in-Deutschland.jpg\",\"width\":300,\"height\":200,\"caption\":\"test leben in Deutschland in Wuppertal mit IEC\"},{\"@type\":\"BreadcrumbList\",\"@id\":\"https:\/\/internationaleducationcenters.de\/fr\/kurs\/test-vivre-en-allemagne\/#breadcrumb\",\"itemListElement\":[{\"@type\":\"ListItem\",\"position\":1,\"name\":\"Home\",\"item\":\"https:\/\/internationaleducationcenters.de\/fr\/\"},{\"@type\":\"ListItem\",\"position\":2,\"name\":\"Boutique\",\"item\":\"https:\/\/internationaleducationcenters.de\/fr\/boutique\/\"},{\"@type\":\"ListItem\",\"position\":3,\"name\":\"Test &#8222;Vivre en Allemagne\"}]},{\"@type\":\"WebSite\",\"@id\":\"https:\/\/internationaleducationcenters.de\/fr\/#website\",\"url\":\"https:\/\/internationaleducationcenters.de\/fr\/\",\"name\":\"International Education Centers\",\"description\":\"\",\"publisher\":{\"@id\":\"https:\/\/internationaleducationcenters.de\/fr\/#organization\"},\"potentialAction\":[{\"@type\":\"SearchAction\",\"target\":{\"@type\":\"EntryPoint\",\"urlTemplate\":\"https:\/\/internationaleducationcenters.de\/fr\/?s={search_term_string}\"},\"query-input\":{\"@type\":\"PropertyValueSpecification\",\"valueRequired\":true,\"valueName\":\"search_term_string\"}}],\"inLanguage\":\"fr-FR\"},{\"@type\":\"Organization\",\"@id\":\"https:\/\/internationaleducationcenters.de\/fr\/#organization\",\"name\":\"International Education Centers\",\"alternateName\":\"IEC\",\"url\":\"https:\/\/internationaleducationcenters.de\/fr\/\",\"logo\":{\"@type\":\"ImageObject\",\"inLanguage\":\"fr-FR\",\"@id\":\"https:\/\/internationaleducationcenters.de\/fr\/#\/schema\/logo\/image\/\",\"url\":\"https:\/\/internationaleducationcenters.de\/wp-content\/uploads\/2025\/08\/IEC_favicon-1.png\",\"contentUrl\":\"https:\/\/internationaleducationcenters.de\/wp-content\/uploads\/2025\/08\/IEC_favicon-1.png\",\"width\":512,\"height\":512,\"caption\":\"International Education Centers\"},\"image\":{\"@id\":\"https:\/\/internationaleducationcenters.de\/fr\/#\/schema\/logo\/image\/\"},\"sameAs\":[\"https:\/\/www.facebook.com\/InternationalEducationCenters\/\"]}]}<\/script>\n<meta property=\"product:price:amount\" content=\"85.00\" \/>\n<meta property=\"product:price:currency\" content=\"EUR\" \/>\n<meta property=\"og:availability\" content=\"instock\" \/>\n<meta property=\"product:availability\" content=\"instock\" \/>\n<meta property=\"product:condition\" content=\"new\" \/>\n<!-- \/ Yoast SEO Premium plugin. -->","yoast_head_json":{"title":"Test \"Vivre en Allemagne - International Education Centers","description":"R\u00e9ussissez le test Vivre en Allemagne \u00e0 Wuppertal avec IEC ! Pr\u00e9paration parfaite \u00e0 la naturalisation. Inscrivez-vous d\u00e8s maintenant et r\u00e9servez une date !","robots":{"index":"index","follow":"follow","max-snippet":"max-snippet:-1","max-image-preview":"max-image-preview:large","max-video-preview":"max-video-preview:-1"},"canonical":"https:\/\/internationaleducationcenters.de\/fr\/kurs\/test-vivre-en-allemagne\/","og_locale":"fr_FR","og_type":"article","og_title":"Test \"Vivre en Allemagne","og_description":"R\u00e9ussissez le test Vivre en Allemagne \u00e0 Wuppertal avec IEC ! Pr\u00e9paration parfaite \u00e0 la naturalisation. Inscrivez-vous d\u00e8s maintenant et r\u00e9servez une date !","og_url":"https:\/\/internationaleducationcenters.de\/fr\/kurs\/test-vivre-en-allemagne\/","og_site_name":"International Education Centers","article_publisher":"https:\/\/www.facebook.com\/InternationalEducationCenters\/","article_modified_time":"2025-12-09T14:12:46+00:00","og_image":[{"width":300,"height":200,"url":"https:\/\/internationaleducationcenters.de\/wp-content\/uploads\/2024\/01\/Leben-in-Deutschland.jpg","type":"image\/jpeg"}],"twitter_card":"summary_large_image","twitter_misc":{"Prix":"85,00&nbsp;&euro;","Disponibilit\u00e9":"En stock"},"schema":{"@context":"https:\/\/schema.org","@graph":[{"@type":"WebPage","@id":"https:\/\/internationaleducationcenters.de\/fr\/kurs\/test-vivre-en-allemagne\/","url":"https:\/\/internationaleducationcenters.de\/fr\/kurs\/test-vivre-en-allemagne\/","name":"Test \"Vivre en Allemagne - International Education Centers","isPartOf":{"@id":"https:\/\/internationaleducationcenters.de\/fr\/#website"},"primaryImageOfPage":{"@id":"https:\/\/internationaleducationcenters.de\/fr\/kurs\/test-vivre-en-allemagne\/#primaryimage"},"image":{"@id":"https:\/\/internationaleducationcenters.de\/fr\/kurs\/test-vivre-en-allemagne\/#primaryimage"},"thumbnailUrl":"https:\/\/internationaleducationcenters.de\/wp-content\/uploads\/2024\/01\/Leben-in-Deutschland.jpg","datePublished":"2024-01-05T12:08:46+00:00","dateModified":"2025-12-09T14:12:46+00:00","description":"R\u00e9ussissez le test Vivre en Allemagne \u00e0 Wuppertal avec IEC ! Pr\u00e9paration parfaite \u00e0 la naturalisation. Inscrivez-vous d\u00e8s maintenant et r\u00e9servez une date !","breadcrumb":{"@id":"https:\/\/internationaleducationcenters.de\/fr\/kurs\/test-vivre-en-allemagne\/#breadcrumb"},"inLanguage":"fr-FR","potentialAction":[{"@type":"ReadAction","target":["https:\/\/internationaleducationcenters.de\/fr\/kurs\/test-vivre-en-allemagne\/"]}]},{"@type":"ImageObject","inLanguage":"fr-FR","@id":"https:\/\/internationaleducationcenters.de\/fr\/kurs\/test-vivre-en-allemagne\/#primaryimage","url":"https:\/\/internationaleducationcenters.de\/wp-content\/uploads\/2024\/01\/Leben-in-Deutschland.jpg","contentUrl":"https:\/\/internationaleducationcenters.de\/wp-content\/uploads\/2024\/01\/Leben-in-Deutschland.jpg","width":300,"height":200,"caption":"test leben in Deutschland in Wuppertal mit IEC"},{"@type":"BreadcrumbList","@id":"https:\/\/internationaleducationcenters.de\/fr\/kurs\/test-vivre-en-allemagne\/#breadcrumb","itemListElement":[{"@type":"ListItem","position":1,"name":"Home","item":"https:\/\/internationaleducationcenters.de\/fr\/"},{"@type":"ListItem","position":2,"name":"Boutique","item":"https:\/\/internationaleducationcenters.de\/fr\/boutique\/"},{"@type":"ListItem","position":3,"name":"Test &#8222;Vivre en Allemagne"}]},{"@type":"WebSite","@id":"https:\/\/internationaleducationcenters.de\/fr\/#website","url":"https:\/\/internationaleducationcenters.de\/fr\/","name":"International Education Centers","description":"","publisher":{"@id":"https:\/\/internationaleducationcenters.de\/fr\/#organization"},"potentialAction":[{"@type":"SearchAction","target":{"@type":"EntryPoint","urlTemplate":"https:\/\/internationaleducationcenters.de\/fr\/?s={search_term_string}"},"query-input":{"@type":"PropertyValueSpecification","valueRequired":true,"valueName":"search_term_string"}}],"inLanguage":"fr-FR"},{"@type":"Organization","@id":"https:\/\/internationaleducationcenters.de\/fr\/#organization","name":"International Education Centers","alternateName":"IEC","url":"https:\/\/internationaleducationcenters.de\/fr\/","logo":{"@type":"ImageObject","inLanguage":"fr-FR","@id":"https:\/\/internationaleducationcenters.de\/fr\/#\/schema\/logo\/image\/","url":"https:\/\/internationaleducationcenters.de\/wp-content\/uploads\/2025\/08\/IEC_favicon-1.png","contentUrl":"https:\/\/internationaleducationcenters.de\/wp-content\/uploads\/2025\/08\/IEC_favicon-1.png","width":512,"height":512,"caption":"International Education Centers"},"image":{"@id":"https:\/\/internationaleducationcenters.de\/fr\/#\/schema\/logo\/image\/"},"sameAs":["https:\/\/www.facebook.com\/InternationalEducationCenters\/"]}]},"product_price_amount":"85.00","product_price_currency":"EUR","og_availability":"instock","product_availability":"instock","product_condition":"new"},"_links":{"self":[{"href":"https:\/\/internationaleducationcenters.de\/fr\/wp-json\/wp\/v2\/product\/18091","targetHints":{"allow":["GET"]}}],"collection":[{"href":"https:\/\/internationaleducationcenters.de\/fr\/wp-json\/wp\/v2\/product"}],"about":[{"href":"https:\/\/internationaleducationcenters.de\/fr\/wp-json\/wp\/v2\/types\/product"}],"replies":[{"embeddable":true,"href":"https:\/\/internationaleducationcenters.de\/fr\/wp-json\/wp\/v2\/comments?post=18091"}],"version-history":[{"count":2,"href":"https:\/\/internationaleducationcenters.de\/fr\/wp-json\/wp\/v2\/product\/18091\/revisions"}],"predecessor-version":[{"id":23066,"href":"https:\/\/internationaleducationcenters.de\/fr\/wp-json\/wp\/v2\/product\/18091\/revisions\/23066"}],"wp:featuredmedia":[{"embeddable":true,"href":"https:\/\/internationaleducationcenters.de\/fr\/wp-json\/wp\/v2\/media\/7649"}],"wp:attachment":[{"href":"https:\/\/internationaleducationcenters.de\/fr\/wp-json\/wp\/v2\/media?parent=18091"}],"wp:term":[{"taxonomy":"product_brand","embeddable":true,"href":"https:\/\/internationaleducationcenters.de\/fr\/wp-json\/wp\/v2\/product_brand?post=18091"},{"taxonomy":"product_cat","embeddable":true,"href":"https:\/\/internationaleducationcenters.de\/fr\/wp-json\/wp\/v2\/product_cat?post=18091"},{"taxonomy":"product_tag","embeddable":true,"href":"https:\/\/internationaleducationcenters.de\/fr\/wp-json\/wp\/v2\/product_tag?post=18091"}],"curies":[{"name":"wp","href":"https:\/\/api.w.org\/{rel}","templated":true}]}}