{"id":18102,"date":"2024-01-05T10:50:39","date_gmt":"2024-01-05T09:50:39","guid":{"rendered":"https:\/\/internationaleducationcenters.de\/kurs\/dtz-test-dallemand-pour-immigrants-g-a-s-t\/"},"modified":"2025-12-09T14:36:53","modified_gmt":"2025-12-09T13:36:53","slug":"dtz-test-dallemand-pour-immigrants-g-a-s-t","status":"publish","type":"product","link":"https:\/\/internationaleducationcenters.de\/fr\/kurs\/dtz-test-dallemand-pour-immigrants-g-a-s-t\/","title":{"rendered":"DTZ Test d&rsquo;allemand pour immigrants (G.A.S.T)"},"content":{"rendered":"\t\t<div data-elementor-type=\"product-post\" data-elementor-id=\"18102\" class=\"elementor elementor-18102 elementor-773\" data-elementor-post-type=\"product\">\n\t\t\t\t<div class=\"elementor-element elementor-element-93de51f e-flex e-con-boxed e-con e-parent\" data-id=\"93de51f\" data-element_type=\"container\" data-e-type=\"container\">\n\t\t\t\t\t<div class=\"e-con-inner\">\n\t\t\t\t<div class=\"elementor-element elementor-element-29fed03 elementor-widget elementor-widget-heading\" data-id=\"29fed03\" data-element_type=\"widget\" data-e-type=\"widget\" data-widget_type=\"heading.default\">\n\t\t\t\t<div class=\"elementor-widget-container\">\n\t\t\t\t\t<h2 class=\"elementor-heading-title elementor-size-default\">DTZ - Test d'allemand pour immigrants (G.A.S.T)<\/h2>\t\t\t\t<\/div>\n\t\t\t\t<\/div>\n\t\t\t\t\t<\/div>\n\t\t\t\t<\/div>\n\t\t<div class=\"elementor-element elementor-element-eab5d6a e-flex e-con-boxed e-con e-parent\" data-id=\"eab5d6a\" data-element_type=\"container\" data-e-type=\"container\">\n\t\t\t\t\t<div class=\"e-con-inner\">\n\t\t\t\t<div class=\"elementor-element elementor-element-9048a6a elementor-widget elementor-widget-text-editor\" data-id=\"9048a6a\" data-element_type=\"widget\" data-e-type=\"widget\" data-widget_type=\"text-editor.default\">\n\t\t\t\t<div class=\"elementor-widget-container\">\n\t\t\t\t\t\t\t\t\t<p>Le <strong>Deutsch-Test f\u00fcr Zuwanderer (DTZ)<\/strong> est un test de langue standardis\u00e9 sp\u00e9cialement con\u00e7u pour les migrants*. Le test \u00e9value les comp\u00e9tences en allemand aux niveaux <strong>A2 et B1<\/strong> du Cadre europ\u00e9en commun de r\u00e9f\u00e9rence (CECR) et sert d&rsquo;examen final dans les cours d&rsquo;int\u00e9gration. <\/p><p><strong>Le DTZ se compose de quatre parties :<\/strong><\/p><ol><li><strong>La compr\u00e9hension orale<\/strong>: Compr\u00e9hension de textes oraux.<\/li><li><strong>La lecture<\/strong>: Comprendre des textes \u00e9crits.<\/li><li><strong>\u00c9crire<\/strong>: R\u00e9daction de textes sur des sujets donn\u00e9s.<\/li><li><strong>Prise de parole en public<\/strong>: Mener des conversations et des discussions.<\/li><\/ol><p>Le test permet d&rsquo;\u00e9valuer les comp\u00e9tences linguistiques des participants et de les aider \u00e0 s&rsquo;ins\u00e9rer dans la vie sociale et professionnelle en Allemagne.<\/p>\t\t\t\t\t\t\t\t<\/div>\n\t\t\t\t<\/div>\n\t\t\t\t\t<\/div>\n\t\t\t\t<\/div>\n\t\t\t\t<\/div>\n\t\t","protected":false},"excerpt":{"rendered":"<p>Le DTZ A2-B1 \u00e9value vos connaissances en allemand et favorise votre int\u00e9gration en Allemagne.<\/p>\n","protected":false},"featured_media":7452,"comment_status":"closed","ping_status":"closed","template":"","meta":{"_acf_changed":false},"product_brand":[],"product_cat":[550],"product_tag":[551,532],"class_list":{"0":"post-18102","1":"product","2":"type-product","3":"status-publish","4":"has-post-thumbnail","6":"product_cat-appels-dhotes","7":"product_tag-appels-dhotes","8":"product_tag-buyoption-internal-redirect-fr","10":"first","11":"instock","12":"purchasable","13":"product-type-simple"},"acf":[],"yoast_head":"<!-- This site is optimized with the Yoast SEO Premium plugin v25.9 (Yoast SEO v26.9) - https:\/\/yoast.com\/product\/yoast-seo-premium-wordpress\/ -->\n<title>DTZ Test d&#039;allemand pour immigrants (G.A.S.T) - International Education Centers<\/title>\n<meta name=\"description\" content=\"\u00c9valuation de vos connaissances en allemand aux niveaux A2 et B1 avec le DTZ. Commencez votre int\u00e9gration en Allemagne d\u00e8s aujourd&#039;hui !\" \/>\n<meta name=\"robots\" content=\"index, follow, max-snippet:-1, max-image-preview:large, max-video-preview:-1\" \/>\n<link rel=\"canonical\" href=\"https:\/\/internationaleducationcenters.de\/fr\/kurs\/dtz-test-dallemand-pour-immigrants-g-a-s-t\/\" \/>\n<meta property=\"og:locale\" content=\"fr_FR\" \/>\n<meta property=\"og:type\" content=\"article\" \/>\n<meta property=\"og:title\" content=\"DTZ Test d&#039;allemand pour immigrants (G.A.S.T)\" \/>\n<meta property=\"og:description\" content=\"\u00c9valuation de vos connaissances en allemand aux niveaux A2 et B1 avec le DTZ. Commencez votre int\u00e9gration en Allemagne d\u00e8s aujourd&#039;hui !\" \/>\n<meta property=\"og:url\" content=\"https:\/\/internationaleducationcenters.de\/fr\/kurs\/dtz-test-dallemand-pour-immigrants-g-a-s-t\/\" \/>\n<meta property=\"og:site_name\" content=\"International Education Centers\" \/>\n<meta property=\"article:publisher\" content=\"https:\/\/www.facebook.com\/InternationalEducationCenters\/\" \/>\n<meta property=\"article:modified_time\" content=\"2025-12-09T13:36:53+00:00\" \/>\n<meta property=\"og:image\" content=\"https:\/\/internationaleducationcenters.de\/wp-content\/uploads\/2024\/03\/Deutschkurs-Online.jpg\" \/>\n\t<meta property=\"og:image:width\" content=\"300\" \/>\n\t<meta property=\"og:image:height\" content=\"200\" \/>\n\t<meta property=\"og:image:type\" content=\"image\/jpeg\" \/>\n<meta name=\"twitter:card\" content=\"summary_large_image\" \/>\n<meta name=\"twitter:label1\" content=\"Prix\" \/>\n\t<meta name=\"twitter:data1\" content=\"180,00&nbsp;&euro;\" \/>\n\t<meta name=\"twitter:label2\" content=\"Disponibilit\u00e9\" \/>\n\t<meta name=\"twitter:data2\" content=\"En stock\" \/>\n<script type=\"application\/ld+json\" class=\"yoast-schema-graph\">{\"@context\":\"https:\/\/schema.org\",\"@graph\":[{\"@type\":\"WebPage\",\"@id\":\"https:\/\/internationaleducationcenters.de\/fr\/kurs\/dtz-test-dallemand-pour-immigrants-g-a-s-t\/\",\"url\":\"https:\/\/internationaleducationcenters.de\/fr\/kurs\/dtz-test-dallemand-pour-immigrants-g-a-s-t\/\",\"name\":\"DTZ Test d'allemand pour immigrants (G.A.S.T) - International Education Centers\",\"isPartOf\":{\"@id\":\"https:\/\/internationaleducationcenters.de\/fr\/#website\"},\"primaryImageOfPage\":{\"@id\":\"https:\/\/internationaleducationcenters.de\/fr\/kurs\/dtz-test-dallemand-pour-immigrants-g-a-s-t\/#primaryimage\"},\"image\":{\"@id\":\"https:\/\/internationaleducationcenters.de\/fr\/kurs\/dtz-test-dallemand-pour-immigrants-g-a-s-t\/#primaryimage\"},\"thumbnailUrl\":\"https:\/\/internationaleducationcenters.de\/wp-content\/uploads\/2024\/03\/Deutschkurs-Online.jpg\",\"datePublished\":\"2024-01-05T09:50:39+00:00\",\"dateModified\":\"2025-12-09T13:36:53+00:00\",\"description\":\"\u00c9valuation de vos connaissances en allemand aux niveaux A2 et B1 avec le DTZ. Commencez votre int\u00e9gration en Allemagne d\u00e8s aujourd'hui !\",\"breadcrumb\":{\"@id\":\"https:\/\/internationaleducationcenters.de\/fr\/kurs\/dtz-test-dallemand-pour-immigrants-g-a-s-t\/#breadcrumb\"},\"inLanguage\":\"fr-FR\",\"potentialAction\":[{\"@type\":\"ReadAction\",\"target\":[\"https:\/\/internationaleducationcenters.de\/fr\/kurs\/dtz-test-dallemand-pour-immigrants-g-a-s-t\/\"]}]},{\"@type\":\"ImageObject\",\"inLanguage\":\"fr-FR\",\"@id\":\"https:\/\/internationaleducationcenters.de\/fr\/kurs\/dtz-test-dallemand-pour-immigrants-g-a-s-t\/#primaryimage\",\"url\":\"https:\/\/internationaleducationcenters.de\/wp-content\/uploads\/2024\/03\/Deutschkurs-Online.jpg\",\"contentUrl\":\"https:\/\/internationaleducationcenters.de\/wp-content\/uploads\/2024\/03\/Deutschkurs-Online.jpg\",\"width\":300,\"height\":200,\"caption\":\"DTZ Deutsch-Test f\u00fcr Zuwanderer (G.A.S.T) mit IEC\"},{\"@type\":\"BreadcrumbList\",\"@id\":\"https:\/\/internationaleducationcenters.de\/fr\/kurs\/dtz-test-dallemand-pour-immigrants-g-a-s-t\/#breadcrumb\",\"itemListElement\":[{\"@type\":\"ListItem\",\"position\":1,\"name\":\"Home\",\"item\":\"https:\/\/internationaleducationcenters.de\/fr\/\"},{\"@type\":\"ListItem\",\"position\":2,\"name\":\"Boutique\",\"item\":\"https:\/\/internationaleducationcenters.de\/fr\/boutique\/\"},{\"@type\":\"ListItem\",\"position\":3,\"name\":\"DTZ Test d&#8217;allemand pour immigrants (G.A.S.T)\"}]},{\"@type\":\"WebSite\",\"@id\":\"https:\/\/internationaleducationcenters.de\/fr\/#website\",\"url\":\"https:\/\/internationaleducationcenters.de\/fr\/\",\"name\":\"International Education Centers\",\"description\":\"\",\"publisher\":{\"@id\":\"https:\/\/internationaleducationcenters.de\/fr\/#organization\"},\"potentialAction\":[{\"@type\":\"SearchAction\",\"target\":{\"@type\":\"EntryPoint\",\"urlTemplate\":\"https:\/\/internationaleducationcenters.de\/fr\/?s={search_term_string}\"},\"query-input\":{\"@type\":\"PropertyValueSpecification\",\"valueRequired\":true,\"valueName\":\"search_term_string\"}}],\"inLanguage\":\"fr-FR\"},{\"@type\":\"Organization\",\"@id\":\"https:\/\/internationaleducationcenters.de\/fr\/#organization\",\"name\":\"International Education Centers\",\"alternateName\":\"IEC\",\"url\":\"https:\/\/internationaleducationcenters.de\/fr\/\",\"logo\":{\"@type\":\"ImageObject\",\"inLanguage\":\"fr-FR\",\"@id\":\"https:\/\/internationaleducationcenters.de\/fr\/#\/schema\/logo\/image\/\",\"url\":\"https:\/\/internationaleducationcenters.de\/wp-content\/uploads\/2025\/08\/IEC_favicon-1.png\",\"contentUrl\":\"https:\/\/internationaleducationcenters.de\/wp-content\/uploads\/2025\/08\/IEC_favicon-1.png\",\"width\":512,\"height\":512,\"caption\":\"International Education Centers\"},\"image\":{\"@id\":\"https:\/\/internationaleducationcenters.de\/fr\/#\/schema\/logo\/image\/\"},\"sameAs\":[\"https:\/\/www.facebook.com\/InternationalEducationCenters\/\"]}]}<\/script>\n<meta property=\"product:price:amount\" content=\"180.00\" \/>\n<meta property=\"product:price:currency\" content=\"EUR\" \/>\n<meta property=\"og:availability\" content=\"instock\" \/>\n<meta property=\"product:availability\" content=\"instock\" \/>\n<meta property=\"product:condition\" content=\"new\" \/>\n<!-- \/ Yoast SEO Premium plugin. -->","yoast_head_json":{"title":"DTZ Test d'allemand pour immigrants (G.A.S.T) - International Education Centers","description":"\u00c9valuation de vos connaissances en allemand aux niveaux A2 et B1 avec le DTZ. Commencez votre int\u00e9gration en Allemagne d\u00e8s aujourd'hui !","robots":{"index":"index","follow":"follow","max-snippet":"max-snippet:-1","max-image-preview":"max-image-preview:large","max-video-preview":"max-video-preview:-1"},"canonical":"https:\/\/internationaleducationcenters.de\/fr\/kurs\/dtz-test-dallemand-pour-immigrants-g-a-s-t\/","og_locale":"fr_FR","og_type":"article","og_title":"DTZ Test d'allemand pour immigrants (G.A.S.T)","og_description":"\u00c9valuation de vos connaissances en allemand aux niveaux A2 et B1 avec le DTZ. Commencez votre int\u00e9gration en Allemagne d\u00e8s aujourd'hui !","og_url":"https:\/\/internationaleducationcenters.de\/fr\/kurs\/dtz-test-dallemand-pour-immigrants-g-a-s-t\/","og_site_name":"International Education Centers","article_publisher":"https:\/\/www.facebook.com\/InternationalEducationCenters\/","article_modified_time":"2025-12-09T13:36:53+00:00","og_image":[{"width":300,"height":200,"url":"https:\/\/internationaleducationcenters.de\/wp-content\/uploads\/2024\/03\/Deutschkurs-Online.jpg","type":"image\/jpeg"}],"twitter_card":"summary_large_image","twitter_misc":{"Prix":"180,00&nbsp;&euro;","Disponibilit\u00e9":"En stock"},"schema":{"@context":"https:\/\/schema.org","@graph":[{"@type":"WebPage","@id":"https:\/\/internationaleducationcenters.de\/fr\/kurs\/dtz-test-dallemand-pour-immigrants-g-a-s-t\/","url":"https:\/\/internationaleducationcenters.de\/fr\/kurs\/dtz-test-dallemand-pour-immigrants-g-a-s-t\/","name":"DTZ Test d'allemand pour immigrants (G.A.S.T) - International Education Centers","isPartOf":{"@id":"https:\/\/internationaleducationcenters.de\/fr\/#website"},"primaryImageOfPage":{"@id":"https:\/\/internationaleducationcenters.de\/fr\/kurs\/dtz-test-dallemand-pour-immigrants-g-a-s-t\/#primaryimage"},"image":{"@id":"https:\/\/internationaleducationcenters.de\/fr\/kurs\/dtz-test-dallemand-pour-immigrants-g-a-s-t\/#primaryimage"},"thumbnailUrl":"https:\/\/internationaleducationcenters.de\/wp-content\/uploads\/2024\/03\/Deutschkurs-Online.jpg","datePublished":"2024-01-05T09:50:39+00:00","dateModified":"2025-12-09T13:36:53+00:00","description":"\u00c9valuation de vos connaissances en allemand aux niveaux A2 et B1 avec le DTZ. Commencez votre int\u00e9gration en Allemagne d\u00e8s aujourd'hui !","breadcrumb":{"@id":"https:\/\/internationaleducationcenters.de\/fr\/kurs\/dtz-test-dallemand-pour-immigrants-g-a-s-t\/#breadcrumb"},"inLanguage":"fr-FR","potentialAction":[{"@type":"ReadAction","target":["https:\/\/internationaleducationcenters.de\/fr\/kurs\/dtz-test-dallemand-pour-immigrants-g-a-s-t\/"]}]},{"@type":"ImageObject","inLanguage":"fr-FR","@id":"https:\/\/internationaleducationcenters.de\/fr\/kurs\/dtz-test-dallemand-pour-immigrants-g-a-s-t\/#primaryimage","url":"https:\/\/internationaleducationcenters.de\/wp-content\/uploads\/2024\/03\/Deutschkurs-Online.jpg","contentUrl":"https:\/\/internationaleducationcenters.de\/wp-content\/uploads\/2024\/03\/Deutschkurs-Online.jpg","width":300,"height":200,"caption":"DTZ Deutsch-Test f\u00fcr Zuwanderer (G.A.S.T) mit IEC"},{"@type":"BreadcrumbList","@id":"https:\/\/internationaleducationcenters.de\/fr\/kurs\/dtz-test-dallemand-pour-immigrants-g-a-s-t\/#breadcrumb","itemListElement":[{"@type":"ListItem","position":1,"name":"Home","item":"https:\/\/internationaleducationcenters.de\/fr\/"},{"@type":"ListItem","position":2,"name":"Boutique","item":"https:\/\/internationaleducationcenters.de\/fr\/boutique\/"},{"@type":"ListItem","position":3,"name":"DTZ Test d&#8217;allemand pour immigrants (G.A.S.T)"}]},{"@type":"WebSite","@id":"https:\/\/internationaleducationcenters.de\/fr\/#website","url":"https:\/\/internationaleducationcenters.de\/fr\/","name":"International Education Centers","description":"","publisher":{"@id":"https:\/\/internationaleducationcenters.de\/fr\/#organization"},"potentialAction":[{"@type":"SearchAction","target":{"@type":"EntryPoint","urlTemplate":"https:\/\/internationaleducationcenters.de\/fr\/?s={search_term_string}"},"query-input":{"@type":"PropertyValueSpecification","valueRequired":true,"valueName":"search_term_string"}}],"inLanguage":"fr-FR"},{"@type":"Organization","@id":"https:\/\/internationaleducationcenters.de\/fr\/#organization","name":"International Education Centers","alternateName":"IEC","url":"https:\/\/internationaleducationcenters.de\/fr\/","logo":{"@type":"ImageObject","inLanguage":"fr-FR","@id":"https:\/\/internationaleducationcenters.de\/fr\/#\/schema\/logo\/image\/","url":"https:\/\/internationaleducationcenters.de\/wp-content\/uploads\/2025\/08\/IEC_favicon-1.png","contentUrl":"https:\/\/internationaleducationcenters.de\/wp-content\/uploads\/2025\/08\/IEC_favicon-1.png","width":512,"height":512,"caption":"International Education Centers"},"image":{"@id":"https:\/\/internationaleducationcenters.de\/fr\/#\/schema\/logo\/image\/"},"sameAs":["https:\/\/www.facebook.com\/InternationalEducationCenters\/"]}]},"product_price_amount":"180.00","product_price_currency":"EUR","og_availability":"instock","product_availability":"instock","product_condition":"new"},"_links":{"self":[{"href":"https:\/\/internationaleducationcenters.de\/fr\/wp-json\/wp\/v2\/product\/18102","targetHints":{"allow":["GET"]}}],"collection":[{"href":"https:\/\/internationaleducationcenters.de\/fr\/wp-json\/wp\/v2\/product"}],"about":[{"href":"https:\/\/internationaleducationcenters.de\/fr\/wp-json\/wp\/v2\/types\/product"}],"replies":[{"embeddable":true,"href":"https:\/\/internationaleducationcenters.de\/fr\/wp-json\/wp\/v2\/comments?post=18102"}],"version-history":[{"count":3,"href":"https:\/\/internationaleducationcenters.de\/fr\/wp-json\/wp\/v2\/product\/18102\/revisions"}],"predecessor-version":[{"id":23059,"href":"https:\/\/internationaleducationcenters.de\/fr\/wp-json\/wp\/v2\/product\/18102\/revisions\/23059"}],"wp:featuredmedia":[{"embeddable":true,"href":"https:\/\/internationaleducationcenters.de\/fr\/wp-json\/wp\/v2\/media\/7452"}],"wp:attachment":[{"href":"https:\/\/internationaleducationcenters.de\/fr\/wp-json\/wp\/v2\/media?parent=18102"}],"wp:term":[{"taxonomy":"product_brand","embeddable":true,"href":"https:\/\/internationaleducationcenters.de\/fr\/wp-json\/wp\/v2\/product_brand?post=18102"},{"taxonomy":"product_cat","embeddable":true,"href":"https:\/\/internationaleducationcenters.de\/fr\/wp-json\/wp\/v2\/product_cat?post=18102"},{"taxonomy":"product_tag","embeddable":true,"href":"https:\/\/internationaleducationcenters.de\/fr\/wp-json\/wp\/v2\/product_tag?post=18102"}],"curies":[{"name":"wp","href":"https:\/\/api.w.org\/{rel}","templated":true}]}}