{"id":18122,"date":"2024-02-17T14:53:42","date_gmt":"2024-02-17T13:53:42","guid":{"rendered":"https:\/\/internationaleducationcenters.de\/kurs\/test-de-niveau-onset-g-a-s-t\/"},"modified":"2025-12-09T12:51:46","modified_gmt":"2025-12-09T11:51:46","slug":"test-de-niveau-onset-g-a-s-t","status":"publish","type":"product","link":"https:\/\/internationaleducationcenters.de\/fr\/kurs\/test-de-niveau-onset-g-a-s-t\/","title":{"rendered":"Test de niveau OnSeT (g.a.s.t.)"},"content":{"rendered":"<p>L&rsquo;onSET est un test d&rsquo;\u00e9valuation linguistique en ligne avanc\u00e9, sp\u00e9cialement con\u00e7u pour \u00e9valuer les comp\u00e9tences linguistiques globales en allemand ou en anglais. Ce test est utilis\u00e9 dans le monde entier par les universit\u00e9s et les instituts de langues pour placer efficacement les apprenants en langues, les \u00e9tudiants et les boursiers dans des cours de langues appropri\u00e9s ou pour mesurer les progr\u00e8s r\u00e9alis\u00e9s dans l&rsquo;apprentissage des langues. Le format du C-test sur lequel est bas\u00e9 l&rsquo;onSET se caract\u00e9rise par une \u00e9valuation rapide et pr\u00e9cise.<\/p>\n<h4>Processus d&rsquo;inscription<\/h4>\n<ol>\n<li><strong>Inscription :<\/strong> vous devez d&rsquo;abord vous inscrire sur le portail officiel onSET<a href=\"http:\/\/www.onset.de\/\" target=\"_new\" rel=\"noopener\">(www.onset.de)<\/a>.<\/li>\n<li><strong>S\u00e9lection des dates :<\/strong> Apr\u00e8s l&rsquo;inscription, vous pouvez consulter les dates d&rsquo;examen disponibles dans le portail des participants. S\u00e9lectionnez la date souhait\u00e9e et effectuez l&rsquo;inscription et le paiement.<\/li>\n<li><strong>R\u00e9ception du TAN :<\/strong> apr\u00e8s r\u00e9ception de votre paiement, vous recevrez un TAN personnel par e-mail, n\u00e9cessaire pour poursuivre la r\u00e9servation.<\/li>\n<li><strong>R\u00e9servation du test :<\/strong> avec le TAN re\u00e7u, vous vous connectez au portail des participants, s\u00e9lectionnez notre \u00e9cole comme centre de test, choisissez une date qui vous convient et r\u00e9servez le test.<\/li>\n<li><strong>Passage du test :<\/strong> Pr\u00e9sentez-vous au centre de test au moins 30 minutes avant l&rsquo;heure de l&rsquo;examen pour passer le test.<\/li>\n<\/ol>\n<h4>Apr\u00e8s l&rsquo;examen<\/h4>\n<p>Une fois le test termin\u00e9, les participants peuvent t\u00e9l\u00e9charger leur certificat directement sur le portail des participants. Ce certificat atteste des comp\u00e9tences linguistiques en fonction des r\u00e9sultats obtenus et peut \u00eatre utilis\u00e9 \u00e0 diverses fins acad\u00e9miques et professionnelles.<\/p>\n<h4>Avantages de l&rsquo;onSET<\/h4>\n<ul>\n<li><strong>Flexibilit\u00e9 :<\/strong> gr\u00e2ce \u00e0 sa disponibilit\u00e9 en ligne, l&rsquo;onSET offre une grande flexibilit\u00e9 dans le choix des dates.<\/li>\n<li><strong>Rapidit\u00e9 :<\/strong> la rapidit\u00e9 d&rsquo;ex\u00e9cution et d&rsquo;analyse du test permet de gagner du temps et de planifier imm\u00e9diatement la suite du soutien linguistique.<\/li>\n<li><strong>Pr\u00e9cision :<\/strong> le format C-test garantit une \u00e9valuation pr\u00e9cise des comp\u00e9tences linguistiques, ce qui permet un placement adapt\u00e9 dans les cours de langue.<\/li>\n<li><strong>Accessibilit\u00e9 :<\/strong> la possibilit\u00e9 de passer le test en allemand ou en anglais rend l&rsquo;onSET accessible \u00e0 un large \u00e9ventail de participants.<\/li>\n<\/ul>\n<p>L&rsquo;onSET est donc une solution id\u00e9ale pour tous ceux qui ont besoin d&rsquo;une \u00e9valuation rapide, fiable et pr\u00e9cise de leurs comp\u00e9tences linguistiques afin de poursuivre ou de commencer efficacement leur formation linguistique.<\/p>\n","protected":false},"excerpt":{"rendered":"<p>\u00c9valuez vos comp\u00e9tences linguistiques avec pr\u00e9cision et rapidit\u00e9 gr\u00e2ce \u00e0 l&rsquo;onSET, id\u00e9al \u00e0 des fins acad\u00e9miques et professionnelles. R\u00e9servez votre place d\u00e8s maintenant !<\/p>\n","protected":false},"featured_media":7688,"comment_status":"closed","ping_status":"closed","template":"","meta":{"_acf_changed":false},"product_brand":[],"product_cat":[550],"product_tag":[551,532],"class_list":{"0":"post-18122","1":"product","2":"type-product","3":"status-publish","4":"has-post-thumbnail","6":"product_cat-appels-dhotes","7":"product_tag-appels-dhotes","8":"product_tag-buyoption-internal-redirect-fr","10":"first","11":"instock","12":"purchasable","13":"product-type-simple"},"acf":[],"yoast_head":"<!-- This site is optimized with the Yoast SEO Premium plugin v25.9 (Yoast SEO v26.9) - https:\/\/yoast.com\/product\/yoast-seo-premium-wordpress\/ -->\n<title>Test de niveau OnSeT (g.a.s.t.) - International Education Centers<\/title>\n<meta name=\"description\" content=\"Am\u00e9liorez vos comp\u00e9tences linguistiques gr\u00e2ce au test de niveau onSET. R\u00e9servez d\u00e8s maintenant votre rendez-vous et commencez votre s\u00e9jour linguistique !\" \/>\n<meta name=\"robots\" content=\"index, follow, max-snippet:-1, max-image-preview:large, max-video-preview:-1\" \/>\n<link rel=\"canonical\" href=\"https:\/\/internationaleducationcenters.de\/fr\/kurs\/test-de-niveau-onset-g-a-s-t\/\" \/>\n<meta property=\"og:locale\" content=\"fr_FR\" \/>\n<meta property=\"og:type\" content=\"article\" \/>\n<meta property=\"og:title\" content=\"Test de niveau OnSeT (g.a.s.t.)\" \/>\n<meta property=\"og:description\" content=\"Am\u00e9liorez vos comp\u00e9tences linguistiques gr\u00e2ce au test de niveau onSET. R\u00e9servez d\u00e8s maintenant votre rendez-vous et commencez votre s\u00e9jour linguistique !\" \/>\n<meta property=\"og:url\" content=\"https:\/\/internationaleducationcenters.de\/fr\/kurs\/test-de-niveau-onset-g-a-s-t\/\" \/>\n<meta property=\"og:site_name\" content=\"International Education Centers\" \/>\n<meta property=\"article:publisher\" content=\"https:\/\/www.facebook.com\/InternationalEducationCenters\/\" \/>\n<meta property=\"article:modified_time\" content=\"2025-12-09T11:51:46+00:00\" \/>\n<meta property=\"og:image\" content=\"https:\/\/internationaleducationcenters.de\/wp-content\/uploads\/2024\/02\/onSet-2.jpg\" \/>\n\t<meta property=\"og:image:width\" content=\"474\" \/>\n\t<meta property=\"og:image:height\" content=\"474\" \/>\n\t<meta property=\"og:image:type\" content=\"image\/jpeg\" \/>\n<meta name=\"twitter:card\" content=\"summary_large_image\" \/>\n<meta name=\"twitter:label1\" content=\"Prix\" \/>\n\t<meta name=\"twitter:data1\" content=\"75,00&nbsp;&euro;\" \/>\n\t<meta name=\"twitter:label2\" content=\"Disponibilit\u00e9\" \/>\n\t<meta name=\"twitter:data2\" content=\"En stock\" \/>\n<script type=\"application\/ld+json\" class=\"yoast-schema-graph\">{\"@context\":\"https:\/\/schema.org\",\"@graph\":[{\"@type\":\"WebPage\",\"@id\":\"https:\/\/internationaleducationcenters.de\/fr\/kurs\/test-de-niveau-onset-g-a-s-t\/\",\"url\":\"https:\/\/internationaleducationcenters.de\/fr\/kurs\/test-de-niveau-onset-g-a-s-t\/\",\"name\":\"Test de niveau OnSeT (g.a.s.t.) - International Education Centers\",\"isPartOf\":{\"@id\":\"https:\/\/internationaleducationcenters.de\/fr\/#website\"},\"primaryImageOfPage\":{\"@id\":\"https:\/\/internationaleducationcenters.de\/fr\/kurs\/test-de-niveau-onset-g-a-s-t\/#primaryimage\"},\"image\":{\"@id\":\"https:\/\/internationaleducationcenters.de\/fr\/kurs\/test-de-niveau-onset-g-a-s-t\/#primaryimage\"},\"thumbnailUrl\":\"https:\/\/internationaleducationcenters.de\/wp-content\/uploads\/2024\/02\/onSet-2.jpg\",\"datePublished\":\"2024-02-17T13:53:42+00:00\",\"dateModified\":\"2025-12-09T11:51:46+00:00\",\"description\":\"Am\u00e9liorez vos comp\u00e9tences linguistiques gr\u00e2ce au test de niveau onSET. R\u00e9servez d\u00e8s maintenant votre rendez-vous et commencez votre s\u00e9jour linguistique !\",\"breadcrumb\":{\"@id\":\"https:\/\/internationaleducationcenters.de\/fr\/kurs\/test-de-niveau-onset-g-a-s-t\/#breadcrumb\"},\"inLanguage\":\"fr-FR\",\"potentialAction\":[{\"@type\":\"ReadAction\",\"target\":[\"https:\/\/internationaleducationcenters.de\/fr\/kurs\/test-de-niveau-onset-g-a-s-t\/\"]}]},{\"@type\":\"ImageObject\",\"inLanguage\":\"fr-FR\",\"@id\":\"https:\/\/internationaleducationcenters.de\/fr\/kurs\/test-de-niveau-onset-g-a-s-t\/#primaryimage\",\"url\":\"https:\/\/internationaleducationcenters.de\/wp-content\/uploads\/2024\/02\/onSet-2.jpg\",\"contentUrl\":\"https:\/\/internationaleducationcenters.de\/wp-content\/uploads\/2024\/02\/onSet-2.jpg\",\"width\":474,\"height\":474,\"caption\":\"\u0627\u062e\u062a\u0628\u0627\u0631 \u062a\u062d\u062f\u064a\u062f \u0627\u0644\u0645\u0633\u062a\u0648\u0649 \u0627\u0644\u0623\u0644\u0645\u0627\u0646\u064a OnSet\"},{\"@type\":\"BreadcrumbList\",\"@id\":\"https:\/\/internationaleducationcenters.de\/fr\/kurs\/test-de-niveau-onset-g-a-s-t\/#breadcrumb\",\"itemListElement\":[{\"@type\":\"ListItem\",\"position\":1,\"name\":\"Home\",\"item\":\"https:\/\/internationaleducationcenters.de\/fr\/\"},{\"@type\":\"ListItem\",\"position\":2,\"name\":\"Boutique\",\"item\":\"https:\/\/internationaleducationcenters.de\/fr\/boutique\/\"},{\"@type\":\"ListItem\",\"position\":3,\"name\":\"Test de niveau OnSeT (g.a.s.t.)\"}]},{\"@type\":\"WebSite\",\"@id\":\"https:\/\/internationaleducationcenters.de\/fr\/#website\",\"url\":\"https:\/\/internationaleducationcenters.de\/fr\/\",\"name\":\"International Education Centers\",\"description\":\"\",\"publisher\":{\"@id\":\"https:\/\/internationaleducationcenters.de\/fr\/#organization\"},\"potentialAction\":[{\"@type\":\"SearchAction\",\"target\":{\"@type\":\"EntryPoint\",\"urlTemplate\":\"https:\/\/internationaleducationcenters.de\/fr\/?s={search_term_string}\"},\"query-input\":{\"@type\":\"PropertyValueSpecification\",\"valueRequired\":true,\"valueName\":\"search_term_string\"}}],\"inLanguage\":\"fr-FR\"},{\"@type\":\"Organization\",\"@id\":\"https:\/\/internationaleducationcenters.de\/fr\/#organization\",\"name\":\"International Education Centers\",\"alternateName\":\"IEC\",\"url\":\"https:\/\/internationaleducationcenters.de\/fr\/\",\"logo\":{\"@type\":\"ImageObject\",\"inLanguage\":\"fr-FR\",\"@id\":\"https:\/\/internationaleducationcenters.de\/fr\/#\/schema\/logo\/image\/\",\"url\":\"https:\/\/internationaleducationcenters.de\/wp-content\/uploads\/2025\/08\/IEC_favicon-1.png\",\"contentUrl\":\"https:\/\/internationaleducationcenters.de\/wp-content\/uploads\/2025\/08\/IEC_favicon-1.png\",\"width\":512,\"height\":512,\"caption\":\"International Education Centers\"},\"image\":{\"@id\":\"https:\/\/internationaleducationcenters.de\/fr\/#\/schema\/logo\/image\/\"},\"sameAs\":[\"https:\/\/www.facebook.com\/InternationalEducationCenters\/\"]}]}<\/script>\n<meta property=\"product:price:amount\" content=\"75.00\" \/>\n<meta property=\"product:price:currency\" content=\"EUR\" \/>\n<meta property=\"og:availability\" content=\"instock\" \/>\n<meta property=\"product:availability\" content=\"instock\" \/>\n<meta property=\"product:condition\" content=\"new\" \/>\n<!-- \/ Yoast SEO Premium plugin. -->","yoast_head_json":{"title":"Test de niveau OnSeT (g.a.s.t.) - International Education Centers","description":"Am\u00e9liorez vos comp\u00e9tences linguistiques gr\u00e2ce au test de niveau onSET. R\u00e9servez d\u00e8s maintenant votre rendez-vous et commencez votre s\u00e9jour linguistique !","robots":{"index":"index","follow":"follow","max-snippet":"max-snippet:-1","max-image-preview":"max-image-preview:large","max-video-preview":"max-video-preview:-1"},"canonical":"https:\/\/internationaleducationcenters.de\/fr\/kurs\/test-de-niveau-onset-g-a-s-t\/","og_locale":"fr_FR","og_type":"article","og_title":"Test de niveau OnSeT (g.a.s.t.)","og_description":"Am\u00e9liorez vos comp\u00e9tences linguistiques gr\u00e2ce au test de niveau onSET. R\u00e9servez d\u00e8s maintenant votre rendez-vous et commencez votre s\u00e9jour linguistique !","og_url":"https:\/\/internationaleducationcenters.de\/fr\/kurs\/test-de-niveau-onset-g-a-s-t\/","og_site_name":"International Education Centers","article_publisher":"https:\/\/www.facebook.com\/InternationalEducationCenters\/","article_modified_time":"2025-12-09T11:51:46+00:00","og_image":[{"width":474,"height":474,"url":"https:\/\/internationaleducationcenters.de\/wp-content\/uploads\/2024\/02\/onSet-2.jpg","type":"image\/jpeg"}],"twitter_card":"summary_large_image","twitter_misc":{"Prix":"75,00&nbsp;&euro;","Disponibilit\u00e9":"En stock"},"schema":{"@context":"https:\/\/schema.org","@graph":[{"@type":"WebPage","@id":"https:\/\/internationaleducationcenters.de\/fr\/kurs\/test-de-niveau-onset-g-a-s-t\/","url":"https:\/\/internationaleducationcenters.de\/fr\/kurs\/test-de-niveau-onset-g-a-s-t\/","name":"Test de niveau OnSeT (g.a.s.t.) - International Education Centers","isPartOf":{"@id":"https:\/\/internationaleducationcenters.de\/fr\/#website"},"primaryImageOfPage":{"@id":"https:\/\/internationaleducationcenters.de\/fr\/kurs\/test-de-niveau-onset-g-a-s-t\/#primaryimage"},"image":{"@id":"https:\/\/internationaleducationcenters.de\/fr\/kurs\/test-de-niveau-onset-g-a-s-t\/#primaryimage"},"thumbnailUrl":"https:\/\/internationaleducationcenters.de\/wp-content\/uploads\/2024\/02\/onSet-2.jpg","datePublished":"2024-02-17T13:53:42+00:00","dateModified":"2025-12-09T11:51:46+00:00","description":"Am\u00e9liorez vos comp\u00e9tences linguistiques gr\u00e2ce au test de niveau onSET. R\u00e9servez d\u00e8s maintenant votre rendez-vous et commencez votre s\u00e9jour linguistique !","breadcrumb":{"@id":"https:\/\/internationaleducationcenters.de\/fr\/kurs\/test-de-niveau-onset-g-a-s-t\/#breadcrumb"},"inLanguage":"fr-FR","potentialAction":[{"@type":"ReadAction","target":["https:\/\/internationaleducationcenters.de\/fr\/kurs\/test-de-niveau-onset-g-a-s-t\/"]}]},{"@type":"ImageObject","inLanguage":"fr-FR","@id":"https:\/\/internationaleducationcenters.de\/fr\/kurs\/test-de-niveau-onset-g-a-s-t\/#primaryimage","url":"https:\/\/internationaleducationcenters.de\/wp-content\/uploads\/2024\/02\/onSet-2.jpg","contentUrl":"https:\/\/internationaleducationcenters.de\/wp-content\/uploads\/2024\/02\/onSet-2.jpg","width":474,"height":474,"caption":"\u0627\u062e\u062a\u0628\u0627\u0631 \u062a\u062d\u062f\u064a\u062f \u0627\u0644\u0645\u0633\u062a\u0648\u0649 \u0627\u0644\u0623\u0644\u0645\u0627\u0646\u064a OnSet"},{"@type":"BreadcrumbList","@id":"https:\/\/internationaleducationcenters.de\/fr\/kurs\/test-de-niveau-onset-g-a-s-t\/#breadcrumb","itemListElement":[{"@type":"ListItem","position":1,"name":"Home","item":"https:\/\/internationaleducationcenters.de\/fr\/"},{"@type":"ListItem","position":2,"name":"Boutique","item":"https:\/\/internationaleducationcenters.de\/fr\/boutique\/"},{"@type":"ListItem","position":3,"name":"Test de niveau OnSeT (g.a.s.t.)"}]},{"@type":"WebSite","@id":"https:\/\/internationaleducationcenters.de\/fr\/#website","url":"https:\/\/internationaleducationcenters.de\/fr\/","name":"International Education Centers","description":"","publisher":{"@id":"https:\/\/internationaleducationcenters.de\/fr\/#organization"},"potentialAction":[{"@type":"SearchAction","target":{"@type":"EntryPoint","urlTemplate":"https:\/\/internationaleducationcenters.de\/fr\/?s={search_term_string}"},"query-input":{"@type":"PropertyValueSpecification","valueRequired":true,"valueName":"search_term_string"}}],"inLanguage":"fr-FR"},{"@type":"Organization","@id":"https:\/\/internationaleducationcenters.de\/fr\/#organization","name":"International Education Centers","alternateName":"IEC","url":"https:\/\/internationaleducationcenters.de\/fr\/","logo":{"@type":"ImageObject","inLanguage":"fr-FR","@id":"https:\/\/internationaleducationcenters.de\/fr\/#\/schema\/logo\/image\/","url":"https:\/\/internationaleducationcenters.de\/wp-content\/uploads\/2025\/08\/IEC_favicon-1.png","contentUrl":"https:\/\/internationaleducationcenters.de\/wp-content\/uploads\/2025\/08\/IEC_favicon-1.png","width":512,"height":512,"caption":"International Education Centers"},"image":{"@id":"https:\/\/internationaleducationcenters.de\/fr\/#\/schema\/logo\/image\/"},"sameAs":["https:\/\/www.facebook.com\/InternationalEducationCenters\/"]}]},"product_price_amount":"75.00","product_price_currency":"EUR","og_availability":"instock","product_availability":"instock","product_condition":"new"},"_links":{"self":[{"href":"https:\/\/internationaleducationcenters.de\/fr\/wp-json\/wp\/v2\/product\/18122","targetHints":{"allow":["GET"]}}],"collection":[{"href":"https:\/\/internationaleducationcenters.de\/fr\/wp-json\/wp\/v2\/product"}],"about":[{"href":"https:\/\/internationaleducationcenters.de\/fr\/wp-json\/wp\/v2\/types\/product"}],"replies":[{"embeddable":true,"href":"https:\/\/internationaleducationcenters.de\/fr\/wp-json\/wp\/v2\/comments?post=18122"}],"version-history":[{"count":2,"href":"https:\/\/internationaleducationcenters.de\/fr\/wp-json\/wp\/v2\/product\/18122\/revisions"}],"predecessor-version":[{"id":23045,"href":"https:\/\/internationaleducationcenters.de\/fr\/wp-json\/wp\/v2\/product\/18122\/revisions\/23045"}],"wp:featuredmedia":[{"embeddable":true,"href":"https:\/\/internationaleducationcenters.de\/fr\/wp-json\/wp\/v2\/media\/7688"}],"wp:attachment":[{"href":"https:\/\/internationaleducationcenters.de\/fr\/wp-json\/wp\/v2\/media?parent=18122"}],"wp:term":[{"taxonomy":"product_brand","embeddable":true,"href":"https:\/\/internationaleducationcenters.de\/fr\/wp-json\/wp\/v2\/product_brand?post=18122"},{"taxonomy":"product_cat","embeddable":true,"href":"https:\/\/internationaleducationcenters.de\/fr\/wp-json\/wp\/v2\/product_cat?post=18122"},{"taxonomy":"product_tag","embeddable":true,"href":"https:\/\/internationaleducationcenters.de\/fr\/wp-json\/wp\/v2\/product_tag?post=18122"}],"curies":[{"name":"wp","href":"https:\/\/api.w.org\/{rel}","templated":true}]}}