{"id":18289,"date":"2024-02-08T13:00:11","date_gmt":"2024-02-08T12:00:11","guid":{"rendered":"https:\/\/internationaleducationcenters.de\/kurs\/telc-online-placement-test-top-test\/"},"modified":"2025-12-03T11:24:06","modified_gmt":"2025-12-03T10:24:06","slug":"telc-online-placement-test-top-test","status":"publish","type":"product","link":"https:\/\/internationaleducationcenters.de\/fr\/kurs\/telc-online-placement-test-top-test\/","title":{"rendered":"telc Online Placement Test (TOP Test)"},"content":{"rendered":"<h2>Telc Online Placement Test (TOP Test) &#8211; Tests d&rsquo;\u00e9valuation pour les entreprises<\/h2>\n<p>D\u00e9couvrez un moyen rapide et fiable d&rsquo;\u00e9valuer le niveau de langue de vos employ\u00e9s et de vos candidats gr\u00e2ce \u00e0 notre test telc Online Placement (TOP Test). Notre test personnalisable offre aux entreprises une base pr\u00e9cise pour la constitution optimale de groupes d&rsquo;apprentissage dans les cours de langue ou pour les \u00e9tudiants.<\/p>\n<p><strong>Qu&rsquo;offre le test telc Online Placement ?<\/strong><\/p>\n<ul>\n<li><strong>D\u00e9termination professionnelle du niveau<\/strong>: avec le TOP Test, nous proposons une solution professionnelle pour d\u00e9terminer rapidement et de mani\u00e8re fiable les comp\u00e9tences linguistiques des individus. Que ce soit pour pr\u00e9parer un cours de langue, dans le cadre du d\u00e9veloppement personnel ou dans le cadre du processus de recrutement, notre test vous fournit des r\u00e9sultats pertinents.<\/li>\n<li><strong>Flexibilit\u00e9 dans la r\u00e9alisation<\/strong>: le test peut \u00eatre r\u00e9alis\u00e9 individuellement, m\u00eame pour une seule personne. Une fois le test r\u00e9serv\u00e9 et pay\u00e9, nous vous contacterons imm\u00e9diatement pour convenir d&rsquo;une date appropri\u00e9e.<\/li>\n<li><strong>\u00c9valuation ind\u00e9pendante du lieu<\/strong>: le test se d\u00e9roule enti\u00e8rement en ligne, ce qui permet aux participants de passer le test o\u00f9 qu&rsquo;ils se trouvent. Seul le choix de la langue \u00e0 tester est \u00e0 la charge du participant.<\/li>\n<li><strong>Prise de rendez-vous orient\u00e9e vers l&rsquo;avenir<\/strong>: dans un avenir proche, nous pr\u00e9voyons d&rsquo;introduire un calendrier MS Booking afin de simplifier davantage le processus de r\u00e9servation. Les clients auront la possibilit\u00e9 de r\u00e9server directement un rendez-vous individuel, et nous proposerons des jours et des heures flexibles afin de r\u00e9pondre aux besoins de tous.<\/li>\n<\/ul>\n<p><strong>Pourquoi choisir le test telc Online Placement ?<br \/>\n<\/strong>Notre test est le choix id\u00e9al pour les entreprises qui attachent de l&rsquo;importance \u00e0 une \u00e9valuation linguistique fond\u00e9e et efficace. En d\u00e9terminant avec pr\u00e9cision le niveau de langue, le TOP Test permet de d\u00e9velopper de mani\u00e8re cibl\u00e9e les comp\u00e9tences linguistiques de vos collaborateurs et favorise un d\u00e9veloppement efficace du personnel. Utilisez notre test pour composer vos \u00e9quipes de mani\u00e8re optimale et maximiser le succ\u00e8s linguistique.<\/p>\n","protected":false},"excerpt":{"rendered":"<p>D\u00e9terminez rapidement et pr\u00e9cis\u00e9ment votre niveau de langue avec le test telc Online Placement. R\u00e9servez d\u00e8s maintenant !<\/p>\n","protected":false},"featured_media":7660,"comment_status":"closed","ping_status":"closed","template":"","meta":{"_acf_changed":false},"product_brand":[],"product_cat":[556],"product_tag":[532,558],"class_list":{"0":"post-18289","1":"product","2":"type-product","3":"status-publish","4":"has-post-thumbnail","6":"product_cat-telc-tests-de-langue","7":"product_tag-buyoption-internal-redirect-fr","8":"product_tag-telc_language_tests-fr","10":"first","11":"instock","12":"purchasable","13":"product-type-simple"},"acf":[],"yoast_head":"<!-- This site is optimized with the Yoast SEO Premium plugin v25.9 (Yoast SEO v26.9) - https:\/\/yoast.com\/product\/yoast-seo-premium-wordpress\/ -->\n<title>telc Online Placement Test (TOP Test) - International Education Centers<\/title>\n<meta name=\"description\" content=\"D\u00e9terminez le niveau de langue avec notre test telc Online Placement Test (TOP Test) personnalisable. Une base pr\u00e9cise pour un apprentissage optimal.\" \/>\n<meta name=\"robots\" content=\"index, follow, max-snippet:-1, max-image-preview:large, max-video-preview:-1\" \/>\n<link rel=\"canonical\" href=\"https:\/\/internationaleducationcenters.de\/fr\/kurs\/telc-online-placement-test-top-test\/\" \/>\n<meta property=\"og:locale\" content=\"fr_FR\" \/>\n<meta property=\"og:type\" content=\"article\" \/>\n<meta property=\"og:title\" content=\"telc Online Placement Test (TOP Test)\" \/>\n<meta property=\"og:description\" content=\"D\u00e9terminez le niveau de langue avec notre test telc Online Placement Test (TOP Test) personnalisable. Une base pr\u00e9cise pour un apprentissage optimal.\" \/>\n<meta property=\"og:url\" content=\"https:\/\/internationaleducationcenters.de\/fr\/kurs\/telc-online-placement-test-top-test\/\" \/>\n<meta property=\"og:site_name\" content=\"International Education Centers\" \/>\n<meta property=\"article:publisher\" content=\"https:\/\/www.facebook.com\/InternationalEducationCenters\/\" \/>\n<meta property=\"article:modified_time\" content=\"2025-12-03T10:24:06+00:00\" \/>\n<meta property=\"og:image\" content=\"https:\/\/internationaleducationcenters.de\/wp-content\/uploads\/2024\/02\/TOP-Test.jpg\" \/>\n\t<meta property=\"og:image:width\" content=\"300\" \/>\n\t<meta property=\"og:image:height\" content=\"208\" \/>\n\t<meta property=\"og:image:type\" content=\"image\/jpeg\" \/>\n<meta name=\"twitter:card\" content=\"summary_large_image\" \/>\n<meta name=\"twitter:label1\" content=\"Prix\" \/>\n\t<meta name=\"twitter:data1\" content=\"75,00&nbsp;&euro;\" \/>\n\t<meta name=\"twitter:label2\" content=\"Disponibilit\u00e9\" \/>\n\t<meta name=\"twitter:data2\" content=\"En stock\" \/>\n<script type=\"application\/ld+json\" class=\"yoast-schema-graph\">{\"@context\":\"https:\/\/schema.org\",\"@graph\":[{\"@type\":\"WebPage\",\"@id\":\"https:\/\/internationaleducationcenters.de\/fr\/kurs\/telc-online-placement-test-top-test\/\",\"url\":\"https:\/\/internationaleducationcenters.de\/fr\/kurs\/telc-online-placement-test-top-test\/\",\"name\":\"telc Online Placement Test (TOP Test) - International Education Centers\",\"isPartOf\":{\"@id\":\"https:\/\/internationaleducationcenters.de\/fr\/#website\"},\"primaryImageOfPage\":{\"@id\":\"https:\/\/internationaleducationcenters.de\/fr\/kurs\/telc-online-placement-test-top-test\/#primaryimage\"},\"image\":{\"@id\":\"https:\/\/internationaleducationcenters.de\/fr\/kurs\/telc-online-placement-test-top-test\/#primaryimage\"},\"thumbnailUrl\":\"https:\/\/internationaleducationcenters.de\/wp-content\/uploads\/2024\/02\/TOP-Test.jpg\",\"datePublished\":\"2024-02-08T12:00:11+00:00\",\"dateModified\":\"2025-12-03T10:24:06+00:00\",\"description\":\"D\u00e9terminez le niveau de langue avec notre test telc Online Placement Test (TOP Test) personnalisable. Une base pr\u00e9cise pour un apprentissage optimal.\",\"breadcrumb\":{\"@id\":\"https:\/\/internationaleducationcenters.de\/fr\/kurs\/telc-online-placement-test-top-test\/#breadcrumb\"},\"inLanguage\":\"fr-FR\",\"potentialAction\":[{\"@type\":\"ReadAction\",\"target\":[\"https:\/\/internationaleducationcenters.de\/fr\/kurs\/telc-online-placement-test-top-test\/\"]}]},{\"@type\":\"ImageObject\",\"inLanguage\":\"fr-FR\",\"@id\":\"https:\/\/internationaleducationcenters.de\/fr\/kurs\/telc-online-placement-test-top-test\/#primaryimage\",\"url\":\"https:\/\/internationaleducationcenters.de\/wp-content\/uploads\/2024\/02\/TOP-Test.jpg\",\"contentUrl\":\"https:\/\/internationaleducationcenters.de\/wp-content\/uploads\/2024\/02\/TOP-Test.jpg\",\"width\":300,\"height\":208,\"caption\":\"telc Online Placement Test (TOP Test)\"},{\"@type\":\"BreadcrumbList\",\"@id\":\"https:\/\/internationaleducationcenters.de\/fr\/kurs\/telc-online-placement-test-top-test\/#breadcrumb\",\"itemListElement\":[{\"@type\":\"ListItem\",\"position\":1,\"name\":\"Home\",\"item\":\"https:\/\/internationaleducationcenters.de\/fr\/\"},{\"@type\":\"ListItem\",\"position\":2,\"name\":\"Boutique\",\"item\":\"https:\/\/internationaleducationcenters.de\/fr\/boutique\/\"},{\"@type\":\"ListItem\",\"position\":3,\"name\":\"telc Online Placement Test (TOP Test)\"}]},{\"@type\":\"WebSite\",\"@id\":\"https:\/\/internationaleducationcenters.de\/fr\/#website\",\"url\":\"https:\/\/internationaleducationcenters.de\/fr\/\",\"name\":\"International Education Centers\",\"description\":\"\",\"publisher\":{\"@id\":\"https:\/\/internationaleducationcenters.de\/fr\/#organization\"},\"potentialAction\":[{\"@type\":\"SearchAction\",\"target\":{\"@type\":\"EntryPoint\",\"urlTemplate\":\"https:\/\/internationaleducationcenters.de\/fr\/?s={search_term_string}\"},\"query-input\":{\"@type\":\"PropertyValueSpecification\",\"valueRequired\":true,\"valueName\":\"search_term_string\"}}],\"inLanguage\":\"fr-FR\"},{\"@type\":\"Organization\",\"@id\":\"https:\/\/internationaleducationcenters.de\/fr\/#organization\",\"name\":\"International Education Centers\",\"alternateName\":\"IEC\",\"url\":\"https:\/\/internationaleducationcenters.de\/fr\/\",\"logo\":{\"@type\":\"ImageObject\",\"inLanguage\":\"fr-FR\",\"@id\":\"https:\/\/internationaleducationcenters.de\/fr\/#\/schema\/logo\/image\/\",\"url\":\"https:\/\/internationaleducationcenters.de\/wp-content\/uploads\/2025\/08\/IEC_favicon-1.png\",\"contentUrl\":\"https:\/\/internationaleducationcenters.de\/wp-content\/uploads\/2025\/08\/IEC_favicon-1.png\",\"width\":512,\"height\":512,\"caption\":\"International Education Centers\"},\"image\":{\"@id\":\"https:\/\/internationaleducationcenters.de\/fr\/#\/schema\/logo\/image\/\"},\"sameAs\":[\"https:\/\/www.facebook.com\/InternationalEducationCenters\/\"]}]}<\/script>\n<meta property=\"product:price:amount\" content=\"75.00\" \/>\n<meta property=\"product:price:currency\" content=\"EUR\" \/>\n<meta property=\"og:availability\" content=\"instock\" \/>\n<meta property=\"product:availability\" content=\"instock\" \/>\n<meta property=\"product:condition\" content=\"new\" \/>\n<!-- \/ Yoast SEO Premium plugin. -->","yoast_head_json":{"title":"telc Online Placement Test (TOP Test) - International Education Centers","description":"D\u00e9terminez le niveau de langue avec notre test telc Online Placement Test (TOP Test) personnalisable. Une base pr\u00e9cise pour un apprentissage optimal.","robots":{"index":"index","follow":"follow","max-snippet":"max-snippet:-1","max-image-preview":"max-image-preview:large","max-video-preview":"max-video-preview:-1"},"canonical":"https:\/\/internationaleducationcenters.de\/fr\/kurs\/telc-online-placement-test-top-test\/","og_locale":"fr_FR","og_type":"article","og_title":"telc Online Placement Test (TOP Test)","og_description":"D\u00e9terminez le niveau de langue avec notre test telc Online Placement Test (TOP Test) personnalisable. Une base pr\u00e9cise pour un apprentissage optimal.","og_url":"https:\/\/internationaleducationcenters.de\/fr\/kurs\/telc-online-placement-test-top-test\/","og_site_name":"International Education Centers","article_publisher":"https:\/\/www.facebook.com\/InternationalEducationCenters\/","article_modified_time":"2025-12-03T10:24:06+00:00","og_image":[{"width":300,"height":208,"url":"https:\/\/internationaleducationcenters.de\/wp-content\/uploads\/2024\/02\/TOP-Test.jpg","type":"image\/jpeg"}],"twitter_card":"summary_large_image","twitter_misc":{"Prix":"75,00&nbsp;&euro;","Disponibilit\u00e9":"En stock"},"schema":{"@context":"https:\/\/schema.org","@graph":[{"@type":"WebPage","@id":"https:\/\/internationaleducationcenters.de\/fr\/kurs\/telc-online-placement-test-top-test\/","url":"https:\/\/internationaleducationcenters.de\/fr\/kurs\/telc-online-placement-test-top-test\/","name":"telc Online Placement Test (TOP Test) - International Education Centers","isPartOf":{"@id":"https:\/\/internationaleducationcenters.de\/fr\/#website"},"primaryImageOfPage":{"@id":"https:\/\/internationaleducationcenters.de\/fr\/kurs\/telc-online-placement-test-top-test\/#primaryimage"},"image":{"@id":"https:\/\/internationaleducationcenters.de\/fr\/kurs\/telc-online-placement-test-top-test\/#primaryimage"},"thumbnailUrl":"https:\/\/internationaleducationcenters.de\/wp-content\/uploads\/2024\/02\/TOP-Test.jpg","datePublished":"2024-02-08T12:00:11+00:00","dateModified":"2025-12-03T10:24:06+00:00","description":"D\u00e9terminez le niveau de langue avec notre test telc Online Placement Test (TOP Test) personnalisable. Une base pr\u00e9cise pour un apprentissage optimal.","breadcrumb":{"@id":"https:\/\/internationaleducationcenters.de\/fr\/kurs\/telc-online-placement-test-top-test\/#breadcrumb"},"inLanguage":"fr-FR","potentialAction":[{"@type":"ReadAction","target":["https:\/\/internationaleducationcenters.de\/fr\/kurs\/telc-online-placement-test-top-test\/"]}]},{"@type":"ImageObject","inLanguage":"fr-FR","@id":"https:\/\/internationaleducationcenters.de\/fr\/kurs\/telc-online-placement-test-top-test\/#primaryimage","url":"https:\/\/internationaleducationcenters.de\/wp-content\/uploads\/2024\/02\/TOP-Test.jpg","contentUrl":"https:\/\/internationaleducationcenters.de\/wp-content\/uploads\/2024\/02\/TOP-Test.jpg","width":300,"height":208,"caption":"telc Online Placement Test (TOP Test)"},{"@type":"BreadcrumbList","@id":"https:\/\/internationaleducationcenters.de\/fr\/kurs\/telc-online-placement-test-top-test\/#breadcrumb","itemListElement":[{"@type":"ListItem","position":1,"name":"Home","item":"https:\/\/internationaleducationcenters.de\/fr\/"},{"@type":"ListItem","position":2,"name":"Boutique","item":"https:\/\/internationaleducationcenters.de\/fr\/boutique\/"},{"@type":"ListItem","position":3,"name":"telc Online Placement Test (TOP Test)"}]},{"@type":"WebSite","@id":"https:\/\/internationaleducationcenters.de\/fr\/#website","url":"https:\/\/internationaleducationcenters.de\/fr\/","name":"International Education Centers","description":"","publisher":{"@id":"https:\/\/internationaleducationcenters.de\/fr\/#organization"},"potentialAction":[{"@type":"SearchAction","target":{"@type":"EntryPoint","urlTemplate":"https:\/\/internationaleducationcenters.de\/fr\/?s={search_term_string}"},"query-input":{"@type":"PropertyValueSpecification","valueRequired":true,"valueName":"search_term_string"}}],"inLanguage":"fr-FR"},{"@type":"Organization","@id":"https:\/\/internationaleducationcenters.de\/fr\/#organization","name":"International Education Centers","alternateName":"IEC","url":"https:\/\/internationaleducationcenters.de\/fr\/","logo":{"@type":"ImageObject","inLanguage":"fr-FR","@id":"https:\/\/internationaleducationcenters.de\/fr\/#\/schema\/logo\/image\/","url":"https:\/\/internationaleducationcenters.de\/wp-content\/uploads\/2025\/08\/IEC_favicon-1.png","contentUrl":"https:\/\/internationaleducationcenters.de\/wp-content\/uploads\/2025\/08\/IEC_favicon-1.png","width":512,"height":512,"caption":"International Education Centers"},"image":{"@id":"https:\/\/internationaleducationcenters.de\/fr\/#\/schema\/logo\/image\/"},"sameAs":["https:\/\/www.facebook.com\/InternationalEducationCenters\/"]}]},"product_price_amount":"75.00","product_price_currency":"EUR","og_availability":"instock","product_availability":"instock","product_condition":"new"},"_links":{"self":[{"href":"https:\/\/internationaleducationcenters.de\/fr\/wp-json\/wp\/v2\/product\/18289","targetHints":{"allow":["GET"]}}],"collection":[{"href":"https:\/\/internationaleducationcenters.de\/fr\/wp-json\/wp\/v2\/product"}],"about":[{"href":"https:\/\/internationaleducationcenters.de\/fr\/wp-json\/wp\/v2\/types\/product"}],"replies":[{"embeddable":true,"href":"https:\/\/internationaleducationcenters.de\/fr\/wp-json\/wp\/v2\/comments?post=18289"}],"version-history":[{"count":2,"href":"https:\/\/internationaleducationcenters.de\/fr\/wp-json\/wp\/v2\/product\/18289\/revisions"}],"predecessor-version":[{"id":21951,"href":"https:\/\/internationaleducationcenters.de\/fr\/wp-json\/wp\/v2\/product\/18289\/revisions\/21951"}],"wp:featuredmedia":[{"embeddable":true,"href":"https:\/\/internationaleducationcenters.de\/fr\/wp-json\/wp\/v2\/media\/7660"}],"wp:attachment":[{"href":"https:\/\/internationaleducationcenters.de\/fr\/wp-json\/wp\/v2\/media?parent=18289"}],"wp:term":[{"taxonomy":"product_brand","embeddable":true,"href":"https:\/\/internationaleducationcenters.de\/fr\/wp-json\/wp\/v2\/product_brand?post=18289"},{"taxonomy":"product_cat","embeddable":true,"href":"https:\/\/internationaleducationcenters.de\/fr\/wp-json\/wp\/v2\/product_cat?post=18289"},{"taxonomy":"product_tag","embeddable":true,"href":"https:\/\/internationaleducationcenters.de\/fr\/wp-json\/wp\/v2\/product_tag?post=18289"}],"curies":[{"name":"wp","href":"https:\/\/api.w.org\/{rel}","templated":true}]}}