{"id":18671,"date":"2025-10-09T14:24:31","date_gmt":"2025-10-09T12:24:31","guid":{"rendered":"https:\/\/internationaleducationcenters.de\/voucher-secondo-il-%c2%a716k-sgb\/"},"modified":"2025-11-03T13:24:11","modified_gmt":"2025-11-03T12:24:11","slug":"voucher-secondo-il-%c2%a716k-sgb","status":"publish","type":"page","link":"https:\/\/internationaleducationcenters.de\/it\/voucher-secondo-il-%c2%a716k-sgb\/","title":{"rendered":"Voucher secondo il \u00a716k SGB"},"content":{"rendered":"\t\t<div data-elementor-type=\"wp-page\" data-elementor-id=\"18671\" class=\"elementor elementor-18671 elementor-15500\" data-elementor-post-type=\"page\">\n\t\t\t\t<div class=\"elementor-element elementor-element-021e92d e-flex e-con-boxed e-con e-parent\" data-id=\"021e92d\" data-element_type=\"container\" data-e-type=\"container\" data-settings=\"{&quot;background_background&quot;:&quot;classic&quot;}\">\n\t\t\t\t\t<div class=\"e-con-inner\">\n\t\t\t\t\t<\/div>\n\t\t\t\t<\/div>\n\t\t<div class=\"elementor-element elementor-element-88cf667 e-flex e-con-boxed e-con e-parent\" data-id=\"88cf667\" data-element_type=\"container\" data-e-type=\"container\">\n\t\t\t\t\t<div class=\"e-con-inner\">\n\t\t\t\t<div class=\"elementor-element elementor-element-dfd7687 elementor-widget elementor-widget-heading\" data-id=\"dfd7687\" data-element_type=\"widget\" data-e-type=\"widget\" data-widget_type=\"heading.default\">\n\t\t\t\t<div class=\"elementor-widget-container\">\n\t\t\t\t\t<h2 class=\"elementor-heading-title elementor-size-default\">Voucher secondo il \u00a716k SGB II <br> Nuove prospettive per il tuo percorso professionale  <\/h2>\t\t\t\t<\/div>\n\t\t\t\t<\/div>\n\t\t\t\t<div class=\"elementor-element elementor-element-61ed8ba elementor-widget elementor-widget-heading\" data-id=\"61ed8ba\" data-element_type=\"widget\" data-e-type=\"widget\" data-widget_type=\"heading.default\">\n\t\t\t\t<div class=\"elementor-widget-container\">\n\t\t\t\t\t<p class=\"elementor-heading-title elementor-size-default\">Coaching e qualifiche gratuite per chi non ha una qualifica professionale o \u00e8 a basso reddito  <\/p>\t\t\t\t<\/div>\n\t\t\t\t<\/div>\n\t\t\t\t<div class=\"elementor-element elementor-element-fc02a1c elementor-widget elementor-widget-text-editor\" data-id=\"fc02a1c\" data-element_type=\"widget\" data-e-type=\"widget\" data-widget_type=\"text-editor.default\">\n\t\t\t\t<div class=\"elementor-widget-container\">\n\t\t\t\t\t\t\t\t\t<p><span data-contrast=\"auto\">Non hai una qualifica professionale o il tuo reddito \u00e8 appena sufficiente per vivere? Allora puoi iniziare con il   <\/span><b><span data-contrast=\"auto\">Voucher \u00a716k<\/span><\/b><span data-contrast=\"auto\"> del centro per l&#8217;impiego &#8211; attraverso misure di coaching individuale, orientamento professionale e qualificazione.<\/span><span data-ccp-props=\"{}\"> <\/span><\/p><p><span data-contrast=\"auto\">Questo sostegno \u00e8 rivolto a persone che in passato hanno avuto poche opportunit\u00e0 nel mercato del lavoro e che ora vogliono cambiare attivamente qualcosa. Con IEC, non solo riceverai il programma, ma anche un supporto personale lungo tutto il percorso. <\/span><span data-ccp-props=\"{}\"> <\/span><\/p>\t\t\t\t\t\t\t\t<\/div>\n\t\t\t\t<\/div>\n\t\t\t\t\t<\/div>\n\t\t\t\t<\/div>\n\t\t<div class=\"elementor-element elementor-element-6293ff2 e-flex e-con-boxed e-con e-parent\" data-id=\"6293ff2\" data-element_type=\"container\" data-e-type=\"container\">\n\t\t\t\t\t<div class=\"e-con-inner\">\n\t\t\t\t<div class=\"elementor-element elementor-element-5adc6d9 elementor-widget elementor-widget-heading\" data-id=\"5adc6d9\" data-element_type=\"widget\" data-e-type=\"widget\" data-widget_type=\"heading.default\">\n\t\t\t\t<div class=\"elementor-widget-container\">\n\t\t\t\t\t<h4 class=\"elementor-heading-title elementor-size-default\">Perch\u00e9 IEC? Perch\u00e9 offriamo di pi\u00f9. <\/h4>\t\t\t\t<\/div>\n\t\t\t\t<\/div>\n\t\t\t\t<div class=\"elementor-element elementor-element-46cc261 elementor-icon-list--layout-traditional elementor-list-item-link-full_width elementor-widget elementor-widget-icon-list\" data-id=\"46cc261\" data-element_type=\"widget\" data-e-type=\"widget\" data-widget_type=\"icon-list.default\">\n\t\t\t\t<div class=\"elementor-widget-container\">\n\t\t\t\t\t\t\t<ul class=\"elementor-icon-list-items\">\n\t\t\t\t\t\t\t<li class=\"elementor-icon-list-item\">\n\t\t\t\t\t\t\t\t\t\t\t<span class=\"elementor-icon-list-icon\">\n\t\t\t\t\t\t\t<svg aria-hidden=\"true\" class=\"e-font-icon-svg e-fas-check\" viewBox=\"0 0 512 512\" xmlns=\"http:\/\/www.w3.org\/2000\/svg\"><path d=\"M173.898 439.404l-166.4-166.4c-9.997-9.997-9.997-26.206 0-36.204l36.203-36.204c9.997-9.998 26.207-9.998 36.204 0L192 312.69 432.095 72.596c9.997-9.997 26.207-9.997 36.204 0l36.203 36.204c9.997 9.997 9.997 26.206 0 36.204l-294.4 294.401c-9.998 9.997-26.207 9.997-36.204-.001z\"><\/path><\/svg>\t\t\t\t\t\t<\/span>\n\t\t\t\t\t\t\t\t\t\t<span class=\"elementor-icon-list-text\">Misure certificate ai sensi del \u00a716k SGB II<\/span>\n\t\t\t\t\t\t\t\t\t<\/li>\n\t\t\t\t\t\t\t\t<li class=\"elementor-icon-list-item\">\n\t\t\t\t\t\t\t\t\t\t\t<span class=\"elementor-icon-list-icon\">\n\t\t\t\t\t\t\t<svg aria-hidden=\"true\" class=\"e-font-icon-svg e-fas-check\" viewBox=\"0 0 512 512\" xmlns=\"http:\/\/www.w3.org\/2000\/svg\"><path d=\"M173.898 439.404l-166.4-166.4c-9.997-9.997-9.997-26.206 0-36.204l36.203-36.204c9.997-9.998 26.207-9.998 36.204 0L192 312.69 432.095 72.596c9.997-9.997 26.207-9.997 36.204 0l36.203 36.204c9.997 9.997 9.997 26.206 0 36.204l-294.4 294.401c-9.998 9.997-26.207 9.997-36.204-.001z\"><\/path><\/svg>\t\t\t\t\t\t<\/span>\n\t\t\t\t\t\t\t\t\t\t<span class=\"elementor-icon-list-text\">Consulenza e supporto individuale<\/span>\n\t\t\t\t\t\t\t\t\t<\/li>\n\t\t\t\t\t\t\t\t<li class=\"elementor-icon-list-item\">\n\t\t\t\t\t\t\t\t\t\t\t<span class=\"elementor-icon-list-icon\">\n\t\t\t\t\t\t\t<svg aria-hidden=\"true\" class=\"e-font-icon-svg e-fas-check\" viewBox=\"0 0 512 512\" xmlns=\"http:\/\/www.w3.org\/2000\/svg\"><path d=\"M173.898 439.404l-166.4-166.4c-9.997-9.997-9.997-26.206 0-36.204l36.203-36.204c9.997-9.998 26.207-9.998 36.204 0L192 312.69 432.095 72.596c9.997-9.997 26.207-9.997 36.204 0l36.203 36.204c9.997 9.997 9.997 26.206 0 36.204l-294.4 294.401c-9.998 9.997-26.207 9.997-36.204-.001z\"><\/path><\/svg>\t\t\t\t\t\t<\/span>\n\t\t\t\t\t\t\t\t\t\t<span class=\"elementor-icon-list-text\">  Supporto multilingue - anche per le persone con un background migratorio<\/span>\n\t\t\t\t\t\t\t\t\t<\/li>\n\t\t\t\t\t\t\t\t<li class=\"elementor-icon-list-item\">\n\t\t\t\t\t\t\t\t\t\t\t<span class=\"elementor-icon-list-icon\">\n\t\t\t\t\t\t\t<svg aria-hidden=\"true\" class=\"e-font-icon-svg e-fas-check\" viewBox=\"0 0 512 512\" xmlns=\"http:\/\/www.w3.org\/2000\/svg\"><path d=\"M173.898 439.404l-166.4-166.4c-9.997-9.997-9.997-26.206 0-36.204l36.203-36.204c9.997-9.998 26.207-9.998 36.204 0L192 312.69 432.095 72.596c9.997-9.997 26.207-9.997 36.204 0l36.203 36.204c9.997 9.997 9.997 26.206 0 36.204l-294.4 294.401c-9.998 9.997-26.207 9.997-36.204-.001z\"><\/path><\/svg>\t\t\t\t\t\t<\/span>\n\t\t\t\t\t\t\t\t\t\t<span class=\"elementor-icon-list-text\">Possibilit\u00e0 di effettuare lezioni online e in loco<\/span>\n\t\t\t\t\t\t\t\t\t<\/li>\n\t\t\t\t\t\t\t\t<li class=\"elementor-icon-list-item\">\n\t\t\t\t\t\t\t\t\t\t\t<span class=\"elementor-icon-list-icon\">\n\t\t\t\t\t\t\t<svg aria-hidden=\"true\" class=\"e-font-icon-svg e-fas-check\" viewBox=\"0 0 512 512\" xmlns=\"http:\/\/www.w3.org\/2000\/svg\"><path d=\"M173.898 439.404l-166.4-166.4c-9.997-9.997-9.997-26.206 0-36.204l36.203-36.204c9.997-9.998 26.207-9.998 36.204 0L192 312.69 432.095 72.596c9.997-9.997 26.207-9.997 36.204 0l36.203 36.204c9.997 9.997 9.997 26.206 0 36.204l-294.4 294.401c-9.998 9.997-26.207 9.997-36.204-.001z\"><\/path><\/svg>\t\t\t\t\t\t<\/span>\n\t\t\t\t\t\t\t\t\t\t<span class=\"elementor-icon-list-text\">  Un team motivato che ti comprende e ti responsabilizza<\/span>\n\t\t\t\t\t\t\t\t\t<\/li>\n\t\t\t\t\t\t<\/ul>\n\t\t\t\t\t\t<\/div>\n\t\t\t\t<\/div>\n\t\t\t\t\t<\/div>\n\t\t\t\t<\/div>\n\t\t<div class=\"elementor-element elementor-element-a00140b e-flex e-con-boxed e-con e-parent\" data-id=\"a00140b\" data-element_type=\"container\" data-e-type=\"container\">\n\t\t\t\t\t<div class=\"e-con-inner\">\n\t\t\t\t<div class=\"elementor-element elementor-element-fddbc00 elementor-widget elementor-widget-heading\" data-id=\"fddbc00\" data-element_type=\"widget\" data-e-type=\"widget\" data-widget_type=\"heading.default\">\n\t\t\t\t<div class=\"elementor-widget-container\">\n\t\t\t\t\t<h4 class=\"elementor-heading-title elementor-size-default\">  Cos'\u00e8 il voucher \u00a716k?<\/h4>\t\t\t\t<\/div>\n\t\t\t\t<\/div>\n\t\t\t\t<div class=\"elementor-element elementor-element-6e7f169 elementor-widget elementor-widget-text-editor\" data-id=\"6e7f169\" data-element_type=\"widget\" data-e-type=\"widget\" data-widget_type=\"text-editor.default\">\n\t\t\t\t<div class=\"elementor-widget-container\">\n\t\t\t\t\t\t\t\t\t<p><span data-contrast=\"auto\">Il voucher secondo <\/span><b><span data-contrast=\"auto\">\u00a716k SGB II<\/span><\/b><span data-contrast=\"auto\"> \u00e8 una misura di sostegno del centro per l&#8217;impiego per le persone:<\/span><span data-ccp-props=\"{}\"> <\/span><\/p><ul><li aria-setsize=\"-1\" data-leveltext=\"\uf0b7\" data-font=\"Symbol\" data-listid=\"2\" data-list-defn-props=\"{\"335552541\":1,\"335559685\":720,\"335559991\":360,\"469769226\":\"Symbol\",\"469769242\":[8226],\"469777803\":\"left\",\"469777804\":\"\uf0b7\",\"469777815\":\"multilevel\"}\" data-aria-posinset=\"1\" data-aria-level=\"1\"><span data-contrast=\"auto\">senza aver completato la formazione professionale<\/span><span data-ccp-props=\"{}\"> <\/span><\/li><\/ul><ul><li aria-setsize=\"-1\" data-leveltext=\"\uf0b7\" data-font=\"Symbol\" data-listid=\"2\" data-list-defn-props=\"{\"335552541\":1,\"335559685\":720,\"335559991\":360,\"469769226\":\"Symbol\",\"469769242\":[8226],\"469777803\":\"left\",\"469777804\":\"\uf0b7\",\"469777815\":\"multilevel\"}\" data-aria-posinset=\"2\" data-aria-level=\"1\"><span data-contrast=\"auto\">con un reddito basso<\/span><span data-ccp-props=\"{}\"> <\/span><\/li><\/ul><ul><li aria-setsize=\"-1\" data-leveltext=\"\uf0b7\" data-font=\"Symbol\" data-listid=\"2\" data-list-defn-props=\"{\"335552541\":1,\"335559685\":720,\"335559991\":360,\"469769226\":\"Symbol\",\"469769242\":[8226],\"469777803\":\"left\",\"469777804\":\"\uf0b7\",\"469777815\":\"multilevel\"}\" data-aria-posinset=\"3\" data-aria-level=\"1\"><span data-contrast=\"auto\">con difficolt\u00e0 di accesso al mercato del lavoro<\/span><span data-ccp-props=\"{}\"> <\/span><\/li><\/ul><p><span data-contrast=\"auto\">L&#8217;obiettivo \u00e8 quello di creare nuove prospettive di carriera attraverso il coaching e la formazione &#8211; personalizzata, pratica e gratuita.<\/span><span data-ccp-props=\"{}\"> <\/span><\/p>\t\t\t\t\t\t\t\t<\/div>\n\t\t\t\t<\/div>\n\t\t\t\t<div class=\"elementor-element elementor-element-c8efb7d elementor-widget elementor-widget-text-editor\" data-id=\"c8efb7d\" data-element_type=\"widget\" data-e-type=\"widget\" data-widget_type=\"text-editor.default\">\n\t\t\t\t<div class=\"elementor-widget-container\">\n\t\t\t\t\t\t\t\t\t<p><b><span data-contrast=\"auto\">Come funziona &#8211; passo dopo passo<\/span><\/b><span data-ccp-props=\"{}\"> <\/span><\/p><p> <\/p><p><b><span data-contrast=\"auto\">  1. consulenza presso il centro per l&#8217;impiego<\/span><\/b><span data-ccp-props=\"{}\"> <\/span><\/p><p><span data-contrast=\"auto\">Fissa un appuntamento presso il centro per l&#8217;impiego e parla della tua situazione professionale. L&#8217;ufficio verificher\u00e0 se sei idoneo a ricevere un finanziamento. <\/span><span data-ccp-props=\"{}\"> <\/span><\/p><p><span data-ccp-props=\"{}\"> <\/span><\/p><p><b><span data-contrast=\"auto\">  2\u00b0 buono ricevuto<\/span><\/b><span data-ccp-props=\"{}\"> <\/span><\/p><p><span data-contrast=\"auto\">Se soddisfi i requisiti, riceverai il voucher in conformit\u00e0 al \u00a716k SGB II &#8211; per iscritto o in formato digitale.<\/span><span data-ccp-props=\"{}\"> <\/span><\/p><p><span data-ccp-props=\"{}\"> <\/span><\/p><p><b><span data-contrast=\"auto\">  3. avviare l&#8217;azione<\/span><\/b><span data-ccp-props=\"{}\"> <\/span><\/p><p><span data-contrast=\"auto\">Puoi utilizzare il voucher per iniziare un programma di coaching o di qualificazione presso IEC, in modo completamente gratuito per te.<\/span><span data-ccp-props=\"{}\"> <\/span><\/p><p><span data-ccp-props=\"{}\"> <\/span><\/p><p><b><span data-contrast=\"auto\">  Le misure pi\u00f9 richieste all&#8217;IEC<\/span><\/b><span data-ccp-props=\"{}\"> <\/span><\/p><ul><li aria-setsize=\"-1\" data-leveltext=\"\uf0b7\" data-font=\"Symbol\" data-listid=\"3\" data-list-defn-props=\"{\"335552541\":1,\"335559685\":720,\"335559991\":360,\"469769226\":\"Symbol\",\"469769242\":[8226],\"469777803\":\"left\",\"469777804\":\"\uf0b7\",\"469777815\":\"multilevel\"}\" data-aria-posinset=\"1\" data-aria-level=\"1\"><span data-contrast=\"auto\">Coaching professionale<\/span><span data-ccp-props=\"{}\"> <\/span><\/li><\/ul><ul><li aria-setsize=\"-1\" data-leveltext=\"\uf0b7\" data-font=\"Symbol\" data-listid=\"3\" data-list-defn-props=\"{\"335552541\":1,\"335559685\":720,\"335559991\":360,\"469769226\":\"Symbol\",\"469769242\":[8226],\"469777803\":\"left\",\"469777804\":\"\uf0b7\",\"469777815\":\"multilevel\"}\" data-aria-posinset=\"2\" data-aria-level=\"1\"><span data-contrast=\"auto\">Formazione sulle domande di lavoro<\/span><span data-ccp-props=\"{}\"> <\/span><\/li><\/ul><ul><li aria-setsize=\"-1\" data-leveltext=\"\uf0b7\" data-font=\"Symbol\" data-listid=\"3\" data-list-defn-props=\"{\"335552541\":1,\"335559685\":720,\"335559991\":360,\"469769226\":\"Symbol\",\"469769242\":[8226],\"469777803\":\"left\",\"469777804\":\"\uf0b7\",\"469777815\":\"multilevel\"}\" data-aria-posinset=\"3\" data-aria-level=\"1\"><span data-contrast=\"auto\">Supporto linguistico<\/span><span data-ccp-props=\"{}\"> <\/span><\/li><\/ul><ul><li aria-setsize=\"-1\" data-leveltext=\"\uf0b7\" data-font=\"Symbol\" data-listid=\"3\" data-list-defn-props=\"{\"335552541\":1,\"335559685\":720,\"335559991\":360,\"469769226\":\"Symbol\",\"469769242\":[8226],\"469777803\":\"left\",\"469777804\":\"\uf0b7\",\"469777815\":\"multilevel\"}\" data-aria-posinset=\"4\" data-aria-level=\"1\"><span data-contrast=\"auto\">Competenze digitali di base<\/span> <br><span data-contrast=\"auto\">\ud83d\udc49<\/span><span data-contrast=\"auto\"> Visualizza tutte le misure \u00a716k<\/span><\/li><\/ul>\t\t\t\t\t\t\t\t<\/div>\n\t\t\t\t<\/div>\n\t\t\t\t\t<\/div>\n\t\t\t\t<\/div>\n\t\t<div class=\"elementor-element elementor-element-baac2f9 e-flex e-con-boxed e-con e-parent\" data-id=\"baac2f9\" data-element_type=\"container\" data-e-type=\"container\" data-settings=\"{&quot;background_background&quot;:&quot;gradient&quot;}\">\n\t\t\t\t\t<div class=\"e-con-inner\">\n\t\t\t\t<div class=\"elementor-element elementor-element-7c161e4 elementor-widget elementor-widget-heading\" data-id=\"7c161e4\" data-element_type=\"widget\" data-e-type=\"widget\" data-widget_type=\"heading.default\">\n\t\t\t\t<div class=\"elementor-widget-container\">\n\t\t\t\t\t<h3 class=\"elementor-heading-title elementor-size-default\">Richiedi subito una consulenza gratuita e senza impegno<\/h3>\t\t\t\t<\/div>\n\t\t\t\t<\/div>\n\t\t\t\t<div class=\"elementor-element elementor-element-5b566d9 elementor-widget elementor-widget-text-editor\" data-id=\"5b566d9\" data-element_type=\"widget\" data-e-type=\"widget\" data-widget_type=\"text-editor.default\">\n\t\t\t\t<div class=\"elementor-widget-container\">\n\t\t\t\t\t\t\t\t\t<p><span class=\"TextRun SCXW27119083 BCX8\" lang=\"DE-DE\" xml:lang=\"DE-DE\" data-contrast=\"auto\"><span class=\"NormalTextRun SCXW27119083 BCX8\">Il nostro team ti aiuter\u00e0 in ogni fase del percorso, dalla richiesta di iscrizione al successo della partecipazione.<\/span><\/span><\/p>\t\t\t\t\t\t\t\t<\/div>\n\t\t\t\t<\/div>\n\t\t\t\t<div class=\"elementor-element elementor-element-8ddbee9 elementor-align-center elementor-widget elementor-widget-button\" data-id=\"8ddbee9\" data-element_type=\"widget\" data-e-type=\"widget\" data-widget_type=\"button.default\">\n\t\t\t\t<div class=\"elementor-widget-container\">\n\t\t\t\t\t\t\t\t\t<div class=\"elementor-button-wrapper\">\n\t\t\t\t\t<a class=\"elementor-button elementor-button-link elementor-size-sm\" href=\"#elementor-action%3Aaction%3Dpopup%3Aopen%26settings%3DeyJpZCI6MjAyNjQsInRvZ2dsZSI6ZmFsc2V9\">\n\t\t\t\t\t\t<span class=\"elementor-button-content-wrapper\">\n\t\t\t\t\t\t\t\t\t<span class=\"elementor-button-text\">Chiedi subito consiglio!<\/span>\n\t\t\t\t\t<\/span>\n\t\t\t\t\t<\/a>\n\t\t\t\t<\/div>\n\t\t\t\t\t\t\t\t<\/div>\n\t\t\t\t<\/div>\n\t\t\t\t\t<\/div>\n\t\t\t\t<\/div>\n\t\t\t\t<\/div>\n\t\t","protected":false},"excerpt":{"rendered":"<p>Voucher secondo il \u00a716k SGB II Nuove prospettive per il tuo percorso professionale Coaching e qualifiche gratuite per chi non ha una qualifica professionale o \u00e8 a basso reddito Non hai una qualifica professionale o il tuo reddito \u00e8 appena sufficiente per vivere? Allora puoi iniziare con il Voucher \u00a716k del centro per l&#8217;impiego &#8211; [&hellip;]<\/p>\n","protected":false},"author":77,"featured_media":0,"parent":0,"menu_order":0,"comment_status":"closed","ping_status":"closed","template":"","meta":{"_acf_changed":false,"footnotes":""},"class_list":["post-18671","page","type-page","status-publish","hentry"],"acf":[],"yoast_head":"<!-- This site is optimized with the Yoast SEO Premium plugin v25.9 (Yoast SEO v26.9) - https:\/\/yoast.com\/product\/yoast-seo-premium-wordpress\/ -->\n<title>Voucher secondo il \u00a716k SGB - International Education Centers<\/title>\n<meta name=\"description\" content=\"Utilizza il tuo voucher secondo il \u00a716k SGB a Wuppertal per ottenere un coaching sovvenzionato. Il team IEC ti supporter\u00e0 nella richiesta e nella consulenza.\" \/>\n<meta name=\"robots\" content=\"index, follow, max-snippet:-1, max-image-preview:large, max-video-preview:-1\" \/>\n<link rel=\"canonical\" href=\"https:\/\/internationaleducationcenters.de\/it\/voucher-secondo-il-%c2%a716k-sgb\/\" \/>\n<meta property=\"og:locale\" content=\"it_IT\" \/>\n<meta property=\"og:type\" content=\"article\" \/>\n<meta property=\"og:title\" content=\"Voucher secondo il \u00a716k SGB\" \/>\n<meta property=\"og:description\" content=\"Utilizza il tuo voucher secondo il \u00a716k SGB a Wuppertal per ottenere un coaching sovvenzionato. Il team IEC ti supporter\u00e0 nella richiesta e nella consulenza.\" \/>\n<meta property=\"og:url\" content=\"https:\/\/internationaleducationcenters.de\/it\/voucher-secondo-il-%c2%a716k-sgb\/\" \/>\n<meta property=\"og:site_name\" content=\"International Education Centers\" \/>\n<meta property=\"article:publisher\" content=\"https:\/\/www.facebook.com\/InternationalEducationCenters\/\" \/>\n<meta property=\"article:modified_time\" content=\"2025-11-03T12:24:11+00:00\" \/>\n<meta name=\"twitter:card\" content=\"summary_large_image\" \/>\n<meta name=\"twitter:label1\" content=\"Tempo di lettura stimato\" \/>\n\t<meta name=\"twitter:data1\" content=\"2 minuti\" \/>\n<script type=\"application\/ld+json\" class=\"yoast-schema-graph\">{\"@context\":\"https:\/\/schema.org\",\"@graph\":[{\"@type\":\"WebPage\",\"@id\":\"https:\/\/internationaleducationcenters.de\/it\/voucher-secondo-il-%c2%a716k-sgb\/\",\"url\":\"https:\/\/internationaleducationcenters.de\/it\/voucher-secondo-il-%c2%a716k-sgb\/\",\"name\":\"Voucher secondo il \u00a716k SGB - International Education Centers\",\"isPartOf\":{\"@id\":\"https:\/\/internationaleducationcenters.de\/it\/#website\"},\"datePublished\":\"2025-10-09T12:24:31+00:00\",\"dateModified\":\"2025-11-03T12:24:11+00:00\",\"description\":\"Utilizza il tuo voucher secondo il \u00a716k SGB a Wuppertal per ottenere un coaching sovvenzionato. Il team IEC ti supporter\u00e0 nella richiesta e nella consulenza.\",\"breadcrumb\":{\"@id\":\"https:\/\/internationaleducationcenters.de\/it\/voucher-secondo-il-%c2%a716k-sgb\/#breadcrumb\"},\"inLanguage\":\"it-IT\",\"potentialAction\":[{\"@type\":\"ReadAction\",\"target\":[\"https:\/\/internationaleducationcenters.de\/it\/voucher-secondo-il-%c2%a716k-sgb\/\"]}]},{\"@type\":\"BreadcrumbList\",\"@id\":\"https:\/\/internationaleducationcenters.de\/it\/voucher-secondo-il-%c2%a716k-sgb\/#breadcrumb\",\"itemListElement\":[{\"@type\":\"ListItem\",\"position\":1,\"name\":\"Home\",\"item\":\"https:\/\/internationaleducationcenters.de\/it\/\"},{\"@type\":\"ListItem\",\"position\":2,\"name\":\"Voucher secondo il \u00a716k SGB\"}]},{\"@type\":\"WebSite\",\"@id\":\"https:\/\/internationaleducationcenters.de\/it\/#website\",\"url\":\"https:\/\/internationaleducationcenters.de\/it\/\",\"name\":\"International Education Centers\",\"description\":\"\",\"publisher\":{\"@id\":\"https:\/\/internationaleducationcenters.de\/it\/#organization\"},\"potentialAction\":[{\"@type\":\"SearchAction\",\"target\":{\"@type\":\"EntryPoint\",\"urlTemplate\":\"https:\/\/internationaleducationcenters.de\/it\/?s={search_term_string}\"},\"query-input\":{\"@type\":\"PropertyValueSpecification\",\"valueRequired\":true,\"valueName\":\"search_term_string\"}}],\"inLanguage\":\"it-IT\"},{\"@type\":\"Organization\",\"@id\":\"https:\/\/internationaleducationcenters.de\/it\/#organization\",\"name\":\"International Education Centers\",\"alternateName\":\"IEC\",\"url\":\"https:\/\/internationaleducationcenters.de\/it\/\",\"logo\":{\"@type\":\"ImageObject\",\"inLanguage\":\"it-IT\",\"@id\":\"https:\/\/internationaleducationcenters.de\/it\/#\/schema\/logo\/image\/\",\"url\":\"https:\/\/internationaleducationcenters.de\/wp-content\/uploads\/2025\/08\/IEC_favicon-1.png\",\"contentUrl\":\"https:\/\/internationaleducationcenters.de\/wp-content\/uploads\/2025\/08\/IEC_favicon-1.png\",\"width\":512,\"height\":512,\"caption\":\"International Education Centers\"},\"image\":{\"@id\":\"https:\/\/internationaleducationcenters.de\/it\/#\/schema\/logo\/image\/\"},\"sameAs\":[\"https:\/\/www.facebook.com\/InternationalEducationCenters\/\"]}]}<\/script>\n<!-- \/ Yoast SEO Premium plugin. -->","yoast_head_json":{"title":"Voucher secondo il \u00a716k SGB - International Education Centers","description":"Utilizza il tuo voucher secondo il \u00a716k SGB a Wuppertal per ottenere un coaching sovvenzionato. Il team IEC ti supporter\u00e0 nella richiesta e nella consulenza.","robots":{"index":"index","follow":"follow","max-snippet":"max-snippet:-1","max-image-preview":"max-image-preview:large","max-video-preview":"max-video-preview:-1"},"canonical":"https:\/\/internationaleducationcenters.de\/it\/voucher-secondo-il-%c2%a716k-sgb\/","og_locale":"it_IT","og_type":"article","og_title":"Voucher secondo il \u00a716k SGB","og_description":"Utilizza il tuo voucher secondo il \u00a716k SGB a Wuppertal per ottenere un coaching sovvenzionato. Il team IEC ti supporter\u00e0 nella richiesta e nella consulenza.","og_url":"https:\/\/internationaleducationcenters.de\/it\/voucher-secondo-il-%c2%a716k-sgb\/","og_site_name":"International Education Centers","article_publisher":"https:\/\/www.facebook.com\/InternationalEducationCenters\/","article_modified_time":"2025-11-03T12:24:11+00:00","twitter_card":"summary_large_image","twitter_misc":{"Tempo di lettura stimato":"2 minuti"},"schema":{"@context":"https:\/\/schema.org","@graph":[{"@type":"WebPage","@id":"https:\/\/internationaleducationcenters.de\/it\/voucher-secondo-il-%c2%a716k-sgb\/","url":"https:\/\/internationaleducationcenters.de\/it\/voucher-secondo-il-%c2%a716k-sgb\/","name":"Voucher secondo il \u00a716k SGB - International Education Centers","isPartOf":{"@id":"https:\/\/internationaleducationcenters.de\/it\/#website"},"datePublished":"2025-10-09T12:24:31+00:00","dateModified":"2025-11-03T12:24:11+00:00","description":"Utilizza il tuo voucher secondo il \u00a716k SGB a Wuppertal per ottenere un coaching sovvenzionato. Il team IEC ti supporter\u00e0 nella richiesta e nella consulenza.","breadcrumb":{"@id":"https:\/\/internationaleducationcenters.de\/it\/voucher-secondo-il-%c2%a716k-sgb\/#breadcrumb"},"inLanguage":"it-IT","potentialAction":[{"@type":"ReadAction","target":["https:\/\/internationaleducationcenters.de\/it\/voucher-secondo-il-%c2%a716k-sgb\/"]}]},{"@type":"BreadcrumbList","@id":"https:\/\/internationaleducationcenters.de\/it\/voucher-secondo-il-%c2%a716k-sgb\/#breadcrumb","itemListElement":[{"@type":"ListItem","position":1,"name":"Home","item":"https:\/\/internationaleducationcenters.de\/it\/"},{"@type":"ListItem","position":2,"name":"Voucher secondo il \u00a716k SGB"}]},{"@type":"WebSite","@id":"https:\/\/internationaleducationcenters.de\/it\/#website","url":"https:\/\/internationaleducationcenters.de\/it\/","name":"International Education Centers","description":"","publisher":{"@id":"https:\/\/internationaleducationcenters.de\/it\/#organization"},"potentialAction":[{"@type":"SearchAction","target":{"@type":"EntryPoint","urlTemplate":"https:\/\/internationaleducationcenters.de\/it\/?s={search_term_string}"},"query-input":{"@type":"PropertyValueSpecification","valueRequired":true,"valueName":"search_term_string"}}],"inLanguage":"it-IT"},{"@type":"Organization","@id":"https:\/\/internationaleducationcenters.de\/it\/#organization","name":"International Education Centers","alternateName":"IEC","url":"https:\/\/internationaleducationcenters.de\/it\/","logo":{"@type":"ImageObject","inLanguage":"it-IT","@id":"https:\/\/internationaleducationcenters.de\/it\/#\/schema\/logo\/image\/","url":"https:\/\/internationaleducationcenters.de\/wp-content\/uploads\/2025\/08\/IEC_favicon-1.png","contentUrl":"https:\/\/internationaleducationcenters.de\/wp-content\/uploads\/2025\/08\/IEC_favicon-1.png","width":512,"height":512,"caption":"International Education Centers"},"image":{"@id":"https:\/\/internationaleducationcenters.de\/it\/#\/schema\/logo\/image\/"},"sameAs":["https:\/\/www.facebook.com\/InternationalEducationCenters\/"]}]}},"_links":{"self":[{"href":"https:\/\/internationaleducationcenters.de\/it\/wp-json\/wp\/v2\/pages\/18671","targetHints":{"allow":["GET"]}}],"collection":[{"href":"https:\/\/internationaleducationcenters.de\/it\/wp-json\/wp\/v2\/pages"}],"about":[{"href":"https:\/\/internationaleducationcenters.de\/it\/wp-json\/wp\/v2\/types\/page"}],"author":[{"embeddable":true,"href":"https:\/\/internationaleducationcenters.de\/it\/wp-json\/wp\/v2\/users\/77"}],"replies":[{"embeddable":true,"href":"https:\/\/internationaleducationcenters.de\/it\/wp-json\/wp\/v2\/comments?post=18671"}],"version-history":[{"count":1,"href":"https:\/\/internationaleducationcenters.de\/it\/wp-json\/wp\/v2\/pages\/18671\/revisions"}],"predecessor-version":[{"id":18673,"href":"https:\/\/internationaleducationcenters.de\/it\/wp-json\/wp\/v2\/pages\/18671\/revisions\/18673"}],"wp:attachment":[{"href":"https:\/\/internationaleducationcenters.de\/it\/wp-json\/wp\/v2\/media?parent=18671"}],"curies":[{"name":"wp","href":"https:\/\/api.w.org\/{rel}","templated":true}]}}