{"id":18739,"date":"2025-10-09T10:39:53","date_gmt":"2025-10-09T08:39:53","guid":{"rendered":"https:\/\/internationaleducationcenters.de\/voucher-di-attivazione-e-posizionamento-avgs\/"},"modified":"2025-11-03T13:24:42","modified_gmt":"2025-11-03T12:24:42","slug":"voucher-di-attivazione-e-posizionamento-avgs","status":"publish","type":"page","link":"https:\/\/internationaleducationcenters.de\/it\/voucher-di-attivazione-e-posizionamento-avgs\/","title":{"rendered":"Voucher di attivazione e posizionamento (AVGS)"},"content":{"rendered":"\t\t<div data-elementor-type=\"wp-page\" data-elementor-id=\"18739\" class=\"elementor elementor-18739 elementor-15352\" data-elementor-post-type=\"page\">\n\t\t\t\t<div class=\"elementor-element elementor-element-be8be0d e-flex e-con-boxed e-con e-parent\" data-id=\"be8be0d\" data-element_type=\"container\" data-e-type=\"container\" data-settings=\"{&quot;background_background&quot;:&quot;classic&quot;}\">\n\t\t\t\t\t<div class=\"e-con-inner\">\n\t\t\t\t\t<\/div>\n\t\t\t\t<\/div>\n\t\t<div class=\"elementor-element elementor-element-54e39c2 e-flex e-con-boxed e-con e-parent\" data-id=\"54e39c2\" data-element_type=\"container\" data-e-type=\"container\">\n\t\t\t\t\t<div class=\"e-con-inner\">\n\t\t\t\t<div class=\"elementor-element elementor-element-8c614d4 elementor-widget elementor-widget-spacer\" data-id=\"8c614d4\" data-element_type=\"widget\" data-e-type=\"widget\" data-widget_type=\"spacer.default\">\n\t\t\t\t<div class=\"elementor-widget-container\">\n\t\t\t\t\t\t\t<div class=\"elementor-spacer\">\n\t\t\t<div class=\"elementor-spacer-inner\"><\/div>\n\t\t<\/div>\n\t\t\t\t\t\t<\/div>\n\t\t\t\t<\/div>\n\t\t\t\t<div class=\"elementor-element elementor-element-dcee13f elementor-widget elementor-widget-heading\" data-id=\"dcee13f\" data-element_type=\"widget\" data-e-type=\"widget\" data-widget_type=\"heading.default\">\n\t\t\t\t<div class=\"elementor-widget-container\">\n\t\t\t\t\t<h2 class=\"elementor-heading-title elementor-size-default\">Voucher di attivazione e inserimento (AVGS) <br> Il tuo percorso verso un nuovo lavoro  <\/h2>\t\t\t\t<\/div>\n\t\t\t\t<\/div>\n\t\t\t\t<div class=\"elementor-element elementor-element-8313485 elementor-widget elementor-widget-heading\" data-id=\"8313485\" data-element_type=\"widget\" data-e-type=\"widget\" data-widget_type=\"heading.default\">\n\t\t\t\t<div class=\"elementor-widget-container\">\n\t\t\t\t\t<h3 class=\"elementor-heading-title elementor-size-default\">Formazione o coaching gratuiti - con IEC al tuo fianco  <\/h3>\t\t\t\t<\/div>\n\t\t\t\t<\/div>\n\t\t\t\t<div class=\"elementor-element elementor-element-01abcbb elementor-widget elementor-widget-text-editor\" data-id=\"01abcbb\" data-element_type=\"widget\" data-e-type=\"widget\" data-widget_type=\"text-editor.default\">\n\t\t\t\t<div class=\"elementor-widget-container\">\n\t\t\t\t\t\t\t\t\t<p><span data-contrast=\"auto\">Il Voucher di Attivazione e Collocamento (AVGS) \u00e8 una misura di sostegno statale in conformit\u00e0 con il \u00a7<\/span><span data-contrast=\"auto\"><\/span><span data-contrast=\"auto\">45 SGB III, che ti apre nuove prospettive di carriera, senza alcun costo per te. Se sei in cerca di lavoro o disoccupato, in genere hai diritto all&#8217;AVGS. Questo ti permette di:  <\/span><span data-ccp-props=\"{}\"> <\/span><\/p><p> <\/p><ul><li aria-setsize=\"-1\" data-leveltext=\"\uf0b7\" data-font=\"Symbol\" data-listid=\"1\" data-list-defn-props=\"{\"335552541\":1,\"335559685\":720,\"335559991\":360,\"469769226\":\"Symbol\",\"469769242\":[8226],\"469777803\":\"left\",\"469777804\":\"\uf0b7\",\"469777815\":\"multilevel\"}\" data-aria-posinset=\"1\" data-aria-level=\"1\"><span data-contrast=\"auto\">completare un programma di coaching individuale (ad es.<\/span><span data-contrast=\"auto\"><span data-contrast=\"auto\">ad esempio, formazione sulle candidature, pianificazione della carriera)<\/span><\/span><span data-ccp-props=\"{}\"> <\/span><\/li><li aria-setsize=\"-1\" data-leveltext=\"\uf0b7\" data-font=\"Symbol\" data-listid=\"1\" data-list-defn-props=\"{\"335552541\":1,\"335559685\":720,\"335559991\":360,\"469769226\":\"Symbol\",\"469769242\":[8226],\"469777803\":\"left\",\"469777804\":\"\uf0b7\",\"469777815\":\"multilevel\"}\" data-aria-posinset=\"2\" data-aria-level=\"1\"><span data-contrast=\"auto\">Iniziare una formazione continua per acquisire nuove competenze<\/span><span data-ccp-props=\"{}\"> <\/span><\/li><\/ul><p><span data-contrast=\"auto\">\ud83d\udc49<\/span><span data-contrast=\"auto\"> E la cosa migliore \u00e8 che con IEC non ricevi solo il programma, ma anche una consulenza personale, un vero e proprio supporto e un team motivato che ti accompagner\u00e0 fino al raggiungimento del tuo obiettivo.<\/span><span data-ccp-props=\"{}\"> <\/span><\/p>\t\t\t\t\t\t\t\t<\/div>\n\t\t\t\t<\/div>\n\t\t\t\t\t<\/div>\n\t\t\t\t<\/div>\n\t\t<div class=\"elementor-element elementor-element-542604a e-flex e-con-boxed e-con e-parent\" data-id=\"542604a\" data-element_type=\"container\" data-e-type=\"container\">\n\t\t\t\t\t<div class=\"e-con-inner\">\n\t\t\t\t<div class=\"elementor-element elementor-element-1933fa6 elementor-widget elementor-widget-heading\" data-id=\"1933fa6\" data-element_type=\"widget\" data-e-type=\"widget\" data-widget_type=\"heading.default\">\n\t\t\t\t<div class=\"elementor-widget-container\">\n\t\t\t\t\t<h4 class=\"elementor-heading-title elementor-size-default\">  Perch\u00e9 IEC? Perch\u00e9 offriamo di pi\u00f9. <\/h4>\t\t\t\t<\/div>\n\t\t\t\t<\/div>\n\t\t\t\t<div class=\"elementor-element elementor-element-ed71bf6 elementor-icon-list--layout-traditional elementor-list-item-link-full_width elementor-widget elementor-widget-icon-list\" data-id=\"ed71bf6\" data-element_type=\"widget\" data-e-type=\"widget\" data-widget_type=\"icon-list.default\">\n\t\t\t\t<div class=\"elementor-widget-container\">\n\t\t\t\t\t\t\t<ul class=\"elementor-icon-list-items\">\n\t\t\t\t\t\t\t<li class=\"elementor-icon-list-item\">\n\t\t\t\t\t\t\t\t\t\t\t<span class=\"elementor-icon-list-icon\">\n\t\t\t\t\t\t\t<svg aria-hidden=\"true\" class=\"e-font-icon-svg e-fas-check\" viewBox=\"0 0 512 512\" xmlns=\"http:\/\/www.w3.org\/2000\/svg\"><path d=\"M173.898 439.404l-166.4-166.4c-9.997-9.997-9.997-26.206 0-36.204l36.203-36.204c9.997-9.998 26.207-9.998 36.204 0L192 312.69 432.095 72.596c9.997-9.997 26.207-9.997 36.204 0l36.203 36.204c9.997 9.997 9.997 26.206 0 36.204l-294.4 294.401c-9.998 9.997-26.207 9.997-36.204-.001z\"><\/path><\/svg>\t\t\t\t\t\t<\/span>\n\t\t\t\t\t\t\t\t\t\t<span class=\"elementor-icon-list-text\">  Consulenza gratuita sui finanziamenti - multilingue e individuale<\/span>\n\t\t\t\t\t\t\t\t\t<\/li>\n\t\t\t\t\t\t\t\t<li class=\"elementor-icon-list-item\">\n\t\t\t\t\t\t\t\t\t\t\t<span class=\"elementor-icon-list-icon\">\n\t\t\t\t\t\t\t<svg aria-hidden=\"true\" class=\"e-font-icon-svg e-fas-check\" viewBox=\"0 0 512 512\" xmlns=\"http:\/\/www.w3.org\/2000\/svg\"><path d=\"M173.898 439.404l-166.4-166.4c-9.997-9.997-9.997-26.206 0-36.204l36.203-36.204c9.997-9.998 26.207-9.998 36.204 0L192 312.69 432.095 72.596c9.997-9.997 26.207-9.997 36.204 0l36.203 36.204c9.997 9.997 9.997 26.206 0 36.204l-294.4 294.401c-9.998 9.997-26.207 9.997-36.204-.001z\"><\/path><\/svg>\t\t\t\t\t\t<\/span>\n\t\t\t\t\t\t\t\t\t\t<span class=\"elementor-icon-list-text\">Misure certificate AVGS - pronte per iniziare immediatamente<\/span>\n\t\t\t\t\t\t\t\t\t<\/li>\n\t\t\t\t\t\t\t\t<li class=\"elementor-icon-list-item\">\n\t\t\t\t\t\t\t\t\t\t\t<span class=\"elementor-icon-list-icon\">\n\t\t\t\t\t\t\t<svg aria-hidden=\"true\" class=\"e-font-icon-svg e-fas-check\" viewBox=\"0 0 512 512\" xmlns=\"http:\/\/www.w3.org\/2000\/svg\"><path d=\"M173.898 439.404l-166.4-166.4c-9.997-9.997-9.997-26.206 0-36.204l36.203-36.204c9.997-9.998 26.207-9.998 36.204 0L192 312.69 432.095 72.596c9.997-9.997 26.207-9.997 36.204 0l36.203 36.204c9.997 9.997 9.997 26.206 0 36.204l-294.4 294.401c-9.998 9.997-26.207 9.997-36.204-.001z\"><\/path><\/svg>\t\t\t\t\t\t<\/span>\n\t\t\t\t\t\t\t\t\t\t<span class=\"elementor-icon-list-text\">Assegnazione rapida dell'appuntamento - senza lunghi tempi di attesa<\/span>\n\t\t\t\t\t\t\t\t\t<\/li>\n\t\t\t\t\t\t\t\t<li class=\"elementor-icon-list-item\">\n\t\t\t\t\t\t\t\t\t\t\t<span class=\"elementor-icon-list-icon\">\n\t\t\t\t\t\t\t<svg aria-hidden=\"true\" class=\"e-font-icon-svg e-fas-check\" viewBox=\"0 0 512 512\" xmlns=\"http:\/\/www.w3.org\/2000\/svg\"><path d=\"M173.898 439.404l-166.4-166.4c-9.997-9.997-9.997-26.206 0-36.204l36.203-36.204c9.997-9.998 26.207-9.998 36.204 0L192 312.69 432.095 72.596c9.997-9.997 26.207-9.997 36.204 0l36.203 36.204c9.997 9.997 9.997 26.206 0 36.204l-294.4 294.401c-9.998 9.997-26.207 9.997-36.204-.001z\"><\/path><\/svg>\t\t\t\t\t\t<\/span>\n\t\t\t\t\t\t\t\t\t\t<span class=\"elementor-icon-list-text\">Possibilit\u00e0 di corsi online e in sede - flessibili per la tua vita di tutti i giorni<\/span>\n\t\t\t\t\t\t\t\t\t<\/li>\n\t\t\t\t\t\t\t\t<li class=\"elementor-icon-list-item\">\n\t\t\t\t\t\t\t\t\t\t\t<span class=\"elementor-icon-list-icon\">\n\t\t\t\t\t\t\t<svg aria-hidden=\"true\" class=\"e-font-icon-svg e-fas-check\" viewBox=\"0 0 512 512\" xmlns=\"http:\/\/www.w3.org\/2000\/svg\"><path d=\"M173.898 439.404l-166.4-166.4c-9.997-9.997-9.997-26.206 0-36.204l36.203-36.204c9.997-9.998 26.207-9.998 36.204 0L192 312.69 432.095 72.596c9.997-9.997 26.207-9.997 36.204 0l36.203 36.204c9.997 9.997 9.997 26.206 0 36.204l-294.4 294.401c-9.998 9.997-26.207 9.997-36.204-.001z\"><\/path><\/svg>\t\t\t\t\t\t<\/span>\n\t\t\t\t\t\t\t\t\t\t<span class=\"elementor-icon-list-text\">Ci occupiamo di tutto: applicazione, misure, assistenza...<\/span>\n\t\t\t\t\t\t\t\t\t<\/li>\n\t\t\t\t\t\t<\/ul>\n\t\t\t\t\t\t<\/div>\n\t\t\t\t<\/div>\n\t\t\t\t\t<\/div>\n\t\t\t\t<\/div>\n\t\t<div class=\"elementor-element elementor-element-5904175 e-flex e-con-boxed e-con e-parent\" data-id=\"5904175\" data-element_type=\"container\" data-e-type=\"container\">\n\t\t\t\t\t<div class=\"e-con-inner\">\n\t\t\t\t<div class=\"elementor-element elementor-element-cbf1196 elementor-widget elementor-widget-heading\" data-id=\"cbf1196\" data-element_type=\"widget\" data-e-type=\"widget\" data-widget_type=\"heading.default\">\n\t\t\t\t<div class=\"elementor-widget-container\">\n\t\t\t\t\t<h4 class=\"elementor-heading-title elementor-size-default\">Richiedere e riscattare l'AVGS: come funziona  <\/h4>\t\t\t\t<\/div>\n\t\t\t\t<\/div>\n\t\t\t\t<div class=\"elementor-element elementor-element-114972e elementor-widget elementor-widget-text-editor\" data-id=\"114972e\" data-element_type=\"widget\" data-e-type=\"widget\" data-widget_type=\"text-editor.default\">\n\t\t\t\t<div class=\"elementor-widget-container\">\n\t\t\t\t\t\t\t\t\t<p><span class=\"TextRun SCXW239263356 BCX8\" lang=\"DE-DE\" data-contrast=\"auto\"><span class=\"NormalTextRun SCXW239263356 BCX8\">Con il <\/span><\/span><span class=\"TextRun SCXW239263356 BCX8\" lang=\"DE-DE\" data-contrast=\"auto\"><span class=\"NormalTextRun SCXW239263356 BCX8\">Voucher di attivazione e collocamento (AVGS)<\/span><\/span><span class=\"TextRun SCXW239263356 BCX8\" lang=\"DE-DE\" xml:lang=\"DE-DE\" data-contrast=\"auto\"><span class=\"NormalTextRun SCXW239263356 BCX8\">  puoi completare un corso di formazione o di perfezionamento completamente gratuito, finanziato dal centro per l&#8217;impiego o dall&#8217;agenzia di collocamento. \u00c8 cos\u00ec semplice: <\/span><\/span><span class=\"EOP SCXW239263356 BCX8\" data-ccp-props=\"{}\"> <\/span><\/p>\t\t\t\t\t\t\t\t<\/div>\n\t\t\t\t<\/div>\n\t\t\t\t<div class=\"elementor-element elementor-element-d463c86 elementor-widget elementor-widget-text-editor\" data-id=\"d463c86\" data-element_type=\"widget\" data-e-type=\"widget\" data-widget_type=\"text-editor.default\">\n\t\t\t\t<div class=\"elementor-widget-container\">\n\t\t\t\t\t\t\t\t\t<ol><li><b><span data-contrast=\"auto\">  Seleziona la misura<\/span><\/b><\/li><\/ol><p> <i><span data-contrast=\"auto\">Immagine stilizzata di una lente di ingrandimento<\/span><\/i><span data-ccp-props=\"{}\"> <\/span><\/p><p><span data-contrast=\"auto\">Qui puoi scegliere il programma di coaching o di perfezionamento AVGS pi\u00f9 adatto a te. Saremo lieti di consigliarti personalmente e di aiutarti a trovare il programma pi\u00f9 adatto alla tua situazione professionale. <\/span> <br><span data-contrast=\"auto\">\ud83d\udc49<\/span><span data-contrast=\"auto\"> Trova una misura ora<\/span><span data-ccp-props=\"{}\"> <\/span><\/p><p><span data-ccp-props=\"{}\"> <\/span><\/p><p><b><span data-contrast=\"auto\">  2. richiedere l&#8217;AVGS<\/span><\/b><span data-ccp-props=\"{}\"> <\/span><\/p><p> <i><span data-contrast=\"auto\">Immagine stilizzata di un foglio di carta e di una penna<\/span><\/i><span data-ccp-props=\"{}\"> <\/span><\/p><p><span data-contrast=\"auto\">Puoi richiedere facilmente il voucher online o di persona presso il centro per l&#8217;impiego. Ti basta tenere in mano il tuo   <\/span><b><span data-contrast=\"auto\">numero del cliente<\/span><\/b><span data-contrast=\"auto\"> e la <\/span><b><span data-contrast=\"auto\">la data della tua disoccupazione<\/span><\/b><span data-contrast=\"auto\"> pronto.<\/span> <br><span data-contrast=\"auto\">\ud83d\udc49<\/span><span data-contrast=\"auto\"> Candidati ora all&#8217;AVGS <\/span> <\/p><p><span data-ccp-props=\"{}\"> <\/span><\/p><p><b><span data-contrast=\"auto\">3. riscattare l&#8217;AVGS e iniziare il corso<\/span><\/b><span data-ccp-props=\"{}\"> <\/span><\/p><p><span data-contrast=\"auto\">\ud83d\udcf7<\/span> <i><span data-contrast=\"auto\">Immagine stilizzata di un insegnante davanti a una lavagna<\/span><\/i><span data-ccp-props=\"{}\"> <\/span><\/p><p><span data-contrast=\"auto\">Non appena avrai il voucher, potrai riscattarlo con noi. I nostri corsi e le nostre sessioni di coaching sono quindi   <\/span><b><span data-contrast=\"auto\">\u00e8 gratuito per te<\/span><\/b><span data-contrast=\"auto\"> &#8211; i costi sono coperti dal centro per l&#8217;impiego.<\/span> <br><span data-contrast=\"auto\">\ud83d\udc49<\/span><span data-contrast=\"auto\"> Inizio corso<\/span><span data-ccp-props=\"{}\"> <\/span><\/p><p><span data-ccp-props=\"{}\"> <\/span><\/p><p><b><span data-contrast=\"auto\">  Hai ancora domande? Saremo felici di consigliarti! <\/span><\/b><span data-ccp-props=\"{}\"> <\/span><\/p><p><span data-contrast=\"auto\">Il nostro team ti aiuter\u00e0 in ogni fase del percorso, dalla selezione al riscatto.<\/span> <br><span data-contrast=\"auto\">\ud83d\udc49<\/span><span data-contrast=\"auto\"> Fissa un appuntamento di consulenza<\/span><\/p>\t\t\t\t\t\t\t\t<\/div>\n\t\t\t\t<\/div>\n\t\t\t\t\t<\/div>\n\t\t\t\t<\/div>\n\t\t<div class=\"elementor-element elementor-element-1811af4 e-flex e-con-boxed e-con e-parent\" data-id=\"1811af4\" data-element_type=\"container\" data-e-type=\"container\">\n\t\t\t\t\t<div class=\"e-con-inner\">\n\t\t\t\t<div class=\"elementor-element elementor-element-3426478 elementor-widget elementor-widget-heading\" data-id=\"3426478\" data-element_type=\"widget\" data-e-type=\"widget\" data-widget_type=\"heading.default\">\n\t\t\t\t<div class=\"elementor-widget-container\">\n\t\t\t\t\t<h4 class=\"elementor-heading-title elementor-size-default\">Tutti i corsi con voucher di attivazione e inserimento (AVGS).  <\/h4>\t\t\t\t<\/div>\n\t\t\t\t<\/div>\n\t\t\t\t<div class=\"elementor-element elementor-element-ee93287 elementor-align-center elementor-widget elementor-widget-button\" data-id=\"ee93287\" data-element_type=\"widget\" data-e-type=\"widget\" data-widget_type=\"button.default\">\n\t\t\t\t<div class=\"elementor-widget-container\">\n\t\t\t\t\t\t\t\t\t<div class=\"elementor-button-wrapper\">\n\t\t\t\t\t<a class=\"elementor-button elementor-button-link elementor-size-sm\" href=\"https:\/\/internationaleducationcenters.de\/it\/formazione-continua\/\" target=\"_blank\">\n\t\t\t\t\t\t<span class=\"elementor-button-content-wrapper\">\n\t\t\t\t\t\t\t\t\t<span class=\"elementor-button-text\">Trova un corso qui!<\/span>\n\t\t\t\t\t<\/span>\n\t\t\t\t\t<\/a>\n\t\t\t\t<\/div>\n\t\t\t\t\t\t\t\t<\/div>\n\t\t\t\t<\/div>\n\t\t\t\t\t<\/div>\n\t\t\t\t<\/div>\n\t\t\t\t<\/div>\n\t\t","protected":false},"excerpt":{"rendered":"<p>Voucher di attivazione e inserimento (AVGS) Il tuo percorso verso un nuovo lavoro Formazione o coaching gratuiti &#8211; con IEC al tuo fianco Il Voucher di Attivazione e Collocamento (AVGS) \u00e8 una misura di sostegno statale in conformit\u00e0 con il \u00a745 SGB III, che ti apre nuove prospettive di carriera, senza alcun costo per te. [&hellip;]<\/p>\n","protected":false},"author":77,"featured_media":0,"parent":0,"menu_order":0,"comment_status":"closed","ping_status":"closed","template":"","meta":{"_acf_changed":false,"footnotes":""},"class_list":["post-18739","page","type-page","status-publish","hentry"],"acf":[],"yoast_head":"<!-- This site is optimized with the Yoast SEO Premium plugin v25.9 (Yoast SEO v26.9) - https:\/\/yoast.com\/product\/yoast-seo-premium-wordpress\/ -->\n<title>Voucher di attivazione e posizionamento (AVGS) - International Education Centers<\/title>\n<meta name=\"description\" content=\"Utilizza il tuo voucher di attivazione e collocamento (AVGS) a Wuppertal per il coaching individuale e la formazione per l&#039;inserimento nel mondo del lavoro presso IEC.\" \/>\n<meta name=\"robots\" content=\"index, follow, max-snippet:-1, max-image-preview:large, max-video-preview:-1\" \/>\n<link rel=\"canonical\" href=\"https:\/\/internationaleducationcenters.de\/it\/voucher-di-attivazione-e-posizionamento-avgs\/\" \/>\n<meta property=\"og:locale\" content=\"it_IT\" \/>\n<meta property=\"og:type\" content=\"article\" \/>\n<meta property=\"og:title\" content=\"Voucher di attivazione e posizionamento (AVGS)\" \/>\n<meta property=\"og:description\" content=\"Utilizza il tuo voucher di attivazione e collocamento (AVGS) a Wuppertal per il coaching individuale e la formazione per l&#039;inserimento nel mondo del lavoro presso IEC.\" \/>\n<meta property=\"og:url\" content=\"https:\/\/internationaleducationcenters.de\/it\/voucher-di-attivazione-e-posizionamento-avgs\/\" \/>\n<meta property=\"og:site_name\" content=\"International Education Centers\" \/>\n<meta property=\"article:publisher\" content=\"https:\/\/www.facebook.com\/InternationalEducationCenters\/\" \/>\n<meta property=\"article:modified_time\" content=\"2025-11-03T12:24:42+00:00\" \/>\n<meta name=\"twitter:card\" content=\"summary_large_image\" \/>\n<meta name=\"twitter:label1\" content=\"Tempo di lettura stimato\" \/>\n\t<meta name=\"twitter:data1\" content=\"2 minuti\" \/>\n<script type=\"application\/ld+json\" class=\"yoast-schema-graph\">{\"@context\":\"https:\/\/schema.org\",\"@graph\":[{\"@type\":\"WebPage\",\"@id\":\"https:\/\/internationaleducationcenters.de\/it\/voucher-di-attivazione-e-posizionamento-avgs\/\",\"url\":\"https:\/\/internationaleducationcenters.de\/it\/voucher-di-attivazione-e-posizionamento-avgs\/\",\"name\":\"Voucher di attivazione e posizionamento (AVGS) - International Education Centers\",\"isPartOf\":{\"@id\":\"https:\/\/internationaleducationcenters.de\/it\/#website\"},\"datePublished\":\"2025-10-09T08:39:53+00:00\",\"dateModified\":\"2025-11-03T12:24:42+00:00\",\"description\":\"Utilizza il tuo voucher di attivazione e collocamento (AVGS) a Wuppertal per il coaching individuale e la formazione per l'inserimento nel mondo del lavoro presso IEC.\",\"breadcrumb\":{\"@id\":\"https:\/\/internationaleducationcenters.de\/it\/voucher-di-attivazione-e-posizionamento-avgs\/#breadcrumb\"},\"inLanguage\":\"it-IT\",\"potentialAction\":[{\"@type\":\"ReadAction\",\"target\":[\"https:\/\/internationaleducationcenters.de\/it\/voucher-di-attivazione-e-posizionamento-avgs\/\"]}]},{\"@type\":\"BreadcrumbList\",\"@id\":\"https:\/\/internationaleducationcenters.de\/it\/voucher-di-attivazione-e-posizionamento-avgs\/#breadcrumb\",\"itemListElement\":[{\"@type\":\"ListItem\",\"position\":1,\"name\":\"Home\",\"item\":\"https:\/\/internationaleducationcenters.de\/it\/\"},{\"@type\":\"ListItem\",\"position\":2,\"name\":\"Voucher di attivazione e posizionamento (AVGS)\"}]},{\"@type\":\"WebSite\",\"@id\":\"https:\/\/internationaleducationcenters.de\/it\/#website\",\"url\":\"https:\/\/internationaleducationcenters.de\/it\/\",\"name\":\"International Education Centers\",\"description\":\"\",\"publisher\":{\"@id\":\"https:\/\/internationaleducationcenters.de\/it\/#organization\"},\"potentialAction\":[{\"@type\":\"SearchAction\",\"target\":{\"@type\":\"EntryPoint\",\"urlTemplate\":\"https:\/\/internationaleducationcenters.de\/it\/?s={search_term_string}\"},\"query-input\":{\"@type\":\"PropertyValueSpecification\",\"valueRequired\":true,\"valueName\":\"search_term_string\"}}],\"inLanguage\":\"it-IT\"},{\"@type\":\"Organization\",\"@id\":\"https:\/\/internationaleducationcenters.de\/it\/#organization\",\"name\":\"International Education Centers\",\"alternateName\":\"IEC\",\"url\":\"https:\/\/internationaleducationcenters.de\/it\/\",\"logo\":{\"@type\":\"ImageObject\",\"inLanguage\":\"it-IT\",\"@id\":\"https:\/\/internationaleducationcenters.de\/it\/#\/schema\/logo\/image\/\",\"url\":\"https:\/\/internationaleducationcenters.de\/wp-content\/uploads\/2025\/08\/IEC_favicon-1.png\",\"contentUrl\":\"https:\/\/internationaleducationcenters.de\/wp-content\/uploads\/2025\/08\/IEC_favicon-1.png\",\"width\":512,\"height\":512,\"caption\":\"International Education Centers\"},\"image\":{\"@id\":\"https:\/\/internationaleducationcenters.de\/it\/#\/schema\/logo\/image\/\"},\"sameAs\":[\"https:\/\/www.facebook.com\/InternationalEducationCenters\/\"]}]}<\/script>\n<!-- \/ Yoast SEO Premium plugin. -->","yoast_head_json":{"title":"Voucher di attivazione e posizionamento (AVGS) - International Education Centers","description":"Utilizza il tuo voucher di attivazione e collocamento (AVGS) a Wuppertal per il coaching individuale e la formazione per l'inserimento nel mondo del lavoro presso IEC.","robots":{"index":"index","follow":"follow","max-snippet":"max-snippet:-1","max-image-preview":"max-image-preview:large","max-video-preview":"max-video-preview:-1"},"canonical":"https:\/\/internationaleducationcenters.de\/it\/voucher-di-attivazione-e-posizionamento-avgs\/","og_locale":"it_IT","og_type":"article","og_title":"Voucher di attivazione e posizionamento (AVGS)","og_description":"Utilizza il tuo voucher di attivazione e collocamento (AVGS) a Wuppertal per il coaching individuale e la formazione per l'inserimento nel mondo del lavoro presso IEC.","og_url":"https:\/\/internationaleducationcenters.de\/it\/voucher-di-attivazione-e-posizionamento-avgs\/","og_site_name":"International Education Centers","article_publisher":"https:\/\/www.facebook.com\/InternationalEducationCenters\/","article_modified_time":"2025-11-03T12:24:42+00:00","twitter_card":"summary_large_image","twitter_misc":{"Tempo di lettura stimato":"2 minuti"},"schema":{"@context":"https:\/\/schema.org","@graph":[{"@type":"WebPage","@id":"https:\/\/internationaleducationcenters.de\/it\/voucher-di-attivazione-e-posizionamento-avgs\/","url":"https:\/\/internationaleducationcenters.de\/it\/voucher-di-attivazione-e-posizionamento-avgs\/","name":"Voucher di attivazione e posizionamento (AVGS) - International Education Centers","isPartOf":{"@id":"https:\/\/internationaleducationcenters.de\/it\/#website"},"datePublished":"2025-10-09T08:39:53+00:00","dateModified":"2025-11-03T12:24:42+00:00","description":"Utilizza il tuo voucher di attivazione e collocamento (AVGS) a Wuppertal per il coaching individuale e la formazione per l'inserimento nel mondo del lavoro presso IEC.","breadcrumb":{"@id":"https:\/\/internationaleducationcenters.de\/it\/voucher-di-attivazione-e-posizionamento-avgs\/#breadcrumb"},"inLanguage":"it-IT","potentialAction":[{"@type":"ReadAction","target":["https:\/\/internationaleducationcenters.de\/it\/voucher-di-attivazione-e-posizionamento-avgs\/"]}]},{"@type":"BreadcrumbList","@id":"https:\/\/internationaleducationcenters.de\/it\/voucher-di-attivazione-e-posizionamento-avgs\/#breadcrumb","itemListElement":[{"@type":"ListItem","position":1,"name":"Home","item":"https:\/\/internationaleducationcenters.de\/it\/"},{"@type":"ListItem","position":2,"name":"Voucher di attivazione e posizionamento (AVGS)"}]},{"@type":"WebSite","@id":"https:\/\/internationaleducationcenters.de\/it\/#website","url":"https:\/\/internationaleducationcenters.de\/it\/","name":"International Education Centers","description":"","publisher":{"@id":"https:\/\/internationaleducationcenters.de\/it\/#organization"},"potentialAction":[{"@type":"SearchAction","target":{"@type":"EntryPoint","urlTemplate":"https:\/\/internationaleducationcenters.de\/it\/?s={search_term_string}"},"query-input":{"@type":"PropertyValueSpecification","valueRequired":true,"valueName":"search_term_string"}}],"inLanguage":"it-IT"},{"@type":"Organization","@id":"https:\/\/internationaleducationcenters.de\/it\/#organization","name":"International Education Centers","alternateName":"IEC","url":"https:\/\/internationaleducationcenters.de\/it\/","logo":{"@type":"ImageObject","inLanguage":"it-IT","@id":"https:\/\/internationaleducationcenters.de\/it\/#\/schema\/logo\/image\/","url":"https:\/\/internationaleducationcenters.de\/wp-content\/uploads\/2025\/08\/IEC_favicon-1.png","contentUrl":"https:\/\/internationaleducationcenters.de\/wp-content\/uploads\/2025\/08\/IEC_favicon-1.png","width":512,"height":512,"caption":"International Education Centers"},"image":{"@id":"https:\/\/internationaleducationcenters.de\/it\/#\/schema\/logo\/image\/"},"sameAs":["https:\/\/www.facebook.com\/InternationalEducationCenters\/"]}]}},"_links":{"self":[{"href":"https:\/\/internationaleducationcenters.de\/it\/wp-json\/wp\/v2\/pages\/18739","targetHints":{"allow":["GET"]}}],"collection":[{"href":"https:\/\/internationaleducationcenters.de\/it\/wp-json\/wp\/v2\/pages"}],"about":[{"href":"https:\/\/internationaleducationcenters.de\/it\/wp-json\/wp\/v2\/types\/page"}],"author":[{"embeddable":true,"href":"https:\/\/internationaleducationcenters.de\/it\/wp-json\/wp\/v2\/users\/77"}],"replies":[{"embeddable":true,"href":"https:\/\/internationaleducationcenters.de\/it\/wp-json\/wp\/v2\/comments?post=18739"}],"version-history":[{"count":1,"href":"https:\/\/internationaleducationcenters.de\/it\/wp-json\/wp\/v2\/pages\/18739\/revisions"}],"predecessor-version":[{"id":18741,"href":"https:\/\/internationaleducationcenters.de\/it\/wp-json\/wp\/v2\/pages\/18739\/revisions\/18741"}],"wp:attachment":[{"href":"https:\/\/internationaleducationcenters.de\/it\/wp-json\/wp\/v2\/media?parent=18739"}],"curies":[{"name":"wp","href":"https:\/\/api.w.org\/{rel}","templated":true}]}}