{"id":18788,"date":"2025-10-09T12:27:28","date_gmt":"2025-10-09T10:27:28","guid":{"rendered":"https:\/\/internationaleducationcenters.de\/finanziamento-bfd\/"},"modified":"2025-12-16T09:45:49","modified_gmt":"2025-12-16T08:45:49","slug":"finanziamento-bfd","status":"publish","type":"page","link":"https:\/\/internationaleducationcenters.de\/it\/finanziamento-bfd\/","title":{"rendered":"Finanziamento BFD"},"content":{"rendered":"\t\t<div data-elementor-type=\"wp-page\" data-elementor-id=\"18788\" class=\"elementor elementor-18788 elementor-15406\" data-elementor-post-type=\"page\">\n\t\t\t\t<div class=\"elementor-element elementor-element-5f277d1 e-flex e-con-boxed e-con e-parent\" data-id=\"5f277d1\" data-element_type=\"container\" data-e-type=\"container\" data-settings=\"{&quot;background_background&quot;:&quot;classic&quot;}\">\n\t\t\t\t\t<div class=\"e-con-inner\">\n\t\t\t\t\t<\/div>\n\t\t\t\t<\/div>\n\t\t<div class=\"elementor-element elementor-element-ea1da57 e-flex e-con-boxed e-con e-parent\" data-id=\"ea1da57\" data-element_type=\"container\" data-e-type=\"container\">\n\t\t\t\t\t<div class=\"e-con-inner\">\n\t\t\t\t<div class=\"elementor-element elementor-element-2c0f684 elementor-widget elementor-widget-spacer\" data-id=\"2c0f684\" data-element_type=\"widget\" data-e-type=\"widget\" data-widget_type=\"spacer.default\">\n\t\t\t\t<div class=\"elementor-widget-container\">\n\t\t\t\t\t\t\t<div class=\"elementor-spacer\">\n\t\t\t<div class=\"elementor-spacer-inner\"><\/div>\n\t\t<\/div>\n\t\t\t\t\t\t<\/div>\n\t\t\t\t<\/div>\n\t\t\t\t<div class=\"elementor-element elementor-element-019bc7f elementor-widget elementor-widget-heading\" data-id=\"019bc7f\" data-element_type=\"widget\" data-e-type=\"widget\" data-widget_type=\"heading.default\">\n\t\t\t\t<div class=\"elementor-widget-container\">\n\t\t\t\t\t<h2 class=\"elementor-heading-title elementor-size-default\">Supporto BFD: il tuo nuovo inizio dopo il servizio di leva  <\/h2>\t\t\t\t<\/div>\n\t\t\t\t<\/div>\n\t\t\t\t<div class=\"elementor-element elementor-element-b2437fa elementor-widget elementor-widget-heading\" data-id=\"b2437fa\" data-element_type=\"widget\" data-e-type=\"widget\" data-widget_type=\"heading.default\">\n\t\t\t\t<div class=\"elementor-widget-container\">\n\t\t\t\t\t<h3 class=\"elementor-heading-title elementor-size-default\">Formazione continua personalizzata per gli ex soldati - con il pieno supporto di IEC  <\/h3>\t\t\t\t<\/div>\n\t\t\t\t<\/div>\n\t\t\t\t<div class=\"elementor-element elementor-element-483c161 elementor-widget elementor-widget-text-editor\" data-id=\"483c161\" data-element_type=\"widget\" data-e-type=\"widget\" data-widget_type=\"text-editor.default\">\n\t\t\t\t<div class=\"elementor-widget-container\">\n\t\t\t\t\t\t\t\t\t<p><span data-contrast=\"auto\">Hai completato il tuo servizio nella Bundeswehr &#8211; con impegno, disciplina e responsabilit\u00e0. Ora il passo successivo \u00e8 imminente: il passaggio alla vita lavorativa civile. Ti starai chiedendo come gestire questo cambiamento, quali opportunit\u00e0 hai e se sarai supportato nel processo. <\/span><\/p><p><b><span data-contrast=\"auto\">La risposta \u00e8 s\u00ec. E non sei solo. <\/span><\/b><\/p><p><span data-contrast=\"auto\">Con la <\/span><b><span data-contrast=\"auto\">sponsorizzazione BFD<\/span><\/b><span data-contrast=\"auto\"> (Servizio di Promozione Professionale delle Forze Armate Tedesche) riceverai <\/span><b><span data-contrast=\"auto\">un supporto personalizzato<\/span><\/b><span data-contrast=\"auto\"> per il tuo riorientamento professionale &#8211; dal punto di vista finanziario, organizzativo e personale. E noi di IEC ti accompagniamo in questo percorso, passo dopo passo. <\/span><\/p>\t\t\t\t\t\t\t\t<\/div>\n\t\t\t\t<\/div>\n\t\t\t\t\t<\/div>\n\t\t\t\t<\/div>\n\t\t<div class=\"elementor-element elementor-element-48ba776 e-flex e-con-boxed e-con e-parent\" data-id=\"48ba776\" data-element_type=\"container\" data-e-type=\"container\">\n\t\t\t\t\t<div class=\"e-con-inner\">\n\t\t\t\t<div class=\"elementor-element elementor-element-9ed857e elementor-widget elementor-widget-heading\" data-id=\"9ed857e\" data-element_type=\"widget\" data-e-type=\"widget\" data-widget_type=\"heading.default\">\n\t\t\t\t<div class=\"elementor-widget-container\">\n\t\t\t\t\t<h4 class=\"elementor-heading-title elementor-size-default\">Perch\u00e9 IEC? Perch\u00e9 offriamo di pi\u00f9. <\/h4>\t\t\t\t<\/div>\n\t\t\t\t<\/div>\n\t\t\t\t<div class=\"elementor-element elementor-element-5884331 elementor-icon-list--layout-traditional elementor-list-item-link-full_width elementor-widget elementor-widget-icon-list\" data-id=\"5884331\" data-element_type=\"widget\" data-e-type=\"widget\" data-widget_type=\"icon-list.default\">\n\t\t\t\t<div class=\"elementor-widget-container\">\n\t\t\t\t\t\t\t<ul class=\"elementor-icon-list-items\">\n\t\t\t\t\t\t\t<li class=\"elementor-icon-list-item\">\n\t\t\t\t\t\t\t\t\t\t\t<span class=\"elementor-icon-list-icon\">\n\t\t\t\t\t\t\t<svg aria-hidden=\"true\" class=\"e-font-icon-svg e-fas-check\" viewBox=\"0 0 512 512\" xmlns=\"http:\/\/www.w3.org\/2000\/svg\"><path d=\"M173.898 439.404l-166.4-166.4c-9.997-9.997-9.997-26.206 0-36.204l36.203-36.204c9.997-9.998 26.207-9.998 36.204 0L192 312.69 432.095 72.596c9.997-9.997 26.207-9.997 36.204 0l36.203 36.204c9.997 9.997 9.997 26.206 0 36.204l-294.4 294.401c-9.998 9.997-26.207 9.997-36.204-.001z\"><\/path><\/svg>\t\t\t\t\t\t<\/span>\n\t\t\t\t\t\t\t\t\t\t<span class=\"elementor-icon-list-text\">  Formazione continua certificata per il finanziamento BFD<\/span>\n\t\t\t\t\t\t\t\t\t<\/li>\n\t\t\t\t\t\t\t\t<li class=\"elementor-icon-list-item\">\n\t\t\t\t\t\t\t\t\t\t\t<span class=\"elementor-icon-list-icon\">\n\t\t\t\t\t\t\t<svg aria-hidden=\"true\" class=\"e-font-icon-svg e-fas-check\" viewBox=\"0 0 512 512\" xmlns=\"http:\/\/www.w3.org\/2000\/svg\"><path d=\"M173.898 439.404l-166.4-166.4c-9.997-9.997-9.997-26.206 0-36.204l36.203-36.204c9.997-9.998 26.207-9.998 36.204 0L192 312.69 432.095 72.596c9.997-9.997 26.207-9.997 36.204 0l36.203 36.204c9.997 9.997 9.997 26.206 0 36.204l-294.4 294.401c-9.998 9.997-26.207 9.997-36.204-.001z\"><\/path><\/svg>\t\t\t\t\t\t<\/span>\n\t\t\t\t\t\t\t\t\t\t<span class=\"elementor-icon-list-text\">Consulenza personalizzata - comprensione ed esperienza<\/span>\n\t\t\t\t\t\t\t\t\t<\/li>\n\t\t\t\t\t\t\t\t<li class=\"elementor-icon-list-item\">\n\t\t\t\t\t\t\t\t\t\t\t<span class=\"elementor-icon-list-icon\">\n\t\t\t\t\t\t\t<svg aria-hidden=\"true\" class=\"e-font-icon-svg e-fas-check\" viewBox=\"0 0 512 512\" xmlns=\"http:\/\/www.w3.org\/2000\/svg\"><path d=\"M173.898 439.404l-166.4-166.4c-9.997-9.997-9.997-26.206 0-36.204l36.203-36.204c9.997-9.998 26.207-9.998 36.204 0L192 312.69 432.095 72.596c9.997-9.997 26.207-9.997 36.204 0l36.203 36.204c9.997 9.997 9.997 26.206 0 36.204l-294.4 294.401c-9.998 9.997-26.207 9.997-36.204-.001z\"><\/path><\/svg>\t\t\t\t\t\t<\/span>\n\t\t\t\t\t\t\t\t\t\t<span class=\"elementor-icon-list-text\">  Supporto nella presentazione delle domande, nella selezione e nell'implementazione dei corsi<\/span>\n\t\t\t\t\t\t\t\t\t<\/li>\n\t\t\t\t\t\t\t\t<li class=\"elementor-icon-list-item\">\n\t\t\t\t\t\t\t\t\t\t\t<span class=\"elementor-icon-list-icon\">\n\t\t\t\t\t\t\t<svg aria-hidden=\"true\" class=\"e-font-icon-svg e-fas-check\" viewBox=\"0 0 512 512\" xmlns=\"http:\/\/www.w3.org\/2000\/svg\"><path d=\"M173.898 439.404l-166.4-166.4c-9.997-9.997-9.997-26.206 0-36.204l36.203-36.204c9.997-9.998 26.207-9.998 36.204 0L192 312.69 432.095 72.596c9.997-9.997 26.207-9.997 36.204 0l36.203 36.204c9.997 9.997 9.997 26.206 0 36.204l-294.4 294.401c-9.998 9.997-26.207 9.997-36.204-.001z\"><\/path><\/svg>\t\t\t\t\t\t<\/span>\n\t\t\t\t\t\t\t\t\t\t<span class=\"elementor-icon-list-text\">Modelli di corso flessibili - online, ibridi o in loco<\/span>\n\t\t\t\t\t\t\t\t\t<\/li>\n\t\t\t\t\t\t\t\t<li class=\"elementor-icon-list-item\">\n\t\t\t\t\t\t\t\t\t\t\t<span class=\"elementor-icon-list-icon\">\n\t\t\t\t\t\t\t<svg aria-hidden=\"true\" class=\"e-font-icon-svg e-fas-check\" viewBox=\"0 0 512 512\" xmlns=\"http:\/\/www.w3.org\/2000\/svg\"><path d=\"M173.898 439.404l-166.4-166.4c-9.997-9.997-9.997-26.206 0-36.204l36.203-36.204c9.997-9.998 26.207-9.998 36.204 0L192 312.69 432.095 72.596c9.997-9.997 26.207-9.997 36.204 0l36.203 36.204c9.997 9.997 9.997 26.206 0 36.204l-294.4 294.401c-9.998 9.997-26.207 9.997-36.204-.001z\"><\/path><\/svg>\t\t\t\t\t\t<\/span>\n\t\t\t\t\t\t\t\t\t\t<span class=\"elementor-icon-list-text\">Un team che conosce la tua situazione e che ti mette in condizione di lavorare con te.<\/span>\n\t\t\t\t\t\t\t\t\t<\/li>\n\t\t\t\t\t\t<\/ul>\n\t\t\t\t\t\t<\/div>\n\t\t\t\t<\/div>\n\t\t\t\t\t<\/div>\n\t\t\t\t<\/div>\n\t\t<div class=\"elementor-element elementor-element-fe64753 e-flex e-con-boxed e-con e-parent\" data-id=\"fe64753\" data-element_type=\"container\" data-e-type=\"container\">\n\t\t\t\t\t<div class=\"e-con-inner\">\n\t\t\t\t<div class=\"elementor-element elementor-element-eeaaa97 elementor-widget elementor-widget-text-editor\" data-id=\"eeaaa97\" data-element_type=\"widget\" data-e-type=\"widget\" data-widget_type=\"text-editor.default\">\n\t\t\t\t<div class=\"elementor-widget-container\">\n\t\t\t\t\t\t\t\t\t<p><b><span data-contrast=\"auto\">Cos&#8217;\u00e8 la sovvenzione BFD?<\/span><\/b><\/p><p><span data-contrast=\"auto\">Il <\/span><b><span data-contrast=\"auto\">Servizio di promozione professionale della Bundeswehr (BFD)<\/span><\/b><span data-contrast=\"auto\"> sostiene i soldati nel loro passaggio alla vita lavorativa civile. Il supporto comprende <\/span><\/p><ul><li aria-setsize=\"-1\" data-leveltext=\"\uf0b7\" data-font=\"Symbol\" data-listid=\"2\" data-list-defn-props=\"{\" data-aria-posinset=\"1\" data-aria-level=\"1\">Assunzione dei costi di formazione e riqualificazione professionale<\/li><\/ul><ul><li aria-setsize=\"-1\" data-leveltext=\"\uf0b7\" data-font=\"Symbol\" data-listid=\"2\" data-list-defn-props=\"{\" data-aria-posinset=\"2\" data-aria-level=\"1\">Consulenza e supporto da parte dei referenti Finanziamento BFD<\/li><\/ul><ul><li aria-setsize=\"-1\" data-leveltext=\"\uf0b7\" data-font=\"Symbol\" data-listid=\"2\" data-list-defn-props=\"{\" data-aria-posinset=\"3\" data-aria-level=\"1\">Servizi aggiuntivi come spese di viaggio, alloggio, pasti&#8230;<\/li><\/ul><ul><li aria-setsize=\"-1\" data-leveltext=\"\uf0b7\" data-font=\"Symbol\" data-listid=\"2\" data-list-defn-props=\"{\" data-aria-posinset=\"4\" data-aria-level=\"1\">Piani di assistenza individuali &#8211; personalizzati in base ai tuoi obiettivi<\/li><\/ul><p>\u00a0<\/p><p><b><span data-contrast=\"auto\"> A chi \u00e8 destinata la sovvenzione BFD?<\/span><\/b><\/p><ul><li aria-setsize=\"-1\" data-leveltext=\"\uf0b7\" data-font=\"Symbol\" data-listid=\"3\" data-list-defn-props=\"{\" data-aria-posinset=\"1\" data-aria-level=\"1\">Soldati temporanei<span data-contrast=\"auto\"> dopo la fine del loro servizio<\/span><\/li><\/ul><ul><li aria-setsize=\"-1\" data-leveltext=\"\uf0b7\" data-font=\"Symbol\" data-listid=\"3\" data-list-defn-props=\"{\" data-aria-posinset=\"2\" data-aria-level=\"1\">Soldati professionisti con voglia di cambiare<\/li><\/ul><ul><li aria-setsize=\"-1\" data-leveltext=\"\uf0b7\" data-font=\"Symbol\" data-listid=\"3\" data-list-defn-props=\"{\" data-aria-posinset=\"3\" data-aria-level=\"1\">Soldati temporanei con diritto all&#8217;assistenza all&#8217;integrazione<\/li><\/ul><ul><li aria-setsize=\"-1\" data-leveltext=\"\uf0b7\" data-font=\"Symbol\" data-listid=\"3\" data-list-defn-props=\"{\" data-aria-posinset=\"4\" data-aria-level=\"1\">Riservisti con riorientamento professionale<\/li><\/ul><p>\u00a0<\/p><h4><b><span data-contrast=\"auto\"> Come funziona &#8211; passo dopo passo<\/span><\/b><\/h4><p><b><span data-contrast=\"auto\"> 1. consulenza presso la Finanziamento BFD<\/span><\/b><\/p><p><span data-contrast=\"auto\">Parla con il tuo referente BFD dei tuoi obiettivi di carriera. Verr\u00e0 elaborato insieme un piano di sostegno. <\/span><\/p><p>\u00a0<\/p><p><b><span data-contrast=\"auto\"> 2. selezione del corso e applicazione<\/span><\/b><\/p><p><span data-contrast=\"auto\">Scegli il tuo programma di formazione professionale presso IEC: ti consiglieremo e ti aiuteremo nel processo di iscrizione. I nostri corsi sono <\/span><b><span data-contrast=\"auto\">idoneo al BFD<\/span><\/b><span data-contrast=\"auto\"> e orientato alla pratica.<\/span><\/p><p>\u00a0<\/p><p><b><span data-contrast=\"auto\"> 3. iniziare una formazione continua e dare forma al futuro<\/span><\/b><\/p><p><span data-contrast=\"auto\">Inizia il tuo programma &#8211; online, ibrido o in sede. Ti sosterremo fino al completamento e oltre. <\/span><\/p><p>\u00a0<\/p><p><b><span data-contrast=\"auto\">I corsi BFD pi\u00f9 richiesti da IEC<\/span><\/b><\/p><ul><li aria-setsize=\"-1\" data-leveltext=\"\uf0b7\" data-font=\"Symbol\" data-listid=\"4\" data-list-defn-props=\"{\" data-aria-posinset=\"1\" data-aria-level=\"1\"><span data-contrast=\"auto\">IT e digitalizzazione<\/span><\/li><\/ul><ul><li aria-setsize=\"-1\" data-leveltext=\"\uf0b7\" data-font=\"Symbol\" data-listid=\"4\" data-list-defn-props=\"{\" data-aria-posinset=\"2\" data-aria-level=\"1\"><span data-contrast=\"auto\">Gestione del progetto<\/span><\/li><\/ul><ul><li aria-setsize=\"-1\" data-leveltext=\"\uf0b7\" data-font=\"Symbol\" data-listid=\"4\" data-list-defn-props=\"{\" data-aria-posinset=\"3\" data-aria-level=\"1\"><span data-contrast=\"auto\">Lingue e comunicazione<\/span><\/li><\/ul><ul><li aria-setsize=\"-1\" data-leveltext=\"\uf0b7\" data-font=\"Symbol\" data-listid=\"4\" data-list-defn-props=\"{\" data-aria-posinset=\"4\" data-aria-level=\"1\"><span data-contrast=\"auto\">Qualifiche commerciali<\/span> <br \/><span data-contrast=\"auto\">\ud83d\udc49<\/span><span data-contrast=\"auto\"> Visualizza tutti i corsi BFD<\/span><\/li><\/ul><p>\u00a0<\/p><h5><b><span data-contrast=\"auto\">\u2764\ufe0f<\/span><\/b><b><span data-contrast=\"auto\"> Non devi farlo da solo.<\/span><\/b><\/h5><p><span data-contrast=\"auto\">Il passaggio alla vita lavorativa civile pu\u00f2 essere impegnativo, ma tu meriti di essere sostenuto. Presso IEC non troverai solo corsi, ma anche <\/span><b><span data-contrast=\"auto\">Persone che ti capiscono<\/span><\/b><span data-contrast=\"auto\">che ti ascoltano e ti accompagnano. Hai gi\u00e0 ottenuto molto, ora \u00e8 il momento, <\/span><b><span data-contrast=\"auto\">per dare forma al tuo futuro<\/span><\/b><span data-contrast=\"auto\">.<\/span><\/p>\t\t\t\t\t\t\t\t<\/div>\n\t\t\t\t<\/div>\n\t\t\t\t\t<\/div>\n\t\t\t\t<\/div>\n\t\t<div class=\"elementor-element elementor-element-7e9bb55 e-flex e-con-boxed e-con e-parent\" data-id=\"7e9bb55\" data-element_type=\"container\" data-e-type=\"container\" data-settings=\"{&quot;background_background&quot;:&quot;gradient&quot;}\">\n\t\t\t\t\t<div class=\"e-con-inner\">\n\t\t\t\t<div class=\"elementor-element elementor-element-b787700 elementor-widget elementor-widget-heading\" data-id=\"b787700\" data-element_type=\"widget\" data-e-type=\"widget\" data-widget_type=\"heading.default\">\n\t\t\t\t<div class=\"elementor-widget-container\">\n\t\t\t\t\t<h3 class=\"elementor-heading-title elementor-size-default\">Richiedi subito una consulenza gratuita e senza impegno<\/h3>\t\t\t\t<\/div>\n\t\t\t\t<\/div>\n\t\t\t\t<div class=\"elementor-element elementor-element-3a9e89b elementor-widget elementor-widget-text-editor\" data-id=\"3a9e89b\" data-element_type=\"widget\" data-e-type=\"widget\" data-widget_type=\"text-editor.default\">\n\t\t\t\t<div class=\"elementor-widget-container\">\n\t\t\t\t\t\t\t\t\t<p><span class=\"TextRun SCXW58432035 BCX8\" lang=\"DE-DE\" xml:lang=\"DE-DE\" data-contrast=\"auto\"><span class=\"NormalTextRun SCXW58432035 BCX8\">Il nostro team conosce bene i finanziamenti BFD e ti consiglier\u00e0 personalmente, senza pressioni o obblighi.<\/span><\/span><\/p>\t\t\t\t\t\t\t\t<\/div>\n\t\t\t\t<\/div>\n\t\t\t\t<div class=\"elementor-element elementor-element-7a891ef elementor-align-center elementor-widget elementor-widget-button\" data-id=\"7a891ef\" data-element_type=\"widget\" data-e-type=\"widget\" data-widget_type=\"button.default\">\n\t\t\t\t<div class=\"elementor-widget-container\">\n\t\t\t\t\t\t\t\t\t<div class=\"elementor-button-wrapper\">\n\t\t\t\t\t<a class=\"elementor-button elementor-button-link elementor-size-sm\" href=\"#elementor-action%3Aaction%3Dpopup%3Aopen%26settings%3DeyJpZCI6MjAyNjQsInRvZ2dsZSI6ZmFsc2V9\">\n\t\t\t\t\t\t<span class=\"elementor-button-content-wrapper\">\n\t\t\t\t\t\t\t\t\t<span class=\"elementor-button-text\">Chiedi subito consiglio!<\/span>\n\t\t\t\t\t<\/span>\n\t\t\t\t\t<\/a>\n\t\t\t\t<\/div>\n\t\t\t\t\t\t\t\t<\/div>\n\t\t\t\t<\/div>\n\t\t\t\t\t<\/div>\n\t\t\t\t<\/div>\n\t\t\t\t<\/div>\n\t\t","protected":false},"excerpt":{"rendered":"<p>Supporto BFD: il tuo nuovo inizio dopo il servizio di leva Formazione continua personalizzata per gli ex soldati &#8211; con il pieno supporto di IEC Hai completato il tuo servizio nella Bundeswehr &#8211; con impegno, disciplina e responsabilit\u00e0. Ora il passo successivo \u00e8 imminente: il passaggio alla vita lavorativa civile. Ti starai chiedendo come gestire [&hellip;]<\/p>\n","protected":false},"author":77,"featured_media":0,"parent":0,"menu_order":0,"comment_status":"closed","ping_status":"closed","template":"","meta":{"_acf_changed":false,"footnotes":""},"class_list":["post-18788","page","type-page","status-publish","hentry"],"acf":[],"yoast_head":"<!-- This site is optimized with the Yoast SEO Premium plugin v25.9 (Yoast SEO v26.9) - https:\/\/yoast.com\/product\/yoast-seo-premium-wordpress\/ -->\n<title>Finanziamento BFD - International Education Centers<\/title>\n<meta name=\"description\" content=\"Ricevi un sostegno finanziario per il tuo Servizio Volontario Federale con la borsa di studio BFD a Wuppertal presso IEC. Il team IEC ti aiuter\u00e0.\" \/>\n<meta name=\"robots\" content=\"index, follow, max-snippet:-1, max-image-preview:large, max-video-preview:-1\" \/>\n<link rel=\"canonical\" href=\"https:\/\/internationaleducationcenters.de\/it\/finanziamento-bfd\/\" \/>\n<meta property=\"og:locale\" content=\"it_IT\" \/>\n<meta property=\"og:type\" content=\"article\" \/>\n<meta property=\"og:title\" content=\"Finanziamento BFD\" \/>\n<meta property=\"og:description\" content=\"Ricevi un sostegno finanziario per il tuo Servizio Volontario Federale con la borsa di studio BFD a Wuppertal presso IEC. Il team IEC ti aiuter\u00e0.\" \/>\n<meta property=\"og:url\" content=\"https:\/\/internationaleducationcenters.de\/it\/finanziamento-bfd\/\" \/>\n<meta property=\"og:site_name\" content=\"International Education Centers\" \/>\n<meta property=\"article:publisher\" content=\"https:\/\/www.facebook.com\/InternationalEducationCenters\/\" \/>\n<meta property=\"article:modified_time\" content=\"2025-12-16T08:45:49+00:00\" \/>\n<meta name=\"twitter:card\" content=\"summary_large_image\" \/>\n<meta name=\"twitter:label1\" content=\"Tempo di lettura stimato\" \/>\n\t<meta name=\"twitter:data1\" content=\"3 minuti\" \/>\n<script type=\"application\/ld+json\" class=\"yoast-schema-graph\">{\"@context\":\"https:\/\/schema.org\",\"@graph\":[{\"@type\":\"WebPage\",\"@id\":\"https:\/\/internationaleducationcenters.de\/it\/finanziamento-bfd\/\",\"url\":\"https:\/\/internationaleducationcenters.de\/it\/finanziamento-bfd\/\",\"name\":\"Finanziamento BFD - International Education Centers\",\"isPartOf\":{\"@id\":\"https:\/\/internationaleducationcenters.de\/it\/#website\"},\"datePublished\":\"2025-10-09T10:27:28+00:00\",\"dateModified\":\"2025-12-16T08:45:49+00:00\",\"description\":\"Ricevi un sostegno finanziario per il tuo Servizio Volontario Federale con la borsa di studio BFD a Wuppertal presso IEC. Il team IEC ti aiuter\u00e0.\",\"breadcrumb\":{\"@id\":\"https:\/\/internationaleducationcenters.de\/it\/finanziamento-bfd\/#breadcrumb\"},\"inLanguage\":\"it-IT\",\"potentialAction\":[{\"@type\":\"ReadAction\",\"target\":[\"https:\/\/internationaleducationcenters.de\/it\/finanziamento-bfd\/\"]}]},{\"@type\":\"BreadcrumbList\",\"@id\":\"https:\/\/internationaleducationcenters.de\/it\/finanziamento-bfd\/#breadcrumb\",\"itemListElement\":[{\"@type\":\"ListItem\",\"position\":1,\"name\":\"Home\",\"item\":\"https:\/\/internationaleducationcenters.de\/it\/\"},{\"@type\":\"ListItem\",\"position\":2,\"name\":\"Finanziamento BFD\"}]},{\"@type\":\"WebSite\",\"@id\":\"https:\/\/internationaleducationcenters.de\/it\/#website\",\"url\":\"https:\/\/internationaleducationcenters.de\/it\/\",\"name\":\"International Education Centers\",\"description\":\"\",\"publisher\":{\"@id\":\"https:\/\/internationaleducationcenters.de\/it\/#organization\"},\"potentialAction\":[{\"@type\":\"SearchAction\",\"target\":{\"@type\":\"EntryPoint\",\"urlTemplate\":\"https:\/\/internationaleducationcenters.de\/it\/?s={search_term_string}\"},\"query-input\":{\"@type\":\"PropertyValueSpecification\",\"valueRequired\":true,\"valueName\":\"search_term_string\"}}],\"inLanguage\":\"it-IT\"},{\"@type\":\"Organization\",\"@id\":\"https:\/\/internationaleducationcenters.de\/it\/#organization\",\"name\":\"International Education Centers\",\"alternateName\":\"IEC\",\"url\":\"https:\/\/internationaleducationcenters.de\/it\/\",\"logo\":{\"@type\":\"ImageObject\",\"inLanguage\":\"it-IT\",\"@id\":\"https:\/\/internationaleducationcenters.de\/it\/#\/schema\/logo\/image\/\",\"url\":\"https:\/\/internationaleducationcenters.de\/wp-content\/uploads\/2025\/08\/IEC_favicon-1.png\",\"contentUrl\":\"https:\/\/internationaleducationcenters.de\/wp-content\/uploads\/2025\/08\/IEC_favicon-1.png\",\"width\":512,\"height\":512,\"caption\":\"International Education Centers\"},\"image\":{\"@id\":\"https:\/\/internationaleducationcenters.de\/it\/#\/schema\/logo\/image\/\"},\"sameAs\":[\"https:\/\/www.facebook.com\/InternationalEducationCenters\/\"]}]}<\/script>\n<!-- \/ Yoast SEO Premium plugin. -->","yoast_head_json":{"title":"Finanziamento BFD - International Education Centers","description":"Ricevi un sostegno finanziario per il tuo Servizio Volontario Federale con la borsa di studio BFD a Wuppertal presso IEC. Il team IEC ti aiuter\u00e0.","robots":{"index":"index","follow":"follow","max-snippet":"max-snippet:-1","max-image-preview":"max-image-preview:large","max-video-preview":"max-video-preview:-1"},"canonical":"https:\/\/internationaleducationcenters.de\/it\/finanziamento-bfd\/","og_locale":"it_IT","og_type":"article","og_title":"Finanziamento BFD","og_description":"Ricevi un sostegno finanziario per il tuo Servizio Volontario Federale con la borsa di studio BFD a Wuppertal presso IEC. Il team IEC ti aiuter\u00e0.","og_url":"https:\/\/internationaleducationcenters.de\/it\/finanziamento-bfd\/","og_site_name":"International Education Centers","article_publisher":"https:\/\/www.facebook.com\/InternationalEducationCenters\/","article_modified_time":"2025-12-16T08:45:49+00:00","twitter_card":"summary_large_image","twitter_misc":{"Tempo di lettura stimato":"3 minuti"},"schema":{"@context":"https:\/\/schema.org","@graph":[{"@type":"WebPage","@id":"https:\/\/internationaleducationcenters.de\/it\/finanziamento-bfd\/","url":"https:\/\/internationaleducationcenters.de\/it\/finanziamento-bfd\/","name":"Finanziamento BFD - International Education Centers","isPartOf":{"@id":"https:\/\/internationaleducationcenters.de\/it\/#website"},"datePublished":"2025-10-09T10:27:28+00:00","dateModified":"2025-12-16T08:45:49+00:00","description":"Ricevi un sostegno finanziario per il tuo Servizio Volontario Federale con la borsa di studio BFD a Wuppertal presso IEC. Il team IEC ti aiuter\u00e0.","breadcrumb":{"@id":"https:\/\/internationaleducationcenters.de\/it\/finanziamento-bfd\/#breadcrumb"},"inLanguage":"it-IT","potentialAction":[{"@type":"ReadAction","target":["https:\/\/internationaleducationcenters.de\/it\/finanziamento-bfd\/"]}]},{"@type":"BreadcrumbList","@id":"https:\/\/internationaleducationcenters.de\/it\/finanziamento-bfd\/#breadcrumb","itemListElement":[{"@type":"ListItem","position":1,"name":"Home","item":"https:\/\/internationaleducationcenters.de\/it\/"},{"@type":"ListItem","position":2,"name":"Finanziamento BFD"}]},{"@type":"WebSite","@id":"https:\/\/internationaleducationcenters.de\/it\/#website","url":"https:\/\/internationaleducationcenters.de\/it\/","name":"International Education Centers","description":"","publisher":{"@id":"https:\/\/internationaleducationcenters.de\/it\/#organization"},"potentialAction":[{"@type":"SearchAction","target":{"@type":"EntryPoint","urlTemplate":"https:\/\/internationaleducationcenters.de\/it\/?s={search_term_string}"},"query-input":{"@type":"PropertyValueSpecification","valueRequired":true,"valueName":"search_term_string"}}],"inLanguage":"it-IT"},{"@type":"Organization","@id":"https:\/\/internationaleducationcenters.de\/it\/#organization","name":"International Education Centers","alternateName":"IEC","url":"https:\/\/internationaleducationcenters.de\/it\/","logo":{"@type":"ImageObject","inLanguage":"it-IT","@id":"https:\/\/internationaleducationcenters.de\/it\/#\/schema\/logo\/image\/","url":"https:\/\/internationaleducationcenters.de\/wp-content\/uploads\/2025\/08\/IEC_favicon-1.png","contentUrl":"https:\/\/internationaleducationcenters.de\/wp-content\/uploads\/2025\/08\/IEC_favicon-1.png","width":512,"height":512,"caption":"International Education Centers"},"image":{"@id":"https:\/\/internationaleducationcenters.de\/it\/#\/schema\/logo\/image\/"},"sameAs":["https:\/\/www.facebook.com\/InternationalEducationCenters\/"]}]}},"_links":{"self":[{"href":"https:\/\/internationaleducationcenters.de\/it\/wp-json\/wp\/v2\/pages\/18788","targetHints":{"allow":["GET"]}}],"collection":[{"href":"https:\/\/internationaleducationcenters.de\/it\/wp-json\/wp\/v2\/pages"}],"about":[{"href":"https:\/\/internationaleducationcenters.de\/it\/wp-json\/wp\/v2\/types\/page"}],"author":[{"embeddable":true,"href":"https:\/\/internationaleducationcenters.de\/it\/wp-json\/wp\/v2\/users\/77"}],"replies":[{"embeddable":true,"href":"https:\/\/internationaleducationcenters.de\/it\/wp-json\/wp\/v2\/comments?post=18788"}],"version-history":[{"count":11,"href":"https:\/\/internationaleducationcenters.de\/it\/wp-json\/wp\/v2\/pages\/18788\/revisions"}],"predecessor-version":[{"id":23739,"href":"https:\/\/internationaleducationcenters.de\/it\/wp-json\/wp\/v2\/pages\/18788\/revisions\/23739"}],"wp:attachment":[{"href":"https:\/\/internationaleducationcenters.de\/it\/wp-json\/wp\/v2\/media?parent=18788"}],"curies":[{"name":"wp","href":"https:\/\/api.w.org\/{rel}","templated":true}]}}