{"id":4681,"date":"2024-04-04T15:09:00","date_gmt":"2024-04-04T13:09:00","guid":{"rendered":"https:\/\/internationaleducationcenters.de\/impronta\/"},"modified":"2025-12-16T13:47:03","modified_gmt":"2025-12-16T12:47:03","slug":"impronta","status":"publish","type":"page","link":"https:\/\/internationaleducationcenters.de\/it\/impronta\/","title":{"rendered":"Impronta"},"content":{"rendered":"\t\t<div data-elementor-type=\"wp-page\" data-elementor-id=\"4681\" class=\"elementor elementor-4681 elementor-2333\" data-elementor-post-type=\"page\">\n\t\t\t\t<div class=\"elementor-element elementor-element-35332699 e-flex e-con-boxed e-con e-parent\" data-id=\"35332699\" data-element_type=\"container\" data-e-type=\"container\" data-settings=\"{&quot;background_background&quot;:&quot;gradient&quot;}\">\n\t\t\t\t\t<div class=\"e-con-inner\">\n\t\t\t\t\t<\/div>\n\t\t\t\t<\/div>\n\t\t<div class=\"elementor-element elementor-element-4273399a e-con-full e-flex e-con e-parent\" data-id=\"4273399a\" data-element_type=\"container\" data-e-type=\"container\">\n\t\t\t\t<div class=\"elementor-element elementor-element-6caf01ff elementor-widget elementor-widget-heading\" data-id=\"6caf01ff\" data-element_type=\"widget\" data-e-type=\"widget\" data-widget_type=\"heading.default\">\n\t\t\t\t<div class=\"elementor-widget-container\">\n\t\t\t\t\t<h2 class=\"elementor-heading-title elementor-size-default\">La tua impronta  <\/h2>\t\t\t\t<\/div>\n\t\t\t\t<\/div>\n\t\t\t\t<div class=\"elementor-element elementor-element-7a535744 elementor-widget elementor-widget-text-editor\" data-id=\"7a535744\" data-element_type=\"widget\" data-e-type=\"widget\" data-widget_type=\"text-editor.default\">\n\t\t\t\t<div class=\"elementor-widget-container\">\n\t\t\t\t\t\t\t\t\t<p><span class=\"TextRun SCXW33094049 BCX8\" lang=\"DE-DE\" xml:lang=\"DE-DE\" data-contrast=\"auto\"><span class=\"NormalTextRun SCXW33094049 BCX8\" data-ccp-parastyle=\"Body Text\">Di seguito troverai le informazioni obbligatorie per legge sul fornitore di questo sito web.<\/span><\/span><span class=\"EOP SCXW33094049 BCX8\" data-ccp-props=\"{\"201341983\":0,\"335559737\":439,\"335559738\":283,\"335559740\":249}\"> <\/span><\/p><p><span data-contrast=\"auto\">IEC &#8211; International Education Centres GmbH Lise-Meitner Str.<\/span><span data-ccp-props=\"{\"201341983\":0,\"335559685\":400,\"335559737\":6066,\"335559738\":284,\"335559740\":249}\"> <\/span><\/p><p><span data-contrast=\"auto\">5-9<\/span><span data-ccp-props=\"{\"201341983\":1,\"335559685\":400,\"335559740\":239}\"> <\/span><\/p><p><span data-contrast=\"auto\">42119 Wuppertal<\/span><span data-ccp-props=\"{\"335559685\":400,\"335559738\":8}\"> <\/span><\/p><p><span data-ccp-props=\"{\"335559738\":17}\"> <\/span><\/p><p><span data-contrast=\"auto\">Registro delle imprese: HRB 26351<\/span><span data-ccp-props=\"{\"201341983\":0,\"335559685\":400,\"335559737\":5529,\"335559738\":1,\"335559740\":249}\"> <\/span><\/p><p><span data-contrast=\"auto\">Tribunale del registro: Tribunale locale di Wuppertal<\/span><span data-ccp-props=\"{\"201341983\":0,\"335559685\":400,\"335559737\":5529,\"335559738\":1,\"335559740\":249}\"> <\/span><\/p><p><span data-ccp-props=\"{\"335559738\":6}\"> <\/span><\/p><p><b><span data-contrast=\"auto\">Rappresentato da:<\/span><\/b><span data-ccp-props=\"{\"335559685\":400}\"> <\/span><\/p><p><span data-contrast=\"auto\">Dipl. Il matematico aziendale Yasemin Sahin<\/span><span data-ccp-props=\"{\"201341983\":0,\"335559685\":400,\"335559737\":6436,\"335559738\":9,\"335559740\":249}\"> <\/span><\/p><p><span data-ccp-props=\"{\"335559738\":7}\"> <\/span><\/p><p aria-level=\"2\"><b><span data-contrast=\"auto\">Contattaci<\/span><\/b><span data-ccp-props=\"{\"335559685\":400}\"> <\/span><\/p><p><span data-contrast=\"auto\">Telefono: +49 (202) 261 58 77 0<\/span><span data-ccp-props=\"{\"335559685\":400,\"335559738\":263}\"> <\/span><\/p><p><span data-contrast=\"auto\">e-mail: <\/span><a href=\"mailto:info@internationaleducationcenters.de\"><span data-contrast=\"auto\">info@internationaleducationcenters.de<\/span><\/a><span data-ccp-props=\"{\"335559685\":400,\"335559738\":8}\"> <\/span><\/p><p><span data-ccp-props=\"{\"335559738\":19}\"> <\/span><\/p><p aria-level=\"2\"><b><span data-contrast=\"auto\">Numero di identificazione dell&#8217;azienda<\/span><\/b><span data-ccp-props=\"{\"335559685\":400}\"> <\/span><\/p><p><span data-contrast=\"auto\">DE431184793<\/span><span data-ccp-props=\"{\"335559685\":400,\"335559738\":262}\"> <\/span><\/p><p><span data-ccp-props=\"{\"335559738\":19}\"> <\/span><\/p><p aria-level=\"2\"><b><span data-contrast=\"auto\">Centro di risoluzione delle controversie dei consumatori\/ arbitrato universale<\/span><\/b><span data-ccp-props=\"{\"335559685\":400}\"> <\/span><\/p><p><span data-contrast=\"auto\">Partecipiamo a una procedura di risoluzione delle controversie davanti a un collegio arbitrale dei consumatori. Il collegio arbitrale universale del Zentrum f\u00fcr Schlichtung e.V., Stra\u00dfburger Stra\u00dfe 8, 77694 Kehl am Rhein ( <\/span><span data-ccp-props=\"{\"201341983\":0,\"335559685\":400,\"335559737\":439,\"335559738\":262,\"335559740\":249}\"> <\/span><\/p><p><a href=\"https:\/\/www.verbraucher-schlichter.de\/\"><span data-contrast=\"none\">https:\/\/www.verbraucher-schlichter.de<\/span><\/a><span data-contrast=\"auto\">).<\/span><span data-ccp-props=\"{\"201341983\":1,\"335559685\":400,\"335559740\":238}\"> <\/span><\/p><p><span data-ccp-props=\"{\"335559738\":19}\"> <\/span><\/p><p aria-level=\"2\"><b><span data-contrast=\"auto\">Punto di contatto centrale ai sensi del Digital Services Act &#8211; DSA (Regolamento (UE) 2022\/265)<\/span><\/b><span data-ccp-props=\"{\"201341983\":0,\"335559685\":400,\"335559740\":249}\"> <\/span><\/p><p><span data-contrast=\"auto\">Puoi raggiungere il nostro punto di contatto centrale per gli utenti e le autorit\u00e0 in conformit\u00e0 con gli Art. 11, 12 DSA come segue: E-mail: <\/span><a href=\"mailto:dataprivacy@internationaleducationcenters.de\"><span data-contrast=\"auto\">dataprivacy@internationaleducationcenters.de<\/span><\/a><span data-ccp-props=\"{\"201341983\":1,\"335559685\":400,\"335559737\":1229,\"335559738\":45,\"335559740\":500}\"> <\/span><\/p><p><span data-contrast=\"auto\">Telefono: +49 (202)261 58 770<\/span><span data-ccp-props=\"{\"201341983\":1,\"335559685\":400,\"335559740\":191}\"> <\/span><\/p><p><span data-contrast=\"auto\">5-9  <\/span><span data-ccp-props=\"{}\"> <\/span><\/p><p><span data-contrast=\"auto\">42119 Wuppertal  <\/span><span data-ccp-props=\"{}\"> <\/span><\/p><p><span data-contrast=\"auto\"> <\/span><span data-ccp-props=\"{}\"> <\/span><\/p><p><span data-contrast=\"auto\">Registro delle imprese: HRB 26351  <\/span><span data-ccp-props=\"{}\"> <\/span><\/p><p><span data-contrast=\"auto\">Tribunale del registro: Tribunale locale di Wuppertal  <\/span><span data-ccp-props=\"{}\"> <\/span><\/p><p><span data-contrast=\"auto\"> <\/span><span data-ccp-props=\"{}\"> <\/span><\/p><p><span data-contrast=\"auto\">Rappresentato da:  <\/span><span data-ccp-props=\"{}\"> <\/span><\/p><p><span data-contrast=\"auto\">Dipl. Il matematico aziendale Yasemin Sahin  <\/span><span data-ccp-props=\"{}\"> <\/span><\/p><p><span data-contrast=\"auto\"> <\/span><span data-ccp-props=\"{}\"> <\/span><\/p><p><span data-contrast=\"auto\">Contattaci  <\/span><span data-ccp-props=\"{}\"> <\/span><\/p><p><span data-contrast=\"auto\">Telefono: +49 (202) 261 58 77 0  <\/span><span data-ccp-props=\"{}\"> <\/span><\/p><p><span data-contrast=\"auto\">E-mail: info@internationaleducationcenters.de  <\/span><span data-ccp-props=\"{}\"> <\/span><\/p><p><span data-contrast=\"auto\"> <\/span><span data-ccp-props=\"{}\"> <\/span><\/p><p><span data-contrast=\"auto\">Numero di identificazione dell&#8217;azienda  <\/span><span data-ccp-props=\"{}\"> <\/span><\/p><p><span data-contrast=\"auto\">DE431184793  <\/span><span data-ccp-props=\"{}\"> <\/span><\/p><p><span data-contrast=\"auto\"> <\/span><span data-ccp-props=\"{}\"> <\/span><\/p><p><span data-contrast=\"auto\">Centro di risoluzione delle controversie dei consumatori\/ arbitrato universale  <\/span><span data-ccp-props=\"{}\"> <\/span><\/p><p><span data-contrast=\"auto\">Partecipiamo a una procedura di risoluzione delle controversie davanti a un collegio arbitrale dei consumatori. Il Collegio arbitrale universale del Zentrum f\u00fcr Schlichtung e.V., Stra\u00dfburger Stra\u00dfe 8, 77694 Kehl am Rhein (   <\/span><span data-ccp-props=\"{}\"> <\/span><\/p><p><span data-contrast=\"auto\">https:\/\/www.verbraucher-schlichter.de).\n <\/span><span data-ccp-props=\"{}\"> <\/span><\/p><p><span data-contrast=\"auto\"> <\/span><span data-ccp-props=\"{}\"> <\/span><\/p><p><span data-contrast=\"auto\">Punto di contatto centrale ai sensi del Digital Services Act &#8211; DSA (Regolamento (UE) 2022\/265)  <\/span><span data-ccp-props=\"{}\"> <\/span><\/p><p><span data-contrast=\"auto\">Puoi contattare il nostro punto di contatto centrale per gli utenti e le autorit\u00e0 in conformit\u00e0 con l&#8217;art. 11, 12 DSA come segue:<br>EMail:dataprivacy@internationaleducationcenters.de  <\/span><span data-ccp-props=\"{}\"> <\/span><\/p><p><span data-contrast=\"auto\">Telefono: +49 (202)261 58 770  <\/span><span data-ccp-props=\"{}\"> <\/span><\/p><p><span data-contrast=\"auto\"> <\/span><span data-ccp-props=\"{}\"> <\/span><\/p><p><span data-ccp-props=\"{\"201341983\":1,\"335559685\":400,\"335559740\":191}\"> <\/span><\/p>\t\t\t\t\t\t\t\t<\/div>\n\t\t\t\t<\/div>\n\t\t\t\t<\/div>\n\t\t\t\t<\/div>\n\t\t","protected":false},"excerpt":{"rendered":"<p>La tua impronta Di seguito troverai le informazioni obbligatorie per legge sul fornitore di questo sito web. IEC &#8211; International Education Centres GmbH Lise-Meitner Str. 5-9 42119 Wuppertal Registro delle imprese: HRB 26351 Tribunale del registro: Tribunale locale di Wuppertal Rappresentato da: Dipl. Il matematico aziendale Yasemin Sahin Contattaci Telefono: +49 (202) 261 58 77 [&hellip;]<\/p>\n","protected":false},"author":6,"featured_media":0,"parent":0,"menu_order":0,"comment_status":"closed","ping_status":"closed","template":"","meta":{"_acf_changed":false,"footnotes":""},"class_list":["post-4681","page","type-page","status-publish","hentry"],"acf":[],"yoast_head":"<!-- This site is optimized with the Yoast SEO Premium plugin v25.9 (Yoast SEO v26.9) - https:\/\/yoast.com\/product\/yoast-seo-premium-wordpress\/ -->\n<title>Impronta - International Education Centers<\/title>\n<meta name=\"description\" content=\"Scopri tutte le informazioni importanti sull&#039;imprinting di IEC-International Education Centres GmbH secondo il \u00a7 5 TMG.\" \/>\n<meta name=\"robots\" content=\"index, follow, max-snippet:-1, max-image-preview:large, max-video-preview:-1\" \/>\n<link rel=\"canonical\" href=\"https:\/\/internationaleducationcenters.de\/it\/impronta\/\" \/>\n<meta property=\"og:locale\" content=\"it_IT\" \/>\n<meta property=\"og:type\" content=\"article\" \/>\n<meta property=\"og:title\" content=\"Impronta\" \/>\n<meta property=\"og:description\" content=\"Scopri tutte le informazioni importanti sull&#039;imprinting di IEC-International Education Centres GmbH secondo il \u00a7 5 TMG.\" \/>\n<meta property=\"og:url\" content=\"https:\/\/internationaleducationcenters.de\/it\/impronta\/\" \/>\n<meta property=\"og:site_name\" content=\"International Education Centers\" \/>\n<meta property=\"article:publisher\" content=\"https:\/\/www.facebook.com\/InternationalEducationCenters\/\" \/>\n<meta property=\"article:modified_time\" content=\"2025-12-16T12:47:03+00:00\" \/>\n<meta name=\"twitter:card\" content=\"summary_large_image\" \/>\n<meta name=\"twitter:label1\" content=\"Tempo di lettura stimato\" \/>\n\t<meta name=\"twitter:data1\" content=\"2 minuti\" \/>\n<script type=\"application\/ld+json\" class=\"yoast-schema-graph\">{\"@context\":\"https:\/\/schema.org\",\"@graph\":[{\"@type\":\"WebPage\",\"@id\":\"https:\/\/internationaleducationcenters.de\/it\/impronta\/\",\"url\":\"https:\/\/internationaleducationcenters.de\/it\/impronta\/\",\"name\":\"Impronta - International Education Centers\",\"isPartOf\":{\"@id\":\"https:\/\/internationaleducationcenters.de\/it\/#website\"},\"datePublished\":\"2024-04-04T13:09:00+00:00\",\"dateModified\":\"2025-12-16T12:47:03+00:00\",\"description\":\"Scopri tutte le informazioni importanti sull'imprinting di IEC-International Education Centres GmbH secondo il \u00a7 5 TMG.\",\"breadcrumb\":{\"@id\":\"https:\/\/internationaleducationcenters.de\/it\/impronta\/#breadcrumb\"},\"inLanguage\":\"it-IT\",\"potentialAction\":[{\"@type\":\"ReadAction\",\"target\":[\"https:\/\/internationaleducationcenters.de\/it\/impronta\/\"]}]},{\"@type\":\"BreadcrumbList\",\"@id\":\"https:\/\/internationaleducationcenters.de\/it\/impronta\/#breadcrumb\",\"itemListElement\":[{\"@type\":\"ListItem\",\"position\":1,\"name\":\"Home\",\"item\":\"https:\/\/internationaleducationcenters.de\/it\/\"},{\"@type\":\"ListItem\",\"position\":2,\"name\":\"Impronta\"}]},{\"@type\":\"WebSite\",\"@id\":\"https:\/\/internationaleducationcenters.de\/it\/#website\",\"url\":\"https:\/\/internationaleducationcenters.de\/it\/\",\"name\":\"International Education Centers\",\"description\":\"\",\"publisher\":{\"@id\":\"https:\/\/internationaleducationcenters.de\/it\/#organization\"},\"potentialAction\":[{\"@type\":\"SearchAction\",\"target\":{\"@type\":\"EntryPoint\",\"urlTemplate\":\"https:\/\/internationaleducationcenters.de\/it\/?s={search_term_string}\"},\"query-input\":{\"@type\":\"PropertyValueSpecification\",\"valueRequired\":true,\"valueName\":\"search_term_string\"}}],\"inLanguage\":\"it-IT\"},{\"@type\":\"Organization\",\"@id\":\"https:\/\/internationaleducationcenters.de\/it\/#organization\",\"name\":\"International Education Centers\",\"alternateName\":\"IEC\",\"url\":\"https:\/\/internationaleducationcenters.de\/it\/\",\"logo\":{\"@type\":\"ImageObject\",\"inLanguage\":\"it-IT\",\"@id\":\"https:\/\/internationaleducationcenters.de\/it\/#\/schema\/logo\/image\/\",\"url\":\"https:\/\/internationaleducationcenters.de\/wp-content\/uploads\/2025\/08\/IEC_favicon-1.png\",\"contentUrl\":\"https:\/\/internationaleducationcenters.de\/wp-content\/uploads\/2025\/08\/IEC_favicon-1.png\",\"width\":512,\"height\":512,\"caption\":\"International Education Centers\"},\"image\":{\"@id\":\"https:\/\/internationaleducationcenters.de\/it\/#\/schema\/logo\/image\/\"},\"sameAs\":[\"https:\/\/www.facebook.com\/InternationalEducationCenters\/\"]}]}<\/script>\n<!-- \/ Yoast SEO Premium plugin. -->","yoast_head_json":{"title":"Impronta - International Education Centers","description":"Scopri tutte le informazioni importanti sull'imprinting di IEC-International Education Centres GmbH secondo il \u00a7 5 TMG.","robots":{"index":"index","follow":"follow","max-snippet":"max-snippet:-1","max-image-preview":"max-image-preview:large","max-video-preview":"max-video-preview:-1"},"canonical":"https:\/\/internationaleducationcenters.de\/it\/impronta\/","og_locale":"it_IT","og_type":"article","og_title":"Impronta","og_description":"Scopri tutte le informazioni importanti sull'imprinting di IEC-International Education Centres GmbH secondo il \u00a7 5 TMG.","og_url":"https:\/\/internationaleducationcenters.de\/it\/impronta\/","og_site_name":"International Education Centers","article_publisher":"https:\/\/www.facebook.com\/InternationalEducationCenters\/","article_modified_time":"2025-12-16T12:47:03+00:00","twitter_card":"summary_large_image","twitter_misc":{"Tempo di lettura stimato":"2 minuti"},"schema":{"@context":"https:\/\/schema.org","@graph":[{"@type":"WebPage","@id":"https:\/\/internationaleducationcenters.de\/it\/impronta\/","url":"https:\/\/internationaleducationcenters.de\/it\/impronta\/","name":"Impronta - International Education Centers","isPartOf":{"@id":"https:\/\/internationaleducationcenters.de\/it\/#website"},"datePublished":"2024-04-04T13:09:00+00:00","dateModified":"2025-12-16T12:47:03+00:00","description":"Scopri tutte le informazioni importanti sull'imprinting di IEC-International Education Centres GmbH secondo il \u00a7 5 TMG.","breadcrumb":{"@id":"https:\/\/internationaleducationcenters.de\/it\/impronta\/#breadcrumb"},"inLanguage":"it-IT","potentialAction":[{"@type":"ReadAction","target":["https:\/\/internationaleducationcenters.de\/it\/impronta\/"]}]},{"@type":"BreadcrumbList","@id":"https:\/\/internationaleducationcenters.de\/it\/impronta\/#breadcrumb","itemListElement":[{"@type":"ListItem","position":1,"name":"Home","item":"https:\/\/internationaleducationcenters.de\/it\/"},{"@type":"ListItem","position":2,"name":"Impronta"}]},{"@type":"WebSite","@id":"https:\/\/internationaleducationcenters.de\/it\/#website","url":"https:\/\/internationaleducationcenters.de\/it\/","name":"International Education Centers","description":"","publisher":{"@id":"https:\/\/internationaleducationcenters.de\/it\/#organization"},"potentialAction":[{"@type":"SearchAction","target":{"@type":"EntryPoint","urlTemplate":"https:\/\/internationaleducationcenters.de\/it\/?s={search_term_string}"},"query-input":{"@type":"PropertyValueSpecification","valueRequired":true,"valueName":"search_term_string"}}],"inLanguage":"it-IT"},{"@type":"Organization","@id":"https:\/\/internationaleducationcenters.de\/it\/#organization","name":"International Education Centers","alternateName":"IEC","url":"https:\/\/internationaleducationcenters.de\/it\/","logo":{"@type":"ImageObject","inLanguage":"it-IT","@id":"https:\/\/internationaleducationcenters.de\/it\/#\/schema\/logo\/image\/","url":"https:\/\/internationaleducationcenters.de\/wp-content\/uploads\/2025\/08\/IEC_favicon-1.png","contentUrl":"https:\/\/internationaleducationcenters.de\/wp-content\/uploads\/2025\/08\/IEC_favicon-1.png","width":512,"height":512,"caption":"International Education Centers"},"image":{"@id":"https:\/\/internationaleducationcenters.de\/it\/#\/schema\/logo\/image\/"},"sameAs":["https:\/\/www.facebook.com\/InternationalEducationCenters\/"]}]}},"_links":{"self":[{"href":"https:\/\/internationaleducationcenters.de\/it\/wp-json\/wp\/v2\/pages\/4681","targetHints":{"allow":["GET"]}}],"collection":[{"href":"https:\/\/internationaleducationcenters.de\/it\/wp-json\/wp\/v2\/pages"}],"about":[{"href":"https:\/\/internationaleducationcenters.de\/it\/wp-json\/wp\/v2\/types\/page"}],"author":[{"embeddable":true,"href":"https:\/\/internationaleducationcenters.de\/it\/wp-json\/wp\/v2\/users\/6"}],"replies":[{"embeddable":true,"href":"https:\/\/internationaleducationcenters.de\/it\/wp-json\/wp\/v2\/comments?post=4681"}],"version-history":[{"count":3,"href":"https:\/\/internationaleducationcenters.de\/it\/wp-json\/wp\/v2\/pages\/4681\/revisions"}],"predecessor-version":[{"id":23742,"href":"https:\/\/internationaleducationcenters.de\/it\/wp-json\/wp\/v2\/pages\/4681\/revisions\/23742"}],"wp:attachment":[{"href":"https:\/\/internationaleducationcenters.de\/it\/wp-json\/wp\/v2\/media?parent=4681"}],"curies":[{"name":"wp","href":"https:\/\/api.w.org\/{rel}","templated":true}]}}