{"id":4737,"date":"2024-04-23T10:16:10","date_gmt":"2024-04-23T08:16:10","guid":{"rendered":"https:\/\/internationaleducationcenters.de\/la-nostra-missione\/"},"modified":"2025-12-16T09:24:32","modified_gmt":"2025-12-16T08:24:32","slug":"la-nostra-missione","status":"publish","type":"page","link":"https:\/\/internationaleducationcenters.de\/it\/la-nostra-missione\/","title":{"rendered":"La nostra missione"},"content":{"rendered":"\t\t<div data-elementor-type=\"wp-page\" data-elementor-id=\"4737\" class=\"elementor elementor-4737 elementor-2385\" data-elementor-post-type=\"page\">\n\t\t\t\t<div class=\"elementor-element elementor-element-d3e27e4 kk__main-container e-flex e-con-boxed e-con e-parent\" data-id=\"d3e27e4\" data-element_type=\"container\" data-e-type=\"container\" data-settings=\"{&quot;background_background&quot;:&quot;classic&quot;}\">\n\t\t\t\t\t<div class=\"e-con-inner\">\n\t\t<div class=\"elementor-element elementor-element-19bcde3 e-flex e-con-boxed e-con e-child\" data-id=\"19bcde3\" data-element_type=\"container\" data-e-type=\"container\" data-settings=\"{&quot;background_background&quot;:&quot;classic&quot;}\">\n\t\t\t\t\t<div class=\"e-con-inner\">\n\t\t<div class=\"elementor-element elementor-element-d5a6d63 elementor-hidden-tablet elementor-hidden-mobile e-flex e-con-boxed e-con e-child\" data-id=\"d5a6d63\" data-element_type=\"container\" data-e-type=\"container\">\n\t\t\t\t\t<div class=\"e-con-inner\">\n\t\t\t\t\t<\/div>\n\t\t\t\t<\/div>\n\t\t<div class=\"elementor-element elementor-element-e7c0f45 e-flex e-con-boxed e-con e-child\" data-id=\"e7c0f45\" data-element_type=\"container\" data-e-type=\"container\">\n\t\t\t\t\t<div class=\"e-con-inner\">\n\t\t\t\t<div class=\"elementor-element elementor-element-1fe269d elementor-widget elementor-widget-heading\" data-id=\"1fe269d\" data-element_type=\"widget\" data-e-type=\"widget\" data-widget_type=\"heading.default\">\n\t\t\t\t<div class=\"elementor-widget-container\">\n\t\t\t\t\t<h1 class=\"elementor-heading-title elementor-size-default\">La nostra missione<\/h1>\t\t\t\t<\/div>\n\t\t\t\t<\/div>\n\t\t\t\t<div class=\"elementor-element elementor-element-58ef4ea elementor-widget elementor-widget-text-editor\" data-id=\"58ef4ea\" data-element_type=\"widget\" data-e-type=\"widget\" data-widget_type=\"text-editor.default\">\n\t\t\t\t<div class=\"elementor-widget-container\">\n\t\t\t\t\t\t\t\t\t<p>La nostra missione \u00e8 aprire la strada a un futuro di successo attraverso un&#8217;istruzione eccellente e un supporto dedicato.<\/p><p> <\/p><p>Scopri cosa ci spinge e quali valori caratterizzano il nostro lavoro presso gli International Education Centers.<\/p>\t\t\t\t\t\t\t\t<\/div>\n\t\t\t\t<\/div>\n\t\t\t\t<div class=\"elementor-element elementor-element-772a106 elementor-tablet-align-center elementor-widget elementor-widget-button\" data-id=\"772a106\" data-element_type=\"widget\" data-e-type=\"widget\" data-widget_type=\"button.default\">\n\t\t\t\t<div class=\"elementor-widget-container\">\n\t\t\t\t\t\t\t\t\t<div class=\"elementor-button-wrapper\">\n\t\t\t\t\t<a class=\"elementor-button elementor-button-link elementor-size-sm\" href=\"#mehrerfahren\">\n\t\t\t\t\t\t<span class=\"elementor-button-content-wrapper\">\n\t\t\t\t\t\t\t\t\t<span class=\"elementor-button-text\">Per saperne di pi\u00f9<\/span>\n\t\t\t\t\t<\/span>\n\t\t\t\t\t<\/a>\n\t\t\t\t<\/div>\n\t\t\t\t\t\t\t\t<\/div>\n\t\t\t\t<\/div>\n\t\t\t\t\t<\/div>\n\t\t\t\t<\/div>\n\t\t\t\t\t<\/div>\n\t\t\t\t<\/div>\n\t\t\t\t\t<\/div>\n\t\t\t\t<\/div>\n\t\t<div class=\"elementor-element elementor-element-b2b3d69 kk__main-container e-flex e-con-boxed e-con e-parent\" data-id=\"b2b3d69\" data-element_type=\"container\" data-e-type=\"container\" id=\"mehrerfahren\">\n\t\t\t\t\t<div class=\"e-con-inner\">\n\t\t\t\t<div class=\"elementor-element elementor-element-6a4647e elementor-widget elementor-widget-heading\" data-id=\"6a4647e\" data-element_type=\"widget\" data-e-type=\"widget\" data-widget_type=\"heading.default\">\n\t\t\t\t<div class=\"elementor-widget-container\">\n\t\t\t\t\t<h2 class=\"elementor-heading-title elementor-size-default\">Il nostro profilo<\/h2>\t\t\t\t<\/div>\n\t\t\t\t<\/div>\n\t\t\t\t<div class=\"elementor-element elementor-element-4ce0fdf elementor-widget elementor-widget-text-editor\" data-id=\"4ce0fdf\" data-element_type=\"widget\" data-e-type=\"widget\" data-widget_type=\"text-editor.default\">\n\t\t\t\t<div class=\"elementor-widget-container\">\n\t\t\t\t\t\t\t\t\t<p>Come IEC &#8211; International Education Centers GmbH, siamo un centro di formazione professionale.<br>Oltre alla tradizionale formazione in servizio, ai corsi di lingua, ai corsi di integrazione, alle ripetizioni e all&#8217;assistenza ai bambini per i genitori che vogliono imparare il tedesco, il team IEC implementa strumenti di politica del mercato del lavoro per un&#8217;ampia gamma di gruppi target.<\/p><p>I contenuti e gli obiettivi educativi e i requisiti di integrazione sono soggetti alle condizioni sociali, economiche e tecniche.<\/p><p>Per il team IEC \u00e8 sempre una sfida adattarsi in modo flessibile alle esigenze del mercato dell&#8217;istruzione in termini di riallineamento dei contenuti e organizzazione.<\/p><p>Il lavoro educativo \u00e8 associato a conseguenze di vasta portata per la futura qualit\u00e0 della vita del singolo partecipante. Abbiamo quindi una responsabilit\u00e0 sociale, che possiamo assolvere solo concentrandoci costantemente sui nostri partecipanti, sugli elevati standard di qualit\u00e0 e sull&#8217;affidabilit\u00e0 e integrit\u00e0 del nostro lavoro. In questo modo contribuiamo a dare forma a una societ\u00e0 della conoscenza umana e sostenibile.<\/p>\t\t\t\t\t\t\t\t<\/div>\n\t\t\t\t<\/div>\n\t\t\t\t<div class=\"elementor-element elementor-element-4352a8f elementor-widget elementor-widget-image\" data-id=\"4352a8f\" data-element_type=\"widget\" data-e-type=\"widget\" data-widget_type=\"image.default\">\n\t\t\t\t<div class=\"elementor-widget-container\">\n\t\t\t\t\t\t\t\t\t\t\t\t\t\t\t<img fetchpriority=\"high\" decoding=\"async\" width=\"1536\" height=\"849\" src=\"https:\/\/internationaleducationcenters.de\/wp-content\/uploads\/2023\/12\/start__hero1-1536x849.jpg\" class=\"attachment-1536x1536 size-1536x1536 wp-image-203\" alt=\"Deutsch f\u00fcr \u00c4rzte mit IEC in Wuppertal\" srcset=\"https:\/\/internationaleducationcenters.de\/wp-content\/uploads\/2023\/12\/start__hero1-1536x849.jpg 1536w, https:\/\/internationaleducationcenters.de\/wp-content\/uploads\/2023\/12\/start__hero1-scaled-600x332.jpg 600w, https:\/\/internationaleducationcenters.de\/wp-content\/uploads\/2023\/12\/start__hero1-300x166.jpg 300w, https:\/\/internationaleducationcenters.de\/wp-content\/uploads\/2023\/12\/start__hero1-1024x566.jpg 1024w, https:\/\/internationaleducationcenters.de\/wp-content\/uploads\/2023\/12\/start__hero1-768x425.jpg 768w, https:\/\/internationaleducationcenters.de\/wp-content\/uploads\/2023\/12\/start__hero1-2048x1132.jpg 2048w\" sizes=\"(max-width: 1536px) 100vw, 1536px\" \/>\t\t\t\t\t\t\t\t\t\t\t\t\t\t\t<\/div>\n\t\t\t\t<\/div>\n\t\t\t\t<div class=\"elementor-element elementor-element-3827a5e elementor-widget elementor-widget-heading\" data-id=\"3827a5e\" data-element_type=\"widget\" data-e-type=\"widget\" data-widget_type=\"heading.default\">\n\t\t\t\t<div class=\"elementor-widget-container\">\n\t\t\t\t\t<h2 class=\"elementor-heading-title elementor-size-default\">I nostri clienti<\/h2>\t\t\t\t<\/div>\n\t\t\t\t<\/div>\n\t\t\t\t<div class=\"elementor-element elementor-element-2c7eadb elementor-widget elementor-widget-text-editor\" data-id=\"2c7eadb\" data-element_type=\"widget\" data-e-type=\"widget\" data-widget_type=\"text-editor.default\">\n\t\t\t\t<div class=\"elementor-widget-container\">\n\t\t\t\t\t\t\t\t\t<p>I nostri clienti sono adulti con un&#8217;ampia gamma di background educativi e professionali che desiderano migliorare, ampliare o garantire le proprie possibilit\u00e0 sul mercato del lavoro partecipando ai nostri corsi, seminari e corsi di perfezionamento.<\/p><p> <\/p><p>Tra i nostri clienti ci sono anche enti e istituzioni pubbliche come l&#8217;Ufficio Federale per la Migrazione e i Rifugiati, ma anche la citt\u00e0 di Wuppertal, la citt\u00e0 di Remscheid e la citt\u00e0 di Solingen, nonch\u00e9 i centri per l&#8217;impiego di queste citt\u00e0.<\/p><p> <\/p><p>Tra i nostri clienti ci sono anche grandi aziende e privati.<\/p>\t\t\t\t\t\t\t\t<\/div>\n\t\t\t\t<\/div>\n\t\t\t\t<div class=\"elementor-element elementor-element-a72d2ec elementor-widget elementor-widget-image\" data-id=\"a72d2ec\" data-element_type=\"widget\" data-e-type=\"widget\" data-widget_type=\"image.default\">\n\t\t\t\t<div class=\"elementor-widget-container\">\n\t\t\t\t\t\t\t\t\t\t\t\t\t\t\t<img decoding=\"async\" width=\"1536\" height=\"501\" src=\"https:\/\/internationaleducationcenters.de\/wp-content\/uploads\/2024\/01\/happy-black-man-teacher-working-at-language-school-2022-01-06-01-16-13-utc-1536x501.jpg\" class=\"attachment-1536x1536 size-1536x1536 wp-image-684\" alt=\"Sprachkurse und Sprachschule Wuppertal \u2013 Deutsch lernen\" srcset=\"https:\/\/internationaleducationcenters.de\/wp-content\/uploads\/2024\/01\/happy-black-man-teacher-working-at-language-school-2022-01-06-01-16-13-utc-1536x501.jpg 1536w, https:\/\/internationaleducationcenters.de\/wp-content\/uploads\/2024\/01\/happy-black-man-teacher-working-at-language-school-2022-01-06-01-16-13-utc-scaled-600x196.jpg 600w, https:\/\/internationaleducationcenters.de\/wp-content\/uploads\/2024\/01\/happy-black-man-teacher-working-at-language-school-2022-01-06-01-16-13-utc-300x98.jpg 300w, https:\/\/internationaleducationcenters.de\/wp-content\/uploads\/2024\/01\/happy-black-man-teacher-working-at-language-school-2022-01-06-01-16-13-utc-1024x334.jpg 1024w, https:\/\/internationaleducationcenters.de\/wp-content\/uploads\/2024\/01\/happy-black-man-teacher-working-at-language-school-2022-01-06-01-16-13-utc-768x251.jpg 768w, https:\/\/internationaleducationcenters.de\/wp-content\/uploads\/2024\/01\/happy-black-man-teacher-working-at-language-school-2022-01-06-01-16-13-utc-2048x668.jpg 2048w\" sizes=\"(max-width: 1536px) 100vw, 1536px\" \/>\t\t\t\t\t\t\t\t\t\t\t\t\t\t\t<\/div>\n\t\t\t\t<\/div>\n\t\t\t\t<div class=\"elementor-element elementor-element-2f9616d elementor-widget elementor-widget-heading\" data-id=\"2f9616d\" data-element_type=\"widget\" data-e-type=\"widget\" data-widget_type=\"heading.default\">\n\t\t\t\t<div class=\"elementor-widget-container\">\n\t\t\t\t\t<h2 class=\"elementor-heading-title elementor-size-default\">I nostri obiettivi<\/h2>\t\t\t\t<\/div>\n\t\t\t\t<\/div>\n\t\t\t\t<div class=\"elementor-element elementor-element-bf2c401 elementor-widget elementor-widget-text-editor\" data-id=\"bf2c401\" data-element_type=\"widget\" data-e-type=\"widget\" data-widget_type=\"text-editor.default\">\n\t\t\t\t<div class=\"elementor-widget-container\">\n\t\t\t\t\t\t\t\t\t<p>Basandosi su un concetto globale di educazione, IEC &#8211; International Education Centres GmbH considera le persone come discenti in tutti i loro contesti sociali, culturali, professionali e privati. Quando sviluppiamo, pianifichiamo, organizziamo e implementiamo le nostre offerte, ci assicuriamo che siano aperte a tutti.<\/p><p> <\/p><p>Forniamo consulenza professionale a tutti gli interessati per consentire alle persone di ottenere qualifiche personali e professionali attraverso l&#8217;aggiornamento professionale e per migliorare le loro opportunit\u00e0 di partecipazione alla vita sociale, economica, politica e culturale. Offriamo opportunit\u00e0 di apprendimento creativo e di lavoro di gruppo. Creiamo una cultura dell&#8217;apprendimento che contribuisce a rafforzare l&#8217;individuo, le sue abilit\u00e0 sociali e la gioia di una formazione continua. Il nostro obiettivo \u00e8 quello di mantenere e sviluppare un&#8217;istituzione educativa vivace, aperta e amichevole.<\/p><p> <\/p><p>Il nostro obiettivo \u00e8 quello di sviluppare e garantire ai partecipanti prospettive di carriera basate sulla loro situazione personale e sulle loro competenze e di facilitare e promuovere la loro integrazione nel mercato del lavoro.<\/p><p> <\/p><p>I nostri obiettivi sono continuare a fornire una gamma costante di servizi educativi aggiornati e in linea con il mercato del lavoro<br>Reagire rapidamente e con competenza ai cambiamenti nei contenuti e nei processi educativi<br>Garantire la qualit\u00e0 e assicurare sempre la trasparenza nell&#8217;organizzazione e nei processi educativi<br>Assicurare un continuo sviluppo nel senso di un&#8217;organizzazione di apprendimento<br>Mantenere ed espandere il nostro status di fornitore di servizi educativi riconosciuto e affermato a Wuppertal.  <\/p>\t\t\t\t\t\t\t\t<\/div>\n\t\t\t\t<\/div>\n\t\t\t\t\t<\/div>\n\t\t\t\t<\/div>\n\t\t\t\t<\/div>\n\t\t","protected":false},"excerpt":{"rendered":"<p>La nostra missione La nostra missione \u00e8 aprire la strada a un futuro di successo attraverso un&#8217;istruzione eccellente e un supporto dedicato. Scopri cosa ci spinge e quali valori caratterizzano il nostro lavoro presso gli International Education Centers. Per saperne di pi\u00f9 Il nostro profilo Come IEC &#8211; International Education Centers GmbH, siamo un centro [&hellip;]<\/p>\n","protected":false},"author":6,"featured_media":0,"parent":0,"menu_order":0,"comment_status":"closed","ping_status":"closed","template":"","meta":{"_acf_changed":false,"footnotes":""},"class_list":["post-4737","page","type-page","status-publish","hentry"],"acf":[],"yoast_head":"<!-- This site is optimized with the Yoast SEO Premium plugin v25.9 (Yoast SEO v26.9) - https:\/\/yoast.com\/product\/yoast-seo-premium-wordpress\/ -->\n<title>La nostra missione - International Education Centers<\/title>\n<meta name=\"description\" content=\"La nostra missione in International Education Centers \u00e8 offrire formazione di qualit\u00e0, supporto educativo personalizzato e opportunit\u00e0 di crescita linguistica e professionale.\" \/>\n<meta name=\"robots\" content=\"index, follow, max-snippet:-1, max-image-preview:large, max-video-preview:-1\" \/>\n<link rel=\"canonical\" href=\"https:\/\/internationaleducationcenters.de\/it\/la-nostra-missione\/\" \/>\n<meta property=\"og:locale\" content=\"it_IT\" \/>\n<meta property=\"og:type\" content=\"article\" \/>\n<meta property=\"og:title\" content=\"La nostra missione\" \/>\n<meta property=\"og:description\" content=\"La nostra missione in International Education Centers \u00e8 offrire formazione di qualit\u00e0, supporto educativo personalizzato e opportunit\u00e0 di crescita linguistica e professionale.\" \/>\n<meta property=\"og:url\" content=\"https:\/\/internationaleducationcenters.de\/it\/la-nostra-missione\/\" \/>\n<meta property=\"og:site_name\" content=\"International Education Centers\" \/>\n<meta property=\"article:publisher\" content=\"https:\/\/www.facebook.com\/InternationalEducationCenters\/\" \/>\n<meta property=\"article:modified_time\" content=\"2025-12-16T08:24:32+00:00\" \/>\n<meta property=\"og:image\" content=\"https:\/\/internationaleducationcenters.de\/wp-content\/uploads\/2023\/12\/start__hero1-1536x849.jpg\" \/>\n<meta name=\"twitter:card\" content=\"summary_large_image\" \/>\n<meta name=\"twitter:label1\" content=\"Tempo di lettura stimato\" \/>\n\t<meta name=\"twitter:data1\" content=\"4 minuti\" \/>\n<script type=\"application\/ld+json\" class=\"yoast-schema-graph\">{\"@context\":\"https:\/\/schema.org\",\"@graph\":[{\"@type\":\"WebPage\",\"@id\":\"https:\/\/internationaleducationcenters.de\/it\/la-nostra-missione\/\",\"url\":\"https:\/\/internationaleducationcenters.de\/it\/la-nostra-missione\/\",\"name\":\"La nostra missione - International Education Centers\",\"isPartOf\":{\"@id\":\"https:\/\/internationaleducationcenters.de\/it\/#website\"},\"primaryImageOfPage\":{\"@id\":\"https:\/\/internationaleducationcenters.de\/it\/la-nostra-missione\/#primaryimage\"},\"image\":{\"@id\":\"https:\/\/internationaleducationcenters.de\/it\/la-nostra-missione\/#primaryimage\"},\"thumbnailUrl\":\"https:\/\/internationaleducationcenters.de\/wp-content\/uploads\/2023\/12\/start__hero1-1536x849.jpg\",\"datePublished\":\"2024-04-23T08:16:10+00:00\",\"dateModified\":\"2025-12-16T08:24:32+00:00\",\"description\":\"La nostra missione in International Education Centers \u00e8 offrire formazione di qualit\u00e0, supporto educativo personalizzato e opportunit\u00e0 di crescita linguistica e professionale.\",\"breadcrumb\":{\"@id\":\"https:\/\/internationaleducationcenters.de\/it\/la-nostra-missione\/#breadcrumb\"},\"inLanguage\":\"it-IT\",\"potentialAction\":[{\"@type\":\"ReadAction\",\"target\":[\"https:\/\/internationaleducationcenters.de\/it\/la-nostra-missione\/\"]}]},{\"@type\":\"ImageObject\",\"inLanguage\":\"it-IT\",\"@id\":\"https:\/\/internationaleducationcenters.de\/it\/la-nostra-missione\/#primaryimage\",\"url\":\"https:\/\/internationaleducationcenters.de\/wp-content\/uploads\/2023\/12\/start__hero1-1536x849.jpg\",\"contentUrl\":\"https:\/\/internationaleducationcenters.de\/wp-content\/uploads\/2023\/12\/start__hero1-1536x849.jpg\"},{\"@type\":\"BreadcrumbList\",\"@id\":\"https:\/\/internationaleducationcenters.de\/it\/la-nostra-missione\/#breadcrumb\",\"itemListElement\":[{\"@type\":\"ListItem\",\"position\":1,\"name\":\"Home\",\"item\":\"https:\/\/internationaleducationcenters.de\/it\/\"},{\"@type\":\"ListItem\",\"position\":2,\"name\":\"La nostra missione\"}]},{\"@type\":\"WebSite\",\"@id\":\"https:\/\/internationaleducationcenters.de\/it\/#website\",\"url\":\"https:\/\/internationaleducationcenters.de\/it\/\",\"name\":\"International Education Centers\",\"description\":\"\",\"publisher\":{\"@id\":\"https:\/\/internationaleducationcenters.de\/it\/#organization\"},\"potentialAction\":[{\"@type\":\"SearchAction\",\"target\":{\"@type\":\"EntryPoint\",\"urlTemplate\":\"https:\/\/internationaleducationcenters.de\/it\/?s={search_term_string}\"},\"query-input\":{\"@type\":\"PropertyValueSpecification\",\"valueRequired\":true,\"valueName\":\"search_term_string\"}}],\"inLanguage\":\"it-IT\"},{\"@type\":\"Organization\",\"@id\":\"https:\/\/internationaleducationcenters.de\/it\/#organization\",\"name\":\"International Education Centers\",\"alternateName\":\"IEC\",\"url\":\"https:\/\/internationaleducationcenters.de\/it\/\",\"logo\":{\"@type\":\"ImageObject\",\"inLanguage\":\"it-IT\",\"@id\":\"https:\/\/internationaleducationcenters.de\/it\/#\/schema\/logo\/image\/\",\"url\":\"https:\/\/internationaleducationcenters.de\/wp-content\/uploads\/2025\/08\/IEC_favicon-1.png\",\"contentUrl\":\"https:\/\/internationaleducationcenters.de\/wp-content\/uploads\/2025\/08\/IEC_favicon-1.png\",\"width\":512,\"height\":512,\"caption\":\"International Education Centers\"},\"image\":{\"@id\":\"https:\/\/internationaleducationcenters.de\/it\/#\/schema\/logo\/image\/\"},\"sameAs\":[\"https:\/\/www.facebook.com\/InternationalEducationCenters\/\"]}]}<\/script>\n<!-- \/ Yoast SEO Premium plugin. -->","yoast_head_json":{"title":"La nostra missione - International Education Centers","description":"La nostra missione in International Education Centers \u00e8 offrire formazione di qualit\u00e0, supporto educativo personalizzato e opportunit\u00e0 di crescita linguistica e professionale.","robots":{"index":"index","follow":"follow","max-snippet":"max-snippet:-1","max-image-preview":"max-image-preview:large","max-video-preview":"max-video-preview:-1"},"canonical":"https:\/\/internationaleducationcenters.de\/it\/la-nostra-missione\/","og_locale":"it_IT","og_type":"article","og_title":"La nostra missione","og_description":"La nostra missione in International Education Centers \u00e8 offrire formazione di qualit\u00e0, supporto educativo personalizzato e opportunit\u00e0 di crescita linguistica e professionale.","og_url":"https:\/\/internationaleducationcenters.de\/it\/la-nostra-missione\/","og_site_name":"International Education Centers","article_publisher":"https:\/\/www.facebook.com\/InternationalEducationCenters\/","article_modified_time":"2025-12-16T08:24:32+00:00","og_image":[{"url":"https:\/\/internationaleducationcenters.de\/wp-content\/uploads\/2023\/12\/start__hero1-1536x849.jpg","type":"","width":"","height":""}],"twitter_card":"summary_large_image","twitter_misc":{"Tempo di lettura stimato":"4 minuti"},"schema":{"@context":"https:\/\/schema.org","@graph":[{"@type":"WebPage","@id":"https:\/\/internationaleducationcenters.de\/it\/la-nostra-missione\/","url":"https:\/\/internationaleducationcenters.de\/it\/la-nostra-missione\/","name":"La nostra missione - International Education Centers","isPartOf":{"@id":"https:\/\/internationaleducationcenters.de\/it\/#website"},"primaryImageOfPage":{"@id":"https:\/\/internationaleducationcenters.de\/it\/la-nostra-missione\/#primaryimage"},"image":{"@id":"https:\/\/internationaleducationcenters.de\/it\/la-nostra-missione\/#primaryimage"},"thumbnailUrl":"https:\/\/internationaleducationcenters.de\/wp-content\/uploads\/2023\/12\/start__hero1-1536x849.jpg","datePublished":"2024-04-23T08:16:10+00:00","dateModified":"2025-12-16T08:24:32+00:00","description":"La nostra missione in International Education Centers \u00e8 offrire formazione di qualit\u00e0, supporto educativo personalizzato e opportunit\u00e0 di crescita linguistica e professionale.","breadcrumb":{"@id":"https:\/\/internationaleducationcenters.de\/it\/la-nostra-missione\/#breadcrumb"},"inLanguage":"it-IT","potentialAction":[{"@type":"ReadAction","target":["https:\/\/internationaleducationcenters.de\/it\/la-nostra-missione\/"]}]},{"@type":"ImageObject","inLanguage":"it-IT","@id":"https:\/\/internationaleducationcenters.de\/it\/la-nostra-missione\/#primaryimage","url":"https:\/\/internationaleducationcenters.de\/wp-content\/uploads\/2023\/12\/start__hero1-1536x849.jpg","contentUrl":"https:\/\/internationaleducationcenters.de\/wp-content\/uploads\/2023\/12\/start__hero1-1536x849.jpg"},{"@type":"BreadcrumbList","@id":"https:\/\/internationaleducationcenters.de\/it\/la-nostra-missione\/#breadcrumb","itemListElement":[{"@type":"ListItem","position":1,"name":"Home","item":"https:\/\/internationaleducationcenters.de\/it\/"},{"@type":"ListItem","position":2,"name":"La nostra missione"}]},{"@type":"WebSite","@id":"https:\/\/internationaleducationcenters.de\/it\/#website","url":"https:\/\/internationaleducationcenters.de\/it\/","name":"International Education Centers","description":"","publisher":{"@id":"https:\/\/internationaleducationcenters.de\/it\/#organization"},"potentialAction":[{"@type":"SearchAction","target":{"@type":"EntryPoint","urlTemplate":"https:\/\/internationaleducationcenters.de\/it\/?s={search_term_string}"},"query-input":{"@type":"PropertyValueSpecification","valueRequired":true,"valueName":"search_term_string"}}],"inLanguage":"it-IT"},{"@type":"Organization","@id":"https:\/\/internationaleducationcenters.de\/it\/#organization","name":"International Education Centers","alternateName":"IEC","url":"https:\/\/internationaleducationcenters.de\/it\/","logo":{"@type":"ImageObject","inLanguage":"it-IT","@id":"https:\/\/internationaleducationcenters.de\/it\/#\/schema\/logo\/image\/","url":"https:\/\/internationaleducationcenters.de\/wp-content\/uploads\/2025\/08\/IEC_favicon-1.png","contentUrl":"https:\/\/internationaleducationcenters.de\/wp-content\/uploads\/2025\/08\/IEC_favicon-1.png","width":512,"height":512,"caption":"International Education Centers"},"image":{"@id":"https:\/\/internationaleducationcenters.de\/it\/#\/schema\/logo\/image\/"},"sameAs":["https:\/\/www.facebook.com\/InternationalEducationCenters\/"]}]}},"_links":{"self":[{"href":"https:\/\/internationaleducationcenters.de\/it\/wp-json\/wp\/v2\/pages\/4737","targetHints":{"allow":["GET"]}}],"collection":[{"href":"https:\/\/internationaleducationcenters.de\/it\/wp-json\/wp\/v2\/pages"}],"about":[{"href":"https:\/\/internationaleducationcenters.de\/it\/wp-json\/wp\/v2\/types\/page"}],"author":[{"embeddable":true,"href":"https:\/\/internationaleducationcenters.de\/it\/wp-json\/wp\/v2\/users\/6"}],"replies":[{"embeddable":true,"href":"https:\/\/internationaleducationcenters.de\/it\/wp-json\/wp\/v2\/comments?post=4737"}],"version-history":[{"count":3,"href":"https:\/\/internationaleducationcenters.de\/it\/wp-json\/wp\/v2\/pages\/4737\/revisions"}],"predecessor-version":[{"id":23720,"href":"https:\/\/internationaleducationcenters.de\/it\/wp-json\/wp\/v2\/pages\/4737\/revisions\/23720"}],"wp:attachment":[{"href":"https:\/\/internationaleducationcenters.de\/it\/wp-json\/wp\/v2\/media?parent=4737"}],"curies":[{"name":"wp","href":"https:\/\/api.w.org\/{rel}","templated":true}]}}