{"id":17672,"date":"2025-09-30T10:46:06","date_gmt":"2025-09-30T08:46:06","guid":{"rendered":"https:\/\/internationaleducationcenters.de\/kurs\/corso-di-integrazione-per-persone-con-scarse-capacita-di-lettura\/"},"modified":"2025-12-04T10:44:17","modified_gmt":"2025-12-04T09:44:17","slug":"corso-di-integrazione-per-persone-con-scarse-capacita-di-lettura","status":"publish","type":"product","link":"https:\/\/internationaleducationcenters.de\/it\/prodotto\/corso-di-integrazione-per-persone-con-scarse-capacita-di-lettura\/","title":{"rendered":"Corso di integrazione per persone con scarse capacit\u00e0 di lettura"},"content":{"rendered":"\t\t<div data-elementor-type=\"product-post\" data-elementor-id=\"17672\" class=\"elementor elementor-17672 elementor-14127\" data-elementor-post-type=\"product\">\n\t\t\t\t<div class=\"elementor-element elementor-element-b01ac38 e-flex e-con-boxed e-con e-parent\" data-id=\"b01ac38\" data-element_type=\"container\" data-e-type=\"container\">\n\t\t\t\t\t<div class=\"e-con-inner\">\n\t\t\t\t<div class=\"elementor-element elementor-element-e16d397 elementor-widget elementor-widget-heading\" data-id=\"e16d397\" data-element_type=\"widget\" data-e-type=\"widget\" data-widget_type=\"heading.default\">\n\t\t\t\t<div class=\"elementor-widget-container\">\n\t\t\t\t\t<h3 class=\"elementor-heading-title elementor-size-default\">Corso di integrazione per persone con scarse capacit\u00e0 di lettura <br> Con noi passo dopo passo verso il linguaggio e la partecipazione  <\/h3>\t\t\t\t<\/div>\n\t\t\t\t<\/div>\n\t\t\t\t<div class=\"elementor-element elementor-element-b95c300 elementor-widget elementor-widget-text-editor\" data-id=\"b95c300\" data-element_type=\"widget\" data-e-type=\"widget\" data-widget_type=\"text-editor.default\">\n\t\t\t\t<div class=\"elementor-widget-container\">\n\t\t\t\t\t\t\t\t\t<h5>Che cos&#8217;\u00e8 un corso di integrazione per studenti poco alfabetizzati?  <\/h5><p>Questo corso si rivolge a persone con scarse capacit\u00e0 di lettura e scrittura &#8211; i cosiddetti analfabeti funzionali o persone con bassi livelli di alfabetizzazione. Molti partecipanti non hanno quasi nessuna competenza linguistica scritta nella loro lingua madre o non sono abituati alla scrittura e all&#8217;apprendimento. Il corso combina l&#8217;alfabetizzazione con l&#8217;apprendimento del tedesco ed \u00e8 appositamente studiato per le esigenze di questo gruppo target.    <\/p><p>A tal fine, il BAMF ha sviluppato un proprio concetto di corso che prevede una progressione lenta, contenuti pratici e metodi orientati alla partecipazione.  <\/p><p>L&#8217;obiettivo \u00e8 quello di combinare l&#8217;alfabetizzazione e l&#8217;apprendimento del tedesco per consentire la partecipazione alla vita sociale e l&#8217;accesso al mercato del lavoro.  <\/p><h5>Perch\u00e9 al Centro Internazionale di Educazione (IEC)?  <\/h5><p>Siamo un&#8217;organizzazione certificata BAMF e offriamo  <\/p><ul><li>Organizzazione certificata BAMF dal 2016  <\/li><li>Un team internazionale: parliamo molte lingue e forniamo consulenza multilingue.  <\/li><li>Assistenza gratuita ai bambini durante il corso  <\/li><li>Insegnanti esperti e specializzati nella formazione all&#8217;alfabetizzazione  <\/li><li>Piccoli gruppi per un supporto intensivo  <\/li><li>Supporti didattici digitali di supporto  <\/li><li>Contenuti pratici che riflettono la vita quotidiana in Germania  <\/li><li>Consulenza individuale su supporto e registrazione  <\/li><\/ul><h5>Struttura e contenuti del corso  <\/h5><p>Il corso \u00e8 composto da diversi moduli:  <\/p><ul><li>Moduli di alfabetizzazione (lettura, scrittura, educazione di base)  <\/li><li>  Formazione di lingua tedesca (livello A1-B1)  <\/li><li>Corso di orientamento (100 unit\u00e0): Vivere in Germania  <\/li><li>Esame finale: DTZ (test di tedesco per immigrati)  <\/li><li>Test Vivere in Germania ( LiD)  <\/li><\/ul><h5>  Piano del modulo  <\/h5><p>Modulo 1-2: Alfabetizzazione e preparazione all&#8217;A1  <\/p><ul><li>Modulo 3-5: Supporto linguistico fino a A1  <\/li><li>Modulo 6-12: Tedesco fino a A2\/B1 (CEFR)  <\/li><li>Corso di orientamento: 100 unit\u00e0 su politica, societ\u00e0 e cultura  <\/li><\/ul><p>Durata totale: fino a 1300 unit\u00e0 didattiche (TU) <br>Obiettivo di apprendimento: livello linguistico A2 o B1, a seconda dei progressi <br>Qualifiche:  <\/p><ul><li>Test tedesco per immigrati (DTZ)  <\/li><li>Test &#8220;Vita in Germania&#8221; (LiD)  <\/li><\/ul><h5>  Durata e orari del corso  <\/h5><ul><li>Durata: circa 12-15 mesi  <\/li><li>Lezioni: 4-5 lezioni al giorno, al mattino o al pomeriggio.  <\/li><li>Formato: insegnamento faccia a faccia, con componenti digitali se necessario.  <\/li><\/ul><h5>  Assistenza all&#8217;infanzia &#8211; gratuita e amorevole  <\/h5><p>Mentre tu impari il tedesco, noi ci occupiamo dei tuoi figli in modo sicuro e amorevole:  <\/p><ul><li>76 posti autorizzati dall&#8217;Ufficio di assistenza ai giovani di Wuppertal  <\/li><li>Gratuito per tutti i partecipanti al corso  <\/li><li>Registrazione semplice: con il documento d&#8217;identit\u00e0 del bambino e la tua carta d&#8217;identit\u00e0.  <\/li><li>Assistenza direttamente presso la sede del corso, senza lunghi spostamenti  <\/li><\/ul><p>\ud83d\udc49 Scopri di pi\u00f9 sull&#8217;assistenza all&#8217;infanzia  <\/p><p>Costi e finanziamenti  <\/p><ul><li>Il finanziamento al 100% \u00e8 possibile grazie al BAMF  <\/li><li>50 % di contributo proprio a determinate condizioni  <\/li><li>Quota di partecipazione: ad esempio, \u20ac 229 per il pagamento rateale.  <\/li><li>Consulenza e applicazione: direttamente con noi &#8211; senza complicazioni e in modo personalizzato  <\/li><\/ul><p>  Gruppo target  <\/p><ul><li>Persone con un basso livello di istruzione  <\/li><li>Persone con difficolt\u00e0 di lettura e scrittura  <\/li><li>Immigrati con esperienza di rifugiati  <\/li><li>Richiedenti asilo con buone prospettive di soggiorno  <\/li><li>Rimpatriati tardivi<i>e cittadini dell&#8217;UE<\/i> <\/li><\/ul><p>  Sedi e registrazione  <\/p><p>I nostri corsi per gli studenti meno alfabetizzati si svolgono in sale moderne a Wuppertal e dintorni oppure online.  <\/p><p> <\/p>\t\t\t\t\t\t\t\t<\/div>\n\t\t\t\t<\/div>\n\t\t\t\t\t<\/div>\n\t\t\t\t<\/div>\n\t\t<div class=\"elementor-element elementor-element-a68adba e-flex e-con-boxed e-con e-parent\" data-id=\"a68adba\" data-element_type=\"container\" data-e-type=\"container\">\n\t\t\t\t\t<div class=\"e-con-inner\">\n\t\t\t\t<div class=\"elementor-element elementor-element-1c3b07b elementor-widget elementor-widget-heading\" data-id=\"1c3b07b\" data-element_type=\"widget\" data-e-type=\"widget\" data-widget_type=\"heading.default\">\n\t\t\t\t<div class=\"elementor-widget-container\">\n\t\t\t\t\t<h5 class=\"elementor-heading-title elementor-size-default\">Registrati ora!  <br>  Passa a trovarci con un documento d'identit\u00e0 o contattaci online!  \n<\/h5>\t\t\t\t<\/div>\n\t\t\t\t<\/div>\n\t\t\t\t<div class=\"elementor-element elementor-element-1920e26 elementor-align-center elementor-widget elementor-widget-button\" data-id=\"1920e26\" data-element_type=\"widget\" data-e-type=\"widget\" data-widget_type=\"button.default\">\n\t\t\t\t<div class=\"elementor-widget-container\">\n\t\t\t\t\t\t\t\t\t<div class=\"elementor-button-wrapper\">\n\t\t\t\t\t<a class=\"elementor-button elementor-button-link elementor-size-sm\" href=\"#elementor-action%3Aaction%3Dpopup%3Aopen%26settings%3DeyJpZCI6MjAyNjQsInRvZ2dsZSI6ZmFsc2V9\">\n\t\t\t\t\t\t<span class=\"elementor-button-content-wrapper\">\n\t\t\t\t\t\t\t\t\t<span class=\"elementor-button-text\">&gt;Apri il modulo di contatto<\/span>\n\t\t\t\t\t<\/span>\n\t\t\t\t\t<\/a>\n\t\t\t\t<\/div>\n\t\t\t\t\t\t\t\t<\/div>\n\t\t\t\t<\/div>\n\t\t\t\t\t<\/div>\n\t\t\t\t<\/div>\n\t\t<div class=\"elementor-element elementor-element-90f1972 e-flex e-con-boxed e-con e-parent\" data-id=\"90f1972\" data-element_type=\"container\" data-e-type=\"container\">\n\t\t\t\t\t<div class=\"e-con-inner\">\n\t\t\t\t<div class=\"elementor-element elementor-element-dc5abeb elementor-widget elementor-widget-heading\" data-id=\"dc5abeb\" data-element_type=\"widget\" data-e-type=\"widget\" data-widget_type=\"heading.default\">\n\t\t\t\t<div class=\"elementor-widget-container\">\n\t\t\t\t\t<h5 class=\"elementor-heading-title elementor-size-default\">Il tuo viaggio inizia qui! Educazione per una nuova vita <\/h5>\t\t\t\t<\/div>\n\t\t\t\t<\/div>\n\t\t\t\t<div class=\"elementor-element elementor-element-42f510a elementor-widget elementor-widget-text-editor\" data-id=\"42f510a\" data-element_type=\"widget\" data-e-type=\"widget\" data-widget_type=\"text-editor.default\">\n\t\t\t\t<div class=\"elementor-widget-container\">\n\t\t\t\t\t\t\t\t\t<p><span class=\"TextRun SCXW3889808 BCX8\" lang=\"DE-DE\" xml:lang=\"DE-DE\" data-contrast=\"auto\"><span class=\"NormalTextRun SCXW3889808 BCX8\">Il corso di integrazione per i bassi <\/span><span class=\"NormalTextRun SpellingErrorV2Themed SCXW3889808 BCX8\">letterale<\/span><span class=\"NormalTextRun SCXW3889808 BCX8\">  \u00e8 pi\u00f9 di un semplice corso di lingua: \u00e8 un percorso verso l&#8217;indipendenza, la partecipazione e nuove opportunit\u00e0. Lasciati accompagnare da noi! <\/span><\/span><span class=\"EOP SCXW3889808 BCX8\" data-ccp-props=\"{}\"> <\/span><\/p>\t\t\t\t\t\t\t\t<\/div>\n\t\t\t\t<\/div>\n\t\t\t\t\t<\/div>\n\t\t\t\t<\/div>\n\t\t\t\t<\/div>\n\t\t","protected":false},"excerpt":{"rendered":"<p><span class=\"TextRun BCX8 SCXP155097315\" lang=\"DE-DE\" data-scheme-color=\"@FF0000,,\" data-usefontface=\"true\" data-contrast=\"none\"><span class=\"NormalTextRun BCX8 SCXP155097315\">Un programma di corsi differenziati che consiste in un corso di alfabetizzazione, un corso di integrazione per i <\/span><\/span><span class=\"TextRun SpellingErrorZoomed BCX8 SCXP155097315\" lang=\"DE-DE\" data-scheme-color=\"@FF0000,,\" data-usefontface=\"true\" data-contrast=\"none\"><span class=\"BCX8 SCXP155097315\">alfabetizzazione<\/span><\/span><span class=\"TextRun BCX8 SCXP155097315\" lang=\"DE-DE\" data-scheme-color=\"@FF0000,,\" data-usefontface=\"true\" data-contrast=\"none\"><span class=\"NormalTextRun BCX8 SCXP155097315\"> e il <\/span><\/span><span class=\"TextRun SpellingErrorZoomed BCX8 SCXP155097315\" lang=\"DE-DE\" data-scheme-color=\"@FF0000,,\" data-usefontface=\"true\" data-contrast=\"none\"><span class=\"BCX8 SCXP155097315\">corso per studenti di seconda lingua<\/span><\/span><span class=\"TextRun BCX8 SCXP155097315\" lang=\"DE-DE\" data-scheme-color=\"@FF0000,,\" data-usefontface=\"true\" data-contrast=\"none\"><span class=\"NormalTextRun BCX8 SCXP155097315\">.<\/span><\/span><\/p>\n","protected":false},"featured_media":7499,"comment_status":"open","ping_status":"closed","template":"","meta":{"_acf_changed":false},"product_brand":[],"product_cat":[170],"product_tag":[450,171],"class_list":{"0":"post-17672","1":"product","2":"type-product","3":"status-publish","4":"has-post-thumbnail","6":"product_cat-corsi-di-tedesco-sovvenzionati-dal-bamf","7":"product_tag-bozza-letterale","8":"product_tag-corsi-di-tedesco-finanziati-dal-bamf","10":"first","11":"instock","12":"taxable","13":"shipping-taxable","14":"product-type-simple"},"acf":[],"yoast_head":"<!-- This site is optimized with the Yoast SEO Premium plugin v25.9 (Yoast SEO v26.9) - https:\/\/yoast.com\/product\/yoast-seo-premium-wordpress\/ -->\n<title>Corso di integrazione per persone con scarse capacit\u00e0 di lettura - International Education Centers<\/title>\n<meta name=\"description\" content=\"Il corso di integrazione per studenti con basso livello di alfabetizzazione a Wuppertal insegna la lingua tedesca e le basi della lettura e della scrittura. IEC ti supporta nel tuo percorso di integrazione.\" \/>\n<meta name=\"robots\" content=\"index, follow, max-snippet:-1, max-image-preview:large, max-video-preview:-1\" \/>\n<link rel=\"canonical\" href=\"https:\/\/internationaleducationcenters.de\/it\/prodotto\/corso-di-integrazione-per-persone-con-scarse-capacita-di-lettura\/\" \/>\n<meta property=\"og:locale\" content=\"it_IT\" \/>\n<meta property=\"og:type\" content=\"article\" \/>\n<meta property=\"og:title\" content=\"Corso di integrazione per persone con scarse capacit\u00e0 di lettura\" \/>\n<meta property=\"og:description\" content=\"Il corso di integrazione per studenti con basso livello di alfabetizzazione a Wuppertal insegna la lingua tedesca e le basi della lettura e della scrittura. IEC ti supporta nel tuo percorso di integrazione.\" \/>\n<meta property=\"og:url\" content=\"https:\/\/internationaleducationcenters.de\/it\/prodotto\/corso-di-integrazione-per-persone-con-scarse-capacita-di-lettura\/\" \/>\n<meta property=\"og:site_name\" content=\"International Education Centers\" \/>\n<meta property=\"article:publisher\" content=\"https:\/\/www.facebook.com\/InternationalEducationCenters\/\" \/>\n<meta property=\"article:modified_time\" content=\"2025-12-04T09:44:17+00:00\" \/>\n<meta property=\"og:image\" content=\"https:\/\/internationaleducationcenters.de\/wp-content\/uploads\/2024\/01\/telc-Deutsch-C1-Hochschule.jpg\" \/>\n\t<meta property=\"og:image:width\" content=\"300\" \/>\n\t<meta property=\"og:image:height\" content=\"200\" \/>\n\t<meta property=\"og:image:type\" content=\"image\/jpeg\" \/>\n<meta name=\"twitter:card\" content=\"summary_large_image\" \/>\n<meta name=\"twitter:label1\" content=\"Prezzo\" \/>\n\t<meta name=\"twitter:data1\" content=\"\" \/>\n\t<meta name=\"twitter:label2\" content=\"Disponibilit\u00e0\" \/>\n\t<meta name=\"twitter:data2\" content=\"In stock\" \/>\n<script type=\"application\/ld+json\" class=\"yoast-schema-graph\">{\"@context\":\"https:\/\/schema.org\",\"@graph\":[{\"@type\":\"WebPage\",\"@id\":\"https:\/\/internationaleducationcenters.de\/it\/prodotto\/corso-di-integrazione-per-persone-con-scarse-capacita-di-lettura\/\",\"url\":\"https:\/\/internationaleducationcenters.de\/it\/prodotto\/corso-di-integrazione-per-persone-con-scarse-capacita-di-lettura\/\",\"name\":\"Corso di integrazione per persone con scarse capacit\u00e0 di lettura - International Education Centers\",\"isPartOf\":{\"@id\":\"https:\/\/internationaleducationcenters.de\/it\/#website\"},\"primaryImageOfPage\":{\"@id\":\"https:\/\/internationaleducationcenters.de\/it\/prodotto\/corso-di-integrazione-per-persone-con-scarse-capacita-di-lettura\/#primaryimage\"},\"image\":{\"@id\":\"https:\/\/internationaleducationcenters.de\/it\/prodotto\/corso-di-integrazione-per-persone-con-scarse-capacita-di-lettura\/#primaryimage\"},\"thumbnailUrl\":\"https:\/\/internationaleducationcenters.de\/wp-content\/uploads\/2024\/01\/telc-Deutsch-C1-Hochschule.jpg\",\"datePublished\":\"2025-09-30T08:46:06+00:00\",\"dateModified\":\"2025-12-04T09:44:17+00:00\",\"description\":\"Il corso di integrazione per studenti con basso livello di alfabetizzazione a Wuppertal insegna la lingua tedesca e le basi della lettura e della scrittura. IEC ti supporta nel tuo percorso di integrazione.\",\"breadcrumb\":{\"@id\":\"https:\/\/internationaleducationcenters.de\/it\/prodotto\/corso-di-integrazione-per-persone-con-scarse-capacita-di-lettura\/#breadcrumb\"},\"inLanguage\":\"it-IT\",\"potentialAction\":[{\"@type\":\"ReadAction\",\"target\":[\"https:\/\/internationaleducationcenters.de\/it\/prodotto\/corso-di-integrazione-per-persone-con-scarse-capacita-di-lettura\/\"]}]},{\"@type\":\"ImageObject\",\"inLanguage\":\"it-IT\",\"@id\":\"https:\/\/internationaleducationcenters.de\/it\/prodotto\/corso-di-integrazione-per-persone-con-scarse-capacita-di-lettura\/#primaryimage\",\"url\":\"https:\/\/internationaleducationcenters.de\/wp-content\/uploads\/2024\/01\/telc-Deutsch-C1-Hochschule.jpg\",\"contentUrl\":\"https:\/\/internationaleducationcenters.de\/wp-content\/uploads\/2024\/01\/telc-Deutsch-C1-Hochschule.jpg\",\"width\":300,\"height\":200,\"caption\":\"telc Pr\u00fcfung C1 mit IEC in Wuppertal\"},{\"@type\":\"BreadcrumbList\",\"@id\":\"https:\/\/internationaleducationcenters.de\/it\/prodotto\/corso-di-integrazione-per-persone-con-scarse-capacita-di-lettura\/#breadcrumb\",\"itemListElement\":[{\"@type\":\"ListItem\",\"position\":1,\"name\":\"Home\",\"item\":\"https:\/\/internationaleducationcenters.de\/it\/\"},{\"@type\":\"ListItem\",\"position\":2,\"name\":\"Negozio\",\"item\":\"https:\/\/internationaleducationcenters.de\/it\/shop\/\"},{\"@type\":\"ListItem\",\"position\":3,\"name\":\"Corso di integrazione per persone con scarse capacit\u00e0 di lettura\"}]},{\"@type\":\"WebSite\",\"@id\":\"https:\/\/internationaleducationcenters.de\/it\/#website\",\"url\":\"https:\/\/internationaleducationcenters.de\/it\/\",\"name\":\"International Education Centers\",\"description\":\"\",\"publisher\":{\"@id\":\"https:\/\/internationaleducationcenters.de\/it\/#organization\"},\"potentialAction\":[{\"@type\":\"SearchAction\",\"target\":{\"@type\":\"EntryPoint\",\"urlTemplate\":\"https:\/\/internationaleducationcenters.de\/it\/?s={search_term_string}\"},\"query-input\":{\"@type\":\"PropertyValueSpecification\",\"valueRequired\":true,\"valueName\":\"search_term_string\"}}],\"inLanguage\":\"it-IT\"},{\"@type\":\"Organization\",\"@id\":\"https:\/\/internationaleducationcenters.de\/it\/#organization\",\"name\":\"International Education Centers\",\"alternateName\":\"IEC\",\"url\":\"https:\/\/internationaleducationcenters.de\/it\/\",\"logo\":{\"@type\":\"ImageObject\",\"inLanguage\":\"it-IT\",\"@id\":\"https:\/\/internationaleducationcenters.de\/it\/#\/schema\/logo\/image\/\",\"url\":\"https:\/\/internationaleducationcenters.de\/wp-content\/uploads\/2025\/08\/IEC_favicon-1.png\",\"contentUrl\":\"https:\/\/internationaleducationcenters.de\/wp-content\/uploads\/2025\/08\/IEC_favicon-1.png\",\"width\":512,\"height\":512,\"caption\":\"International Education Centers\"},\"image\":{\"@id\":\"https:\/\/internationaleducationcenters.de\/it\/#\/schema\/logo\/image\/\"},\"sameAs\":[\"https:\/\/www.facebook.com\/InternationalEducationCenters\/\"]}]}<\/script>\n<meta property=\"product:price:currency\" content=\"EUR\" \/>\n<meta property=\"og:availability\" content=\"instock\" \/>\n<meta property=\"product:availability\" content=\"instock\" \/>\n<meta property=\"product:condition\" content=\"new\" \/>\n<!-- \/ Yoast SEO Premium plugin. -->","yoast_head_json":{"title":"Corso di integrazione per persone con scarse capacit\u00e0 di lettura - International Education Centers","description":"Il corso di integrazione per studenti con basso livello di alfabetizzazione a Wuppertal insegna la lingua tedesca e le basi della lettura e della scrittura. IEC ti supporta nel tuo percorso di integrazione.","robots":{"index":"index","follow":"follow","max-snippet":"max-snippet:-1","max-image-preview":"max-image-preview:large","max-video-preview":"max-video-preview:-1"},"canonical":"https:\/\/internationaleducationcenters.de\/it\/prodotto\/corso-di-integrazione-per-persone-con-scarse-capacita-di-lettura\/","og_locale":"it_IT","og_type":"article","og_title":"Corso di integrazione per persone con scarse capacit\u00e0 di lettura","og_description":"Il corso di integrazione per studenti con basso livello di alfabetizzazione a Wuppertal insegna la lingua tedesca e le basi della lettura e della scrittura. IEC ti supporta nel tuo percorso di integrazione.","og_url":"https:\/\/internationaleducationcenters.de\/it\/prodotto\/corso-di-integrazione-per-persone-con-scarse-capacita-di-lettura\/","og_site_name":"International Education Centers","article_publisher":"https:\/\/www.facebook.com\/InternationalEducationCenters\/","article_modified_time":"2025-12-04T09:44:17+00:00","og_image":[{"width":300,"height":200,"url":"https:\/\/internationaleducationcenters.de\/wp-content\/uploads\/2024\/01\/telc-Deutsch-C1-Hochschule.jpg","type":"image\/jpeg"}],"twitter_card":"summary_large_image","twitter_misc":{"Prezzo":"","Disponibilit\u00e0":"In stock"},"schema":{"@context":"https:\/\/schema.org","@graph":[{"@type":"WebPage","@id":"https:\/\/internationaleducationcenters.de\/it\/prodotto\/corso-di-integrazione-per-persone-con-scarse-capacita-di-lettura\/","url":"https:\/\/internationaleducationcenters.de\/it\/prodotto\/corso-di-integrazione-per-persone-con-scarse-capacita-di-lettura\/","name":"Corso di integrazione per persone con scarse capacit\u00e0 di lettura - International Education Centers","isPartOf":{"@id":"https:\/\/internationaleducationcenters.de\/it\/#website"},"primaryImageOfPage":{"@id":"https:\/\/internationaleducationcenters.de\/it\/prodotto\/corso-di-integrazione-per-persone-con-scarse-capacita-di-lettura\/#primaryimage"},"image":{"@id":"https:\/\/internationaleducationcenters.de\/it\/prodotto\/corso-di-integrazione-per-persone-con-scarse-capacita-di-lettura\/#primaryimage"},"thumbnailUrl":"https:\/\/internationaleducationcenters.de\/wp-content\/uploads\/2024\/01\/telc-Deutsch-C1-Hochschule.jpg","datePublished":"2025-09-30T08:46:06+00:00","dateModified":"2025-12-04T09:44:17+00:00","description":"Il corso di integrazione per studenti con basso livello di alfabetizzazione a Wuppertal insegna la lingua tedesca e le basi della lettura e della scrittura. IEC ti supporta nel tuo percorso di integrazione.","breadcrumb":{"@id":"https:\/\/internationaleducationcenters.de\/it\/prodotto\/corso-di-integrazione-per-persone-con-scarse-capacita-di-lettura\/#breadcrumb"},"inLanguage":"it-IT","potentialAction":[{"@type":"ReadAction","target":["https:\/\/internationaleducationcenters.de\/it\/prodotto\/corso-di-integrazione-per-persone-con-scarse-capacita-di-lettura\/"]}]},{"@type":"ImageObject","inLanguage":"it-IT","@id":"https:\/\/internationaleducationcenters.de\/it\/prodotto\/corso-di-integrazione-per-persone-con-scarse-capacita-di-lettura\/#primaryimage","url":"https:\/\/internationaleducationcenters.de\/wp-content\/uploads\/2024\/01\/telc-Deutsch-C1-Hochschule.jpg","contentUrl":"https:\/\/internationaleducationcenters.de\/wp-content\/uploads\/2024\/01\/telc-Deutsch-C1-Hochschule.jpg","width":300,"height":200,"caption":"telc Pr\u00fcfung C1 mit IEC in Wuppertal"},{"@type":"BreadcrumbList","@id":"https:\/\/internationaleducationcenters.de\/it\/prodotto\/corso-di-integrazione-per-persone-con-scarse-capacita-di-lettura\/#breadcrumb","itemListElement":[{"@type":"ListItem","position":1,"name":"Home","item":"https:\/\/internationaleducationcenters.de\/it\/"},{"@type":"ListItem","position":2,"name":"Negozio","item":"https:\/\/internationaleducationcenters.de\/it\/shop\/"},{"@type":"ListItem","position":3,"name":"Corso di integrazione per persone con scarse capacit\u00e0 di lettura"}]},{"@type":"WebSite","@id":"https:\/\/internationaleducationcenters.de\/it\/#website","url":"https:\/\/internationaleducationcenters.de\/it\/","name":"International Education Centers","description":"","publisher":{"@id":"https:\/\/internationaleducationcenters.de\/it\/#organization"},"potentialAction":[{"@type":"SearchAction","target":{"@type":"EntryPoint","urlTemplate":"https:\/\/internationaleducationcenters.de\/it\/?s={search_term_string}"},"query-input":{"@type":"PropertyValueSpecification","valueRequired":true,"valueName":"search_term_string"}}],"inLanguage":"it-IT"},{"@type":"Organization","@id":"https:\/\/internationaleducationcenters.de\/it\/#organization","name":"International Education Centers","alternateName":"IEC","url":"https:\/\/internationaleducationcenters.de\/it\/","logo":{"@type":"ImageObject","inLanguage":"it-IT","@id":"https:\/\/internationaleducationcenters.de\/it\/#\/schema\/logo\/image\/","url":"https:\/\/internationaleducationcenters.de\/wp-content\/uploads\/2025\/08\/IEC_favicon-1.png","contentUrl":"https:\/\/internationaleducationcenters.de\/wp-content\/uploads\/2025\/08\/IEC_favicon-1.png","width":512,"height":512,"caption":"International Education Centers"},"image":{"@id":"https:\/\/internationaleducationcenters.de\/it\/#\/schema\/logo\/image\/"},"sameAs":["https:\/\/www.facebook.com\/InternationalEducationCenters\/"]}]},"product_price_currency":"EUR","og_availability":"instock","product_availability":"instock","product_condition":"new"},"_links":{"self":[{"href":"https:\/\/internationaleducationcenters.de\/it\/wp-json\/wp\/v2\/product\/17672","targetHints":{"allow":["GET"]}}],"collection":[{"href":"https:\/\/internationaleducationcenters.de\/it\/wp-json\/wp\/v2\/product"}],"about":[{"href":"https:\/\/internationaleducationcenters.de\/it\/wp-json\/wp\/v2\/types\/product"}],"replies":[{"embeddable":true,"href":"https:\/\/internationaleducationcenters.de\/it\/wp-json\/wp\/v2\/comments?post=17672"}],"version-history":[{"count":4,"href":"https:\/\/internationaleducationcenters.de\/it\/wp-json\/wp\/v2\/product\/17672\/revisions"}],"predecessor-version":[{"id":22025,"href":"https:\/\/internationaleducationcenters.de\/it\/wp-json\/wp\/v2\/product\/17672\/revisions\/22025"}],"wp:featuredmedia":[{"embeddable":true,"href":"https:\/\/internationaleducationcenters.de\/it\/wp-json\/wp\/v2\/media\/7499"}],"wp:attachment":[{"href":"https:\/\/internationaleducationcenters.de\/it\/wp-json\/wp\/v2\/media?parent=17672"}],"wp:term":[{"taxonomy":"product_brand","embeddable":true,"href":"https:\/\/internationaleducationcenters.de\/it\/wp-json\/wp\/v2\/product_brand?post=17672"},{"taxonomy":"product_cat","embeddable":true,"href":"https:\/\/internationaleducationcenters.de\/it\/wp-json\/wp\/v2\/product_cat?post=17672"},{"taxonomy":"product_tag","embeddable":true,"href":"https:\/\/internationaleducationcenters.de\/it\/wp-json\/wp\/v2\/product_tag?post=17672"}],"curies":[{"name":"wp","href":"https:\/\/api.w.org\/{rel}","templated":true}]}}