{"id":17695,"date":"2025-09-26T10:07:01","date_gmt":"2025-09-26T08:07:01","guid":{"rendered":"https:\/\/internationaleducationcenters.de\/kurs\/tedesco-professionale-livello-intermedio-i-nel-settore-commerciale\/"},"modified":"2025-11-18T14:25:49","modified_gmt":"2025-11-18T13:25:49","slug":"tedesco-professionale-livello-intermedio-i-nel-settore-commerciale","status":"publish","type":"product","link":"https:\/\/internationaleducationcenters.de\/it\/prodotto\/tedesco-professionale-livello-intermedio-i-nel-settore-commerciale\/","title":{"rendered":"Tedesco professionale &#8211; Livello intermedio commerciale I"},"content":{"rendered":"\t\t<div data-elementor-type=\"product-post\" data-elementor-id=\"17695\" class=\"elementor elementor-17695 elementor-13839\" data-elementor-post-type=\"product\">\n\t\t\t\t<div class=\"elementor-element elementor-element-7778a34 e-flex e-con-boxed e-con e-parent\" data-id=\"7778a34\" data-element_type=\"container\" data-e-type=\"container\">\n\t\t\t\t\t<div class=\"e-con-inner\">\n\t\t\t\t<div class=\"elementor-element elementor-element-01213c8 elementor-widget elementor-widget-text-editor\" data-id=\"01213c8\" data-element_type=\"widget\" data-e-type=\"widget\" data-widget_type=\"text-editor.default\">\n\t\t\t\t<div class=\"elementor-widget-container\">\n\t\t\t\t\t\t\t\t\t<p><strong>Breve panoramica<br><\/strong><br> Questo corso di tedesco ti permetter\u00e0 di raggiungere un livello intermedio. Imparerai<br>importanti vocaboli e frasi relative alle professioni, al posto di lavoro, alle<br>applicazioni, ai moduli aziendali, ai media, alle offerte, ecc. e la grammatica appropriata<br>. Presenterai te stesso e gli altri, parlerai con i clienti e<br>risponderai ai reclami.  <br><br><strong>Contenuto del corso<br><\/strong><br> Insegnamento di conoscenze di livello intermedio.<\/p><ul><li>Grammatica tedesca<\/li><li>Costruzione del vocabolario<\/li><li>Consolidamento degli esercizi orali e scritti sull&#8217;uso del linguaggio commerciale<br>professionale<\/li><li>Chiarimenti sul dibattito<\/li><li>Esercizi di applicazione<\/li><li>Sviluppo delle capacit\u00e0 di comprensione orale e scritta<\/li><\/ul><p><strong>Le tue prospettive di carriera dopo la formazione<br><\/strong><br> Dopo il francese, il tedesco \u00e8 la seconda lingua pi\u00f9 studiata in<br>tutta l&#8217;Unione Europea. Questo \u00e8 dovuto in parte al fatto che il tedesco \u00e8 una delle<br>lingue pi\u00f9 diffuse nei settori della medicina, della biologia, della chimica, della farmacia, dell&#8217;ingegneria elettrica ed elettronica,<br>dell&#8217;ingegneria meccanica, della costruzione di veicoli, della diplomazia, della finanza, dello sport, del turismo e dell&#8217;istruzione<br>.<br>Anche le persone con un background linguistico diverso da quello tedesco hanno maggiori possibilit\u00e0 nel<br>mercato del lavoro tedesco ed europeo, perch\u00e9 nel 2013 la Germania ha stabilito nuovi record nel<br>commercio internazionale. Questo fa del<br>tedesco una lingua che puoi sfruttare a livello professionale non solo in Germania, ma anche<br>nel tuo paese d&#8217;origine.  <br><br><strong>Requisiti di partecipazione<br><\/strong><br> I requisiti di partecipazione sono un livello linguistico<br>completo di A2 secondo il QCER o comunque una conoscenza di base<br>comprovata della lingua tedesca e idealmente una formazione professionale\/studi<br>o un&#8217;esperienza lavorativa nel settore commerciale. Gli<br>accordi dettagliati vengono presi in consultazione con il centro per l&#8217;impiego\/agenzia per il lavoro o il comune che opta per<br>.<br>Siamo a disposizione di tutti gli interessati per un incontro personale<br>per chiarire i requisiti di partecipazione individuali. <br><br><strong>Gruppo target<br><\/strong><br> Il modulo \u00e8 adatto anche a migranti e rifugiati con<br>competenze linguistiche di base (livello A2 CEFR) che lavorano o vogliono lavorare in<br>professioni commerciali. L&#8217;obiettivo del Job Turbo \u00e8<br>quello di sfruttare questo potenziale e di inserire rapidamente le persone nel mondo del lavoro. <br><br><strong>La tua qualifica<br><\/strong><br> Certificato interno o attestato di partecipazione<br><br><strong>Finanziamento con voucher formativo<br><\/strong><br> In qualit\u00e0 di provider autorizzato in conformit\u00e0 con l&#8217;AZAV, la maggior parte dei nostri corsi<br>sono certificati in base a rigorosi requisiti di qualit\u00e0. Per te che sei un<br>cliente dell&#8217;agenzia per il lavoro o del centro per l&#8217;impiego, questo significa che la tua<br>partecipazione \u00e8 finanziabile al 100% con un voucher formativo ed \u00e8 quindi gratuita per te<br>.   <\/p>\t\t\t\t\t\t\t\t<\/div>\n\t\t\t\t<\/div>\n\t\t\t\t\t<\/div>\n\t\t\t\t<\/div>\n\t\t\t\t<\/div>\n\t\t","protected":false},"excerpt":{"rendered":"<p>Migliora il tuo tedesco nel settore commerciale: pratico, efficace e con esercizi reali tratti dalla vita lavorativa di tutti i giorni. Ideale per il livello intermedio I. <\/p>\n","protected":false},"featured_media":16263,"comment_status":"open","ping_status":"closed","template":"","meta":{"_acf_changed":false},"product_brand":[],"product_cat":[389],"product_tag":[465],"class_list":{"0":"post-17695","1":"product","2":"type-product","3":"status-publish","4":"has-post-thumbnail","6":"product_cat-corsi-di-lingua-professionali","7":"product_tag-design-professionale","9":"first","10":"instock","11":"taxable","12":"shipping-taxable","13":"product-type-simple"},"acf":[],"yoast_head":"<!-- This site is optimized with the Yoast SEO Premium plugin v25.9 (Yoast SEO v26.9) - https:\/\/yoast.com\/product\/yoast-seo-premium-wordpress\/ -->\n<title>Tedesco professionale - Livello intermedio commerciale I - International Education Centers<\/title>\n<meta name=\"description\" content=\"Migliora il tuo tedesco commerciale a livello intermedio. Ideale per le professioni commerciali - con esercizi tratti dalla vita lavorativa quotidiana.\" \/>\n<meta name=\"robots\" content=\"index, follow, max-snippet:-1, max-image-preview:large, max-video-preview:-1\" \/>\n<link rel=\"canonical\" href=\"https:\/\/internationaleducationcenters.de\/it\/prodotto\/tedesco-professionale-livello-intermedio-i-nel-settore-commerciale\/\" \/>\n<meta property=\"og:locale\" content=\"it_IT\" \/>\n<meta property=\"og:type\" content=\"article\" \/>\n<meta property=\"og:title\" content=\"Tedesco professionale - Livello intermedio commerciale I\" \/>\n<meta property=\"og:description\" content=\"Migliora il tuo tedesco commerciale a livello intermedio. Ideale per le professioni commerciali - con esercizi tratti dalla vita lavorativa quotidiana.\" \/>\n<meta property=\"og:url\" content=\"https:\/\/internationaleducationcenters.de\/it\/prodotto\/tedesco-professionale-livello-intermedio-i-nel-settore-commerciale\/\" \/>\n<meta property=\"og:site_name\" content=\"International Education Centers\" \/>\n<meta property=\"article:publisher\" content=\"https:\/\/www.facebook.com\/InternationalEducationCenters\/\" \/>\n<meta property=\"article:modified_time\" content=\"2025-11-18T13:25:49+00:00\" \/>\n<meta property=\"og:image\" content=\"https:\/\/internationaleducationcenters.de\/wp-content\/uploads\/2025\/09\/Mittelstufe-I-im-kaufmaennischen-Bereich.jpg\" \/>\n\t<meta property=\"og:image:width\" content=\"413\" \/>\n\t<meta property=\"og:image:height\" content=\"258\" \/>\n\t<meta property=\"og:image:type\" content=\"image\/jpeg\" \/>\n<meta name=\"twitter:card\" content=\"summary_large_image\" \/>\n<meta name=\"twitter:label1\" content=\"Prezzo\" \/>\n\t<meta name=\"twitter:data1\" content=\"\" \/>\n\t<meta name=\"twitter:label2\" content=\"Disponibilit\u00e0\" \/>\n\t<meta name=\"twitter:data2\" content=\"In stock\" \/>\n<script type=\"application\/ld+json\" class=\"yoast-schema-graph\">{\"@context\":\"https:\/\/schema.org\",\"@graph\":[{\"@type\":\"WebPage\",\"@id\":\"https:\/\/internationaleducationcenters.de\/it\/prodotto\/tedesco-professionale-livello-intermedio-i-nel-settore-commerciale\/\",\"url\":\"https:\/\/internationaleducationcenters.de\/it\/prodotto\/tedesco-professionale-livello-intermedio-i-nel-settore-commerciale\/\",\"name\":\"Tedesco professionale - Livello intermedio commerciale I - International Education Centers\",\"isPartOf\":{\"@id\":\"https:\/\/internationaleducationcenters.de\/it\/#website\"},\"primaryImageOfPage\":{\"@id\":\"https:\/\/internationaleducationcenters.de\/it\/prodotto\/tedesco-professionale-livello-intermedio-i-nel-settore-commerciale\/#primaryimage\"},\"image\":{\"@id\":\"https:\/\/internationaleducationcenters.de\/it\/prodotto\/tedesco-professionale-livello-intermedio-i-nel-settore-commerciale\/#primaryimage\"},\"thumbnailUrl\":\"https:\/\/internationaleducationcenters.de\/wp-content\/uploads\/2025\/10\/pexels-a-darmel-7641842-scaled.jpg\",\"datePublished\":\"2025-09-26T08:07:01+00:00\",\"dateModified\":\"2025-11-18T13:25:49+00:00\",\"description\":\"Migliora il tuo tedesco commerciale a livello intermedio. Ideale per le professioni commerciali - con esercizi tratti dalla vita lavorativa quotidiana.\",\"breadcrumb\":{\"@id\":\"https:\/\/internationaleducationcenters.de\/it\/prodotto\/tedesco-professionale-livello-intermedio-i-nel-settore-commerciale\/#breadcrumb\"},\"inLanguage\":\"it-IT\",\"potentialAction\":[{\"@type\":\"ReadAction\",\"target\":[\"https:\/\/internationaleducationcenters.de\/it\/prodotto\/tedesco-professionale-livello-intermedio-i-nel-settore-commerciale\/\"]}]},{\"@type\":\"ImageObject\",\"inLanguage\":\"it-IT\",\"@id\":\"https:\/\/internationaleducationcenters.de\/it\/prodotto\/tedesco-professionale-livello-intermedio-i-nel-settore-commerciale\/#primaryimage\",\"url\":\"https:\/\/internationaleducationcenters.de\/wp-content\/uploads\/2025\/10\/pexels-a-darmel-7641842-scaled.jpg\",\"contentUrl\":\"https:\/\/internationaleducationcenters.de\/wp-content\/uploads\/2025\/10\/pexels-a-darmel-7641842-scaled.jpg\",\"width\":2560,\"height\":1707,\"caption\":\"F\u00f6rderung bei IEC in Wuppertal\"},{\"@type\":\"BreadcrumbList\",\"@id\":\"https:\/\/internationaleducationcenters.de\/it\/prodotto\/tedesco-professionale-livello-intermedio-i-nel-settore-commerciale\/#breadcrumb\",\"itemListElement\":[{\"@type\":\"ListItem\",\"position\":1,\"name\":\"Home\",\"item\":\"https:\/\/internationaleducationcenters.de\/it\/\"},{\"@type\":\"ListItem\",\"position\":2,\"name\":\"Negozio\",\"item\":\"https:\/\/internationaleducationcenters.de\/it\/shop\/\"},{\"@type\":\"ListItem\",\"position\":3,\"name\":\"Tedesco professionale &#8211; Livello intermedio commerciale I\"}]},{\"@type\":\"WebSite\",\"@id\":\"https:\/\/internationaleducationcenters.de\/it\/#website\",\"url\":\"https:\/\/internationaleducationcenters.de\/it\/\",\"name\":\"International Education Centers\",\"description\":\"\",\"publisher\":{\"@id\":\"https:\/\/internationaleducationcenters.de\/it\/#organization\"},\"potentialAction\":[{\"@type\":\"SearchAction\",\"target\":{\"@type\":\"EntryPoint\",\"urlTemplate\":\"https:\/\/internationaleducationcenters.de\/it\/?s={search_term_string}\"},\"query-input\":{\"@type\":\"PropertyValueSpecification\",\"valueRequired\":true,\"valueName\":\"search_term_string\"}}],\"inLanguage\":\"it-IT\"},{\"@type\":\"Organization\",\"@id\":\"https:\/\/internationaleducationcenters.de\/it\/#organization\",\"name\":\"International Education Centers\",\"alternateName\":\"IEC\",\"url\":\"https:\/\/internationaleducationcenters.de\/it\/\",\"logo\":{\"@type\":\"ImageObject\",\"inLanguage\":\"it-IT\",\"@id\":\"https:\/\/internationaleducationcenters.de\/it\/#\/schema\/logo\/image\/\",\"url\":\"https:\/\/internationaleducationcenters.de\/wp-content\/uploads\/2025\/08\/IEC_favicon-1.png\",\"contentUrl\":\"https:\/\/internationaleducationcenters.de\/wp-content\/uploads\/2025\/08\/IEC_favicon-1.png\",\"width\":512,\"height\":512,\"caption\":\"International Education Centers\"},\"image\":{\"@id\":\"https:\/\/internationaleducationcenters.de\/it\/#\/schema\/logo\/image\/\"},\"sameAs\":[\"https:\/\/www.facebook.com\/InternationalEducationCenters\/\"]}]}<\/script>\n<meta property=\"product:price:currency\" content=\"EUR\" \/>\n<meta property=\"og:availability\" content=\"instock\" \/>\n<meta property=\"product:availability\" content=\"instock\" \/>\n<meta property=\"product:condition\" content=\"new\" \/>\n<!-- \/ Yoast SEO Premium plugin. -->","yoast_head_json":{"title":"Tedesco professionale - Livello intermedio commerciale I - International Education Centers","description":"Migliora il tuo tedesco commerciale a livello intermedio. Ideale per le professioni commerciali - con esercizi tratti dalla vita lavorativa quotidiana.","robots":{"index":"index","follow":"follow","max-snippet":"max-snippet:-1","max-image-preview":"max-image-preview:large","max-video-preview":"max-video-preview:-1"},"canonical":"https:\/\/internationaleducationcenters.de\/it\/prodotto\/tedesco-professionale-livello-intermedio-i-nel-settore-commerciale\/","og_locale":"it_IT","og_type":"article","og_title":"Tedesco professionale - Livello intermedio commerciale I","og_description":"Migliora il tuo tedesco commerciale a livello intermedio. Ideale per le professioni commerciali - con esercizi tratti dalla vita lavorativa quotidiana.","og_url":"https:\/\/internationaleducationcenters.de\/it\/prodotto\/tedesco-professionale-livello-intermedio-i-nel-settore-commerciale\/","og_site_name":"International Education Centers","article_publisher":"https:\/\/www.facebook.com\/InternationalEducationCenters\/","article_modified_time":"2025-11-18T13:25:49+00:00","og_image":[{"width":413,"height":258,"url":"https:\/\/internationaleducationcenters.de\/wp-content\/uploads\/2025\/09\/Mittelstufe-I-im-kaufmaennischen-Bereich.jpg","type":"image\/jpeg"}],"twitter_card":"summary_large_image","twitter_misc":{"Prezzo":"","Disponibilit\u00e0":"In stock"},"schema":{"@context":"https:\/\/schema.org","@graph":[{"@type":"WebPage","@id":"https:\/\/internationaleducationcenters.de\/it\/prodotto\/tedesco-professionale-livello-intermedio-i-nel-settore-commerciale\/","url":"https:\/\/internationaleducationcenters.de\/it\/prodotto\/tedesco-professionale-livello-intermedio-i-nel-settore-commerciale\/","name":"Tedesco professionale - Livello intermedio commerciale I - International Education Centers","isPartOf":{"@id":"https:\/\/internationaleducationcenters.de\/it\/#website"},"primaryImageOfPage":{"@id":"https:\/\/internationaleducationcenters.de\/it\/prodotto\/tedesco-professionale-livello-intermedio-i-nel-settore-commerciale\/#primaryimage"},"image":{"@id":"https:\/\/internationaleducationcenters.de\/it\/prodotto\/tedesco-professionale-livello-intermedio-i-nel-settore-commerciale\/#primaryimage"},"thumbnailUrl":"https:\/\/internationaleducationcenters.de\/wp-content\/uploads\/2025\/10\/pexels-a-darmel-7641842-scaled.jpg","datePublished":"2025-09-26T08:07:01+00:00","dateModified":"2025-11-18T13:25:49+00:00","description":"Migliora il tuo tedesco commerciale a livello intermedio. Ideale per le professioni commerciali - con esercizi tratti dalla vita lavorativa quotidiana.","breadcrumb":{"@id":"https:\/\/internationaleducationcenters.de\/it\/prodotto\/tedesco-professionale-livello-intermedio-i-nel-settore-commerciale\/#breadcrumb"},"inLanguage":"it-IT","potentialAction":[{"@type":"ReadAction","target":["https:\/\/internationaleducationcenters.de\/it\/prodotto\/tedesco-professionale-livello-intermedio-i-nel-settore-commerciale\/"]}]},{"@type":"ImageObject","inLanguage":"it-IT","@id":"https:\/\/internationaleducationcenters.de\/it\/prodotto\/tedesco-professionale-livello-intermedio-i-nel-settore-commerciale\/#primaryimage","url":"https:\/\/internationaleducationcenters.de\/wp-content\/uploads\/2025\/10\/pexels-a-darmel-7641842-scaled.jpg","contentUrl":"https:\/\/internationaleducationcenters.de\/wp-content\/uploads\/2025\/10\/pexels-a-darmel-7641842-scaled.jpg","width":2560,"height":1707,"caption":"F\u00f6rderung bei IEC in Wuppertal"},{"@type":"BreadcrumbList","@id":"https:\/\/internationaleducationcenters.de\/it\/prodotto\/tedesco-professionale-livello-intermedio-i-nel-settore-commerciale\/#breadcrumb","itemListElement":[{"@type":"ListItem","position":1,"name":"Home","item":"https:\/\/internationaleducationcenters.de\/it\/"},{"@type":"ListItem","position":2,"name":"Negozio","item":"https:\/\/internationaleducationcenters.de\/it\/shop\/"},{"@type":"ListItem","position":3,"name":"Tedesco professionale &#8211; Livello intermedio commerciale I"}]},{"@type":"WebSite","@id":"https:\/\/internationaleducationcenters.de\/it\/#website","url":"https:\/\/internationaleducationcenters.de\/it\/","name":"International Education Centers","description":"","publisher":{"@id":"https:\/\/internationaleducationcenters.de\/it\/#organization"},"potentialAction":[{"@type":"SearchAction","target":{"@type":"EntryPoint","urlTemplate":"https:\/\/internationaleducationcenters.de\/it\/?s={search_term_string}"},"query-input":{"@type":"PropertyValueSpecification","valueRequired":true,"valueName":"search_term_string"}}],"inLanguage":"it-IT"},{"@type":"Organization","@id":"https:\/\/internationaleducationcenters.de\/it\/#organization","name":"International Education Centers","alternateName":"IEC","url":"https:\/\/internationaleducationcenters.de\/it\/","logo":{"@type":"ImageObject","inLanguage":"it-IT","@id":"https:\/\/internationaleducationcenters.de\/it\/#\/schema\/logo\/image\/","url":"https:\/\/internationaleducationcenters.de\/wp-content\/uploads\/2025\/08\/IEC_favicon-1.png","contentUrl":"https:\/\/internationaleducationcenters.de\/wp-content\/uploads\/2025\/08\/IEC_favicon-1.png","width":512,"height":512,"caption":"International Education Centers"},"image":{"@id":"https:\/\/internationaleducationcenters.de\/it\/#\/schema\/logo\/image\/"},"sameAs":["https:\/\/www.facebook.com\/InternationalEducationCenters\/"]}]},"product_price_currency":"EUR","og_availability":"instock","product_availability":"instock","product_condition":"new"},"_links":{"self":[{"href":"https:\/\/internationaleducationcenters.de\/it\/wp-json\/wp\/v2\/product\/17695","targetHints":{"allow":["GET"]}}],"collection":[{"href":"https:\/\/internationaleducationcenters.de\/it\/wp-json\/wp\/v2\/product"}],"about":[{"href":"https:\/\/internationaleducationcenters.de\/it\/wp-json\/wp\/v2\/types\/product"}],"replies":[{"embeddable":true,"href":"https:\/\/internationaleducationcenters.de\/it\/wp-json\/wp\/v2\/comments?post=17695"}],"version-history":[{"count":3,"href":"https:\/\/internationaleducationcenters.de\/it\/wp-json\/wp\/v2\/product\/17695\/revisions"}],"predecessor-version":[{"id":20726,"href":"https:\/\/internationaleducationcenters.de\/it\/wp-json\/wp\/v2\/product\/17695\/revisions\/20726"}],"wp:featuredmedia":[{"embeddable":true,"href":"https:\/\/internationaleducationcenters.de\/it\/wp-json\/wp\/v2\/media\/16263"}],"wp:attachment":[{"href":"https:\/\/internationaleducationcenters.de\/it\/wp-json\/wp\/v2\/media?parent=17695"}],"wp:term":[{"taxonomy":"product_brand","embeddable":true,"href":"https:\/\/internationaleducationcenters.de\/it\/wp-json\/wp\/v2\/product_brand?post=17695"},{"taxonomy":"product_cat","embeddable":true,"href":"https:\/\/internationaleducationcenters.de\/it\/wp-json\/wp\/v2\/product_cat?post=17695"},{"taxonomy":"product_tag","embeddable":true,"href":"https:\/\/internationaleducationcenters.de\/it\/wp-json\/wp\/v2\/product_tag?post=17695"}],"curies":[{"name":"wp","href":"https:\/\/api.w.org\/{rel}","templated":true}]}}