{"id":17723,"date":"2025-09-26T10:03:32","date_gmt":"2025-09-26T08:03:32","guid":{"rendered":"https:\/\/internationaleducationcenters.de\/kurs\/tedesco-per-la-professione-infermieristica-specifiche-del-settore-livello-intermedio-i-b1-1\/"},"modified":"2025-11-18T14:53:50","modified_gmt":"2025-11-18T13:53:50","slug":"tedesco-per-la-professione-infermieristica-specifiche-del-settore-livello-intermedio-i-b1-1","status":"publish","type":"product","link":"https:\/\/internationaleducationcenters.de\/it\/prodotto\/tedesco-per-la-professione-infermieristica-specifiche-del-settore-livello-intermedio-i-b1-1\/","title":{"rendered":"Tedesco per la professione infermieristica &#8211; specifiche del settore &#8211; livello intermedio I (B1.1)"},"content":{"rendered":"\t\t<div data-elementor-type=\"product-post\" data-elementor-id=\"17723\" class=\"elementor elementor-17723 elementor-13898\" data-elementor-post-type=\"product\">\n\t\t\t\t<div class=\"elementor-element elementor-element-50fb45d e-flex e-con-boxed e-con e-parent\" data-id=\"50fb45d\" data-element_type=\"container\" data-e-type=\"container\">\n\t\t\t\t\t<div class=\"e-con-inner\">\n\t\t\t\t<div class=\"elementor-element elementor-element-020cc82 elementor-widget elementor-widget-text-editor\" data-id=\"020cc82\" data-element_type=\"widget\" data-e-type=\"widget\" data-widget_type=\"text-editor.default\">\n\t\t\t\t<div class=\"elementor-widget-container\">\n\t\t\t\t\t\t\t\t\t<p><strong>Una breve panoramica<br><\/strong><br> Attualmente si cercano badanti e assistenti in tutta la Germania. Per i<br>candidati provenienti dall&#8217;estero, a volte l&#8217;unica cosa che manca sono le<br>competenze linguistiche adeguate. Con la prova di una solida conoscenza della lingua tedesca al<br>livello B1.1, anche le persone con un background migratorio hanno<br>ottime possibilit\u00e0 di trovare lavoro. Il corso offre ai partecipanti<br>contenuti specifici di livello B1.1 che si adattano alle loro<br>esigenze professionali nel settore dell&#8217;assistenza.<br>Il corso si concentra sulla creazione di un<br>vocabolario di base e sullo sviluppo delle competenze linguistiche necessarie nel lavoro di<br>assistenza quotidiano. Questo include l&#8217;interazione con i pazienti, la comprensione<br>e la formulazione di istruzioni, la descrizione dei sintomi e la<br>spiegazione dei piani di trattamento.<br>Un aspetto importante \u00e8 lo sviluppo di<br>abilit\u00e0 comunicative per interagire efficacemente con i pazienti. Questo include<br>conversazioni semplici, l&#8217;identificazione di bisogni e<br>desideri, la comprensione dei reclami e la<br>costruzione di un rapporto di fiducia.<br>Il corso insegna anche la terminologia medica di base e la<br>terminologia rilevante per il settore dell&#8217;assistenza. Questo include<br>la denominazione di parti del corpo, malattie,<br>farmaci e dispositivi medici, ad esempio.<br>Nel settore dell&#8217;assistenza, la documentazione accurata dei trattamenti e delle<br>misure di cura \u00e8 di grande importanza. Il corso fornisce conoscenze sulla<br>corretta documentazione scritta, compresa la stesura di<br>rapporti, protocolli e piani di assistenza.<br>Poich\u00e9 il settore infermieristico \u00e8 spesso multiculturale, le strategie di comunicazione interculturale<br>possono essere una parte importante del corso. Questo<br>include la gestione delle differenze culturali, la sensibilit\u00e0 alle<br>diverse esigenze e la gestione rispettosa della diversit\u00e0.<br>Per applicare quanto appreso in situazioni realistiche,<br>possono essere integrati nelle lezioni giochi di ruolo ed esercizi pratici.<br>Questo permette ai partecipanti di applicare le loro<br>competenze linguistiche in modo pratico e di prepararsi a situazioni di assistenza reali.        <\/p><p><strong>Contenuti del corso<br><\/strong><\/p><ul><li>Il linguaggio quotidiano nell&#8217;assistenza<\/li><li>Comunicazione con i pazienti<\/li><li>Vocabolario medico<\/li><li>Documentazione e reportistica<\/li><li>Comunicazione interculturale<\/li><li>Giochi di ruolo ed esercitazioni pratiche<\/li><\/ul><p><strong>Le tue prospettive di carriera dopo la formazione continua<br><\/strong><br> Un corso di tedesco per assistenza infermieristica di livello B1.1 ti apre un&#8217;ampia gamma di prospettive di carriera<br>. Con una conoscenza di base del tedesco<br>potrai lavorare nel settore dell&#8217;assistenza o in settori affini. Come<br>assistente infermieristico o assistente di cura, supporterai il personale infermieristico nella<br>cura dei pazienti. Grazie alle conoscenze linguistiche acquisite<br>sarai in grado di sostenere conversazioni di base e di comprendere le istruzioni.<br>Inoltre, il corso di tedesco ti apre le porte anche in altre<br>aree del settore sanitario in cui \u00e8 richiesta la conoscenza del tedesco. <br> ad esempio lavorando in ospedali, strutture mediche o<br>servizi di assistenza ambulatoriale. Le competenze linguistiche acquisite<br>consentono di comunicare efficacemente con colleghi, superiori e<br>pazienti.     <br><br><strong>Requisiti di partecipazione<br><\/strong><br> Questo corso \u00e8 rivolto a partecipanti con un livello A2.2 secondo il CEF o<br>che abbiano dimostrato le loro conoscenze di base in altro modo.<br><br>Un ulteriore requisito per la partecipazione \u00e8 la formazione\/studio professionale<br>o l&#8217;esperienza lavorativa nel settore dell&#8217;assistenza o nel settore commerciale<br>.<br>Siamo a disposizione di tutti gli interessati per un colloquio personale per chiarire i requisiti di partecipazione individuali<br>.<br><br><strong>Gruppo target<br><\/strong><br> Il modulo si rivolge anche a migranti e rifugiati con conoscenze linguistiche di base<br>che lavorano nel settore dell&#8217;assistenza o che vogliono lavorare in questo<br>settore in futuro e che necessitano di conoscenze linguistiche tedesche di livello B1.1<br>. L&#8217;obiettivo del Job Turbo \u00e8 quello di sfruttare questo potenziale e di inserire<br>rapidamente le persone nel mondo del lavoro.<br><br><strong>La tua qualifica<br><\/strong><br> Certificato interno o attestato di partecipazione<br><br><strong>Finanziamento con voucher formativo<br><\/strong><br> In qualit\u00e0 di provider autorizzato secondo AZAV, la maggior parte dei nostri corsi<br>\u00e8 certificata in base a rigorosi requisiti di qualit\u00e0. Per te che sei un<br>cliente dell&#8217;agenzia per il lavoro o del centro per l&#8217;impiego, questo significa che la tua<br>partecipazione \u00e8 finanziabile al 100% con un voucher formativo ed \u00e8 quindi gratuita per te<br>. <\/p>\t\t\t\t\t\t\t\t<\/div>\n\t\t\t\t<\/div>\n\t\t\t\t\t<\/div>\n\t\t\t\t<\/div>\n\t\t\t\t<\/div>\n\t\t","protected":false},"excerpt":{"rendered":"<p>Migliora il tuo tedesco per la professione infermieristica a livello intermedio (B1.1). Il corso insegna il vocabolario specifico del settore e la comunicazione pratica per la vita lavorativa quotidiana nel settore sanitario. <\/p>\n","protected":false},"featured_media":7529,"comment_status":"open","ping_status":"closed","template":"","meta":{"_acf_changed":false},"product_brand":[],"product_cat":[17],"product_tag":[465],"class_list":{"0":"post-17723","1":"product","2":"type-product","3":"status-publish","4":"has-post-thumbnail","6":"product_cat-uncategorized","7":"product_tag-design-professionale","9":"first","10":"instock","11":"taxable","12":"shipping-taxable","13":"product-type-simple"},"acf":[],"yoast_head":"<!-- This site is optimized with the Yoast SEO Premium plugin v25.9 (Yoast SEO v26.9) - https:\/\/yoast.com\/product\/yoast-seo-premium-wordpress\/ -->\n<title>Tedesco per la professione infermieristica - specifiche del settore - livello intermedio I (B1.1) - International Education Centers<\/title>\n<meta name=\"description\" content=\"Tedesco per la professione infermieristica: impara il tedesco specifico del settore a livello intermedio (B1.1) con esercizi pratici presso l&#039;IEC di Wuppertal\" \/>\n<meta name=\"robots\" content=\"index, follow, max-snippet:-1, max-image-preview:large, max-video-preview:-1\" \/>\n<link rel=\"canonical\" href=\"https:\/\/internationaleducationcenters.de\/it\/prodotto\/tedesco-per-la-professione-infermieristica-specifiche-del-settore-livello-intermedio-i-b1-1\/\" \/>\n<meta property=\"og:locale\" content=\"it_IT\" \/>\n<meta property=\"og:type\" content=\"article\" \/>\n<meta property=\"og:title\" content=\"Tedesco per la professione infermieristica - specifiche del settore - livello intermedio I (B1.1)\" \/>\n<meta property=\"og:description\" content=\"Tedesco per la professione infermieristica: impara il tedesco specifico del settore a livello intermedio (B1.1) con esercizi pratici presso l&#039;IEC di Wuppertal\" \/>\n<meta property=\"og:url\" content=\"https:\/\/internationaleducationcenters.de\/it\/prodotto\/tedesco-per-la-professione-infermieristica-specifiche-del-settore-livello-intermedio-i-b1-1\/\" \/>\n<meta property=\"og:site_name\" content=\"International Education Centers\" \/>\n<meta property=\"article:publisher\" content=\"https:\/\/www.facebook.com\/InternationalEducationCenters\/\" \/>\n<meta property=\"article:modified_time\" content=\"2025-11-18T13:53:50+00:00\" \/>\n<meta property=\"og:image\" content=\"https:\/\/internationaleducationcenters.de\/wp-content\/uploads\/2024\/01\/Deutsch-B2-C1-Medizin.jpg\" \/>\n\t<meta property=\"og:image:width\" content=\"300\" \/>\n\t<meta property=\"og:image:height\" content=\"200\" \/>\n\t<meta property=\"og:image:type\" content=\"image\/jpeg\" \/>\n<meta name=\"twitter:card\" content=\"summary_large_image\" \/>\n<meta name=\"twitter:label1\" content=\"Prezzo\" \/>\n\t<meta name=\"twitter:data1\" content=\"\" \/>\n\t<meta name=\"twitter:label2\" content=\"Disponibilit\u00e0\" \/>\n\t<meta name=\"twitter:data2\" content=\"In stock\" \/>\n<script type=\"application\/ld+json\" class=\"yoast-schema-graph\">{\"@context\":\"https:\/\/schema.org\",\"@graph\":[{\"@type\":\"WebPage\",\"@id\":\"https:\/\/internationaleducationcenters.de\/it\/prodotto\/tedesco-per-la-professione-infermieristica-specifiche-del-settore-livello-intermedio-i-b1-1\/\",\"url\":\"https:\/\/internationaleducationcenters.de\/it\/prodotto\/tedesco-per-la-professione-infermieristica-specifiche-del-settore-livello-intermedio-i-b1-1\/\",\"name\":\"Tedesco per la professione infermieristica - specifiche del settore - livello intermedio I (B1.1) - International Education Centers\",\"isPartOf\":{\"@id\":\"https:\/\/internationaleducationcenters.de\/it\/#website\"},\"primaryImageOfPage\":{\"@id\":\"https:\/\/internationaleducationcenters.de\/it\/prodotto\/tedesco-per-la-professione-infermieristica-specifiche-del-settore-livello-intermedio-i-b1-1\/#primaryimage\"},\"image\":{\"@id\":\"https:\/\/internationaleducationcenters.de\/it\/prodotto\/tedesco-per-la-professione-infermieristica-specifiche-del-settore-livello-intermedio-i-b1-1\/#primaryimage\"},\"thumbnailUrl\":\"https:\/\/internationaleducationcenters.de\/wp-content\/uploads\/2024\/01\/Deutsch-B2-C1-Medizin.jpg\",\"datePublished\":\"2025-09-26T08:03:32+00:00\",\"dateModified\":\"2025-11-18T13:53:50+00:00\",\"description\":\"Tedesco per la professione infermieristica: impara il tedesco specifico del settore a livello intermedio (B1.1) con esercizi pratici presso l'IEC di Wuppertal\",\"breadcrumb\":{\"@id\":\"https:\/\/internationaleducationcenters.de\/it\/prodotto\/tedesco-per-la-professione-infermieristica-specifiche-del-settore-livello-intermedio-i-b1-1\/#breadcrumb\"},\"inLanguage\":\"it-IT\",\"potentialAction\":[{\"@type\":\"ReadAction\",\"target\":[\"https:\/\/internationaleducationcenters.de\/it\/prodotto\/tedesco-per-la-professione-infermieristica-specifiche-del-settore-livello-intermedio-i-b1-1\/\"]}]},{\"@type\":\"ImageObject\",\"inLanguage\":\"it-IT\",\"@id\":\"https:\/\/internationaleducationcenters.de\/it\/prodotto\/tedesco-per-la-professione-infermieristica-specifiche-del-settore-livello-intermedio-i-b1-1\/#primaryimage\",\"url\":\"https:\/\/internationaleducationcenters.de\/wp-content\/uploads\/2024\/01\/Deutsch-B2-C1-Medizin.jpg\",\"contentUrl\":\"https:\/\/internationaleducationcenters.de\/wp-content\/uploads\/2024\/01\/Deutsch-B2-C1-Medizin.jpg\",\"width\":300,\"height\":200,\"caption\":\"Vorbereitungskurs f\u00fcr medizinisches Deutsch B2-C1 \u2013 telc Pr\u00fcfung mit IEC\"},{\"@type\":\"BreadcrumbList\",\"@id\":\"https:\/\/internationaleducationcenters.de\/it\/prodotto\/tedesco-per-la-professione-infermieristica-specifiche-del-settore-livello-intermedio-i-b1-1\/#breadcrumb\",\"itemListElement\":[{\"@type\":\"ListItem\",\"position\":1,\"name\":\"Home\",\"item\":\"https:\/\/internationaleducationcenters.de\/it\/\"},{\"@type\":\"ListItem\",\"position\":2,\"name\":\"Negozio\",\"item\":\"https:\/\/internationaleducationcenters.de\/it\/shop\/\"},{\"@type\":\"ListItem\",\"position\":3,\"name\":\"Tedesco per la professione infermieristica &#8211; specifiche del settore &#8211; livello intermedio I (B1.1)\"}]},{\"@type\":\"WebSite\",\"@id\":\"https:\/\/internationaleducationcenters.de\/it\/#website\",\"url\":\"https:\/\/internationaleducationcenters.de\/it\/\",\"name\":\"International Education Centers\",\"description\":\"\",\"publisher\":{\"@id\":\"https:\/\/internationaleducationcenters.de\/it\/#organization\"},\"potentialAction\":[{\"@type\":\"SearchAction\",\"target\":{\"@type\":\"EntryPoint\",\"urlTemplate\":\"https:\/\/internationaleducationcenters.de\/it\/?s={search_term_string}\"},\"query-input\":{\"@type\":\"PropertyValueSpecification\",\"valueRequired\":true,\"valueName\":\"search_term_string\"}}],\"inLanguage\":\"it-IT\"},{\"@type\":\"Organization\",\"@id\":\"https:\/\/internationaleducationcenters.de\/it\/#organization\",\"name\":\"International Education Centers\",\"alternateName\":\"IEC\",\"url\":\"https:\/\/internationaleducationcenters.de\/it\/\",\"logo\":{\"@type\":\"ImageObject\",\"inLanguage\":\"it-IT\",\"@id\":\"https:\/\/internationaleducationcenters.de\/it\/#\/schema\/logo\/image\/\",\"url\":\"https:\/\/internationaleducationcenters.de\/wp-content\/uploads\/2025\/08\/IEC_favicon-1.png\",\"contentUrl\":\"https:\/\/internationaleducationcenters.de\/wp-content\/uploads\/2025\/08\/IEC_favicon-1.png\",\"width\":512,\"height\":512,\"caption\":\"International Education Centers\"},\"image\":{\"@id\":\"https:\/\/internationaleducationcenters.de\/it\/#\/schema\/logo\/image\/\"},\"sameAs\":[\"https:\/\/www.facebook.com\/InternationalEducationCenters\/\"]}]}<\/script>\n<meta property=\"product:price:currency\" content=\"EUR\" \/>\n<meta property=\"og:availability\" content=\"instock\" \/>\n<meta property=\"product:availability\" content=\"instock\" \/>\n<meta property=\"product:condition\" content=\"new\" \/>\n<!-- \/ Yoast SEO Premium plugin. -->","yoast_head_json":{"title":"Tedesco per la professione infermieristica - specifiche del settore - livello intermedio I (B1.1) - International Education Centers","description":"Tedesco per la professione infermieristica: impara il tedesco specifico del settore a livello intermedio (B1.1) con esercizi pratici presso l'IEC di Wuppertal","robots":{"index":"index","follow":"follow","max-snippet":"max-snippet:-1","max-image-preview":"max-image-preview:large","max-video-preview":"max-video-preview:-1"},"canonical":"https:\/\/internationaleducationcenters.de\/it\/prodotto\/tedesco-per-la-professione-infermieristica-specifiche-del-settore-livello-intermedio-i-b1-1\/","og_locale":"it_IT","og_type":"article","og_title":"Tedesco per la professione infermieristica - specifiche del settore - livello intermedio I (B1.1)","og_description":"Tedesco per la professione infermieristica: impara il tedesco specifico del settore a livello intermedio (B1.1) con esercizi pratici presso l'IEC di Wuppertal","og_url":"https:\/\/internationaleducationcenters.de\/it\/prodotto\/tedesco-per-la-professione-infermieristica-specifiche-del-settore-livello-intermedio-i-b1-1\/","og_site_name":"International Education Centers","article_publisher":"https:\/\/www.facebook.com\/InternationalEducationCenters\/","article_modified_time":"2025-11-18T13:53:50+00:00","og_image":[{"width":300,"height":200,"url":"https:\/\/internationaleducationcenters.de\/wp-content\/uploads\/2024\/01\/Deutsch-B2-C1-Medizin.jpg","type":"image\/jpeg"}],"twitter_card":"summary_large_image","twitter_misc":{"Prezzo":"","Disponibilit\u00e0":"In stock"},"schema":{"@context":"https:\/\/schema.org","@graph":[{"@type":"WebPage","@id":"https:\/\/internationaleducationcenters.de\/it\/prodotto\/tedesco-per-la-professione-infermieristica-specifiche-del-settore-livello-intermedio-i-b1-1\/","url":"https:\/\/internationaleducationcenters.de\/it\/prodotto\/tedesco-per-la-professione-infermieristica-specifiche-del-settore-livello-intermedio-i-b1-1\/","name":"Tedesco per la professione infermieristica - specifiche del settore - livello intermedio I (B1.1) - International Education Centers","isPartOf":{"@id":"https:\/\/internationaleducationcenters.de\/it\/#website"},"primaryImageOfPage":{"@id":"https:\/\/internationaleducationcenters.de\/it\/prodotto\/tedesco-per-la-professione-infermieristica-specifiche-del-settore-livello-intermedio-i-b1-1\/#primaryimage"},"image":{"@id":"https:\/\/internationaleducationcenters.de\/it\/prodotto\/tedesco-per-la-professione-infermieristica-specifiche-del-settore-livello-intermedio-i-b1-1\/#primaryimage"},"thumbnailUrl":"https:\/\/internationaleducationcenters.de\/wp-content\/uploads\/2024\/01\/Deutsch-B2-C1-Medizin.jpg","datePublished":"2025-09-26T08:03:32+00:00","dateModified":"2025-11-18T13:53:50+00:00","description":"Tedesco per la professione infermieristica: impara il tedesco specifico del settore a livello intermedio (B1.1) con esercizi pratici presso l'IEC di Wuppertal","breadcrumb":{"@id":"https:\/\/internationaleducationcenters.de\/it\/prodotto\/tedesco-per-la-professione-infermieristica-specifiche-del-settore-livello-intermedio-i-b1-1\/#breadcrumb"},"inLanguage":"it-IT","potentialAction":[{"@type":"ReadAction","target":["https:\/\/internationaleducationcenters.de\/it\/prodotto\/tedesco-per-la-professione-infermieristica-specifiche-del-settore-livello-intermedio-i-b1-1\/"]}]},{"@type":"ImageObject","inLanguage":"it-IT","@id":"https:\/\/internationaleducationcenters.de\/it\/prodotto\/tedesco-per-la-professione-infermieristica-specifiche-del-settore-livello-intermedio-i-b1-1\/#primaryimage","url":"https:\/\/internationaleducationcenters.de\/wp-content\/uploads\/2024\/01\/Deutsch-B2-C1-Medizin.jpg","contentUrl":"https:\/\/internationaleducationcenters.de\/wp-content\/uploads\/2024\/01\/Deutsch-B2-C1-Medizin.jpg","width":300,"height":200,"caption":"Vorbereitungskurs f\u00fcr medizinisches Deutsch B2-C1 \u2013 telc Pr\u00fcfung mit IEC"},{"@type":"BreadcrumbList","@id":"https:\/\/internationaleducationcenters.de\/it\/prodotto\/tedesco-per-la-professione-infermieristica-specifiche-del-settore-livello-intermedio-i-b1-1\/#breadcrumb","itemListElement":[{"@type":"ListItem","position":1,"name":"Home","item":"https:\/\/internationaleducationcenters.de\/it\/"},{"@type":"ListItem","position":2,"name":"Negozio","item":"https:\/\/internationaleducationcenters.de\/it\/shop\/"},{"@type":"ListItem","position":3,"name":"Tedesco per la professione infermieristica &#8211; specifiche del settore &#8211; livello intermedio I (B1.1)"}]},{"@type":"WebSite","@id":"https:\/\/internationaleducationcenters.de\/it\/#website","url":"https:\/\/internationaleducationcenters.de\/it\/","name":"International Education Centers","description":"","publisher":{"@id":"https:\/\/internationaleducationcenters.de\/it\/#organization"},"potentialAction":[{"@type":"SearchAction","target":{"@type":"EntryPoint","urlTemplate":"https:\/\/internationaleducationcenters.de\/it\/?s={search_term_string}"},"query-input":{"@type":"PropertyValueSpecification","valueRequired":true,"valueName":"search_term_string"}}],"inLanguage":"it-IT"},{"@type":"Organization","@id":"https:\/\/internationaleducationcenters.de\/it\/#organization","name":"International Education Centers","alternateName":"IEC","url":"https:\/\/internationaleducationcenters.de\/it\/","logo":{"@type":"ImageObject","inLanguage":"it-IT","@id":"https:\/\/internationaleducationcenters.de\/it\/#\/schema\/logo\/image\/","url":"https:\/\/internationaleducationcenters.de\/wp-content\/uploads\/2025\/08\/IEC_favicon-1.png","contentUrl":"https:\/\/internationaleducationcenters.de\/wp-content\/uploads\/2025\/08\/IEC_favicon-1.png","width":512,"height":512,"caption":"International Education Centers"},"image":{"@id":"https:\/\/internationaleducationcenters.de\/it\/#\/schema\/logo\/image\/"},"sameAs":["https:\/\/www.facebook.com\/InternationalEducationCenters\/"]}]},"product_price_currency":"EUR","og_availability":"instock","product_availability":"instock","product_condition":"new"},"_links":{"self":[{"href":"https:\/\/internationaleducationcenters.de\/it\/wp-json\/wp\/v2\/product\/17723","targetHints":{"allow":["GET"]}}],"collection":[{"href":"https:\/\/internationaleducationcenters.de\/it\/wp-json\/wp\/v2\/product"}],"about":[{"href":"https:\/\/internationaleducationcenters.de\/it\/wp-json\/wp\/v2\/types\/product"}],"replies":[{"embeddable":true,"href":"https:\/\/internationaleducationcenters.de\/it\/wp-json\/wp\/v2\/comments?post=17723"}],"version-history":[{"count":3,"href":"https:\/\/internationaleducationcenters.de\/it\/wp-json\/wp\/v2\/product\/17723\/revisions"}],"predecessor-version":[{"id":20759,"href":"https:\/\/internationaleducationcenters.de\/it\/wp-json\/wp\/v2\/product\/17723\/revisions\/20759"}],"wp:featuredmedia":[{"embeddable":true,"href":"https:\/\/internationaleducationcenters.de\/it\/wp-json\/wp\/v2\/media\/7529"}],"wp:attachment":[{"href":"https:\/\/internationaleducationcenters.de\/it\/wp-json\/wp\/v2\/media?parent=17723"}],"wp:term":[{"taxonomy":"product_brand","embeddable":true,"href":"https:\/\/internationaleducationcenters.de\/it\/wp-json\/wp\/v2\/product_brand?post=17723"},{"taxonomy":"product_cat","embeddable":true,"href":"https:\/\/internationaleducationcenters.de\/it\/wp-json\/wp\/v2\/product_cat?post=17723"},{"taxonomy":"product_tag","embeddable":true,"href":"https:\/\/internationaleducationcenters.de\/it\/wp-json\/wp\/v2\/product_tag?post=17723"}],"curies":[{"name":"wp","href":"https:\/\/api.w.org\/{rel}","templated":true}]}}