{"id":17764,"date":"2025-09-26T10:04:00","date_gmt":"2025-09-26T08:04:00","guid":{"rendered":"https:\/\/internationaleducationcenters.de\/kurs\/tedesco-per-il-lavoro-e-la-carriera-corso-avanzato-ii-nel-settore-commerciale\/"},"modified":"2025-11-18T14:45:47","modified_gmt":"2025-11-18T13:45:47","slug":"tedesco-per-il-lavoro-e-la-carriera-corso-avanzato-ii-nel-settore-commerciale","status":"publish","type":"product","link":"https:\/\/internationaleducationcenters.de\/it\/prodotto\/tedesco-per-il-lavoro-e-la-carriera-corso-avanzato-ii-nel-settore-commerciale\/","title":{"rendered":"Tedesco professionale &#8211; Corso avanzato commerciale ll"},"content":{"rendered":"\t\t<div data-elementor-type=\"product-post\" data-elementor-id=\"17764\" class=\"elementor elementor-17764 elementor-13887\" data-elementor-post-type=\"product\">\n\t\t\t\t<div class=\"elementor-element elementor-element-8820c39 e-flex e-con-boxed e-con e-parent\" data-id=\"8820c39\" data-element_type=\"container\" data-e-type=\"container\">\n\t\t\t\t\t<div class=\"e-con-inner\">\n\t\t\t\t<div class=\"elementor-element elementor-element-158fc12 elementor-widget elementor-widget-text-editor\" data-id=\"158fc12\" data-element_type=\"widget\" data-e-type=\"widget\" data-widget_type=\"text-editor.default\">\n\t\t\t\t<div class=\"elementor-widget-container\">\n\t\t\t\t\t\t\t\t\t<p><strong>Una breve panoramica<br><\/strong><br> Questo corso insegna il tedesco avanzato e approfondisce<br>argomenti come: Tempo e svago, presentare se stessi e gli altri, lavoro e professione,<br>professioni, posto di lavoro, appuntamenti, buone maniere, telefonare,<br>riunioni, lettere ed e-mail, scuola e sistema educativo in<br>Germania, trasporti e mobilit\u00e0, prenotazioni e booking,<br>paesi e abitanti, aspetti culturali della Germania, abitazione e vita,<br>sentimenti e caratteristiche, cibo e bevande, salute,<br>documenti per la candidatura e colloqui di lavoro, inclusa la grammatica. <\/p><p><strong>Contenuto del corso<br><\/strong><br> Insegnamento di conoscenze avanzate<\/p><ul><li>Grammatica tedesca<\/li><li>Costruzione del vocabolario<\/li><li>Consolidamento degli esercizi orali e scritti nell&#8217;uso del linguaggio professionale<br><\/li><li>Chiarimenti sul dibattito<\/li><li>Esercizi di applicazione<\/li><li>Sviluppo delle capacit\u00e0 di comprensione orale e scritta<\/li><\/ul><p><strong>Le tue prospettive di carriera dopo la formazione<br><\/strong><br> hOltre al francese, il tedesco \u00e8 la seconda lingua pi\u00f9 studiata in<br>tutta l&#8217;Unione Europea.<br>Questo \u00e8 in parte dovuto al fatto che il tedesco \u00e8 una delle lingue pi\u00f9<br>importanti nei settori della medicina, della biologia, della chimica, della farmacia, dell&#8217;ingegneria elettrica ed elettronica,<br>dell&#8217;ingegneria meccanica, della costruzione di veicoli, della diplomazia, della finanza, dello sport, del turismo e dell&#8217;istruzione. <\/p><p><strong>Requisiti di partecipazione<br><\/strong><br> I requisiti di partecipazione sono un livello linguistico<br>elevato di B2.1 secondo il QCER o un&#8217;altra conoscenza di base<br>comprovata della lingua tedesca e, idealmente, una formazione professionale<br>\/ una laurea o un&#8217;esperienza lavorativa nel settore commerciale. Gli<br>accordi precisi vengono presi in consultazione con il centro per l&#8217;impiego\/agenzia per il lavoro<br>o con il comune che sceglie di partecipare.<br>Siamo a disposizione di tutti gli interessati per un colloquio personale per chiarire i requisiti individuali di partecipazione<br>. <\/p><p><strong>Gruppo target<br><\/strong><br> Il modulo \u00e8 adatto anche a migranti e rifugiati con conoscenze linguistiche di base<br>e a chi \u00e8 interessato al mondo del lavoro. L&#8217;obiettivo di<br>Job-Turbo \u00e8 quello di sfruttare questo potenziale e di<br>inserire rapidamente le persone nel mondo del lavoro. <\/p><p><strong>La tua qualifica<br><\/strong><br> Certificato interno o attestato di partecipazione<\/p><p><strong>Finanziamento con voucher formativo<br><\/strong><br> In qualit\u00e0 di provider autorizzato secondo AZAV, la maggior parte dei nostri corsi<br>\u00e8 certificata in base a rigorosi requisiti di qualit\u00e0. Per te che sei un<br>cliente dell&#8217;agenzia per il lavoro o del centro per l&#8217;impiego, questo significa che la tua<br>partecipazione \u00e8 finanziabile al 100% con un voucher formativo ed \u00e8 quindi gratuita per te<br>. <\/p>\t\t\t\t\t\t\t\t<\/div>\n\t\t\t\t<\/div>\n\t\t\t\t\t<\/div>\n\t\t\t\t<\/div>\n\t\t\t\t<\/div>\n\t\t","protected":false},"excerpt":{"rendered":"<p>Rafforza il tuo tedesco professionale per le professioni commerciali a un livello avanzato.<br data-start=\"277\" data-end=\"280\">Con esercitazioni pratiche presso l&#8217;IEC di Wuppertal &#8211; ideale per l&#8217;avanzamento di carriera.<\/p>\n","protected":false},"featured_media":15308,"comment_status":"open","ping_status":"closed","template":"","meta":{"_acf_changed":false},"product_brand":[],"product_cat":[389],"product_tag":[465],"class_list":{"0":"post-17764","1":"product","2":"type-product","3":"status-publish","4":"has-post-thumbnail","6":"product_cat-corsi-di-lingua-professionali","7":"product_tag-design-professionale","9":"first","10":"instock","11":"taxable","12":"shipping-taxable","13":"product-type-simple"},"acf":[],"yoast_head":"<!-- This site is optimized with the Yoast SEO Premium plugin v25.9 (Yoast SEO v26.9) - https:\/\/yoast.com\/product\/yoast-seo-premium-wordpress\/ -->\n<title>Tedesco professionale - Corso avanzato commerciale ll - International Education Centers<\/title>\n<meta name=\"description\" content=\"Impara il tedesco professionale per avere opportunit\u00e0 di carriera. Corso avanzato nel settore commerciale con esercitazioni realistiche con l&#039;IEC di Wuppertal e rilevanza pratica.\" \/>\n<meta name=\"robots\" content=\"index, follow, max-snippet:-1, max-image-preview:large, max-video-preview:-1\" \/>\n<link rel=\"canonical\" href=\"https:\/\/internationaleducationcenters.de\/it\/prodotto\/tedesco-per-il-lavoro-e-la-carriera-corso-avanzato-ii-nel-settore-commerciale\/\" \/>\n<meta property=\"og:locale\" content=\"it_IT\" \/>\n<meta property=\"og:type\" content=\"article\" \/>\n<meta property=\"og:title\" content=\"Tedesco professionale - Corso avanzato commerciale ll\" \/>\n<meta property=\"og:description\" content=\"Impara il tedesco professionale per avere opportunit\u00e0 di carriera. Corso avanzato nel settore commerciale con esercitazioni realistiche con l&#039;IEC di Wuppertal e rilevanza pratica.\" \/>\n<meta property=\"og:url\" content=\"https:\/\/internationaleducationcenters.de\/it\/prodotto\/tedesco-per-il-lavoro-e-la-carriera-corso-avanzato-ii-nel-settore-commerciale\/\" \/>\n<meta property=\"og:site_name\" content=\"International Education Centers\" \/>\n<meta property=\"article:publisher\" content=\"https:\/\/www.facebook.com\/InternationalEducationCenters\/\" \/>\n<meta property=\"article:modified_time\" content=\"2025-11-18T13:45:47+00:00\" \/>\n<meta property=\"og:image\" content=\"https:\/\/internationaleducationcenters.de\/wp-content\/uploads\/2025\/09\/Aufbaukurs-II-im-kaufmaennischen-Bereich.jpg\" \/>\n\t<meta property=\"og:image:width\" content=\"411\" \/>\n\t<meta property=\"og:image:height\" content=\"293\" \/>\n\t<meta property=\"og:image:type\" content=\"image\/jpeg\" \/>\n<meta name=\"twitter:card\" content=\"summary_large_image\" \/>\n<meta name=\"twitter:label1\" content=\"Prezzo\" \/>\n\t<meta name=\"twitter:data1\" content=\"\" \/>\n\t<meta name=\"twitter:label2\" content=\"Disponibilit\u00e0\" \/>\n\t<meta name=\"twitter:data2\" content=\"In stock\" \/>\n<script type=\"application\/ld+json\" class=\"yoast-schema-graph\">{\"@context\":\"https:\/\/schema.org\",\"@graph\":[{\"@type\":\"WebPage\",\"@id\":\"https:\/\/internationaleducationcenters.de\/it\/prodotto\/tedesco-per-il-lavoro-e-la-carriera-corso-avanzato-ii-nel-settore-commerciale\/\",\"url\":\"https:\/\/internationaleducationcenters.de\/it\/prodotto\/tedesco-per-il-lavoro-e-la-carriera-corso-avanzato-ii-nel-settore-commerciale\/\",\"name\":\"Tedesco professionale - Corso avanzato commerciale ll - International Education Centers\",\"isPartOf\":{\"@id\":\"https:\/\/internationaleducationcenters.de\/it\/#website\"},\"primaryImageOfPage\":{\"@id\":\"https:\/\/internationaleducationcenters.de\/it\/prodotto\/tedesco-per-il-lavoro-e-la-carriera-corso-avanzato-ii-nel-settore-commerciale\/#primaryimage\"},\"image\":{\"@id\":\"https:\/\/internationaleducationcenters.de\/it\/prodotto\/tedesco-per-il-lavoro-e-la-carriera-corso-avanzato-ii-nel-settore-commerciale\/#primaryimage\"},\"thumbnailUrl\":\"https:\/\/internationaleducationcenters.de\/wp-content\/uploads\/2025\/10\/pexels-olly-901424-scaled.jpg\",\"datePublished\":\"2025-09-26T08:04:00+00:00\",\"dateModified\":\"2025-11-18T13:45:47+00:00\",\"description\":\"Impara il tedesco professionale per avere opportunit\u00e0 di carriera. Corso avanzato nel settore commerciale con esercitazioni realistiche con l'IEC di Wuppertal e rilevanza pratica.\",\"breadcrumb\":{\"@id\":\"https:\/\/internationaleducationcenters.de\/it\/prodotto\/tedesco-per-il-lavoro-e-la-carriera-corso-avanzato-ii-nel-settore-commerciale\/#breadcrumb\"},\"inLanguage\":\"it-IT\",\"potentialAction\":[{\"@type\":\"ReadAction\",\"target\":[\"https:\/\/internationaleducationcenters.de\/it\/prodotto\/tedesco-per-il-lavoro-e-la-carriera-corso-avanzato-ii-nel-settore-commerciale\/\"]}]},{\"@type\":\"ImageObject\",\"inLanguage\":\"it-IT\",\"@id\":\"https:\/\/internationaleducationcenters.de\/it\/prodotto\/tedesco-per-il-lavoro-e-la-carriera-corso-avanzato-ii-nel-settore-commerciale\/#primaryimage\",\"url\":\"https:\/\/internationaleducationcenters.de\/wp-content\/uploads\/2025\/10\/pexels-olly-901424-scaled.jpg\",\"contentUrl\":\"https:\/\/internationaleducationcenters.de\/wp-content\/uploads\/2025\/10\/pexels-olly-901424-scaled.jpg\",\"width\":2560,\"height\":1707,\"caption\":\"F\u00f6rderung bei IEC in Wuppertal\"},{\"@type\":\"BreadcrumbList\",\"@id\":\"https:\/\/internationaleducationcenters.de\/it\/prodotto\/tedesco-per-il-lavoro-e-la-carriera-corso-avanzato-ii-nel-settore-commerciale\/#breadcrumb\",\"itemListElement\":[{\"@type\":\"ListItem\",\"position\":1,\"name\":\"Home\",\"item\":\"https:\/\/internationaleducationcenters.de\/it\/\"},{\"@type\":\"ListItem\",\"position\":2,\"name\":\"Negozio\",\"item\":\"https:\/\/internationaleducationcenters.de\/it\/shop\/\"},{\"@type\":\"ListItem\",\"position\":3,\"name\":\"Tedesco professionale &#8211; Corso avanzato commerciale ll\"}]},{\"@type\":\"WebSite\",\"@id\":\"https:\/\/internationaleducationcenters.de\/it\/#website\",\"url\":\"https:\/\/internationaleducationcenters.de\/it\/\",\"name\":\"International Education Centers\",\"description\":\"\",\"publisher\":{\"@id\":\"https:\/\/internationaleducationcenters.de\/it\/#organization\"},\"potentialAction\":[{\"@type\":\"SearchAction\",\"target\":{\"@type\":\"EntryPoint\",\"urlTemplate\":\"https:\/\/internationaleducationcenters.de\/it\/?s={search_term_string}\"},\"query-input\":{\"@type\":\"PropertyValueSpecification\",\"valueRequired\":true,\"valueName\":\"search_term_string\"}}],\"inLanguage\":\"it-IT\"},{\"@type\":\"Organization\",\"@id\":\"https:\/\/internationaleducationcenters.de\/it\/#organization\",\"name\":\"International Education Centers\",\"alternateName\":\"IEC\",\"url\":\"https:\/\/internationaleducationcenters.de\/it\/\",\"logo\":{\"@type\":\"ImageObject\",\"inLanguage\":\"it-IT\",\"@id\":\"https:\/\/internationaleducationcenters.de\/it\/#\/schema\/logo\/image\/\",\"url\":\"https:\/\/internationaleducationcenters.de\/wp-content\/uploads\/2025\/08\/IEC_favicon-1.png\",\"contentUrl\":\"https:\/\/internationaleducationcenters.de\/wp-content\/uploads\/2025\/08\/IEC_favicon-1.png\",\"width\":512,\"height\":512,\"caption\":\"International Education Centers\"},\"image\":{\"@id\":\"https:\/\/internationaleducationcenters.de\/it\/#\/schema\/logo\/image\/\"},\"sameAs\":[\"https:\/\/www.facebook.com\/InternationalEducationCenters\/\"]}]}<\/script>\n<meta property=\"product:price:currency\" content=\"EUR\" \/>\n<meta property=\"og:availability\" content=\"instock\" \/>\n<meta property=\"product:availability\" content=\"instock\" \/>\n<meta property=\"product:condition\" content=\"new\" \/>\n<!-- \/ Yoast SEO Premium plugin. -->","yoast_head_json":{"title":"Tedesco professionale - Corso avanzato commerciale ll - International Education Centers","description":"Impara il tedesco professionale per avere opportunit\u00e0 di carriera. Corso avanzato nel settore commerciale con esercitazioni realistiche con l'IEC di Wuppertal e rilevanza pratica.","robots":{"index":"index","follow":"follow","max-snippet":"max-snippet:-1","max-image-preview":"max-image-preview:large","max-video-preview":"max-video-preview:-1"},"canonical":"https:\/\/internationaleducationcenters.de\/it\/prodotto\/tedesco-per-il-lavoro-e-la-carriera-corso-avanzato-ii-nel-settore-commerciale\/","og_locale":"it_IT","og_type":"article","og_title":"Tedesco professionale - Corso avanzato commerciale ll","og_description":"Impara il tedesco professionale per avere opportunit\u00e0 di carriera. Corso avanzato nel settore commerciale con esercitazioni realistiche con l'IEC di Wuppertal e rilevanza pratica.","og_url":"https:\/\/internationaleducationcenters.de\/it\/prodotto\/tedesco-per-il-lavoro-e-la-carriera-corso-avanzato-ii-nel-settore-commerciale\/","og_site_name":"International Education Centers","article_publisher":"https:\/\/www.facebook.com\/InternationalEducationCenters\/","article_modified_time":"2025-11-18T13:45:47+00:00","og_image":[{"width":411,"height":293,"url":"https:\/\/internationaleducationcenters.de\/wp-content\/uploads\/2025\/09\/Aufbaukurs-II-im-kaufmaennischen-Bereich.jpg","type":"image\/jpeg"}],"twitter_card":"summary_large_image","twitter_misc":{"Prezzo":"","Disponibilit\u00e0":"In stock"},"schema":{"@context":"https:\/\/schema.org","@graph":[{"@type":"WebPage","@id":"https:\/\/internationaleducationcenters.de\/it\/prodotto\/tedesco-per-il-lavoro-e-la-carriera-corso-avanzato-ii-nel-settore-commerciale\/","url":"https:\/\/internationaleducationcenters.de\/it\/prodotto\/tedesco-per-il-lavoro-e-la-carriera-corso-avanzato-ii-nel-settore-commerciale\/","name":"Tedesco professionale - Corso avanzato commerciale ll - International Education Centers","isPartOf":{"@id":"https:\/\/internationaleducationcenters.de\/it\/#website"},"primaryImageOfPage":{"@id":"https:\/\/internationaleducationcenters.de\/it\/prodotto\/tedesco-per-il-lavoro-e-la-carriera-corso-avanzato-ii-nel-settore-commerciale\/#primaryimage"},"image":{"@id":"https:\/\/internationaleducationcenters.de\/it\/prodotto\/tedesco-per-il-lavoro-e-la-carriera-corso-avanzato-ii-nel-settore-commerciale\/#primaryimage"},"thumbnailUrl":"https:\/\/internationaleducationcenters.de\/wp-content\/uploads\/2025\/10\/pexels-olly-901424-scaled.jpg","datePublished":"2025-09-26T08:04:00+00:00","dateModified":"2025-11-18T13:45:47+00:00","description":"Impara il tedesco professionale per avere opportunit\u00e0 di carriera. Corso avanzato nel settore commerciale con esercitazioni realistiche con l'IEC di Wuppertal e rilevanza pratica.","breadcrumb":{"@id":"https:\/\/internationaleducationcenters.de\/it\/prodotto\/tedesco-per-il-lavoro-e-la-carriera-corso-avanzato-ii-nel-settore-commerciale\/#breadcrumb"},"inLanguage":"it-IT","potentialAction":[{"@type":"ReadAction","target":["https:\/\/internationaleducationcenters.de\/it\/prodotto\/tedesco-per-il-lavoro-e-la-carriera-corso-avanzato-ii-nel-settore-commerciale\/"]}]},{"@type":"ImageObject","inLanguage":"it-IT","@id":"https:\/\/internationaleducationcenters.de\/it\/prodotto\/tedesco-per-il-lavoro-e-la-carriera-corso-avanzato-ii-nel-settore-commerciale\/#primaryimage","url":"https:\/\/internationaleducationcenters.de\/wp-content\/uploads\/2025\/10\/pexels-olly-901424-scaled.jpg","contentUrl":"https:\/\/internationaleducationcenters.de\/wp-content\/uploads\/2025\/10\/pexels-olly-901424-scaled.jpg","width":2560,"height":1707,"caption":"F\u00f6rderung bei IEC in Wuppertal"},{"@type":"BreadcrumbList","@id":"https:\/\/internationaleducationcenters.de\/it\/prodotto\/tedesco-per-il-lavoro-e-la-carriera-corso-avanzato-ii-nel-settore-commerciale\/#breadcrumb","itemListElement":[{"@type":"ListItem","position":1,"name":"Home","item":"https:\/\/internationaleducationcenters.de\/it\/"},{"@type":"ListItem","position":2,"name":"Negozio","item":"https:\/\/internationaleducationcenters.de\/it\/shop\/"},{"@type":"ListItem","position":3,"name":"Tedesco professionale &#8211; Corso avanzato commerciale ll"}]},{"@type":"WebSite","@id":"https:\/\/internationaleducationcenters.de\/it\/#website","url":"https:\/\/internationaleducationcenters.de\/it\/","name":"International Education Centers","description":"","publisher":{"@id":"https:\/\/internationaleducationcenters.de\/it\/#organization"},"potentialAction":[{"@type":"SearchAction","target":{"@type":"EntryPoint","urlTemplate":"https:\/\/internationaleducationcenters.de\/it\/?s={search_term_string}"},"query-input":{"@type":"PropertyValueSpecification","valueRequired":true,"valueName":"search_term_string"}}],"inLanguage":"it-IT"},{"@type":"Organization","@id":"https:\/\/internationaleducationcenters.de\/it\/#organization","name":"International Education Centers","alternateName":"IEC","url":"https:\/\/internationaleducationcenters.de\/it\/","logo":{"@type":"ImageObject","inLanguage":"it-IT","@id":"https:\/\/internationaleducationcenters.de\/it\/#\/schema\/logo\/image\/","url":"https:\/\/internationaleducationcenters.de\/wp-content\/uploads\/2025\/08\/IEC_favicon-1.png","contentUrl":"https:\/\/internationaleducationcenters.de\/wp-content\/uploads\/2025\/08\/IEC_favicon-1.png","width":512,"height":512,"caption":"International Education Centers"},"image":{"@id":"https:\/\/internationaleducationcenters.de\/it\/#\/schema\/logo\/image\/"},"sameAs":["https:\/\/www.facebook.com\/InternationalEducationCenters\/"]}]},"product_price_currency":"EUR","og_availability":"instock","product_availability":"instock","product_condition":"new"},"_links":{"self":[{"href":"https:\/\/internationaleducationcenters.de\/it\/wp-json\/wp\/v2\/product\/17764","targetHints":{"allow":["GET"]}}],"collection":[{"href":"https:\/\/internationaleducationcenters.de\/it\/wp-json\/wp\/v2\/product"}],"about":[{"href":"https:\/\/internationaleducationcenters.de\/it\/wp-json\/wp\/v2\/types\/product"}],"replies":[{"embeddable":true,"href":"https:\/\/internationaleducationcenters.de\/it\/wp-json\/wp\/v2\/comments?post=17764"}],"version-history":[{"count":3,"href":"https:\/\/internationaleducationcenters.de\/it\/wp-json\/wp\/v2\/product\/17764\/revisions"}],"predecessor-version":[{"id":20751,"href":"https:\/\/internationaleducationcenters.de\/it\/wp-json\/wp\/v2\/product\/17764\/revisions\/20751"}],"wp:featuredmedia":[{"embeddable":true,"href":"https:\/\/internationaleducationcenters.de\/it\/wp-json\/wp\/v2\/media\/15308"}],"wp:attachment":[{"href":"https:\/\/internationaleducationcenters.de\/it\/wp-json\/wp\/v2\/media?parent=17764"}],"wp:term":[{"taxonomy":"product_brand","embeddable":true,"href":"https:\/\/internationaleducationcenters.de\/it\/wp-json\/wp\/v2\/product_brand?post=17764"},{"taxonomy":"product_cat","embeddable":true,"href":"https:\/\/internationaleducationcenters.de\/it\/wp-json\/wp\/v2\/product_cat?post=17764"},{"taxonomy":"product_tag","embeddable":true,"href":"https:\/\/internationaleducationcenters.de\/it\/wp-json\/wp\/v2\/product_tag?post=17764"}],"curies":[{"name":"wp","href":"https:\/\/api.w.org\/{rel}","templated":true}]}}